





















{"id":4276,"date":"2023-09-11T12:06:03","date_gmt":"2023-09-11T10:06:03","guid":{"rendered":"http:\/\/test-wp.eticoshop.it\/?post_type=product&#038;p=4276"},"modified":"2024-06-21T17:34:57","modified_gmt":"2024-06-21T15:34:57","slug":"shampoo-solido-ai-semi-di-lino","status":"publish","type":"product","link":"https:\/\/eticoshop.it\/en\/negozio\/cosmesi\/shampoo\/shampoo-solido-ai-semi-di-lino\/","title":{"rendered":"Shampoo Solido &#8211; Semi di Lino"},"content":{"rendered":"<p>Il Bio Doccia Shampoo Semi di Lino deterge delicatamente pelle e capelli, nutre e protegge con olio di lino e oliva, lavanda, ginepro e limone.<\/p>","protected":false},"excerpt":{"rendered":"<p>Il Bio Doccia Shampoo Semi di Lino \u00e8 ideale per chi desidera un prodotto versatile che deterge delicatamente pelle e capelli. \u00c8 perfetto per ogni tipo di pelle e capelli corti o chiome non troppo ribelli. Formulato con ingredienti locali e a filiera etica, come l&#8217;olio extravergine d&#8217;oliva e l&#8217;olio di semi di lino, nutre e protegge i capelli stressati, migliorandone la lucentezza e la vitalit\u00e0. Gli oli essenziali di lavanda, ginepro e limone, noti per le loro propriet\u00e0 calmanti, antisettiche e astringenti, agiscono su radici e cuoio capelluto per un&#8217;azione rinfrescante e tonificante.<\/p>\n<p>Utilizzare il prodotto sotto la doccia come uno shampoo solido, strofinandolo sui capelli bagnati fino a ottenere una schiuma leggera. Massaggiare delicatamente e risciacquare con cura. Per una maggiore efficacia e leggerezza, si consiglia di concludere il lavaggio con un risciacquo acido, diluendo un cucchiaio di succo di limone in un bicchiere d&#8217;acqua o spruzzando un idrolato a scelta direttamente sui capelli.<\/p>\n<p>Il packaging del doccia shampoo \u00e8 sostenibile e rispettoso dell&#8217;ambiente. La scatolina \u00e8 realizzata in cartoncino riciclato, mentre l&#8217;involucro interno \u00e8 compostabile e pu\u00f2 essere conferito nell&#8217;umido. Questo imballaggio zero waste contribuisce a ridurre il consumo di plastica e a proteggere il nostro pianeta.<\/p>","protected":false},"featured_media":8380,"template":"","meta":{"_acf_changed":false,"inline_featured_image":false},"product_brand":[],"product_cat":[29,119],"product_tag":[106,151,216,108,35,163],"class_list":{"0":"post-4276","1":"product","2":"type-product","3":"status-publish","4":"has-post-thumbnail","6":"product_cat-cosmesi","7":"product_cat-shampoo","8":"product_tag-biologico","9":"product_tag-idratazione","10":"product_tag-nutriente","11":"product_tag-semi-di-lino","12":"product_tag-shampoo","13":"product_tag-trattamento-naturale","15":"first","16":"instock","17":"taxable","18":"shipping-taxable","19":"purchasable","20":"product-type-simple"},"acf":[],"yoast_head":"<!-- This site is optimized with the Yoast SEO plugin v27.4 - https:\/\/yoast.com\/product\/yoast-seo-wordpress\/ -->\n<title>Shampoo Solido - Semi di Lino - \u00c8tico<\/title>\n<meta name=\"robots\" content=\"index, follow, max-snippet:-1, max-image-preview:large, max-video-preview:-1\" \/>\n<link rel=\"canonical\" href=\"https:\/\/eticoshop.it\/en\/negozio\/cosmesi\/shampoo\/shampoo-solido-ai-semi-di-lino\/\" \/>\n<meta property=\"og:locale\" content=\"en_GB\" \/>\n<meta property=\"og:type\" content=\"article\" \/>\n<meta property=\"og:title\" content=\"Shampoo Solido - Semi di Lino - \u00c8tico\" \/>\n<meta property=\"og:description\" content=\"Il Bio Doccia Shampoo Semi di Lino \u00e8 ideale per chi desidera un prodotto versatile che deterge delicatamente pelle e capelli. \u00c8 perfetto per ogni tipo di pelle e capelli corti o chiome non troppo ribelli. Formulato con ingredienti locali e a filiera etica, come l&#039;olio extravergine d&#039;oliva e l&#039;olio di semi di lino, nutre e protegge i capelli stressati, migliorandone la lucentezza e la vitalit\u00e0. Gli oli essenziali di lavanda, ginepro e limone, noti per le loro propriet\u00e0 calmanti, antisettiche e astringenti, agiscono su radici e cuoio capelluto per un&#039;azione rinfrescante e tonificante.  Utilizzare il prodotto sotto la doccia come uno shampoo solido, strofinandolo sui capelli bagnati fino a ottenere una schiuma leggera. Massaggiare delicatamente e risciacquare con cura. Per una maggiore efficacia e leggerezza, si consiglia di concludere il lavaggio con un risciacquo acido, diluendo un cucchiaio di succo di limone in un bicchiere d&#039;acqua o spruzzando un idrolato a scelta direttamente sui capelli.  Il packaging del doccia shampoo \u00e8 sostenibile e rispettoso dell&#039;ambiente. La scatolina \u00e8 realizzata in cartoncino riciclato, mentre l&#039;involucro interno \u00e8 compostabile e pu\u00f2 essere conferito nell&#039;umido. Questo imballaggio zero waste contribuisce a ridurre il consumo di plastica e a proteggere il nostro pianeta.\" \/>\n<meta property=\"og:url\" content=\"https:\/\/eticoshop.it\/en\/negozio\/cosmesi\/shampoo\/shampoo-solido-ai-semi-di-lino\/\" \/>\n<meta property=\"og:site_name\" content=\"\u00c8tico\" \/>\n<meta property=\"article:modified_time\" content=\"2024-06-21T15:34:57+00:00\" \/>\n<meta property=\"og:image\" content=\"https:\/\/eticoshop.it\/wp-content\/uploads\/2023\/09\/semi-di-lino-copia-1024x1024.png\" \/>\n\t<meta property=\"og:image:width\" content=\"1024\" \/>\n\t<meta property=\"og:image:height\" content=\"1024\" \/>\n\t<meta property=\"og:image:type\" content=\"image\/png\" \/>\n<meta name=\"twitter:card\" content=\"summary_large_image\" \/>\n<meta name=\"twitter:label1\" content=\"Estimated reading time\" \/>\n\t<meta name=\"twitter:data1\" content=\"1 minute\" \/>\n<script type=\"application\/ld+json\" class=\"yoast-schema-graph\">{\"@context\":\"https:\\\/\\\/schema.org\",\"@graph\":[{\"@type\":\"WebPage\",\"@id\":\"https:\\\/\\\/eticoshop.it\\\/negozio\\\/cosmesi\\\/shampoo\\\/shampoo-solido-ai-semi-di-lino\\\/\",\"url\":\"https:\\\/\\\/eticoshop.it\\\/negozio\\\/cosmesi\\\/shampoo\\\/shampoo-solido-ai-semi-di-lino\\\/\",\"name\":\"Shampoo Solido - Semi di Lino - \u00c8tico\",\"isPartOf\":{\"@id\":\"https:\\\/\\\/eticoshop.it\\\/#website\"},\"primaryImageOfPage\":{\"@id\":\"https:\\\/\\\/eticoshop.it\\\/negozio\\\/cosmesi\\\/shampoo\\\/shampoo-solido-ai-semi-di-lino\\\/#primaryimage\"},\"image\":{\"@id\":\"https:\\\/\\\/eticoshop.it\\\/negozio\\\/cosmesi\\\/shampoo\\\/shampoo-solido-ai-semi-di-lino\\\/#primaryimage\"},\"thumbnailUrl\":\"https:\\\/\\\/eticoshop.it\\\/wp-content\\\/uploads\\\/2023\\\/09\\\/semi-di-lino-copia.png\",\"datePublished\":\"2023-09-11T10:06:03+00:00\",\"dateModified\":\"2024-06-21T15:34:57+00:00\",\"breadcrumb\":{\"@id\":\"https:\\\/\\\/eticoshop.it\\\/negozio\\\/cosmesi\\\/shampoo\\\/shampoo-solido-ai-semi-di-lino\\\/#breadcrumb\"},\"inLanguage\":\"en-GB\",\"potentialAction\":[{\"@type\":\"ReadAction\",\"target\":[\"https:\\\/\\\/eticoshop.it\\\/negozio\\\/cosmesi\\\/shampoo\\\/shampoo-solido-ai-semi-di-lino\\\/\"]}]},{\"@type\":\"ImageObject\",\"inLanguage\":\"en-GB\",\"@id\":\"https:\\\/\\\/eticoshop.it\\\/negozio\\\/cosmesi\\\/shampoo\\\/shampoo-solido-ai-semi-di-lino\\\/#primaryimage\",\"url\":\"https:\\\/\\\/eticoshop.it\\\/wp-content\\\/uploads\\\/2023\\\/09\\\/semi-di-lino-copia.png\",\"contentUrl\":\"https:\\\/\\\/eticoshop.it\\\/wp-content\\\/uploads\\\/2023\\\/09\\\/semi-di-lino-copia.png\",\"width\":2000,\"height\":2000,\"caption\":\"shampoo semi di lino\"},{\"@type\":\"BreadcrumbList\",\"@id\":\"https:\\\/\\\/eticoshop.it\\\/negozio\\\/cosmesi\\\/shampoo\\\/shampoo-solido-ai-semi-di-lino\\\/#breadcrumb\",\"itemListElement\":[{\"@type\":\"ListItem\",\"position\":1,\"name\":\"Home\",\"item\":\"https:\\\/\\\/eticoshop.it\\\/\"},{\"@type\":\"ListItem\",\"position\":2,\"name\":\"Shop\",\"item\":\"https:\\\/\\\/eticoshop.it\\\/negozio\\\/\"},{\"@type\":\"ListItem\",\"position\":3,\"name\":\"Cosmesi\",\"item\":\"https:\\\/\\\/eticoshop.it\\\/categoria-prodotto\\\/cosmesi\\\/\"},{\"@type\":\"ListItem\",\"position\":4,\"name\":\"Shampoo Solido &#8211; Semi di Lino\"}]},{\"@type\":\"WebSite\",\"@id\":\"https:\\\/\\\/eticoshop.it\\\/#website\",\"url\":\"https:\\\/\\\/eticoshop.it\\\/\",\"name\":\"\u00c8tico\",\"description\":\"\",\"publisher\":{\"@id\":\"https:\\\/\\\/eticoshop.it\\\/#organization\"},\"potentialAction\":[{\"@type\":\"SearchAction\",\"target\":{\"@type\":\"EntryPoint\",\"urlTemplate\":\"https:\\\/\\\/eticoshop.it\\\/?s={search_term_string}\"},\"query-input\":{\"@type\":\"PropertyValueSpecification\",\"valueRequired\":true,\"valueName\":\"search_term_string\"}}],\"inLanguage\":\"en-GB\"},{\"@type\":\"Organization\",\"@id\":\"https:\\\/\\\/eticoshop.it\\\/#organization\",\"name\":\"\u00c8tico\",\"url\":\"https:\\\/\\\/eticoshop.it\\\/\",\"logo\":{\"@type\":\"ImageObject\",\"inLanguage\":\"en-GB\",\"@id\":\"https:\\\/\\\/eticoshop.it\\\/#\\\/schema\\\/logo\\\/image\\\/\",\"url\":\"https:\\\/\\\/eticoshop.it\\\/wp-content\\\/uploads\\\/2023\\\/09\\\/logo-etico.svg\",\"contentUrl\":\"https:\\\/\\\/eticoshop.it\\\/wp-content\\\/uploads\\\/2023\\\/09\\\/logo-etico.svg\",\"width\":973,\"height\":360,\"caption\":\"\u00c8tico\"},\"image\":{\"@id\":\"https:\\\/\\\/eticoshop.it\\\/#\\\/schema\\\/logo\\\/image\\\/\"}}]}<\/script>\n<!-- \/ Yoast SEO plugin. -->","yoast_head_json":{"title":"Shampoo Solido - Semi di Lino - \u00c8tico","robots":{"index":"index","follow":"follow","max-snippet":"max-snippet:-1","max-image-preview":"max-image-preview:large","max-video-preview":"max-video-preview:-1"},"canonical":"https:\/\/eticoshop.it\/en\/negozio\/cosmesi\/shampoo\/shampoo-solido-ai-semi-di-lino\/","og_locale":"en_GB","og_type":"article","og_title":"Shampoo Solido - Semi di Lino - \u00c8tico","og_description":"Il Bio Doccia Shampoo Semi di Lino \u00e8 ideale per chi desidera un prodotto versatile che deterge delicatamente pelle e capelli. \u00c8 perfetto per ogni tipo di pelle e capelli corti o chiome non troppo ribelli. Formulato con ingredienti locali e a filiera etica, come l'olio extravergine d'oliva e l'olio di semi di lino, nutre e protegge i capelli stressati, migliorandone la lucentezza e la vitalit\u00e0. Gli oli essenziali di lavanda, ginepro e limone, noti per le loro propriet\u00e0 calmanti, antisettiche e astringenti, agiscono su radici e cuoio capelluto per un'azione rinfrescante e tonificante.  Utilizzare il prodotto sotto la doccia come uno shampoo solido, strofinandolo sui capelli bagnati fino a ottenere una schiuma leggera. Massaggiare delicatamente e risciacquare con cura. Per una maggiore efficacia e leggerezza, si consiglia di concludere il lavaggio con un risciacquo acido, diluendo un cucchiaio di succo di limone in un bicchiere d'acqua o spruzzando un idrolato a scelta direttamente sui capelli.  Il packaging del doccia shampoo \u00e8 sostenibile e rispettoso dell'ambiente. La scatolina \u00e8 realizzata in cartoncino riciclato, mentre l'involucro interno \u00e8 compostabile e pu\u00f2 essere conferito nell'umido. Questo imballaggio zero waste contribuisce a ridurre il consumo di plastica e a proteggere il nostro pianeta.","og_url":"https:\/\/eticoshop.it\/en\/negozio\/cosmesi\/shampoo\/shampoo-solido-ai-semi-di-lino\/","og_site_name":"\u00c8tico","article_modified_time":"2024-06-21T15:34:57+00:00","og_image":[{"width":1024,"height":1024,"url":"https:\/\/eticoshop.it\/wp-content\/uploads\/2023\/09\/semi-di-lino-copia-1024x1024.png","type":"image\/png"}],"twitter_card":"summary_large_image","twitter_misc":{"Estimated reading time":"1 minute"},"schema":{"@context":"https:\/\/schema.org","@graph":[{"@type":"WebPage","@id":"https:\/\/eticoshop.it\/negozio\/cosmesi\/shampoo\/shampoo-solido-ai-semi-di-lino\/","url":"https:\/\/eticoshop.it\/negozio\/cosmesi\/shampoo\/shampoo-solido-ai-semi-di-lino\/","name":"Shampoo Solido - Semi di Lino - \u00c8tico","isPartOf":{"@id":"https:\/\/eticoshop.it\/#website"},"primaryImageOfPage":{"@id":"https:\/\/eticoshop.it\/negozio\/cosmesi\/shampoo\/shampoo-solido-ai-semi-di-lino\/#primaryimage"},"image":{"@id":"https:\/\/eticoshop.it\/negozio\/cosmesi\/shampoo\/shampoo-solido-ai-semi-di-lino\/#primaryimage"},"thumbnailUrl":"https:\/\/eticoshop.it\/wp-content\/uploads\/2023\/09\/semi-di-lino-copia.png","datePublished":"2023-09-11T10:06:03+00:00","dateModified":"2024-06-21T15:34:57+00:00","breadcrumb":{"@id":"https:\/\/eticoshop.it\/negozio\/cosmesi\/shampoo\/shampoo-solido-ai-semi-di-lino\/#breadcrumb"},"inLanguage":"en-GB","potentialAction":[{"@type":"ReadAction","target":["https:\/\/eticoshop.it\/negozio\/cosmesi\/shampoo\/shampoo-solido-ai-semi-di-lino\/"]}]},{"@type":"ImageObject","inLanguage":"en-GB","@id":"https:\/\/eticoshop.it\/negozio\/cosmesi\/shampoo\/shampoo-solido-ai-semi-di-lino\/#primaryimage","url":"https:\/\/eticoshop.it\/wp-content\/uploads\/2023\/09\/semi-di-lino-copia.png","contentUrl":"https:\/\/eticoshop.it\/wp-content\/uploads\/2023\/09\/semi-di-lino-copia.png","width":2000,"height":2000,"caption":"shampoo semi di lino"},{"@type":"BreadcrumbList","@id":"https:\/\/eticoshop.it\/negozio\/cosmesi\/shampoo\/shampoo-solido-ai-semi-di-lino\/#breadcrumb","itemListElement":[{"@type":"ListItem","position":1,"name":"Home","item":"https:\/\/eticoshop.it\/"},{"@type":"ListItem","position":2,"name":"Shop","item":"https:\/\/eticoshop.it\/negozio\/"},{"@type":"ListItem","position":3,"name":"Cosmesi","item":"https:\/\/eticoshop.it\/categoria-prodotto\/cosmesi\/"},{"@type":"ListItem","position":4,"name":"Shampoo Solido &#8211; Semi di Lino"}]},{"@type":"WebSite","@id":"https:\/\/eticoshop.it\/#website","url":"https:\/\/eticoshop.it\/","name":"\u00c8tico","description":"","publisher":{"@id":"https:\/\/eticoshop.it\/#organization"},"potentialAction":[{"@type":"SearchAction","target":{"@type":"EntryPoint","urlTemplate":"https:\/\/eticoshop.it\/?s={search_term_string}"},"query-input":{"@type":"PropertyValueSpecification","valueRequired":true,"valueName":"search_term_string"}}],"inLanguage":"en-GB"},{"@type":"Organization","@id":"https:\/\/eticoshop.it\/#organization","name":"\u00c8tico","url":"https:\/\/eticoshop.it\/","logo":{"@type":"ImageObject","inLanguage":"en-GB","@id":"https:\/\/eticoshop.it\/#\/schema\/logo\/image\/","url":"https:\/\/eticoshop.it\/wp-content\/uploads\/2023\/09\/logo-etico.svg","contentUrl":"https:\/\/eticoshop.it\/wp-content\/uploads\/2023\/09\/logo-etico.svg","width":973,"height":360,"caption":"\u00c8tico"},"image":{"@id":"https:\/\/eticoshop.it\/#\/schema\/logo\/image\/"}}]}},"_links":{"self":[{"href":"https:\/\/eticoshop.it\/en\/wp-json\/wp\/v2\/product\/4276","targetHints":{"allow":["GET"]}}],"collection":[{"href":"https:\/\/eticoshop.it\/en\/wp-json\/wp\/v2\/product"}],"about":[{"href":"https:\/\/eticoshop.it\/en\/wp-json\/wp\/v2\/types\/product"}],"wp:featuredmedia":[{"embeddable":true,"href":"https:\/\/eticoshop.it\/en\/wp-json\/wp\/v2\/media\/8380"}],"wp:attachment":[{"href":"https:\/\/eticoshop.it\/en\/wp-json\/wp\/v2\/media?parent=4276"}],"wp:term":[{"taxonomy":"product_brand","embeddable":true,"href":"https:\/\/eticoshop.it\/en\/wp-json\/wp\/v2\/product_brand?post=4276"},{"taxonomy":"product_cat","embeddable":true,"href":"https:\/\/eticoshop.it\/en\/wp-json\/wp\/v2\/product_cat?post=4276"},{"taxonomy":"product_tag","embeddable":true,"href":"https:\/\/eticoshop.it\/en\/wp-json\/wp\/v2\/product_tag?post=4276"}],"curies":[{"name":"wp","href":"https:\/\/api.w.org\/{rel}","templated":true}]}}