





















{"id":4692,"date":"2023-09-20T12:08:56","date_gmt":"2023-09-20T10:08:56","guid":{"rendered":"http:\/\/test-wp.eticoshop.it\/?post_type=product&#038;p=4692"},"modified":"2024-06-14T11:15:54","modified_gmt":"2024-06-14T09:15:54","slug":"giardiniera-croccante-la-selva","status":"publish","type":"product","link":"https:\/\/eticoshop.it\/en\/negozio\/dispensa\/verdure\/giardiniera-croccante-la-selva\/","title":{"rendered":"Crispy Giardiniera \u2013 La Selva"},"content":{"rendered":"<div class=\"flex flex-grow flex-col max-w-full\">\n<div class=\"min-h-[20px] text-message flex flex-col items-start whitespace-pre-wrap break-words [.text-message+&amp;]:mt-5 juice:w-full juice:items-end overflow-x-auto gap-2\" dir=\"auto\" data-message-author-role=\"assistant\" data-message-id=\"87d1ca5b-d743-4d4c-910e-4d5b9cdaca6d\">\n<div class=\"flex w-full flex-col gap-1 juice:empty:hidden juice:first:pt-[3px]\">\n<div class=\"markdown prose w-full break-words dark:prose-invert dark\">\n<p>La Giardiniera Croccante di La Selva \u00e8 un mix di verdure croccanti in agrodolce, ideale come aperitivo, snack, contorno per carne o antipasto toscano.<\/p>\n<p>&nbsp;<\/p>\n<p>&nbsp;<\/p>\n<\/div>\n<\/div>\n<\/div>\n<\/div>\n","protected":false},"excerpt":{"rendered":"<p>Carrots, celery, fennel, peppers, onions and cauliflower processed in the shortest time possible. An explosion of colors and taste, with our crunchy vegetables, peeled and cut by hand after harvesting, flavored with wine vinegar and preserved sweet and sour with a touch of extra virgin olive oil according to a traditional Tuscan recipe, used for years in our company. Sweet and sour giardiniera is one of the most traditional Tuscan appetizers and side dishes. Often prepared with julienned vegetables, our version is instead offered with vegetables cut into larger pieces to enhance their crunchiness.<\/p>\n<p>Use: A delicious aperitif, snack, or side dish, especially with grilled or boiled meat. A classic appetizer of the Tuscan tradition.<\/p>","protected":false},"featured_media":4693,"template":"","meta":{"_acf_changed":false,"inline_featured_image":false},"product_brand":[],"product_cat":[28,126],"product_tag":[106,294,43,295,262],"class_list":{"0":"post-4692","1":"product","2":"type-product","3":"status-publish","4":"has-post-thumbnail","6":"product_cat-dispensa","7":"product_cat-verdure","8":"product_tag-biologico","9":"product_tag-croccante","10":"product_tag-giardiniera","11":"product_tag-ricco-di-verdure","12":"product_tag-versatile","14":"first","15":"instock","16":"taxable","17":"shipping-taxable","18":"purchasable","19":"product-type-simple"},"acf":[],"yoast_head":"<!-- This site is optimized with the Yoast SEO plugin v27.5 - https:\/\/yoast.com\/product\/yoast-seo-wordpress\/ -->\n<title>Giardiniera Croccante - La Selva - \u00c8tico<\/title>\n<meta name=\"robots\" content=\"index, follow, max-snippet:-1, max-image-preview:large, max-video-preview:-1\" \/>\n<link rel=\"canonical\" href=\"https:\/\/eticoshop.it\/en\/negozio\/dispensa\/verdure\/giardiniera-croccante-la-selva\/\" \/>\n<meta property=\"og:locale\" content=\"en_GB\" \/>\n<meta property=\"og:type\" content=\"article\" \/>\n<meta property=\"og:title\" content=\"Giardiniera Croccante - La Selva - \u00c8tico\" \/>\n<meta property=\"og:description\" content=\"Carote, sedano, finocchi, peperoni, cipolle e cavolfiore lavorati nel pi\u00f9 breve tempo possibile. Un&#039;esplosione di colori e gusto, con le nostre verdure croccanti, sbucciate e tagliate a mano dopo la raccolta, insaporite con aceto di vino e conservate in agrodolce con un tocco di olio extravergine di oliva secondo una tradizionale ricetta toscana, da anni utilizzata nella nostra azienda. La giardiniera agrodolce \u00e8 uno dei pi\u00f9 tradizionali antipasti e contorni toscani. Spesso preparata con le verdure tagliate a julienne, la nostra versione \u00e8 invece proposta con le verdure tagliate in pezzi pi\u00f9 consistenti per esaltarne la croccantezza.  Utilizzo: Uno sfizioso aperitivo, snack, o contorno, in particolare con la carne alla brace o con il bollito. Un antipasto classico della tradizione toscana.\" \/>\n<meta property=\"og:url\" content=\"https:\/\/eticoshop.it\/en\/negozio\/dispensa\/verdure\/giardiniera-croccante-la-selva\/\" \/>\n<meta property=\"og:site_name\" content=\"\u00c8tico\" \/>\n<meta property=\"article:modified_time\" content=\"2024-06-14T09:15:54+00:00\" \/>\n<meta property=\"og:image\" content=\"https:\/\/eticoshop.it\/wp-content\/uploads\/2023\/09\/Giardiniera-Croccante-La-Selva-1.png\" \/>\n\t<meta property=\"og:image:width\" content=\"1000\" \/>\n\t<meta property=\"og:image:height\" content=\"1000\" \/>\n\t<meta property=\"og:image:type\" content=\"image\/png\" \/>\n<meta name=\"twitter:card\" content=\"summary_large_image\" \/>\n<meta name=\"twitter:label1\" content=\"Estimated reading time\" \/>\n\t<meta name=\"twitter:data1\" content=\"1 minute\" \/>\n<script type=\"application\/ld+json\" class=\"yoast-schema-graph\">{\"@context\":\"https:\\\/\\\/schema.org\",\"@graph\":[{\"@type\":\"WebPage\",\"@id\":\"https:\\\/\\\/eticoshop.it\\\/negozio\\\/dispensa\\\/verdure\\\/giardiniera-croccante-la-selva\\\/\",\"url\":\"https:\\\/\\\/eticoshop.it\\\/negozio\\\/dispensa\\\/verdure\\\/giardiniera-croccante-la-selva\\\/\",\"name\":\"Giardiniera Croccante - La Selva - \u00c8tico\",\"isPartOf\":{\"@id\":\"https:\\\/\\\/eticoshop.it\\\/#website\"},\"primaryImageOfPage\":{\"@id\":\"https:\\\/\\\/eticoshop.it\\\/negozio\\\/dispensa\\\/verdure\\\/giardiniera-croccante-la-selva\\\/#primaryimage\"},\"image\":{\"@id\":\"https:\\\/\\\/eticoshop.it\\\/negozio\\\/dispensa\\\/verdure\\\/giardiniera-croccante-la-selva\\\/#primaryimage\"},\"thumbnailUrl\":\"https:\\\/\\\/eticoshop.it\\\/wp-content\\\/uploads\\\/2023\\\/09\\\/Giardiniera-Croccante-La-Selva-1.png\",\"datePublished\":\"2023-09-20T10:08:56+00:00\",\"dateModified\":\"2024-06-14T09:15:54+00:00\",\"breadcrumb\":{\"@id\":\"https:\\\/\\\/eticoshop.it\\\/negozio\\\/dispensa\\\/verdure\\\/giardiniera-croccante-la-selva\\\/#breadcrumb\"},\"inLanguage\":\"en-GB\",\"potentialAction\":[{\"@type\":\"ReadAction\",\"target\":[\"https:\\\/\\\/eticoshop.it\\\/negozio\\\/dispensa\\\/verdure\\\/giardiniera-croccante-la-selva\\\/\"]}]},{\"@type\":\"ImageObject\",\"inLanguage\":\"en-GB\",\"@id\":\"https:\\\/\\\/eticoshop.it\\\/negozio\\\/dispensa\\\/verdure\\\/giardiniera-croccante-la-selva\\\/#primaryimage\",\"url\":\"https:\\\/\\\/eticoshop.it\\\/wp-content\\\/uploads\\\/2023\\\/09\\\/Giardiniera-Croccante-La-Selva-1.png\",\"contentUrl\":\"https:\\\/\\\/eticoshop.it\\\/wp-content\\\/uploads\\\/2023\\\/09\\\/Giardiniera-Croccante-La-Selva-1.png\",\"width\":1000,\"height\":1000},{\"@type\":\"BreadcrumbList\",\"@id\":\"https:\\\/\\\/eticoshop.it\\\/negozio\\\/dispensa\\\/verdure\\\/giardiniera-croccante-la-selva\\\/#breadcrumb\",\"itemListElement\":[{\"@type\":\"ListItem\",\"position\":1,\"name\":\"Home\",\"item\":\"https:\\\/\\\/eticoshop.it\\\/\"},{\"@type\":\"ListItem\",\"position\":2,\"name\":\"Shop\",\"item\":\"https:\\\/\\\/eticoshop.it\\\/negozio\\\/\"},{\"@type\":\"ListItem\",\"position\":3,\"name\":\"Dispensa\",\"item\":\"https:\\\/\\\/eticoshop.it\\\/categoria-prodotto\\\/dispensa\\\/\"},{\"@type\":\"ListItem\",\"position\":4,\"name\":\"Giardiniera Croccante &#8211; La Selva\"}]},{\"@type\":\"WebSite\",\"@id\":\"https:\\\/\\\/eticoshop.it\\\/#website\",\"url\":\"https:\\\/\\\/eticoshop.it\\\/\",\"name\":\"\u00c8tico\",\"description\":\"\",\"publisher\":{\"@id\":\"https:\\\/\\\/eticoshop.it\\\/#organization\"},\"potentialAction\":[{\"@type\":\"SearchAction\",\"target\":{\"@type\":\"EntryPoint\",\"urlTemplate\":\"https:\\\/\\\/eticoshop.it\\\/?s={search_term_string}\"},\"query-input\":{\"@type\":\"PropertyValueSpecification\",\"valueRequired\":true,\"valueName\":\"search_term_string\"}}],\"inLanguage\":\"en-GB\"},{\"@type\":\"Organization\",\"@id\":\"https:\\\/\\\/eticoshop.it\\\/#organization\",\"name\":\"\u00c8tico\",\"url\":\"https:\\\/\\\/eticoshop.it\\\/\",\"logo\":{\"@type\":\"ImageObject\",\"inLanguage\":\"en-GB\",\"@id\":\"https:\\\/\\\/eticoshop.it\\\/#\\\/schema\\\/logo\\\/image\\\/\",\"url\":\"https:\\\/\\\/eticoshop.it\\\/wp-content\\\/uploads\\\/2023\\\/09\\\/logo-etico.svg\",\"contentUrl\":\"https:\\\/\\\/eticoshop.it\\\/wp-content\\\/uploads\\\/2023\\\/09\\\/logo-etico.svg\",\"width\":973,\"height\":360,\"caption\":\"\u00c8tico\"},\"image\":{\"@id\":\"https:\\\/\\\/eticoshop.it\\\/#\\\/schema\\\/logo\\\/image\\\/\"}}]}<\/script>\n<!-- \/ Yoast SEO plugin. -->","yoast_head_json":{"title":"Giardiniera Croccante - La Selva - \u00c8tico","robots":{"index":"index","follow":"follow","max-snippet":"max-snippet:-1","max-image-preview":"max-image-preview:large","max-video-preview":"max-video-preview:-1"},"canonical":"https:\/\/eticoshop.it\/en\/negozio\/dispensa\/verdure\/giardiniera-croccante-la-selva\/","og_locale":"en_GB","og_type":"article","og_title":"Giardiniera Croccante - La Selva - \u00c8tico","og_description":"Carote, sedano, finocchi, peperoni, cipolle e cavolfiore lavorati nel pi\u00f9 breve tempo possibile. Un'esplosione di colori e gusto, con le nostre verdure croccanti, sbucciate e tagliate a mano dopo la raccolta, insaporite con aceto di vino e conservate in agrodolce con un tocco di olio extravergine di oliva secondo una tradizionale ricetta toscana, da anni utilizzata nella nostra azienda. La giardiniera agrodolce \u00e8 uno dei pi\u00f9 tradizionali antipasti e contorni toscani. Spesso preparata con le verdure tagliate a julienne, la nostra versione \u00e8 invece proposta con le verdure tagliate in pezzi pi\u00f9 consistenti per esaltarne la croccantezza.  Utilizzo: Uno sfizioso aperitivo, snack, o contorno, in particolare con la carne alla brace o con il bollito. Un antipasto classico della tradizione toscana.","og_url":"https:\/\/eticoshop.it\/en\/negozio\/dispensa\/verdure\/giardiniera-croccante-la-selva\/","og_site_name":"\u00c8tico","article_modified_time":"2024-06-14T09:15:54+00:00","og_image":[{"width":1000,"height":1000,"url":"https:\/\/eticoshop.it\/wp-content\/uploads\/2023\/09\/Giardiniera-Croccante-La-Selva-1.png","type":"image\/png"}],"twitter_card":"summary_large_image","twitter_misc":{"Estimated reading time":"1 minute"},"schema":{"@context":"https:\/\/schema.org","@graph":[{"@type":"WebPage","@id":"https:\/\/eticoshop.it\/negozio\/dispensa\/verdure\/giardiniera-croccante-la-selva\/","url":"https:\/\/eticoshop.it\/negozio\/dispensa\/verdure\/giardiniera-croccante-la-selva\/","name":"Giardiniera Croccante - La Selva - \u00c8tico","isPartOf":{"@id":"https:\/\/eticoshop.it\/#website"},"primaryImageOfPage":{"@id":"https:\/\/eticoshop.it\/negozio\/dispensa\/verdure\/giardiniera-croccante-la-selva\/#primaryimage"},"image":{"@id":"https:\/\/eticoshop.it\/negozio\/dispensa\/verdure\/giardiniera-croccante-la-selva\/#primaryimage"},"thumbnailUrl":"https:\/\/eticoshop.it\/wp-content\/uploads\/2023\/09\/Giardiniera-Croccante-La-Selva-1.png","datePublished":"2023-09-20T10:08:56+00:00","dateModified":"2024-06-14T09:15:54+00:00","breadcrumb":{"@id":"https:\/\/eticoshop.it\/negozio\/dispensa\/verdure\/giardiniera-croccante-la-selva\/#breadcrumb"},"inLanguage":"en-GB","potentialAction":[{"@type":"ReadAction","target":["https:\/\/eticoshop.it\/negozio\/dispensa\/verdure\/giardiniera-croccante-la-selva\/"]}]},{"@type":"ImageObject","inLanguage":"en-GB","@id":"https:\/\/eticoshop.it\/negozio\/dispensa\/verdure\/giardiniera-croccante-la-selva\/#primaryimage","url":"https:\/\/eticoshop.it\/wp-content\/uploads\/2023\/09\/Giardiniera-Croccante-La-Selva-1.png","contentUrl":"https:\/\/eticoshop.it\/wp-content\/uploads\/2023\/09\/Giardiniera-Croccante-La-Selva-1.png","width":1000,"height":1000},{"@type":"BreadcrumbList","@id":"https:\/\/eticoshop.it\/negozio\/dispensa\/verdure\/giardiniera-croccante-la-selva\/#breadcrumb","itemListElement":[{"@type":"ListItem","position":1,"name":"Home","item":"https:\/\/eticoshop.it\/"},{"@type":"ListItem","position":2,"name":"Shop","item":"https:\/\/eticoshop.it\/negozio\/"},{"@type":"ListItem","position":3,"name":"Dispensa","item":"https:\/\/eticoshop.it\/categoria-prodotto\/dispensa\/"},{"@type":"ListItem","position":4,"name":"Giardiniera Croccante &#8211; La Selva"}]},{"@type":"WebSite","@id":"https:\/\/eticoshop.it\/#website","url":"https:\/\/eticoshop.it\/","name":"\u00c8tico","description":"","publisher":{"@id":"https:\/\/eticoshop.it\/#organization"},"potentialAction":[{"@type":"SearchAction","target":{"@type":"EntryPoint","urlTemplate":"https:\/\/eticoshop.it\/?s={search_term_string}"},"query-input":{"@type":"PropertyValueSpecification","valueRequired":true,"valueName":"search_term_string"}}],"inLanguage":"en-GB"},{"@type":"Organization","@id":"https:\/\/eticoshop.it\/#organization","name":"\u00c8tico","url":"https:\/\/eticoshop.it\/","logo":{"@type":"ImageObject","inLanguage":"en-GB","@id":"https:\/\/eticoshop.it\/#\/schema\/logo\/image\/","url":"https:\/\/eticoshop.it\/wp-content\/uploads\/2023\/09\/logo-etico.svg","contentUrl":"https:\/\/eticoshop.it\/wp-content\/uploads\/2023\/09\/logo-etico.svg","width":973,"height":360,"caption":"\u00c8tico"},"image":{"@id":"https:\/\/eticoshop.it\/#\/schema\/logo\/image\/"}}]}},"_links":{"self":[{"href":"https:\/\/eticoshop.it\/en\/wp-json\/wp\/v2\/product\/4692","targetHints":{"allow":["GET"]}}],"collection":[{"href":"https:\/\/eticoshop.it\/en\/wp-json\/wp\/v2\/product"}],"about":[{"href":"https:\/\/eticoshop.it\/en\/wp-json\/wp\/v2\/types\/product"}],"wp:featuredmedia":[{"embeddable":true,"href":"https:\/\/eticoshop.it\/en\/wp-json\/wp\/v2\/media\/4693"}],"wp:attachment":[{"href":"https:\/\/eticoshop.it\/en\/wp-json\/wp\/v2\/media?parent=4692"}],"wp:term":[{"taxonomy":"product_brand","embeddable":true,"href":"https:\/\/eticoshop.it\/en\/wp-json\/wp\/v2\/product_brand?post=4692"},{"taxonomy":"product_cat","embeddable":true,"href":"https:\/\/eticoshop.it\/en\/wp-json\/wp\/v2\/product_cat?post=4692"},{"taxonomy":"product_tag","embeddable":true,"href":"https:\/\/eticoshop.it\/en\/wp-json\/wp\/v2\/product_tag?post=4692"}],"curies":[{"name":"wp","href":"https:\/\/api.w.org\/{rel}","templated":true}]}}