





















{"id":5222,"date":"2023-09-15T12:09:08","date_gmt":"2023-09-15T10:09:08","guid":{"rendered":"http:\/\/test-wp.eticoshop.it\/?post_type=product&#038;p=5222"},"modified":"2024-06-21T17:05:34","modified_gmt":"2024-06-21T15:05:34","slug":"mostarda-di-chianti","status":"publish","type":"product","link":"https:\/\/eticoshop.it\/en\/negozio\/dispensa\/marmellata\/mostarda-di-chianti\/","title":{"rendered":"Chianti Mustard"},"content":{"rendered":"<div class=\"flex flex-grow flex-col max-w-full\">\n<div class=\"min-h-[20px] text-message flex flex-col items-start whitespace-pre-wrap break-words [.text-message+&amp;]:mt-5 juice:w-full juice:items-end overflow-x-auto gap-2\" dir=\"auto\" data-message-author-role=\"assistant\" data-message-id=\"93dfe481-a225-48a6-b1ec-6bf2d6ed77be\">\n<div class=\"flex w-full flex-col gap-1 juice:empty:hidden juice:first:pt-[3px]\">\n<div class=\"markdown prose w-full break-words dark:prose-invert dark\">\n<p>La Mostarda di Chianti \u00e8 un prodotto biologico artigianale, dal sapore ricco e speziato, perfetto per accompagnare formaggi e carni arrosto.<\/p>\n<\/div>\n<\/div>\n<\/div>\n<\/div>\n<div class=\"mt-1 flex gap-3 empty:hidden juice:-ml-3\">\n<div class=\"items-center justify-start rounded-xl p-1 flex\">\n<div class=\"flex items-center\">\n<div class=\"flex items-center pb-0.5 juice:pb-0\">\n<div class=\"[&amp;_svg]:h-full [&amp;_svg]:w-full icon-md h-4 w-4\"><\/div>\n<\/div>\n<\/div>\n<\/div>\n<\/div>\n","protected":false},"excerpt":{"rendered":"<p>La Mostarda di Chianti \u00e8 una prelibatezza artigianale prodotta nel cuore della Toscana, utilizzando ingredienti biologici di alta qualit\u00e0. Questo prodotto combina la dolcezza della frutta con la piccantezza della senape, creando un equilibrio perfetto di sapori. La sua consistenza densa e corposa e il suo colore ambrato scuro sono il risultato di un&#8217;accurata lavorazione e lunga cottura degli ingredienti. Il sapore \u00e8 complesso, con note fruttate e un retrogusto piccante, che la rendono ideale per accompagnare formaggi stagionati, carni arrosto e bolliti.<\/p>\n<p>La mostarda \u00e8 confezionata in un vasetto di vetro da 220 g, che conserva intatte tutte le propriet\u00e0 organolettiche del prodotto. \u00c8 priva di conservanti e additivi artificiali, garantendo un prodotto naturale e genuino.<\/p>\n<p>La Mostarda di Chianti pu\u00f2 essere utilizzata come accompagnamento per formaggi stagionati e semistagionati, come Parmigiano Reggiano e Pecorino. \u00c8 perfetta anche per esaltare il sapore di carni arrosto, bolliti e selvaggina. Pu\u00f2 essere spalmata su crostini o pane tostato per un aperitivo raffinato. Si consiglia di servire a temperatura ambiente per apprezzare al meglio il suo bouquet di sapori.<\/p>\n<p>&nbsp;<\/p>","protected":false},"featured_media":5223,"template":"","meta":{"_acf_changed":false,"inline_featured_image":false},"product_brand":[],"product_cat":[28,123],"product_tag":[264,349,106,348,82,55,262],"class_list":{"0":"post-5222","1":"product","2":"type-product","3":"status-publish","4":"has-post-thumbnail","6":"product_cat-dispensa","7":"product_cat-marmellata","8":"product_tag-aromatica","9":"product_tag-artigianale","10":"product_tag-biologico","11":"product_tag-dolce-e-piccante","12":"product_tag-marmellata","13":"product_tag-mostarda","14":"product_tag-versatile","16":"first","17":"instock","18":"taxable","19":"shipping-taxable","20":"purchasable","21":"product-type-simple"},"acf":[],"yoast_head":"<!-- This site is optimized with the Yoast SEO plugin v27.5 - https:\/\/yoast.com\/product\/yoast-seo-wordpress\/ -->\n<title>Mostarda di Chianti - \u00c8tico<\/title>\n<meta name=\"robots\" content=\"index, follow, max-snippet:-1, max-image-preview:large, max-video-preview:-1\" \/>\n<link rel=\"canonical\" href=\"https:\/\/eticoshop.it\/en\/negozio\/dispensa\/marmellata\/mostarda-di-chianti\/\" \/>\n<meta property=\"og:locale\" content=\"en_GB\" \/>\n<meta property=\"og:type\" content=\"article\" \/>\n<meta property=\"og:title\" content=\"Mostarda di Chianti - \u00c8tico\" \/>\n<meta property=\"og:description\" content=\"La Mostarda di Chianti \u00e8 una prelibatezza artigianale prodotta nel cuore della Toscana, utilizzando ingredienti biologici di alta qualit\u00e0. Questo prodotto combina la dolcezza della frutta con la piccantezza della senape, creando un equilibrio perfetto di sapori. La sua consistenza densa e corposa e il suo colore ambrato scuro sono il risultato di un&#039;accurata lavorazione e lunga cottura degli ingredienti. Il sapore \u00e8 complesso, con note fruttate e un retrogusto piccante, che la rendono ideale per accompagnare formaggi stagionati, carni arrosto e bolliti.  La mostarda \u00e8 confezionata in un vasetto di vetro da 220 g, che conserva intatte tutte le propriet\u00e0 organolettiche del prodotto. \u00c8 priva di conservanti e additivi artificiali, garantendo un prodotto naturale e genuino.  La Mostarda di Chianti pu\u00f2 essere utilizzata come accompagnamento per formaggi stagionati e semistagionati, come Parmigiano Reggiano e Pecorino. \u00c8 perfetta anche per esaltare il sapore di carni arrosto, bolliti e selvaggina. Pu\u00f2 essere spalmata su crostini o pane tostato per un aperitivo raffinato. Si consiglia di servire a temperatura ambiente per apprezzare al meglio il suo bouquet di sapori.  &nbsp;\" \/>\n<meta property=\"og:url\" content=\"https:\/\/eticoshop.it\/en\/negozio\/dispensa\/marmellata\/mostarda-di-chianti\/\" \/>\n<meta property=\"og:site_name\" content=\"\u00c8tico\" \/>\n<meta property=\"article:modified_time\" content=\"2024-06-21T15:05:34+00:00\" \/>\n<meta property=\"og:image\" content=\"https:\/\/eticoshop.it\/wp-content\/uploads\/2023\/10\/Mostarda-di-Chianti-1.png\" \/>\n\t<meta property=\"og:image:width\" content=\"1000\" \/>\n\t<meta property=\"og:image:height\" content=\"1000\" \/>\n\t<meta property=\"og:image:type\" content=\"image\/png\" \/>\n<meta name=\"twitter:card\" content=\"summary_large_image\" \/>\n<meta name=\"twitter:label1\" content=\"Estimated reading time\" \/>\n\t<meta name=\"twitter:data1\" content=\"1 minute\" \/>\n<script type=\"application\/ld+json\" class=\"yoast-schema-graph\">{\"@context\":\"https:\\\/\\\/schema.org\",\"@graph\":[{\"@type\":\"WebPage\",\"@id\":\"https:\\\/\\\/eticoshop.it\\\/negozio\\\/dispensa\\\/marmellata\\\/mostarda-di-chianti\\\/\",\"url\":\"https:\\\/\\\/eticoshop.it\\\/negozio\\\/dispensa\\\/marmellata\\\/mostarda-di-chianti\\\/\",\"name\":\"Mostarda di Chianti - \u00c8tico\",\"isPartOf\":{\"@id\":\"https:\\\/\\\/eticoshop.it\\\/#website\"},\"primaryImageOfPage\":{\"@id\":\"https:\\\/\\\/eticoshop.it\\\/negozio\\\/dispensa\\\/marmellata\\\/mostarda-di-chianti\\\/#primaryimage\"},\"image\":{\"@id\":\"https:\\\/\\\/eticoshop.it\\\/negozio\\\/dispensa\\\/marmellata\\\/mostarda-di-chianti\\\/#primaryimage\"},\"thumbnailUrl\":\"https:\\\/\\\/eticoshop.it\\\/wp-content\\\/uploads\\\/2023\\\/10\\\/Mostarda-di-Chianti-1.png\",\"datePublished\":\"2023-09-15T10:09:08+00:00\",\"dateModified\":\"2024-06-21T15:05:34+00:00\",\"breadcrumb\":{\"@id\":\"https:\\\/\\\/eticoshop.it\\\/negozio\\\/dispensa\\\/marmellata\\\/mostarda-di-chianti\\\/#breadcrumb\"},\"inLanguage\":\"en-GB\",\"potentialAction\":[{\"@type\":\"ReadAction\",\"target\":[\"https:\\\/\\\/eticoshop.it\\\/negozio\\\/dispensa\\\/marmellata\\\/mostarda-di-chianti\\\/\"]}]},{\"@type\":\"ImageObject\",\"inLanguage\":\"en-GB\",\"@id\":\"https:\\\/\\\/eticoshop.it\\\/negozio\\\/dispensa\\\/marmellata\\\/mostarda-di-chianti\\\/#primaryimage\",\"url\":\"https:\\\/\\\/eticoshop.it\\\/wp-content\\\/uploads\\\/2023\\\/10\\\/Mostarda-di-Chianti-1.png\",\"contentUrl\":\"https:\\\/\\\/eticoshop.it\\\/wp-content\\\/uploads\\\/2023\\\/10\\\/Mostarda-di-Chianti-1.png\",\"width\":1000,\"height\":1000},{\"@type\":\"BreadcrumbList\",\"@id\":\"https:\\\/\\\/eticoshop.it\\\/negozio\\\/dispensa\\\/marmellata\\\/mostarda-di-chianti\\\/#breadcrumb\",\"itemListElement\":[{\"@type\":\"ListItem\",\"position\":1,\"name\":\"Home\",\"item\":\"https:\\\/\\\/eticoshop.it\\\/\"},{\"@type\":\"ListItem\",\"position\":2,\"name\":\"Shop\",\"item\":\"https:\\\/\\\/eticoshop.it\\\/negozio\\\/\"},{\"@type\":\"ListItem\",\"position\":3,\"name\":\"Dispensa\",\"item\":\"https:\\\/\\\/eticoshop.it\\\/categoria-prodotto\\\/dispensa\\\/\"},{\"@type\":\"ListItem\",\"position\":4,\"name\":\"Mostarda di Chianti\"}]},{\"@type\":\"WebSite\",\"@id\":\"https:\\\/\\\/eticoshop.it\\\/#website\",\"url\":\"https:\\\/\\\/eticoshop.it\\\/\",\"name\":\"\u00c8tico\",\"description\":\"\",\"publisher\":{\"@id\":\"https:\\\/\\\/eticoshop.it\\\/#organization\"},\"potentialAction\":[{\"@type\":\"SearchAction\",\"target\":{\"@type\":\"EntryPoint\",\"urlTemplate\":\"https:\\\/\\\/eticoshop.it\\\/?s={search_term_string}\"},\"query-input\":{\"@type\":\"PropertyValueSpecification\",\"valueRequired\":true,\"valueName\":\"search_term_string\"}}],\"inLanguage\":\"en-GB\"},{\"@type\":\"Organization\",\"@id\":\"https:\\\/\\\/eticoshop.it\\\/#organization\",\"name\":\"\u00c8tico\",\"url\":\"https:\\\/\\\/eticoshop.it\\\/\",\"logo\":{\"@type\":\"ImageObject\",\"inLanguage\":\"en-GB\",\"@id\":\"https:\\\/\\\/eticoshop.it\\\/#\\\/schema\\\/logo\\\/image\\\/\",\"url\":\"https:\\\/\\\/eticoshop.it\\\/wp-content\\\/uploads\\\/2023\\\/09\\\/logo-etico.svg\",\"contentUrl\":\"https:\\\/\\\/eticoshop.it\\\/wp-content\\\/uploads\\\/2023\\\/09\\\/logo-etico.svg\",\"width\":973,\"height\":360,\"caption\":\"\u00c8tico\"},\"image\":{\"@id\":\"https:\\\/\\\/eticoshop.it\\\/#\\\/schema\\\/logo\\\/image\\\/\"}}]}<\/script>\n<!-- \/ Yoast SEO plugin. -->","yoast_head_json":{"title":"Mostarda di Chianti - \u00c8tico","robots":{"index":"index","follow":"follow","max-snippet":"max-snippet:-1","max-image-preview":"max-image-preview:large","max-video-preview":"max-video-preview:-1"},"canonical":"https:\/\/eticoshop.it\/en\/negozio\/dispensa\/marmellata\/mostarda-di-chianti\/","og_locale":"en_GB","og_type":"article","og_title":"Mostarda di Chianti - \u00c8tico","og_description":"La Mostarda di Chianti \u00e8 una prelibatezza artigianale prodotta nel cuore della Toscana, utilizzando ingredienti biologici di alta qualit\u00e0. Questo prodotto combina la dolcezza della frutta con la piccantezza della senape, creando un equilibrio perfetto di sapori. La sua consistenza densa e corposa e il suo colore ambrato scuro sono il risultato di un'accurata lavorazione e lunga cottura degli ingredienti. Il sapore \u00e8 complesso, con note fruttate e un retrogusto piccante, che la rendono ideale per accompagnare formaggi stagionati, carni arrosto e bolliti.  La mostarda \u00e8 confezionata in un vasetto di vetro da 220 g, che conserva intatte tutte le propriet\u00e0 organolettiche del prodotto. \u00c8 priva di conservanti e additivi artificiali, garantendo un prodotto naturale e genuino.  La Mostarda di Chianti pu\u00f2 essere utilizzata come accompagnamento per formaggi stagionati e semistagionati, come Parmigiano Reggiano e Pecorino. \u00c8 perfetta anche per esaltare il sapore di carni arrosto, bolliti e selvaggina. Pu\u00f2 essere spalmata su crostini o pane tostato per un aperitivo raffinato. Si consiglia di servire a temperatura ambiente per apprezzare al meglio il suo bouquet di sapori.  &nbsp;","og_url":"https:\/\/eticoshop.it\/en\/negozio\/dispensa\/marmellata\/mostarda-di-chianti\/","og_site_name":"\u00c8tico","article_modified_time":"2024-06-21T15:05:34+00:00","og_image":[{"width":1000,"height":1000,"url":"https:\/\/eticoshop.it\/wp-content\/uploads\/2023\/10\/Mostarda-di-Chianti-1.png","type":"image\/png"}],"twitter_card":"summary_large_image","twitter_misc":{"Estimated reading time":"1 minute"},"schema":{"@context":"https:\/\/schema.org","@graph":[{"@type":"WebPage","@id":"https:\/\/eticoshop.it\/negozio\/dispensa\/marmellata\/mostarda-di-chianti\/","url":"https:\/\/eticoshop.it\/negozio\/dispensa\/marmellata\/mostarda-di-chianti\/","name":"Mostarda di Chianti - \u00c8tico","isPartOf":{"@id":"https:\/\/eticoshop.it\/#website"},"primaryImageOfPage":{"@id":"https:\/\/eticoshop.it\/negozio\/dispensa\/marmellata\/mostarda-di-chianti\/#primaryimage"},"image":{"@id":"https:\/\/eticoshop.it\/negozio\/dispensa\/marmellata\/mostarda-di-chianti\/#primaryimage"},"thumbnailUrl":"https:\/\/eticoshop.it\/wp-content\/uploads\/2023\/10\/Mostarda-di-Chianti-1.png","datePublished":"2023-09-15T10:09:08+00:00","dateModified":"2024-06-21T15:05:34+00:00","breadcrumb":{"@id":"https:\/\/eticoshop.it\/negozio\/dispensa\/marmellata\/mostarda-di-chianti\/#breadcrumb"},"inLanguage":"en-GB","potentialAction":[{"@type":"ReadAction","target":["https:\/\/eticoshop.it\/negozio\/dispensa\/marmellata\/mostarda-di-chianti\/"]}]},{"@type":"ImageObject","inLanguage":"en-GB","@id":"https:\/\/eticoshop.it\/negozio\/dispensa\/marmellata\/mostarda-di-chianti\/#primaryimage","url":"https:\/\/eticoshop.it\/wp-content\/uploads\/2023\/10\/Mostarda-di-Chianti-1.png","contentUrl":"https:\/\/eticoshop.it\/wp-content\/uploads\/2023\/10\/Mostarda-di-Chianti-1.png","width":1000,"height":1000},{"@type":"BreadcrumbList","@id":"https:\/\/eticoshop.it\/negozio\/dispensa\/marmellata\/mostarda-di-chianti\/#breadcrumb","itemListElement":[{"@type":"ListItem","position":1,"name":"Home","item":"https:\/\/eticoshop.it\/"},{"@type":"ListItem","position":2,"name":"Shop","item":"https:\/\/eticoshop.it\/negozio\/"},{"@type":"ListItem","position":3,"name":"Dispensa","item":"https:\/\/eticoshop.it\/categoria-prodotto\/dispensa\/"},{"@type":"ListItem","position":4,"name":"Mostarda di Chianti"}]},{"@type":"WebSite","@id":"https:\/\/eticoshop.it\/#website","url":"https:\/\/eticoshop.it\/","name":"\u00c8tico","description":"","publisher":{"@id":"https:\/\/eticoshop.it\/#organization"},"potentialAction":[{"@type":"SearchAction","target":{"@type":"EntryPoint","urlTemplate":"https:\/\/eticoshop.it\/?s={search_term_string}"},"query-input":{"@type":"PropertyValueSpecification","valueRequired":true,"valueName":"search_term_string"}}],"inLanguage":"en-GB"},{"@type":"Organization","@id":"https:\/\/eticoshop.it\/#organization","name":"\u00c8tico","url":"https:\/\/eticoshop.it\/","logo":{"@type":"ImageObject","inLanguage":"en-GB","@id":"https:\/\/eticoshop.it\/#\/schema\/logo\/image\/","url":"https:\/\/eticoshop.it\/wp-content\/uploads\/2023\/09\/logo-etico.svg","contentUrl":"https:\/\/eticoshop.it\/wp-content\/uploads\/2023\/09\/logo-etico.svg","width":973,"height":360,"caption":"\u00c8tico"},"image":{"@id":"https:\/\/eticoshop.it\/#\/schema\/logo\/image\/"}}]}},"_links":{"self":[{"href":"https:\/\/eticoshop.it\/en\/wp-json\/wp\/v2\/product\/5222","targetHints":{"allow":["GET"]}}],"collection":[{"href":"https:\/\/eticoshop.it\/en\/wp-json\/wp\/v2\/product"}],"about":[{"href":"https:\/\/eticoshop.it\/en\/wp-json\/wp\/v2\/types\/product"}],"wp:featuredmedia":[{"embeddable":true,"href":"https:\/\/eticoshop.it\/en\/wp-json\/wp\/v2\/media\/5223"}],"wp:attachment":[{"href":"https:\/\/eticoshop.it\/en\/wp-json\/wp\/v2\/media?parent=5222"}],"wp:term":[{"taxonomy":"product_brand","embeddable":true,"href":"https:\/\/eticoshop.it\/en\/wp-json\/wp\/v2\/product_brand?post=5222"},{"taxonomy":"product_cat","embeddable":true,"href":"https:\/\/eticoshop.it\/en\/wp-json\/wp\/v2\/product_cat?post=5222"},{"taxonomy":"product_tag","embeddable":true,"href":"https:\/\/eticoshop.it\/en\/wp-json\/wp\/v2\/product_tag?post=5222"}],"curies":[{"name":"wp","href":"https:\/\/api.w.org\/{rel}","templated":true}]}}