





















{"id":5263,"date":"2023-09-16T12:07:29","date_gmt":"2023-09-16T10:07:29","guid":{"rendered":"https:\/\/test-wp.eticoshop.it\/?post_type=product&#038;p=5263"},"modified":"2024-06-14T10:00:05","modified_gmt":"2024-06-14T08:00:05","slug":"cicerchie-decorticate","status":"publish","type":"product","link":"https:\/\/eticoshop.it\/en\/negozio\/dispensa\/legumi\/cicerchie-decorticate\/","title":{"rendered":"Hulled grass peas"},"content":{"rendered":"<p>Podere Pereto's hulled grass peas, as well as all their legumes, are grown according to organic principles and with great attention to quality.<\/p>","protected":false},"excerpt":{"rendered":"<p>The grass pea is an ancient legume, very similar to the chickpea, widespread throughout the Mediterranean area. It is the legume with the highest protein content. The grass pea has a very thick skin and requires long soaking times. The company grows small pea, a recovery of an Umbrian variety.<\/p>","protected":false},"featured_media":5266,"template":"","meta":{"_acf_changed":false,"inline_featured_image":false},"product_brand":[],"product_cat":[28,122],"product_tag":[106,66,251,247,250,110,249],"class_list":{"0":"post-5263","1":"product","2":"type-product","3":"status-publish","4":"has-post-thumbnail","6":"product_cat-dispensa","7":"product_cat-legumi","8":"product_tag-biologico","9":"product_tag-cicerchie","10":"product_tag-facile-da-preparare","11":"product_tag-fonte-di-fibre","12":"product_tag-gusto-delicato","13":"product_tag-legumi","14":"product_tag-ricco-di-proteine","16":"first","17":"instock","18":"taxable","19":"shipping-taxable","20":"purchasable","21":"product-type-simple"},"acf":[],"yoast_head":"<!-- This site is optimized with the Yoast SEO plugin v27.4 - https:\/\/yoast.com\/product\/yoast-seo-wordpress\/ -->\n<title>Cicerchie Decorticate - \u00c8tico<\/title>\n<meta name=\"robots\" content=\"index, follow, max-snippet:-1, max-image-preview:large, max-video-preview:-1\" \/>\n<link rel=\"canonical\" href=\"https:\/\/eticoshop.it\/en\/negozio\/dispensa\/legumi\/cicerchie-decorticate\/\" \/>\n<meta property=\"og:locale\" content=\"en_GB\" \/>\n<meta property=\"og:type\" content=\"article\" \/>\n<meta property=\"og:title\" content=\"Cicerchie Decorticate - \u00c8tico\" \/>\n<meta property=\"og:description\" content=\"La cicerchia \u00e8 un&#039;antica leguminosa, molto simile al cece, diffusa in tutta l&#039;area mediterranea. \u00c8 il legume con il pi\u00f9 alto contenuto proteico. La cicerchia ha una buccia molto importante ed esige lunghi tempi di ammollo. L\u2019azienda coltiva una cicerchia di piccolo calibro, recupero di una variet\u00e0 umbra.\" \/>\n<meta property=\"og:url\" content=\"https:\/\/eticoshop.it\/en\/negozio\/dispensa\/legumi\/cicerchie-decorticate\/\" \/>\n<meta property=\"og:site_name\" content=\"\u00c8tico\" \/>\n<meta property=\"article:modified_time\" content=\"2024-06-14T08:00:05+00:00\" \/>\n<meta property=\"og:image\" content=\"https:\/\/eticoshop.it\/wp-content\/uploads\/2023\/10\/Cicerchie-Decorticate-1.png\" \/>\n\t<meta property=\"og:image:width\" content=\"1000\" \/>\n\t<meta property=\"og:image:height\" content=\"1000\" \/>\n\t<meta property=\"og:image:type\" content=\"image\/png\" \/>\n<meta name=\"twitter:card\" content=\"summary_large_image\" \/>\n<meta name=\"twitter:label1\" content=\"Estimated reading time\" \/>\n\t<meta name=\"twitter:data1\" content=\"1 minute\" \/>\n<script type=\"application\/ld+json\" class=\"yoast-schema-graph\">{\"@context\":\"https:\\\/\\\/schema.org\",\"@graph\":[{\"@type\":\"WebPage\",\"@id\":\"https:\\\/\\\/eticoshop.it\\\/negozio\\\/dispensa\\\/legumi\\\/cicerchie-decorticate\\\/\",\"url\":\"https:\\\/\\\/eticoshop.it\\\/negozio\\\/dispensa\\\/legumi\\\/cicerchie-decorticate\\\/\",\"name\":\"Cicerchie Decorticate - \u00c8tico\",\"isPartOf\":{\"@id\":\"https:\\\/\\\/eticoshop.it\\\/#website\"},\"primaryImageOfPage\":{\"@id\":\"https:\\\/\\\/eticoshop.it\\\/negozio\\\/dispensa\\\/legumi\\\/cicerchie-decorticate\\\/#primaryimage\"},\"image\":{\"@id\":\"https:\\\/\\\/eticoshop.it\\\/negozio\\\/dispensa\\\/legumi\\\/cicerchie-decorticate\\\/#primaryimage\"},\"thumbnailUrl\":\"https:\\\/\\\/eticoshop.it\\\/wp-content\\\/uploads\\\/2023\\\/10\\\/Cicerchie-Decorticate-1.png\",\"datePublished\":\"2023-09-16T10:07:29+00:00\",\"dateModified\":\"2024-06-14T08:00:05+00:00\",\"breadcrumb\":{\"@id\":\"https:\\\/\\\/eticoshop.it\\\/negozio\\\/dispensa\\\/legumi\\\/cicerchie-decorticate\\\/#breadcrumb\"},\"inLanguage\":\"en-GB\",\"potentialAction\":[{\"@type\":\"ReadAction\",\"target\":[\"https:\\\/\\\/eticoshop.it\\\/negozio\\\/dispensa\\\/legumi\\\/cicerchie-decorticate\\\/\"]}]},{\"@type\":\"ImageObject\",\"inLanguage\":\"en-GB\",\"@id\":\"https:\\\/\\\/eticoshop.it\\\/negozio\\\/dispensa\\\/legumi\\\/cicerchie-decorticate\\\/#primaryimage\",\"url\":\"https:\\\/\\\/eticoshop.it\\\/wp-content\\\/uploads\\\/2023\\\/10\\\/Cicerchie-Decorticate-1.png\",\"contentUrl\":\"https:\\\/\\\/eticoshop.it\\\/wp-content\\\/uploads\\\/2023\\\/10\\\/Cicerchie-Decorticate-1.png\",\"width\":1000,\"height\":1000},{\"@type\":\"BreadcrumbList\",\"@id\":\"https:\\\/\\\/eticoshop.it\\\/negozio\\\/dispensa\\\/legumi\\\/cicerchie-decorticate\\\/#breadcrumb\",\"itemListElement\":[{\"@type\":\"ListItem\",\"position\":1,\"name\":\"Home\",\"item\":\"https:\\\/\\\/eticoshop.it\\\/\"},{\"@type\":\"ListItem\",\"position\":2,\"name\":\"Shop\",\"item\":\"https:\\\/\\\/eticoshop.it\\\/negozio\\\/\"},{\"@type\":\"ListItem\",\"position\":3,\"name\":\"Dispensa\",\"item\":\"https:\\\/\\\/eticoshop.it\\\/categoria-prodotto\\\/dispensa\\\/\"},{\"@type\":\"ListItem\",\"position\":4,\"name\":\"Cicerchie Decorticate\"}]},{\"@type\":\"WebSite\",\"@id\":\"https:\\\/\\\/eticoshop.it\\\/#website\",\"url\":\"https:\\\/\\\/eticoshop.it\\\/\",\"name\":\"\u00c8tico\",\"description\":\"\",\"publisher\":{\"@id\":\"https:\\\/\\\/eticoshop.it\\\/#organization\"},\"potentialAction\":[{\"@type\":\"SearchAction\",\"target\":{\"@type\":\"EntryPoint\",\"urlTemplate\":\"https:\\\/\\\/eticoshop.it\\\/?s={search_term_string}\"},\"query-input\":{\"@type\":\"PropertyValueSpecification\",\"valueRequired\":true,\"valueName\":\"search_term_string\"}}],\"inLanguage\":\"en-GB\"},{\"@type\":\"Organization\",\"@id\":\"https:\\\/\\\/eticoshop.it\\\/#organization\",\"name\":\"\u00c8tico\",\"url\":\"https:\\\/\\\/eticoshop.it\\\/\",\"logo\":{\"@type\":\"ImageObject\",\"inLanguage\":\"en-GB\",\"@id\":\"https:\\\/\\\/eticoshop.it\\\/#\\\/schema\\\/logo\\\/image\\\/\",\"url\":\"https:\\\/\\\/eticoshop.it\\\/wp-content\\\/uploads\\\/2023\\\/09\\\/logo-etico.svg\",\"contentUrl\":\"https:\\\/\\\/eticoshop.it\\\/wp-content\\\/uploads\\\/2023\\\/09\\\/logo-etico.svg\",\"width\":973,\"height\":360,\"caption\":\"\u00c8tico\"},\"image\":{\"@id\":\"https:\\\/\\\/eticoshop.it\\\/#\\\/schema\\\/logo\\\/image\\\/\"}}]}<\/script>\n<!-- \/ Yoast SEO plugin. -->","yoast_head_json":{"title":"Cicerchie Decorticate - \u00c8tico","robots":{"index":"index","follow":"follow","max-snippet":"max-snippet:-1","max-image-preview":"max-image-preview:large","max-video-preview":"max-video-preview:-1"},"canonical":"https:\/\/eticoshop.it\/en\/negozio\/dispensa\/legumi\/cicerchie-decorticate\/","og_locale":"en_GB","og_type":"article","og_title":"Cicerchie Decorticate - \u00c8tico","og_description":"La cicerchia \u00e8 un'antica leguminosa, molto simile al cece, diffusa in tutta l'area mediterranea. \u00c8 il legume con il pi\u00f9 alto contenuto proteico. La cicerchia ha una buccia molto importante ed esige lunghi tempi di ammollo. L\u2019azienda coltiva una cicerchia di piccolo calibro, recupero di una variet\u00e0 umbra.","og_url":"https:\/\/eticoshop.it\/en\/negozio\/dispensa\/legumi\/cicerchie-decorticate\/","og_site_name":"\u00c8tico","article_modified_time":"2024-06-14T08:00:05+00:00","og_image":[{"width":1000,"height":1000,"url":"https:\/\/eticoshop.it\/wp-content\/uploads\/2023\/10\/Cicerchie-Decorticate-1.png","type":"image\/png"}],"twitter_card":"summary_large_image","twitter_misc":{"Estimated reading time":"1 minute"},"schema":{"@context":"https:\/\/schema.org","@graph":[{"@type":"WebPage","@id":"https:\/\/eticoshop.it\/negozio\/dispensa\/legumi\/cicerchie-decorticate\/","url":"https:\/\/eticoshop.it\/negozio\/dispensa\/legumi\/cicerchie-decorticate\/","name":"Cicerchie Decorticate - \u00c8tico","isPartOf":{"@id":"https:\/\/eticoshop.it\/#website"},"primaryImageOfPage":{"@id":"https:\/\/eticoshop.it\/negozio\/dispensa\/legumi\/cicerchie-decorticate\/#primaryimage"},"image":{"@id":"https:\/\/eticoshop.it\/negozio\/dispensa\/legumi\/cicerchie-decorticate\/#primaryimage"},"thumbnailUrl":"https:\/\/eticoshop.it\/wp-content\/uploads\/2023\/10\/Cicerchie-Decorticate-1.png","datePublished":"2023-09-16T10:07:29+00:00","dateModified":"2024-06-14T08:00:05+00:00","breadcrumb":{"@id":"https:\/\/eticoshop.it\/negozio\/dispensa\/legumi\/cicerchie-decorticate\/#breadcrumb"},"inLanguage":"en-GB","potentialAction":[{"@type":"ReadAction","target":["https:\/\/eticoshop.it\/negozio\/dispensa\/legumi\/cicerchie-decorticate\/"]}]},{"@type":"ImageObject","inLanguage":"en-GB","@id":"https:\/\/eticoshop.it\/negozio\/dispensa\/legumi\/cicerchie-decorticate\/#primaryimage","url":"https:\/\/eticoshop.it\/wp-content\/uploads\/2023\/10\/Cicerchie-Decorticate-1.png","contentUrl":"https:\/\/eticoshop.it\/wp-content\/uploads\/2023\/10\/Cicerchie-Decorticate-1.png","width":1000,"height":1000},{"@type":"BreadcrumbList","@id":"https:\/\/eticoshop.it\/negozio\/dispensa\/legumi\/cicerchie-decorticate\/#breadcrumb","itemListElement":[{"@type":"ListItem","position":1,"name":"Home","item":"https:\/\/eticoshop.it\/"},{"@type":"ListItem","position":2,"name":"Shop","item":"https:\/\/eticoshop.it\/negozio\/"},{"@type":"ListItem","position":3,"name":"Dispensa","item":"https:\/\/eticoshop.it\/categoria-prodotto\/dispensa\/"},{"@type":"ListItem","position":4,"name":"Cicerchie Decorticate"}]},{"@type":"WebSite","@id":"https:\/\/eticoshop.it\/#website","url":"https:\/\/eticoshop.it\/","name":"\u00c8tico","description":"","publisher":{"@id":"https:\/\/eticoshop.it\/#organization"},"potentialAction":[{"@type":"SearchAction","target":{"@type":"EntryPoint","urlTemplate":"https:\/\/eticoshop.it\/?s={search_term_string}"},"query-input":{"@type":"PropertyValueSpecification","valueRequired":true,"valueName":"search_term_string"}}],"inLanguage":"en-GB"},{"@type":"Organization","@id":"https:\/\/eticoshop.it\/#organization","name":"\u00c8tico","url":"https:\/\/eticoshop.it\/","logo":{"@type":"ImageObject","inLanguage":"en-GB","@id":"https:\/\/eticoshop.it\/#\/schema\/logo\/image\/","url":"https:\/\/eticoshop.it\/wp-content\/uploads\/2023\/09\/logo-etico.svg","contentUrl":"https:\/\/eticoshop.it\/wp-content\/uploads\/2023\/09\/logo-etico.svg","width":973,"height":360,"caption":"\u00c8tico"},"image":{"@id":"https:\/\/eticoshop.it\/#\/schema\/logo\/image\/"}}]}},"_links":{"self":[{"href":"https:\/\/eticoshop.it\/en\/wp-json\/wp\/v2\/product\/5263","targetHints":{"allow":["GET"]}}],"collection":[{"href":"https:\/\/eticoshop.it\/en\/wp-json\/wp\/v2\/product"}],"about":[{"href":"https:\/\/eticoshop.it\/en\/wp-json\/wp\/v2\/types\/product"}],"wp:featuredmedia":[{"embeddable":true,"href":"https:\/\/eticoshop.it\/en\/wp-json\/wp\/v2\/media\/5266"}],"wp:attachment":[{"href":"https:\/\/eticoshop.it\/en\/wp-json\/wp\/v2\/media?parent=5263"}],"wp:term":[{"taxonomy":"product_brand","embeddable":true,"href":"https:\/\/eticoshop.it\/en\/wp-json\/wp\/v2\/product_brand?post=5263"},{"taxonomy":"product_cat","embeddable":true,"href":"https:\/\/eticoshop.it\/en\/wp-json\/wp\/v2\/product_cat?post=5263"},{"taxonomy":"product_tag","embeddable":true,"href":"https:\/\/eticoshop.it\/en\/wp-json\/wp\/v2\/product_tag?post=5263"}],"curies":[{"name":"wp","href":"https:\/\/api.w.org\/{rel}","templated":true}]}}