





















{"id":5482,"date":"2023-09-26T12:07:47","date_gmt":"2023-09-26T10:07:47","guid":{"rendered":"https:\/\/test-wp.eticoshop.it\/?post_type=product&#038;p=5482"},"modified":"2024-06-21T17:02:46","modified_gmt":"2024-06-21T15:02:46","slug":"miscela-di-antiche-varieta-di-grani-teneri","status":"publish","type":"product","link":"https:\/\/eticoshop.it\/en\/negozio\/dispensa\/farina\/miscela-di-antiche-varieta-di-grani-teneri\/","title":{"rendered":"Blend of Ancient Varieties of Soft Wheats"},"content":{"rendered":"<div class=\"flex flex-grow flex-col max-w-full\">\n<div class=\"min-h-[20px] text-message flex flex-col items-start whitespace-pre-wrap break-words [.text-message+&amp;]:mt-5 juice:w-full juice:items-end overflow-x-auto gap-2\" dir=\"auto\" data-message-author-role=\"assistant\" data-message-id=\"cffc6d2a-3b56-43de-9445-c6bddce9ad3a\">\n<div class=\"flex w-full flex-col gap-1 juice:empty:hidden juice:first:pt-[3px]\">\n<div class=\"markdown prose w-full break-words dark:prose-invert dark\">\n<p>La Miscela di Antiche Variet\u00e0 di Grani Teneri di Podere Pereto \u00e8 una farina biologica pregiata, nutriente e versatile, ideale per molte preparazioni.<\/p>\n<\/div>\n<\/div>\n<\/div>\n<\/div>\n","protected":false},"excerpt":{"rendered":"<p>La Miscela di Antiche Variet\u00e0 di Grani Teneri di Podere Pereto \u00e8 il risultato di un&#8217;attenta selezione di antiche variet\u00e0 di grano, coltivate seguendo metodi di agricoltura biologica. Questa farina \u00e8 caratterizzata da un alto contenuto di nutrienti, conservando tutte le propriet\u00e0 benefiche dei grani antichi. I grani sono macinati a pietra, un metodo che permette di mantenere intatte le propriet\u00e0 organolettiche e nutrizionali della farina. La miscela offre un sapore ricco e autentico, con note leggermente dolci e aromatiche, rendendola perfetta per la preparazione di pane, pizza, dolci e pasta fresca\u200b.<\/p>\n<p>Le antiche variet\u00e0 di grano utilizzate, come il Gentil Rosso e il Verna, sono conosciute per la loro digeribilit\u00e0 e per il loro contenuto di glutine meno aggressivo rispetto ai grani moderni. Questo rende la farina ideale anche per chi ha sensibilit\u00e0 al glutine, pur non essendo adatta ai celiaci. La coltivazione biologica garantisce un prodotto privo di pesticidi e sostanze chimiche, rispettando l&#8217;ambiente e la biodiversit\u00e0.<\/p>\n<p>La Miscela di Antiche Variet\u00e0 di Grani Teneri \u00e8 versatile e pu\u00f2 essere utilizzata per preparare una vasta gamma di prodotti da forno. Per ottenere il massimo da questa farina, si consiglia di utilizzarla pura o miscelata con altre farine in proporzione variabile, a seconda delle esigenze della ricetta. Ideale per pane casereccio, pizza, focacce, pasta fresca e dolci. Conservare la farina in un luogo fresco e asciutto, al riparo dalla luce diretta per mantenere inalterate le sue propriet\u00e0.<\/p>\n<p>Il prodotto \u00e8 confezionato in un sacchetto da 1 kg realizzato con materiali riciclabili. Dopo l&#8217;uso, smaltire il sacchetto nella raccolta differenziata della carta. Per ulteriori dettagli sul corretto smaltimento, verificare le disposizioni locali o visitare il sito del produttore.<\/p>\n<p>&nbsp;<\/p>","protected":false},"featured_media":5483,"template":"","meta":{"_acf_changed":false,"inline_featured_image":false},"product_brand":[],"product_cat":[28,124],"product_tag":[263,292,106,70,109,246,259],"class_list":{"0":"post-5482","1":"product","2":"type-product","3":"status-publish","4":"has-post-thumbnail","6":"product_cat-dispensa","7":"product_cat-farina","8":"product_tag-alta-qualita","9":"product_tag-aromi-naturali","10":"product_tag-biologico","11":"product_tag-farina","12":"product_tag-grano","13":"product_tag-gusto-intenso","14":"product_tag-ricca-di-fibre","16":"first","17":"instock","18":"taxable","19":"shipping-taxable","20":"purchasable","21":"product-type-simple"},"acf":[],"yoast_head":"<!-- This site is optimized with the Yoast SEO plugin v27.4 - https:\/\/yoast.com\/product\/yoast-seo-wordpress\/ -->\n<title>Miscela di Antiche Variet\u00e0 di Grani Teneri - \u00c8tico<\/title>\n<meta name=\"robots\" content=\"index, follow, max-snippet:-1, max-image-preview:large, max-video-preview:-1\" \/>\n<link rel=\"canonical\" href=\"https:\/\/eticoshop.it\/en\/negozio\/dispensa\/farina\/miscela-di-antiche-varieta-di-grani-teneri\/\" \/>\n<meta property=\"og:locale\" content=\"en_GB\" \/>\n<meta property=\"og:type\" content=\"article\" \/>\n<meta property=\"og:title\" content=\"Miscela di Antiche Variet\u00e0 di Grani Teneri - \u00c8tico\" \/>\n<meta property=\"og:description\" content=\"La Miscela di Antiche Variet\u00e0 di Grani Teneri di Podere Pereto \u00e8 il risultato di un&#039;attenta selezione di antiche variet\u00e0 di grano, coltivate seguendo metodi di agricoltura biologica. Questa farina \u00e8 caratterizzata da un alto contenuto di nutrienti, conservando tutte le propriet\u00e0 benefiche dei grani antichi. I grani sono macinati a pietra, un metodo che permette di mantenere intatte le propriet\u00e0 organolettiche e nutrizionali della farina. La miscela offre un sapore ricco e autentico, con note leggermente dolci e aromatiche, rendendola perfetta per la preparazione di pane, pizza, dolci e pasta fresca\u200b.  Le antiche variet\u00e0 di grano utilizzate, come il Gentil Rosso e il Verna, sono conosciute per la loro digeribilit\u00e0 e per il loro contenuto di glutine meno aggressivo rispetto ai grani moderni. Questo rende la farina ideale anche per chi ha sensibilit\u00e0 al glutine, pur non essendo adatta ai celiaci. La coltivazione biologica garantisce un prodotto privo di pesticidi e sostanze chimiche, rispettando l&#039;ambiente e la biodiversit\u00e0.  La Miscela di Antiche Variet\u00e0 di Grani Teneri \u00e8 versatile e pu\u00f2 essere utilizzata per preparare una vasta gamma di prodotti da forno. Per ottenere il massimo da questa farina, si consiglia di utilizzarla pura o miscelata con altre farine in proporzione variabile, a seconda delle esigenze della ricetta. Ideale per pane casereccio, pizza, focacce, pasta fresca e dolci. Conservare la farina in un luogo fresco e asciutto, al riparo dalla luce diretta per mantenere inalterate le sue propriet\u00e0.  Il prodotto \u00e8 confezionato in un sacchetto da 1 kg realizzato con materiali riciclabili. Dopo l&#039;uso, smaltire il sacchetto nella raccolta differenziata della carta. Per ulteriori dettagli sul corretto smaltimento, verificare le disposizioni locali o visitare il sito del produttore.  &nbsp;\" \/>\n<meta property=\"og:url\" content=\"https:\/\/eticoshop.it\/en\/negozio\/dispensa\/farina\/miscela-di-antiche-varieta-di-grani-teneri\/\" \/>\n<meta property=\"og:site_name\" content=\"\u00c8tico\" \/>\n<meta property=\"article:modified_time\" content=\"2024-06-21T15:02:46+00:00\" \/>\n<meta property=\"og:image\" content=\"https:\/\/eticoshop.it\/wp-content\/uploads\/2023\/10\/Miscela-di-Antiche-Varieta-di-Grani-Teneri.png\" \/>\n\t<meta property=\"og:image:width\" content=\"1000\" \/>\n\t<meta property=\"og:image:height\" content=\"1000\" \/>\n\t<meta property=\"og:image:type\" content=\"image\/png\" \/>\n<meta name=\"twitter:card\" content=\"summary_large_image\" \/>\n<meta name=\"twitter:label1\" content=\"Estimated reading time\" \/>\n\t<meta name=\"twitter:data1\" content=\"1 minute\" \/>\n<script type=\"application\/ld+json\" class=\"yoast-schema-graph\">{\"@context\":\"https:\\\/\\\/schema.org\",\"@graph\":[{\"@type\":\"WebPage\",\"@id\":\"https:\\\/\\\/eticoshop.it\\\/negozio\\\/dispensa\\\/farina\\\/miscela-di-antiche-varieta-di-grani-teneri\\\/\",\"url\":\"https:\\\/\\\/eticoshop.it\\\/negozio\\\/dispensa\\\/farina\\\/miscela-di-antiche-varieta-di-grani-teneri\\\/\",\"name\":\"Miscela di Antiche Variet\u00e0 di Grani Teneri - \u00c8tico\",\"isPartOf\":{\"@id\":\"https:\\\/\\\/eticoshop.it\\\/#website\"},\"primaryImageOfPage\":{\"@id\":\"https:\\\/\\\/eticoshop.it\\\/negozio\\\/dispensa\\\/farina\\\/miscela-di-antiche-varieta-di-grani-teneri\\\/#primaryimage\"},\"image\":{\"@id\":\"https:\\\/\\\/eticoshop.it\\\/negozio\\\/dispensa\\\/farina\\\/miscela-di-antiche-varieta-di-grani-teneri\\\/#primaryimage\"},\"thumbnailUrl\":\"https:\\\/\\\/eticoshop.it\\\/wp-content\\\/uploads\\\/2023\\\/10\\\/Miscela-di-Antiche-Varieta-di-Grani-Teneri.png\",\"datePublished\":\"2023-09-26T10:07:47+00:00\",\"dateModified\":\"2024-06-21T15:02:46+00:00\",\"breadcrumb\":{\"@id\":\"https:\\\/\\\/eticoshop.it\\\/negozio\\\/dispensa\\\/farina\\\/miscela-di-antiche-varieta-di-grani-teneri\\\/#breadcrumb\"},\"inLanguage\":\"en-GB\",\"potentialAction\":[{\"@type\":\"ReadAction\",\"target\":[\"https:\\\/\\\/eticoshop.it\\\/negozio\\\/dispensa\\\/farina\\\/miscela-di-antiche-varieta-di-grani-teneri\\\/\"]}]},{\"@type\":\"ImageObject\",\"inLanguage\":\"en-GB\",\"@id\":\"https:\\\/\\\/eticoshop.it\\\/negozio\\\/dispensa\\\/farina\\\/miscela-di-antiche-varieta-di-grani-teneri\\\/#primaryimage\",\"url\":\"https:\\\/\\\/eticoshop.it\\\/wp-content\\\/uploads\\\/2023\\\/10\\\/Miscela-di-Antiche-Varieta-di-Grani-Teneri.png\",\"contentUrl\":\"https:\\\/\\\/eticoshop.it\\\/wp-content\\\/uploads\\\/2023\\\/10\\\/Miscela-di-Antiche-Varieta-di-Grani-Teneri.png\",\"width\":1000,\"height\":1000},{\"@type\":\"BreadcrumbList\",\"@id\":\"https:\\\/\\\/eticoshop.it\\\/negozio\\\/dispensa\\\/farina\\\/miscela-di-antiche-varieta-di-grani-teneri\\\/#breadcrumb\",\"itemListElement\":[{\"@type\":\"ListItem\",\"position\":1,\"name\":\"Home\",\"item\":\"https:\\\/\\\/eticoshop.it\\\/\"},{\"@type\":\"ListItem\",\"position\":2,\"name\":\"Shop\",\"item\":\"https:\\\/\\\/eticoshop.it\\\/negozio\\\/\"},{\"@type\":\"ListItem\",\"position\":3,\"name\":\"Dispensa\",\"item\":\"https:\\\/\\\/eticoshop.it\\\/categoria-prodotto\\\/dispensa\\\/\"},{\"@type\":\"ListItem\",\"position\":4,\"name\":\"Miscela di Antiche Variet\u00e0 di Grani Teneri\"}]},{\"@type\":\"WebSite\",\"@id\":\"https:\\\/\\\/eticoshop.it\\\/#website\",\"url\":\"https:\\\/\\\/eticoshop.it\\\/\",\"name\":\"\u00c8tico\",\"description\":\"\",\"publisher\":{\"@id\":\"https:\\\/\\\/eticoshop.it\\\/#organization\"},\"potentialAction\":[{\"@type\":\"SearchAction\",\"target\":{\"@type\":\"EntryPoint\",\"urlTemplate\":\"https:\\\/\\\/eticoshop.it\\\/?s={search_term_string}\"},\"query-input\":{\"@type\":\"PropertyValueSpecification\",\"valueRequired\":true,\"valueName\":\"search_term_string\"}}],\"inLanguage\":\"en-GB\"},{\"@type\":\"Organization\",\"@id\":\"https:\\\/\\\/eticoshop.it\\\/#organization\",\"name\":\"\u00c8tico\",\"url\":\"https:\\\/\\\/eticoshop.it\\\/\",\"logo\":{\"@type\":\"ImageObject\",\"inLanguage\":\"en-GB\",\"@id\":\"https:\\\/\\\/eticoshop.it\\\/#\\\/schema\\\/logo\\\/image\\\/\",\"url\":\"https:\\\/\\\/eticoshop.it\\\/wp-content\\\/uploads\\\/2023\\\/09\\\/logo-etico.svg\",\"contentUrl\":\"https:\\\/\\\/eticoshop.it\\\/wp-content\\\/uploads\\\/2023\\\/09\\\/logo-etico.svg\",\"width\":973,\"height\":360,\"caption\":\"\u00c8tico\"},\"image\":{\"@id\":\"https:\\\/\\\/eticoshop.it\\\/#\\\/schema\\\/logo\\\/image\\\/\"}}]}<\/script>\n<!-- \/ Yoast SEO plugin. -->","yoast_head_json":{"title":"Miscela di Antiche Variet\u00e0 di Grani Teneri - \u00c8tico","robots":{"index":"index","follow":"follow","max-snippet":"max-snippet:-1","max-image-preview":"max-image-preview:large","max-video-preview":"max-video-preview:-1"},"canonical":"https:\/\/eticoshop.it\/en\/negozio\/dispensa\/farina\/miscela-di-antiche-varieta-di-grani-teneri\/","og_locale":"en_GB","og_type":"article","og_title":"Miscela di Antiche Variet\u00e0 di Grani Teneri - \u00c8tico","og_description":"La Miscela di Antiche Variet\u00e0 di Grani Teneri di Podere Pereto \u00e8 il risultato di un'attenta selezione di antiche variet\u00e0 di grano, coltivate seguendo metodi di agricoltura biologica. Questa farina \u00e8 caratterizzata da un alto contenuto di nutrienti, conservando tutte le propriet\u00e0 benefiche dei grani antichi. I grani sono macinati a pietra, un metodo che permette di mantenere intatte le propriet\u00e0 organolettiche e nutrizionali della farina. La miscela offre un sapore ricco e autentico, con note leggermente dolci e aromatiche, rendendola perfetta per la preparazione di pane, pizza, dolci e pasta fresca\u200b.  Le antiche variet\u00e0 di grano utilizzate, come il Gentil Rosso e il Verna, sono conosciute per la loro digeribilit\u00e0 e per il loro contenuto di glutine meno aggressivo rispetto ai grani moderni. Questo rende la farina ideale anche per chi ha sensibilit\u00e0 al glutine, pur non essendo adatta ai celiaci. La coltivazione biologica garantisce un prodotto privo di pesticidi e sostanze chimiche, rispettando l'ambiente e la biodiversit\u00e0.  La Miscela di Antiche Variet\u00e0 di Grani Teneri \u00e8 versatile e pu\u00f2 essere utilizzata per preparare una vasta gamma di prodotti da forno. Per ottenere il massimo da questa farina, si consiglia di utilizzarla pura o miscelata con altre farine in proporzione variabile, a seconda delle esigenze della ricetta. Ideale per pane casereccio, pizza, focacce, pasta fresca e dolci. Conservare la farina in un luogo fresco e asciutto, al riparo dalla luce diretta per mantenere inalterate le sue propriet\u00e0.  Il prodotto \u00e8 confezionato in un sacchetto da 1 kg realizzato con materiali riciclabili. Dopo l'uso, smaltire il sacchetto nella raccolta differenziata della carta. Per ulteriori dettagli sul corretto smaltimento, verificare le disposizioni locali o visitare il sito del produttore.  &nbsp;","og_url":"https:\/\/eticoshop.it\/en\/negozio\/dispensa\/farina\/miscela-di-antiche-varieta-di-grani-teneri\/","og_site_name":"\u00c8tico","article_modified_time":"2024-06-21T15:02:46+00:00","og_image":[{"width":1000,"height":1000,"url":"https:\/\/eticoshop.it\/wp-content\/uploads\/2023\/10\/Miscela-di-Antiche-Varieta-di-Grani-Teneri.png","type":"image\/png"}],"twitter_card":"summary_large_image","twitter_misc":{"Estimated reading time":"1 minute"},"schema":{"@context":"https:\/\/schema.org","@graph":[{"@type":"WebPage","@id":"https:\/\/eticoshop.it\/negozio\/dispensa\/farina\/miscela-di-antiche-varieta-di-grani-teneri\/","url":"https:\/\/eticoshop.it\/negozio\/dispensa\/farina\/miscela-di-antiche-varieta-di-grani-teneri\/","name":"Miscela di Antiche Variet\u00e0 di Grani Teneri - \u00c8tico","isPartOf":{"@id":"https:\/\/eticoshop.it\/#website"},"primaryImageOfPage":{"@id":"https:\/\/eticoshop.it\/negozio\/dispensa\/farina\/miscela-di-antiche-varieta-di-grani-teneri\/#primaryimage"},"image":{"@id":"https:\/\/eticoshop.it\/negozio\/dispensa\/farina\/miscela-di-antiche-varieta-di-grani-teneri\/#primaryimage"},"thumbnailUrl":"https:\/\/eticoshop.it\/wp-content\/uploads\/2023\/10\/Miscela-di-Antiche-Varieta-di-Grani-Teneri.png","datePublished":"2023-09-26T10:07:47+00:00","dateModified":"2024-06-21T15:02:46+00:00","breadcrumb":{"@id":"https:\/\/eticoshop.it\/negozio\/dispensa\/farina\/miscela-di-antiche-varieta-di-grani-teneri\/#breadcrumb"},"inLanguage":"en-GB","potentialAction":[{"@type":"ReadAction","target":["https:\/\/eticoshop.it\/negozio\/dispensa\/farina\/miscela-di-antiche-varieta-di-grani-teneri\/"]}]},{"@type":"ImageObject","inLanguage":"en-GB","@id":"https:\/\/eticoshop.it\/negozio\/dispensa\/farina\/miscela-di-antiche-varieta-di-grani-teneri\/#primaryimage","url":"https:\/\/eticoshop.it\/wp-content\/uploads\/2023\/10\/Miscela-di-Antiche-Varieta-di-Grani-Teneri.png","contentUrl":"https:\/\/eticoshop.it\/wp-content\/uploads\/2023\/10\/Miscela-di-Antiche-Varieta-di-Grani-Teneri.png","width":1000,"height":1000},{"@type":"BreadcrumbList","@id":"https:\/\/eticoshop.it\/negozio\/dispensa\/farina\/miscela-di-antiche-varieta-di-grani-teneri\/#breadcrumb","itemListElement":[{"@type":"ListItem","position":1,"name":"Home","item":"https:\/\/eticoshop.it\/"},{"@type":"ListItem","position":2,"name":"Shop","item":"https:\/\/eticoshop.it\/negozio\/"},{"@type":"ListItem","position":3,"name":"Dispensa","item":"https:\/\/eticoshop.it\/categoria-prodotto\/dispensa\/"},{"@type":"ListItem","position":4,"name":"Miscela di Antiche Variet\u00e0 di Grani Teneri"}]},{"@type":"WebSite","@id":"https:\/\/eticoshop.it\/#website","url":"https:\/\/eticoshop.it\/","name":"\u00c8tico","description":"","publisher":{"@id":"https:\/\/eticoshop.it\/#organization"},"potentialAction":[{"@type":"SearchAction","target":{"@type":"EntryPoint","urlTemplate":"https:\/\/eticoshop.it\/?s={search_term_string}"},"query-input":{"@type":"PropertyValueSpecification","valueRequired":true,"valueName":"search_term_string"}}],"inLanguage":"en-GB"},{"@type":"Organization","@id":"https:\/\/eticoshop.it\/#organization","name":"\u00c8tico","url":"https:\/\/eticoshop.it\/","logo":{"@type":"ImageObject","inLanguage":"en-GB","@id":"https:\/\/eticoshop.it\/#\/schema\/logo\/image\/","url":"https:\/\/eticoshop.it\/wp-content\/uploads\/2023\/09\/logo-etico.svg","contentUrl":"https:\/\/eticoshop.it\/wp-content\/uploads\/2023\/09\/logo-etico.svg","width":973,"height":360,"caption":"\u00c8tico"},"image":{"@id":"https:\/\/eticoshop.it\/#\/schema\/logo\/image\/"}}]}},"_links":{"self":[{"href":"https:\/\/eticoshop.it\/en\/wp-json\/wp\/v2\/product\/5482","targetHints":{"allow":["GET"]}}],"collection":[{"href":"https:\/\/eticoshop.it\/en\/wp-json\/wp\/v2\/product"}],"about":[{"href":"https:\/\/eticoshop.it\/en\/wp-json\/wp\/v2\/types\/product"}],"wp:featuredmedia":[{"embeddable":true,"href":"https:\/\/eticoshop.it\/en\/wp-json\/wp\/v2\/media\/5483"}],"wp:attachment":[{"href":"https:\/\/eticoshop.it\/en\/wp-json\/wp\/v2\/media?parent=5482"}],"wp:term":[{"taxonomy":"product_brand","embeddable":true,"href":"https:\/\/eticoshop.it\/en\/wp-json\/wp\/v2\/product_brand?post=5482"},{"taxonomy":"product_cat","embeddable":true,"href":"https:\/\/eticoshop.it\/en\/wp-json\/wp\/v2\/product_cat?post=5482"},{"taxonomy":"product_tag","embeddable":true,"href":"https:\/\/eticoshop.it\/en\/wp-json\/wp\/v2\/product_tag?post=5482"}],"curies":[{"name":"wp","href":"https:\/\/api.w.org\/{rel}","templated":true}]}}