





















{"id":5505,"date":"2023-09-13T12:09:12","date_gmt":"2023-09-13T10:09:12","guid":{"rendered":"https:\/\/test-wp.eticoshop.it\/?post_type=product&#038;p=5505"},"modified":"2024-06-21T16:54:30","modified_gmt":"2024-06-21T14:54:30","slug":"miele-di-millefiori-vallombrosa","status":"publish","type":"product","link":"https:\/\/eticoshop.it\/en\/negozio\/dispensa\/miele\/miele-di-millefiori-vallombrosa\/","title":{"rendered":"Millefiori honey \u2013 Vallombrosa"},"content":{"rendered":"<div class=\"flex-1 overflow-hidden\">\n<div class=\"h-full\">\n<div class=\"react-scroll-to-bottom--css-dezdm-79elbk h-full\">\n<div class=\"react-scroll-to-bottom--css-dezdm-1n7m0yu\">\n<div class=\"flex flex-col text-sm md:pb-9\">\n<div class=\"w-full text-token-text-primary\" dir=\"auto\" data-testid=\"conversation-turn-11\" data-scroll-anchor=\"true\">\n<div class=\"py-2 juice:py-[18px] px-3 text-base md:px-4 m-auto md:px-5 lg:px-1 xl:px-5\">\n<div class=\"mx-auto flex flex-1 gap-3 text-base juice:gap-4 juice:md:gap-5 juice:lg:gap-6 md:max-w-3xl lg:max-w-[40rem] xl:max-w-[48rem]\">\n<div class=\"group\/conversation-turn relative flex w-full min-w-0 flex-col agent-turn\">\n<div class=\"flex-col gap-1 md:gap-3\">\n<div class=\"flex flex-grow flex-col max-w-full\">\n<div class=\"min-h-[20px] text-message flex flex-col items-start whitespace-pre-wrap break-words [.text-message+&amp;]:mt-5 juice:w-full juice:items-end overflow-x-auto gap-2\" dir=\"auto\" data-message-author-role=\"assistant\" data-message-id=\"b744c2f5-bba5-44ae-9fb8-b1381babe074\">\n<div class=\"flex w-full flex-col gap-1 juice:empty:hidden juice:first:pt-[3px]\">\n<div class=\"markdown prose w-full break-words dark:prose-invert dark\">\n<p>Il Miele di Millefiori Vallombrosa \u00e8 biologico, di alta qualit\u00e0, con sapore variegato e aroma intenso, ideale in cucina e ricco di benefici.<\/p>\n<\/div>\n<\/div>\n<\/div>\n<\/div>\n<\/div>\n<\/div>\n<\/div>\n<\/div>\n<\/div>\n<\/div>\n<\/div>\n<\/div>\n<\/div>\n<\/div>\n","protected":false},"excerpt":{"rendered":"<p>Il Miele di Millefiori Vallombrosa \u00e8 prodotto dalle api che raccolgono nettare da una vasta gamma di fiori presenti nella regione di Vallombrosa. Questo miele si distingue per il suo colore che pu\u00f2 variare dall&#8217;ambrato chiaro al marrone scuro, a seconda del tipo di fiori predominanti durante la raccolta. Il sapore \u00e8 complesso e ricco, con note che vanno dal dolce al leggermente amaro, rendendolo unico e versatile\u200b.<\/p>\n<p>Le propriet\u00e0 del miele di millefiori sono numerose. \u00c8 ricco di antiossidanti, vitamine (in particolare vitamina C) e minerali come potassio, calcio e magnesio. Questi componenti lo rendono un eccellente ricostituente naturale, utile per rafforzare il sistema immunitario, migliorare la digestione e alleviare i sintomi di allergie stagionali. Il miele di millefiori ha anche propriet\u00e0 antibatteriche e antinfiammatorie, che lo rendono efficace per lenire mal di gola e tosse\u200b.<\/p>\n<p>Il Miele di Millefiori Vallombrosa \u00e8 ideale per dolcificare bevande calde come t\u00e8 e tisane, aggiungere un tocco di dolcezza naturale a yogurt, cereali e dessert. Pu\u00f2 essere utilizzato anche in cucina per marinare carni, laccare arrosti o accompagnare formaggi stagionati. \u00c8 perfetto anche come integratore naturale di energia, specialmente per atleti e persone in convalescenza.<\/p>\n<p>Il prodotto \u00e8 confezionato in un vasetto di vetro da 500 g. Dopo l&#8217;uso, smaltire il vasetto nella raccolta differenziata del vetro e il tappo nella raccolta della plastica o del metallo, a seconda del materiale. Per ulteriori dettagli sul corretto smaltimento, verificare le disposizioni locali o visitare il sito del produttore.<\/p>\n<p>&nbsp;<\/p>","protected":false},"featured_media":5506,"template":"","meta":{"_acf_changed":false,"inline_featured_image":false},"product_brand":[],"product_cat":[28,118],"product_tag":[263,261,67,92,342,343,262],"class_list":{"0":"post-5505","1":"product","2":"type-product","3":"status-publish","4":"has-post-thumbnail","6":"product_cat-dispensa","7":"product_cat-miele","8":"product_tag-alta-qualita","9":"product_tag-aromatico","10":"product_tag-miele","11":"product_tag-millefiori","12":"product_tag-ricco-di-antiossidanti","13":"product_tag-senza-additivi","14":"product_tag-versatile","16":"first","17":"instock","18":"taxable","19":"shipping-taxable","20":"purchasable","21":"product-type-simple"},"acf":[],"yoast_head":"<!-- This site is optimized with the Yoast SEO plugin v27.5 - https:\/\/yoast.com\/product\/yoast-seo-wordpress\/ -->\n<title>Miele di Millefiori - Vallombrosa - \u00c8tico<\/title>\n<meta name=\"robots\" content=\"index, follow, max-snippet:-1, max-image-preview:large, max-video-preview:-1\" \/>\n<link rel=\"canonical\" href=\"https:\/\/eticoshop.it\/en\/negozio\/dispensa\/miele\/miele-di-millefiori-vallombrosa\/\" \/>\n<meta property=\"og:locale\" content=\"en_GB\" \/>\n<meta property=\"og:type\" content=\"article\" \/>\n<meta property=\"og:title\" content=\"Miele di Millefiori - Vallombrosa - \u00c8tico\" \/>\n<meta property=\"og:description\" content=\"Il Miele di Millefiori Vallombrosa \u00e8 prodotto dalle api che raccolgono nettare da una vasta gamma di fiori presenti nella regione di Vallombrosa. Questo miele si distingue per il suo colore che pu\u00f2 variare dall&#039;ambrato chiaro al marrone scuro, a seconda del tipo di fiori predominanti durante la raccolta. Il sapore \u00e8 complesso e ricco, con note che vanno dal dolce al leggermente amaro, rendendolo unico e versatile\u200b.  Le propriet\u00e0 del miele di millefiori sono numerose. \u00c8 ricco di antiossidanti, vitamine (in particolare vitamina C) e minerali come potassio, calcio e magnesio. Questi componenti lo rendono un eccellente ricostituente naturale, utile per rafforzare il sistema immunitario, migliorare la digestione e alleviare i sintomi di allergie stagionali. Il miele di millefiori ha anche propriet\u00e0 antibatteriche e antinfiammatorie, che lo rendono efficace per lenire mal di gola e tosse\u200b.  Il Miele di Millefiori Vallombrosa \u00e8 ideale per dolcificare bevande calde come t\u00e8 e tisane, aggiungere un tocco di dolcezza naturale a yogurt, cereali e dessert. Pu\u00f2 essere utilizzato anche in cucina per marinare carni, laccare arrosti o accompagnare formaggi stagionati. \u00c8 perfetto anche come integratore naturale di energia, specialmente per atleti e persone in convalescenza.  Il prodotto \u00e8 confezionato in un vasetto di vetro da 500 g. Dopo l&#039;uso, smaltire il vasetto nella raccolta differenziata del vetro e il tappo nella raccolta della plastica o del metallo, a seconda del materiale. Per ulteriori dettagli sul corretto smaltimento, verificare le disposizioni locali o visitare il sito del produttore.  &nbsp;\" \/>\n<meta property=\"og:url\" content=\"https:\/\/eticoshop.it\/en\/negozio\/dispensa\/miele\/miele-di-millefiori-vallombrosa\/\" \/>\n<meta property=\"og:site_name\" content=\"\u00c8tico\" \/>\n<meta property=\"article:modified_time\" content=\"2024-06-21T14:54:30+00:00\" \/>\n<meta property=\"og:image\" content=\"https:\/\/eticoshop.it\/wp-content\/uploads\/2023\/10\/Miele-di-Millefiori-Vallombrosa-1.png\" \/>\n\t<meta property=\"og:image:width\" content=\"1000\" \/>\n\t<meta property=\"og:image:height\" content=\"1000\" \/>\n\t<meta property=\"og:image:type\" content=\"image\/png\" \/>\n<meta name=\"twitter:card\" content=\"summary_large_image\" \/>\n<meta name=\"twitter:label1\" content=\"Estimated reading time\" \/>\n\t<meta name=\"twitter:data1\" content=\"1 minute\" \/>\n<script type=\"application\/ld+json\" class=\"yoast-schema-graph\">{\"@context\":\"https:\\\/\\\/schema.org\",\"@graph\":[{\"@type\":\"WebPage\",\"@id\":\"https:\\\/\\\/eticoshop.it\\\/negozio\\\/dispensa\\\/miele\\\/miele-di-millefiori-vallombrosa\\\/\",\"url\":\"https:\\\/\\\/eticoshop.it\\\/negozio\\\/dispensa\\\/miele\\\/miele-di-millefiori-vallombrosa\\\/\",\"name\":\"Miele di Millefiori - Vallombrosa - \u00c8tico\",\"isPartOf\":{\"@id\":\"https:\\\/\\\/eticoshop.it\\\/#website\"},\"primaryImageOfPage\":{\"@id\":\"https:\\\/\\\/eticoshop.it\\\/negozio\\\/dispensa\\\/miele\\\/miele-di-millefiori-vallombrosa\\\/#primaryimage\"},\"image\":{\"@id\":\"https:\\\/\\\/eticoshop.it\\\/negozio\\\/dispensa\\\/miele\\\/miele-di-millefiori-vallombrosa\\\/#primaryimage\"},\"thumbnailUrl\":\"https:\\\/\\\/eticoshop.it\\\/wp-content\\\/uploads\\\/2023\\\/10\\\/Miele-di-Millefiori-Vallombrosa-1.png\",\"datePublished\":\"2023-09-13T10:09:12+00:00\",\"dateModified\":\"2024-06-21T14:54:30+00:00\",\"breadcrumb\":{\"@id\":\"https:\\\/\\\/eticoshop.it\\\/negozio\\\/dispensa\\\/miele\\\/miele-di-millefiori-vallombrosa\\\/#breadcrumb\"},\"inLanguage\":\"en-GB\",\"potentialAction\":[{\"@type\":\"ReadAction\",\"target\":[\"https:\\\/\\\/eticoshop.it\\\/negozio\\\/dispensa\\\/miele\\\/miele-di-millefiori-vallombrosa\\\/\"]}]},{\"@type\":\"ImageObject\",\"inLanguage\":\"en-GB\",\"@id\":\"https:\\\/\\\/eticoshop.it\\\/negozio\\\/dispensa\\\/miele\\\/miele-di-millefiori-vallombrosa\\\/#primaryimage\",\"url\":\"https:\\\/\\\/eticoshop.it\\\/wp-content\\\/uploads\\\/2023\\\/10\\\/Miele-di-Millefiori-Vallombrosa-1.png\",\"contentUrl\":\"https:\\\/\\\/eticoshop.it\\\/wp-content\\\/uploads\\\/2023\\\/10\\\/Miele-di-Millefiori-Vallombrosa-1.png\",\"width\":1000,\"height\":1000},{\"@type\":\"BreadcrumbList\",\"@id\":\"https:\\\/\\\/eticoshop.it\\\/negozio\\\/dispensa\\\/miele\\\/miele-di-millefiori-vallombrosa\\\/#breadcrumb\",\"itemListElement\":[{\"@type\":\"ListItem\",\"position\":1,\"name\":\"Home\",\"item\":\"https:\\\/\\\/eticoshop.it\\\/\"},{\"@type\":\"ListItem\",\"position\":2,\"name\":\"Shop\",\"item\":\"https:\\\/\\\/eticoshop.it\\\/negozio\\\/\"},{\"@type\":\"ListItem\",\"position\":3,\"name\":\"Dispensa\",\"item\":\"https:\\\/\\\/eticoshop.it\\\/categoria-prodotto\\\/dispensa\\\/\"},{\"@type\":\"ListItem\",\"position\":4,\"name\":\"Miele di Millefiori &#8211; Vallombrosa\"}]},{\"@type\":\"WebSite\",\"@id\":\"https:\\\/\\\/eticoshop.it\\\/#website\",\"url\":\"https:\\\/\\\/eticoshop.it\\\/\",\"name\":\"\u00c8tico\",\"description\":\"\",\"publisher\":{\"@id\":\"https:\\\/\\\/eticoshop.it\\\/#organization\"},\"potentialAction\":[{\"@type\":\"SearchAction\",\"target\":{\"@type\":\"EntryPoint\",\"urlTemplate\":\"https:\\\/\\\/eticoshop.it\\\/?s={search_term_string}\"},\"query-input\":{\"@type\":\"PropertyValueSpecification\",\"valueRequired\":true,\"valueName\":\"search_term_string\"}}],\"inLanguage\":\"en-GB\"},{\"@type\":\"Organization\",\"@id\":\"https:\\\/\\\/eticoshop.it\\\/#organization\",\"name\":\"\u00c8tico\",\"url\":\"https:\\\/\\\/eticoshop.it\\\/\",\"logo\":{\"@type\":\"ImageObject\",\"inLanguage\":\"en-GB\",\"@id\":\"https:\\\/\\\/eticoshop.it\\\/#\\\/schema\\\/logo\\\/image\\\/\",\"url\":\"https:\\\/\\\/eticoshop.it\\\/wp-content\\\/uploads\\\/2023\\\/09\\\/logo-etico.svg\",\"contentUrl\":\"https:\\\/\\\/eticoshop.it\\\/wp-content\\\/uploads\\\/2023\\\/09\\\/logo-etico.svg\",\"width\":973,\"height\":360,\"caption\":\"\u00c8tico\"},\"image\":{\"@id\":\"https:\\\/\\\/eticoshop.it\\\/#\\\/schema\\\/logo\\\/image\\\/\"}}]}<\/script>\n<!-- \/ Yoast SEO plugin. -->","yoast_head_json":{"title":"Miele di Millefiori - Vallombrosa - \u00c8tico","robots":{"index":"index","follow":"follow","max-snippet":"max-snippet:-1","max-image-preview":"max-image-preview:large","max-video-preview":"max-video-preview:-1"},"canonical":"https:\/\/eticoshop.it\/en\/negozio\/dispensa\/miele\/miele-di-millefiori-vallombrosa\/","og_locale":"en_GB","og_type":"article","og_title":"Miele di Millefiori - Vallombrosa - \u00c8tico","og_description":"Il Miele di Millefiori Vallombrosa \u00e8 prodotto dalle api che raccolgono nettare da una vasta gamma di fiori presenti nella regione di Vallombrosa. Questo miele si distingue per il suo colore che pu\u00f2 variare dall'ambrato chiaro al marrone scuro, a seconda del tipo di fiori predominanti durante la raccolta. Il sapore \u00e8 complesso e ricco, con note che vanno dal dolce al leggermente amaro, rendendolo unico e versatile\u200b.  Le propriet\u00e0 del miele di millefiori sono numerose. \u00c8 ricco di antiossidanti, vitamine (in particolare vitamina C) e minerali come potassio, calcio e magnesio. Questi componenti lo rendono un eccellente ricostituente naturale, utile per rafforzare il sistema immunitario, migliorare la digestione e alleviare i sintomi di allergie stagionali. Il miele di millefiori ha anche propriet\u00e0 antibatteriche e antinfiammatorie, che lo rendono efficace per lenire mal di gola e tosse\u200b.  Il Miele di Millefiori Vallombrosa \u00e8 ideale per dolcificare bevande calde come t\u00e8 e tisane, aggiungere un tocco di dolcezza naturale a yogurt, cereali e dessert. Pu\u00f2 essere utilizzato anche in cucina per marinare carni, laccare arrosti o accompagnare formaggi stagionati. \u00c8 perfetto anche come integratore naturale di energia, specialmente per atleti e persone in convalescenza.  Il prodotto \u00e8 confezionato in un vasetto di vetro da 500 g. Dopo l'uso, smaltire il vasetto nella raccolta differenziata del vetro e il tappo nella raccolta della plastica o del metallo, a seconda del materiale. Per ulteriori dettagli sul corretto smaltimento, verificare le disposizioni locali o visitare il sito del produttore.  &nbsp;","og_url":"https:\/\/eticoshop.it\/en\/negozio\/dispensa\/miele\/miele-di-millefiori-vallombrosa\/","og_site_name":"\u00c8tico","article_modified_time":"2024-06-21T14:54:30+00:00","og_image":[{"width":1000,"height":1000,"url":"https:\/\/eticoshop.it\/wp-content\/uploads\/2023\/10\/Miele-di-Millefiori-Vallombrosa-1.png","type":"image\/png"}],"twitter_card":"summary_large_image","twitter_misc":{"Estimated reading time":"1 minute"},"schema":{"@context":"https:\/\/schema.org","@graph":[{"@type":"WebPage","@id":"https:\/\/eticoshop.it\/negozio\/dispensa\/miele\/miele-di-millefiori-vallombrosa\/","url":"https:\/\/eticoshop.it\/negozio\/dispensa\/miele\/miele-di-millefiori-vallombrosa\/","name":"Miele di Millefiori - Vallombrosa - \u00c8tico","isPartOf":{"@id":"https:\/\/eticoshop.it\/#website"},"primaryImageOfPage":{"@id":"https:\/\/eticoshop.it\/negozio\/dispensa\/miele\/miele-di-millefiori-vallombrosa\/#primaryimage"},"image":{"@id":"https:\/\/eticoshop.it\/negozio\/dispensa\/miele\/miele-di-millefiori-vallombrosa\/#primaryimage"},"thumbnailUrl":"https:\/\/eticoshop.it\/wp-content\/uploads\/2023\/10\/Miele-di-Millefiori-Vallombrosa-1.png","datePublished":"2023-09-13T10:09:12+00:00","dateModified":"2024-06-21T14:54:30+00:00","breadcrumb":{"@id":"https:\/\/eticoshop.it\/negozio\/dispensa\/miele\/miele-di-millefiori-vallombrosa\/#breadcrumb"},"inLanguage":"en-GB","potentialAction":[{"@type":"ReadAction","target":["https:\/\/eticoshop.it\/negozio\/dispensa\/miele\/miele-di-millefiori-vallombrosa\/"]}]},{"@type":"ImageObject","inLanguage":"en-GB","@id":"https:\/\/eticoshop.it\/negozio\/dispensa\/miele\/miele-di-millefiori-vallombrosa\/#primaryimage","url":"https:\/\/eticoshop.it\/wp-content\/uploads\/2023\/10\/Miele-di-Millefiori-Vallombrosa-1.png","contentUrl":"https:\/\/eticoshop.it\/wp-content\/uploads\/2023\/10\/Miele-di-Millefiori-Vallombrosa-1.png","width":1000,"height":1000},{"@type":"BreadcrumbList","@id":"https:\/\/eticoshop.it\/negozio\/dispensa\/miele\/miele-di-millefiori-vallombrosa\/#breadcrumb","itemListElement":[{"@type":"ListItem","position":1,"name":"Home","item":"https:\/\/eticoshop.it\/"},{"@type":"ListItem","position":2,"name":"Shop","item":"https:\/\/eticoshop.it\/negozio\/"},{"@type":"ListItem","position":3,"name":"Dispensa","item":"https:\/\/eticoshop.it\/categoria-prodotto\/dispensa\/"},{"@type":"ListItem","position":4,"name":"Miele di Millefiori &#8211; Vallombrosa"}]},{"@type":"WebSite","@id":"https:\/\/eticoshop.it\/#website","url":"https:\/\/eticoshop.it\/","name":"\u00c8tico","description":"","publisher":{"@id":"https:\/\/eticoshop.it\/#organization"},"potentialAction":[{"@type":"SearchAction","target":{"@type":"EntryPoint","urlTemplate":"https:\/\/eticoshop.it\/?s={search_term_string}"},"query-input":{"@type":"PropertyValueSpecification","valueRequired":true,"valueName":"search_term_string"}}],"inLanguage":"en-GB"},{"@type":"Organization","@id":"https:\/\/eticoshop.it\/#organization","name":"\u00c8tico","url":"https:\/\/eticoshop.it\/","logo":{"@type":"ImageObject","inLanguage":"en-GB","@id":"https:\/\/eticoshop.it\/#\/schema\/logo\/image\/","url":"https:\/\/eticoshop.it\/wp-content\/uploads\/2023\/09\/logo-etico.svg","contentUrl":"https:\/\/eticoshop.it\/wp-content\/uploads\/2023\/09\/logo-etico.svg","width":973,"height":360,"caption":"\u00c8tico"},"image":{"@id":"https:\/\/eticoshop.it\/#\/schema\/logo\/image\/"}}]}},"_links":{"self":[{"href":"https:\/\/eticoshop.it\/en\/wp-json\/wp\/v2\/product\/5505","targetHints":{"allow":["GET"]}}],"collection":[{"href":"https:\/\/eticoshop.it\/en\/wp-json\/wp\/v2\/product"}],"about":[{"href":"https:\/\/eticoshop.it\/en\/wp-json\/wp\/v2\/types\/product"}],"wp:featuredmedia":[{"embeddable":true,"href":"https:\/\/eticoshop.it\/en\/wp-json\/wp\/v2\/media\/5506"}],"wp:attachment":[{"href":"https:\/\/eticoshop.it\/en\/wp-json\/wp\/v2\/media?parent=5505"}],"wp:term":[{"taxonomy":"product_brand","embeddable":true,"href":"https:\/\/eticoshop.it\/en\/wp-json\/wp\/v2\/product_brand?post=5505"},{"taxonomy":"product_cat","embeddable":true,"href":"https:\/\/eticoshop.it\/en\/wp-json\/wp\/v2\/product_cat?post=5505"},{"taxonomy":"product_tag","embeddable":true,"href":"https:\/\/eticoshop.it\/en\/wp-json\/wp\/v2\/product_tag?post=5505"}],"curies":[{"name":"wp","href":"https:\/\/api.w.org\/{rel}","templated":true}]}}