





















{"id":5521,"date":"2023-09-26T12:06:26","date_gmt":"2023-09-26T10:06:26","guid":{"rendered":"https:\/\/test-wp.eticoshop.it\/?post_type=product&#038;p=5521"},"modified":"2024-06-14T10:52:01","modified_gmt":"2024-06-14T08:52:01","slug":"farina-di-grano-duro","status":"publish","type":"product","link":"https:\/\/eticoshop.it\/en\/negozio\/dispensa\/farina\/farina-di-grano-duro\/","title":{"rendered":"Farina di Grano Duro Senatore Cappelli"},"content":{"rendered":"<p>La farina di grano duro Podere Pereto, biologica e proteica, \u00e8 ideale per pasta, pane e pizze, mantenendo alta qualit\u00e0 e nutrizione.<\/p>\n<p>&nbsp;<\/p>","protected":false},"excerpt":{"rendered":"<p>All Podere Pereto flours are the result of the recovery of ancient varieties of cereals and legumes that we grow and are not added with leavening agents or in any case with products that can improve their technological characteristics and are naturally suitable for being worked with mother yeast, requiring therefore medium\/long leavening times. The finished product is not only nutritious, but also easy to assimilate for people who poorly tolerate cereals and legumes.<\/p>\n<p>La farina di grano duro Senatore Cappelli di Podere Pereto, macinata a pietra, conserva tutte le propriet\u00e0 nutritive del chicco. Ricca di proteine e fibre, \u00e8 ideale per preparazioni come pasta, pane, pizze e dolci. Essendo una variet\u00e0 antica, offre un gusto autentico e una maggiore digeribilit\u00e0, perfetta per chi cerca un&#8217;alternativa sana e naturale.<\/p>\n<p>&nbsp;<\/p>\n<p>&nbsp;<\/p>","protected":false},"featured_media":5522,"template":"","meta":{"_acf_changed":false,"inline_featured_image":false},"product_brand":[],"product_cat":[28,124],"product_tag":[286,263,106,70,109,246,259],"class_list":{"0":"post-5521","1":"product","2":"type-product","3":"status-publish","4":"has-post-thumbnail","6":"product_cat-dispensa","7":"product_cat-farina","8":"product_tag-adatta-per-pasta","9":"product_tag-alta-qualita","10":"product_tag-biologico","11":"product_tag-farina","12":"product_tag-grano","13":"product_tag-gusto-intenso","14":"product_tag-ricca-di-fibre","16":"first","17":"instock","18":"taxable","19":"shipping-taxable","20":"purchasable","21":"product-type-simple"},"acf":[],"yoast_head":"<!-- This site is optimized with the Yoast SEO plugin v27.4 - https:\/\/yoast.com\/product\/yoast-seo-wordpress\/ -->\n<title>Farina di Grano Duro Senatore Cappelli - \u00c8tico<\/title>\n<meta name=\"robots\" content=\"index, follow, max-snippet:-1, max-image-preview:large, max-video-preview:-1\" \/>\n<link rel=\"canonical\" href=\"https:\/\/eticoshop.it\/en\/negozio\/dispensa\/farina\/farina-di-grano-duro\/\" \/>\n<meta property=\"og:locale\" content=\"en_GB\" \/>\n<meta property=\"og:type\" content=\"article\" \/>\n<meta property=\"og:title\" content=\"Farina di Grano Duro Senatore Cappelli - \u00c8tico\" \/>\n<meta property=\"og:description\" content=\"Tutte le farine di Podere Pereto sono frutto del recupero di antiche varieta&#039; di cereali e legumi che coltiviamo e non sono addizionate con agenti lievitanti o comunque con prodotti che ne possono migliorare le caratteristiche tecnologiche e sono naturalmente indicate per essere lavorate con lievito madre, richiedendo quindi tempi medi\/lunghi di lievitazione. Il prodotto finito risulta, oltre che nutriente, di facile assimilazione anche per persone che mal tollerano cereali e legumi.  La farina di grano duro Senatore Cappelli di Podere Pereto, macinata a pietra, conserva tutte le propriet\u00e0 nutritive del chicco. Ricca di proteine e fibre, \u00e8 ideale per preparazioni come pasta, pane, pizze e dolci. Essendo una variet\u00e0 antica, offre un gusto autentico e una maggiore digeribilit\u00e0, perfetta per chi cerca un&#039;alternativa sana e naturale.  &nbsp;  &nbsp;\" \/>\n<meta property=\"og:url\" content=\"https:\/\/eticoshop.it\/en\/negozio\/dispensa\/farina\/farina-di-grano-duro\/\" \/>\n<meta property=\"og:site_name\" content=\"\u00c8tico\" \/>\n<meta property=\"article:modified_time\" content=\"2024-06-14T08:52:01+00:00\" \/>\n<meta property=\"og:image\" content=\"https:\/\/eticoshop.it\/wp-content\/uploads\/2023\/10\/Farina-di-Grano-Duro.png\" \/>\n\t<meta property=\"og:image:width\" content=\"1000\" \/>\n\t<meta property=\"og:image:height\" content=\"1000\" \/>\n\t<meta property=\"og:image:type\" content=\"image\/png\" \/>\n<meta name=\"twitter:card\" content=\"summary_large_image\" \/>\n<meta name=\"twitter:label1\" content=\"Estimated reading time\" \/>\n\t<meta name=\"twitter:data1\" content=\"1 minute\" \/>\n<script type=\"application\/ld+json\" class=\"yoast-schema-graph\">{\"@context\":\"https:\\\/\\\/schema.org\",\"@graph\":[{\"@type\":\"WebPage\",\"@id\":\"https:\\\/\\\/eticoshop.it\\\/negozio\\\/dispensa\\\/farina\\\/farina-di-grano-duro\\\/\",\"url\":\"https:\\\/\\\/eticoshop.it\\\/negozio\\\/dispensa\\\/farina\\\/farina-di-grano-duro\\\/\",\"name\":\"Farina di Grano Duro Senatore Cappelli - \u00c8tico\",\"isPartOf\":{\"@id\":\"https:\\\/\\\/eticoshop.it\\\/#website\"},\"primaryImageOfPage\":{\"@id\":\"https:\\\/\\\/eticoshop.it\\\/negozio\\\/dispensa\\\/farina\\\/farina-di-grano-duro\\\/#primaryimage\"},\"image\":{\"@id\":\"https:\\\/\\\/eticoshop.it\\\/negozio\\\/dispensa\\\/farina\\\/farina-di-grano-duro\\\/#primaryimage\"},\"thumbnailUrl\":\"https:\\\/\\\/eticoshop.it\\\/wp-content\\\/uploads\\\/2023\\\/10\\\/Farina-di-Grano-Duro.png\",\"datePublished\":\"2023-09-26T10:06:26+00:00\",\"dateModified\":\"2024-06-14T08:52:01+00:00\",\"breadcrumb\":{\"@id\":\"https:\\\/\\\/eticoshop.it\\\/negozio\\\/dispensa\\\/farina\\\/farina-di-grano-duro\\\/#breadcrumb\"},\"inLanguage\":\"en-GB\",\"potentialAction\":[{\"@type\":\"ReadAction\",\"target\":[\"https:\\\/\\\/eticoshop.it\\\/negozio\\\/dispensa\\\/farina\\\/farina-di-grano-duro\\\/\"]}]},{\"@type\":\"ImageObject\",\"inLanguage\":\"en-GB\",\"@id\":\"https:\\\/\\\/eticoshop.it\\\/negozio\\\/dispensa\\\/farina\\\/farina-di-grano-duro\\\/#primaryimage\",\"url\":\"https:\\\/\\\/eticoshop.it\\\/wp-content\\\/uploads\\\/2023\\\/10\\\/Farina-di-Grano-Duro.png\",\"contentUrl\":\"https:\\\/\\\/eticoshop.it\\\/wp-content\\\/uploads\\\/2023\\\/10\\\/Farina-di-Grano-Duro.png\",\"width\":1000,\"height\":1000},{\"@type\":\"BreadcrumbList\",\"@id\":\"https:\\\/\\\/eticoshop.it\\\/negozio\\\/dispensa\\\/farina\\\/farina-di-grano-duro\\\/#breadcrumb\",\"itemListElement\":[{\"@type\":\"ListItem\",\"position\":1,\"name\":\"Home\",\"item\":\"https:\\\/\\\/eticoshop.it\\\/\"},{\"@type\":\"ListItem\",\"position\":2,\"name\":\"Shop\",\"item\":\"https:\\\/\\\/eticoshop.it\\\/negozio\\\/\"},{\"@type\":\"ListItem\",\"position\":3,\"name\":\"Dispensa\",\"item\":\"https:\\\/\\\/eticoshop.it\\\/categoria-prodotto\\\/dispensa\\\/\"},{\"@type\":\"ListItem\",\"position\":4,\"name\":\"Farina di Grano Duro Senatore Cappelli\"}]},{\"@type\":\"WebSite\",\"@id\":\"https:\\\/\\\/eticoshop.it\\\/#website\",\"url\":\"https:\\\/\\\/eticoshop.it\\\/\",\"name\":\"\u00c8tico\",\"description\":\"\",\"publisher\":{\"@id\":\"https:\\\/\\\/eticoshop.it\\\/#organization\"},\"potentialAction\":[{\"@type\":\"SearchAction\",\"target\":{\"@type\":\"EntryPoint\",\"urlTemplate\":\"https:\\\/\\\/eticoshop.it\\\/?s={search_term_string}\"},\"query-input\":{\"@type\":\"PropertyValueSpecification\",\"valueRequired\":true,\"valueName\":\"search_term_string\"}}],\"inLanguage\":\"en-GB\"},{\"@type\":\"Organization\",\"@id\":\"https:\\\/\\\/eticoshop.it\\\/#organization\",\"name\":\"\u00c8tico\",\"url\":\"https:\\\/\\\/eticoshop.it\\\/\",\"logo\":{\"@type\":\"ImageObject\",\"inLanguage\":\"en-GB\",\"@id\":\"https:\\\/\\\/eticoshop.it\\\/#\\\/schema\\\/logo\\\/image\\\/\",\"url\":\"https:\\\/\\\/eticoshop.it\\\/wp-content\\\/uploads\\\/2023\\\/09\\\/logo-etico.svg\",\"contentUrl\":\"https:\\\/\\\/eticoshop.it\\\/wp-content\\\/uploads\\\/2023\\\/09\\\/logo-etico.svg\",\"width\":973,\"height\":360,\"caption\":\"\u00c8tico\"},\"image\":{\"@id\":\"https:\\\/\\\/eticoshop.it\\\/#\\\/schema\\\/logo\\\/image\\\/\"}}]}<\/script>\n<!-- \/ Yoast SEO plugin. -->","yoast_head_json":{"title":"Farina di Grano Duro Senatore Cappelli - \u00c8tico","robots":{"index":"index","follow":"follow","max-snippet":"max-snippet:-1","max-image-preview":"max-image-preview:large","max-video-preview":"max-video-preview:-1"},"canonical":"https:\/\/eticoshop.it\/en\/negozio\/dispensa\/farina\/farina-di-grano-duro\/","og_locale":"en_GB","og_type":"article","og_title":"Farina di Grano Duro Senatore Cappelli - \u00c8tico","og_description":"Tutte le farine di Podere Pereto sono frutto del recupero di antiche varieta' di cereali e legumi che coltiviamo e non sono addizionate con agenti lievitanti o comunque con prodotti che ne possono migliorare le caratteristiche tecnologiche e sono naturalmente indicate per essere lavorate con lievito madre, richiedendo quindi tempi medi\/lunghi di lievitazione. Il prodotto finito risulta, oltre che nutriente, di facile assimilazione anche per persone che mal tollerano cereali e legumi.  La farina di grano duro Senatore Cappelli di Podere Pereto, macinata a pietra, conserva tutte le propriet\u00e0 nutritive del chicco. Ricca di proteine e fibre, \u00e8 ideale per preparazioni come pasta, pane, pizze e dolci. Essendo una variet\u00e0 antica, offre un gusto autentico e una maggiore digeribilit\u00e0, perfetta per chi cerca un'alternativa sana e naturale.  &nbsp;  &nbsp;","og_url":"https:\/\/eticoshop.it\/en\/negozio\/dispensa\/farina\/farina-di-grano-duro\/","og_site_name":"\u00c8tico","article_modified_time":"2024-06-14T08:52:01+00:00","og_image":[{"width":1000,"height":1000,"url":"https:\/\/eticoshop.it\/wp-content\/uploads\/2023\/10\/Farina-di-Grano-Duro.png","type":"image\/png"}],"twitter_card":"summary_large_image","twitter_misc":{"Estimated reading time":"1 minute"},"schema":{"@context":"https:\/\/schema.org","@graph":[{"@type":"WebPage","@id":"https:\/\/eticoshop.it\/negozio\/dispensa\/farina\/farina-di-grano-duro\/","url":"https:\/\/eticoshop.it\/negozio\/dispensa\/farina\/farina-di-grano-duro\/","name":"Farina di Grano Duro Senatore Cappelli - \u00c8tico","isPartOf":{"@id":"https:\/\/eticoshop.it\/#website"},"primaryImageOfPage":{"@id":"https:\/\/eticoshop.it\/negozio\/dispensa\/farina\/farina-di-grano-duro\/#primaryimage"},"image":{"@id":"https:\/\/eticoshop.it\/negozio\/dispensa\/farina\/farina-di-grano-duro\/#primaryimage"},"thumbnailUrl":"https:\/\/eticoshop.it\/wp-content\/uploads\/2023\/10\/Farina-di-Grano-Duro.png","datePublished":"2023-09-26T10:06:26+00:00","dateModified":"2024-06-14T08:52:01+00:00","breadcrumb":{"@id":"https:\/\/eticoshop.it\/negozio\/dispensa\/farina\/farina-di-grano-duro\/#breadcrumb"},"inLanguage":"en-GB","potentialAction":[{"@type":"ReadAction","target":["https:\/\/eticoshop.it\/negozio\/dispensa\/farina\/farina-di-grano-duro\/"]}]},{"@type":"ImageObject","inLanguage":"en-GB","@id":"https:\/\/eticoshop.it\/negozio\/dispensa\/farina\/farina-di-grano-duro\/#primaryimage","url":"https:\/\/eticoshop.it\/wp-content\/uploads\/2023\/10\/Farina-di-Grano-Duro.png","contentUrl":"https:\/\/eticoshop.it\/wp-content\/uploads\/2023\/10\/Farina-di-Grano-Duro.png","width":1000,"height":1000},{"@type":"BreadcrumbList","@id":"https:\/\/eticoshop.it\/negozio\/dispensa\/farina\/farina-di-grano-duro\/#breadcrumb","itemListElement":[{"@type":"ListItem","position":1,"name":"Home","item":"https:\/\/eticoshop.it\/"},{"@type":"ListItem","position":2,"name":"Shop","item":"https:\/\/eticoshop.it\/negozio\/"},{"@type":"ListItem","position":3,"name":"Dispensa","item":"https:\/\/eticoshop.it\/categoria-prodotto\/dispensa\/"},{"@type":"ListItem","position":4,"name":"Farina di Grano Duro Senatore Cappelli"}]},{"@type":"WebSite","@id":"https:\/\/eticoshop.it\/#website","url":"https:\/\/eticoshop.it\/","name":"\u00c8tico","description":"","publisher":{"@id":"https:\/\/eticoshop.it\/#organization"},"potentialAction":[{"@type":"SearchAction","target":{"@type":"EntryPoint","urlTemplate":"https:\/\/eticoshop.it\/?s={search_term_string}"},"query-input":{"@type":"PropertyValueSpecification","valueRequired":true,"valueName":"search_term_string"}}],"inLanguage":"en-GB"},{"@type":"Organization","@id":"https:\/\/eticoshop.it\/#organization","name":"\u00c8tico","url":"https:\/\/eticoshop.it\/","logo":{"@type":"ImageObject","inLanguage":"en-GB","@id":"https:\/\/eticoshop.it\/#\/schema\/logo\/image\/","url":"https:\/\/eticoshop.it\/wp-content\/uploads\/2023\/09\/logo-etico.svg","contentUrl":"https:\/\/eticoshop.it\/wp-content\/uploads\/2023\/09\/logo-etico.svg","width":973,"height":360,"caption":"\u00c8tico"},"image":{"@id":"https:\/\/eticoshop.it\/#\/schema\/logo\/image\/"}}]}},"_links":{"self":[{"href":"https:\/\/eticoshop.it\/en\/wp-json\/wp\/v2\/product\/5521","targetHints":{"allow":["GET"]}}],"collection":[{"href":"https:\/\/eticoshop.it\/en\/wp-json\/wp\/v2\/product"}],"about":[{"href":"https:\/\/eticoshop.it\/en\/wp-json\/wp\/v2\/types\/product"}],"wp:featuredmedia":[{"embeddable":true,"href":"https:\/\/eticoshop.it\/en\/wp-json\/wp\/v2\/media\/5522"}],"wp:attachment":[{"href":"https:\/\/eticoshop.it\/en\/wp-json\/wp\/v2\/media?parent=5521"}],"wp:term":[{"taxonomy":"product_brand","embeddable":true,"href":"https:\/\/eticoshop.it\/en\/wp-json\/wp\/v2\/product_brand?post=5521"},{"taxonomy":"product_cat","embeddable":true,"href":"https:\/\/eticoshop.it\/en\/wp-json\/wp\/v2\/product_cat?post=5521"},{"taxonomy":"product_tag","embeddable":true,"href":"https:\/\/eticoshop.it\/en\/wp-json\/wp\/v2\/product_tag?post=5521"}],"curies":[{"name":"wp","href":"https:\/\/api.w.org\/{rel}","templated":true}]}}