





















{"id":8148,"date":"2024-06-21T17:39:05","date_gmt":"2024-06-21T15:39:05","guid":{"rendered":"https:\/\/eticoshop.it\/?post_type=product&#038;p=8148"},"modified":"2024-06-21T17:39:05","modified_gmt":"2024-06-21T15:39:05","slug":"crema-mani-extravergine","status":"publish","type":"product","link":"https:\/\/eticoshop.it\/en\/negozio\/cosmesi\/creme-mani\/crema-mani-extravergine\/","title":{"rendered":"Crema Mani &#8211; Extravergine"},"content":{"rendered":"<p>La Crema Mani Extravergine nutre e protegge pelli secche e sensibili con olio d&#8217;oliva, aloe vera, burro di karit\u00e9 e olio di argan.<\/p>","protected":false},"excerpt":{"rendered":"<p>La Crema Mani Extravergine \u00e8 progettata per offrire nutrimento e protezione alle pelli secche e sensibili. Questa crema neutra, senza profumazioni, \u00e8 ricca di olio extravergine di oliva, che nutre e protegge la pelle, rendendola morbidissima. L&#8217;aloe vera, inclusa nella formula, lenisce rossori e irritazioni, mentre il burro di karit\u00e9 e l&#8217;olio di argan aggiungono ulteriore idratazione e nutrimento. \u00c8 ideale per chi cerca una crema efficace che non contenga profumazioni n\u00e9 oli essenziali, garantendo un&#8217;azione delicata e naturale sulla pelle.<\/p>\n<p>La crema mani Extravergine si assorbe rapidamente senza lasciare residui oleosi, rendendola perfetta per l&#8217;uso quotidiano. Basta applicare una piccola quantit\u00e0 di crema ogni volta che se ne sente il bisogno e massaggiare fino a completo assorbimento. \u00c8 particolarmente indicata per chi ha la pelle secca e sensibile, offrendo un sollievo immediato e una protezione duratura. Optare per la Crema Mani Extravergine significa scegliere un prodotto naturale, sostenibile e artigianale, certificato biologico e privo di ingredienti dannosi per la salute e l&#8217;ambiente.<\/p>\n<p>La crema \u00e8 confezionata in un pratico barattolo da 60 ml, realizzato in alluminio riciclato, con un sottotappo in plastica LDPE 4, entrambi riciclabili. Questa scelta di packaging non solo protegge il prodotto, ma contribuisce anche alla riduzione dei rifiuti plastici, promuovendo la circolarit\u00e0 e dimostrando che l&#8217;eleganza e la praticit\u00e0 possono coesistere con la responsabilit\u00e0 ambientale. Il barattolo in alluminio \u00e8 perfetto per essere riutilizzato una volta terminata la crema, trovando nuovi usi come contenitore per piccoli oggetti, accessori o persino per shampoo e balsami solidi.<\/p>","protected":false},"featured_media":8150,"template":"","meta":{"_acf_changed":false,"inline_featured_image":false},"product_brand":[],"product_cat":[29,145],"product_tag":[171,106,146,151,254,216,268],"class_list":{"0":"post-8148","1":"product","2":"type-product","3":"status-publish","4":"has-post-thumbnail","6":"product_cat-cosmesi","7":"product_cat-creme-mani","8":"product_tag-assorbimento-rapido","9":"product_tag-biologico","10":"product_tag-cura-delle-mani","11":"product_tag-idratazione","12":"product_tag-non-untuosa","13":"product_tag-nutriente","14":"product_tag-pelli-secche","16":"first","17":"instock","18":"taxable","19":"shipping-taxable","20":"purchasable","21":"product-type-simple"},"acf":[],"yoast_head":"<!-- This site is optimized with the Yoast SEO plugin v27.4 - https:\/\/yoast.com\/product\/yoast-seo-wordpress\/ -->\n<title>Crema Mani - Extravergine - \u00c8tico<\/title>\n<meta name=\"robots\" content=\"index, follow, max-snippet:-1, max-image-preview:large, max-video-preview:-1\" \/>\n<link rel=\"canonical\" href=\"https:\/\/eticoshop.it\/en\/negozio\/cosmesi\/creme-mani\/crema-mani-extravergine\/\" \/>\n<meta property=\"og:locale\" content=\"en_GB\" \/>\n<meta property=\"og:type\" content=\"article\" \/>\n<meta property=\"og:title\" content=\"Crema Mani - Extravergine - \u00c8tico\" \/>\n<meta property=\"og:description\" content=\"La Crema Mani Extravergine \u00e8 progettata per offrire nutrimento e protezione alle pelli secche e sensibili. Questa crema neutra, senza profumazioni, \u00e8 ricca di olio extravergine di oliva, che nutre e protegge la pelle, rendendola morbidissima. L&#039;aloe vera, inclusa nella formula, lenisce rossori e irritazioni, mentre il burro di karit\u00e9 e l&#039;olio di argan aggiungono ulteriore idratazione e nutrimento. \u00c8 ideale per chi cerca una crema efficace che non contenga profumazioni n\u00e9 oli essenziali, garantendo un&#039;azione delicata e naturale sulla pelle.  La crema mani Extravergine si assorbe rapidamente senza lasciare residui oleosi, rendendola perfetta per l&#039;uso quotidiano. Basta applicare una piccola quantit\u00e0 di crema ogni volta che se ne sente il bisogno e massaggiare fino a completo assorbimento. \u00c8 particolarmente indicata per chi ha la pelle secca e sensibile, offrendo un sollievo immediato e una protezione duratura. Optare per la Crema Mani Extravergine significa scegliere un prodotto naturale, sostenibile e artigianale, certificato biologico e privo di ingredienti dannosi per la salute e l&#039;ambiente.  La crema \u00e8 confezionata in un pratico barattolo da 60 ml, realizzato in alluminio riciclato, con un sottotappo in plastica LDPE 4, entrambi riciclabili. Questa scelta di packaging non solo protegge il prodotto, ma contribuisce anche alla riduzione dei rifiuti plastici, promuovendo la circolarit\u00e0 e dimostrando che l&#039;eleganza e la praticit\u00e0 possono coesistere con la responsabilit\u00e0 ambientale. Il barattolo in alluminio \u00e8 perfetto per essere riutilizzato una volta terminata la crema, trovando nuovi usi come contenitore per piccoli oggetti, accessori o persino per shampoo e balsami solidi.\" \/>\n<meta property=\"og:url\" content=\"https:\/\/eticoshop.it\/en\/negozio\/cosmesi\/creme-mani\/crema-mani-extravergine\/\" \/>\n<meta property=\"og:site_name\" content=\"\u00c8tico\" \/>\n<meta property=\"og:image\" content=\"https:\/\/eticoshop.it\/wp-content\/uploads\/2024\/06\/extra-vergine-copia.png\" \/>\n\t<meta property=\"og:image:width\" content=\"2000\" \/>\n\t<meta property=\"og:image:height\" content=\"2000\" \/>\n\t<meta property=\"og:image:type\" content=\"image\/png\" \/>\n<meta name=\"twitter:card\" content=\"summary_large_image\" \/>\n<meta name=\"twitter:label1\" content=\"Estimated reading time\" \/>\n\t<meta name=\"twitter:data1\" content=\"1 minute\" \/>\n<script type=\"application\/ld+json\" class=\"yoast-schema-graph\">{\"@context\":\"https:\\\/\\\/schema.org\",\"@graph\":[{\"@type\":\"WebPage\",\"@id\":\"https:\\\/\\\/eticoshop.it\\\/negozio\\\/cosmesi\\\/creme-mani\\\/crema-mani-extravergine\\\/\",\"url\":\"https:\\\/\\\/eticoshop.it\\\/negozio\\\/cosmesi\\\/creme-mani\\\/crema-mani-extravergine\\\/\",\"name\":\"Crema Mani - Extravergine - \u00c8tico\",\"isPartOf\":{\"@id\":\"https:\\\/\\\/eticoshop.it\\\/#website\"},\"primaryImageOfPage\":{\"@id\":\"https:\\\/\\\/eticoshop.it\\\/negozio\\\/cosmesi\\\/creme-mani\\\/crema-mani-extravergine\\\/#primaryimage\"},\"image\":{\"@id\":\"https:\\\/\\\/eticoshop.it\\\/negozio\\\/cosmesi\\\/creme-mani\\\/crema-mani-extravergine\\\/#primaryimage\"},\"thumbnailUrl\":\"https:\\\/\\\/eticoshop.it\\\/wp-content\\\/uploads\\\/2024\\\/06\\\/extra-vergine-copia.png\",\"datePublished\":\"2024-06-21T15:39:05+00:00\",\"breadcrumb\":{\"@id\":\"https:\\\/\\\/eticoshop.it\\\/negozio\\\/cosmesi\\\/creme-mani\\\/crema-mani-extravergine\\\/#breadcrumb\"},\"inLanguage\":\"en-GB\",\"potentialAction\":[{\"@type\":\"ReadAction\",\"target\":[\"https:\\\/\\\/eticoshop.it\\\/negozio\\\/cosmesi\\\/creme-mani\\\/crema-mani-extravergine\\\/\"]}]},{\"@type\":\"ImageObject\",\"inLanguage\":\"en-GB\",\"@id\":\"https:\\\/\\\/eticoshop.it\\\/negozio\\\/cosmesi\\\/creme-mani\\\/crema-mani-extravergine\\\/#primaryimage\",\"url\":\"https:\\\/\\\/eticoshop.it\\\/wp-content\\\/uploads\\\/2024\\\/06\\\/extra-vergine-copia.png\",\"contentUrl\":\"https:\\\/\\\/eticoshop.it\\\/wp-content\\\/uploads\\\/2024\\\/06\\\/extra-vergine-copia.png\",\"width\":2000,\"height\":2000,\"caption\":\"crema mani extravergine\"},{\"@type\":\"BreadcrumbList\",\"@id\":\"https:\\\/\\\/eticoshop.it\\\/negozio\\\/cosmesi\\\/creme-mani\\\/crema-mani-extravergine\\\/#breadcrumb\",\"itemListElement\":[{\"@type\":\"ListItem\",\"position\":1,\"name\":\"Home\",\"item\":\"https:\\\/\\\/eticoshop.it\\\/\"},{\"@type\":\"ListItem\",\"position\":2,\"name\":\"Shop\",\"item\":\"https:\\\/\\\/eticoshop.it\\\/negozio\\\/\"},{\"@type\":\"ListItem\",\"position\":3,\"name\":\"Cosmesi\",\"item\":\"https:\\\/\\\/eticoshop.it\\\/categoria-prodotto\\\/cosmesi\\\/\"},{\"@type\":\"ListItem\",\"position\":4,\"name\":\"Crema Mani &#8211; Extravergine\"}]},{\"@type\":\"WebSite\",\"@id\":\"https:\\\/\\\/eticoshop.it\\\/#website\",\"url\":\"https:\\\/\\\/eticoshop.it\\\/\",\"name\":\"\u00c8tico\",\"description\":\"\",\"publisher\":{\"@id\":\"https:\\\/\\\/eticoshop.it\\\/#organization\"},\"potentialAction\":[{\"@type\":\"SearchAction\",\"target\":{\"@type\":\"EntryPoint\",\"urlTemplate\":\"https:\\\/\\\/eticoshop.it\\\/?s={search_term_string}\"},\"query-input\":{\"@type\":\"PropertyValueSpecification\",\"valueRequired\":true,\"valueName\":\"search_term_string\"}}],\"inLanguage\":\"en-GB\"},{\"@type\":\"Organization\",\"@id\":\"https:\\\/\\\/eticoshop.it\\\/#organization\",\"name\":\"\u00c8tico\",\"url\":\"https:\\\/\\\/eticoshop.it\\\/\",\"logo\":{\"@type\":\"ImageObject\",\"inLanguage\":\"en-GB\",\"@id\":\"https:\\\/\\\/eticoshop.it\\\/#\\\/schema\\\/logo\\\/image\\\/\",\"url\":\"https:\\\/\\\/eticoshop.it\\\/wp-content\\\/uploads\\\/2023\\\/09\\\/logo-etico.svg\",\"contentUrl\":\"https:\\\/\\\/eticoshop.it\\\/wp-content\\\/uploads\\\/2023\\\/09\\\/logo-etico.svg\",\"width\":973,\"height\":360,\"caption\":\"\u00c8tico\"},\"image\":{\"@id\":\"https:\\\/\\\/eticoshop.it\\\/#\\\/schema\\\/logo\\\/image\\\/\"}}]}<\/script>\n<!-- \/ Yoast SEO plugin. -->","yoast_head_json":{"title":"Crema Mani - Extravergine - \u00c8tico","robots":{"index":"index","follow":"follow","max-snippet":"max-snippet:-1","max-image-preview":"max-image-preview:large","max-video-preview":"max-video-preview:-1"},"canonical":"https:\/\/eticoshop.it\/en\/negozio\/cosmesi\/creme-mani\/crema-mani-extravergine\/","og_locale":"en_GB","og_type":"article","og_title":"Crema Mani - Extravergine - \u00c8tico","og_description":"La Crema Mani Extravergine \u00e8 progettata per offrire nutrimento e protezione alle pelli secche e sensibili. Questa crema neutra, senza profumazioni, \u00e8 ricca di olio extravergine di oliva, che nutre e protegge la pelle, rendendola morbidissima. L'aloe vera, inclusa nella formula, lenisce rossori e irritazioni, mentre il burro di karit\u00e9 e l'olio di argan aggiungono ulteriore idratazione e nutrimento. \u00c8 ideale per chi cerca una crema efficace che non contenga profumazioni n\u00e9 oli essenziali, garantendo un'azione delicata e naturale sulla pelle.  La crema mani Extravergine si assorbe rapidamente senza lasciare residui oleosi, rendendola perfetta per l'uso quotidiano. Basta applicare una piccola quantit\u00e0 di crema ogni volta che se ne sente il bisogno e massaggiare fino a completo assorbimento. \u00c8 particolarmente indicata per chi ha la pelle secca e sensibile, offrendo un sollievo immediato e una protezione duratura. Optare per la Crema Mani Extravergine significa scegliere un prodotto naturale, sostenibile e artigianale, certificato biologico e privo di ingredienti dannosi per la salute e l'ambiente.  La crema \u00e8 confezionata in un pratico barattolo da 60 ml, realizzato in alluminio riciclato, con un sottotappo in plastica LDPE 4, entrambi riciclabili. Questa scelta di packaging non solo protegge il prodotto, ma contribuisce anche alla riduzione dei rifiuti plastici, promuovendo la circolarit\u00e0 e dimostrando che l'eleganza e la praticit\u00e0 possono coesistere con la responsabilit\u00e0 ambientale. Il barattolo in alluminio \u00e8 perfetto per essere riutilizzato una volta terminata la crema, trovando nuovi usi come contenitore per piccoli oggetti, accessori o persino per shampoo e balsami solidi.","og_url":"https:\/\/eticoshop.it\/en\/negozio\/cosmesi\/creme-mani\/crema-mani-extravergine\/","og_site_name":"\u00c8tico","og_image":[{"width":2000,"height":2000,"url":"https:\/\/eticoshop.it\/wp-content\/uploads\/2024\/06\/extra-vergine-copia.png","type":"image\/png"}],"twitter_card":"summary_large_image","twitter_misc":{"Estimated reading time":"1 minute"},"schema":{"@context":"https:\/\/schema.org","@graph":[{"@type":"WebPage","@id":"https:\/\/eticoshop.it\/negozio\/cosmesi\/creme-mani\/crema-mani-extravergine\/","url":"https:\/\/eticoshop.it\/negozio\/cosmesi\/creme-mani\/crema-mani-extravergine\/","name":"Crema Mani - Extravergine - \u00c8tico","isPartOf":{"@id":"https:\/\/eticoshop.it\/#website"},"primaryImageOfPage":{"@id":"https:\/\/eticoshop.it\/negozio\/cosmesi\/creme-mani\/crema-mani-extravergine\/#primaryimage"},"image":{"@id":"https:\/\/eticoshop.it\/negozio\/cosmesi\/creme-mani\/crema-mani-extravergine\/#primaryimage"},"thumbnailUrl":"https:\/\/eticoshop.it\/wp-content\/uploads\/2024\/06\/extra-vergine-copia.png","datePublished":"2024-06-21T15:39:05+00:00","breadcrumb":{"@id":"https:\/\/eticoshop.it\/negozio\/cosmesi\/creme-mani\/crema-mani-extravergine\/#breadcrumb"},"inLanguage":"en-GB","potentialAction":[{"@type":"ReadAction","target":["https:\/\/eticoshop.it\/negozio\/cosmesi\/creme-mani\/crema-mani-extravergine\/"]}]},{"@type":"ImageObject","inLanguage":"en-GB","@id":"https:\/\/eticoshop.it\/negozio\/cosmesi\/creme-mani\/crema-mani-extravergine\/#primaryimage","url":"https:\/\/eticoshop.it\/wp-content\/uploads\/2024\/06\/extra-vergine-copia.png","contentUrl":"https:\/\/eticoshop.it\/wp-content\/uploads\/2024\/06\/extra-vergine-copia.png","width":2000,"height":2000,"caption":"crema mani extravergine"},{"@type":"BreadcrumbList","@id":"https:\/\/eticoshop.it\/negozio\/cosmesi\/creme-mani\/crema-mani-extravergine\/#breadcrumb","itemListElement":[{"@type":"ListItem","position":1,"name":"Home","item":"https:\/\/eticoshop.it\/"},{"@type":"ListItem","position":2,"name":"Shop","item":"https:\/\/eticoshop.it\/negozio\/"},{"@type":"ListItem","position":3,"name":"Cosmesi","item":"https:\/\/eticoshop.it\/categoria-prodotto\/cosmesi\/"},{"@type":"ListItem","position":4,"name":"Crema Mani &#8211; Extravergine"}]},{"@type":"WebSite","@id":"https:\/\/eticoshop.it\/#website","url":"https:\/\/eticoshop.it\/","name":"\u00c8tico","description":"","publisher":{"@id":"https:\/\/eticoshop.it\/#organization"},"potentialAction":[{"@type":"SearchAction","target":{"@type":"EntryPoint","urlTemplate":"https:\/\/eticoshop.it\/?s={search_term_string}"},"query-input":{"@type":"PropertyValueSpecification","valueRequired":true,"valueName":"search_term_string"}}],"inLanguage":"en-GB"},{"@type":"Organization","@id":"https:\/\/eticoshop.it\/#organization","name":"\u00c8tico","url":"https:\/\/eticoshop.it\/","logo":{"@type":"ImageObject","inLanguage":"en-GB","@id":"https:\/\/eticoshop.it\/#\/schema\/logo\/image\/","url":"https:\/\/eticoshop.it\/wp-content\/uploads\/2023\/09\/logo-etico.svg","contentUrl":"https:\/\/eticoshop.it\/wp-content\/uploads\/2023\/09\/logo-etico.svg","width":973,"height":360,"caption":"\u00c8tico"},"image":{"@id":"https:\/\/eticoshop.it\/#\/schema\/logo\/image\/"}}]}},"_links":{"self":[{"href":"https:\/\/eticoshop.it\/en\/wp-json\/wp\/v2\/product\/8148","targetHints":{"allow":["GET"]}}],"collection":[{"href":"https:\/\/eticoshop.it\/en\/wp-json\/wp\/v2\/product"}],"about":[{"href":"https:\/\/eticoshop.it\/en\/wp-json\/wp\/v2\/types\/product"}],"wp:featuredmedia":[{"embeddable":true,"href":"https:\/\/eticoshop.it\/en\/wp-json\/wp\/v2\/media\/8150"}],"wp:attachment":[{"href":"https:\/\/eticoshop.it\/en\/wp-json\/wp\/v2\/media?parent=8148"}],"wp:term":[{"taxonomy":"product_brand","embeddable":true,"href":"https:\/\/eticoshop.it\/en\/wp-json\/wp\/v2\/product_brand?post=8148"},{"taxonomy":"product_cat","embeddable":true,"href":"https:\/\/eticoshop.it\/en\/wp-json\/wp\/v2\/product_cat?post=8148"},{"taxonomy":"product_tag","embeddable":true,"href":"https:\/\/eticoshop.it\/en\/wp-json\/wp\/v2\/product_tag?post=8148"}],"curies":[{"name":"wp","href":"https:\/\/api.w.org\/{rel}","templated":true}]}}