





















{"id":8196,"date":"2024-06-21T17:39:33","date_gmt":"2024-06-21T15:39:33","guid":{"rendered":"https:\/\/eticoshop.it\/?post_type=product&#038;p=8196"},"modified":"2024-06-21T17:39:34","modified_gmt":"2024-06-21T15:39:34","slug":"collagene-vegetale","status":"publish","type":"product","link":"https:\/\/eticoshop.it\/en\/negozio\/cosmesi\/trattamenti-skincare\/collagene-vegetale\/","title":{"rendered":"Collagene Vegetale"},"content":{"rendered":"<p>Il Collagene Vegetale migliora elasticit\u00e0 e tono della pelle, fornendo un effetto tensore immediato. Ideale per pelli mature, adatto a tutti i tipi.<\/p>\n<h3><\/h3>","protected":false},"excerpt":{"rendered":"<p>Il Collagene Vegetale \u00e8 un siero viso formulato per fornire alla pelle il supporto proteico necessario a contrastare i segni del tempo. Grazie agli estratti naturali di Kigelia Africana e Quillaja Saponaria, questo attivo puro apporta benefici significativi, migliorando l&#8217;elasticit\u00e0 e il tono della pelle, conferendo un effetto tensore immediato e mantenendo la pelle idratata e protetta dagli agenti esterni.<\/p>\n<p>Per utilizzare il Collagene Vegetale, applica 2 gocce direttamente sul viso deterso, mattina e sera, massaggiando fino a completo assorbimento. In alternativa, puoi aggiungere 1-2 gocce alla tua crema viso o siero abituale per potenziarne l&#8217;efficacia. Questo siero \u00e8 ideale per chi desidera integrare nella propria routine di bellezza un attivo naturale capace di donare un effetto tensore immediato e migliorare l&#8217;elasticit\u00e0 della pelle. Particolarmente indicato per pelli mature, \u00e8 comunque adatto a tutti i tipi di pelle.<\/p>\n<p>Il Collagene Vegetale \u00e8 confezionato in flaconi anti-UV per proteggere l&#8217;efficacia del prodotto. I flaconi sono realizzati in plastica riciclata post-consumo (re-bottle), una scelta ecologica che contribuisce a ridurre i rifiuti e l&#8217;impatto ambientale. Il packaging \u00e8 completamente riciclabile seguendo le indicazioni del proprio comune.<\/p>","protected":false},"featured_media":8198,"template":"","meta":{"_acf_changed":false,"inline_featured_image":false},"product_brand":[],"product_cat":[29,155],"product_tag":[197,106,144,227,151,210,173,166],"class_list":{"0":"post-8196","1":"product","2":"type-product","3":"status-publish","4":"has-post-thumbnail","6":"product_cat-cosmesi","7":"product_cat-trattamenti-skincare","8":"product_tag-antiage","9":"product_tag-biologico","10":"product_tag-cura-della-pelle-del-viso","11":"product_tag-elasticizzante","12":"product_tag-idratazione","13":"product_tag-riduzione-rughe","14":"product_tag-rinforzante","15":"product_tag-tonificante","17":"first","18":"instock","19":"taxable","20":"shipping-taxable","21":"purchasable","22":"product-type-simple"},"acf":[],"yoast_head":"<!-- This site is optimized with the Yoast SEO plugin v27.3 - https:\/\/yoast.com\/product\/yoast-seo-wordpress\/ -->\n<title>Collagene Vegetale - \u00c8tico<\/title>\n<meta name=\"robots\" content=\"index, follow, max-snippet:-1, max-image-preview:large, max-video-preview:-1\" \/>\n<link rel=\"canonical\" href=\"https:\/\/eticoshop.it\/en\/negozio\/cosmesi\/trattamenti-skincare\/collagene-vegetale\/\" \/>\n<meta property=\"og:locale\" content=\"en_GB\" \/>\n<meta property=\"og:type\" content=\"article\" \/>\n<meta property=\"og:title\" content=\"Collagene Vegetale - \u00c8tico\" \/>\n<meta property=\"og:description\" content=\"Il Collagene Vegetale \u00e8 un siero viso formulato per fornire alla pelle il supporto proteico necessario a contrastare i segni del tempo. Grazie agli estratti naturali di Kigelia Africana e Quillaja Saponaria, questo attivo puro apporta benefici significativi, migliorando l&#039;elasticit\u00e0 e il tono della pelle, conferendo un effetto tensore immediato e mantenendo la pelle idratata e protetta dagli agenti esterni.  Per utilizzare il Collagene Vegetale, applica 2 gocce direttamente sul viso deterso, mattina e sera, massaggiando fino a completo assorbimento. In alternativa, puoi aggiungere 1-2 gocce alla tua crema viso o siero abituale per potenziarne l&#039;efficacia. Questo siero \u00e8 ideale per chi desidera integrare nella propria routine di bellezza un attivo naturale capace di donare un effetto tensore immediato e migliorare l&#039;elasticit\u00e0 della pelle. Particolarmente indicato per pelli mature, \u00e8 comunque adatto a tutti i tipi di pelle.  Il Collagene Vegetale \u00e8 confezionato in flaconi anti-UV per proteggere l&#039;efficacia del prodotto. I flaconi sono realizzati in plastica riciclata post-consumo (re-bottle), una scelta ecologica che contribuisce a ridurre i rifiuti e l&#039;impatto ambientale. Il packaging \u00e8 completamente riciclabile seguendo le indicazioni del proprio comune.\" \/>\n<meta property=\"og:url\" content=\"https:\/\/eticoshop.it\/en\/negozio\/cosmesi\/trattamenti-skincare\/collagene-vegetale\/\" \/>\n<meta property=\"og:site_name\" content=\"\u00c8tico\" \/>\n<meta property=\"article:modified_time\" content=\"2024-06-21T15:39:34+00:00\" \/>\n<meta property=\"og:image\" content=\"https:\/\/eticoshop.it\/wp-content\/uploads\/2024\/06\/collagene-vegetale-copia.png\" \/>\n\t<meta property=\"og:image:width\" content=\"2000\" \/>\n\t<meta property=\"og:image:height\" content=\"2000\" \/>\n\t<meta property=\"og:image:type\" content=\"image\/png\" \/>\n<meta name=\"twitter:card\" content=\"summary_large_image\" \/>\n<meta name=\"twitter:label1\" content=\"Estimated reading time\" \/>\n\t<meta name=\"twitter:data1\" content=\"1 minute\" \/>\n<script type=\"application\/ld+json\" class=\"yoast-schema-graph\">{\"@context\":\"https:\\\/\\\/schema.org\",\"@graph\":[{\"@type\":\"WebPage\",\"@id\":\"https:\\\/\\\/eticoshop.it\\\/negozio\\\/cosmesi\\\/trattamenti-skincare\\\/collagene-vegetale\\\/\",\"url\":\"https:\\\/\\\/eticoshop.it\\\/negozio\\\/cosmesi\\\/trattamenti-skincare\\\/collagene-vegetale\\\/\",\"name\":\"Collagene Vegetale - \u00c8tico\",\"isPartOf\":{\"@id\":\"https:\\\/\\\/eticoshop.it\\\/#website\"},\"primaryImageOfPage\":{\"@id\":\"https:\\\/\\\/eticoshop.it\\\/negozio\\\/cosmesi\\\/trattamenti-skincare\\\/collagene-vegetale\\\/#primaryimage\"},\"image\":{\"@id\":\"https:\\\/\\\/eticoshop.it\\\/negozio\\\/cosmesi\\\/trattamenti-skincare\\\/collagene-vegetale\\\/#primaryimage\"},\"thumbnailUrl\":\"https:\\\/\\\/eticoshop.it\\\/wp-content\\\/uploads\\\/2024\\\/06\\\/collagene-vegetale-copia.png\",\"datePublished\":\"2024-06-21T15:39:33+00:00\",\"dateModified\":\"2024-06-21T15:39:34+00:00\",\"breadcrumb\":{\"@id\":\"https:\\\/\\\/eticoshop.it\\\/negozio\\\/cosmesi\\\/trattamenti-skincare\\\/collagene-vegetale\\\/#breadcrumb\"},\"inLanguage\":\"en-GB\",\"potentialAction\":[{\"@type\":\"ReadAction\",\"target\":[\"https:\\\/\\\/eticoshop.it\\\/negozio\\\/cosmesi\\\/trattamenti-skincare\\\/collagene-vegetale\\\/\"]}]},{\"@type\":\"ImageObject\",\"inLanguage\":\"en-GB\",\"@id\":\"https:\\\/\\\/eticoshop.it\\\/negozio\\\/cosmesi\\\/trattamenti-skincare\\\/collagene-vegetale\\\/#primaryimage\",\"url\":\"https:\\\/\\\/eticoshop.it\\\/wp-content\\\/uploads\\\/2024\\\/06\\\/collagene-vegetale-copia.png\",\"contentUrl\":\"https:\\\/\\\/eticoshop.it\\\/wp-content\\\/uploads\\\/2024\\\/06\\\/collagene-vegetale-copia.png\",\"width\":2000,\"height\":2000,\"caption\":\"collagene vegetale\"},{\"@type\":\"BreadcrumbList\",\"@id\":\"https:\\\/\\\/eticoshop.it\\\/negozio\\\/cosmesi\\\/trattamenti-skincare\\\/collagene-vegetale\\\/#breadcrumb\",\"itemListElement\":[{\"@type\":\"ListItem\",\"position\":1,\"name\":\"Home\",\"item\":\"https:\\\/\\\/eticoshop.it\\\/\"},{\"@type\":\"ListItem\",\"position\":2,\"name\":\"Shop\",\"item\":\"https:\\\/\\\/eticoshop.it\\\/negozio\\\/\"},{\"@type\":\"ListItem\",\"position\":3,\"name\":\"Cosmesi\",\"item\":\"https:\\\/\\\/eticoshop.it\\\/categoria-prodotto\\\/cosmesi\\\/\"},{\"@type\":\"ListItem\",\"position\":4,\"name\":\"Collagene Vegetale\"}]},{\"@type\":\"WebSite\",\"@id\":\"https:\\\/\\\/eticoshop.it\\\/#website\",\"url\":\"https:\\\/\\\/eticoshop.it\\\/\",\"name\":\"\u00c8tico\",\"description\":\"\",\"publisher\":{\"@id\":\"https:\\\/\\\/eticoshop.it\\\/#organization\"},\"potentialAction\":[{\"@type\":\"SearchAction\",\"target\":{\"@type\":\"EntryPoint\",\"urlTemplate\":\"https:\\\/\\\/eticoshop.it\\\/?s={search_term_string}\"},\"query-input\":{\"@type\":\"PropertyValueSpecification\",\"valueRequired\":true,\"valueName\":\"search_term_string\"}}],\"inLanguage\":\"en-GB\"},{\"@type\":\"Organization\",\"@id\":\"https:\\\/\\\/eticoshop.it\\\/#organization\",\"name\":\"\u00c8tico\",\"url\":\"https:\\\/\\\/eticoshop.it\\\/\",\"logo\":{\"@type\":\"ImageObject\",\"inLanguage\":\"en-GB\",\"@id\":\"https:\\\/\\\/eticoshop.it\\\/#\\\/schema\\\/logo\\\/image\\\/\",\"url\":\"https:\\\/\\\/eticoshop.it\\\/wp-content\\\/uploads\\\/2023\\\/09\\\/logo-etico.svg\",\"contentUrl\":\"https:\\\/\\\/eticoshop.it\\\/wp-content\\\/uploads\\\/2023\\\/09\\\/logo-etico.svg\",\"width\":973,\"height\":360,\"caption\":\"\u00c8tico\"},\"image\":{\"@id\":\"https:\\\/\\\/eticoshop.it\\\/#\\\/schema\\\/logo\\\/image\\\/\"}}]}<\/script>\n<!-- \/ Yoast SEO plugin. -->","yoast_head_json":{"title":"Collagene Vegetale - \u00c8tico","robots":{"index":"index","follow":"follow","max-snippet":"max-snippet:-1","max-image-preview":"max-image-preview:large","max-video-preview":"max-video-preview:-1"},"canonical":"https:\/\/eticoshop.it\/en\/negozio\/cosmesi\/trattamenti-skincare\/collagene-vegetale\/","og_locale":"en_GB","og_type":"article","og_title":"Collagene Vegetale - \u00c8tico","og_description":"Il Collagene Vegetale \u00e8 un siero viso formulato per fornire alla pelle il supporto proteico necessario a contrastare i segni del tempo. Grazie agli estratti naturali di Kigelia Africana e Quillaja Saponaria, questo attivo puro apporta benefici significativi, migliorando l'elasticit\u00e0 e il tono della pelle, conferendo un effetto tensore immediato e mantenendo la pelle idratata e protetta dagli agenti esterni.  Per utilizzare il Collagene Vegetale, applica 2 gocce direttamente sul viso deterso, mattina e sera, massaggiando fino a completo assorbimento. In alternativa, puoi aggiungere 1-2 gocce alla tua crema viso o siero abituale per potenziarne l'efficacia. Questo siero \u00e8 ideale per chi desidera integrare nella propria routine di bellezza un attivo naturale capace di donare un effetto tensore immediato e migliorare l'elasticit\u00e0 della pelle. Particolarmente indicato per pelli mature, \u00e8 comunque adatto a tutti i tipi di pelle.  Il Collagene Vegetale \u00e8 confezionato in flaconi anti-UV per proteggere l'efficacia del prodotto. I flaconi sono realizzati in plastica riciclata post-consumo (re-bottle), una scelta ecologica che contribuisce a ridurre i rifiuti e l'impatto ambientale. Il packaging \u00e8 completamente riciclabile seguendo le indicazioni del proprio comune.","og_url":"https:\/\/eticoshop.it\/en\/negozio\/cosmesi\/trattamenti-skincare\/collagene-vegetale\/","og_site_name":"\u00c8tico","article_modified_time":"2024-06-21T15:39:34+00:00","og_image":[{"width":2000,"height":2000,"url":"https:\/\/eticoshop.it\/wp-content\/uploads\/2024\/06\/collagene-vegetale-copia.png","type":"image\/png"}],"twitter_card":"summary_large_image","twitter_misc":{"Estimated reading time":"1 minute"},"schema":{"@context":"https:\/\/schema.org","@graph":[{"@type":"WebPage","@id":"https:\/\/eticoshop.it\/negozio\/cosmesi\/trattamenti-skincare\/collagene-vegetale\/","url":"https:\/\/eticoshop.it\/negozio\/cosmesi\/trattamenti-skincare\/collagene-vegetale\/","name":"Collagene Vegetale - \u00c8tico","isPartOf":{"@id":"https:\/\/eticoshop.it\/#website"},"primaryImageOfPage":{"@id":"https:\/\/eticoshop.it\/negozio\/cosmesi\/trattamenti-skincare\/collagene-vegetale\/#primaryimage"},"image":{"@id":"https:\/\/eticoshop.it\/negozio\/cosmesi\/trattamenti-skincare\/collagene-vegetale\/#primaryimage"},"thumbnailUrl":"https:\/\/eticoshop.it\/wp-content\/uploads\/2024\/06\/collagene-vegetale-copia.png","datePublished":"2024-06-21T15:39:33+00:00","dateModified":"2024-06-21T15:39:34+00:00","breadcrumb":{"@id":"https:\/\/eticoshop.it\/negozio\/cosmesi\/trattamenti-skincare\/collagene-vegetale\/#breadcrumb"},"inLanguage":"en-GB","potentialAction":[{"@type":"ReadAction","target":["https:\/\/eticoshop.it\/negozio\/cosmesi\/trattamenti-skincare\/collagene-vegetale\/"]}]},{"@type":"ImageObject","inLanguage":"en-GB","@id":"https:\/\/eticoshop.it\/negozio\/cosmesi\/trattamenti-skincare\/collagene-vegetale\/#primaryimage","url":"https:\/\/eticoshop.it\/wp-content\/uploads\/2024\/06\/collagene-vegetale-copia.png","contentUrl":"https:\/\/eticoshop.it\/wp-content\/uploads\/2024\/06\/collagene-vegetale-copia.png","width":2000,"height":2000,"caption":"collagene vegetale"},{"@type":"BreadcrumbList","@id":"https:\/\/eticoshop.it\/negozio\/cosmesi\/trattamenti-skincare\/collagene-vegetale\/#breadcrumb","itemListElement":[{"@type":"ListItem","position":1,"name":"Home","item":"https:\/\/eticoshop.it\/"},{"@type":"ListItem","position":2,"name":"Shop","item":"https:\/\/eticoshop.it\/negozio\/"},{"@type":"ListItem","position":3,"name":"Cosmesi","item":"https:\/\/eticoshop.it\/categoria-prodotto\/cosmesi\/"},{"@type":"ListItem","position":4,"name":"Collagene Vegetale"}]},{"@type":"WebSite","@id":"https:\/\/eticoshop.it\/#website","url":"https:\/\/eticoshop.it\/","name":"\u00c8tico","description":"","publisher":{"@id":"https:\/\/eticoshop.it\/#organization"},"potentialAction":[{"@type":"SearchAction","target":{"@type":"EntryPoint","urlTemplate":"https:\/\/eticoshop.it\/?s={search_term_string}"},"query-input":{"@type":"PropertyValueSpecification","valueRequired":true,"valueName":"search_term_string"}}],"inLanguage":"en-GB"},{"@type":"Organization","@id":"https:\/\/eticoshop.it\/#organization","name":"\u00c8tico","url":"https:\/\/eticoshop.it\/","logo":{"@type":"ImageObject","inLanguage":"en-GB","@id":"https:\/\/eticoshop.it\/#\/schema\/logo\/image\/","url":"https:\/\/eticoshop.it\/wp-content\/uploads\/2023\/09\/logo-etico.svg","contentUrl":"https:\/\/eticoshop.it\/wp-content\/uploads\/2023\/09\/logo-etico.svg","width":973,"height":360,"caption":"\u00c8tico"},"image":{"@id":"https:\/\/eticoshop.it\/#\/schema\/logo\/image\/"}}]}},"_links":{"self":[{"href":"https:\/\/eticoshop.it\/en\/wp-json\/wp\/v2\/product\/8196","targetHints":{"allow":["GET"]}}],"collection":[{"href":"https:\/\/eticoshop.it\/en\/wp-json\/wp\/v2\/product"}],"about":[{"href":"https:\/\/eticoshop.it\/en\/wp-json\/wp\/v2\/types\/product"}],"wp:featuredmedia":[{"embeddable":true,"href":"https:\/\/eticoshop.it\/en\/wp-json\/wp\/v2\/media\/8198"}],"wp:attachment":[{"href":"https:\/\/eticoshop.it\/en\/wp-json\/wp\/v2\/media?parent=8196"}],"wp:term":[{"taxonomy":"product_brand","embeddable":true,"href":"https:\/\/eticoshop.it\/en\/wp-json\/wp\/v2\/product_brand?post=8196"},{"taxonomy":"product_cat","embeddable":true,"href":"https:\/\/eticoshop.it\/en\/wp-json\/wp\/v2\/product_cat?post=8196"},{"taxonomy":"product_tag","embeddable":true,"href":"https:\/\/eticoshop.it\/en\/wp-json\/wp\/v2\/product_tag?post=8196"}],"curies":[{"name":"wp","href":"https:\/\/api.w.org\/{rel}","templated":true}]}}