





















{"id":8200,"date":"2024-06-21T17:40:10","date_gmt":"2024-06-21T15:40:10","guid":{"rendered":"https:\/\/eticoshop.it\/?post_type=product&#038;p=8200"},"modified":"2024-06-21T17:40:10","modified_gmt":"2024-06-21T15:40:10","slug":"acido-ialuronico","status":"publish","type":"product","link":"https:\/\/eticoshop.it\/en\/negozio\/cosmesi\/trattamenti-skincare\/acido-ialuronico\/","title":{"rendered":"Acido Ialuronico"},"content":{"rendered":"<p>L&#8217;Acido Ialuronico idrata intensamente, migliora l&#8217;elasticit\u00e0 e fornisce un effetto liftante. Ideale per contrastare rughe e segni del tempo.<\/p>","protected":false},"excerpt":{"rendered":"<p>L&#8217;Acido Ialuronico \u00e8 un ingrediente fondamentale per una routine di bellezza che punta all&#8217;idratazione e alla lotta contro l&#8217;invecchiamento cutaneo. Questo attivo puro \u00e8 ottenuto attraverso la biofermentazione ed \u00e8 caratterizzato da un multiplo peso molecolare, combinando basso, medio e alto peso molecolare per garantire una penetrazione ottimale negli strati pi\u00f9 profondi della pelle.<\/p>\n<p>Per l&#8217;applicazione, si consiglia di utilizzarlo mattina e sera sul viso deterso. Pu\u00f2 essere usato puro, applicando 2 gocce direttamente sul viso e massaggiando fino a completo assorbimento, o come booster aggiungendo 1-2 gocce alla crema viso abituale per potenziarne l&#8217;efficacia e migliorare la texture. Grazie a questa formulazione, l&#8217;Acido Ialuronico \u00e8 in grado di idratare intensamente, migliorare l&#8217;elasticit\u00e0 della pelle e fornire un effetto liftante immediato. \u00c8 perfetto per chi desidera integrare la propria routine di bellezza con un prodotto naturale che contrasti efficacemente le rughe e i segni del tempo.<\/p>\n<p>Il packaging di questo prodotto \u00e8 pensato per essere sostenibile: il flacone \u00e8 in plastica riciclata re-bottle, una scelta ecologica che aiuta a ridurre i rifiuti. Inoltre, il flacone \u00e8 dotato di uno schermo anti-UV per proteggere l&#8217;efficacia del prodotto nel tempo.<\/p>","protected":false},"featured_media":8203,"template":"","meta":{"_acf_changed":false,"inline_featured_image":false},"product_brand":[],"product_cat":[29,155],"product_tag":[197,106,144,151,211,210,209],"class_list":{"0":"post-8200","1":"product","2":"type-product","3":"status-publish","4":"has-post-thumbnail","6":"product_cat-cosmesi","7":"product_cat-trattamenti-skincare","8":"product_tag-antiage","9":"product_tag-biologico","10":"product_tag-cura-della-pelle-del-viso","11":"product_tag-idratazione","12":"product_tag-leggero","13":"product_tag-riduzione-rughe","14":"product_tag-rimpolpante","16":"first","17":"instock","18":"taxable","19":"shipping-taxable","20":"purchasable","21":"product-type-simple"},"acf":[],"yoast_head":"<!-- This site is optimized with the Yoast SEO plugin v27.4 - https:\/\/yoast.com\/product\/yoast-seo-wordpress\/ -->\n<title>Acido Ialuronico - \u00c8tico<\/title>\n<meta name=\"robots\" content=\"index, follow, max-snippet:-1, max-image-preview:large, max-video-preview:-1\" \/>\n<link rel=\"canonical\" href=\"https:\/\/eticoshop.it\/en\/negozio\/cosmesi\/trattamenti-skincare\/acido-ialuronico\/\" \/>\n<meta property=\"og:locale\" content=\"en_GB\" \/>\n<meta property=\"og:type\" content=\"article\" \/>\n<meta property=\"og:title\" content=\"Acido Ialuronico - \u00c8tico\" \/>\n<meta property=\"og:description\" content=\"L&#039;Acido Ialuronico \u00e8 un ingrediente fondamentale per una routine di bellezza che punta all&#039;idratazione e alla lotta contro l&#039;invecchiamento cutaneo. Questo attivo puro \u00e8 ottenuto attraverso la biofermentazione ed \u00e8 caratterizzato da un multiplo peso molecolare, combinando basso, medio e alto peso molecolare per garantire una penetrazione ottimale negli strati pi\u00f9 profondi della pelle.  Per l&#039;applicazione, si consiglia di utilizzarlo mattina e sera sul viso deterso. Pu\u00f2 essere usato puro, applicando 2 gocce direttamente sul viso e massaggiando fino a completo assorbimento, o come booster aggiungendo 1-2 gocce alla crema viso abituale per potenziarne l&#039;efficacia e migliorare la texture. Grazie a questa formulazione, l&#039;Acido Ialuronico \u00e8 in grado di idratare intensamente, migliorare l&#039;elasticit\u00e0 della pelle e fornire un effetto liftante immediato. \u00c8 perfetto per chi desidera integrare la propria routine di bellezza con un prodotto naturale che contrasti efficacemente le rughe e i segni del tempo.  Il packaging di questo prodotto \u00e8 pensato per essere sostenibile: il flacone \u00e8 in plastica riciclata re-bottle, una scelta ecologica che aiuta a ridurre i rifiuti. Inoltre, il flacone \u00e8 dotato di uno schermo anti-UV per proteggere l&#039;efficacia del prodotto nel tempo.\" \/>\n<meta property=\"og:url\" content=\"https:\/\/eticoshop.it\/en\/negozio\/cosmesi\/trattamenti-skincare\/acido-ialuronico\/\" \/>\n<meta property=\"og:site_name\" content=\"\u00c8tico\" \/>\n<meta property=\"og:image\" content=\"https:\/\/eticoshop.it\/wp-content\/uploads\/2024\/06\/acido-ialuronico-copia.png\" \/>\n\t<meta property=\"og:image:width\" content=\"2000\" \/>\n\t<meta property=\"og:image:height\" content=\"2000\" \/>\n\t<meta property=\"og:image:type\" content=\"image\/png\" \/>\n<meta name=\"twitter:card\" content=\"summary_large_image\" \/>\n<meta name=\"twitter:label1\" content=\"Estimated reading time\" \/>\n\t<meta name=\"twitter:data1\" content=\"1 minute\" \/>\n<script type=\"application\/ld+json\" class=\"yoast-schema-graph\">{\"@context\":\"https:\\\/\\\/schema.org\",\"@graph\":[{\"@type\":\"WebPage\",\"@id\":\"https:\\\/\\\/eticoshop.it\\\/negozio\\\/cosmesi\\\/trattamenti-skincare\\\/acido-ialuronico\\\/\",\"url\":\"https:\\\/\\\/eticoshop.it\\\/negozio\\\/cosmesi\\\/trattamenti-skincare\\\/acido-ialuronico\\\/\",\"name\":\"Acido Ialuronico - \u00c8tico\",\"isPartOf\":{\"@id\":\"https:\\\/\\\/eticoshop.it\\\/#website\"},\"primaryImageOfPage\":{\"@id\":\"https:\\\/\\\/eticoshop.it\\\/negozio\\\/cosmesi\\\/trattamenti-skincare\\\/acido-ialuronico\\\/#primaryimage\"},\"image\":{\"@id\":\"https:\\\/\\\/eticoshop.it\\\/negozio\\\/cosmesi\\\/trattamenti-skincare\\\/acido-ialuronico\\\/#primaryimage\"},\"thumbnailUrl\":\"https:\\\/\\\/eticoshop.it\\\/wp-content\\\/uploads\\\/2024\\\/06\\\/acido-ialuronico-copia.png\",\"datePublished\":\"2024-06-21T15:40:10+00:00\",\"breadcrumb\":{\"@id\":\"https:\\\/\\\/eticoshop.it\\\/negozio\\\/cosmesi\\\/trattamenti-skincare\\\/acido-ialuronico\\\/#breadcrumb\"},\"inLanguage\":\"en-GB\",\"potentialAction\":[{\"@type\":\"ReadAction\",\"target\":[\"https:\\\/\\\/eticoshop.it\\\/negozio\\\/cosmesi\\\/trattamenti-skincare\\\/acido-ialuronico\\\/\"]}]},{\"@type\":\"ImageObject\",\"inLanguage\":\"en-GB\",\"@id\":\"https:\\\/\\\/eticoshop.it\\\/negozio\\\/cosmesi\\\/trattamenti-skincare\\\/acido-ialuronico\\\/#primaryimage\",\"url\":\"https:\\\/\\\/eticoshop.it\\\/wp-content\\\/uploads\\\/2024\\\/06\\\/acido-ialuronico-copia.png\",\"contentUrl\":\"https:\\\/\\\/eticoshop.it\\\/wp-content\\\/uploads\\\/2024\\\/06\\\/acido-ialuronico-copia.png\",\"width\":2000,\"height\":2000,\"caption\":\"acido ialuronico\"},{\"@type\":\"BreadcrumbList\",\"@id\":\"https:\\\/\\\/eticoshop.it\\\/negozio\\\/cosmesi\\\/trattamenti-skincare\\\/acido-ialuronico\\\/#breadcrumb\",\"itemListElement\":[{\"@type\":\"ListItem\",\"position\":1,\"name\":\"Home\",\"item\":\"https:\\\/\\\/eticoshop.it\\\/\"},{\"@type\":\"ListItem\",\"position\":2,\"name\":\"Shop\",\"item\":\"https:\\\/\\\/eticoshop.it\\\/negozio\\\/\"},{\"@type\":\"ListItem\",\"position\":3,\"name\":\"Cosmesi\",\"item\":\"https:\\\/\\\/eticoshop.it\\\/categoria-prodotto\\\/cosmesi\\\/\"},{\"@type\":\"ListItem\",\"position\":4,\"name\":\"Acido Ialuronico\"}]},{\"@type\":\"WebSite\",\"@id\":\"https:\\\/\\\/eticoshop.it\\\/#website\",\"url\":\"https:\\\/\\\/eticoshop.it\\\/\",\"name\":\"\u00c8tico\",\"description\":\"\",\"publisher\":{\"@id\":\"https:\\\/\\\/eticoshop.it\\\/#organization\"},\"potentialAction\":[{\"@type\":\"SearchAction\",\"target\":{\"@type\":\"EntryPoint\",\"urlTemplate\":\"https:\\\/\\\/eticoshop.it\\\/?s={search_term_string}\"},\"query-input\":{\"@type\":\"PropertyValueSpecification\",\"valueRequired\":true,\"valueName\":\"search_term_string\"}}],\"inLanguage\":\"en-GB\"},{\"@type\":\"Organization\",\"@id\":\"https:\\\/\\\/eticoshop.it\\\/#organization\",\"name\":\"\u00c8tico\",\"url\":\"https:\\\/\\\/eticoshop.it\\\/\",\"logo\":{\"@type\":\"ImageObject\",\"inLanguage\":\"en-GB\",\"@id\":\"https:\\\/\\\/eticoshop.it\\\/#\\\/schema\\\/logo\\\/image\\\/\",\"url\":\"https:\\\/\\\/eticoshop.it\\\/wp-content\\\/uploads\\\/2023\\\/09\\\/logo-etico.svg\",\"contentUrl\":\"https:\\\/\\\/eticoshop.it\\\/wp-content\\\/uploads\\\/2023\\\/09\\\/logo-etico.svg\",\"width\":973,\"height\":360,\"caption\":\"\u00c8tico\"},\"image\":{\"@id\":\"https:\\\/\\\/eticoshop.it\\\/#\\\/schema\\\/logo\\\/image\\\/\"}}]}<\/script>\n<!-- \/ Yoast SEO plugin. -->","yoast_head_json":{"title":"Acido Ialuronico - \u00c8tico","robots":{"index":"index","follow":"follow","max-snippet":"max-snippet:-1","max-image-preview":"max-image-preview:large","max-video-preview":"max-video-preview:-1"},"canonical":"https:\/\/eticoshop.it\/en\/negozio\/cosmesi\/trattamenti-skincare\/acido-ialuronico\/","og_locale":"en_GB","og_type":"article","og_title":"Acido Ialuronico - \u00c8tico","og_description":"L'Acido Ialuronico \u00e8 un ingrediente fondamentale per una routine di bellezza che punta all'idratazione e alla lotta contro l'invecchiamento cutaneo. Questo attivo puro \u00e8 ottenuto attraverso la biofermentazione ed \u00e8 caratterizzato da un multiplo peso molecolare, combinando basso, medio e alto peso molecolare per garantire una penetrazione ottimale negli strati pi\u00f9 profondi della pelle.  Per l'applicazione, si consiglia di utilizzarlo mattina e sera sul viso deterso. Pu\u00f2 essere usato puro, applicando 2 gocce direttamente sul viso e massaggiando fino a completo assorbimento, o come booster aggiungendo 1-2 gocce alla crema viso abituale per potenziarne l'efficacia e migliorare la texture. Grazie a questa formulazione, l'Acido Ialuronico \u00e8 in grado di idratare intensamente, migliorare l'elasticit\u00e0 della pelle e fornire un effetto liftante immediato. \u00c8 perfetto per chi desidera integrare la propria routine di bellezza con un prodotto naturale che contrasti efficacemente le rughe e i segni del tempo.  Il packaging di questo prodotto \u00e8 pensato per essere sostenibile: il flacone \u00e8 in plastica riciclata re-bottle, una scelta ecologica che aiuta a ridurre i rifiuti. Inoltre, il flacone \u00e8 dotato di uno schermo anti-UV per proteggere l'efficacia del prodotto nel tempo.","og_url":"https:\/\/eticoshop.it\/en\/negozio\/cosmesi\/trattamenti-skincare\/acido-ialuronico\/","og_site_name":"\u00c8tico","og_image":[{"width":2000,"height":2000,"url":"https:\/\/eticoshop.it\/wp-content\/uploads\/2024\/06\/acido-ialuronico-copia.png","type":"image\/png"}],"twitter_card":"summary_large_image","twitter_misc":{"Estimated reading time":"1 minute"},"schema":{"@context":"https:\/\/schema.org","@graph":[{"@type":"WebPage","@id":"https:\/\/eticoshop.it\/negozio\/cosmesi\/trattamenti-skincare\/acido-ialuronico\/","url":"https:\/\/eticoshop.it\/negozio\/cosmesi\/trattamenti-skincare\/acido-ialuronico\/","name":"Acido Ialuronico - \u00c8tico","isPartOf":{"@id":"https:\/\/eticoshop.it\/#website"},"primaryImageOfPage":{"@id":"https:\/\/eticoshop.it\/negozio\/cosmesi\/trattamenti-skincare\/acido-ialuronico\/#primaryimage"},"image":{"@id":"https:\/\/eticoshop.it\/negozio\/cosmesi\/trattamenti-skincare\/acido-ialuronico\/#primaryimage"},"thumbnailUrl":"https:\/\/eticoshop.it\/wp-content\/uploads\/2024\/06\/acido-ialuronico-copia.png","datePublished":"2024-06-21T15:40:10+00:00","breadcrumb":{"@id":"https:\/\/eticoshop.it\/negozio\/cosmesi\/trattamenti-skincare\/acido-ialuronico\/#breadcrumb"},"inLanguage":"en-GB","potentialAction":[{"@type":"ReadAction","target":["https:\/\/eticoshop.it\/negozio\/cosmesi\/trattamenti-skincare\/acido-ialuronico\/"]}]},{"@type":"ImageObject","inLanguage":"en-GB","@id":"https:\/\/eticoshop.it\/negozio\/cosmesi\/trattamenti-skincare\/acido-ialuronico\/#primaryimage","url":"https:\/\/eticoshop.it\/wp-content\/uploads\/2024\/06\/acido-ialuronico-copia.png","contentUrl":"https:\/\/eticoshop.it\/wp-content\/uploads\/2024\/06\/acido-ialuronico-copia.png","width":2000,"height":2000,"caption":"acido ialuronico"},{"@type":"BreadcrumbList","@id":"https:\/\/eticoshop.it\/negozio\/cosmesi\/trattamenti-skincare\/acido-ialuronico\/#breadcrumb","itemListElement":[{"@type":"ListItem","position":1,"name":"Home","item":"https:\/\/eticoshop.it\/"},{"@type":"ListItem","position":2,"name":"Shop","item":"https:\/\/eticoshop.it\/negozio\/"},{"@type":"ListItem","position":3,"name":"Cosmesi","item":"https:\/\/eticoshop.it\/categoria-prodotto\/cosmesi\/"},{"@type":"ListItem","position":4,"name":"Acido Ialuronico"}]},{"@type":"WebSite","@id":"https:\/\/eticoshop.it\/#website","url":"https:\/\/eticoshop.it\/","name":"\u00c8tico","description":"","publisher":{"@id":"https:\/\/eticoshop.it\/#organization"},"potentialAction":[{"@type":"SearchAction","target":{"@type":"EntryPoint","urlTemplate":"https:\/\/eticoshop.it\/?s={search_term_string}"},"query-input":{"@type":"PropertyValueSpecification","valueRequired":true,"valueName":"search_term_string"}}],"inLanguage":"en-GB"},{"@type":"Organization","@id":"https:\/\/eticoshop.it\/#organization","name":"\u00c8tico","url":"https:\/\/eticoshop.it\/","logo":{"@type":"ImageObject","inLanguage":"en-GB","@id":"https:\/\/eticoshop.it\/#\/schema\/logo\/image\/","url":"https:\/\/eticoshop.it\/wp-content\/uploads\/2023\/09\/logo-etico.svg","contentUrl":"https:\/\/eticoshop.it\/wp-content\/uploads\/2023\/09\/logo-etico.svg","width":973,"height":360,"caption":"\u00c8tico"},"image":{"@id":"https:\/\/eticoshop.it\/#\/schema\/logo\/image\/"}}]}},"_links":{"self":[{"href":"https:\/\/eticoshop.it\/en\/wp-json\/wp\/v2\/product\/8200","targetHints":{"allow":["GET"]}}],"collection":[{"href":"https:\/\/eticoshop.it\/en\/wp-json\/wp\/v2\/product"}],"about":[{"href":"https:\/\/eticoshop.it\/en\/wp-json\/wp\/v2\/types\/product"}],"wp:featuredmedia":[{"embeddable":true,"href":"https:\/\/eticoshop.it\/en\/wp-json\/wp\/v2\/media\/8203"}],"wp:attachment":[{"href":"https:\/\/eticoshop.it\/en\/wp-json\/wp\/v2\/media?parent=8200"}],"wp:term":[{"taxonomy":"product_brand","embeddable":true,"href":"https:\/\/eticoshop.it\/en\/wp-json\/wp\/v2\/product_brand?post=8200"},{"taxonomy":"product_cat","embeddable":true,"href":"https:\/\/eticoshop.it\/en\/wp-json\/wp\/v2\/product_cat?post=8200"},{"taxonomy":"product_tag","embeddable":true,"href":"https:\/\/eticoshop.it\/en\/wp-json\/wp\/v2\/product_tag?post=8200"}],"curies":[{"name":"wp","href":"https:\/\/api.w.org\/{rel}","templated":true}]}}