





















{"id":8216,"date":"2024-06-21T17:36:55","date_gmt":"2024-06-21T15:36:55","guid":{"rendered":"https:\/\/eticoshop.it\/?post_type=product&#038;p=8216"},"modified":"2024-06-21T17:36:56","modified_gmt":"2024-06-21T15:36:56","slug":"olio-essenziale-tea-tree-bio","status":"publish","type":"product","link":"https:\/\/eticoshop.it\/en\/negozio\/cosmesi\/oli-essenziali-e-incensi\/olio-essenziale-tea-tree-bio\/","title":{"rendered":"Olio Essenziale &#8211; Tea Tree BIO"},"content":{"rendered":"<p>L&#8217;Olio Essenziale di Tea Tree Bio, 100% puro, offre propriet\u00e0 antibatteriche, purificanti e tonificanti. Ideale per pelle, aromaterapia e igiene orale.<\/p>","protected":false},"excerpt":{"rendered":"<p>L&#8217;Olio Essenziale di Tea Tree Bio \u00e8 puro al 100%, ottenuto tramite distillazione in corrente di vapore. Questo olio essenziale \u00e8 noto per le sue eccezionali propriet\u00e0 purificanti e tonificanti. \u00c8 un potente antibatterico naturale, ideale per molteplici usi grazie alla sua versatilit\u00e0 e ai suoi benefici terapeutici. Indicato per chi cerca un prodotto naturale e biologico per purificare la pelle, trattare imperfezioni e infezioni cutanee, o per uso aromaterapico. \u00c8 perfetto per chi desidera un rimedio naturale per supportare la salute della pelle e migliorare il benessere generale.<\/p>\n<p>Per utilizzare l&#8217;olio essenziale, aggiungere alcune gocce in un diffusore per purificare l&#8217;aria e stimolare il sistema immunitario. Per la cura della pelle, applicare una goccia diluita in olio vettore su imperfezioni cutanee, punture di insetto o piccole ferite. Infine, per l&#8217;igiene orale, aggiungere una goccia al collutorio per un effetto antibatterico.<\/p>\n<p>Il prodotto \u00e8 confezionato in una bottiglietta da 10 ml in vetro scuro per preservarne la qualit\u00e0 e proteggerlo dalla luce. Dopo l&#8217;uso, la bottiglietta pu\u00f2 essere riciclata nella raccolta differenziata del vetro e il tappo nella raccolta della plastica.<\/p>","protected":false},"featured_media":8219,"template":"","meta":{"_acf_changed":false,"inline_featured_image":false},"product_brand":[],"product_cat":[29,164],"product_tag":[269,239,106,232,165,201,173,166],"class_list":{"0":"post-8216","1":"product","2":"type-product","3":"status-publish","4":"has-post-thumbnail","6":"product_cat-cosmesi","7":"product_cat-oli-essenziali-e-incensi","8":"product_tag-anti-infiammazione","9":"product_tag-antibatterico","10":"product_tag-biologico","11":"product_tag-lenitivo","12":"product_tag-multiuso","13":"product_tag-purificante","14":"product_tag-rinforzante","15":"product_tag-tonificante","17":"first","18":"instock","19":"taxable","20":"shipping-taxable","21":"purchasable","22":"product-type-simple"},"acf":[],"yoast_head":"<!-- This site is optimized with the Yoast SEO plugin v27.5 - https:\/\/yoast.com\/product\/yoast-seo-wordpress\/ -->\n<title>Olio Essenziale - Tea Tree BIO - \u00c8tico<\/title>\n<meta name=\"robots\" content=\"index, follow, max-snippet:-1, max-image-preview:large, max-video-preview:-1\" \/>\n<link rel=\"canonical\" href=\"https:\/\/eticoshop.it\/en\/negozio\/cosmesi\/oli-essenziali-e-incensi\/olio-essenziale-tea-tree-bio\/\" \/>\n<meta property=\"og:locale\" content=\"en_GB\" \/>\n<meta property=\"og:type\" content=\"article\" \/>\n<meta property=\"og:title\" content=\"Olio Essenziale - Tea Tree BIO - \u00c8tico\" \/>\n<meta property=\"og:description\" content=\"L&#039;Olio Essenziale di Tea Tree Bio \u00e8 puro al 100%, ottenuto tramite distillazione in corrente di vapore. Questo olio essenziale \u00e8 noto per le sue eccezionali propriet\u00e0 purificanti e tonificanti. \u00c8 un potente antibatterico naturale, ideale per molteplici usi grazie alla sua versatilit\u00e0 e ai suoi benefici terapeutici. Indicato per chi cerca un prodotto naturale e biologico per purificare la pelle, trattare imperfezioni e infezioni cutanee, o per uso aromaterapico. \u00c8 perfetto per chi desidera un rimedio naturale per supportare la salute della pelle e migliorare il benessere generale.  Per utilizzare l&#039;olio essenziale, aggiungere alcune gocce in un diffusore per purificare l&#039;aria e stimolare il sistema immunitario. Per la cura della pelle, applicare una goccia diluita in olio vettore su imperfezioni cutanee, punture di insetto o piccole ferite. Infine, per l&#039;igiene orale, aggiungere una goccia al collutorio per un effetto antibatterico.  Il prodotto \u00e8 confezionato in una bottiglietta da 10 ml in vetro scuro per preservarne la qualit\u00e0 e proteggerlo dalla luce. Dopo l&#039;uso, la bottiglietta pu\u00f2 essere riciclata nella raccolta differenziata del vetro e il tappo nella raccolta della plastica.\" \/>\n<meta property=\"og:url\" content=\"https:\/\/eticoshop.it\/en\/negozio\/cosmesi\/oli-essenziali-e-incensi\/olio-essenziale-tea-tree-bio\/\" \/>\n<meta property=\"og:site_name\" content=\"\u00c8tico\" \/>\n<meta property=\"article:modified_time\" content=\"2024-06-21T15:36:56+00:00\" \/>\n<meta property=\"og:image\" content=\"https:\/\/eticoshop.it\/wp-content\/uploads\/2024\/06\/olio-ess-tea-tree-copia.png\" \/>\n\t<meta property=\"og:image:width\" content=\"2000\" \/>\n\t<meta property=\"og:image:height\" content=\"2000\" \/>\n\t<meta property=\"og:image:type\" content=\"image\/png\" \/>\n<meta name=\"twitter:card\" content=\"summary_large_image\" \/>\n<meta name=\"twitter:label1\" content=\"Estimated reading time\" \/>\n\t<meta name=\"twitter:data1\" content=\"1 minute\" \/>\n<script type=\"application\/ld+json\" class=\"yoast-schema-graph\">{\"@context\":\"https:\\\/\\\/schema.org\",\"@graph\":[{\"@type\":\"WebPage\",\"@id\":\"https:\\\/\\\/eticoshop.it\\\/negozio\\\/cosmesi\\\/oli-essenziali-e-incensi\\\/olio-essenziale-tea-tree-bio\\\/\",\"url\":\"https:\\\/\\\/eticoshop.it\\\/negozio\\\/cosmesi\\\/oli-essenziali-e-incensi\\\/olio-essenziale-tea-tree-bio\\\/\",\"name\":\"Olio Essenziale - Tea Tree BIO - \u00c8tico\",\"isPartOf\":{\"@id\":\"https:\\\/\\\/eticoshop.it\\\/#website\"},\"primaryImageOfPage\":{\"@id\":\"https:\\\/\\\/eticoshop.it\\\/negozio\\\/cosmesi\\\/oli-essenziali-e-incensi\\\/olio-essenziale-tea-tree-bio\\\/#primaryimage\"},\"image\":{\"@id\":\"https:\\\/\\\/eticoshop.it\\\/negozio\\\/cosmesi\\\/oli-essenziali-e-incensi\\\/olio-essenziale-tea-tree-bio\\\/#primaryimage\"},\"thumbnailUrl\":\"https:\\\/\\\/eticoshop.it\\\/wp-content\\\/uploads\\\/2024\\\/06\\\/olio-ess-tea-tree-copia.png\",\"datePublished\":\"2024-06-21T15:36:55+00:00\",\"dateModified\":\"2024-06-21T15:36:56+00:00\",\"breadcrumb\":{\"@id\":\"https:\\\/\\\/eticoshop.it\\\/negozio\\\/cosmesi\\\/oli-essenziali-e-incensi\\\/olio-essenziale-tea-tree-bio\\\/#breadcrumb\"},\"inLanguage\":\"en-GB\",\"potentialAction\":[{\"@type\":\"ReadAction\",\"target\":[\"https:\\\/\\\/eticoshop.it\\\/negozio\\\/cosmesi\\\/oli-essenziali-e-incensi\\\/olio-essenziale-tea-tree-bio\\\/\"]}]},{\"@type\":\"ImageObject\",\"inLanguage\":\"en-GB\",\"@id\":\"https:\\\/\\\/eticoshop.it\\\/negozio\\\/cosmesi\\\/oli-essenziali-e-incensi\\\/olio-essenziale-tea-tree-bio\\\/#primaryimage\",\"url\":\"https:\\\/\\\/eticoshop.it\\\/wp-content\\\/uploads\\\/2024\\\/06\\\/olio-ess-tea-tree-copia.png\",\"contentUrl\":\"https:\\\/\\\/eticoshop.it\\\/wp-content\\\/uploads\\\/2024\\\/06\\\/olio-ess-tea-tree-copia.png\",\"width\":2000,\"height\":2000,\"caption\":\"olio essenziale tea tree\"},{\"@type\":\"BreadcrumbList\",\"@id\":\"https:\\\/\\\/eticoshop.it\\\/negozio\\\/cosmesi\\\/oli-essenziali-e-incensi\\\/olio-essenziale-tea-tree-bio\\\/#breadcrumb\",\"itemListElement\":[{\"@type\":\"ListItem\",\"position\":1,\"name\":\"Home\",\"item\":\"https:\\\/\\\/eticoshop.it\\\/\"},{\"@type\":\"ListItem\",\"position\":2,\"name\":\"Shop\",\"item\":\"https:\\\/\\\/eticoshop.it\\\/negozio\\\/\"},{\"@type\":\"ListItem\",\"position\":3,\"name\":\"Cosmesi\",\"item\":\"https:\\\/\\\/eticoshop.it\\\/categoria-prodotto\\\/cosmesi\\\/\"},{\"@type\":\"ListItem\",\"position\":4,\"name\":\"Olio Essenziale &#8211; Tea Tree BIO\"}]},{\"@type\":\"WebSite\",\"@id\":\"https:\\\/\\\/eticoshop.it\\\/#website\",\"url\":\"https:\\\/\\\/eticoshop.it\\\/\",\"name\":\"\u00c8tico\",\"description\":\"\",\"publisher\":{\"@id\":\"https:\\\/\\\/eticoshop.it\\\/#organization\"},\"potentialAction\":[{\"@type\":\"SearchAction\",\"target\":{\"@type\":\"EntryPoint\",\"urlTemplate\":\"https:\\\/\\\/eticoshop.it\\\/?s={search_term_string}\"},\"query-input\":{\"@type\":\"PropertyValueSpecification\",\"valueRequired\":true,\"valueName\":\"search_term_string\"}}],\"inLanguage\":\"en-GB\"},{\"@type\":\"Organization\",\"@id\":\"https:\\\/\\\/eticoshop.it\\\/#organization\",\"name\":\"\u00c8tico\",\"url\":\"https:\\\/\\\/eticoshop.it\\\/\",\"logo\":{\"@type\":\"ImageObject\",\"inLanguage\":\"en-GB\",\"@id\":\"https:\\\/\\\/eticoshop.it\\\/#\\\/schema\\\/logo\\\/image\\\/\",\"url\":\"https:\\\/\\\/eticoshop.it\\\/wp-content\\\/uploads\\\/2023\\\/09\\\/logo-etico.svg\",\"contentUrl\":\"https:\\\/\\\/eticoshop.it\\\/wp-content\\\/uploads\\\/2023\\\/09\\\/logo-etico.svg\",\"width\":973,\"height\":360,\"caption\":\"\u00c8tico\"},\"image\":{\"@id\":\"https:\\\/\\\/eticoshop.it\\\/#\\\/schema\\\/logo\\\/image\\\/\"}}]}<\/script>\n<!-- \/ Yoast SEO plugin. -->","yoast_head_json":{"title":"Olio Essenziale - Tea Tree BIO - \u00c8tico","robots":{"index":"index","follow":"follow","max-snippet":"max-snippet:-1","max-image-preview":"max-image-preview:large","max-video-preview":"max-video-preview:-1"},"canonical":"https:\/\/eticoshop.it\/en\/negozio\/cosmesi\/oli-essenziali-e-incensi\/olio-essenziale-tea-tree-bio\/","og_locale":"en_GB","og_type":"article","og_title":"Olio Essenziale - Tea Tree BIO - \u00c8tico","og_description":"L'Olio Essenziale di Tea Tree Bio \u00e8 puro al 100%, ottenuto tramite distillazione in corrente di vapore. Questo olio essenziale \u00e8 noto per le sue eccezionali propriet\u00e0 purificanti e tonificanti. \u00c8 un potente antibatterico naturale, ideale per molteplici usi grazie alla sua versatilit\u00e0 e ai suoi benefici terapeutici. Indicato per chi cerca un prodotto naturale e biologico per purificare la pelle, trattare imperfezioni e infezioni cutanee, o per uso aromaterapico. \u00c8 perfetto per chi desidera un rimedio naturale per supportare la salute della pelle e migliorare il benessere generale.  Per utilizzare l'olio essenziale, aggiungere alcune gocce in un diffusore per purificare l'aria e stimolare il sistema immunitario. Per la cura della pelle, applicare una goccia diluita in olio vettore su imperfezioni cutanee, punture di insetto o piccole ferite. Infine, per l'igiene orale, aggiungere una goccia al collutorio per un effetto antibatterico.  Il prodotto \u00e8 confezionato in una bottiglietta da 10 ml in vetro scuro per preservarne la qualit\u00e0 e proteggerlo dalla luce. Dopo l'uso, la bottiglietta pu\u00f2 essere riciclata nella raccolta differenziata del vetro e il tappo nella raccolta della plastica.","og_url":"https:\/\/eticoshop.it\/en\/negozio\/cosmesi\/oli-essenziali-e-incensi\/olio-essenziale-tea-tree-bio\/","og_site_name":"\u00c8tico","article_modified_time":"2024-06-21T15:36:56+00:00","og_image":[{"width":2000,"height":2000,"url":"https:\/\/eticoshop.it\/wp-content\/uploads\/2024\/06\/olio-ess-tea-tree-copia.png","type":"image\/png"}],"twitter_card":"summary_large_image","twitter_misc":{"Estimated reading time":"1 minute"},"schema":{"@context":"https:\/\/schema.org","@graph":[{"@type":"WebPage","@id":"https:\/\/eticoshop.it\/negozio\/cosmesi\/oli-essenziali-e-incensi\/olio-essenziale-tea-tree-bio\/","url":"https:\/\/eticoshop.it\/negozio\/cosmesi\/oli-essenziali-e-incensi\/olio-essenziale-tea-tree-bio\/","name":"Olio Essenziale - Tea Tree BIO - \u00c8tico","isPartOf":{"@id":"https:\/\/eticoshop.it\/#website"},"primaryImageOfPage":{"@id":"https:\/\/eticoshop.it\/negozio\/cosmesi\/oli-essenziali-e-incensi\/olio-essenziale-tea-tree-bio\/#primaryimage"},"image":{"@id":"https:\/\/eticoshop.it\/negozio\/cosmesi\/oli-essenziali-e-incensi\/olio-essenziale-tea-tree-bio\/#primaryimage"},"thumbnailUrl":"https:\/\/eticoshop.it\/wp-content\/uploads\/2024\/06\/olio-ess-tea-tree-copia.png","datePublished":"2024-06-21T15:36:55+00:00","dateModified":"2024-06-21T15:36:56+00:00","breadcrumb":{"@id":"https:\/\/eticoshop.it\/negozio\/cosmesi\/oli-essenziali-e-incensi\/olio-essenziale-tea-tree-bio\/#breadcrumb"},"inLanguage":"en-GB","potentialAction":[{"@type":"ReadAction","target":["https:\/\/eticoshop.it\/negozio\/cosmesi\/oli-essenziali-e-incensi\/olio-essenziale-tea-tree-bio\/"]}]},{"@type":"ImageObject","inLanguage":"en-GB","@id":"https:\/\/eticoshop.it\/negozio\/cosmesi\/oli-essenziali-e-incensi\/olio-essenziale-tea-tree-bio\/#primaryimage","url":"https:\/\/eticoshop.it\/wp-content\/uploads\/2024\/06\/olio-ess-tea-tree-copia.png","contentUrl":"https:\/\/eticoshop.it\/wp-content\/uploads\/2024\/06\/olio-ess-tea-tree-copia.png","width":2000,"height":2000,"caption":"olio essenziale tea tree"},{"@type":"BreadcrumbList","@id":"https:\/\/eticoshop.it\/negozio\/cosmesi\/oli-essenziali-e-incensi\/olio-essenziale-tea-tree-bio\/#breadcrumb","itemListElement":[{"@type":"ListItem","position":1,"name":"Home","item":"https:\/\/eticoshop.it\/"},{"@type":"ListItem","position":2,"name":"Shop","item":"https:\/\/eticoshop.it\/negozio\/"},{"@type":"ListItem","position":3,"name":"Cosmesi","item":"https:\/\/eticoshop.it\/categoria-prodotto\/cosmesi\/"},{"@type":"ListItem","position":4,"name":"Olio Essenziale &#8211; Tea Tree BIO"}]},{"@type":"WebSite","@id":"https:\/\/eticoshop.it\/#website","url":"https:\/\/eticoshop.it\/","name":"\u00c8tico","description":"","publisher":{"@id":"https:\/\/eticoshop.it\/#organization"},"potentialAction":[{"@type":"SearchAction","target":{"@type":"EntryPoint","urlTemplate":"https:\/\/eticoshop.it\/?s={search_term_string}"},"query-input":{"@type":"PropertyValueSpecification","valueRequired":true,"valueName":"search_term_string"}}],"inLanguage":"en-GB"},{"@type":"Organization","@id":"https:\/\/eticoshop.it\/#organization","name":"\u00c8tico","url":"https:\/\/eticoshop.it\/","logo":{"@type":"ImageObject","inLanguage":"en-GB","@id":"https:\/\/eticoshop.it\/#\/schema\/logo\/image\/","url":"https:\/\/eticoshop.it\/wp-content\/uploads\/2023\/09\/logo-etico.svg","contentUrl":"https:\/\/eticoshop.it\/wp-content\/uploads\/2023\/09\/logo-etico.svg","width":973,"height":360,"caption":"\u00c8tico"},"image":{"@id":"https:\/\/eticoshop.it\/#\/schema\/logo\/image\/"}}]}},"_links":{"self":[{"href":"https:\/\/eticoshop.it\/en\/wp-json\/wp\/v2\/product\/8216","targetHints":{"allow":["GET"]}}],"collection":[{"href":"https:\/\/eticoshop.it\/en\/wp-json\/wp\/v2\/product"}],"about":[{"href":"https:\/\/eticoshop.it\/en\/wp-json\/wp\/v2\/types\/product"}],"wp:featuredmedia":[{"embeddable":true,"href":"https:\/\/eticoshop.it\/en\/wp-json\/wp\/v2\/media\/8219"}],"wp:attachment":[{"href":"https:\/\/eticoshop.it\/en\/wp-json\/wp\/v2\/media?parent=8216"}],"wp:term":[{"taxonomy":"product_brand","embeddable":true,"href":"https:\/\/eticoshop.it\/en\/wp-json\/wp\/v2\/product_brand?post=8216"},{"taxonomy":"product_cat","embeddable":true,"href":"https:\/\/eticoshop.it\/en\/wp-json\/wp\/v2\/product_cat?post=8216"},{"taxonomy":"product_tag","embeddable":true,"href":"https:\/\/eticoshop.it\/en\/wp-json\/wp\/v2\/product_tag?post=8216"}],"curies":[{"name":"wp","href":"https:\/\/api.w.org\/{rel}","templated":true}]}}