





















{"id":8224,"date":"2024-06-21T17:39:05","date_gmt":"2024-06-21T15:39:05","guid":{"rendered":"https:\/\/eticoshop.it\/?post_type=product&#038;p=8224"},"modified":"2024-06-21T17:39:05","modified_gmt":"2024-06-21T15:39:05","slug":"crema-neutra","status":"publish","type":"product","link":"https:\/\/eticoshop.it\/en\/negozio\/cosmesi\/trattamenti-skincare\/crema-neutra\/","title":{"rendered":"Crema Neutra"},"content":{"rendered":"<p>La Crema Neutra, con Aloe, Karit\u00e9 e Argan, \u00e8 una base versatile per trattamenti personalizzati per viso, corpo, mani, maschere e scrub.<\/p>","protected":false},"excerpt":{"rendered":"<p>La Crema Neutra \u00e8 una versatile base multiuso, realizzata con Aloe, burro di Karit\u00e9 e prezioso olio di Argan. Questa crema si adatta a diversi tipi di pelle, rendendola perfetta per creare un trattamento di bellezza personalizzato. Grazie alla sua formula delicata e nutriente, pu\u00f2 essere utilizzata come crema viso, crema per le mani, per il corpo, maschera per viso e capelli, scrub o come base per creme colorate.<\/p>\n<p>Per utilizzare la Crema Neutra, applicala pura sulla pelle pulita del viso o del corpo. Puoi anche aggiungere i tuoi attivi preferiti per creare creme personalizzate adatte alle tue necessit\u00e0. Utilizzala come base per preparare maschere, scrub o creme colorate, adattandola alla tua routine di bellezza quotidiana. Optare per la Crema Neutra significa prendersi cura della propria pelle in modo naturale, con la possibilit\u00e0 di personalizzare ogni trattamento secondo le proprie esigenze specifiche.<\/p>\n<p>Il flacone da 250 ml \u00e8 realizzato con materiali riciclabili, promuovendo un ciclo produttivo ecologico e rispettoso dell&#8217;ambiente. Il tappo in alluminio e il vaso in plastica PET1 garantiscono una conservazione ottimale del prodotto, mentre l\u2019etichetta fornisce istruzioni chiare sull&#8217;uso e la riciclabilit\u00e0 del packaging.<\/p>","protected":false},"featured_media":8226,"template":"","meta":{"_acf_changed":false,"inline_featured_image":false},"product_brand":[],"product_cat":[29,155],"product_tag":[106,151,226,224,165,194,173,163],"class_list":{"0":"post-8224","1":"product","2":"type-product","3":"status-publish","4":"has-post-thumbnail","6":"product_cat-cosmesi","7":"product_cat-trattamenti-skincare","8":"product_tag-biologico","9":"product_tag-idratazione","10":"product_tag-leggera","11":"product_tag-lenitiva","12":"product_tag-multiuso","13":"product_tag-pelli-sensibili","14":"product_tag-rinforzante","15":"product_tag-trattamento-naturale","17":"first","18":"instock","19":"taxable","20":"shipping-taxable","21":"purchasable","22":"product-type-simple"},"acf":[],"yoast_head":"<!-- This site is optimized with the Yoast SEO plugin v27.5 - https:\/\/yoast.com\/product\/yoast-seo-wordpress\/ -->\n<title>Crema Neutra - \u00c8tico<\/title>\n<meta name=\"robots\" content=\"index, follow, max-snippet:-1, max-image-preview:large, max-video-preview:-1\" \/>\n<link rel=\"canonical\" href=\"https:\/\/eticoshop.it\/en\/negozio\/cosmesi\/trattamenti-skincare\/crema-neutra\/\" \/>\n<meta property=\"og:locale\" content=\"en_GB\" \/>\n<meta property=\"og:type\" content=\"article\" \/>\n<meta property=\"og:title\" content=\"Crema Neutra - \u00c8tico\" \/>\n<meta property=\"og:description\" content=\"La Crema Neutra \u00e8 una versatile base multiuso, realizzata con Aloe, burro di Karit\u00e9 e prezioso olio di Argan. Questa crema si adatta a diversi tipi di pelle, rendendola perfetta per creare un trattamento di bellezza personalizzato. Grazie alla sua formula delicata e nutriente, pu\u00f2 essere utilizzata come crema viso, crema per le mani, per il corpo, maschera per viso e capelli, scrub o come base per creme colorate.  Per utilizzare la Crema Neutra, applicala pura sulla pelle pulita del viso o del corpo. Puoi anche aggiungere i tuoi attivi preferiti per creare creme personalizzate adatte alle tue necessit\u00e0. Utilizzala come base per preparare maschere, scrub o creme colorate, adattandola alla tua routine di bellezza quotidiana. Optare per la Crema Neutra significa prendersi cura della propria pelle in modo naturale, con la possibilit\u00e0 di personalizzare ogni trattamento secondo le proprie esigenze specifiche.  Il flacone da 250 ml \u00e8 realizzato con materiali riciclabili, promuovendo un ciclo produttivo ecologico e rispettoso dell&#039;ambiente. Il tappo in alluminio e il vaso in plastica PET1 garantiscono una conservazione ottimale del prodotto, mentre l\u2019etichetta fornisce istruzioni chiare sull&#039;uso e la riciclabilit\u00e0 del packaging.\" \/>\n<meta property=\"og:url\" content=\"https:\/\/eticoshop.it\/en\/negozio\/cosmesi\/trattamenti-skincare\/crema-neutra\/\" \/>\n<meta property=\"og:site_name\" content=\"\u00c8tico\" \/>\n<meta property=\"og:image\" content=\"https:\/\/eticoshop.it\/wp-content\/uploads\/2024\/06\/crema-neutra-copia-23.png\" \/>\n\t<meta property=\"og:image:width\" content=\"2000\" \/>\n\t<meta property=\"og:image:height\" content=\"2000\" \/>\n\t<meta property=\"og:image:type\" content=\"image\/png\" \/>\n<meta name=\"twitter:card\" content=\"summary_large_image\" \/>\n<meta name=\"twitter:label1\" content=\"Estimated reading time\" \/>\n\t<meta name=\"twitter:data1\" content=\"1 minute\" \/>\n<script type=\"application\/ld+json\" class=\"yoast-schema-graph\">{\"@context\":\"https:\\\/\\\/schema.org\",\"@graph\":[{\"@type\":\"WebPage\",\"@id\":\"https:\\\/\\\/eticoshop.it\\\/negozio\\\/cosmesi\\\/trattamenti-skincare\\\/crema-neutra\\\/\",\"url\":\"https:\\\/\\\/eticoshop.it\\\/negozio\\\/cosmesi\\\/trattamenti-skincare\\\/crema-neutra\\\/\",\"name\":\"Crema Neutra - \u00c8tico\",\"isPartOf\":{\"@id\":\"https:\\\/\\\/eticoshop.it\\\/#website\"},\"primaryImageOfPage\":{\"@id\":\"https:\\\/\\\/eticoshop.it\\\/negozio\\\/cosmesi\\\/trattamenti-skincare\\\/crema-neutra\\\/#primaryimage\"},\"image\":{\"@id\":\"https:\\\/\\\/eticoshop.it\\\/negozio\\\/cosmesi\\\/trattamenti-skincare\\\/crema-neutra\\\/#primaryimage\"},\"thumbnailUrl\":\"https:\\\/\\\/eticoshop.it\\\/wp-content\\\/uploads\\\/2024\\\/06\\\/crema-neutra-copia-23.png\",\"datePublished\":\"2024-06-21T15:39:05+00:00\",\"breadcrumb\":{\"@id\":\"https:\\\/\\\/eticoshop.it\\\/negozio\\\/cosmesi\\\/trattamenti-skincare\\\/crema-neutra\\\/#breadcrumb\"},\"inLanguage\":\"en-GB\",\"potentialAction\":[{\"@type\":\"ReadAction\",\"target\":[\"https:\\\/\\\/eticoshop.it\\\/negozio\\\/cosmesi\\\/trattamenti-skincare\\\/crema-neutra\\\/\"]}]},{\"@type\":\"ImageObject\",\"inLanguage\":\"en-GB\",\"@id\":\"https:\\\/\\\/eticoshop.it\\\/negozio\\\/cosmesi\\\/trattamenti-skincare\\\/crema-neutra\\\/#primaryimage\",\"url\":\"https:\\\/\\\/eticoshop.it\\\/wp-content\\\/uploads\\\/2024\\\/06\\\/crema-neutra-copia-23.png\",\"contentUrl\":\"https:\\\/\\\/eticoshop.it\\\/wp-content\\\/uploads\\\/2024\\\/06\\\/crema-neutra-copia-23.png\",\"width\":2000,\"height\":2000,\"caption\":\"crema neutra\"},{\"@type\":\"BreadcrumbList\",\"@id\":\"https:\\\/\\\/eticoshop.it\\\/negozio\\\/cosmesi\\\/trattamenti-skincare\\\/crema-neutra\\\/#breadcrumb\",\"itemListElement\":[{\"@type\":\"ListItem\",\"position\":1,\"name\":\"Home\",\"item\":\"https:\\\/\\\/eticoshop.it\\\/\"},{\"@type\":\"ListItem\",\"position\":2,\"name\":\"Shop\",\"item\":\"https:\\\/\\\/eticoshop.it\\\/negozio\\\/\"},{\"@type\":\"ListItem\",\"position\":3,\"name\":\"Cosmesi\",\"item\":\"https:\\\/\\\/eticoshop.it\\\/categoria-prodotto\\\/cosmesi\\\/\"},{\"@type\":\"ListItem\",\"position\":4,\"name\":\"Crema Neutra\"}]},{\"@type\":\"WebSite\",\"@id\":\"https:\\\/\\\/eticoshop.it\\\/#website\",\"url\":\"https:\\\/\\\/eticoshop.it\\\/\",\"name\":\"\u00c8tico\",\"description\":\"\",\"publisher\":{\"@id\":\"https:\\\/\\\/eticoshop.it\\\/#organization\"},\"potentialAction\":[{\"@type\":\"SearchAction\",\"target\":{\"@type\":\"EntryPoint\",\"urlTemplate\":\"https:\\\/\\\/eticoshop.it\\\/?s={search_term_string}\"},\"query-input\":{\"@type\":\"PropertyValueSpecification\",\"valueRequired\":true,\"valueName\":\"search_term_string\"}}],\"inLanguage\":\"en-GB\"},{\"@type\":\"Organization\",\"@id\":\"https:\\\/\\\/eticoshop.it\\\/#organization\",\"name\":\"\u00c8tico\",\"url\":\"https:\\\/\\\/eticoshop.it\\\/\",\"logo\":{\"@type\":\"ImageObject\",\"inLanguage\":\"en-GB\",\"@id\":\"https:\\\/\\\/eticoshop.it\\\/#\\\/schema\\\/logo\\\/image\\\/\",\"url\":\"https:\\\/\\\/eticoshop.it\\\/wp-content\\\/uploads\\\/2023\\\/09\\\/logo-etico.svg\",\"contentUrl\":\"https:\\\/\\\/eticoshop.it\\\/wp-content\\\/uploads\\\/2023\\\/09\\\/logo-etico.svg\",\"width\":973,\"height\":360,\"caption\":\"\u00c8tico\"},\"image\":{\"@id\":\"https:\\\/\\\/eticoshop.it\\\/#\\\/schema\\\/logo\\\/image\\\/\"}}]}<\/script>\n<!-- \/ Yoast SEO plugin. -->","yoast_head_json":{"title":"Crema Neutra - \u00c8tico","robots":{"index":"index","follow":"follow","max-snippet":"max-snippet:-1","max-image-preview":"max-image-preview:large","max-video-preview":"max-video-preview:-1"},"canonical":"https:\/\/eticoshop.it\/en\/negozio\/cosmesi\/trattamenti-skincare\/crema-neutra\/","og_locale":"en_GB","og_type":"article","og_title":"Crema Neutra - \u00c8tico","og_description":"La Crema Neutra \u00e8 una versatile base multiuso, realizzata con Aloe, burro di Karit\u00e9 e prezioso olio di Argan. Questa crema si adatta a diversi tipi di pelle, rendendola perfetta per creare un trattamento di bellezza personalizzato. Grazie alla sua formula delicata e nutriente, pu\u00f2 essere utilizzata come crema viso, crema per le mani, per il corpo, maschera per viso e capelli, scrub o come base per creme colorate.  Per utilizzare la Crema Neutra, applicala pura sulla pelle pulita del viso o del corpo. Puoi anche aggiungere i tuoi attivi preferiti per creare creme personalizzate adatte alle tue necessit\u00e0. Utilizzala come base per preparare maschere, scrub o creme colorate, adattandola alla tua routine di bellezza quotidiana. Optare per la Crema Neutra significa prendersi cura della propria pelle in modo naturale, con la possibilit\u00e0 di personalizzare ogni trattamento secondo le proprie esigenze specifiche.  Il flacone da 250 ml \u00e8 realizzato con materiali riciclabili, promuovendo un ciclo produttivo ecologico e rispettoso dell'ambiente. Il tappo in alluminio e il vaso in plastica PET1 garantiscono una conservazione ottimale del prodotto, mentre l\u2019etichetta fornisce istruzioni chiare sull'uso e la riciclabilit\u00e0 del packaging.","og_url":"https:\/\/eticoshop.it\/en\/negozio\/cosmesi\/trattamenti-skincare\/crema-neutra\/","og_site_name":"\u00c8tico","og_image":[{"width":2000,"height":2000,"url":"https:\/\/eticoshop.it\/wp-content\/uploads\/2024\/06\/crema-neutra-copia-23.png","type":"image\/png"}],"twitter_card":"summary_large_image","twitter_misc":{"Estimated reading time":"1 minute"},"schema":{"@context":"https:\/\/schema.org","@graph":[{"@type":"WebPage","@id":"https:\/\/eticoshop.it\/negozio\/cosmesi\/trattamenti-skincare\/crema-neutra\/","url":"https:\/\/eticoshop.it\/negozio\/cosmesi\/trattamenti-skincare\/crema-neutra\/","name":"Crema Neutra - \u00c8tico","isPartOf":{"@id":"https:\/\/eticoshop.it\/#website"},"primaryImageOfPage":{"@id":"https:\/\/eticoshop.it\/negozio\/cosmesi\/trattamenti-skincare\/crema-neutra\/#primaryimage"},"image":{"@id":"https:\/\/eticoshop.it\/negozio\/cosmesi\/trattamenti-skincare\/crema-neutra\/#primaryimage"},"thumbnailUrl":"https:\/\/eticoshop.it\/wp-content\/uploads\/2024\/06\/crema-neutra-copia-23.png","datePublished":"2024-06-21T15:39:05+00:00","breadcrumb":{"@id":"https:\/\/eticoshop.it\/negozio\/cosmesi\/trattamenti-skincare\/crema-neutra\/#breadcrumb"},"inLanguage":"en-GB","potentialAction":[{"@type":"ReadAction","target":["https:\/\/eticoshop.it\/negozio\/cosmesi\/trattamenti-skincare\/crema-neutra\/"]}]},{"@type":"ImageObject","inLanguage":"en-GB","@id":"https:\/\/eticoshop.it\/negozio\/cosmesi\/trattamenti-skincare\/crema-neutra\/#primaryimage","url":"https:\/\/eticoshop.it\/wp-content\/uploads\/2024\/06\/crema-neutra-copia-23.png","contentUrl":"https:\/\/eticoshop.it\/wp-content\/uploads\/2024\/06\/crema-neutra-copia-23.png","width":2000,"height":2000,"caption":"crema neutra"},{"@type":"BreadcrumbList","@id":"https:\/\/eticoshop.it\/negozio\/cosmesi\/trattamenti-skincare\/crema-neutra\/#breadcrumb","itemListElement":[{"@type":"ListItem","position":1,"name":"Home","item":"https:\/\/eticoshop.it\/"},{"@type":"ListItem","position":2,"name":"Shop","item":"https:\/\/eticoshop.it\/negozio\/"},{"@type":"ListItem","position":3,"name":"Cosmesi","item":"https:\/\/eticoshop.it\/categoria-prodotto\/cosmesi\/"},{"@type":"ListItem","position":4,"name":"Crema Neutra"}]},{"@type":"WebSite","@id":"https:\/\/eticoshop.it\/#website","url":"https:\/\/eticoshop.it\/","name":"\u00c8tico","description":"","publisher":{"@id":"https:\/\/eticoshop.it\/#organization"},"potentialAction":[{"@type":"SearchAction","target":{"@type":"EntryPoint","urlTemplate":"https:\/\/eticoshop.it\/?s={search_term_string}"},"query-input":{"@type":"PropertyValueSpecification","valueRequired":true,"valueName":"search_term_string"}}],"inLanguage":"en-GB"},{"@type":"Organization","@id":"https:\/\/eticoshop.it\/#organization","name":"\u00c8tico","url":"https:\/\/eticoshop.it\/","logo":{"@type":"ImageObject","inLanguage":"en-GB","@id":"https:\/\/eticoshop.it\/#\/schema\/logo\/image\/","url":"https:\/\/eticoshop.it\/wp-content\/uploads\/2023\/09\/logo-etico.svg","contentUrl":"https:\/\/eticoshop.it\/wp-content\/uploads\/2023\/09\/logo-etico.svg","width":973,"height":360,"caption":"\u00c8tico"},"image":{"@id":"https:\/\/eticoshop.it\/#\/schema\/logo\/image\/"}}]}},"_links":{"self":[{"href":"https:\/\/eticoshop.it\/en\/wp-json\/wp\/v2\/product\/8224","targetHints":{"allow":["GET"]}}],"collection":[{"href":"https:\/\/eticoshop.it\/en\/wp-json\/wp\/v2\/product"}],"about":[{"href":"https:\/\/eticoshop.it\/en\/wp-json\/wp\/v2\/types\/product"}],"wp:featuredmedia":[{"embeddable":true,"href":"https:\/\/eticoshop.it\/en\/wp-json\/wp\/v2\/media\/8226"}],"wp:attachment":[{"href":"https:\/\/eticoshop.it\/en\/wp-json\/wp\/v2\/media?parent=8224"}],"wp:term":[{"taxonomy":"product_brand","embeddable":true,"href":"https:\/\/eticoshop.it\/en\/wp-json\/wp\/v2\/product_brand?post=8224"},{"taxonomy":"product_cat","embeddable":true,"href":"https:\/\/eticoshop.it\/en\/wp-json\/wp\/v2\/product_cat?post=8224"},{"taxonomy":"product_tag","embeddable":true,"href":"https:\/\/eticoshop.it\/en\/wp-json\/wp\/v2\/product_tag?post=8224"}],"curies":[{"name":"wp","href":"https:\/\/api.w.org\/{rel}","templated":true}]}}