





















{"id":8232,"date":"2024-06-21T17:36:57","date_gmt":"2024-06-21T15:36:57","guid":{"rendered":"https:\/\/eticoshop.it\/?post_type=product&#038;p=8232"},"modified":"2024-06-21T17:36:57","modified_gmt":"2024-06-21T15:36:57","slug":"mascara-impeccable","status":"publish","type":"product","link":"https:\/\/eticoshop.it\/en\/negozio\/cosmesi\/linea-occhi\/mascara-impeccable\/","title":{"rendered":"Mascara &#8211; Impeccable"},"content":{"rendered":"<p>Il Mascara Impeccabile allunga, incurva e ristruttura le ciglia, con idrolato di bamb\u00f9 biologico. Naturale, certificato, nero intenso, scovolino a uncino.<\/p>","protected":false},"excerpt":{"rendered":"<p>Il Mascara Impeccabile \u00e8 ideale per chi desidera ciglia incurvate e allungate, esaltandone la lunghezza e ristrutturandole al contempo. La sua formula unica \u00e8 arricchita con idrolato di bamb\u00f9 biologico, noto per le sue propriet\u00e0 fortificanti e ristrutturanti. La texture corposa e il colore nero intenso avvolgono le ciglia donando un effetto naturale. Lo scovolino a forma di uncino facilita l\u2019applicazione anche nei punti pi\u00f9 difficili, sollevando e definendo ogni ciglia per un risultato impeccabile. Perfetto per chi cerca un prodotto naturale e certificato che offra elevate performance senza compromettere la salute delle ciglia e l\u2019ambiente.<\/p>\n<p>Prima di applicare il mascara, assicurarsi che lo scovolino sia pulito per evitare grumi. Posizionare lo scovolino in senso orizzontale all\u2019occhio e applicare con movimenti a zig-zag dal basso verso l\u2019alto per accogliere ogni ciglio. \u00c8 possibile stratificare il prodotto per un effetto pi\u00f9 evidente, ma attenzione a non esagerare per evitare l&#8217;effetto &#8220;ragno&#8221;.<\/p>\n<p>Il packaging del mascara \u00e8 realizzato con materiali sostenibili, sottolineando l\u2019impegno del marchio verso la sostenibilit\u00e0. Si consiglia di non disperdere il contenitore nell\u2019ambiente dopo l\u2019uso.<\/p>","protected":false},"featured_media":8233,"template":"","meta":{"_acf_changed":false,"inline_featured_image":false},"product_brand":[],"product_cat":[29,149],"product_tag":[167,106,168,235,331,322,326,324],"class_list":{"0":"post-8232","1":"product","2":"type-product","3":"status-publish","4":"has-post-thumbnail","6":"product_cat-cosmesi","7":"product_cat-linea-occhi","8":"product_tag-applicazione-facile","9":"product_tag-biologico","10":"product_tag-fortificante","11":"product_tag-lunga-durata","12":"product_tag-nero-intenso","13":"product_tag-occhi-sensibili","14":"product_tag-resistente-allacqua","15":"product_tag-volume","17":"first","18":"instock","19":"taxable","20":"shipping-taxable","21":"purchasable","22":"product-type-simple"},"acf":[],"yoast_head":"<!-- This site is optimized with the Yoast SEO plugin v27.4 - https:\/\/yoast.com\/product\/yoast-seo-wordpress\/ -->\n<title>Mascara - Impeccable - \u00c8tico<\/title>\n<meta name=\"robots\" content=\"index, follow, max-snippet:-1, max-image-preview:large, max-video-preview:-1\" \/>\n<link rel=\"canonical\" href=\"https:\/\/eticoshop.it\/en\/negozio\/cosmesi\/linea-occhi\/mascara-impeccable\/\" \/>\n<meta property=\"og:locale\" content=\"en_GB\" \/>\n<meta property=\"og:type\" content=\"article\" \/>\n<meta property=\"og:title\" content=\"Mascara - Impeccable - \u00c8tico\" \/>\n<meta property=\"og:description\" content=\"Il Mascara Impeccabile \u00e8 ideale per chi desidera ciglia incurvate e allungate, esaltandone la lunghezza e ristrutturandole al contempo. La sua formula unica \u00e8 arricchita con idrolato di bamb\u00f9 biologico, noto per le sue propriet\u00e0 fortificanti e ristrutturanti. La texture corposa e il colore nero intenso avvolgono le ciglia donando un effetto naturale. Lo scovolino a forma di uncino facilita l\u2019applicazione anche nei punti pi\u00f9 difficili, sollevando e definendo ogni ciglia per un risultato impeccabile. Perfetto per chi cerca un prodotto naturale e certificato che offra elevate performance senza compromettere la salute delle ciglia e l\u2019ambiente.  Prima di applicare il mascara, assicurarsi che lo scovolino sia pulito per evitare grumi. Posizionare lo scovolino in senso orizzontale all\u2019occhio e applicare con movimenti a zig-zag dal basso verso l\u2019alto per accogliere ogni ciglio. \u00c8 possibile stratificare il prodotto per un effetto pi\u00f9 evidente, ma attenzione a non esagerare per evitare l&#039;effetto &quot;ragno&quot;.  Il packaging del mascara \u00e8 realizzato con materiali sostenibili, sottolineando l\u2019impegno del marchio verso la sostenibilit\u00e0. Si consiglia di non disperdere il contenitore nell\u2019ambiente dopo l\u2019uso.\" \/>\n<meta property=\"og:url\" content=\"https:\/\/eticoshop.it\/en\/negozio\/cosmesi\/linea-occhi\/mascara-impeccable\/\" \/>\n<meta property=\"og:site_name\" content=\"\u00c8tico\" \/>\n<meta property=\"og:image\" content=\"https:\/\/eticoshop.it\/wp-content\/uploads\/2024\/06\/mascara-impeccable-copia.png\" \/>\n\t<meta property=\"og:image:width\" content=\"2000\" \/>\n\t<meta property=\"og:image:height\" content=\"2000\" \/>\n\t<meta property=\"og:image:type\" content=\"image\/png\" \/>\n<meta name=\"twitter:card\" content=\"summary_large_image\" \/>\n<meta name=\"twitter:label1\" content=\"Estimated reading time\" \/>\n\t<meta name=\"twitter:data1\" content=\"1 minute\" \/>\n<script type=\"application\/ld+json\" class=\"yoast-schema-graph\">{\"@context\":\"https:\\\/\\\/schema.org\",\"@graph\":[{\"@type\":\"WebPage\",\"@id\":\"https:\\\/\\\/eticoshop.it\\\/negozio\\\/cosmesi\\\/linea-occhi\\\/mascara-impeccable\\\/\",\"url\":\"https:\\\/\\\/eticoshop.it\\\/negozio\\\/cosmesi\\\/linea-occhi\\\/mascara-impeccable\\\/\",\"name\":\"Mascara - Impeccable - \u00c8tico\",\"isPartOf\":{\"@id\":\"https:\\\/\\\/eticoshop.it\\\/#website\"},\"primaryImageOfPage\":{\"@id\":\"https:\\\/\\\/eticoshop.it\\\/negozio\\\/cosmesi\\\/linea-occhi\\\/mascara-impeccable\\\/#primaryimage\"},\"image\":{\"@id\":\"https:\\\/\\\/eticoshop.it\\\/negozio\\\/cosmesi\\\/linea-occhi\\\/mascara-impeccable\\\/#primaryimage\"},\"thumbnailUrl\":\"https:\\\/\\\/eticoshop.it\\\/wp-content\\\/uploads\\\/2024\\\/06\\\/mascara-impeccable-copia.png\",\"datePublished\":\"2024-06-21T15:36:57+00:00\",\"breadcrumb\":{\"@id\":\"https:\\\/\\\/eticoshop.it\\\/negozio\\\/cosmesi\\\/linea-occhi\\\/mascara-impeccable\\\/#breadcrumb\"},\"inLanguage\":\"en-GB\",\"potentialAction\":[{\"@type\":\"ReadAction\",\"target\":[\"https:\\\/\\\/eticoshop.it\\\/negozio\\\/cosmesi\\\/linea-occhi\\\/mascara-impeccable\\\/\"]}]},{\"@type\":\"ImageObject\",\"inLanguage\":\"en-GB\",\"@id\":\"https:\\\/\\\/eticoshop.it\\\/negozio\\\/cosmesi\\\/linea-occhi\\\/mascara-impeccable\\\/#primaryimage\",\"url\":\"https:\\\/\\\/eticoshop.it\\\/wp-content\\\/uploads\\\/2024\\\/06\\\/mascara-impeccable-copia.png\",\"contentUrl\":\"https:\\\/\\\/eticoshop.it\\\/wp-content\\\/uploads\\\/2024\\\/06\\\/mascara-impeccable-copia.png\",\"width\":2000,\"height\":2000,\"caption\":\"mascara impeccable\"},{\"@type\":\"BreadcrumbList\",\"@id\":\"https:\\\/\\\/eticoshop.it\\\/negozio\\\/cosmesi\\\/linea-occhi\\\/mascara-impeccable\\\/#breadcrumb\",\"itemListElement\":[{\"@type\":\"ListItem\",\"position\":1,\"name\":\"Home\",\"item\":\"https:\\\/\\\/eticoshop.it\\\/\"},{\"@type\":\"ListItem\",\"position\":2,\"name\":\"Shop\",\"item\":\"https:\\\/\\\/eticoshop.it\\\/negozio\\\/\"},{\"@type\":\"ListItem\",\"position\":3,\"name\":\"Cosmesi\",\"item\":\"https:\\\/\\\/eticoshop.it\\\/categoria-prodotto\\\/cosmesi\\\/\"},{\"@type\":\"ListItem\",\"position\":4,\"name\":\"Mascara &#8211; Impeccable\"}]},{\"@type\":\"WebSite\",\"@id\":\"https:\\\/\\\/eticoshop.it\\\/#website\",\"url\":\"https:\\\/\\\/eticoshop.it\\\/\",\"name\":\"\u00c8tico\",\"description\":\"\",\"publisher\":{\"@id\":\"https:\\\/\\\/eticoshop.it\\\/#organization\"},\"potentialAction\":[{\"@type\":\"SearchAction\",\"target\":{\"@type\":\"EntryPoint\",\"urlTemplate\":\"https:\\\/\\\/eticoshop.it\\\/?s={search_term_string}\"},\"query-input\":{\"@type\":\"PropertyValueSpecification\",\"valueRequired\":true,\"valueName\":\"search_term_string\"}}],\"inLanguage\":\"en-GB\"},{\"@type\":\"Organization\",\"@id\":\"https:\\\/\\\/eticoshop.it\\\/#organization\",\"name\":\"\u00c8tico\",\"url\":\"https:\\\/\\\/eticoshop.it\\\/\",\"logo\":{\"@type\":\"ImageObject\",\"inLanguage\":\"en-GB\",\"@id\":\"https:\\\/\\\/eticoshop.it\\\/#\\\/schema\\\/logo\\\/image\\\/\",\"url\":\"https:\\\/\\\/eticoshop.it\\\/wp-content\\\/uploads\\\/2023\\\/09\\\/logo-etico.svg\",\"contentUrl\":\"https:\\\/\\\/eticoshop.it\\\/wp-content\\\/uploads\\\/2023\\\/09\\\/logo-etico.svg\",\"width\":973,\"height\":360,\"caption\":\"\u00c8tico\"},\"image\":{\"@id\":\"https:\\\/\\\/eticoshop.it\\\/#\\\/schema\\\/logo\\\/image\\\/\"}}]}<\/script>\n<!-- \/ Yoast SEO plugin. -->","yoast_head_json":{"title":"Mascara - Impeccable - \u00c8tico","robots":{"index":"index","follow":"follow","max-snippet":"max-snippet:-1","max-image-preview":"max-image-preview:large","max-video-preview":"max-video-preview:-1"},"canonical":"https:\/\/eticoshop.it\/en\/negozio\/cosmesi\/linea-occhi\/mascara-impeccable\/","og_locale":"en_GB","og_type":"article","og_title":"Mascara - Impeccable - \u00c8tico","og_description":"Il Mascara Impeccabile \u00e8 ideale per chi desidera ciglia incurvate e allungate, esaltandone la lunghezza e ristrutturandole al contempo. La sua formula unica \u00e8 arricchita con idrolato di bamb\u00f9 biologico, noto per le sue propriet\u00e0 fortificanti e ristrutturanti. La texture corposa e il colore nero intenso avvolgono le ciglia donando un effetto naturale. Lo scovolino a forma di uncino facilita l\u2019applicazione anche nei punti pi\u00f9 difficili, sollevando e definendo ogni ciglia per un risultato impeccabile. Perfetto per chi cerca un prodotto naturale e certificato che offra elevate performance senza compromettere la salute delle ciglia e l\u2019ambiente.  Prima di applicare il mascara, assicurarsi che lo scovolino sia pulito per evitare grumi. Posizionare lo scovolino in senso orizzontale all\u2019occhio e applicare con movimenti a zig-zag dal basso verso l\u2019alto per accogliere ogni ciglio. \u00c8 possibile stratificare il prodotto per un effetto pi\u00f9 evidente, ma attenzione a non esagerare per evitare l'effetto \"ragno\".  Il packaging del mascara \u00e8 realizzato con materiali sostenibili, sottolineando l\u2019impegno del marchio verso la sostenibilit\u00e0. Si consiglia di non disperdere il contenitore nell\u2019ambiente dopo l\u2019uso.","og_url":"https:\/\/eticoshop.it\/en\/negozio\/cosmesi\/linea-occhi\/mascara-impeccable\/","og_site_name":"\u00c8tico","og_image":[{"width":2000,"height":2000,"url":"https:\/\/eticoshop.it\/wp-content\/uploads\/2024\/06\/mascara-impeccable-copia.png","type":"image\/png"}],"twitter_card":"summary_large_image","twitter_misc":{"Estimated reading time":"1 minute"},"schema":{"@context":"https:\/\/schema.org","@graph":[{"@type":"WebPage","@id":"https:\/\/eticoshop.it\/negozio\/cosmesi\/linea-occhi\/mascara-impeccable\/","url":"https:\/\/eticoshop.it\/negozio\/cosmesi\/linea-occhi\/mascara-impeccable\/","name":"Mascara - Impeccable - \u00c8tico","isPartOf":{"@id":"https:\/\/eticoshop.it\/#website"},"primaryImageOfPage":{"@id":"https:\/\/eticoshop.it\/negozio\/cosmesi\/linea-occhi\/mascara-impeccable\/#primaryimage"},"image":{"@id":"https:\/\/eticoshop.it\/negozio\/cosmesi\/linea-occhi\/mascara-impeccable\/#primaryimage"},"thumbnailUrl":"https:\/\/eticoshop.it\/wp-content\/uploads\/2024\/06\/mascara-impeccable-copia.png","datePublished":"2024-06-21T15:36:57+00:00","breadcrumb":{"@id":"https:\/\/eticoshop.it\/negozio\/cosmesi\/linea-occhi\/mascara-impeccable\/#breadcrumb"},"inLanguage":"en-GB","potentialAction":[{"@type":"ReadAction","target":["https:\/\/eticoshop.it\/negozio\/cosmesi\/linea-occhi\/mascara-impeccable\/"]}]},{"@type":"ImageObject","inLanguage":"en-GB","@id":"https:\/\/eticoshop.it\/negozio\/cosmesi\/linea-occhi\/mascara-impeccable\/#primaryimage","url":"https:\/\/eticoshop.it\/wp-content\/uploads\/2024\/06\/mascara-impeccable-copia.png","contentUrl":"https:\/\/eticoshop.it\/wp-content\/uploads\/2024\/06\/mascara-impeccable-copia.png","width":2000,"height":2000,"caption":"mascara impeccable"},{"@type":"BreadcrumbList","@id":"https:\/\/eticoshop.it\/negozio\/cosmesi\/linea-occhi\/mascara-impeccable\/#breadcrumb","itemListElement":[{"@type":"ListItem","position":1,"name":"Home","item":"https:\/\/eticoshop.it\/"},{"@type":"ListItem","position":2,"name":"Shop","item":"https:\/\/eticoshop.it\/negozio\/"},{"@type":"ListItem","position":3,"name":"Cosmesi","item":"https:\/\/eticoshop.it\/categoria-prodotto\/cosmesi\/"},{"@type":"ListItem","position":4,"name":"Mascara &#8211; Impeccable"}]},{"@type":"WebSite","@id":"https:\/\/eticoshop.it\/#website","url":"https:\/\/eticoshop.it\/","name":"\u00c8tico","description":"","publisher":{"@id":"https:\/\/eticoshop.it\/#organization"},"potentialAction":[{"@type":"SearchAction","target":{"@type":"EntryPoint","urlTemplate":"https:\/\/eticoshop.it\/?s={search_term_string}"},"query-input":{"@type":"PropertyValueSpecification","valueRequired":true,"valueName":"search_term_string"}}],"inLanguage":"en-GB"},{"@type":"Organization","@id":"https:\/\/eticoshop.it\/#organization","name":"\u00c8tico","url":"https:\/\/eticoshop.it\/","logo":{"@type":"ImageObject","inLanguage":"en-GB","@id":"https:\/\/eticoshop.it\/#\/schema\/logo\/image\/","url":"https:\/\/eticoshop.it\/wp-content\/uploads\/2023\/09\/logo-etico.svg","contentUrl":"https:\/\/eticoshop.it\/wp-content\/uploads\/2023\/09\/logo-etico.svg","width":973,"height":360,"caption":"\u00c8tico"},"image":{"@id":"https:\/\/eticoshop.it\/#\/schema\/logo\/image\/"}}]}},"_links":{"self":[{"href":"https:\/\/eticoshop.it\/en\/wp-json\/wp\/v2\/product\/8232","targetHints":{"allow":["GET"]}}],"collection":[{"href":"https:\/\/eticoshop.it\/en\/wp-json\/wp\/v2\/product"}],"about":[{"href":"https:\/\/eticoshop.it\/en\/wp-json\/wp\/v2\/types\/product"}],"wp:featuredmedia":[{"embeddable":true,"href":"https:\/\/eticoshop.it\/en\/wp-json\/wp\/v2\/media\/8233"}],"wp:attachment":[{"href":"https:\/\/eticoshop.it\/en\/wp-json\/wp\/v2\/media?parent=8232"}],"wp:term":[{"taxonomy":"product_brand","embeddable":true,"href":"https:\/\/eticoshop.it\/en\/wp-json\/wp\/v2\/product_brand?post=8232"},{"taxonomy":"product_cat","embeddable":true,"href":"https:\/\/eticoshop.it\/en\/wp-json\/wp\/v2\/product_cat?post=8232"},{"taxonomy":"product_tag","embeddable":true,"href":"https:\/\/eticoshop.it\/en\/wp-json\/wp\/v2\/product_tag?post=8232"}],"curies":[{"name":"wp","href":"https:\/\/api.w.org\/{rel}","templated":true}]}}