





















{"id":8238,"date":"2024-06-21T17:38:28","date_gmt":"2024-06-21T15:38:28","guid":{"rendered":"https:\/\/eticoshop.it\/?post_type=product&#038;p=8238"},"modified":"2024-06-21T17:38:28","modified_gmt":"2024-06-21T15:38:28","slug":"mascara-follow","status":"publish","type":"product","link":"https:\/\/eticoshop.it\/en\/negozio\/cosmesi\/linea-occhi\/mascara-follow\/","title":{"rendered":"Mascara &#8211; #Follow"},"content":{"rendered":"<p>Il Mascara Volumizzante #Follow volumizza senza appesantire, con formula cremosa super nera, arricchito con jojoba, fiordaliso e estratti di Rosa Gallica e Damascena.<\/p>\n<p>&nbsp;<\/p>","protected":false},"excerpt":{"rendered":"<p>Il Mascara Volumizzante #Follow \u00e8 perfetto per chi desidera ciglia voluminose senza appesantirle. La sua formula cremosa e super nera offre un&#8217;immediata intensit\u00e0 allo sguardo. Arricchito con olio di jojoba dalle propriet\u00e0 rinforzanti, acqua di fiordaliso bio dalle propriet\u00e0 idratanti, e dagli estratti di Rosa Gallica e Rosa Damascena dalle propriet\u00e0 antiossidanti, questo mascara assicura un look voluminoso e personalizzabile. Ideale per chi cerca un prodotto naturale e biologico che garantisca elevate performance e rispetti l&#8217;ambiente.<\/p>\n<p>Applicare il mascara partendo dalla radice delle ciglia fino alle punte, utilizzando movimenti a zig-zag per separare e definire ogni ciglia. Ripetere il procedimento per ottenere un effetto pi\u00f9 intenso. Lo scovolino ad albero raggiunge perfettamente tutte le ciglia, garantendo uno sguardo a prova di filtro.<\/p>\n<p>Il packaging del mascara \u00e8 realizzato con il 75% di materiale riciclato, sottolineando l&#8217;impegno del marchio verso la sostenibilit\u00e0. Il contenitore, di colore nero con un tappo turchese, \u00e8 progettato per essere pratico e riciclabile. Si consiglia di non disperdere il contenitore nell&#8217;ambiente dopo l&#8217;uso.<\/p>","protected":false},"featured_media":8240,"template":"","meta":{"_acf_changed":false,"inline_featured_image":false},"product_brand":[],"product_cat":[29,149],"product_tag":[167,106,168,235,325,322,326,324],"class_list":{"0":"post-8238","1":"product","2":"type-product","3":"status-publish","4":"has-post-thumbnail","6":"product_cat-cosmesi","7":"product_cat-linea-occhi","8":"product_tag-applicazione-facile","9":"product_tag-biologico","10":"product_tag-fortificante","11":"product_tag-lunga-durata","12":"product_tag-lunghezza","13":"product_tag-occhi-sensibili","14":"product_tag-resistente-allacqua","15":"product_tag-volume","17":"first","18":"instock","19":"taxable","20":"shipping-taxable","21":"purchasable","22":"product-type-simple"},"acf":[],"yoast_head":"<!-- This site is optimized with the Yoast SEO plugin v27.6 - https:\/\/yoast.com\/product\/yoast-seo-wordpress\/ -->\n<title>Mascara - #Follow - \u00c8tico<\/title>\n<meta name=\"robots\" content=\"index, follow, max-snippet:-1, max-image-preview:large, max-video-preview:-1\" \/>\n<link rel=\"canonical\" href=\"https:\/\/eticoshop.it\/en\/negozio\/cosmesi\/linea-occhi\/mascara-follow\/\" \/>\n<meta property=\"og:locale\" content=\"en_GB\" \/>\n<meta property=\"og:type\" content=\"article\" \/>\n<meta property=\"og:title\" content=\"Mascara - #Follow - \u00c8tico\" \/>\n<meta property=\"og:description\" content=\"Il Mascara Volumizzante #Follow \u00e8 perfetto per chi desidera ciglia voluminose senza appesantirle. La sua formula cremosa e super nera offre un&#039;immediata intensit\u00e0 allo sguardo. Arricchito con olio di jojoba dalle propriet\u00e0 rinforzanti, acqua di fiordaliso bio dalle propriet\u00e0 idratanti, e dagli estratti di Rosa Gallica e Rosa Damascena dalle propriet\u00e0 antiossidanti, questo mascara assicura un look voluminoso e personalizzabile. Ideale per chi cerca un prodotto naturale e biologico che garantisca elevate performance e rispetti l&#039;ambiente.  Applicare il mascara partendo dalla radice delle ciglia fino alle punte, utilizzando movimenti a zig-zag per separare e definire ogni ciglia. Ripetere il procedimento per ottenere un effetto pi\u00f9 intenso. Lo scovolino ad albero raggiunge perfettamente tutte le ciglia, garantendo uno sguardo a prova di filtro.  Il packaging del mascara \u00e8 realizzato con il 75% di materiale riciclato, sottolineando l&#039;impegno del marchio verso la sostenibilit\u00e0. Il contenitore, di colore nero con un tappo turchese, \u00e8 progettato per essere pratico e riciclabile. Si consiglia di non disperdere il contenitore nell&#039;ambiente dopo l&#039;uso.\" \/>\n<meta property=\"og:url\" content=\"https:\/\/eticoshop.it\/en\/negozio\/cosmesi\/linea-occhi\/mascara-follow\/\" \/>\n<meta property=\"og:site_name\" content=\"\u00c8tico\" \/>\n<meta property=\"og:image\" content=\"https:\/\/eticoshop.it\/wp-content\/uploads\/2024\/06\/mascara-turchese-follow-copia.png\" \/>\n\t<meta property=\"og:image:width\" content=\"2000\" \/>\n\t<meta property=\"og:image:height\" content=\"2000\" \/>\n\t<meta property=\"og:image:type\" content=\"image\/png\" \/>\n<meta name=\"twitter:card\" content=\"summary_large_image\" \/>\n<meta name=\"twitter:label1\" content=\"Estimated reading time\" \/>\n\t<meta name=\"twitter:data1\" content=\"1 minute\" \/>\n<script type=\"application\/ld+json\" class=\"yoast-schema-graph\">{\"@context\":\"https:\\\/\\\/schema.org\",\"@graph\":[{\"@type\":\"WebPage\",\"@id\":\"https:\\\/\\\/eticoshop.it\\\/negozio\\\/cosmesi\\\/linea-occhi\\\/mascara-follow\\\/\",\"url\":\"https:\\\/\\\/eticoshop.it\\\/negozio\\\/cosmesi\\\/linea-occhi\\\/mascara-follow\\\/\",\"name\":\"Mascara - #Follow - \u00c8tico\",\"isPartOf\":{\"@id\":\"https:\\\/\\\/eticoshop.it\\\/#website\"},\"primaryImageOfPage\":{\"@id\":\"https:\\\/\\\/eticoshop.it\\\/negozio\\\/cosmesi\\\/linea-occhi\\\/mascara-follow\\\/#primaryimage\"},\"image\":{\"@id\":\"https:\\\/\\\/eticoshop.it\\\/negozio\\\/cosmesi\\\/linea-occhi\\\/mascara-follow\\\/#primaryimage\"},\"thumbnailUrl\":\"https:\\\/\\\/eticoshop.it\\\/wp-content\\\/uploads\\\/2024\\\/06\\\/mascara-turchese-follow-copia.png\",\"datePublished\":\"2024-06-21T15:38:28+00:00\",\"breadcrumb\":{\"@id\":\"https:\\\/\\\/eticoshop.it\\\/negozio\\\/cosmesi\\\/linea-occhi\\\/mascara-follow\\\/#breadcrumb\"},\"inLanguage\":\"en-GB\",\"potentialAction\":[{\"@type\":\"ReadAction\",\"target\":[\"https:\\\/\\\/eticoshop.it\\\/negozio\\\/cosmesi\\\/linea-occhi\\\/mascara-follow\\\/\"]}]},{\"@type\":\"ImageObject\",\"inLanguage\":\"en-GB\",\"@id\":\"https:\\\/\\\/eticoshop.it\\\/negozio\\\/cosmesi\\\/linea-occhi\\\/mascara-follow\\\/#primaryimage\",\"url\":\"https:\\\/\\\/eticoshop.it\\\/wp-content\\\/uploads\\\/2024\\\/06\\\/mascara-turchese-follow-copia.png\",\"contentUrl\":\"https:\\\/\\\/eticoshop.it\\\/wp-content\\\/uploads\\\/2024\\\/06\\\/mascara-turchese-follow-copia.png\",\"width\":2000,\"height\":2000,\"caption\":\"mascara #follow\"},{\"@type\":\"BreadcrumbList\",\"@id\":\"https:\\\/\\\/eticoshop.it\\\/negozio\\\/cosmesi\\\/linea-occhi\\\/mascara-follow\\\/#breadcrumb\",\"itemListElement\":[{\"@type\":\"ListItem\",\"position\":1,\"name\":\"Home\",\"item\":\"https:\\\/\\\/eticoshop.it\\\/\"},{\"@type\":\"ListItem\",\"position\":2,\"name\":\"Shop\",\"item\":\"https:\\\/\\\/eticoshop.it\\\/negozio\\\/\"},{\"@type\":\"ListItem\",\"position\":3,\"name\":\"Cosmesi\",\"item\":\"https:\\\/\\\/eticoshop.it\\\/categoria-prodotto\\\/cosmesi\\\/\"},{\"@type\":\"ListItem\",\"position\":4,\"name\":\"Mascara &#8211; #Follow\"}]},{\"@type\":\"WebSite\",\"@id\":\"https:\\\/\\\/eticoshop.it\\\/#website\",\"url\":\"https:\\\/\\\/eticoshop.it\\\/\",\"name\":\"\u00c8tico\",\"description\":\"\",\"publisher\":{\"@id\":\"https:\\\/\\\/eticoshop.it\\\/#organization\"},\"potentialAction\":[{\"@type\":\"SearchAction\",\"target\":{\"@type\":\"EntryPoint\",\"urlTemplate\":\"https:\\\/\\\/eticoshop.it\\\/?s={search_term_string}\"},\"query-input\":{\"@type\":\"PropertyValueSpecification\",\"valueRequired\":true,\"valueName\":\"search_term_string\"}}],\"inLanguage\":\"en-GB\"},{\"@type\":\"Organization\",\"@id\":\"https:\\\/\\\/eticoshop.it\\\/#organization\",\"name\":\"\u00c8tico\",\"url\":\"https:\\\/\\\/eticoshop.it\\\/\",\"logo\":{\"@type\":\"ImageObject\",\"inLanguage\":\"en-GB\",\"@id\":\"https:\\\/\\\/eticoshop.it\\\/#\\\/schema\\\/logo\\\/image\\\/\",\"url\":\"https:\\\/\\\/eticoshop.it\\\/wp-content\\\/uploads\\\/2023\\\/09\\\/logo-etico.svg\",\"contentUrl\":\"https:\\\/\\\/eticoshop.it\\\/wp-content\\\/uploads\\\/2023\\\/09\\\/logo-etico.svg\",\"width\":973,\"height\":360,\"caption\":\"\u00c8tico\"},\"image\":{\"@id\":\"https:\\\/\\\/eticoshop.it\\\/#\\\/schema\\\/logo\\\/image\\\/\"}}]}<\/script>\n<!-- \/ Yoast SEO plugin. -->","yoast_head_json":{"title":"Mascara - #Follow - \u00c8tico","robots":{"index":"index","follow":"follow","max-snippet":"max-snippet:-1","max-image-preview":"max-image-preview:large","max-video-preview":"max-video-preview:-1"},"canonical":"https:\/\/eticoshop.it\/en\/negozio\/cosmesi\/linea-occhi\/mascara-follow\/","og_locale":"en_GB","og_type":"article","og_title":"Mascara - #Follow - \u00c8tico","og_description":"Il Mascara Volumizzante #Follow \u00e8 perfetto per chi desidera ciglia voluminose senza appesantirle. La sua formula cremosa e super nera offre un'immediata intensit\u00e0 allo sguardo. Arricchito con olio di jojoba dalle propriet\u00e0 rinforzanti, acqua di fiordaliso bio dalle propriet\u00e0 idratanti, e dagli estratti di Rosa Gallica e Rosa Damascena dalle propriet\u00e0 antiossidanti, questo mascara assicura un look voluminoso e personalizzabile. Ideale per chi cerca un prodotto naturale e biologico che garantisca elevate performance e rispetti l'ambiente.  Applicare il mascara partendo dalla radice delle ciglia fino alle punte, utilizzando movimenti a zig-zag per separare e definire ogni ciglia. Ripetere il procedimento per ottenere un effetto pi\u00f9 intenso. Lo scovolino ad albero raggiunge perfettamente tutte le ciglia, garantendo uno sguardo a prova di filtro.  Il packaging del mascara \u00e8 realizzato con il 75% di materiale riciclato, sottolineando l'impegno del marchio verso la sostenibilit\u00e0. Il contenitore, di colore nero con un tappo turchese, \u00e8 progettato per essere pratico e riciclabile. Si consiglia di non disperdere il contenitore nell'ambiente dopo l'uso.","og_url":"https:\/\/eticoshop.it\/en\/negozio\/cosmesi\/linea-occhi\/mascara-follow\/","og_site_name":"\u00c8tico","og_image":[{"width":2000,"height":2000,"url":"https:\/\/eticoshop.it\/wp-content\/uploads\/2024\/06\/mascara-turchese-follow-copia.png","type":"image\/png"}],"twitter_card":"summary_large_image","twitter_misc":{"Estimated reading time":"1 minute"},"schema":{"@context":"https:\/\/schema.org","@graph":[{"@type":"WebPage","@id":"https:\/\/eticoshop.it\/negozio\/cosmesi\/linea-occhi\/mascara-follow\/","url":"https:\/\/eticoshop.it\/negozio\/cosmesi\/linea-occhi\/mascara-follow\/","name":"Mascara - #Follow - \u00c8tico","isPartOf":{"@id":"https:\/\/eticoshop.it\/#website"},"primaryImageOfPage":{"@id":"https:\/\/eticoshop.it\/negozio\/cosmesi\/linea-occhi\/mascara-follow\/#primaryimage"},"image":{"@id":"https:\/\/eticoshop.it\/negozio\/cosmesi\/linea-occhi\/mascara-follow\/#primaryimage"},"thumbnailUrl":"https:\/\/eticoshop.it\/wp-content\/uploads\/2024\/06\/mascara-turchese-follow-copia.png","datePublished":"2024-06-21T15:38:28+00:00","breadcrumb":{"@id":"https:\/\/eticoshop.it\/negozio\/cosmesi\/linea-occhi\/mascara-follow\/#breadcrumb"},"inLanguage":"en-GB","potentialAction":[{"@type":"ReadAction","target":["https:\/\/eticoshop.it\/negozio\/cosmesi\/linea-occhi\/mascara-follow\/"]}]},{"@type":"ImageObject","inLanguage":"en-GB","@id":"https:\/\/eticoshop.it\/negozio\/cosmesi\/linea-occhi\/mascara-follow\/#primaryimage","url":"https:\/\/eticoshop.it\/wp-content\/uploads\/2024\/06\/mascara-turchese-follow-copia.png","contentUrl":"https:\/\/eticoshop.it\/wp-content\/uploads\/2024\/06\/mascara-turchese-follow-copia.png","width":2000,"height":2000,"caption":"mascara #follow"},{"@type":"BreadcrumbList","@id":"https:\/\/eticoshop.it\/negozio\/cosmesi\/linea-occhi\/mascara-follow\/#breadcrumb","itemListElement":[{"@type":"ListItem","position":1,"name":"Home","item":"https:\/\/eticoshop.it\/"},{"@type":"ListItem","position":2,"name":"Shop","item":"https:\/\/eticoshop.it\/negozio\/"},{"@type":"ListItem","position":3,"name":"Cosmesi","item":"https:\/\/eticoshop.it\/categoria-prodotto\/cosmesi\/"},{"@type":"ListItem","position":4,"name":"Mascara &#8211; #Follow"}]},{"@type":"WebSite","@id":"https:\/\/eticoshop.it\/#website","url":"https:\/\/eticoshop.it\/","name":"\u00c8tico","description":"","publisher":{"@id":"https:\/\/eticoshop.it\/#organization"},"potentialAction":[{"@type":"SearchAction","target":{"@type":"EntryPoint","urlTemplate":"https:\/\/eticoshop.it\/?s={search_term_string}"},"query-input":{"@type":"PropertyValueSpecification","valueRequired":true,"valueName":"search_term_string"}}],"inLanguage":"en-GB"},{"@type":"Organization","@id":"https:\/\/eticoshop.it\/#organization","name":"\u00c8tico","url":"https:\/\/eticoshop.it\/","logo":{"@type":"ImageObject","inLanguage":"en-GB","@id":"https:\/\/eticoshop.it\/#\/schema\/logo\/image\/","url":"https:\/\/eticoshop.it\/wp-content\/uploads\/2023\/09\/logo-etico.svg","contentUrl":"https:\/\/eticoshop.it\/wp-content\/uploads\/2023\/09\/logo-etico.svg","width":973,"height":360,"caption":"\u00c8tico"},"image":{"@id":"https:\/\/eticoshop.it\/#\/schema\/logo\/image\/"}}]}},"_links":{"self":[{"href":"https:\/\/eticoshop.it\/en\/wp-json\/wp\/v2\/product\/8238","targetHints":{"allow":["GET"]}}],"collection":[{"href":"https:\/\/eticoshop.it\/en\/wp-json\/wp\/v2\/product"}],"about":[{"href":"https:\/\/eticoshop.it\/en\/wp-json\/wp\/v2\/types\/product"}],"wp:featuredmedia":[{"embeddable":true,"href":"https:\/\/eticoshop.it\/en\/wp-json\/wp\/v2\/media\/8240"}],"wp:attachment":[{"href":"https:\/\/eticoshop.it\/en\/wp-json\/wp\/v2\/media?parent=8238"}],"wp:term":[{"taxonomy":"product_brand","embeddable":true,"href":"https:\/\/eticoshop.it\/en\/wp-json\/wp\/v2\/product_brand?post=8238"},{"taxonomy":"product_cat","embeddable":true,"href":"https:\/\/eticoshop.it\/en\/wp-json\/wp\/v2\/product_cat?post=8238"},{"taxonomy":"product_tag","embeddable":true,"href":"https:\/\/eticoshop.it\/en\/wp-json\/wp\/v2\/product_tag?post=8238"}],"curies":[{"name":"wp","href":"https:\/\/api.w.org\/{rel}","templated":true}]}}