





















{"id":8244,"date":"2024-06-21T17:36:55","date_gmt":"2024-06-21T15:36:55","guid":{"rendered":"https:\/\/eticoshop.it\/?post_type=product&#038;p=8244"},"modified":"2024-06-21T17:36:55","modified_gmt":"2024-06-21T15:36:55","slug":"mascara-swipe-up","status":"publish","type":"product","link":"https:\/\/eticoshop.it\/en\/negozio\/cosmesi\/linea-occhi\/mascara-swipe-up\/","title":{"rendered":"Mascara &#8211; #Swipe-Up"},"content":{"rendered":"<p>Il Mascara #Swipe-Up incurva e volumizza le ciglia con ingredienti naturali, ideale per occhi sensibili, garantendo elevate performance e rispetto per l&#8217;ambiente.<\/p>\n<h3><\/h3>","protected":false},"excerpt":{"rendered":"<p>Il Mascara #Swipe-Up \u00e8 ideale per chi desidera ciglia incurvate e volumizzate in un solo gesto. La sua formula innovativa, arricchita con ingredienti naturali e biologici, assicura un effetto duraturo e uno sguardo intenso. Questo mascara \u00e8 perfetto per chi cerca un prodotto che unisca performance elevate a una composizione rispettosa della pelle e dell&#8217;ambiente. Ideale per chi ha occhi sensibili e per chi preferisce prodotti naturali, senza rinunciare a un look accattivante.<\/p>\n<p>Applicare il mascara partendo dalla base delle ciglia fino alle punte con movimenti a zig-zag per separare e definire ogni ciglia. Ripetere l\u2019applicazione per ottenere maggiore volume e intensit\u00e0. Per un effetto ancora pi\u00f9 definito, applicare una seconda mano.<\/p>\n<p>Il packaging del mascara \u00e8 realizzato con il 75% di materiale riciclato, sottolineando l&#8217;impegno del marchio verso la sostenibilit\u00e0 e l&#8217;attenzione all&#8217;ambiente. Il contenitore, di colore nero con un tappo fucsia, \u00e8 caratterizzato da un design pratico e riciclabile.<\/p>","protected":false},"featured_media":8246,"template":"","meta":{"_acf_changed":false,"inline_featured_image":false},"product_brand":[],"product_cat":[29,149],"product_tag":[167,106,169,328,325,322,324],"class_list":{"0":"post-8244","1":"product","2":"type-product","3":"status-publish","4":"has-post-thumbnail","6":"product_cat-cosmesi","7":"product_cat-linea-occhi","8":"product_tag-applicazione-facile","9":"product_tag-biologico","10":"product_tag-effetto-duraturo","11":"product_tag-facile-da-rimuovere","12":"product_tag-lunghezza","13":"product_tag-occhi-sensibili","14":"product_tag-volume","16":"first","17":"instock","18":"taxable","19":"shipping-taxable","20":"purchasable","21":"product-type-simple"},"acf":[],"yoast_head":"<!-- This site is optimized with the Yoast SEO plugin v27.3 - https:\/\/yoast.com\/product\/yoast-seo-wordpress\/ -->\n<title>Mascara - #Swipe-Up - \u00c8tico<\/title>\n<meta name=\"robots\" content=\"index, follow, max-snippet:-1, max-image-preview:large, max-video-preview:-1\" \/>\n<link rel=\"canonical\" href=\"https:\/\/eticoshop.it\/en\/negozio\/cosmesi\/linea-occhi\/mascara-swipe-up\/\" \/>\n<meta property=\"og:locale\" content=\"en_GB\" \/>\n<meta property=\"og:type\" content=\"article\" \/>\n<meta property=\"og:title\" content=\"Mascara - #Swipe-Up - \u00c8tico\" \/>\n<meta property=\"og:description\" content=\"Il Mascara #Swipe-Up \u00e8 ideale per chi desidera ciglia incurvate e volumizzate in un solo gesto. La sua formula innovativa, arricchita con ingredienti naturali e biologici, assicura un effetto duraturo e uno sguardo intenso. Questo mascara \u00e8 perfetto per chi cerca un prodotto che unisca performance elevate a una composizione rispettosa della pelle e dell&#039;ambiente. Ideale per chi ha occhi sensibili e per chi preferisce prodotti naturali, senza rinunciare a un look accattivante.  Applicare il mascara partendo dalla base delle ciglia fino alle punte con movimenti a zig-zag per separare e definire ogni ciglia. Ripetere l\u2019applicazione per ottenere maggiore volume e intensit\u00e0. Per un effetto ancora pi\u00f9 definito, applicare una seconda mano.  Il packaging del mascara \u00e8 realizzato con il 75% di materiale riciclato, sottolineando l&#039;impegno del marchio verso la sostenibilit\u00e0 e l&#039;attenzione all&#039;ambiente. Il contenitore, di colore nero con un tappo fucsia, \u00e8 caratterizzato da un design pratico e riciclabile.\" \/>\n<meta property=\"og:url\" content=\"https:\/\/eticoshop.it\/en\/negozio\/cosmesi\/linea-occhi\/mascara-swipe-up\/\" \/>\n<meta property=\"og:site_name\" content=\"\u00c8tico\" \/>\n<meta property=\"og:image\" content=\"https:\/\/eticoshop.it\/wp-content\/uploads\/2024\/06\/mascara-fucsia-swipeup-copia.png\" \/>\n\t<meta property=\"og:image:width\" content=\"2000\" \/>\n\t<meta property=\"og:image:height\" content=\"2000\" \/>\n\t<meta property=\"og:image:type\" content=\"image\/png\" \/>\n<meta name=\"twitter:card\" content=\"summary_large_image\" \/>\n<meta name=\"twitter:label1\" content=\"Estimated reading time\" \/>\n\t<meta name=\"twitter:data1\" content=\"1 minute\" \/>\n<script type=\"application\/ld+json\" class=\"yoast-schema-graph\">{\"@context\":\"https:\\\/\\\/schema.org\",\"@graph\":[{\"@type\":\"WebPage\",\"@id\":\"https:\\\/\\\/eticoshop.it\\\/negozio\\\/cosmesi\\\/linea-occhi\\\/mascara-swipe-up\\\/\",\"url\":\"https:\\\/\\\/eticoshop.it\\\/negozio\\\/cosmesi\\\/linea-occhi\\\/mascara-swipe-up\\\/\",\"name\":\"Mascara - #Swipe-Up - \u00c8tico\",\"isPartOf\":{\"@id\":\"https:\\\/\\\/eticoshop.it\\\/#website\"},\"primaryImageOfPage\":{\"@id\":\"https:\\\/\\\/eticoshop.it\\\/negozio\\\/cosmesi\\\/linea-occhi\\\/mascara-swipe-up\\\/#primaryimage\"},\"image\":{\"@id\":\"https:\\\/\\\/eticoshop.it\\\/negozio\\\/cosmesi\\\/linea-occhi\\\/mascara-swipe-up\\\/#primaryimage\"},\"thumbnailUrl\":\"https:\\\/\\\/eticoshop.it\\\/wp-content\\\/uploads\\\/2024\\\/06\\\/mascara-fucsia-swipeup-copia.png\",\"datePublished\":\"2024-06-21T15:36:55+00:00\",\"breadcrumb\":{\"@id\":\"https:\\\/\\\/eticoshop.it\\\/negozio\\\/cosmesi\\\/linea-occhi\\\/mascara-swipe-up\\\/#breadcrumb\"},\"inLanguage\":\"en-GB\",\"potentialAction\":[{\"@type\":\"ReadAction\",\"target\":[\"https:\\\/\\\/eticoshop.it\\\/negozio\\\/cosmesi\\\/linea-occhi\\\/mascara-swipe-up\\\/\"]}]},{\"@type\":\"ImageObject\",\"inLanguage\":\"en-GB\",\"@id\":\"https:\\\/\\\/eticoshop.it\\\/negozio\\\/cosmesi\\\/linea-occhi\\\/mascara-swipe-up\\\/#primaryimage\",\"url\":\"https:\\\/\\\/eticoshop.it\\\/wp-content\\\/uploads\\\/2024\\\/06\\\/mascara-fucsia-swipeup-copia.png\",\"contentUrl\":\"https:\\\/\\\/eticoshop.it\\\/wp-content\\\/uploads\\\/2024\\\/06\\\/mascara-fucsia-swipeup-copia.png\",\"width\":2000,\"height\":2000,\"caption\":\"mascara #swipe-up\"},{\"@type\":\"BreadcrumbList\",\"@id\":\"https:\\\/\\\/eticoshop.it\\\/negozio\\\/cosmesi\\\/linea-occhi\\\/mascara-swipe-up\\\/#breadcrumb\",\"itemListElement\":[{\"@type\":\"ListItem\",\"position\":1,\"name\":\"Home\",\"item\":\"https:\\\/\\\/eticoshop.it\\\/\"},{\"@type\":\"ListItem\",\"position\":2,\"name\":\"Shop\",\"item\":\"https:\\\/\\\/eticoshop.it\\\/negozio\\\/\"},{\"@type\":\"ListItem\",\"position\":3,\"name\":\"Cosmesi\",\"item\":\"https:\\\/\\\/eticoshop.it\\\/categoria-prodotto\\\/cosmesi\\\/\"},{\"@type\":\"ListItem\",\"position\":4,\"name\":\"Mascara &#8211; #Swipe-Up\"}]},{\"@type\":\"WebSite\",\"@id\":\"https:\\\/\\\/eticoshop.it\\\/#website\",\"url\":\"https:\\\/\\\/eticoshop.it\\\/\",\"name\":\"\u00c8tico\",\"description\":\"\",\"publisher\":{\"@id\":\"https:\\\/\\\/eticoshop.it\\\/#organization\"},\"potentialAction\":[{\"@type\":\"SearchAction\",\"target\":{\"@type\":\"EntryPoint\",\"urlTemplate\":\"https:\\\/\\\/eticoshop.it\\\/?s={search_term_string}\"},\"query-input\":{\"@type\":\"PropertyValueSpecification\",\"valueRequired\":true,\"valueName\":\"search_term_string\"}}],\"inLanguage\":\"en-GB\"},{\"@type\":\"Organization\",\"@id\":\"https:\\\/\\\/eticoshop.it\\\/#organization\",\"name\":\"\u00c8tico\",\"url\":\"https:\\\/\\\/eticoshop.it\\\/\",\"logo\":{\"@type\":\"ImageObject\",\"inLanguage\":\"en-GB\",\"@id\":\"https:\\\/\\\/eticoshop.it\\\/#\\\/schema\\\/logo\\\/image\\\/\",\"url\":\"https:\\\/\\\/eticoshop.it\\\/wp-content\\\/uploads\\\/2023\\\/09\\\/logo-etico.svg\",\"contentUrl\":\"https:\\\/\\\/eticoshop.it\\\/wp-content\\\/uploads\\\/2023\\\/09\\\/logo-etico.svg\",\"width\":973,\"height\":360,\"caption\":\"\u00c8tico\"},\"image\":{\"@id\":\"https:\\\/\\\/eticoshop.it\\\/#\\\/schema\\\/logo\\\/image\\\/\"}}]}<\/script>\n<!-- \/ Yoast SEO plugin. -->","yoast_head_json":{"title":"Mascara - #Swipe-Up - \u00c8tico","robots":{"index":"index","follow":"follow","max-snippet":"max-snippet:-1","max-image-preview":"max-image-preview:large","max-video-preview":"max-video-preview:-1"},"canonical":"https:\/\/eticoshop.it\/en\/negozio\/cosmesi\/linea-occhi\/mascara-swipe-up\/","og_locale":"en_GB","og_type":"article","og_title":"Mascara - #Swipe-Up - \u00c8tico","og_description":"Il Mascara #Swipe-Up \u00e8 ideale per chi desidera ciglia incurvate e volumizzate in un solo gesto. La sua formula innovativa, arricchita con ingredienti naturali e biologici, assicura un effetto duraturo e uno sguardo intenso. Questo mascara \u00e8 perfetto per chi cerca un prodotto che unisca performance elevate a una composizione rispettosa della pelle e dell'ambiente. Ideale per chi ha occhi sensibili e per chi preferisce prodotti naturali, senza rinunciare a un look accattivante.  Applicare il mascara partendo dalla base delle ciglia fino alle punte con movimenti a zig-zag per separare e definire ogni ciglia. Ripetere l\u2019applicazione per ottenere maggiore volume e intensit\u00e0. Per un effetto ancora pi\u00f9 definito, applicare una seconda mano.  Il packaging del mascara \u00e8 realizzato con il 75% di materiale riciclato, sottolineando l'impegno del marchio verso la sostenibilit\u00e0 e l'attenzione all'ambiente. Il contenitore, di colore nero con un tappo fucsia, \u00e8 caratterizzato da un design pratico e riciclabile.","og_url":"https:\/\/eticoshop.it\/en\/negozio\/cosmesi\/linea-occhi\/mascara-swipe-up\/","og_site_name":"\u00c8tico","og_image":[{"width":2000,"height":2000,"url":"https:\/\/eticoshop.it\/wp-content\/uploads\/2024\/06\/mascara-fucsia-swipeup-copia.png","type":"image\/png"}],"twitter_card":"summary_large_image","twitter_misc":{"Estimated reading time":"1 minute"},"schema":{"@context":"https:\/\/schema.org","@graph":[{"@type":"WebPage","@id":"https:\/\/eticoshop.it\/negozio\/cosmesi\/linea-occhi\/mascara-swipe-up\/","url":"https:\/\/eticoshop.it\/negozio\/cosmesi\/linea-occhi\/mascara-swipe-up\/","name":"Mascara - #Swipe-Up - \u00c8tico","isPartOf":{"@id":"https:\/\/eticoshop.it\/#website"},"primaryImageOfPage":{"@id":"https:\/\/eticoshop.it\/negozio\/cosmesi\/linea-occhi\/mascara-swipe-up\/#primaryimage"},"image":{"@id":"https:\/\/eticoshop.it\/negozio\/cosmesi\/linea-occhi\/mascara-swipe-up\/#primaryimage"},"thumbnailUrl":"https:\/\/eticoshop.it\/wp-content\/uploads\/2024\/06\/mascara-fucsia-swipeup-copia.png","datePublished":"2024-06-21T15:36:55+00:00","breadcrumb":{"@id":"https:\/\/eticoshop.it\/negozio\/cosmesi\/linea-occhi\/mascara-swipe-up\/#breadcrumb"},"inLanguage":"en-GB","potentialAction":[{"@type":"ReadAction","target":["https:\/\/eticoshop.it\/negozio\/cosmesi\/linea-occhi\/mascara-swipe-up\/"]}]},{"@type":"ImageObject","inLanguage":"en-GB","@id":"https:\/\/eticoshop.it\/negozio\/cosmesi\/linea-occhi\/mascara-swipe-up\/#primaryimage","url":"https:\/\/eticoshop.it\/wp-content\/uploads\/2024\/06\/mascara-fucsia-swipeup-copia.png","contentUrl":"https:\/\/eticoshop.it\/wp-content\/uploads\/2024\/06\/mascara-fucsia-swipeup-copia.png","width":2000,"height":2000,"caption":"mascara #swipe-up"},{"@type":"BreadcrumbList","@id":"https:\/\/eticoshop.it\/negozio\/cosmesi\/linea-occhi\/mascara-swipe-up\/#breadcrumb","itemListElement":[{"@type":"ListItem","position":1,"name":"Home","item":"https:\/\/eticoshop.it\/"},{"@type":"ListItem","position":2,"name":"Shop","item":"https:\/\/eticoshop.it\/negozio\/"},{"@type":"ListItem","position":3,"name":"Cosmesi","item":"https:\/\/eticoshop.it\/categoria-prodotto\/cosmesi\/"},{"@type":"ListItem","position":4,"name":"Mascara &#8211; #Swipe-Up"}]},{"@type":"WebSite","@id":"https:\/\/eticoshop.it\/#website","url":"https:\/\/eticoshop.it\/","name":"\u00c8tico","description":"","publisher":{"@id":"https:\/\/eticoshop.it\/#organization"},"potentialAction":[{"@type":"SearchAction","target":{"@type":"EntryPoint","urlTemplate":"https:\/\/eticoshop.it\/?s={search_term_string}"},"query-input":{"@type":"PropertyValueSpecification","valueRequired":true,"valueName":"search_term_string"}}],"inLanguage":"en-GB"},{"@type":"Organization","@id":"https:\/\/eticoshop.it\/#organization","name":"\u00c8tico","url":"https:\/\/eticoshop.it\/","logo":{"@type":"ImageObject","inLanguage":"en-GB","@id":"https:\/\/eticoshop.it\/#\/schema\/logo\/image\/","url":"https:\/\/eticoshop.it\/wp-content\/uploads\/2023\/09\/logo-etico.svg","contentUrl":"https:\/\/eticoshop.it\/wp-content\/uploads\/2023\/09\/logo-etico.svg","width":973,"height":360,"caption":"\u00c8tico"},"image":{"@id":"https:\/\/eticoshop.it\/#\/schema\/logo\/image\/"}}]}},"_links":{"self":[{"href":"https:\/\/eticoshop.it\/en\/wp-json\/wp\/v2\/product\/8244","targetHints":{"allow":["GET"]}}],"collection":[{"href":"https:\/\/eticoshop.it\/en\/wp-json\/wp\/v2\/product"}],"about":[{"href":"https:\/\/eticoshop.it\/en\/wp-json\/wp\/v2\/types\/product"}],"wp:featuredmedia":[{"embeddable":true,"href":"https:\/\/eticoshop.it\/en\/wp-json\/wp\/v2\/media\/8246"}],"wp:attachment":[{"href":"https:\/\/eticoshop.it\/en\/wp-json\/wp\/v2\/media?parent=8244"}],"wp:term":[{"taxonomy":"product_brand","embeddable":true,"href":"https:\/\/eticoshop.it\/en\/wp-json\/wp\/v2\/product_brand?post=8244"},{"taxonomy":"product_cat","embeddable":true,"href":"https:\/\/eticoshop.it\/en\/wp-json\/wp\/v2\/product_cat?post=8244"},{"taxonomy":"product_tag","embeddable":true,"href":"https:\/\/eticoshop.it\/en\/wp-json\/wp\/v2\/product_tag?post=8244"}],"curies":[{"name":"wp","href":"https:\/\/api.w.org\/{rel}","templated":true}]}}