





















{"id":8263,"date":"2024-06-21T17:36:57","date_gmt":"2024-06-21T15:36:57","guid":{"rendered":"https:\/\/eticoshop.it\/?post_type=product&#038;p=8263"},"modified":"2024-06-21T17:36:57","modified_gmt":"2024-06-21T15:36:57","slug":"maschera-capelli-volume","status":"publish","type":"product","link":"https:\/\/eticoshop.it\/en\/negozio\/cosmesi\/trattamenti-capelli\/maschera-capelli-volume\/","title":{"rendered":"Maschera Capelli &#8211; Volume"},"content":{"rendered":"<p>La Maschera Capelli Volume dona volume ed energia, protegge dai danni esterni, idrata e purifica i capelli con peptidi di Moringa, Argan, e prebiotici.<\/p>","protected":false},"excerpt":{"rendered":"<p>La Maschera Capelli Volume \u00e8 ideale per chi desidera capelli voluminosi e pieni di energia. Questa maschera leggera e fresca \u00e8 progettata per mantenere i capelli puliti a lungo, grazie ai peptidi di Moringa che proteggono i capelli dagli agenti esterni e dalle tossine. Arricchita con olio di Argan e vitamina E, idrata e ammorbidisce i capelli senza appesantirli. Il mix di prebiotici di zenzero, uva e incenso agisce sul microbiota naturale del cuoio capelluto, riequilibrando e rinforzando le radici. Gli estratti di salvia e rosmarino aggiungono freschezza e purificano dalle tossine, dal grasso in eccesso e dallo stress, donando una chioma voluminosa e splendente.<\/p>\n<p>Applicare la maschera sui capelli umidi dopo lo shampoo, distribuendola uniformemente. Lasciare in posa per circa 5 minuti e poi risciacquare abbondantemente. Per un trattamento intensivo, \u00e8 possibile lasciarla in posa fino a 30 minuti.<\/p>\n<p>Il packaging della Maschera Capelli Volume \u00e8 realizzato in bioplastica, un materiale sostenibile ottenuto dalla canna da zucchero. Questa scelta riflette l&#8217;impegno di La Saponaria verso la riduzione dell&#8217;impatto ambientale. Dopo l&#8217;uso, si consiglia di smaltire il flacone seguendo le disposizioni locali per la raccolta differenziata.<\/p>","protected":false},"featured_media":8265,"template":"","meta":{"_acf_changed":false,"inline_featured_image":false},"product_brand":[],"product_cat":[29,161],"product_tag":[106,151,216,173,244,163,337],"class_list":{"0":"post-8263","1":"product","2":"type-product","3":"status-publish","4":"has-post-thumbnail","6":"product_cat-cosmesi","7":"product_cat-trattamenti-capelli","8":"product_tag-biologico","9":"product_tag-idratazione","10":"product_tag-nutriente","11":"product_tag-rinforzante","12":"product_tag-riparatrice","13":"product_tag-trattamento-naturale","14":"product_tag-volumizzante","16":"first","17":"instock","18":"taxable","19":"shipping-taxable","20":"purchasable","21":"product-type-simple"},"acf":[],"yoast_head":"<!-- This site is optimized with the Yoast SEO plugin v27.3 - https:\/\/yoast.com\/product\/yoast-seo-wordpress\/ -->\n<title>Maschera Capelli - Volume - \u00c8tico<\/title>\n<meta name=\"robots\" content=\"index, follow, max-snippet:-1, max-image-preview:large, max-video-preview:-1\" \/>\n<link rel=\"canonical\" href=\"https:\/\/eticoshop.it\/en\/negozio\/cosmesi\/trattamenti-capelli\/maschera-capelli-volume\/\" \/>\n<meta property=\"og:locale\" content=\"en_GB\" \/>\n<meta property=\"og:type\" content=\"article\" \/>\n<meta property=\"og:title\" content=\"Maschera Capelli - Volume - \u00c8tico\" \/>\n<meta property=\"og:description\" content=\"La Maschera Capelli Volume \u00e8 ideale per chi desidera capelli voluminosi e pieni di energia. Questa maschera leggera e fresca \u00e8 progettata per mantenere i capelli puliti a lungo, grazie ai peptidi di Moringa che proteggono i capelli dagli agenti esterni e dalle tossine. Arricchita con olio di Argan e vitamina E, idrata e ammorbidisce i capelli senza appesantirli. Il mix di prebiotici di zenzero, uva e incenso agisce sul microbiota naturale del cuoio capelluto, riequilibrando e rinforzando le radici. Gli estratti di salvia e rosmarino aggiungono freschezza e purificano dalle tossine, dal grasso in eccesso e dallo stress, donando una chioma voluminosa e splendente.  Applicare la maschera sui capelli umidi dopo lo shampoo, distribuendola uniformemente. Lasciare in posa per circa 5 minuti e poi risciacquare abbondantemente. Per un trattamento intensivo, \u00e8 possibile lasciarla in posa fino a 30 minuti.  Il packaging della Maschera Capelli Volume \u00e8 realizzato in bioplastica, un materiale sostenibile ottenuto dalla canna da zucchero. Questa scelta riflette l&#039;impegno di La Saponaria verso la riduzione dell&#039;impatto ambientale. Dopo l&#039;uso, si consiglia di smaltire il flacone seguendo le disposizioni locali per la raccolta differenziata.\" \/>\n<meta property=\"og:url\" content=\"https:\/\/eticoshop.it\/en\/negozio\/cosmesi\/trattamenti-capelli\/maschera-capelli-volume\/\" \/>\n<meta property=\"og:site_name\" content=\"\u00c8tico\" \/>\n<meta property=\"og:image\" content=\"https:\/\/eticoshop.it\/wp-content\/uploads\/2024\/06\/maschera-capelli-volume-copia.png\" \/>\n\t<meta property=\"og:image:width\" content=\"2000\" \/>\n\t<meta property=\"og:image:height\" content=\"2000\" \/>\n\t<meta property=\"og:image:type\" content=\"image\/png\" \/>\n<meta name=\"twitter:card\" content=\"summary_large_image\" \/>\n<meta name=\"twitter:label1\" content=\"Estimated reading time\" \/>\n\t<meta name=\"twitter:data1\" content=\"1 minute\" \/>\n<script type=\"application\/ld+json\" class=\"yoast-schema-graph\">{\"@context\":\"https:\\\/\\\/schema.org\",\"@graph\":[{\"@type\":\"WebPage\",\"@id\":\"https:\\\/\\\/eticoshop.it\\\/negozio\\\/cosmesi\\\/trattamenti-capelli\\\/maschera-capelli-volume\\\/\",\"url\":\"https:\\\/\\\/eticoshop.it\\\/negozio\\\/cosmesi\\\/trattamenti-capelli\\\/maschera-capelli-volume\\\/\",\"name\":\"Maschera Capelli - Volume - \u00c8tico\",\"isPartOf\":{\"@id\":\"https:\\\/\\\/eticoshop.it\\\/#website\"},\"primaryImageOfPage\":{\"@id\":\"https:\\\/\\\/eticoshop.it\\\/negozio\\\/cosmesi\\\/trattamenti-capelli\\\/maschera-capelli-volume\\\/#primaryimage\"},\"image\":{\"@id\":\"https:\\\/\\\/eticoshop.it\\\/negozio\\\/cosmesi\\\/trattamenti-capelli\\\/maschera-capelli-volume\\\/#primaryimage\"},\"thumbnailUrl\":\"https:\\\/\\\/eticoshop.it\\\/wp-content\\\/uploads\\\/2024\\\/06\\\/maschera-capelli-volume-copia.png\",\"datePublished\":\"2024-06-21T15:36:57+00:00\",\"breadcrumb\":{\"@id\":\"https:\\\/\\\/eticoshop.it\\\/negozio\\\/cosmesi\\\/trattamenti-capelli\\\/maschera-capelli-volume\\\/#breadcrumb\"},\"inLanguage\":\"en-GB\",\"potentialAction\":[{\"@type\":\"ReadAction\",\"target\":[\"https:\\\/\\\/eticoshop.it\\\/negozio\\\/cosmesi\\\/trattamenti-capelli\\\/maschera-capelli-volume\\\/\"]}]},{\"@type\":\"ImageObject\",\"inLanguage\":\"en-GB\",\"@id\":\"https:\\\/\\\/eticoshop.it\\\/negozio\\\/cosmesi\\\/trattamenti-capelli\\\/maschera-capelli-volume\\\/#primaryimage\",\"url\":\"https:\\\/\\\/eticoshop.it\\\/wp-content\\\/uploads\\\/2024\\\/06\\\/maschera-capelli-volume-copia.png\",\"contentUrl\":\"https:\\\/\\\/eticoshop.it\\\/wp-content\\\/uploads\\\/2024\\\/06\\\/maschera-capelli-volume-copia.png\",\"width\":2000,\"height\":2000,\"caption\":\"maschera capelli volume\"},{\"@type\":\"BreadcrumbList\",\"@id\":\"https:\\\/\\\/eticoshop.it\\\/negozio\\\/cosmesi\\\/trattamenti-capelli\\\/maschera-capelli-volume\\\/#breadcrumb\",\"itemListElement\":[{\"@type\":\"ListItem\",\"position\":1,\"name\":\"Home\",\"item\":\"https:\\\/\\\/eticoshop.it\\\/\"},{\"@type\":\"ListItem\",\"position\":2,\"name\":\"Shop\",\"item\":\"https:\\\/\\\/eticoshop.it\\\/negozio\\\/\"},{\"@type\":\"ListItem\",\"position\":3,\"name\":\"Cosmesi\",\"item\":\"https:\\\/\\\/eticoshop.it\\\/categoria-prodotto\\\/cosmesi\\\/\"},{\"@type\":\"ListItem\",\"position\":4,\"name\":\"Trattamenti capelli\",\"item\":\"https:\\\/\\\/eticoshop.it\\\/categoria-prodotto\\\/cosmesi\\\/trattamenti-capelli\\\/\"},{\"@type\":\"ListItem\",\"position\":5,\"name\":\"Maschera Capelli &#8211; Volume\"}]},{\"@type\":\"WebSite\",\"@id\":\"https:\\\/\\\/eticoshop.it\\\/#website\",\"url\":\"https:\\\/\\\/eticoshop.it\\\/\",\"name\":\"\u00c8tico\",\"description\":\"\",\"publisher\":{\"@id\":\"https:\\\/\\\/eticoshop.it\\\/#organization\"},\"potentialAction\":[{\"@type\":\"SearchAction\",\"target\":{\"@type\":\"EntryPoint\",\"urlTemplate\":\"https:\\\/\\\/eticoshop.it\\\/?s={search_term_string}\"},\"query-input\":{\"@type\":\"PropertyValueSpecification\",\"valueRequired\":true,\"valueName\":\"search_term_string\"}}],\"inLanguage\":\"en-GB\"},{\"@type\":\"Organization\",\"@id\":\"https:\\\/\\\/eticoshop.it\\\/#organization\",\"name\":\"\u00c8tico\",\"url\":\"https:\\\/\\\/eticoshop.it\\\/\",\"logo\":{\"@type\":\"ImageObject\",\"inLanguage\":\"en-GB\",\"@id\":\"https:\\\/\\\/eticoshop.it\\\/#\\\/schema\\\/logo\\\/image\\\/\",\"url\":\"https:\\\/\\\/eticoshop.it\\\/wp-content\\\/uploads\\\/2023\\\/09\\\/logo-etico.svg\",\"contentUrl\":\"https:\\\/\\\/eticoshop.it\\\/wp-content\\\/uploads\\\/2023\\\/09\\\/logo-etico.svg\",\"width\":973,\"height\":360,\"caption\":\"\u00c8tico\"},\"image\":{\"@id\":\"https:\\\/\\\/eticoshop.it\\\/#\\\/schema\\\/logo\\\/image\\\/\"}}]}<\/script>\n<!-- \/ Yoast SEO plugin. -->","yoast_head_json":{"title":"Maschera Capelli - Volume - \u00c8tico","robots":{"index":"index","follow":"follow","max-snippet":"max-snippet:-1","max-image-preview":"max-image-preview:large","max-video-preview":"max-video-preview:-1"},"canonical":"https:\/\/eticoshop.it\/en\/negozio\/cosmesi\/trattamenti-capelli\/maschera-capelli-volume\/","og_locale":"en_GB","og_type":"article","og_title":"Maschera Capelli - Volume - \u00c8tico","og_description":"La Maschera Capelli Volume \u00e8 ideale per chi desidera capelli voluminosi e pieni di energia. Questa maschera leggera e fresca \u00e8 progettata per mantenere i capelli puliti a lungo, grazie ai peptidi di Moringa che proteggono i capelli dagli agenti esterni e dalle tossine. Arricchita con olio di Argan e vitamina E, idrata e ammorbidisce i capelli senza appesantirli. Il mix di prebiotici di zenzero, uva e incenso agisce sul microbiota naturale del cuoio capelluto, riequilibrando e rinforzando le radici. Gli estratti di salvia e rosmarino aggiungono freschezza e purificano dalle tossine, dal grasso in eccesso e dallo stress, donando una chioma voluminosa e splendente.  Applicare la maschera sui capelli umidi dopo lo shampoo, distribuendola uniformemente. Lasciare in posa per circa 5 minuti e poi risciacquare abbondantemente. Per un trattamento intensivo, \u00e8 possibile lasciarla in posa fino a 30 minuti.  Il packaging della Maschera Capelli Volume \u00e8 realizzato in bioplastica, un materiale sostenibile ottenuto dalla canna da zucchero. Questa scelta riflette l'impegno di La Saponaria verso la riduzione dell'impatto ambientale. Dopo l'uso, si consiglia di smaltire il flacone seguendo le disposizioni locali per la raccolta differenziata.","og_url":"https:\/\/eticoshop.it\/en\/negozio\/cosmesi\/trattamenti-capelli\/maschera-capelli-volume\/","og_site_name":"\u00c8tico","og_image":[{"width":2000,"height":2000,"url":"https:\/\/eticoshop.it\/wp-content\/uploads\/2024\/06\/maschera-capelli-volume-copia.png","type":"image\/png"}],"twitter_card":"summary_large_image","twitter_misc":{"Estimated reading time":"1 minute"},"schema":{"@context":"https:\/\/schema.org","@graph":[{"@type":"WebPage","@id":"https:\/\/eticoshop.it\/negozio\/cosmesi\/trattamenti-capelli\/maschera-capelli-volume\/","url":"https:\/\/eticoshop.it\/negozio\/cosmesi\/trattamenti-capelli\/maschera-capelli-volume\/","name":"Maschera Capelli - Volume - \u00c8tico","isPartOf":{"@id":"https:\/\/eticoshop.it\/#website"},"primaryImageOfPage":{"@id":"https:\/\/eticoshop.it\/negozio\/cosmesi\/trattamenti-capelli\/maschera-capelli-volume\/#primaryimage"},"image":{"@id":"https:\/\/eticoshop.it\/negozio\/cosmesi\/trattamenti-capelli\/maschera-capelli-volume\/#primaryimage"},"thumbnailUrl":"https:\/\/eticoshop.it\/wp-content\/uploads\/2024\/06\/maschera-capelli-volume-copia.png","datePublished":"2024-06-21T15:36:57+00:00","breadcrumb":{"@id":"https:\/\/eticoshop.it\/negozio\/cosmesi\/trattamenti-capelli\/maschera-capelli-volume\/#breadcrumb"},"inLanguage":"en-GB","potentialAction":[{"@type":"ReadAction","target":["https:\/\/eticoshop.it\/negozio\/cosmesi\/trattamenti-capelli\/maschera-capelli-volume\/"]}]},{"@type":"ImageObject","inLanguage":"en-GB","@id":"https:\/\/eticoshop.it\/negozio\/cosmesi\/trattamenti-capelli\/maschera-capelli-volume\/#primaryimage","url":"https:\/\/eticoshop.it\/wp-content\/uploads\/2024\/06\/maschera-capelli-volume-copia.png","contentUrl":"https:\/\/eticoshop.it\/wp-content\/uploads\/2024\/06\/maschera-capelli-volume-copia.png","width":2000,"height":2000,"caption":"maschera capelli volume"},{"@type":"BreadcrumbList","@id":"https:\/\/eticoshop.it\/negozio\/cosmesi\/trattamenti-capelli\/maschera-capelli-volume\/#breadcrumb","itemListElement":[{"@type":"ListItem","position":1,"name":"Home","item":"https:\/\/eticoshop.it\/"},{"@type":"ListItem","position":2,"name":"Shop","item":"https:\/\/eticoshop.it\/negozio\/"},{"@type":"ListItem","position":3,"name":"Cosmesi","item":"https:\/\/eticoshop.it\/categoria-prodotto\/cosmesi\/"},{"@type":"ListItem","position":4,"name":"Trattamenti capelli","item":"https:\/\/eticoshop.it\/categoria-prodotto\/cosmesi\/trattamenti-capelli\/"},{"@type":"ListItem","position":5,"name":"Maschera Capelli &#8211; Volume"}]},{"@type":"WebSite","@id":"https:\/\/eticoshop.it\/#website","url":"https:\/\/eticoshop.it\/","name":"\u00c8tico","description":"","publisher":{"@id":"https:\/\/eticoshop.it\/#organization"},"potentialAction":[{"@type":"SearchAction","target":{"@type":"EntryPoint","urlTemplate":"https:\/\/eticoshop.it\/?s={search_term_string}"},"query-input":{"@type":"PropertyValueSpecification","valueRequired":true,"valueName":"search_term_string"}}],"inLanguage":"en-GB"},{"@type":"Organization","@id":"https:\/\/eticoshop.it\/#organization","name":"\u00c8tico","url":"https:\/\/eticoshop.it\/","logo":{"@type":"ImageObject","inLanguage":"en-GB","@id":"https:\/\/eticoshop.it\/#\/schema\/logo\/image\/","url":"https:\/\/eticoshop.it\/wp-content\/uploads\/2023\/09\/logo-etico.svg","contentUrl":"https:\/\/eticoshop.it\/wp-content\/uploads\/2023\/09\/logo-etico.svg","width":973,"height":360,"caption":"\u00c8tico"},"image":{"@id":"https:\/\/eticoshop.it\/#\/schema\/logo\/image\/"}}]}},"_links":{"self":[{"href":"https:\/\/eticoshop.it\/en\/wp-json\/wp\/v2\/product\/8263","targetHints":{"allow":["GET"]}}],"collection":[{"href":"https:\/\/eticoshop.it\/en\/wp-json\/wp\/v2\/product"}],"about":[{"href":"https:\/\/eticoshop.it\/en\/wp-json\/wp\/v2\/types\/product"}],"wp:featuredmedia":[{"embeddable":true,"href":"https:\/\/eticoshop.it\/en\/wp-json\/wp\/v2\/media\/8265"}],"wp:attachment":[{"href":"https:\/\/eticoshop.it\/en\/wp-json\/wp\/v2\/media?parent=8263"}],"wp:term":[{"taxonomy":"product_brand","embeddable":true,"href":"https:\/\/eticoshop.it\/en\/wp-json\/wp\/v2\/product_brand?post=8263"},{"taxonomy":"product_cat","embeddable":true,"href":"https:\/\/eticoshop.it\/en\/wp-json\/wp\/v2\/product_cat?post=8263"},{"taxonomy":"product_tag","embeddable":true,"href":"https:\/\/eticoshop.it\/en\/wp-json\/wp\/v2\/product_tag?post=8263"}],"curies":[{"name":"wp","href":"https:\/\/api.w.org\/{rel}","templated":true}]}}