





















{"id":8274,"date":"2024-06-21T17:39:34","date_gmt":"2024-06-21T15:39:34","guid":{"rendered":"https:\/\/eticoshop.it\/?post_type=product&#038;p=8274"},"modified":"2024-06-21T17:39:34","modified_gmt":"2024-06-21T15:39:34","slug":"bubble-mousse","status":"publish","type":"product","link":"https:\/\/eticoshop.it\/en\/negozio\/cosmesi\/trattamenti-skincare\/bubble-mousse\/","title":{"rendered":"Bubble Mousse"},"content":{"rendered":"<p>La Bubble Mousse deterge delicatamente tutti i tipi di pelle, inclusa quella sensibile, con texture schiumosa, senza irritare pelle n\u00e9 occhi, ideale per uso quotidiano.<\/p>","protected":false},"excerpt":{"rendered":"<p>La Bubble Mousse \u00e8 un detergente viso schiumoso, adatto a tutti i tipi di pelle. Questo prodotto \u00e8 formulato per detergere delicatamente la pelle del viso, rimuovendo le impurit\u00e0 senza alterare l&#8217;equilibrio naturale della pelle. La mousse \u00e8 oftalmologicamente testata e non provoca lacrime, rendendola ideale anche per le pelli pi\u00f9 sensibili. La sua texture leggera e schiumosa offre una piacevole esperienza di pulizia quotidiana. Perfetta per chi cerca un detergente viso delicato ed efficace, adatto a tutti i tipi di pelle, inclusa quella sensibile. La sua formulazione delicata \u00e8 ideale per chi desidera una pulizia quotidiana che non irrita la pelle n\u00e9 gli occhi.<\/p>\n<p>Erogare una noce di prodotto sul palmo della mano e applicare su viso e collo inumiditi, massaggiando delicatamente con movimenti circolari. Risciacquare abbondantemente con acqua tiepida. Utilizzare mattina e sera per una pelle pulita e fresca.<\/p>\n<p>Il prodotto \u00e8 confezionato in un flacone da 100 ml realizzato con plastica green, derivata da fonti rinnovabili. Dopo l\u2019uso, il flacone e il tappo possono essere smaltiti nella raccolta differenziata della plastica.<\/p>","protected":false},"featured_media":8277,"template":"","meta":{"_acf_changed":false,"inline_featured_image":false},"product_brand":[],"product_cat":[29,155],"product_tag":[106,144,229,230,151,201,163],"class_list":{"0":"post-8274","1":"product","2":"type-product","3":"status-publish","4":"has-post-thumbnail","6":"product_cat-cosmesi","7":"product_cat-trattamenti-skincare","8":"product_tag-biologico","9":"product_tag-cura-della-pelle-del-viso","10":"product_tag-delicata","11":"product_tag-esfoliante","12":"product_tag-idratazione","13":"product_tag-purificante","14":"product_tag-trattamento-naturale","16":"first","17":"instock","18":"taxable","19":"shipping-taxable","20":"purchasable","21":"product-type-simple"},"acf":[],"yoast_head":"<!-- This site is optimized with the Yoast SEO plugin v27.3 - https:\/\/yoast.com\/product\/yoast-seo-wordpress\/ -->\n<title>Bubble Mousse - \u00c8tico<\/title>\n<meta name=\"robots\" content=\"index, follow, max-snippet:-1, max-image-preview:large, max-video-preview:-1\" \/>\n<link rel=\"canonical\" href=\"https:\/\/eticoshop.it\/en\/negozio\/cosmesi\/trattamenti-skincare\/bubble-mousse\/\" \/>\n<meta property=\"og:locale\" content=\"en_GB\" \/>\n<meta property=\"og:type\" content=\"article\" \/>\n<meta property=\"og:title\" content=\"Bubble Mousse - \u00c8tico\" \/>\n<meta property=\"og:description\" content=\"La Bubble Mousse \u00e8 un detergente viso schiumoso, adatto a tutti i tipi di pelle. Questo prodotto \u00e8 formulato per detergere delicatamente la pelle del viso, rimuovendo le impurit\u00e0 senza alterare l&#039;equilibrio naturale della pelle. La mousse \u00e8 oftalmologicamente testata e non provoca lacrime, rendendola ideale anche per le pelli pi\u00f9 sensibili. La sua texture leggera e schiumosa offre una piacevole esperienza di pulizia quotidiana. Perfetta per chi cerca un detergente viso delicato ed efficace, adatto a tutti i tipi di pelle, inclusa quella sensibile. La sua formulazione delicata \u00e8 ideale per chi desidera una pulizia quotidiana che non irrita la pelle n\u00e9 gli occhi.  Erogare una noce di prodotto sul palmo della mano e applicare su viso e collo inumiditi, massaggiando delicatamente con movimenti circolari. Risciacquare abbondantemente con acqua tiepida. Utilizzare mattina e sera per una pelle pulita e fresca.  Il prodotto \u00e8 confezionato in un flacone da 100 ml realizzato con plastica green, derivata da fonti rinnovabili. Dopo l\u2019uso, il flacone e il tappo possono essere smaltiti nella raccolta differenziata della plastica.\" \/>\n<meta property=\"og:url\" content=\"https:\/\/eticoshop.it\/en\/negozio\/cosmesi\/trattamenti-skincare\/bubble-mousse\/\" \/>\n<meta property=\"og:site_name\" content=\"\u00c8tico\" \/>\n<meta property=\"og:image\" content=\"https:\/\/eticoshop.it\/wp-content\/uploads\/2024\/06\/bubble-mousse-copia.png\" \/>\n\t<meta property=\"og:image:width\" content=\"2000\" \/>\n\t<meta property=\"og:image:height\" content=\"2000\" \/>\n\t<meta property=\"og:image:type\" content=\"image\/png\" \/>\n<meta name=\"twitter:card\" content=\"summary_large_image\" \/>\n<meta name=\"twitter:label1\" content=\"Estimated reading time\" \/>\n\t<meta name=\"twitter:data1\" content=\"1 minute\" \/>\n<script type=\"application\/ld+json\" class=\"yoast-schema-graph\">{\"@context\":\"https:\\\/\\\/schema.org\",\"@graph\":[{\"@type\":\"WebPage\",\"@id\":\"https:\\\/\\\/eticoshop.it\\\/negozio\\\/cosmesi\\\/trattamenti-skincare\\\/bubble-mousse\\\/\",\"url\":\"https:\\\/\\\/eticoshop.it\\\/negozio\\\/cosmesi\\\/trattamenti-skincare\\\/bubble-mousse\\\/\",\"name\":\"Bubble Mousse - \u00c8tico\",\"isPartOf\":{\"@id\":\"https:\\\/\\\/eticoshop.it\\\/#website\"},\"primaryImageOfPage\":{\"@id\":\"https:\\\/\\\/eticoshop.it\\\/negozio\\\/cosmesi\\\/trattamenti-skincare\\\/bubble-mousse\\\/#primaryimage\"},\"image\":{\"@id\":\"https:\\\/\\\/eticoshop.it\\\/negozio\\\/cosmesi\\\/trattamenti-skincare\\\/bubble-mousse\\\/#primaryimage\"},\"thumbnailUrl\":\"https:\\\/\\\/eticoshop.it\\\/wp-content\\\/uploads\\\/2024\\\/06\\\/bubble-mousse-copia.png\",\"datePublished\":\"2024-06-21T15:39:34+00:00\",\"breadcrumb\":{\"@id\":\"https:\\\/\\\/eticoshop.it\\\/negozio\\\/cosmesi\\\/trattamenti-skincare\\\/bubble-mousse\\\/#breadcrumb\"},\"inLanguage\":\"en-GB\",\"potentialAction\":[{\"@type\":\"ReadAction\",\"target\":[\"https:\\\/\\\/eticoshop.it\\\/negozio\\\/cosmesi\\\/trattamenti-skincare\\\/bubble-mousse\\\/\"]}]},{\"@type\":\"ImageObject\",\"inLanguage\":\"en-GB\",\"@id\":\"https:\\\/\\\/eticoshop.it\\\/negozio\\\/cosmesi\\\/trattamenti-skincare\\\/bubble-mousse\\\/#primaryimage\",\"url\":\"https:\\\/\\\/eticoshop.it\\\/wp-content\\\/uploads\\\/2024\\\/06\\\/bubble-mousse-copia.png\",\"contentUrl\":\"https:\\\/\\\/eticoshop.it\\\/wp-content\\\/uploads\\\/2024\\\/06\\\/bubble-mousse-copia.png\",\"width\":2000,\"height\":2000,\"caption\":\"bubble mousse\"},{\"@type\":\"BreadcrumbList\",\"@id\":\"https:\\\/\\\/eticoshop.it\\\/negozio\\\/cosmesi\\\/trattamenti-skincare\\\/bubble-mousse\\\/#breadcrumb\",\"itemListElement\":[{\"@type\":\"ListItem\",\"position\":1,\"name\":\"Home\",\"item\":\"https:\\\/\\\/eticoshop.it\\\/\"},{\"@type\":\"ListItem\",\"position\":2,\"name\":\"Shop\",\"item\":\"https:\\\/\\\/eticoshop.it\\\/negozio\\\/\"},{\"@type\":\"ListItem\",\"position\":3,\"name\":\"Cosmesi\",\"item\":\"https:\\\/\\\/eticoshop.it\\\/categoria-prodotto\\\/cosmesi\\\/\"},{\"@type\":\"ListItem\",\"position\":4,\"name\":\"Bubble Mousse\"}]},{\"@type\":\"WebSite\",\"@id\":\"https:\\\/\\\/eticoshop.it\\\/#website\",\"url\":\"https:\\\/\\\/eticoshop.it\\\/\",\"name\":\"\u00c8tico\",\"description\":\"\",\"publisher\":{\"@id\":\"https:\\\/\\\/eticoshop.it\\\/#organization\"},\"potentialAction\":[{\"@type\":\"SearchAction\",\"target\":{\"@type\":\"EntryPoint\",\"urlTemplate\":\"https:\\\/\\\/eticoshop.it\\\/?s={search_term_string}\"},\"query-input\":{\"@type\":\"PropertyValueSpecification\",\"valueRequired\":true,\"valueName\":\"search_term_string\"}}],\"inLanguage\":\"en-GB\"},{\"@type\":\"Organization\",\"@id\":\"https:\\\/\\\/eticoshop.it\\\/#organization\",\"name\":\"\u00c8tico\",\"url\":\"https:\\\/\\\/eticoshop.it\\\/\",\"logo\":{\"@type\":\"ImageObject\",\"inLanguage\":\"en-GB\",\"@id\":\"https:\\\/\\\/eticoshop.it\\\/#\\\/schema\\\/logo\\\/image\\\/\",\"url\":\"https:\\\/\\\/eticoshop.it\\\/wp-content\\\/uploads\\\/2023\\\/09\\\/logo-etico.svg\",\"contentUrl\":\"https:\\\/\\\/eticoshop.it\\\/wp-content\\\/uploads\\\/2023\\\/09\\\/logo-etico.svg\",\"width\":973,\"height\":360,\"caption\":\"\u00c8tico\"},\"image\":{\"@id\":\"https:\\\/\\\/eticoshop.it\\\/#\\\/schema\\\/logo\\\/image\\\/\"}}]}<\/script>\n<!-- \/ Yoast SEO plugin. -->","yoast_head_json":{"title":"Bubble Mousse - \u00c8tico","robots":{"index":"index","follow":"follow","max-snippet":"max-snippet:-1","max-image-preview":"max-image-preview:large","max-video-preview":"max-video-preview:-1"},"canonical":"https:\/\/eticoshop.it\/en\/negozio\/cosmesi\/trattamenti-skincare\/bubble-mousse\/","og_locale":"en_GB","og_type":"article","og_title":"Bubble Mousse - \u00c8tico","og_description":"La Bubble Mousse \u00e8 un detergente viso schiumoso, adatto a tutti i tipi di pelle. Questo prodotto \u00e8 formulato per detergere delicatamente la pelle del viso, rimuovendo le impurit\u00e0 senza alterare l'equilibrio naturale della pelle. La mousse \u00e8 oftalmologicamente testata e non provoca lacrime, rendendola ideale anche per le pelli pi\u00f9 sensibili. La sua texture leggera e schiumosa offre una piacevole esperienza di pulizia quotidiana. Perfetta per chi cerca un detergente viso delicato ed efficace, adatto a tutti i tipi di pelle, inclusa quella sensibile. La sua formulazione delicata \u00e8 ideale per chi desidera una pulizia quotidiana che non irrita la pelle n\u00e9 gli occhi.  Erogare una noce di prodotto sul palmo della mano e applicare su viso e collo inumiditi, massaggiando delicatamente con movimenti circolari. Risciacquare abbondantemente con acqua tiepida. Utilizzare mattina e sera per una pelle pulita e fresca.  Il prodotto \u00e8 confezionato in un flacone da 100 ml realizzato con plastica green, derivata da fonti rinnovabili. Dopo l\u2019uso, il flacone e il tappo possono essere smaltiti nella raccolta differenziata della plastica.","og_url":"https:\/\/eticoshop.it\/en\/negozio\/cosmesi\/trattamenti-skincare\/bubble-mousse\/","og_site_name":"\u00c8tico","og_image":[{"width":2000,"height":2000,"url":"https:\/\/eticoshop.it\/wp-content\/uploads\/2024\/06\/bubble-mousse-copia.png","type":"image\/png"}],"twitter_card":"summary_large_image","twitter_misc":{"Estimated reading time":"1 minute"},"schema":{"@context":"https:\/\/schema.org","@graph":[{"@type":"WebPage","@id":"https:\/\/eticoshop.it\/negozio\/cosmesi\/trattamenti-skincare\/bubble-mousse\/","url":"https:\/\/eticoshop.it\/negozio\/cosmesi\/trattamenti-skincare\/bubble-mousse\/","name":"Bubble Mousse - \u00c8tico","isPartOf":{"@id":"https:\/\/eticoshop.it\/#website"},"primaryImageOfPage":{"@id":"https:\/\/eticoshop.it\/negozio\/cosmesi\/trattamenti-skincare\/bubble-mousse\/#primaryimage"},"image":{"@id":"https:\/\/eticoshop.it\/negozio\/cosmesi\/trattamenti-skincare\/bubble-mousse\/#primaryimage"},"thumbnailUrl":"https:\/\/eticoshop.it\/wp-content\/uploads\/2024\/06\/bubble-mousse-copia.png","datePublished":"2024-06-21T15:39:34+00:00","breadcrumb":{"@id":"https:\/\/eticoshop.it\/negozio\/cosmesi\/trattamenti-skincare\/bubble-mousse\/#breadcrumb"},"inLanguage":"en-GB","potentialAction":[{"@type":"ReadAction","target":["https:\/\/eticoshop.it\/negozio\/cosmesi\/trattamenti-skincare\/bubble-mousse\/"]}]},{"@type":"ImageObject","inLanguage":"en-GB","@id":"https:\/\/eticoshop.it\/negozio\/cosmesi\/trattamenti-skincare\/bubble-mousse\/#primaryimage","url":"https:\/\/eticoshop.it\/wp-content\/uploads\/2024\/06\/bubble-mousse-copia.png","contentUrl":"https:\/\/eticoshop.it\/wp-content\/uploads\/2024\/06\/bubble-mousse-copia.png","width":2000,"height":2000,"caption":"bubble mousse"},{"@type":"BreadcrumbList","@id":"https:\/\/eticoshop.it\/negozio\/cosmesi\/trattamenti-skincare\/bubble-mousse\/#breadcrumb","itemListElement":[{"@type":"ListItem","position":1,"name":"Home","item":"https:\/\/eticoshop.it\/"},{"@type":"ListItem","position":2,"name":"Shop","item":"https:\/\/eticoshop.it\/negozio\/"},{"@type":"ListItem","position":3,"name":"Cosmesi","item":"https:\/\/eticoshop.it\/categoria-prodotto\/cosmesi\/"},{"@type":"ListItem","position":4,"name":"Bubble Mousse"}]},{"@type":"WebSite","@id":"https:\/\/eticoshop.it\/#website","url":"https:\/\/eticoshop.it\/","name":"\u00c8tico","description":"","publisher":{"@id":"https:\/\/eticoshop.it\/#organization"},"potentialAction":[{"@type":"SearchAction","target":{"@type":"EntryPoint","urlTemplate":"https:\/\/eticoshop.it\/?s={search_term_string}"},"query-input":{"@type":"PropertyValueSpecification","valueRequired":true,"valueName":"search_term_string"}}],"inLanguage":"en-GB"},{"@type":"Organization","@id":"https:\/\/eticoshop.it\/#organization","name":"\u00c8tico","url":"https:\/\/eticoshop.it\/","logo":{"@type":"ImageObject","inLanguage":"en-GB","@id":"https:\/\/eticoshop.it\/#\/schema\/logo\/image\/","url":"https:\/\/eticoshop.it\/wp-content\/uploads\/2023\/09\/logo-etico.svg","contentUrl":"https:\/\/eticoshop.it\/wp-content\/uploads\/2023\/09\/logo-etico.svg","width":973,"height":360,"caption":"\u00c8tico"},"image":{"@id":"https:\/\/eticoshop.it\/#\/schema\/logo\/image\/"}}]}},"_links":{"self":[{"href":"https:\/\/eticoshop.it\/en\/wp-json\/wp\/v2\/product\/8274","targetHints":{"allow":["GET"]}}],"collection":[{"href":"https:\/\/eticoshop.it\/en\/wp-json\/wp\/v2\/product"}],"about":[{"href":"https:\/\/eticoshop.it\/en\/wp-json\/wp\/v2\/types\/product"}],"wp:featuredmedia":[{"embeddable":true,"href":"https:\/\/eticoshop.it\/en\/wp-json\/wp\/v2\/media\/8277"}],"wp:attachment":[{"href":"https:\/\/eticoshop.it\/en\/wp-json\/wp\/v2\/media?parent=8274"}],"wp:term":[{"taxonomy":"product_brand","embeddable":true,"href":"https:\/\/eticoshop.it\/en\/wp-json\/wp\/v2\/product_brand?post=8274"},{"taxonomy":"product_cat","embeddable":true,"href":"https:\/\/eticoshop.it\/en\/wp-json\/wp\/v2\/product_cat?post=8274"},{"taxonomy":"product_tag","embeddable":true,"href":"https:\/\/eticoshop.it\/en\/wp-json\/wp\/v2\/product_tag?post=8274"}],"curies":[{"name":"wp","href":"https:\/\/api.w.org\/{rel}","templated":true}]}}