





















{"id":8292,"date":"2024-06-21T17:39:05","date_gmt":"2024-06-21T15:39:05","guid":{"rendered":"https:\/\/eticoshop.it\/?post_type=product&#038;p=8292"},"modified":"2024-06-21T17:39:05","modified_gmt":"2024-06-21T15:39:05","slug":"crema-solida-coccola","status":"publish","type":"product","link":"https:\/\/eticoshop.it\/en\/negozio\/cosmesi\/trattamenti-skincare\/crema-solida-coccola\/","title":{"rendered":"Crema Solida &#8211; Coccola"},"content":{"rendered":"<p>La Crema Solida Mani e Corpo Coccola nutre e idrata la pelle con burro di karit\u00e9 e cacao, lasciando un profumo dolce di vaniglia.<\/p>","protected":false},"excerpt":{"rendered":"<p>La Crema Solida Mani e Corpo Coccola \u00e8 perfetta per chi cerca un trattamento idratante quotidiano o un momento di coccole avvolgenti dopo la doccia. Con il suo profumo caldo e dolce di vaniglia, questa crema solida scivola sulla pelle e si scioglie con il calore corporeo, avvolgendoti in un abbraccio morbido e nutriente. \u00c8 arricchita con burro di karit\u00e9 e burro di cacao, che nutrono la pelle in profondit\u00e0, lasciandola luminosa e morbida.<\/p>\n<p>Massaggia la crema direttamente sulla pelle: al contatto con il calore del corpo, si scioglier\u00e0, lasciando un velo nutriente e profumato. Ripeti l&#8217;applicazione, se necessario, fino a quando la pelle non sar\u00e0 completamente nutrita. Pu\u00f2 essere utilizzata sia sulla pelle asciutta che umida per un effetto ancora pi\u00f9 intenso.<\/p>\n<p>Il packaging della Crema Solida Mani e Corpo Coccola \u00e8 completamente plastic-free. La scatolina \u00e8 realizzata in carta riciclata certificata FSC, mentre la bustina interna \u00e8 in amido di mais, un materiale altamente sostenibile e smaltibile nei rifiuti organici. Questa scelta riflette l&#8217;impegno di La Saponaria verso un impatto ambientale ridotto.<\/p>","protected":false},"featured_media":8294,"template":"","meta":{"_acf_changed":false,"inline_featured_image":false},"product_brand":[],"product_cat":[29,170,155],"product_tag":[106,229,151,216,268,159,163,143],"class_list":{"0":"post-8292","1":"product","2":"type-product","3":"status-publish","4":"has-post-thumbnail","6":"product_cat-cosmesi","7":"product_cat-trattamenti-corpo","8":"product_cat-trattamenti-skincare","9":"product_tag-biologico","10":"product_tag-delicata","11":"product_tag-idratazione","12":"product_tag-nutriente","13":"product_tag-pelli-secche","14":"product_tag-ristrutturante","15":"product_tag-trattamento-naturale","16":"product_tag-waste-zero","18":"first","19":"instock","20":"taxable","21":"shipping-taxable","22":"purchasable","23":"product-type-simple"},"acf":[],"yoast_head":"<!-- This site is optimized with the Yoast SEO plugin v27.3 - https:\/\/yoast.com\/product\/yoast-seo-wordpress\/ -->\n<title>Crema Solida - Coccola - \u00c8tico<\/title>\n<meta name=\"robots\" content=\"index, follow, max-snippet:-1, max-image-preview:large, max-video-preview:-1\" \/>\n<link rel=\"canonical\" href=\"https:\/\/eticoshop.it\/en\/negozio\/cosmesi\/trattamenti-skincare\/crema-solida-coccola\/\" \/>\n<meta property=\"og:locale\" content=\"en_GB\" \/>\n<meta property=\"og:type\" content=\"article\" \/>\n<meta property=\"og:title\" content=\"Crema Solida - Coccola - \u00c8tico\" \/>\n<meta property=\"og:description\" content=\"La Crema Solida Mani e Corpo Coccola \u00e8 perfetta per chi cerca un trattamento idratante quotidiano o un momento di coccole avvolgenti dopo la doccia. Con il suo profumo caldo e dolce di vaniglia, questa crema solida scivola sulla pelle e si scioglie con il calore corporeo, avvolgendoti in un abbraccio morbido e nutriente. \u00c8 arricchita con burro di karit\u00e9 e burro di cacao, che nutrono la pelle in profondit\u00e0, lasciandola luminosa e morbida.  Massaggia la crema direttamente sulla pelle: al contatto con il calore del corpo, si scioglier\u00e0, lasciando un velo nutriente e profumato. Ripeti l&#039;applicazione, se necessario, fino a quando la pelle non sar\u00e0 completamente nutrita. Pu\u00f2 essere utilizzata sia sulla pelle asciutta che umida per un effetto ancora pi\u00f9 intenso.  Il packaging della Crema Solida Mani e Corpo Coccola \u00e8 completamente plastic-free. La scatolina \u00e8 realizzata in carta riciclata certificata FSC, mentre la bustina interna \u00e8 in amido di mais, un materiale altamente sostenibile e smaltibile nei rifiuti organici. Questa scelta riflette l&#039;impegno di La Saponaria verso un impatto ambientale ridotto.\" \/>\n<meta property=\"og:url\" content=\"https:\/\/eticoshop.it\/en\/negozio\/cosmesi\/trattamenti-skincare\/crema-solida-coccola\/\" \/>\n<meta property=\"og:site_name\" content=\"\u00c8tico\" \/>\n<meta property=\"og:image\" content=\"https:\/\/eticoshop.it\/wp-content\/uploads\/2024\/06\/crema-solida-coccola-1000.png\" \/>\n\t<meta property=\"og:image:width\" content=\"1000\" \/>\n\t<meta property=\"og:image:height\" content=\"1000\" \/>\n\t<meta property=\"og:image:type\" content=\"image\/png\" \/>\n<meta name=\"twitter:card\" content=\"summary_large_image\" \/>\n<meta name=\"twitter:label1\" content=\"Estimated reading time\" \/>\n\t<meta name=\"twitter:data1\" content=\"1 minute\" \/>\n<script type=\"application\/ld+json\" class=\"yoast-schema-graph\">{\"@context\":\"https:\\\/\\\/schema.org\",\"@graph\":[{\"@type\":\"WebPage\",\"@id\":\"https:\\\/\\\/eticoshop.it\\\/negozio\\\/cosmesi\\\/trattamenti-skincare\\\/crema-solida-coccola\\\/\",\"url\":\"https:\\\/\\\/eticoshop.it\\\/negozio\\\/cosmesi\\\/trattamenti-skincare\\\/crema-solida-coccola\\\/\",\"name\":\"Crema Solida - Coccola - \u00c8tico\",\"isPartOf\":{\"@id\":\"https:\\\/\\\/eticoshop.it\\\/#website\"},\"primaryImageOfPage\":{\"@id\":\"https:\\\/\\\/eticoshop.it\\\/negozio\\\/cosmesi\\\/trattamenti-skincare\\\/crema-solida-coccola\\\/#primaryimage\"},\"image\":{\"@id\":\"https:\\\/\\\/eticoshop.it\\\/negozio\\\/cosmesi\\\/trattamenti-skincare\\\/crema-solida-coccola\\\/#primaryimage\"},\"thumbnailUrl\":\"https:\\\/\\\/eticoshop.it\\\/wp-content\\\/uploads\\\/2024\\\/06\\\/crema-solida-coccola-1000.png\",\"datePublished\":\"2024-06-21T15:39:05+00:00\",\"breadcrumb\":{\"@id\":\"https:\\\/\\\/eticoshop.it\\\/negozio\\\/cosmesi\\\/trattamenti-skincare\\\/crema-solida-coccola\\\/#breadcrumb\"},\"inLanguage\":\"en-GB\",\"potentialAction\":[{\"@type\":\"ReadAction\",\"target\":[\"https:\\\/\\\/eticoshop.it\\\/negozio\\\/cosmesi\\\/trattamenti-skincare\\\/crema-solida-coccola\\\/\"]}]},{\"@type\":\"ImageObject\",\"inLanguage\":\"en-GB\",\"@id\":\"https:\\\/\\\/eticoshop.it\\\/negozio\\\/cosmesi\\\/trattamenti-skincare\\\/crema-solida-coccola\\\/#primaryimage\",\"url\":\"https:\\\/\\\/eticoshop.it\\\/wp-content\\\/uploads\\\/2024\\\/06\\\/crema-solida-coccola-1000.png\",\"contentUrl\":\"https:\\\/\\\/eticoshop.it\\\/wp-content\\\/uploads\\\/2024\\\/06\\\/crema-solida-coccola-1000.png\",\"width\":1000,\"height\":1000,\"caption\":\"crema solida coccola\"},{\"@type\":\"BreadcrumbList\",\"@id\":\"https:\\\/\\\/eticoshop.it\\\/negozio\\\/cosmesi\\\/trattamenti-skincare\\\/crema-solida-coccola\\\/#breadcrumb\",\"itemListElement\":[{\"@type\":\"ListItem\",\"position\":1,\"name\":\"Home\",\"item\":\"https:\\\/\\\/eticoshop.it\\\/\"},{\"@type\":\"ListItem\",\"position\":2,\"name\":\"Shop\",\"item\":\"https:\\\/\\\/eticoshop.it\\\/negozio\\\/\"},{\"@type\":\"ListItem\",\"position\":3,\"name\":\"Cosmesi\",\"item\":\"https:\\\/\\\/eticoshop.it\\\/categoria-prodotto\\\/cosmesi\\\/\"},{\"@type\":\"ListItem\",\"position\":4,\"name\":\"Crema Solida &#8211; Coccola\"}]},{\"@type\":\"WebSite\",\"@id\":\"https:\\\/\\\/eticoshop.it\\\/#website\",\"url\":\"https:\\\/\\\/eticoshop.it\\\/\",\"name\":\"\u00c8tico\",\"description\":\"\",\"publisher\":{\"@id\":\"https:\\\/\\\/eticoshop.it\\\/#organization\"},\"potentialAction\":[{\"@type\":\"SearchAction\",\"target\":{\"@type\":\"EntryPoint\",\"urlTemplate\":\"https:\\\/\\\/eticoshop.it\\\/?s={search_term_string}\"},\"query-input\":{\"@type\":\"PropertyValueSpecification\",\"valueRequired\":true,\"valueName\":\"search_term_string\"}}],\"inLanguage\":\"en-GB\"},{\"@type\":\"Organization\",\"@id\":\"https:\\\/\\\/eticoshop.it\\\/#organization\",\"name\":\"\u00c8tico\",\"url\":\"https:\\\/\\\/eticoshop.it\\\/\",\"logo\":{\"@type\":\"ImageObject\",\"inLanguage\":\"en-GB\",\"@id\":\"https:\\\/\\\/eticoshop.it\\\/#\\\/schema\\\/logo\\\/image\\\/\",\"url\":\"https:\\\/\\\/eticoshop.it\\\/wp-content\\\/uploads\\\/2023\\\/09\\\/logo-etico.svg\",\"contentUrl\":\"https:\\\/\\\/eticoshop.it\\\/wp-content\\\/uploads\\\/2023\\\/09\\\/logo-etico.svg\",\"width\":973,\"height\":360,\"caption\":\"\u00c8tico\"},\"image\":{\"@id\":\"https:\\\/\\\/eticoshop.it\\\/#\\\/schema\\\/logo\\\/image\\\/\"}}]}<\/script>\n<!-- \/ Yoast SEO plugin. -->","yoast_head_json":{"title":"Crema Solida - Coccola - \u00c8tico","robots":{"index":"index","follow":"follow","max-snippet":"max-snippet:-1","max-image-preview":"max-image-preview:large","max-video-preview":"max-video-preview:-1"},"canonical":"https:\/\/eticoshop.it\/en\/negozio\/cosmesi\/trattamenti-skincare\/crema-solida-coccola\/","og_locale":"en_GB","og_type":"article","og_title":"Crema Solida - Coccola - \u00c8tico","og_description":"La Crema Solida Mani e Corpo Coccola \u00e8 perfetta per chi cerca un trattamento idratante quotidiano o un momento di coccole avvolgenti dopo la doccia. Con il suo profumo caldo e dolce di vaniglia, questa crema solida scivola sulla pelle e si scioglie con il calore corporeo, avvolgendoti in un abbraccio morbido e nutriente. \u00c8 arricchita con burro di karit\u00e9 e burro di cacao, che nutrono la pelle in profondit\u00e0, lasciandola luminosa e morbida.  Massaggia la crema direttamente sulla pelle: al contatto con il calore del corpo, si scioglier\u00e0, lasciando un velo nutriente e profumato. Ripeti l'applicazione, se necessario, fino a quando la pelle non sar\u00e0 completamente nutrita. Pu\u00f2 essere utilizzata sia sulla pelle asciutta che umida per un effetto ancora pi\u00f9 intenso.  Il packaging della Crema Solida Mani e Corpo Coccola \u00e8 completamente plastic-free. La scatolina \u00e8 realizzata in carta riciclata certificata FSC, mentre la bustina interna \u00e8 in amido di mais, un materiale altamente sostenibile e smaltibile nei rifiuti organici. Questa scelta riflette l'impegno di La Saponaria verso un impatto ambientale ridotto.","og_url":"https:\/\/eticoshop.it\/en\/negozio\/cosmesi\/trattamenti-skincare\/crema-solida-coccola\/","og_site_name":"\u00c8tico","og_image":[{"width":1000,"height":1000,"url":"https:\/\/eticoshop.it\/wp-content\/uploads\/2024\/06\/crema-solida-coccola-1000.png","type":"image\/png"}],"twitter_card":"summary_large_image","twitter_misc":{"Estimated reading time":"1 minute"},"schema":{"@context":"https:\/\/schema.org","@graph":[{"@type":"WebPage","@id":"https:\/\/eticoshop.it\/negozio\/cosmesi\/trattamenti-skincare\/crema-solida-coccola\/","url":"https:\/\/eticoshop.it\/negozio\/cosmesi\/trattamenti-skincare\/crema-solida-coccola\/","name":"Crema Solida - Coccola - \u00c8tico","isPartOf":{"@id":"https:\/\/eticoshop.it\/#website"},"primaryImageOfPage":{"@id":"https:\/\/eticoshop.it\/negozio\/cosmesi\/trattamenti-skincare\/crema-solida-coccola\/#primaryimage"},"image":{"@id":"https:\/\/eticoshop.it\/negozio\/cosmesi\/trattamenti-skincare\/crema-solida-coccola\/#primaryimage"},"thumbnailUrl":"https:\/\/eticoshop.it\/wp-content\/uploads\/2024\/06\/crema-solida-coccola-1000.png","datePublished":"2024-06-21T15:39:05+00:00","breadcrumb":{"@id":"https:\/\/eticoshop.it\/negozio\/cosmesi\/trattamenti-skincare\/crema-solida-coccola\/#breadcrumb"},"inLanguage":"en-GB","potentialAction":[{"@type":"ReadAction","target":["https:\/\/eticoshop.it\/negozio\/cosmesi\/trattamenti-skincare\/crema-solida-coccola\/"]}]},{"@type":"ImageObject","inLanguage":"en-GB","@id":"https:\/\/eticoshop.it\/negozio\/cosmesi\/trattamenti-skincare\/crema-solida-coccola\/#primaryimage","url":"https:\/\/eticoshop.it\/wp-content\/uploads\/2024\/06\/crema-solida-coccola-1000.png","contentUrl":"https:\/\/eticoshop.it\/wp-content\/uploads\/2024\/06\/crema-solida-coccola-1000.png","width":1000,"height":1000,"caption":"crema solida coccola"},{"@type":"BreadcrumbList","@id":"https:\/\/eticoshop.it\/negozio\/cosmesi\/trattamenti-skincare\/crema-solida-coccola\/#breadcrumb","itemListElement":[{"@type":"ListItem","position":1,"name":"Home","item":"https:\/\/eticoshop.it\/"},{"@type":"ListItem","position":2,"name":"Shop","item":"https:\/\/eticoshop.it\/negozio\/"},{"@type":"ListItem","position":3,"name":"Cosmesi","item":"https:\/\/eticoshop.it\/categoria-prodotto\/cosmesi\/"},{"@type":"ListItem","position":4,"name":"Crema Solida &#8211; Coccola"}]},{"@type":"WebSite","@id":"https:\/\/eticoshop.it\/#website","url":"https:\/\/eticoshop.it\/","name":"\u00c8tico","description":"","publisher":{"@id":"https:\/\/eticoshop.it\/#organization"},"potentialAction":[{"@type":"SearchAction","target":{"@type":"EntryPoint","urlTemplate":"https:\/\/eticoshop.it\/?s={search_term_string}"},"query-input":{"@type":"PropertyValueSpecification","valueRequired":true,"valueName":"search_term_string"}}],"inLanguage":"en-GB"},{"@type":"Organization","@id":"https:\/\/eticoshop.it\/#organization","name":"\u00c8tico","url":"https:\/\/eticoshop.it\/","logo":{"@type":"ImageObject","inLanguage":"en-GB","@id":"https:\/\/eticoshop.it\/#\/schema\/logo\/image\/","url":"https:\/\/eticoshop.it\/wp-content\/uploads\/2023\/09\/logo-etico.svg","contentUrl":"https:\/\/eticoshop.it\/wp-content\/uploads\/2023\/09\/logo-etico.svg","width":973,"height":360,"caption":"\u00c8tico"},"image":{"@id":"https:\/\/eticoshop.it\/#\/schema\/logo\/image\/"}}]}},"_links":{"self":[{"href":"https:\/\/eticoshop.it\/en\/wp-json\/wp\/v2\/product\/8292","targetHints":{"allow":["GET"]}}],"collection":[{"href":"https:\/\/eticoshop.it\/en\/wp-json\/wp\/v2\/product"}],"about":[{"href":"https:\/\/eticoshop.it\/en\/wp-json\/wp\/v2\/types\/product"}],"wp:featuredmedia":[{"embeddable":true,"href":"https:\/\/eticoshop.it\/en\/wp-json\/wp\/v2\/media\/8294"}],"wp:attachment":[{"href":"https:\/\/eticoshop.it\/en\/wp-json\/wp\/v2\/media?parent=8292"}],"wp:term":[{"taxonomy":"product_brand","embeddable":true,"href":"https:\/\/eticoshop.it\/en\/wp-json\/wp\/v2\/product_brand?post=8292"},{"taxonomy":"product_cat","embeddable":true,"href":"https:\/\/eticoshop.it\/en\/wp-json\/wp\/v2\/product_cat?post=8292"},{"taxonomy":"product_tag","embeddable":true,"href":"https:\/\/eticoshop.it\/en\/wp-json\/wp\/v2\/product_tag?post=8292"}],"curies":[{"name":"wp","href":"https:\/\/api.w.org\/{rel}","templated":true}]}}