





















{"id":8300,"date":"2024-06-21T17:39:04","date_gmt":"2024-06-21T15:39:04","guid":{"rendered":"https:\/\/eticoshop.it\/?post_type=product&#038;p=8300"},"modified":"2024-06-21T17:39:04","modified_gmt":"2024-06-21T15:39:04","slug":"crema-solida-keep-calm","status":"publish","type":"product","link":"https:\/\/eticoshop.it\/en\/negozio\/cosmesi\/trattamenti-corpo\/crema-solida-keep-calm\/","title":{"rendered":"Crema Solida &#8211; Keep Calm"},"content":{"rendered":"<p>La Crema Solida Mani e Corpo Keep Calm lenisce e protegge la pelle con olio di buriti e bergamotto, ideale per pelli sensibili.<\/p>\n<p>&nbsp;<\/p>","protected":false},"excerpt":{"rendered":"<p>La Crema Solida Mani e Corpo Keep Calm \u00e8 ideale per chi desidera una pelle lenita, protetta e morbida tutto l&#8217;anno. Grazie al suo profumo fruttato ed esotico, questa crema \u00e8 perfetta per pelli sensibili e stressate. Arricchita con olio di buriti e olio essenziale di bergamotto, \u00e8 ottima dopo una giornata al sole o durante l&#8217;inverno per riparare le mani screpolate. La formula altamente concentrata rende Keep Calm un prodotto versatile, facile da portare con s\u00e9 per un utilizzo in movimento.<\/p>\n<p>Massaggiare Keep Calm direttamente sulla pelle: si scioglier\u00e0 a contatto con il calore del corpo lasciando un velo addolcente e un piacevole profumo di vacanza. Utilizzare anche subito dopo la doccia, quando la pelle \u00e8 ancora umida.<\/p>\n<p>Il packaging di Keep Calm \u00e8 progettato per essere completamente eco-friendly. La confezione esterna \u00e8 realizzata in carta riciclata certificata FSC, mentre la bustina interna \u00e8 composta da amido di mais, un materiale biodegradabile che pu\u00f2 essere smaltito nei rifiuti organici. Per il corretto smaltimento, assicurati di seguire le disposizioni locali relative alla raccolta della carta per la scatolina e dell&#8217;umido per la bustina di amido di mais.<\/p>","protected":false},"featured_media":8303,"template":"","meta":{"_acf_changed":false,"inline_featured_image":false},"product_brand":[],"product_cat":[29,170],"product_tag":[200,106,151,224,194,223,163,143],"class_list":{"0":"post-8300","1":"product","2":"type-product","3":"status-publish","4":"has-post-thumbnail","6":"product_cat-cosmesi","7":"product_cat-trattamenti-corpo","8":"product_tag-anti-stress","9":"product_tag-biologico","10":"product_tag-idratazione","11":"product_tag-lenitiva","12":"product_tag-pelli-sensibili","13":"product_tag-rinfrescante","14":"product_tag-trattamento-naturale","15":"product_tag-waste-zero","17":"first","18":"instock","19":"taxable","20":"shipping-taxable","21":"purchasable","22":"product-type-simple"},"acf":[],"yoast_head":"<!-- This site is optimized with the Yoast SEO plugin v27.3 - https:\/\/yoast.com\/product\/yoast-seo-wordpress\/ -->\n<title>Crema Solida - Keep Calm - \u00c8tico<\/title>\n<meta name=\"robots\" content=\"index, follow, max-snippet:-1, max-image-preview:large, max-video-preview:-1\" \/>\n<link rel=\"canonical\" href=\"https:\/\/eticoshop.it\/en\/negozio\/cosmesi\/trattamenti-corpo\/crema-solida-keep-calm\/\" \/>\n<meta property=\"og:locale\" content=\"en_GB\" \/>\n<meta property=\"og:type\" content=\"article\" \/>\n<meta property=\"og:title\" content=\"Crema Solida - Keep Calm - \u00c8tico\" \/>\n<meta property=\"og:description\" content=\"La Crema Solida Mani e Corpo Keep Calm \u00e8 ideale per chi desidera una pelle lenita, protetta e morbida tutto l&#039;anno. Grazie al suo profumo fruttato ed esotico, questa crema \u00e8 perfetta per pelli sensibili e stressate. Arricchita con olio di buriti e olio essenziale di bergamotto, \u00e8 ottima dopo una giornata al sole o durante l&#039;inverno per riparare le mani screpolate. La formula altamente concentrata rende Keep Calm un prodotto versatile, facile da portare con s\u00e9 per un utilizzo in movimento.  Massaggiare Keep Calm direttamente sulla pelle: si scioglier\u00e0 a contatto con il calore del corpo lasciando un velo addolcente e un piacevole profumo di vacanza. Utilizzare anche subito dopo la doccia, quando la pelle \u00e8 ancora umida.  Il packaging di Keep Calm \u00e8 progettato per essere completamente eco-friendly. La confezione esterna \u00e8 realizzata in carta riciclata certificata FSC, mentre la bustina interna \u00e8 composta da amido di mais, un materiale biodegradabile che pu\u00f2 essere smaltito nei rifiuti organici. Per il corretto smaltimento, assicurati di seguire le disposizioni locali relative alla raccolta della carta per la scatolina e dell&#039;umido per la bustina di amido di mais.\" \/>\n<meta property=\"og:url\" content=\"https:\/\/eticoshop.it\/en\/negozio\/cosmesi\/trattamenti-corpo\/crema-solida-keep-calm\/\" \/>\n<meta property=\"og:site_name\" content=\"\u00c8tico\" \/>\n<meta property=\"og:image\" content=\"https:\/\/eticoshop.it\/wp-content\/uploads\/2024\/06\/crema-solida-keep-calm-copia-1024x1024.png\" \/>\n\t<meta property=\"og:image:width\" content=\"1024\" \/>\n\t<meta property=\"og:image:height\" content=\"1024\" \/>\n\t<meta property=\"og:image:type\" content=\"image\/png\" \/>\n<meta name=\"twitter:card\" content=\"summary_large_image\" \/>\n<meta name=\"twitter:label1\" content=\"Estimated reading time\" \/>\n\t<meta name=\"twitter:data1\" content=\"1 minute\" \/>\n<script type=\"application\/ld+json\" class=\"yoast-schema-graph\">{\"@context\":\"https:\\\/\\\/schema.org\",\"@graph\":[{\"@type\":\"WebPage\",\"@id\":\"https:\\\/\\\/eticoshop.it\\\/negozio\\\/cosmesi\\\/trattamenti-corpo\\\/crema-solida-keep-calm\\\/\",\"url\":\"https:\\\/\\\/eticoshop.it\\\/negozio\\\/cosmesi\\\/trattamenti-corpo\\\/crema-solida-keep-calm\\\/\",\"name\":\"Crema Solida - Keep Calm - \u00c8tico\",\"isPartOf\":{\"@id\":\"https:\\\/\\\/eticoshop.it\\\/#website\"},\"primaryImageOfPage\":{\"@id\":\"https:\\\/\\\/eticoshop.it\\\/negozio\\\/cosmesi\\\/trattamenti-corpo\\\/crema-solida-keep-calm\\\/#primaryimage\"},\"image\":{\"@id\":\"https:\\\/\\\/eticoshop.it\\\/negozio\\\/cosmesi\\\/trattamenti-corpo\\\/crema-solida-keep-calm\\\/#primaryimage\"},\"thumbnailUrl\":\"https:\\\/\\\/eticoshop.it\\\/wp-content\\\/uploads\\\/2024\\\/06\\\/crema-solida-keep-calm-copia.png\",\"datePublished\":\"2024-06-21T15:39:04+00:00\",\"breadcrumb\":{\"@id\":\"https:\\\/\\\/eticoshop.it\\\/negozio\\\/cosmesi\\\/trattamenti-corpo\\\/crema-solida-keep-calm\\\/#breadcrumb\"},\"inLanguage\":\"en-GB\",\"potentialAction\":[{\"@type\":\"ReadAction\",\"target\":[\"https:\\\/\\\/eticoshop.it\\\/negozio\\\/cosmesi\\\/trattamenti-corpo\\\/crema-solida-keep-calm\\\/\"]}]},{\"@type\":\"ImageObject\",\"inLanguage\":\"en-GB\",\"@id\":\"https:\\\/\\\/eticoshop.it\\\/negozio\\\/cosmesi\\\/trattamenti-corpo\\\/crema-solida-keep-calm\\\/#primaryimage\",\"url\":\"https:\\\/\\\/eticoshop.it\\\/wp-content\\\/uploads\\\/2024\\\/06\\\/crema-solida-keep-calm-copia.png\",\"contentUrl\":\"https:\\\/\\\/eticoshop.it\\\/wp-content\\\/uploads\\\/2024\\\/06\\\/crema-solida-keep-calm-copia.png\",\"width\":2000,\"height\":2000,\"caption\":\"crema solida keep calm\"},{\"@type\":\"BreadcrumbList\",\"@id\":\"https:\\\/\\\/eticoshop.it\\\/negozio\\\/cosmesi\\\/trattamenti-corpo\\\/crema-solida-keep-calm\\\/#breadcrumb\",\"itemListElement\":[{\"@type\":\"ListItem\",\"position\":1,\"name\":\"Home\",\"item\":\"https:\\\/\\\/eticoshop.it\\\/\"},{\"@type\":\"ListItem\",\"position\":2,\"name\":\"Shop\",\"item\":\"https:\\\/\\\/eticoshop.it\\\/negozio\\\/\"},{\"@type\":\"ListItem\",\"position\":3,\"name\":\"Cosmesi\",\"item\":\"https:\\\/\\\/eticoshop.it\\\/categoria-prodotto\\\/cosmesi\\\/\"},{\"@type\":\"ListItem\",\"position\":4,\"name\":\"Crema Solida &#8211; Keep Calm\"}]},{\"@type\":\"WebSite\",\"@id\":\"https:\\\/\\\/eticoshop.it\\\/#website\",\"url\":\"https:\\\/\\\/eticoshop.it\\\/\",\"name\":\"\u00c8tico\",\"description\":\"\",\"publisher\":{\"@id\":\"https:\\\/\\\/eticoshop.it\\\/#organization\"},\"potentialAction\":[{\"@type\":\"SearchAction\",\"target\":{\"@type\":\"EntryPoint\",\"urlTemplate\":\"https:\\\/\\\/eticoshop.it\\\/?s={search_term_string}\"},\"query-input\":{\"@type\":\"PropertyValueSpecification\",\"valueRequired\":true,\"valueName\":\"search_term_string\"}}],\"inLanguage\":\"en-GB\"},{\"@type\":\"Organization\",\"@id\":\"https:\\\/\\\/eticoshop.it\\\/#organization\",\"name\":\"\u00c8tico\",\"url\":\"https:\\\/\\\/eticoshop.it\\\/\",\"logo\":{\"@type\":\"ImageObject\",\"inLanguage\":\"en-GB\",\"@id\":\"https:\\\/\\\/eticoshop.it\\\/#\\\/schema\\\/logo\\\/image\\\/\",\"url\":\"https:\\\/\\\/eticoshop.it\\\/wp-content\\\/uploads\\\/2023\\\/09\\\/logo-etico.svg\",\"contentUrl\":\"https:\\\/\\\/eticoshop.it\\\/wp-content\\\/uploads\\\/2023\\\/09\\\/logo-etico.svg\",\"width\":973,\"height\":360,\"caption\":\"\u00c8tico\"},\"image\":{\"@id\":\"https:\\\/\\\/eticoshop.it\\\/#\\\/schema\\\/logo\\\/image\\\/\"}}]}<\/script>\n<!-- \/ Yoast SEO plugin. -->","yoast_head_json":{"title":"Crema Solida - Keep Calm - \u00c8tico","robots":{"index":"index","follow":"follow","max-snippet":"max-snippet:-1","max-image-preview":"max-image-preview:large","max-video-preview":"max-video-preview:-1"},"canonical":"https:\/\/eticoshop.it\/en\/negozio\/cosmesi\/trattamenti-corpo\/crema-solida-keep-calm\/","og_locale":"en_GB","og_type":"article","og_title":"Crema Solida - Keep Calm - \u00c8tico","og_description":"La Crema Solida Mani e Corpo Keep Calm \u00e8 ideale per chi desidera una pelle lenita, protetta e morbida tutto l'anno. Grazie al suo profumo fruttato ed esotico, questa crema \u00e8 perfetta per pelli sensibili e stressate. Arricchita con olio di buriti e olio essenziale di bergamotto, \u00e8 ottima dopo una giornata al sole o durante l'inverno per riparare le mani screpolate. La formula altamente concentrata rende Keep Calm un prodotto versatile, facile da portare con s\u00e9 per un utilizzo in movimento.  Massaggiare Keep Calm direttamente sulla pelle: si scioglier\u00e0 a contatto con il calore del corpo lasciando un velo addolcente e un piacevole profumo di vacanza. Utilizzare anche subito dopo la doccia, quando la pelle \u00e8 ancora umida.  Il packaging di Keep Calm \u00e8 progettato per essere completamente eco-friendly. La confezione esterna \u00e8 realizzata in carta riciclata certificata FSC, mentre la bustina interna \u00e8 composta da amido di mais, un materiale biodegradabile che pu\u00f2 essere smaltito nei rifiuti organici. Per il corretto smaltimento, assicurati di seguire le disposizioni locali relative alla raccolta della carta per la scatolina e dell'umido per la bustina di amido di mais.","og_url":"https:\/\/eticoshop.it\/en\/negozio\/cosmesi\/trattamenti-corpo\/crema-solida-keep-calm\/","og_site_name":"\u00c8tico","og_image":[{"width":1024,"height":1024,"url":"https:\/\/eticoshop.it\/wp-content\/uploads\/2024\/06\/crema-solida-keep-calm-copia-1024x1024.png","type":"image\/png"}],"twitter_card":"summary_large_image","twitter_misc":{"Estimated reading time":"1 minute"},"schema":{"@context":"https:\/\/schema.org","@graph":[{"@type":"WebPage","@id":"https:\/\/eticoshop.it\/negozio\/cosmesi\/trattamenti-corpo\/crema-solida-keep-calm\/","url":"https:\/\/eticoshop.it\/negozio\/cosmesi\/trattamenti-corpo\/crema-solida-keep-calm\/","name":"Crema Solida - Keep Calm - \u00c8tico","isPartOf":{"@id":"https:\/\/eticoshop.it\/#website"},"primaryImageOfPage":{"@id":"https:\/\/eticoshop.it\/negozio\/cosmesi\/trattamenti-corpo\/crema-solida-keep-calm\/#primaryimage"},"image":{"@id":"https:\/\/eticoshop.it\/negozio\/cosmesi\/trattamenti-corpo\/crema-solida-keep-calm\/#primaryimage"},"thumbnailUrl":"https:\/\/eticoshop.it\/wp-content\/uploads\/2024\/06\/crema-solida-keep-calm-copia.png","datePublished":"2024-06-21T15:39:04+00:00","breadcrumb":{"@id":"https:\/\/eticoshop.it\/negozio\/cosmesi\/trattamenti-corpo\/crema-solida-keep-calm\/#breadcrumb"},"inLanguage":"en-GB","potentialAction":[{"@type":"ReadAction","target":["https:\/\/eticoshop.it\/negozio\/cosmesi\/trattamenti-corpo\/crema-solida-keep-calm\/"]}]},{"@type":"ImageObject","inLanguage":"en-GB","@id":"https:\/\/eticoshop.it\/negozio\/cosmesi\/trattamenti-corpo\/crema-solida-keep-calm\/#primaryimage","url":"https:\/\/eticoshop.it\/wp-content\/uploads\/2024\/06\/crema-solida-keep-calm-copia.png","contentUrl":"https:\/\/eticoshop.it\/wp-content\/uploads\/2024\/06\/crema-solida-keep-calm-copia.png","width":2000,"height":2000,"caption":"crema solida keep calm"},{"@type":"BreadcrumbList","@id":"https:\/\/eticoshop.it\/negozio\/cosmesi\/trattamenti-corpo\/crema-solida-keep-calm\/#breadcrumb","itemListElement":[{"@type":"ListItem","position":1,"name":"Home","item":"https:\/\/eticoshop.it\/"},{"@type":"ListItem","position":2,"name":"Shop","item":"https:\/\/eticoshop.it\/negozio\/"},{"@type":"ListItem","position":3,"name":"Cosmesi","item":"https:\/\/eticoshop.it\/categoria-prodotto\/cosmesi\/"},{"@type":"ListItem","position":4,"name":"Crema Solida &#8211; Keep Calm"}]},{"@type":"WebSite","@id":"https:\/\/eticoshop.it\/#website","url":"https:\/\/eticoshop.it\/","name":"\u00c8tico","description":"","publisher":{"@id":"https:\/\/eticoshop.it\/#organization"},"potentialAction":[{"@type":"SearchAction","target":{"@type":"EntryPoint","urlTemplate":"https:\/\/eticoshop.it\/?s={search_term_string}"},"query-input":{"@type":"PropertyValueSpecification","valueRequired":true,"valueName":"search_term_string"}}],"inLanguage":"en-GB"},{"@type":"Organization","@id":"https:\/\/eticoshop.it\/#organization","name":"\u00c8tico","url":"https:\/\/eticoshop.it\/","logo":{"@type":"ImageObject","inLanguage":"en-GB","@id":"https:\/\/eticoshop.it\/#\/schema\/logo\/image\/","url":"https:\/\/eticoshop.it\/wp-content\/uploads\/2023\/09\/logo-etico.svg","contentUrl":"https:\/\/eticoshop.it\/wp-content\/uploads\/2023\/09\/logo-etico.svg","width":973,"height":360,"caption":"\u00c8tico"},"image":{"@id":"https:\/\/eticoshop.it\/#\/schema\/logo\/image\/"}}]}},"_links":{"self":[{"href":"https:\/\/eticoshop.it\/en\/wp-json\/wp\/v2\/product\/8300","targetHints":{"allow":["GET"]}}],"collection":[{"href":"https:\/\/eticoshop.it\/en\/wp-json\/wp\/v2\/product"}],"about":[{"href":"https:\/\/eticoshop.it\/en\/wp-json\/wp\/v2\/types\/product"}],"wp:featuredmedia":[{"embeddable":true,"href":"https:\/\/eticoshop.it\/en\/wp-json\/wp\/v2\/media\/8303"}],"wp:attachment":[{"href":"https:\/\/eticoshop.it\/en\/wp-json\/wp\/v2\/media?parent=8300"}],"wp:term":[{"taxonomy":"product_brand","embeddable":true,"href":"https:\/\/eticoshop.it\/en\/wp-json\/wp\/v2\/product_brand?post=8300"},{"taxonomy":"product_cat","embeddable":true,"href":"https:\/\/eticoshop.it\/en\/wp-json\/wp\/v2\/product_cat?post=8300"},{"taxonomy":"product_tag","embeddable":true,"href":"https:\/\/eticoshop.it\/en\/wp-json\/wp\/v2\/product_tag?post=8300"}],"curies":[{"name":"wp","href":"https:\/\/api.w.org\/{rel}","templated":true}]}}