





















{"id":8304,"date":"2024-06-21T17:39:04","date_gmt":"2024-06-21T15:39:04","guid":{"rendered":"https:\/\/eticoshop.it\/?post_type=product&#038;p=8304"},"modified":"2024-06-21T17:39:04","modified_gmt":"2024-06-21T15:39:04","slug":"crema-solida-pink-moon","status":"publish","type":"product","link":"https:\/\/eticoshop.it\/en\/negozio\/cosmesi\/trattamenti-corpo\/crema-solida-pink-moon\/","title":{"rendered":"Crema Solida &#8211; Pink Moon"},"content":{"rendered":"<p>La Crema Corpo Solida Pink Moon illumina, idrata e ringiovanisce la pelle con burro di murumuru e rosa, offrendo un effetto glow naturale.<\/p>","protected":false},"excerpt":{"rendered":"<p>La Crema Corpo Solida Pink Moon \u00e8 ideale per chi desidera una pelle luminosa, giovane ed elastica. Con il suo profumo fiorito, questa crema solida illumina la pelle, rendendola radiosa in ogni occasione. Arricchita con burro di murumuru e rosa, \u00e8 ricca di attivi antiossidanti, elasticizzanti e anti-age, che lasciano la pelle compatta, splendente e idratata. Perfetta per chi cerca un effetto glow naturale e una sensazione di freschezza e benessere.<\/p>\n<p>Massaggia Pink Moon direttamente sulla pelle: a contatto con il calore del corpo, la crema si scioglier\u00e0 lasciando un velo nutriente e profumato. Ripeti l&#8217;applicazione, se necessario, fino a ottenere la luminosit\u00e0 desiderata. Pu\u00f2 essere usata su pelle asciutta o leggermente umida per un effetto ancora pi\u00f9 intenso.<\/p>\n<p>Il packaging di Pink Moon \u00e8 completamente eco-friendly. La confezione esterna \u00e8 realizzata in carta riciclata certificata FSC, mentre la bustina interna \u00e8 fatta di amido di mais, un materiale biodegradabile che pu\u00f2 essere smaltito nei rifiuti organici. Assicurati di seguire le disposizioni locali per il corretto smaltimento della carta e dei rifiuti organici.<\/p>","protected":false},"featured_media":8306,"template":"","meta":{"_acf_changed":false,"inline_featured_image":false},"product_brand":[],"product_cat":[29,170],"product_tag":[271,106,270,151,201,225,163,143],"class_list":{"0":"post-8304","1":"product","2":"type-product","3":"status-publish","4":"has-post-thumbnail","6":"product_cat-cosmesi","7":"product_cat-trattamenti-corpo","8":"product_tag-anti-acne","9":"product_tag-biologico","10":"product_tag-detox","11":"product_tag-idratazione","12":"product_tag-purificante","13":"product_tag-rigenerante","14":"product_tag-trattamento-naturale","15":"product_tag-waste-zero","17":"first","18":"instock","19":"taxable","20":"shipping-taxable","21":"purchasable","22":"product-type-simple"},"acf":[],"yoast_head":"<!-- This site is optimized with the Yoast SEO plugin v27.3 - https:\/\/yoast.com\/product\/yoast-seo-wordpress\/ -->\n<title>Crema Solida - Pink Moon - \u00c8tico<\/title>\n<meta name=\"robots\" content=\"index, follow, max-snippet:-1, max-image-preview:large, max-video-preview:-1\" \/>\n<link rel=\"canonical\" href=\"https:\/\/eticoshop.it\/en\/negozio\/cosmesi\/trattamenti-corpo\/crema-solida-pink-moon\/\" \/>\n<meta property=\"og:locale\" content=\"en_GB\" \/>\n<meta property=\"og:type\" content=\"article\" \/>\n<meta property=\"og:title\" content=\"Crema Solida - Pink Moon - \u00c8tico\" \/>\n<meta property=\"og:description\" content=\"La Crema Corpo Solida Pink Moon \u00e8 ideale per chi desidera una pelle luminosa, giovane ed elastica. Con il suo profumo fiorito, questa crema solida illumina la pelle, rendendola radiosa in ogni occasione. Arricchita con burro di murumuru e rosa, \u00e8 ricca di attivi antiossidanti, elasticizzanti e anti-age, che lasciano la pelle compatta, splendente e idratata. Perfetta per chi cerca un effetto glow naturale e una sensazione di freschezza e benessere.  Massaggia Pink Moon direttamente sulla pelle: a contatto con il calore del corpo, la crema si scioglier\u00e0 lasciando un velo nutriente e profumato. Ripeti l&#039;applicazione, se necessario, fino a ottenere la luminosit\u00e0 desiderata. Pu\u00f2 essere usata su pelle asciutta o leggermente umida per un effetto ancora pi\u00f9 intenso.  Il packaging di Pink Moon \u00e8 completamente eco-friendly. La confezione esterna \u00e8 realizzata in carta riciclata certificata FSC, mentre la bustina interna \u00e8 fatta di amido di mais, un materiale biodegradabile che pu\u00f2 essere smaltito nei rifiuti organici. Assicurati di seguire le disposizioni locali per il corretto smaltimento della carta e dei rifiuti organici.\" \/>\n<meta property=\"og:url\" content=\"https:\/\/eticoshop.it\/en\/negozio\/cosmesi\/trattamenti-corpo\/crema-solida-pink-moon\/\" \/>\n<meta property=\"og:site_name\" content=\"\u00c8tico\" \/>\n<meta property=\"og:image\" content=\"https:\/\/eticoshop.it\/wp-content\/uploads\/2024\/06\/crema-solida-pink-moon-1000.png\" \/>\n\t<meta property=\"og:image:width\" content=\"1000\" \/>\n\t<meta property=\"og:image:height\" content=\"1000\" \/>\n\t<meta property=\"og:image:type\" content=\"image\/png\" \/>\n<meta name=\"twitter:card\" content=\"summary_large_image\" \/>\n<meta name=\"twitter:label1\" content=\"Estimated reading time\" \/>\n\t<meta name=\"twitter:data1\" content=\"1 minute\" \/>\n<script type=\"application\/ld+json\" class=\"yoast-schema-graph\">{\"@context\":\"https:\\\/\\\/schema.org\",\"@graph\":[{\"@type\":\"WebPage\",\"@id\":\"https:\\\/\\\/eticoshop.it\\\/negozio\\\/cosmesi\\\/trattamenti-corpo\\\/crema-solida-pink-moon\\\/\",\"url\":\"https:\\\/\\\/eticoshop.it\\\/negozio\\\/cosmesi\\\/trattamenti-corpo\\\/crema-solida-pink-moon\\\/\",\"name\":\"Crema Solida - Pink Moon - \u00c8tico\",\"isPartOf\":{\"@id\":\"https:\\\/\\\/eticoshop.it\\\/#website\"},\"primaryImageOfPage\":{\"@id\":\"https:\\\/\\\/eticoshop.it\\\/negozio\\\/cosmesi\\\/trattamenti-corpo\\\/crema-solida-pink-moon\\\/#primaryimage\"},\"image\":{\"@id\":\"https:\\\/\\\/eticoshop.it\\\/negozio\\\/cosmesi\\\/trattamenti-corpo\\\/crema-solida-pink-moon\\\/#primaryimage\"},\"thumbnailUrl\":\"https:\\\/\\\/eticoshop.it\\\/wp-content\\\/uploads\\\/2024\\\/06\\\/crema-solida-pink-moon-1000.png\",\"datePublished\":\"2024-06-21T15:39:04+00:00\",\"breadcrumb\":{\"@id\":\"https:\\\/\\\/eticoshop.it\\\/negozio\\\/cosmesi\\\/trattamenti-corpo\\\/crema-solida-pink-moon\\\/#breadcrumb\"},\"inLanguage\":\"en-GB\",\"potentialAction\":[{\"@type\":\"ReadAction\",\"target\":[\"https:\\\/\\\/eticoshop.it\\\/negozio\\\/cosmesi\\\/trattamenti-corpo\\\/crema-solida-pink-moon\\\/\"]}]},{\"@type\":\"ImageObject\",\"inLanguage\":\"en-GB\",\"@id\":\"https:\\\/\\\/eticoshop.it\\\/negozio\\\/cosmesi\\\/trattamenti-corpo\\\/crema-solida-pink-moon\\\/#primaryimage\",\"url\":\"https:\\\/\\\/eticoshop.it\\\/wp-content\\\/uploads\\\/2024\\\/06\\\/crema-solida-pink-moon-1000.png\",\"contentUrl\":\"https:\\\/\\\/eticoshop.it\\\/wp-content\\\/uploads\\\/2024\\\/06\\\/crema-solida-pink-moon-1000.png\",\"width\":1000,\"height\":1000,\"caption\":\"crema solida pink moon\"},{\"@type\":\"BreadcrumbList\",\"@id\":\"https:\\\/\\\/eticoshop.it\\\/negozio\\\/cosmesi\\\/trattamenti-corpo\\\/crema-solida-pink-moon\\\/#breadcrumb\",\"itemListElement\":[{\"@type\":\"ListItem\",\"position\":1,\"name\":\"Home\",\"item\":\"https:\\\/\\\/eticoshop.it\\\/\"},{\"@type\":\"ListItem\",\"position\":2,\"name\":\"Shop\",\"item\":\"https:\\\/\\\/eticoshop.it\\\/negozio\\\/\"},{\"@type\":\"ListItem\",\"position\":3,\"name\":\"Cosmesi\",\"item\":\"https:\\\/\\\/eticoshop.it\\\/categoria-prodotto\\\/cosmesi\\\/\"},{\"@type\":\"ListItem\",\"position\":4,\"name\":\"Crema Solida &#8211; Pink Moon\"}]},{\"@type\":\"WebSite\",\"@id\":\"https:\\\/\\\/eticoshop.it\\\/#website\",\"url\":\"https:\\\/\\\/eticoshop.it\\\/\",\"name\":\"\u00c8tico\",\"description\":\"\",\"publisher\":{\"@id\":\"https:\\\/\\\/eticoshop.it\\\/#organization\"},\"potentialAction\":[{\"@type\":\"SearchAction\",\"target\":{\"@type\":\"EntryPoint\",\"urlTemplate\":\"https:\\\/\\\/eticoshop.it\\\/?s={search_term_string}\"},\"query-input\":{\"@type\":\"PropertyValueSpecification\",\"valueRequired\":true,\"valueName\":\"search_term_string\"}}],\"inLanguage\":\"en-GB\"},{\"@type\":\"Organization\",\"@id\":\"https:\\\/\\\/eticoshop.it\\\/#organization\",\"name\":\"\u00c8tico\",\"url\":\"https:\\\/\\\/eticoshop.it\\\/\",\"logo\":{\"@type\":\"ImageObject\",\"inLanguage\":\"en-GB\",\"@id\":\"https:\\\/\\\/eticoshop.it\\\/#\\\/schema\\\/logo\\\/image\\\/\",\"url\":\"https:\\\/\\\/eticoshop.it\\\/wp-content\\\/uploads\\\/2023\\\/09\\\/logo-etico.svg\",\"contentUrl\":\"https:\\\/\\\/eticoshop.it\\\/wp-content\\\/uploads\\\/2023\\\/09\\\/logo-etico.svg\",\"width\":973,\"height\":360,\"caption\":\"\u00c8tico\"},\"image\":{\"@id\":\"https:\\\/\\\/eticoshop.it\\\/#\\\/schema\\\/logo\\\/image\\\/\"}}]}<\/script>\n<!-- \/ Yoast SEO plugin. -->","yoast_head_json":{"title":"Crema Solida - Pink Moon - \u00c8tico","robots":{"index":"index","follow":"follow","max-snippet":"max-snippet:-1","max-image-preview":"max-image-preview:large","max-video-preview":"max-video-preview:-1"},"canonical":"https:\/\/eticoshop.it\/en\/negozio\/cosmesi\/trattamenti-corpo\/crema-solida-pink-moon\/","og_locale":"en_GB","og_type":"article","og_title":"Crema Solida - Pink Moon - \u00c8tico","og_description":"La Crema Corpo Solida Pink Moon \u00e8 ideale per chi desidera una pelle luminosa, giovane ed elastica. Con il suo profumo fiorito, questa crema solida illumina la pelle, rendendola radiosa in ogni occasione. Arricchita con burro di murumuru e rosa, \u00e8 ricca di attivi antiossidanti, elasticizzanti e anti-age, che lasciano la pelle compatta, splendente e idratata. Perfetta per chi cerca un effetto glow naturale e una sensazione di freschezza e benessere.  Massaggia Pink Moon direttamente sulla pelle: a contatto con il calore del corpo, la crema si scioglier\u00e0 lasciando un velo nutriente e profumato. Ripeti l'applicazione, se necessario, fino a ottenere la luminosit\u00e0 desiderata. Pu\u00f2 essere usata su pelle asciutta o leggermente umida per un effetto ancora pi\u00f9 intenso.  Il packaging di Pink Moon \u00e8 completamente eco-friendly. La confezione esterna \u00e8 realizzata in carta riciclata certificata FSC, mentre la bustina interna \u00e8 fatta di amido di mais, un materiale biodegradabile che pu\u00f2 essere smaltito nei rifiuti organici. Assicurati di seguire le disposizioni locali per il corretto smaltimento della carta e dei rifiuti organici.","og_url":"https:\/\/eticoshop.it\/en\/negozio\/cosmesi\/trattamenti-corpo\/crema-solida-pink-moon\/","og_site_name":"\u00c8tico","og_image":[{"width":1000,"height":1000,"url":"https:\/\/eticoshop.it\/wp-content\/uploads\/2024\/06\/crema-solida-pink-moon-1000.png","type":"image\/png"}],"twitter_card":"summary_large_image","twitter_misc":{"Estimated reading time":"1 minute"},"schema":{"@context":"https:\/\/schema.org","@graph":[{"@type":"WebPage","@id":"https:\/\/eticoshop.it\/negozio\/cosmesi\/trattamenti-corpo\/crema-solida-pink-moon\/","url":"https:\/\/eticoshop.it\/negozio\/cosmesi\/trattamenti-corpo\/crema-solida-pink-moon\/","name":"Crema Solida - Pink Moon - \u00c8tico","isPartOf":{"@id":"https:\/\/eticoshop.it\/#website"},"primaryImageOfPage":{"@id":"https:\/\/eticoshop.it\/negozio\/cosmesi\/trattamenti-corpo\/crema-solida-pink-moon\/#primaryimage"},"image":{"@id":"https:\/\/eticoshop.it\/negozio\/cosmesi\/trattamenti-corpo\/crema-solida-pink-moon\/#primaryimage"},"thumbnailUrl":"https:\/\/eticoshop.it\/wp-content\/uploads\/2024\/06\/crema-solida-pink-moon-1000.png","datePublished":"2024-06-21T15:39:04+00:00","breadcrumb":{"@id":"https:\/\/eticoshop.it\/negozio\/cosmesi\/trattamenti-corpo\/crema-solida-pink-moon\/#breadcrumb"},"inLanguage":"en-GB","potentialAction":[{"@type":"ReadAction","target":["https:\/\/eticoshop.it\/negozio\/cosmesi\/trattamenti-corpo\/crema-solida-pink-moon\/"]}]},{"@type":"ImageObject","inLanguage":"en-GB","@id":"https:\/\/eticoshop.it\/negozio\/cosmesi\/trattamenti-corpo\/crema-solida-pink-moon\/#primaryimage","url":"https:\/\/eticoshop.it\/wp-content\/uploads\/2024\/06\/crema-solida-pink-moon-1000.png","contentUrl":"https:\/\/eticoshop.it\/wp-content\/uploads\/2024\/06\/crema-solida-pink-moon-1000.png","width":1000,"height":1000,"caption":"crema solida pink moon"},{"@type":"BreadcrumbList","@id":"https:\/\/eticoshop.it\/negozio\/cosmesi\/trattamenti-corpo\/crema-solida-pink-moon\/#breadcrumb","itemListElement":[{"@type":"ListItem","position":1,"name":"Home","item":"https:\/\/eticoshop.it\/"},{"@type":"ListItem","position":2,"name":"Shop","item":"https:\/\/eticoshop.it\/negozio\/"},{"@type":"ListItem","position":3,"name":"Cosmesi","item":"https:\/\/eticoshop.it\/categoria-prodotto\/cosmesi\/"},{"@type":"ListItem","position":4,"name":"Crema Solida &#8211; Pink Moon"}]},{"@type":"WebSite","@id":"https:\/\/eticoshop.it\/#website","url":"https:\/\/eticoshop.it\/","name":"\u00c8tico","description":"","publisher":{"@id":"https:\/\/eticoshop.it\/#organization"},"potentialAction":[{"@type":"SearchAction","target":{"@type":"EntryPoint","urlTemplate":"https:\/\/eticoshop.it\/?s={search_term_string}"},"query-input":{"@type":"PropertyValueSpecification","valueRequired":true,"valueName":"search_term_string"}}],"inLanguage":"en-GB"},{"@type":"Organization","@id":"https:\/\/eticoshop.it\/#organization","name":"\u00c8tico","url":"https:\/\/eticoshop.it\/","logo":{"@type":"ImageObject","inLanguage":"en-GB","@id":"https:\/\/eticoshop.it\/#\/schema\/logo\/image\/","url":"https:\/\/eticoshop.it\/wp-content\/uploads\/2023\/09\/logo-etico.svg","contentUrl":"https:\/\/eticoshop.it\/wp-content\/uploads\/2023\/09\/logo-etico.svg","width":973,"height":360,"caption":"\u00c8tico"},"image":{"@id":"https:\/\/eticoshop.it\/#\/schema\/logo\/image\/"}}]}},"_links":{"self":[{"href":"https:\/\/eticoshop.it\/en\/wp-json\/wp\/v2\/product\/8304","targetHints":{"allow":["GET"]}}],"collection":[{"href":"https:\/\/eticoshop.it\/en\/wp-json\/wp\/v2\/product"}],"about":[{"href":"https:\/\/eticoshop.it\/en\/wp-json\/wp\/v2\/types\/product"}],"wp:featuredmedia":[{"embeddable":true,"href":"https:\/\/eticoshop.it\/en\/wp-json\/wp\/v2\/media\/8306"}],"wp:attachment":[{"href":"https:\/\/eticoshop.it\/en\/wp-json\/wp\/v2\/media?parent=8304"}],"wp:term":[{"taxonomy":"product_brand","embeddable":true,"href":"https:\/\/eticoshop.it\/en\/wp-json\/wp\/v2\/product_brand?post=8304"},{"taxonomy":"product_cat","embeddable":true,"href":"https:\/\/eticoshop.it\/en\/wp-json\/wp\/v2\/product_cat?post=8304"},{"taxonomy":"product_tag","embeddable":true,"href":"https:\/\/eticoshop.it\/en\/wp-json\/wp\/v2\/product_tag?post=8304"}],"curies":[{"name":"wp","href":"https:\/\/api.w.org\/{rel}","templated":true}]}}