





















{"id":8308,"date":"2024-06-21T17:40:09","date_gmt":"2024-06-21T15:40:09","guid":{"rendered":"https:\/\/eticoshop.it\/?post_type=product&#038;p=8308"},"modified":"2024-06-21T17:40:09","modified_gmt":"2024-06-21T15:40:09","slug":"bio-crema-sorbetto-di-fiori-e-radici","status":"publish","type":"product","link":"https:\/\/eticoshop.it\/en\/negozio\/cosmesi\/trattamenti-corpo\/bio-crema-sorbetto-di-fiori-e-radici\/","title":{"rendered":"Bio Crema &#8211; Sorbetto di Fiori e Radici"},"content":{"rendered":"<p>La Bio Crema Corpo &#8220;Sorbetto di Fiori e Radici&#8221; idrata e riequilibra con estratti di zenzero e iris, offrendo freschezza e nutrimento per pelli assetate.<\/p>","protected":false},"excerpt":{"rendered":"<p>La Bio Crema Corpo &#8220;Sorbetto di Fiori e Radici&#8221; \u00e8 ideale per chi cerca un&#8217;esplosione di vitamine e freschezza per la pelle. Grazie alla sua formulazione ricca di ingredienti naturali, questa crema \u00e8 perfetta per pelli assetate di idratazione e freschezza. Contiene estratti di fiori, frutti e radici, super-idratanti ed emollienti naturali, che assicurano un effetto riequilibrante e nutriente. All&#8217;interno, la freschezza dello zenzero si combina con le propriet\u00e0 lenitive dell&#8217;iris, offrendo un vero momento di benessere per il corpo.<\/p>\n<p>Dopo la doccia o il bagno, applicare la crema su tutto il corpo massaggiando delicatamente fino a completo assorbimento. Grazie alla sua texture leggera e piacevole, si assorbe rapidamente, lasciando la pelle morbida, idratata e profumata. \u00c8 perfetta per l&#8217;uso quotidiano e indicata anche per pelli sensibili.<\/p>\n<p>La crema \u00e8 confezionata in un pratico vasetto da 180 ml, realizzato con materiali riciclabili. Dopo l&#8217;uso, \u00e8 importante differenziare il packaging correttamente: il vasetto \u00e8 in plastica (PP) e il tappo in plastica (PE). Per informazioni dettagliate sullo smaltimento, visitare la pagina del prodotto sul sito del produttore. La Saponaria si impegna a utilizzare imballaggi eco-sostenibili e a ridurre l&#8217;impatto ambientale, promuovendo uno stile di vita consapevole e rispettoso della natura.<\/p>","protected":false},"featured_media":8311,"template":"","meta":{"_acf_changed":false,"inline_featured_image":false},"product_brand":[],"product_cat":[29,170],"product_tag":[106,151,226,224,194,225,223,163],"class_list":{"0":"post-8308","1":"product","2":"type-product","3":"status-publish","4":"has-post-thumbnail","6":"product_cat-cosmesi","7":"product_cat-trattamenti-corpo","8":"product_tag-biologico","9":"product_tag-idratazione","10":"product_tag-leggera","11":"product_tag-lenitiva","12":"product_tag-pelli-sensibili","13":"product_tag-rigenerante","14":"product_tag-rinfrescante","15":"product_tag-trattamento-naturale","17":"first","18":"instock","19":"taxable","20":"shipping-taxable","21":"purchasable","22":"product-type-simple"},"acf":[],"yoast_head":"<!-- This site is optimized with the Yoast SEO plugin v27.5 - https:\/\/yoast.com\/product\/yoast-seo-wordpress\/ -->\n<title>Bio Crema - Sorbetto di Fiori e Radici - \u00c8tico<\/title>\n<meta name=\"robots\" content=\"index, follow, max-snippet:-1, max-image-preview:large, max-video-preview:-1\" \/>\n<link rel=\"canonical\" href=\"https:\/\/eticoshop.it\/en\/negozio\/cosmesi\/trattamenti-corpo\/bio-crema-sorbetto-di-fiori-e-radici\/\" \/>\n<meta property=\"og:locale\" content=\"en_GB\" \/>\n<meta property=\"og:type\" content=\"article\" \/>\n<meta property=\"og:title\" content=\"Bio Crema - Sorbetto di Fiori e Radici - \u00c8tico\" \/>\n<meta property=\"og:description\" content=\"La Bio Crema Corpo &quot;Sorbetto di Fiori e Radici&quot; \u00e8 ideale per chi cerca un&#039;esplosione di vitamine e freschezza per la pelle. Grazie alla sua formulazione ricca di ingredienti naturali, questa crema \u00e8 perfetta per pelli assetate di idratazione e freschezza. Contiene estratti di fiori, frutti e radici, super-idratanti ed emollienti naturali, che assicurano un effetto riequilibrante e nutriente. All&#039;interno, la freschezza dello zenzero si combina con le propriet\u00e0 lenitive dell&#039;iris, offrendo un vero momento di benessere per il corpo.  Dopo la doccia o il bagno, applicare la crema su tutto il corpo massaggiando delicatamente fino a completo assorbimento. Grazie alla sua texture leggera e piacevole, si assorbe rapidamente, lasciando la pelle morbida, idratata e profumata. \u00c8 perfetta per l&#039;uso quotidiano e indicata anche per pelli sensibili.  La crema \u00e8 confezionata in un pratico vasetto da 180 ml, realizzato con materiali riciclabili. Dopo l&#039;uso, \u00e8 importante differenziare il packaging correttamente: il vasetto \u00e8 in plastica (PP) e il tappo in plastica (PE). Per informazioni dettagliate sullo smaltimento, visitare la pagina del prodotto sul sito del produttore. La Saponaria si impegna a utilizzare imballaggi eco-sostenibili e a ridurre l&#039;impatto ambientale, promuovendo uno stile di vita consapevole e rispettoso della natura.\" \/>\n<meta property=\"og:url\" content=\"https:\/\/eticoshop.it\/en\/negozio\/cosmesi\/trattamenti-corpo\/bio-crema-sorbetto-di-fiori-e-radici\/\" \/>\n<meta property=\"og:site_name\" content=\"\u00c8tico\" \/>\n<meta property=\"og:image\" content=\"https:\/\/eticoshop.it\/wp-content\/uploads\/2024\/06\/bio-crema-sorbetto-copia.png\" \/>\n\t<meta property=\"og:image:width\" content=\"2000\" \/>\n\t<meta property=\"og:image:height\" content=\"2000\" \/>\n\t<meta property=\"og:image:type\" content=\"image\/png\" \/>\n<meta name=\"twitter:card\" content=\"summary_large_image\" \/>\n<meta name=\"twitter:label1\" content=\"Estimated reading time\" \/>\n\t<meta name=\"twitter:data1\" content=\"1 minute\" \/>\n<script type=\"application\/ld+json\" class=\"yoast-schema-graph\">{\"@context\":\"https:\\\/\\\/schema.org\",\"@graph\":[{\"@type\":\"WebPage\",\"@id\":\"https:\\\/\\\/eticoshop.it\\\/negozio\\\/cosmesi\\\/trattamenti-corpo\\\/bio-crema-sorbetto-di-fiori-e-radici\\\/\",\"url\":\"https:\\\/\\\/eticoshop.it\\\/negozio\\\/cosmesi\\\/trattamenti-corpo\\\/bio-crema-sorbetto-di-fiori-e-radici\\\/\",\"name\":\"Bio Crema - Sorbetto di Fiori e Radici - \u00c8tico\",\"isPartOf\":{\"@id\":\"https:\\\/\\\/eticoshop.it\\\/#website\"},\"primaryImageOfPage\":{\"@id\":\"https:\\\/\\\/eticoshop.it\\\/negozio\\\/cosmesi\\\/trattamenti-corpo\\\/bio-crema-sorbetto-di-fiori-e-radici\\\/#primaryimage\"},\"image\":{\"@id\":\"https:\\\/\\\/eticoshop.it\\\/negozio\\\/cosmesi\\\/trattamenti-corpo\\\/bio-crema-sorbetto-di-fiori-e-radici\\\/#primaryimage\"},\"thumbnailUrl\":\"https:\\\/\\\/eticoshop.it\\\/wp-content\\\/uploads\\\/2024\\\/06\\\/bio-crema-sorbetto-copia.png\",\"datePublished\":\"2024-06-21T15:40:09+00:00\",\"breadcrumb\":{\"@id\":\"https:\\\/\\\/eticoshop.it\\\/negozio\\\/cosmesi\\\/trattamenti-corpo\\\/bio-crema-sorbetto-di-fiori-e-radici\\\/#breadcrumb\"},\"inLanguage\":\"en-GB\",\"potentialAction\":[{\"@type\":\"ReadAction\",\"target\":[\"https:\\\/\\\/eticoshop.it\\\/negozio\\\/cosmesi\\\/trattamenti-corpo\\\/bio-crema-sorbetto-di-fiori-e-radici\\\/\"]}]},{\"@type\":\"ImageObject\",\"inLanguage\":\"en-GB\",\"@id\":\"https:\\\/\\\/eticoshop.it\\\/negozio\\\/cosmesi\\\/trattamenti-corpo\\\/bio-crema-sorbetto-di-fiori-e-radici\\\/#primaryimage\",\"url\":\"https:\\\/\\\/eticoshop.it\\\/wp-content\\\/uploads\\\/2024\\\/06\\\/bio-crema-sorbetto-copia.png\",\"contentUrl\":\"https:\\\/\\\/eticoshop.it\\\/wp-content\\\/uploads\\\/2024\\\/06\\\/bio-crema-sorbetto-copia.png\",\"width\":2000,\"height\":2000,\"caption\":\"bi crema sorbetto\"},{\"@type\":\"BreadcrumbList\",\"@id\":\"https:\\\/\\\/eticoshop.it\\\/negozio\\\/cosmesi\\\/trattamenti-corpo\\\/bio-crema-sorbetto-di-fiori-e-radici\\\/#breadcrumb\",\"itemListElement\":[{\"@type\":\"ListItem\",\"position\":1,\"name\":\"Home\",\"item\":\"https:\\\/\\\/eticoshop.it\\\/\"},{\"@type\":\"ListItem\",\"position\":2,\"name\":\"Shop\",\"item\":\"https:\\\/\\\/eticoshop.it\\\/negozio\\\/\"},{\"@type\":\"ListItem\",\"position\":3,\"name\":\"Cosmesi\",\"item\":\"https:\\\/\\\/eticoshop.it\\\/categoria-prodotto\\\/cosmesi\\\/\"},{\"@type\":\"ListItem\",\"position\":4,\"name\":\"Bio Crema &#8211; Sorbetto di Fiori e Radici\"}]},{\"@type\":\"WebSite\",\"@id\":\"https:\\\/\\\/eticoshop.it\\\/#website\",\"url\":\"https:\\\/\\\/eticoshop.it\\\/\",\"name\":\"\u00c8tico\",\"description\":\"\",\"publisher\":{\"@id\":\"https:\\\/\\\/eticoshop.it\\\/#organization\"},\"potentialAction\":[{\"@type\":\"SearchAction\",\"target\":{\"@type\":\"EntryPoint\",\"urlTemplate\":\"https:\\\/\\\/eticoshop.it\\\/?s={search_term_string}\"},\"query-input\":{\"@type\":\"PropertyValueSpecification\",\"valueRequired\":true,\"valueName\":\"search_term_string\"}}],\"inLanguage\":\"en-GB\"},{\"@type\":\"Organization\",\"@id\":\"https:\\\/\\\/eticoshop.it\\\/#organization\",\"name\":\"\u00c8tico\",\"url\":\"https:\\\/\\\/eticoshop.it\\\/\",\"logo\":{\"@type\":\"ImageObject\",\"inLanguage\":\"en-GB\",\"@id\":\"https:\\\/\\\/eticoshop.it\\\/#\\\/schema\\\/logo\\\/image\\\/\",\"url\":\"https:\\\/\\\/eticoshop.it\\\/wp-content\\\/uploads\\\/2023\\\/09\\\/logo-etico.svg\",\"contentUrl\":\"https:\\\/\\\/eticoshop.it\\\/wp-content\\\/uploads\\\/2023\\\/09\\\/logo-etico.svg\",\"width\":973,\"height\":360,\"caption\":\"\u00c8tico\"},\"image\":{\"@id\":\"https:\\\/\\\/eticoshop.it\\\/#\\\/schema\\\/logo\\\/image\\\/\"}}]}<\/script>\n<!-- \/ Yoast SEO plugin. -->","yoast_head_json":{"title":"Bio Crema - Sorbetto di Fiori e Radici - \u00c8tico","robots":{"index":"index","follow":"follow","max-snippet":"max-snippet:-1","max-image-preview":"max-image-preview:large","max-video-preview":"max-video-preview:-1"},"canonical":"https:\/\/eticoshop.it\/en\/negozio\/cosmesi\/trattamenti-corpo\/bio-crema-sorbetto-di-fiori-e-radici\/","og_locale":"en_GB","og_type":"article","og_title":"Bio Crema - Sorbetto di Fiori e Radici - \u00c8tico","og_description":"La Bio Crema Corpo \"Sorbetto di Fiori e Radici\" \u00e8 ideale per chi cerca un'esplosione di vitamine e freschezza per la pelle. Grazie alla sua formulazione ricca di ingredienti naturali, questa crema \u00e8 perfetta per pelli assetate di idratazione e freschezza. Contiene estratti di fiori, frutti e radici, super-idratanti ed emollienti naturali, che assicurano un effetto riequilibrante e nutriente. All'interno, la freschezza dello zenzero si combina con le propriet\u00e0 lenitive dell'iris, offrendo un vero momento di benessere per il corpo.  Dopo la doccia o il bagno, applicare la crema su tutto il corpo massaggiando delicatamente fino a completo assorbimento. Grazie alla sua texture leggera e piacevole, si assorbe rapidamente, lasciando la pelle morbida, idratata e profumata. \u00c8 perfetta per l'uso quotidiano e indicata anche per pelli sensibili.  La crema \u00e8 confezionata in un pratico vasetto da 180 ml, realizzato con materiali riciclabili. Dopo l'uso, \u00e8 importante differenziare il packaging correttamente: il vasetto \u00e8 in plastica (PP) e il tappo in plastica (PE). Per informazioni dettagliate sullo smaltimento, visitare la pagina del prodotto sul sito del produttore. La Saponaria si impegna a utilizzare imballaggi eco-sostenibili e a ridurre l'impatto ambientale, promuovendo uno stile di vita consapevole e rispettoso della natura.","og_url":"https:\/\/eticoshop.it\/en\/negozio\/cosmesi\/trattamenti-corpo\/bio-crema-sorbetto-di-fiori-e-radici\/","og_site_name":"\u00c8tico","og_image":[{"width":2000,"height":2000,"url":"https:\/\/eticoshop.it\/wp-content\/uploads\/2024\/06\/bio-crema-sorbetto-copia.png","type":"image\/png"}],"twitter_card":"summary_large_image","twitter_misc":{"Estimated reading time":"1 minute"},"schema":{"@context":"https:\/\/schema.org","@graph":[{"@type":"WebPage","@id":"https:\/\/eticoshop.it\/negozio\/cosmesi\/trattamenti-corpo\/bio-crema-sorbetto-di-fiori-e-radici\/","url":"https:\/\/eticoshop.it\/negozio\/cosmesi\/trattamenti-corpo\/bio-crema-sorbetto-di-fiori-e-radici\/","name":"Bio Crema - Sorbetto di Fiori e Radici - \u00c8tico","isPartOf":{"@id":"https:\/\/eticoshop.it\/#website"},"primaryImageOfPage":{"@id":"https:\/\/eticoshop.it\/negozio\/cosmesi\/trattamenti-corpo\/bio-crema-sorbetto-di-fiori-e-radici\/#primaryimage"},"image":{"@id":"https:\/\/eticoshop.it\/negozio\/cosmesi\/trattamenti-corpo\/bio-crema-sorbetto-di-fiori-e-radici\/#primaryimage"},"thumbnailUrl":"https:\/\/eticoshop.it\/wp-content\/uploads\/2024\/06\/bio-crema-sorbetto-copia.png","datePublished":"2024-06-21T15:40:09+00:00","breadcrumb":{"@id":"https:\/\/eticoshop.it\/negozio\/cosmesi\/trattamenti-corpo\/bio-crema-sorbetto-di-fiori-e-radici\/#breadcrumb"},"inLanguage":"en-GB","potentialAction":[{"@type":"ReadAction","target":["https:\/\/eticoshop.it\/negozio\/cosmesi\/trattamenti-corpo\/bio-crema-sorbetto-di-fiori-e-radici\/"]}]},{"@type":"ImageObject","inLanguage":"en-GB","@id":"https:\/\/eticoshop.it\/negozio\/cosmesi\/trattamenti-corpo\/bio-crema-sorbetto-di-fiori-e-radici\/#primaryimage","url":"https:\/\/eticoshop.it\/wp-content\/uploads\/2024\/06\/bio-crema-sorbetto-copia.png","contentUrl":"https:\/\/eticoshop.it\/wp-content\/uploads\/2024\/06\/bio-crema-sorbetto-copia.png","width":2000,"height":2000,"caption":"bi crema sorbetto"},{"@type":"BreadcrumbList","@id":"https:\/\/eticoshop.it\/negozio\/cosmesi\/trattamenti-corpo\/bio-crema-sorbetto-di-fiori-e-radici\/#breadcrumb","itemListElement":[{"@type":"ListItem","position":1,"name":"Home","item":"https:\/\/eticoshop.it\/"},{"@type":"ListItem","position":2,"name":"Shop","item":"https:\/\/eticoshop.it\/negozio\/"},{"@type":"ListItem","position":3,"name":"Cosmesi","item":"https:\/\/eticoshop.it\/categoria-prodotto\/cosmesi\/"},{"@type":"ListItem","position":4,"name":"Bio Crema &#8211; Sorbetto di Fiori e Radici"}]},{"@type":"WebSite","@id":"https:\/\/eticoshop.it\/#website","url":"https:\/\/eticoshop.it\/","name":"\u00c8tico","description":"","publisher":{"@id":"https:\/\/eticoshop.it\/#organization"},"potentialAction":[{"@type":"SearchAction","target":{"@type":"EntryPoint","urlTemplate":"https:\/\/eticoshop.it\/?s={search_term_string}"},"query-input":{"@type":"PropertyValueSpecification","valueRequired":true,"valueName":"search_term_string"}}],"inLanguage":"en-GB"},{"@type":"Organization","@id":"https:\/\/eticoshop.it\/#organization","name":"\u00c8tico","url":"https:\/\/eticoshop.it\/","logo":{"@type":"ImageObject","inLanguage":"en-GB","@id":"https:\/\/eticoshop.it\/#\/schema\/logo\/image\/","url":"https:\/\/eticoshop.it\/wp-content\/uploads\/2023\/09\/logo-etico.svg","contentUrl":"https:\/\/eticoshop.it\/wp-content\/uploads\/2023\/09\/logo-etico.svg","width":973,"height":360,"caption":"\u00c8tico"},"image":{"@id":"https:\/\/eticoshop.it\/#\/schema\/logo\/image\/"}}]}},"_links":{"self":[{"href":"https:\/\/eticoshop.it\/en\/wp-json\/wp\/v2\/product\/8308","targetHints":{"allow":["GET"]}}],"collection":[{"href":"https:\/\/eticoshop.it\/en\/wp-json\/wp\/v2\/product"}],"about":[{"href":"https:\/\/eticoshop.it\/en\/wp-json\/wp\/v2\/types\/product"}],"wp:featuredmedia":[{"embeddable":true,"href":"https:\/\/eticoshop.it\/en\/wp-json\/wp\/v2\/media\/8311"}],"wp:attachment":[{"href":"https:\/\/eticoshop.it\/en\/wp-json\/wp\/v2\/media?parent=8308"}],"wp:term":[{"taxonomy":"product_brand","embeddable":true,"href":"https:\/\/eticoshop.it\/en\/wp-json\/wp\/v2\/product_brand?post=8308"},{"taxonomy":"product_cat","embeddable":true,"href":"https:\/\/eticoshop.it\/en\/wp-json\/wp\/v2\/product_cat?post=8308"},{"taxonomy":"product_tag","embeddable":true,"href":"https:\/\/eticoshop.it\/en\/wp-json\/wp\/v2\/product_tag?post=8308"}],"curies":[{"name":"wp","href":"https:\/\/api.w.org\/{rel}","templated":true}]}}