





















{"id":8312,"date":"2024-06-21T17:40:38","date_gmt":"2024-06-21T15:40:38","guid":{"rendered":"https:\/\/eticoshop.it\/?post_type=product&#038;p=8312"},"modified":"2024-06-21T17:40:38","modified_gmt":"2024-06-21T15:40:38","slug":"bio-crema-soffice-di-karite","status":"publish","type":"product","link":"https:\/\/eticoshop.it\/en\/negozio\/cosmesi\/trattamenti-corpo\/bio-crema-soffice-di-karite\/","title":{"rendered":"Bio Crema &#8211; Soffice di Karit\u00e9"},"content":{"rendered":"<p>La Bio Crema Corpo Extra Nutriente &#8220;Soffice di Karit\u00e8&#8221; nutre e idrata intensamente la pelle secca con burro di karit\u00e9, olio di carota e vaniglia.<\/p>","protected":false},"excerpt":{"rendered":"<p>La Bio Crema Corpo Extra Nutriente &#8220;Soffice di Karit\u00e8&#8221; \u00e8 perfetta per chi cerca una coccola intensa e nutriente per la propria pelle, soprattutto secca ed esigente. Realizzata con ingredienti biologici e naturali, questa crema combina le propriet\u00e0 idratanti del burro di karit\u00e9 con quelle nutrienti dell&#8217;olio di carota e della vaniglia, offrendo un vero e proprio dessert per la pelle. La sua texture cremosa e avvolgente \u00e8 ideale per chi desidera una pelle morbida, elastica e profondamente idratata.<\/p>\n<p>Applicare la crema su tutto il corpo dopo la doccia o il bagno, massaggiando delicatamente fino a completo assorbimento. Per un&#8217;azione ancora pi\u00f9 efficace, si consiglia di utilizzare la crema quotidianamente, soprattutto nelle aree pi\u00f9 secche e bisognose di maggiore idratazione, come gomiti, ginocchia e talloni. La sua fragranza dolce e avvolgente render\u00e0 ogni applicazione un momento di puro benessere.<\/p>\n<p>Il prodotto \u00e8 confezionato in un pratico barattolo da 180 ml, realizzato con materiali riciclabili. Dopo l&#8217;uso, assicurarsi di smaltire correttamente la confezione seguendo le indicazioni di raccolta differenziata del proprio comune. Per ulteriori informazioni sullo smaltimento, \u00e8 possibile consultare la pagina dedicata sul sito del produttore.<\/p>","protected":false},"featured_media":8315,"template":"","meta":{"_acf_changed":false,"inline_featured_image":false},"product_brand":[],"product_cat":[29,170],"product_tag":[106,151,163],"class_list":{"0":"post-8312","1":"product","2":"type-product","3":"status-publish","4":"has-post-thumbnail","6":"product_cat-cosmesi","7":"product_cat-trattamenti-corpo","8":"product_tag-biologico","9":"product_tag-idratazione","10":"product_tag-trattamento-naturale","12":"first","13":"instock","14":"taxable","15":"shipping-taxable","16":"purchasable","17":"product-type-simple"},"acf":[],"yoast_head":"<!-- This site is optimized with the Yoast SEO plugin v27.4 - https:\/\/yoast.com\/product\/yoast-seo-wordpress\/ -->\n<title>Bio Crema - Soffice di Karit\u00e9 - \u00c8tico<\/title>\n<meta name=\"robots\" content=\"index, follow, max-snippet:-1, max-image-preview:large, max-video-preview:-1\" \/>\n<link rel=\"canonical\" href=\"https:\/\/eticoshop.it\/en\/negozio\/cosmesi\/trattamenti-corpo\/bio-crema-soffice-di-karite\/\" \/>\n<meta property=\"og:locale\" content=\"en_GB\" \/>\n<meta property=\"og:type\" content=\"article\" \/>\n<meta property=\"og:title\" content=\"Bio Crema - Soffice di Karit\u00e9 - \u00c8tico\" \/>\n<meta property=\"og:description\" content=\"La Bio Crema Corpo Extra Nutriente &quot;Soffice di Karit\u00e8&quot; \u00e8 perfetta per chi cerca una coccola intensa e nutriente per la propria pelle, soprattutto secca ed esigente. Realizzata con ingredienti biologici e naturali, questa crema combina le propriet\u00e0 idratanti del burro di karit\u00e9 con quelle nutrienti dell&#039;olio di carota e della vaniglia, offrendo un vero e proprio dessert per la pelle. La sua texture cremosa e avvolgente \u00e8 ideale per chi desidera una pelle morbida, elastica e profondamente idratata.  Applicare la crema su tutto il corpo dopo la doccia o il bagno, massaggiando delicatamente fino a completo assorbimento. Per un&#039;azione ancora pi\u00f9 efficace, si consiglia di utilizzare la crema quotidianamente, soprattutto nelle aree pi\u00f9 secche e bisognose di maggiore idratazione, come gomiti, ginocchia e talloni. La sua fragranza dolce e avvolgente render\u00e0 ogni applicazione un momento di puro benessere.  Il prodotto \u00e8 confezionato in un pratico barattolo da 180 ml, realizzato con materiali riciclabili. Dopo l&#039;uso, assicurarsi di smaltire correttamente la confezione seguendo le indicazioni di raccolta differenziata del proprio comune. Per ulteriori informazioni sullo smaltimento, \u00e8 possibile consultare la pagina dedicata sul sito del produttore.\" \/>\n<meta property=\"og:url\" content=\"https:\/\/eticoshop.it\/en\/negozio\/cosmesi\/trattamenti-corpo\/bio-crema-soffice-di-karite\/\" \/>\n<meta property=\"og:site_name\" content=\"\u00c8tico\" \/>\n<meta property=\"og:image\" content=\"https:\/\/eticoshop.it\/wp-content\/uploads\/2024\/06\/bio-crema-soffice-di-karite-1000.png\" \/>\n\t<meta property=\"og:image:width\" content=\"1000\" \/>\n\t<meta property=\"og:image:height\" content=\"1000\" \/>\n\t<meta property=\"og:image:type\" content=\"image\/png\" \/>\n<meta name=\"twitter:card\" content=\"summary_large_image\" \/>\n<meta name=\"twitter:label1\" content=\"Estimated reading time\" \/>\n\t<meta name=\"twitter:data1\" content=\"1 minute\" \/>\n<script type=\"application\/ld+json\" class=\"yoast-schema-graph\">{\"@context\":\"https:\\\/\\\/schema.org\",\"@graph\":[{\"@type\":\"WebPage\",\"@id\":\"https:\\\/\\\/eticoshop.it\\\/negozio\\\/cosmesi\\\/trattamenti-corpo\\\/bio-crema-soffice-di-karite\\\/\",\"url\":\"https:\\\/\\\/eticoshop.it\\\/negozio\\\/cosmesi\\\/trattamenti-corpo\\\/bio-crema-soffice-di-karite\\\/\",\"name\":\"Bio Crema - Soffice di Karit\u00e9 - \u00c8tico\",\"isPartOf\":{\"@id\":\"https:\\\/\\\/eticoshop.it\\\/#website\"},\"primaryImageOfPage\":{\"@id\":\"https:\\\/\\\/eticoshop.it\\\/negozio\\\/cosmesi\\\/trattamenti-corpo\\\/bio-crema-soffice-di-karite\\\/#primaryimage\"},\"image\":{\"@id\":\"https:\\\/\\\/eticoshop.it\\\/negozio\\\/cosmesi\\\/trattamenti-corpo\\\/bio-crema-soffice-di-karite\\\/#primaryimage\"},\"thumbnailUrl\":\"https:\\\/\\\/eticoshop.it\\\/wp-content\\\/uploads\\\/2024\\\/06\\\/bio-crema-soffice-di-karite-1000.png\",\"datePublished\":\"2024-06-21T15:40:38+00:00\",\"breadcrumb\":{\"@id\":\"https:\\\/\\\/eticoshop.it\\\/negozio\\\/cosmesi\\\/trattamenti-corpo\\\/bio-crema-soffice-di-karite\\\/#breadcrumb\"},\"inLanguage\":\"en-GB\",\"potentialAction\":[{\"@type\":\"ReadAction\",\"target\":[\"https:\\\/\\\/eticoshop.it\\\/negozio\\\/cosmesi\\\/trattamenti-corpo\\\/bio-crema-soffice-di-karite\\\/\"]}]},{\"@type\":\"ImageObject\",\"inLanguage\":\"en-GB\",\"@id\":\"https:\\\/\\\/eticoshop.it\\\/negozio\\\/cosmesi\\\/trattamenti-corpo\\\/bio-crema-soffice-di-karite\\\/#primaryimage\",\"url\":\"https:\\\/\\\/eticoshop.it\\\/wp-content\\\/uploads\\\/2024\\\/06\\\/bio-crema-soffice-di-karite-1000.png\",\"contentUrl\":\"https:\\\/\\\/eticoshop.it\\\/wp-content\\\/uploads\\\/2024\\\/06\\\/bio-crema-soffice-di-karite-1000.png\",\"width\":1000,\"height\":1000},{\"@type\":\"BreadcrumbList\",\"@id\":\"https:\\\/\\\/eticoshop.it\\\/negozio\\\/cosmesi\\\/trattamenti-corpo\\\/bio-crema-soffice-di-karite\\\/#breadcrumb\",\"itemListElement\":[{\"@type\":\"ListItem\",\"position\":1,\"name\":\"Home\",\"item\":\"https:\\\/\\\/eticoshop.it\\\/\"},{\"@type\":\"ListItem\",\"position\":2,\"name\":\"Shop\",\"item\":\"https:\\\/\\\/eticoshop.it\\\/negozio\\\/\"},{\"@type\":\"ListItem\",\"position\":3,\"name\":\"Cosmesi\",\"item\":\"https:\\\/\\\/eticoshop.it\\\/categoria-prodotto\\\/cosmesi\\\/\"},{\"@type\":\"ListItem\",\"position\":4,\"name\":\"Bio Crema &#8211; Soffice di Karit\u00e9\"}]},{\"@type\":\"WebSite\",\"@id\":\"https:\\\/\\\/eticoshop.it\\\/#website\",\"url\":\"https:\\\/\\\/eticoshop.it\\\/\",\"name\":\"\u00c8tico\",\"description\":\"\",\"publisher\":{\"@id\":\"https:\\\/\\\/eticoshop.it\\\/#organization\"},\"potentialAction\":[{\"@type\":\"SearchAction\",\"target\":{\"@type\":\"EntryPoint\",\"urlTemplate\":\"https:\\\/\\\/eticoshop.it\\\/?s={search_term_string}\"},\"query-input\":{\"@type\":\"PropertyValueSpecification\",\"valueRequired\":true,\"valueName\":\"search_term_string\"}}],\"inLanguage\":\"en-GB\"},{\"@type\":\"Organization\",\"@id\":\"https:\\\/\\\/eticoshop.it\\\/#organization\",\"name\":\"\u00c8tico\",\"url\":\"https:\\\/\\\/eticoshop.it\\\/\",\"logo\":{\"@type\":\"ImageObject\",\"inLanguage\":\"en-GB\",\"@id\":\"https:\\\/\\\/eticoshop.it\\\/#\\\/schema\\\/logo\\\/image\\\/\",\"url\":\"https:\\\/\\\/eticoshop.it\\\/wp-content\\\/uploads\\\/2023\\\/09\\\/logo-etico.svg\",\"contentUrl\":\"https:\\\/\\\/eticoshop.it\\\/wp-content\\\/uploads\\\/2023\\\/09\\\/logo-etico.svg\",\"width\":973,\"height\":360,\"caption\":\"\u00c8tico\"},\"image\":{\"@id\":\"https:\\\/\\\/eticoshop.it\\\/#\\\/schema\\\/logo\\\/image\\\/\"}}]}<\/script>\n<!-- \/ Yoast SEO plugin. -->","yoast_head_json":{"title":"Bio Crema - Soffice di Karit\u00e9 - \u00c8tico","robots":{"index":"index","follow":"follow","max-snippet":"max-snippet:-1","max-image-preview":"max-image-preview:large","max-video-preview":"max-video-preview:-1"},"canonical":"https:\/\/eticoshop.it\/en\/negozio\/cosmesi\/trattamenti-corpo\/bio-crema-soffice-di-karite\/","og_locale":"en_GB","og_type":"article","og_title":"Bio Crema - Soffice di Karit\u00e9 - \u00c8tico","og_description":"La Bio Crema Corpo Extra Nutriente \"Soffice di Karit\u00e8\" \u00e8 perfetta per chi cerca una coccola intensa e nutriente per la propria pelle, soprattutto secca ed esigente. Realizzata con ingredienti biologici e naturali, questa crema combina le propriet\u00e0 idratanti del burro di karit\u00e9 con quelle nutrienti dell'olio di carota e della vaniglia, offrendo un vero e proprio dessert per la pelle. La sua texture cremosa e avvolgente \u00e8 ideale per chi desidera una pelle morbida, elastica e profondamente idratata.  Applicare la crema su tutto il corpo dopo la doccia o il bagno, massaggiando delicatamente fino a completo assorbimento. Per un'azione ancora pi\u00f9 efficace, si consiglia di utilizzare la crema quotidianamente, soprattutto nelle aree pi\u00f9 secche e bisognose di maggiore idratazione, come gomiti, ginocchia e talloni. La sua fragranza dolce e avvolgente render\u00e0 ogni applicazione un momento di puro benessere.  Il prodotto \u00e8 confezionato in un pratico barattolo da 180 ml, realizzato con materiali riciclabili. Dopo l'uso, assicurarsi di smaltire correttamente la confezione seguendo le indicazioni di raccolta differenziata del proprio comune. Per ulteriori informazioni sullo smaltimento, \u00e8 possibile consultare la pagina dedicata sul sito del produttore.","og_url":"https:\/\/eticoshop.it\/en\/negozio\/cosmesi\/trattamenti-corpo\/bio-crema-soffice-di-karite\/","og_site_name":"\u00c8tico","og_image":[{"width":1000,"height":1000,"url":"https:\/\/eticoshop.it\/wp-content\/uploads\/2024\/06\/bio-crema-soffice-di-karite-1000.png","type":"image\/png"}],"twitter_card":"summary_large_image","twitter_misc":{"Estimated reading time":"1 minute"},"schema":{"@context":"https:\/\/schema.org","@graph":[{"@type":"WebPage","@id":"https:\/\/eticoshop.it\/negozio\/cosmesi\/trattamenti-corpo\/bio-crema-soffice-di-karite\/","url":"https:\/\/eticoshop.it\/negozio\/cosmesi\/trattamenti-corpo\/bio-crema-soffice-di-karite\/","name":"Bio Crema - Soffice di Karit\u00e9 - \u00c8tico","isPartOf":{"@id":"https:\/\/eticoshop.it\/#website"},"primaryImageOfPage":{"@id":"https:\/\/eticoshop.it\/negozio\/cosmesi\/trattamenti-corpo\/bio-crema-soffice-di-karite\/#primaryimage"},"image":{"@id":"https:\/\/eticoshop.it\/negozio\/cosmesi\/trattamenti-corpo\/bio-crema-soffice-di-karite\/#primaryimage"},"thumbnailUrl":"https:\/\/eticoshop.it\/wp-content\/uploads\/2024\/06\/bio-crema-soffice-di-karite-1000.png","datePublished":"2024-06-21T15:40:38+00:00","breadcrumb":{"@id":"https:\/\/eticoshop.it\/negozio\/cosmesi\/trattamenti-corpo\/bio-crema-soffice-di-karite\/#breadcrumb"},"inLanguage":"en-GB","potentialAction":[{"@type":"ReadAction","target":["https:\/\/eticoshop.it\/negozio\/cosmesi\/trattamenti-corpo\/bio-crema-soffice-di-karite\/"]}]},{"@type":"ImageObject","inLanguage":"en-GB","@id":"https:\/\/eticoshop.it\/negozio\/cosmesi\/trattamenti-corpo\/bio-crema-soffice-di-karite\/#primaryimage","url":"https:\/\/eticoshop.it\/wp-content\/uploads\/2024\/06\/bio-crema-soffice-di-karite-1000.png","contentUrl":"https:\/\/eticoshop.it\/wp-content\/uploads\/2024\/06\/bio-crema-soffice-di-karite-1000.png","width":1000,"height":1000},{"@type":"BreadcrumbList","@id":"https:\/\/eticoshop.it\/negozio\/cosmesi\/trattamenti-corpo\/bio-crema-soffice-di-karite\/#breadcrumb","itemListElement":[{"@type":"ListItem","position":1,"name":"Home","item":"https:\/\/eticoshop.it\/"},{"@type":"ListItem","position":2,"name":"Shop","item":"https:\/\/eticoshop.it\/negozio\/"},{"@type":"ListItem","position":3,"name":"Cosmesi","item":"https:\/\/eticoshop.it\/categoria-prodotto\/cosmesi\/"},{"@type":"ListItem","position":4,"name":"Bio Crema &#8211; Soffice di Karit\u00e9"}]},{"@type":"WebSite","@id":"https:\/\/eticoshop.it\/#website","url":"https:\/\/eticoshop.it\/","name":"\u00c8tico","description":"","publisher":{"@id":"https:\/\/eticoshop.it\/#organization"},"potentialAction":[{"@type":"SearchAction","target":{"@type":"EntryPoint","urlTemplate":"https:\/\/eticoshop.it\/?s={search_term_string}"},"query-input":{"@type":"PropertyValueSpecification","valueRequired":true,"valueName":"search_term_string"}}],"inLanguage":"en-GB"},{"@type":"Organization","@id":"https:\/\/eticoshop.it\/#organization","name":"\u00c8tico","url":"https:\/\/eticoshop.it\/","logo":{"@type":"ImageObject","inLanguage":"en-GB","@id":"https:\/\/eticoshop.it\/#\/schema\/logo\/image\/","url":"https:\/\/eticoshop.it\/wp-content\/uploads\/2023\/09\/logo-etico.svg","contentUrl":"https:\/\/eticoshop.it\/wp-content\/uploads\/2023\/09\/logo-etico.svg","width":973,"height":360,"caption":"\u00c8tico"},"image":{"@id":"https:\/\/eticoshop.it\/#\/schema\/logo\/image\/"}}]}},"_links":{"self":[{"href":"https:\/\/eticoshop.it\/en\/wp-json\/wp\/v2\/product\/8312","targetHints":{"allow":["GET"]}}],"collection":[{"href":"https:\/\/eticoshop.it\/en\/wp-json\/wp\/v2\/product"}],"about":[{"href":"https:\/\/eticoshop.it\/en\/wp-json\/wp\/v2\/types\/product"}],"wp:featuredmedia":[{"embeddable":true,"href":"https:\/\/eticoshop.it\/en\/wp-json\/wp\/v2\/media\/8315"}],"wp:attachment":[{"href":"https:\/\/eticoshop.it\/en\/wp-json\/wp\/v2\/media?parent=8312"}],"wp:term":[{"taxonomy":"product_brand","embeddable":true,"href":"https:\/\/eticoshop.it\/en\/wp-json\/wp\/v2\/product_brand?post=8312"},{"taxonomy":"product_cat","embeddable":true,"href":"https:\/\/eticoshop.it\/en\/wp-json\/wp\/v2\/product_cat?post=8312"},{"taxonomy":"product_tag","embeddable":true,"href":"https:\/\/eticoshop.it\/en\/wp-json\/wp\/v2\/product_tag?post=8312"}],"curies":[{"name":"wp","href":"https:\/\/api.w.org\/{rel}","templated":true}]}}