





















{"id":8316,"date":"2024-06-21T17:38:28","date_gmt":"2024-06-21T15:38:28","guid":{"rendered":"https:\/\/eticoshop.it\/?post_type=product&#038;p=8316"},"modified":"2024-06-21T17:38:28","modified_gmt":"2024-06-21T15:38:28","slug":"latte-struccante-melissa","status":"publish","type":"product","link":"https:\/\/eticoshop.it\/en\/negozio\/cosmesi\/trattamenti-skincare\/latte-struccante-melissa\/","title":{"rendered":"Latte Struccante &#8211; Melissa"},"content":{"rendered":"<p>Il Latte Struccante Melissa rimuove delicatamente trucco e impurit\u00e0, lasciando la pelle pulita, fresca e idratata, grazie a melissa calmante e riso venere antiossidante.<\/p>","protected":false},"excerpt":{"rendered":"<p>Il Latte Struccante Melissa \u00e8 perfetto per chi cerca un prodotto efficace e delicato per rimuovere trucco e impurit\u00e0 senza dover risciacquare. Formulato con estratto di melissa, dalle propriet\u00e0 calmanti, e riso venere, ricco di antiossidanti, lascia la pelle pulita, fresca e idratata. \u00c8 ideale per tutti i tipi di pelle, anche le pi\u00f9 sensibili, grazie alla sua composizione naturale e dermocompatibile.<\/p>\n<p>Massaggia una piccola quantit\u00e0 di latte struccante su viso e occhi con un batuffolo di cotone o con le mani. Rimuovi delicatamente il trucco e le impurit\u00e0, quindi asciuga il viso con un panno pulito. Non \u00e8 necessario risciacquare.<\/p>\n<p>Il packaging del Latte Struccante Melissa \u00e8 completamente green, dentro e fuori. Il flacone \u00e8 realizzato in bioplastica, una &#8220;&#8221;plastica&#8221;&#8221; sostenibile derivata dalla canna da zucchero, che non utilizza petrolati. Questo materiale innovativo riduce l&#8217;impatto ambientale e promuove l&#8217;uso di risorse rinnovabili.<\/p>","protected":false},"featured_media":8317,"template":"","meta":{"_acf_changed":false,"inline_featured_image":false},"product_brand":[],"product_cat":[29,155],"product_tag":[106,144,218,151,194,223,213],"class_list":{"0":"post-8316","1":"product","2":"type-product","3":"status-publish","4":"has-post-thumbnail","6":"product_cat-cosmesi","7":"product_cat-trattamenti-skincare","8":"product_tag-biologico","9":"product_tag-cura-della-pelle-del-viso","10":"product_tag-delicato","11":"product_tag-idratazione","12":"product_tag-pelli-sensibili","13":"product_tag-rinfrescante","14":"product_tag-senza-risciacquo","16":"first","17":"instock","18":"taxable","19":"shipping-taxable","20":"purchasable","21":"product-type-simple"},"acf":[],"yoast_head":"<!-- This site is optimized with the Yoast SEO plugin v27.4 - https:\/\/yoast.com\/product\/yoast-seo-wordpress\/ -->\n<title>Latte Struccante - Melissa - \u00c8tico<\/title>\n<meta name=\"robots\" content=\"index, follow, max-snippet:-1, max-image-preview:large, max-video-preview:-1\" \/>\n<link rel=\"canonical\" href=\"https:\/\/eticoshop.it\/en\/negozio\/cosmesi\/trattamenti-skincare\/latte-struccante-melissa\/\" \/>\n<meta property=\"og:locale\" content=\"en_GB\" \/>\n<meta property=\"og:type\" content=\"article\" \/>\n<meta property=\"og:title\" content=\"Latte Struccante - Melissa - \u00c8tico\" \/>\n<meta property=\"og:description\" content=\"Il Latte Struccante Melissa \u00e8 perfetto per chi cerca un prodotto efficace e delicato per rimuovere trucco e impurit\u00e0 senza dover risciacquare. Formulato con estratto di melissa, dalle propriet\u00e0 calmanti, e riso venere, ricco di antiossidanti, lascia la pelle pulita, fresca e idratata. \u00c8 ideale per tutti i tipi di pelle, anche le pi\u00f9 sensibili, grazie alla sua composizione naturale e dermocompatibile.  Massaggia una piccola quantit\u00e0 di latte struccante su viso e occhi con un batuffolo di cotone o con le mani. Rimuovi delicatamente il trucco e le impurit\u00e0, quindi asciuga il viso con un panno pulito. Non \u00e8 necessario risciacquare.  Il packaging del Latte Struccante Melissa \u00e8 completamente green, dentro e fuori. Il flacone \u00e8 realizzato in bioplastica, una &quot;&quot;plastica&quot;&quot; sostenibile derivata dalla canna da zucchero, che non utilizza petrolati. Questo materiale innovativo riduce l&#039;impatto ambientale e promuove l&#039;uso di risorse rinnovabili.\" \/>\n<meta property=\"og:url\" content=\"https:\/\/eticoshop.it\/en\/negozio\/cosmesi\/trattamenti-skincare\/latte-struccante-melissa\/\" \/>\n<meta property=\"og:site_name\" content=\"\u00c8tico\" \/>\n<meta property=\"og:image\" content=\"https:\/\/eticoshop.it\/wp-content\/uploads\/2024\/06\/latte-struccante-melissa-1-copia.png\" \/>\n\t<meta property=\"og:image:width\" content=\"2000\" \/>\n\t<meta property=\"og:image:height\" content=\"2000\" \/>\n\t<meta property=\"og:image:type\" content=\"image\/png\" \/>\n<meta name=\"twitter:card\" content=\"summary_large_image\" \/>\n<meta name=\"twitter:label1\" content=\"Estimated reading time\" \/>\n\t<meta name=\"twitter:data1\" content=\"1 minute\" \/>\n<script type=\"application\/ld+json\" class=\"yoast-schema-graph\">{\"@context\":\"https:\\\/\\\/schema.org\",\"@graph\":[{\"@type\":\"WebPage\",\"@id\":\"https:\\\/\\\/eticoshop.it\\\/negozio\\\/cosmesi\\\/trattamenti-skincare\\\/latte-struccante-melissa\\\/\",\"url\":\"https:\\\/\\\/eticoshop.it\\\/negozio\\\/cosmesi\\\/trattamenti-skincare\\\/latte-struccante-melissa\\\/\",\"name\":\"Latte Struccante - Melissa - \u00c8tico\",\"isPartOf\":{\"@id\":\"https:\\\/\\\/eticoshop.it\\\/#website\"},\"primaryImageOfPage\":{\"@id\":\"https:\\\/\\\/eticoshop.it\\\/negozio\\\/cosmesi\\\/trattamenti-skincare\\\/latte-struccante-melissa\\\/#primaryimage\"},\"image\":{\"@id\":\"https:\\\/\\\/eticoshop.it\\\/negozio\\\/cosmesi\\\/trattamenti-skincare\\\/latte-struccante-melissa\\\/#primaryimage\"},\"thumbnailUrl\":\"https:\\\/\\\/eticoshop.it\\\/wp-content\\\/uploads\\\/2024\\\/06\\\/latte-struccante-melissa-1-copia.png\",\"datePublished\":\"2024-06-21T15:38:28+00:00\",\"breadcrumb\":{\"@id\":\"https:\\\/\\\/eticoshop.it\\\/negozio\\\/cosmesi\\\/trattamenti-skincare\\\/latte-struccante-melissa\\\/#breadcrumb\"},\"inLanguage\":\"en-GB\",\"potentialAction\":[{\"@type\":\"ReadAction\",\"target\":[\"https:\\\/\\\/eticoshop.it\\\/negozio\\\/cosmesi\\\/trattamenti-skincare\\\/latte-struccante-melissa\\\/\"]}]},{\"@type\":\"ImageObject\",\"inLanguage\":\"en-GB\",\"@id\":\"https:\\\/\\\/eticoshop.it\\\/negozio\\\/cosmesi\\\/trattamenti-skincare\\\/latte-struccante-melissa\\\/#primaryimage\",\"url\":\"https:\\\/\\\/eticoshop.it\\\/wp-content\\\/uploads\\\/2024\\\/06\\\/latte-struccante-melissa-1-copia.png\",\"contentUrl\":\"https:\\\/\\\/eticoshop.it\\\/wp-content\\\/uploads\\\/2024\\\/06\\\/latte-struccante-melissa-1-copia.png\",\"width\":2000,\"height\":2000,\"caption\":\"latte struccante melissa\"},{\"@type\":\"BreadcrumbList\",\"@id\":\"https:\\\/\\\/eticoshop.it\\\/negozio\\\/cosmesi\\\/trattamenti-skincare\\\/latte-struccante-melissa\\\/#breadcrumb\",\"itemListElement\":[{\"@type\":\"ListItem\",\"position\":1,\"name\":\"Home\",\"item\":\"https:\\\/\\\/eticoshop.it\\\/\"},{\"@type\":\"ListItem\",\"position\":2,\"name\":\"Shop\",\"item\":\"https:\\\/\\\/eticoshop.it\\\/negozio\\\/\"},{\"@type\":\"ListItem\",\"position\":3,\"name\":\"Cosmesi\",\"item\":\"https:\\\/\\\/eticoshop.it\\\/categoria-prodotto\\\/cosmesi\\\/\"},{\"@type\":\"ListItem\",\"position\":4,\"name\":\"Latte Struccante &#8211; Melissa\"}]},{\"@type\":\"WebSite\",\"@id\":\"https:\\\/\\\/eticoshop.it\\\/#website\",\"url\":\"https:\\\/\\\/eticoshop.it\\\/\",\"name\":\"\u00c8tico\",\"description\":\"\",\"publisher\":{\"@id\":\"https:\\\/\\\/eticoshop.it\\\/#organization\"},\"potentialAction\":[{\"@type\":\"SearchAction\",\"target\":{\"@type\":\"EntryPoint\",\"urlTemplate\":\"https:\\\/\\\/eticoshop.it\\\/?s={search_term_string}\"},\"query-input\":{\"@type\":\"PropertyValueSpecification\",\"valueRequired\":true,\"valueName\":\"search_term_string\"}}],\"inLanguage\":\"en-GB\"},{\"@type\":\"Organization\",\"@id\":\"https:\\\/\\\/eticoshop.it\\\/#organization\",\"name\":\"\u00c8tico\",\"url\":\"https:\\\/\\\/eticoshop.it\\\/\",\"logo\":{\"@type\":\"ImageObject\",\"inLanguage\":\"en-GB\",\"@id\":\"https:\\\/\\\/eticoshop.it\\\/#\\\/schema\\\/logo\\\/image\\\/\",\"url\":\"https:\\\/\\\/eticoshop.it\\\/wp-content\\\/uploads\\\/2023\\\/09\\\/logo-etico.svg\",\"contentUrl\":\"https:\\\/\\\/eticoshop.it\\\/wp-content\\\/uploads\\\/2023\\\/09\\\/logo-etico.svg\",\"width\":973,\"height\":360,\"caption\":\"\u00c8tico\"},\"image\":{\"@id\":\"https:\\\/\\\/eticoshop.it\\\/#\\\/schema\\\/logo\\\/image\\\/\"}}]}<\/script>\n<!-- \/ Yoast SEO plugin. -->","yoast_head_json":{"title":"Latte Struccante - Melissa - \u00c8tico","robots":{"index":"index","follow":"follow","max-snippet":"max-snippet:-1","max-image-preview":"max-image-preview:large","max-video-preview":"max-video-preview:-1"},"canonical":"https:\/\/eticoshop.it\/en\/negozio\/cosmesi\/trattamenti-skincare\/latte-struccante-melissa\/","og_locale":"en_GB","og_type":"article","og_title":"Latte Struccante - Melissa - \u00c8tico","og_description":"Il Latte Struccante Melissa \u00e8 perfetto per chi cerca un prodotto efficace e delicato per rimuovere trucco e impurit\u00e0 senza dover risciacquare. Formulato con estratto di melissa, dalle propriet\u00e0 calmanti, e riso venere, ricco di antiossidanti, lascia la pelle pulita, fresca e idratata. \u00c8 ideale per tutti i tipi di pelle, anche le pi\u00f9 sensibili, grazie alla sua composizione naturale e dermocompatibile.  Massaggia una piccola quantit\u00e0 di latte struccante su viso e occhi con un batuffolo di cotone o con le mani. Rimuovi delicatamente il trucco e le impurit\u00e0, quindi asciuga il viso con un panno pulito. Non \u00e8 necessario risciacquare.  Il packaging del Latte Struccante Melissa \u00e8 completamente green, dentro e fuori. Il flacone \u00e8 realizzato in bioplastica, una \"\"plastica\"\" sostenibile derivata dalla canna da zucchero, che non utilizza petrolati. Questo materiale innovativo riduce l'impatto ambientale e promuove l'uso di risorse rinnovabili.","og_url":"https:\/\/eticoshop.it\/en\/negozio\/cosmesi\/trattamenti-skincare\/latte-struccante-melissa\/","og_site_name":"\u00c8tico","og_image":[{"width":2000,"height":2000,"url":"https:\/\/eticoshop.it\/wp-content\/uploads\/2024\/06\/latte-struccante-melissa-1-copia.png","type":"image\/png"}],"twitter_card":"summary_large_image","twitter_misc":{"Estimated reading time":"1 minute"},"schema":{"@context":"https:\/\/schema.org","@graph":[{"@type":"WebPage","@id":"https:\/\/eticoshop.it\/negozio\/cosmesi\/trattamenti-skincare\/latte-struccante-melissa\/","url":"https:\/\/eticoshop.it\/negozio\/cosmesi\/trattamenti-skincare\/latte-struccante-melissa\/","name":"Latte Struccante - Melissa - \u00c8tico","isPartOf":{"@id":"https:\/\/eticoshop.it\/#website"},"primaryImageOfPage":{"@id":"https:\/\/eticoshop.it\/negozio\/cosmesi\/trattamenti-skincare\/latte-struccante-melissa\/#primaryimage"},"image":{"@id":"https:\/\/eticoshop.it\/negozio\/cosmesi\/trattamenti-skincare\/latte-struccante-melissa\/#primaryimage"},"thumbnailUrl":"https:\/\/eticoshop.it\/wp-content\/uploads\/2024\/06\/latte-struccante-melissa-1-copia.png","datePublished":"2024-06-21T15:38:28+00:00","breadcrumb":{"@id":"https:\/\/eticoshop.it\/negozio\/cosmesi\/trattamenti-skincare\/latte-struccante-melissa\/#breadcrumb"},"inLanguage":"en-GB","potentialAction":[{"@type":"ReadAction","target":["https:\/\/eticoshop.it\/negozio\/cosmesi\/trattamenti-skincare\/latte-struccante-melissa\/"]}]},{"@type":"ImageObject","inLanguage":"en-GB","@id":"https:\/\/eticoshop.it\/negozio\/cosmesi\/trattamenti-skincare\/latte-struccante-melissa\/#primaryimage","url":"https:\/\/eticoshop.it\/wp-content\/uploads\/2024\/06\/latte-struccante-melissa-1-copia.png","contentUrl":"https:\/\/eticoshop.it\/wp-content\/uploads\/2024\/06\/latte-struccante-melissa-1-copia.png","width":2000,"height":2000,"caption":"latte struccante melissa"},{"@type":"BreadcrumbList","@id":"https:\/\/eticoshop.it\/negozio\/cosmesi\/trattamenti-skincare\/latte-struccante-melissa\/#breadcrumb","itemListElement":[{"@type":"ListItem","position":1,"name":"Home","item":"https:\/\/eticoshop.it\/"},{"@type":"ListItem","position":2,"name":"Shop","item":"https:\/\/eticoshop.it\/negozio\/"},{"@type":"ListItem","position":3,"name":"Cosmesi","item":"https:\/\/eticoshop.it\/categoria-prodotto\/cosmesi\/"},{"@type":"ListItem","position":4,"name":"Latte Struccante &#8211; Melissa"}]},{"@type":"WebSite","@id":"https:\/\/eticoshop.it\/#website","url":"https:\/\/eticoshop.it\/","name":"\u00c8tico","description":"","publisher":{"@id":"https:\/\/eticoshop.it\/#organization"},"potentialAction":[{"@type":"SearchAction","target":{"@type":"EntryPoint","urlTemplate":"https:\/\/eticoshop.it\/?s={search_term_string}"},"query-input":{"@type":"PropertyValueSpecification","valueRequired":true,"valueName":"search_term_string"}}],"inLanguage":"en-GB"},{"@type":"Organization","@id":"https:\/\/eticoshop.it\/#organization","name":"\u00c8tico","url":"https:\/\/eticoshop.it\/","logo":{"@type":"ImageObject","inLanguage":"en-GB","@id":"https:\/\/eticoshop.it\/#\/schema\/logo\/image\/","url":"https:\/\/eticoshop.it\/wp-content\/uploads\/2023\/09\/logo-etico.svg","contentUrl":"https:\/\/eticoshop.it\/wp-content\/uploads\/2023\/09\/logo-etico.svg","width":973,"height":360,"caption":"\u00c8tico"},"image":{"@id":"https:\/\/eticoshop.it\/#\/schema\/logo\/image\/"}}]}},"_links":{"self":[{"href":"https:\/\/eticoshop.it\/en\/wp-json\/wp\/v2\/product\/8316","targetHints":{"allow":["GET"]}}],"collection":[{"href":"https:\/\/eticoshop.it\/en\/wp-json\/wp\/v2\/product"}],"about":[{"href":"https:\/\/eticoshop.it\/en\/wp-json\/wp\/v2\/types\/product"}],"wp:featuredmedia":[{"embeddable":true,"href":"https:\/\/eticoshop.it\/en\/wp-json\/wp\/v2\/media\/8317"}],"wp:attachment":[{"href":"https:\/\/eticoshop.it\/en\/wp-json\/wp\/v2\/media?parent=8316"}],"wp:term":[{"taxonomy":"product_brand","embeddable":true,"href":"https:\/\/eticoshop.it\/en\/wp-json\/wp\/v2\/product_brand?post=8316"},{"taxonomy":"product_cat","embeddable":true,"href":"https:\/\/eticoshop.it\/en\/wp-json\/wp\/v2\/product_cat?post=8316"},{"taxonomy":"product_tag","embeddable":true,"href":"https:\/\/eticoshop.it\/en\/wp-json\/wp\/v2\/product_tag?post=8316"}],"curies":[{"name":"wp","href":"https:\/\/api.w.org\/{rel}","templated":true}]}}