





















{"id":8320,"date":"2024-06-21T17:39:36","date_gmt":"2024-06-21T15:39:36","guid":{"rendered":"https:\/\/eticoshop.it\/?post_type=product&#038;p=8320"},"modified":"2024-06-21T17:39:37","modified_gmt":"2024-06-21T15:39:37","slug":"bio-scrub-lemongrass-e-menta","status":"publish","type":"product","link":"https:\/\/eticoshop.it\/en\/negozio\/cosmesi\/trattamenti-corpo\/bio-scrub-lemongrass-e-menta\/","title":{"rendered":"Bio Scrub &#8211; Lemongrass e Menta"},"content":{"rendered":"<p>Il Bio Scrub Equosolidale Lemongrass e Menta esfolia, rinfresca e rivitalizza la pelle, con oli essenziali biologici, lasciandola morbida e levigata.<\/p>\n<p>&nbsp;<\/p>","protected":false},"excerpt":{"rendered":"<p>Il Bio Scrub Equosolidale Lemongrass e Menta \u00e8 ideale per chi desidera una pelle levigata e morbida grazie a un&#8217;esfoliazione naturale ed efficace. Arricchito con oli essenziali di lemongrass e menta, offre un&#8217;azione rinfrescante e stimolante, ideale per rivitalizzare la pelle e risvegliarne la luminosit\u00e0. La sua formula biologica e solidale rende questo scrub perfetto per chi cerca un prodotto sostenibile e rispettoso della pelle e dell&#8217;ambiente.<\/p>\n<p>Utilizzare lo scrub sulla pelle umida sotto la doccia, massaggiando delicatamente con movimenti circolari. Risciacquare abbondantemente per rivelare una pelle morbida e levigata. Utilizzare una o due volte alla settimana per mantenere la pelle radiosa e liscia.<\/p>\n<p>Questo scrub \u00e8 confezionato in un vasetto ecologico che riflette l&#8217;impegno del produttore per la sostenibilit\u00e0 ambientale. Il flacone \u00e8 realizzato in PET1, una plastica altamente riciclabile, e il tappo in PP5, anch&#8217;esso riciclabile.<\/p>","protected":false},"featured_media":8322,"template":"","meta":{"_acf_changed":false,"inline_featured_image":false},"product_brand":[],"product_cat":[29,170],"product_tag":[106,230,151,201,223,231,166,163],"class_list":{"0":"post-8320","1":"product","2":"type-product","3":"status-publish","4":"has-post-thumbnail","6":"product_cat-cosmesi","7":"product_cat-trattamenti-corpo","8":"product_tag-biologico","9":"product_tag-esfoliante","10":"product_tag-idratazione","11":"product_tag-purificante","12":"product_tag-rinfrescante","13":"product_tag-stimolante","14":"product_tag-tonificante","15":"product_tag-trattamento-naturale","17":"first","18":"instock","19":"taxable","20":"shipping-taxable","21":"purchasable","22":"product-type-simple"},"acf":[],"yoast_head":"<!-- This site is optimized with the Yoast SEO plugin v27.3 - https:\/\/yoast.com\/product\/yoast-seo-wordpress\/ -->\n<title>Bio Scrub - Lemongrass e Menta - \u00c8tico<\/title>\n<meta name=\"robots\" content=\"index, follow, max-snippet:-1, max-image-preview:large, max-video-preview:-1\" \/>\n<link rel=\"canonical\" href=\"https:\/\/eticoshop.it\/en\/negozio\/cosmesi\/trattamenti-corpo\/bio-scrub-lemongrass-e-menta\/\" \/>\n<meta property=\"og:locale\" content=\"en_GB\" \/>\n<meta property=\"og:type\" content=\"article\" \/>\n<meta property=\"og:title\" content=\"Bio Scrub - Lemongrass e Menta - \u00c8tico\" \/>\n<meta property=\"og:description\" content=\"Il Bio Scrub Equosolidale Lemongrass e Menta \u00e8 ideale per chi desidera una pelle levigata e morbida grazie a un&#039;esfoliazione naturale ed efficace. Arricchito con oli essenziali di lemongrass e menta, offre un&#039;azione rinfrescante e stimolante, ideale per rivitalizzare la pelle e risvegliarne la luminosit\u00e0. La sua formula biologica e solidale rende questo scrub perfetto per chi cerca un prodotto sostenibile e rispettoso della pelle e dell&#039;ambiente.  Utilizzare lo scrub sulla pelle umida sotto la doccia, massaggiando delicatamente con movimenti circolari. Risciacquare abbondantemente per rivelare una pelle morbida e levigata. Utilizzare una o due volte alla settimana per mantenere la pelle radiosa e liscia.  Questo scrub \u00e8 confezionato in un vasetto ecologico che riflette l&#039;impegno del produttore per la sostenibilit\u00e0 ambientale. Il flacone \u00e8 realizzato in PET1, una plastica altamente riciclabile, e il tappo in PP5, anch&#039;esso riciclabile.\" \/>\n<meta property=\"og:url\" content=\"https:\/\/eticoshop.it\/en\/negozio\/cosmesi\/trattamenti-corpo\/bio-scrub-lemongrass-e-menta\/\" \/>\n<meta property=\"og:site_name\" content=\"\u00c8tico\" \/>\n<meta property=\"article:modified_time\" content=\"2024-06-21T15:39:37+00:00\" \/>\n<meta property=\"og:image\" content=\"https:\/\/eticoshop.it\/wp-content\/uploads\/2024\/06\/bio-scrub-copia-1024x1024.png\" \/>\n\t<meta property=\"og:image:width\" content=\"1024\" \/>\n\t<meta property=\"og:image:height\" content=\"1024\" \/>\n\t<meta property=\"og:image:type\" content=\"image\/png\" \/>\n<meta name=\"twitter:card\" content=\"summary_large_image\" \/>\n<meta name=\"twitter:label1\" content=\"Estimated reading time\" \/>\n\t<meta name=\"twitter:data1\" content=\"1 minute\" \/>\n<script type=\"application\/ld+json\" class=\"yoast-schema-graph\">{\"@context\":\"https:\\\/\\\/schema.org\",\"@graph\":[{\"@type\":\"WebPage\",\"@id\":\"https:\\\/\\\/eticoshop.it\\\/negozio\\\/cosmesi\\\/trattamenti-corpo\\\/bio-scrub-lemongrass-e-menta\\\/\",\"url\":\"https:\\\/\\\/eticoshop.it\\\/negozio\\\/cosmesi\\\/trattamenti-corpo\\\/bio-scrub-lemongrass-e-menta\\\/\",\"name\":\"Bio Scrub - Lemongrass e Menta - \u00c8tico\",\"isPartOf\":{\"@id\":\"https:\\\/\\\/eticoshop.it\\\/#website\"},\"primaryImageOfPage\":{\"@id\":\"https:\\\/\\\/eticoshop.it\\\/negozio\\\/cosmesi\\\/trattamenti-corpo\\\/bio-scrub-lemongrass-e-menta\\\/#primaryimage\"},\"image\":{\"@id\":\"https:\\\/\\\/eticoshop.it\\\/negozio\\\/cosmesi\\\/trattamenti-corpo\\\/bio-scrub-lemongrass-e-menta\\\/#primaryimage\"},\"thumbnailUrl\":\"https:\\\/\\\/eticoshop.it\\\/wp-content\\\/uploads\\\/2024\\\/06\\\/bio-scrub-copia.png\",\"datePublished\":\"2024-06-21T15:39:36+00:00\",\"dateModified\":\"2024-06-21T15:39:37+00:00\",\"breadcrumb\":{\"@id\":\"https:\\\/\\\/eticoshop.it\\\/negozio\\\/cosmesi\\\/trattamenti-corpo\\\/bio-scrub-lemongrass-e-menta\\\/#breadcrumb\"},\"inLanguage\":\"en-GB\",\"potentialAction\":[{\"@type\":\"ReadAction\",\"target\":[\"https:\\\/\\\/eticoshop.it\\\/negozio\\\/cosmesi\\\/trattamenti-corpo\\\/bio-scrub-lemongrass-e-menta\\\/\"]}]},{\"@type\":\"ImageObject\",\"inLanguage\":\"en-GB\",\"@id\":\"https:\\\/\\\/eticoshop.it\\\/negozio\\\/cosmesi\\\/trattamenti-corpo\\\/bio-scrub-lemongrass-e-menta\\\/#primaryimage\",\"url\":\"https:\\\/\\\/eticoshop.it\\\/wp-content\\\/uploads\\\/2024\\\/06\\\/bio-scrub-copia.png\",\"contentUrl\":\"https:\\\/\\\/eticoshop.it\\\/wp-content\\\/uploads\\\/2024\\\/06\\\/bio-scrub-copia.png\",\"width\":2000,\"height\":2000,\"caption\":\"bio scrub lemon\"},{\"@type\":\"BreadcrumbList\",\"@id\":\"https:\\\/\\\/eticoshop.it\\\/negozio\\\/cosmesi\\\/trattamenti-corpo\\\/bio-scrub-lemongrass-e-menta\\\/#breadcrumb\",\"itemListElement\":[{\"@type\":\"ListItem\",\"position\":1,\"name\":\"Home\",\"item\":\"https:\\\/\\\/eticoshop.it\\\/\"},{\"@type\":\"ListItem\",\"position\":2,\"name\":\"Shop\",\"item\":\"https:\\\/\\\/eticoshop.it\\\/negozio\\\/\"},{\"@type\":\"ListItem\",\"position\":3,\"name\":\"Cosmesi\",\"item\":\"https:\\\/\\\/eticoshop.it\\\/categoria-prodotto\\\/cosmesi\\\/\"},{\"@type\":\"ListItem\",\"position\":4,\"name\":\"Bio Scrub &#8211; Lemongrass e Menta\"}]},{\"@type\":\"WebSite\",\"@id\":\"https:\\\/\\\/eticoshop.it\\\/#website\",\"url\":\"https:\\\/\\\/eticoshop.it\\\/\",\"name\":\"\u00c8tico\",\"description\":\"\",\"publisher\":{\"@id\":\"https:\\\/\\\/eticoshop.it\\\/#organization\"},\"potentialAction\":[{\"@type\":\"SearchAction\",\"target\":{\"@type\":\"EntryPoint\",\"urlTemplate\":\"https:\\\/\\\/eticoshop.it\\\/?s={search_term_string}\"},\"query-input\":{\"@type\":\"PropertyValueSpecification\",\"valueRequired\":true,\"valueName\":\"search_term_string\"}}],\"inLanguage\":\"en-GB\"},{\"@type\":\"Organization\",\"@id\":\"https:\\\/\\\/eticoshop.it\\\/#organization\",\"name\":\"\u00c8tico\",\"url\":\"https:\\\/\\\/eticoshop.it\\\/\",\"logo\":{\"@type\":\"ImageObject\",\"inLanguage\":\"en-GB\",\"@id\":\"https:\\\/\\\/eticoshop.it\\\/#\\\/schema\\\/logo\\\/image\\\/\",\"url\":\"https:\\\/\\\/eticoshop.it\\\/wp-content\\\/uploads\\\/2023\\\/09\\\/logo-etico.svg\",\"contentUrl\":\"https:\\\/\\\/eticoshop.it\\\/wp-content\\\/uploads\\\/2023\\\/09\\\/logo-etico.svg\",\"width\":973,\"height\":360,\"caption\":\"\u00c8tico\"},\"image\":{\"@id\":\"https:\\\/\\\/eticoshop.it\\\/#\\\/schema\\\/logo\\\/image\\\/\"}}]}<\/script>\n<!-- \/ Yoast SEO plugin. -->","yoast_head_json":{"title":"Bio Scrub - Lemongrass e Menta - \u00c8tico","robots":{"index":"index","follow":"follow","max-snippet":"max-snippet:-1","max-image-preview":"max-image-preview:large","max-video-preview":"max-video-preview:-1"},"canonical":"https:\/\/eticoshop.it\/en\/negozio\/cosmesi\/trattamenti-corpo\/bio-scrub-lemongrass-e-menta\/","og_locale":"en_GB","og_type":"article","og_title":"Bio Scrub - Lemongrass e Menta - \u00c8tico","og_description":"Il Bio Scrub Equosolidale Lemongrass e Menta \u00e8 ideale per chi desidera una pelle levigata e morbida grazie a un'esfoliazione naturale ed efficace. Arricchito con oli essenziali di lemongrass e menta, offre un'azione rinfrescante e stimolante, ideale per rivitalizzare la pelle e risvegliarne la luminosit\u00e0. La sua formula biologica e solidale rende questo scrub perfetto per chi cerca un prodotto sostenibile e rispettoso della pelle e dell'ambiente.  Utilizzare lo scrub sulla pelle umida sotto la doccia, massaggiando delicatamente con movimenti circolari. Risciacquare abbondantemente per rivelare una pelle morbida e levigata. Utilizzare una o due volte alla settimana per mantenere la pelle radiosa e liscia.  Questo scrub \u00e8 confezionato in un vasetto ecologico che riflette l'impegno del produttore per la sostenibilit\u00e0 ambientale. Il flacone \u00e8 realizzato in PET1, una plastica altamente riciclabile, e il tappo in PP5, anch'esso riciclabile.","og_url":"https:\/\/eticoshop.it\/en\/negozio\/cosmesi\/trattamenti-corpo\/bio-scrub-lemongrass-e-menta\/","og_site_name":"\u00c8tico","article_modified_time":"2024-06-21T15:39:37+00:00","og_image":[{"width":1024,"height":1024,"url":"https:\/\/eticoshop.it\/wp-content\/uploads\/2024\/06\/bio-scrub-copia-1024x1024.png","type":"image\/png"}],"twitter_card":"summary_large_image","twitter_misc":{"Estimated reading time":"1 minute"},"schema":{"@context":"https:\/\/schema.org","@graph":[{"@type":"WebPage","@id":"https:\/\/eticoshop.it\/negozio\/cosmesi\/trattamenti-corpo\/bio-scrub-lemongrass-e-menta\/","url":"https:\/\/eticoshop.it\/negozio\/cosmesi\/trattamenti-corpo\/bio-scrub-lemongrass-e-menta\/","name":"Bio Scrub - Lemongrass e Menta - \u00c8tico","isPartOf":{"@id":"https:\/\/eticoshop.it\/#website"},"primaryImageOfPage":{"@id":"https:\/\/eticoshop.it\/negozio\/cosmesi\/trattamenti-corpo\/bio-scrub-lemongrass-e-menta\/#primaryimage"},"image":{"@id":"https:\/\/eticoshop.it\/negozio\/cosmesi\/trattamenti-corpo\/bio-scrub-lemongrass-e-menta\/#primaryimage"},"thumbnailUrl":"https:\/\/eticoshop.it\/wp-content\/uploads\/2024\/06\/bio-scrub-copia.png","datePublished":"2024-06-21T15:39:36+00:00","dateModified":"2024-06-21T15:39:37+00:00","breadcrumb":{"@id":"https:\/\/eticoshop.it\/negozio\/cosmesi\/trattamenti-corpo\/bio-scrub-lemongrass-e-menta\/#breadcrumb"},"inLanguage":"en-GB","potentialAction":[{"@type":"ReadAction","target":["https:\/\/eticoshop.it\/negozio\/cosmesi\/trattamenti-corpo\/bio-scrub-lemongrass-e-menta\/"]}]},{"@type":"ImageObject","inLanguage":"en-GB","@id":"https:\/\/eticoshop.it\/negozio\/cosmesi\/trattamenti-corpo\/bio-scrub-lemongrass-e-menta\/#primaryimage","url":"https:\/\/eticoshop.it\/wp-content\/uploads\/2024\/06\/bio-scrub-copia.png","contentUrl":"https:\/\/eticoshop.it\/wp-content\/uploads\/2024\/06\/bio-scrub-copia.png","width":2000,"height":2000,"caption":"bio scrub lemon"},{"@type":"BreadcrumbList","@id":"https:\/\/eticoshop.it\/negozio\/cosmesi\/trattamenti-corpo\/bio-scrub-lemongrass-e-menta\/#breadcrumb","itemListElement":[{"@type":"ListItem","position":1,"name":"Home","item":"https:\/\/eticoshop.it\/"},{"@type":"ListItem","position":2,"name":"Shop","item":"https:\/\/eticoshop.it\/negozio\/"},{"@type":"ListItem","position":3,"name":"Cosmesi","item":"https:\/\/eticoshop.it\/categoria-prodotto\/cosmesi\/"},{"@type":"ListItem","position":4,"name":"Bio Scrub &#8211; Lemongrass e Menta"}]},{"@type":"WebSite","@id":"https:\/\/eticoshop.it\/#website","url":"https:\/\/eticoshop.it\/","name":"\u00c8tico","description":"","publisher":{"@id":"https:\/\/eticoshop.it\/#organization"},"potentialAction":[{"@type":"SearchAction","target":{"@type":"EntryPoint","urlTemplate":"https:\/\/eticoshop.it\/?s={search_term_string}"},"query-input":{"@type":"PropertyValueSpecification","valueRequired":true,"valueName":"search_term_string"}}],"inLanguage":"en-GB"},{"@type":"Organization","@id":"https:\/\/eticoshop.it\/#organization","name":"\u00c8tico","url":"https:\/\/eticoshop.it\/","logo":{"@type":"ImageObject","inLanguage":"en-GB","@id":"https:\/\/eticoshop.it\/#\/schema\/logo\/image\/","url":"https:\/\/eticoshop.it\/wp-content\/uploads\/2023\/09\/logo-etico.svg","contentUrl":"https:\/\/eticoshop.it\/wp-content\/uploads\/2023\/09\/logo-etico.svg","width":973,"height":360,"caption":"\u00c8tico"},"image":{"@id":"https:\/\/eticoshop.it\/#\/schema\/logo\/image\/"}}]}},"_links":{"self":[{"href":"https:\/\/eticoshop.it\/en\/wp-json\/wp\/v2\/product\/8320","targetHints":{"allow":["GET"]}}],"collection":[{"href":"https:\/\/eticoshop.it\/en\/wp-json\/wp\/v2\/product"}],"about":[{"href":"https:\/\/eticoshop.it\/en\/wp-json\/wp\/v2\/types\/product"}],"wp:featuredmedia":[{"embeddable":true,"href":"https:\/\/eticoshop.it\/en\/wp-json\/wp\/v2\/media\/8322"}],"wp:attachment":[{"href":"https:\/\/eticoshop.it\/en\/wp-json\/wp\/v2\/media?parent=8320"}],"wp:term":[{"taxonomy":"product_brand","embeddable":true,"href":"https:\/\/eticoshop.it\/en\/wp-json\/wp\/v2\/product_brand?post=8320"},{"taxonomy":"product_cat","embeddable":true,"href":"https:\/\/eticoshop.it\/en\/wp-json\/wp\/v2\/product_cat?post=8320"},{"taxonomy":"product_tag","embeddable":true,"href":"https:\/\/eticoshop.it\/en\/wp-json\/wp\/v2\/product_tag?post=8320"}],"curies":[{"name":"wp","href":"https:\/\/api.w.org\/{rel}","templated":true}]}}