





















{"id":8324,"date":"2024-06-21T17:39:02","date_gmt":"2024-06-21T15:39:02","guid":{"rendered":"https:\/\/eticoshop.it\/?post_type=product&#038;p=8324"},"modified":"2024-06-21T17:39:02","modified_gmt":"2024-06-21T15:39:02","slug":"fluido-corpo-nutriente-olio-extravergine-di-oliva-e-argan","status":"publish","type":"product","link":"https:\/\/eticoshop.it\/en\/negozio\/cosmesi\/trattamenti-corpo\/fluido-corpo-nutriente-olio-extravergine-di-oliva-e-argan\/","title":{"rendered":"Fluido Corpo Nutriente &#8211; Olio Extravergine di Oliva e Argan"},"content":{"rendered":"<p>Il Fluido Corpo Nutriente idrata e nutre la pelle con olio di oliva, argan, avena e calendula. Adatto per pelli sensibili.<\/p>","protected":false},"excerpt":{"rendered":"<p>Il Fluido Corpo Nutriente con Olio Extravergine di Oliva e Argan \u00e8 ideale per idratare e nutrire la pelle, donandole un aspetto setoso e radioso. Questo trattamento si assorbe rapidamente e lascia la pelle morbida e vellutata, senza ungere.<br \/>\nFormulato con ingredienti biologici, \u00e8 arricchito con olio extravergine di oliva, noto per le sue propriet\u00e0 idratanti e nutrienti, e olio di argan, famoso per le sue propriet\u00e0 rigeneranti e antiossidanti. Gli estratti di avena e calendula aggiungono un effetto lenitivo e calmante, rendendolo perfetto anche per le pelli sensibili. La presenza di vitamine E e F aiuta a mantenere l\u2019elasticit\u00e0 della pelle, proteggendola dagli agenti esterni.<\/p>\n<p>Applicare il fluido sul corpo con movimenti circolari fino a completo assorbimento, preferibilmente dopo la doccia o il bagno per una maggiore efficacia idratante. Utilizzare quotidianamente per mantenere la pelle nutrita e protetta.<\/p>\n<p>Il fluido corpo \u00e8 confezionato in un flacone da 150 ml, realizzato con plastica riciclata per ridurre l&#8217;impatto ambientale. Il tappo e il flacone sono riciclabili, favorendo un ciclo produttivo ecologico e sostenibile.<\/p>","protected":false},"featured_media":8327,"template":"","meta":{"_acf_changed":false,"inline_featured_image":false},"product_brand":[],"product_cat":[29,170],"product_tag":[197,171,106,227,151,216,268,163],"class_list":{"0":"post-8324","1":"product","2":"type-product","3":"status-publish","4":"has-post-thumbnail","6":"product_cat-cosmesi","7":"product_cat-trattamenti-corpo","8":"product_tag-antiage","9":"product_tag-assorbimento-rapido","10":"product_tag-biologico","11":"product_tag-elasticizzante","12":"product_tag-idratazione","13":"product_tag-nutriente","14":"product_tag-pelli-secche","15":"product_tag-trattamento-naturale","17":"first","18":"instock","19":"taxable","20":"shipping-taxable","21":"purchasable","22":"product-type-simple"},"acf":[],"yoast_head":"<!-- This site is optimized with the Yoast SEO plugin v27.3 - https:\/\/yoast.com\/product\/yoast-seo-wordpress\/ -->\n<title>Fluido Corpo Nutriente - Olio Extravergine di Oliva e Argan - \u00c8tico<\/title>\n<meta name=\"robots\" content=\"index, follow, max-snippet:-1, max-image-preview:large, max-video-preview:-1\" \/>\n<link rel=\"canonical\" href=\"https:\/\/eticoshop.it\/en\/negozio\/cosmesi\/trattamenti-corpo\/fluido-corpo-nutriente-olio-extravergine-di-oliva-e-argan\/\" \/>\n<meta property=\"og:locale\" content=\"en_GB\" \/>\n<meta property=\"og:type\" content=\"article\" \/>\n<meta property=\"og:title\" content=\"Fluido Corpo Nutriente - Olio Extravergine di Oliva e Argan - \u00c8tico\" \/>\n<meta property=\"og:description\" content=\"Il Fluido Corpo Nutriente con Olio Extravergine di Oliva e Argan \u00e8 ideale per idratare e nutrire la pelle, donandole un aspetto setoso e radioso. Questo trattamento si assorbe rapidamente e lascia la pelle morbida e vellutata, senza ungere. Formulato con ingredienti biologici, \u00e8 arricchito con olio extravergine di oliva, noto per le sue propriet\u00e0 idratanti e nutrienti, e olio di argan, famoso per le sue propriet\u00e0 rigeneranti e antiossidanti. Gli estratti di avena e calendula aggiungono un effetto lenitivo e calmante, rendendolo perfetto anche per le pelli sensibili. La presenza di vitamine E e F aiuta a mantenere l\u2019elasticit\u00e0 della pelle, proteggendola dagli agenti esterni.  Applicare il fluido sul corpo con movimenti circolari fino a completo assorbimento, preferibilmente dopo la doccia o il bagno per una maggiore efficacia idratante. Utilizzare quotidianamente per mantenere la pelle nutrita e protetta.  Il fluido corpo \u00e8 confezionato in un flacone da 150 ml, realizzato con plastica riciclata per ridurre l&#039;impatto ambientale. Il tappo e il flacone sono riciclabili, favorendo un ciclo produttivo ecologico e sostenibile.\" \/>\n<meta property=\"og:url\" content=\"https:\/\/eticoshop.it\/en\/negozio\/cosmesi\/trattamenti-corpo\/fluido-corpo-nutriente-olio-extravergine-di-oliva-e-argan\/\" \/>\n<meta property=\"og:site_name\" content=\"\u00c8tico\" \/>\n<meta property=\"og:image\" content=\"https:\/\/eticoshop.it\/wp-content\/uploads\/2024\/06\/olio-extra-e-argan-copia.png\" \/>\n\t<meta property=\"og:image:width\" content=\"2000\" \/>\n\t<meta property=\"og:image:height\" content=\"2000\" \/>\n\t<meta property=\"og:image:type\" content=\"image\/png\" \/>\n<meta name=\"twitter:card\" content=\"summary_large_image\" \/>\n<meta name=\"twitter:label1\" content=\"Estimated reading time\" \/>\n\t<meta name=\"twitter:data1\" content=\"1 minute\" \/>\n<script type=\"application\/ld+json\" class=\"yoast-schema-graph\">{\"@context\":\"https:\\\/\\\/schema.org\",\"@graph\":[{\"@type\":\"WebPage\",\"@id\":\"https:\\\/\\\/eticoshop.it\\\/negozio\\\/cosmesi\\\/trattamenti-corpo\\\/fluido-corpo-nutriente-olio-extravergine-di-oliva-e-argan\\\/\",\"url\":\"https:\\\/\\\/eticoshop.it\\\/negozio\\\/cosmesi\\\/trattamenti-corpo\\\/fluido-corpo-nutriente-olio-extravergine-di-oliva-e-argan\\\/\",\"name\":\"Fluido Corpo Nutriente - Olio Extravergine di Oliva e Argan - \u00c8tico\",\"isPartOf\":{\"@id\":\"https:\\\/\\\/eticoshop.it\\\/#website\"},\"primaryImageOfPage\":{\"@id\":\"https:\\\/\\\/eticoshop.it\\\/negozio\\\/cosmesi\\\/trattamenti-corpo\\\/fluido-corpo-nutriente-olio-extravergine-di-oliva-e-argan\\\/#primaryimage\"},\"image\":{\"@id\":\"https:\\\/\\\/eticoshop.it\\\/negozio\\\/cosmesi\\\/trattamenti-corpo\\\/fluido-corpo-nutriente-olio-extravergine-di-oliva-e-argan\\\/#primaryimage\"},\"thumbnailUrl\":\"https:\\\/\\\/eticoshop.it\\\/wp-content\\\/uploads\\\/2024\\\/06\\\/olio-extra-e-argan-copia.png\",\"datePublished\":\"2024-06-21T15:39:02+00:00\",\"breadcrumb\":{\"@id\":\"https:\\\/\\\/eticoshop.it\\\/negozio\\\/cosmesi\\\/trattamenti-corpo\\\/fluido-corpo-nutriente-olio-extravergine-di-oliva-e-argan\\\/#breadcrumb\"},\"inLanguage\":\"en-GB\",\"potentialAction\":[{\"@type\":\"ReadAction\",\"target\":[\"https:\\\/\\\/eticoshop.it\\\/negozio\\\/cosmesi\\\/trattamenti-corpo\\\/fluido-corpo-nutriente-olio-extravergine-di-oliva-e-argan\\\/\"]}]},{\"@type\":\"ImageObject\",\"inLanguage\":\"en-GB\",\"@id\":\"https:\\\/\\\/eticoshop.it\\\/negozio\\\/cosmesi\\\/trattamenti-corpo\\\/fluido-corpo-nutriente-olio-extravergine-di-oliva-e-argan\\\/#primaryimage\",\"url\":\"https:\\\/\\\/eticoshop.it\\\/wp-content\\\/uploads\\\/2024\\\/06\\\/olio-extra-e-argan-copia.png\",\"contentUrl\":\"https:\\\/\\\/eticoshop.it\\\/wp-content\\\/uploads\\\/2024\\\/06\\\/olio-extra-e-argan-copia.png\",\"width\":2000,\"height\":2000,\"caption\":\"fluido corpo nutriente\"},{\"@type\":\"BreadcrumbList\",\"@id\":\"https:\\\/\\\/eticoshop.it\\\/negozio\\\/cosmesi\\\/trattamenti-corpo\\\/fluido-corpo-nutriente-olio-extravergine-di-oliva-e-argan\\\/#breadcrumb\",\"itemListElement\":[{\"@type\":\"ListItem\",\"position\":1,\"name\":\"Home\",\"item\":\"https:\\\/\\\/eticoshop.it\\\/\"},{\"@type\":\"ListItem\",\"position\":2,\"name\":\"Shop\",\"item\":\"https:\\\/\\\/eticoshop.it\\\/negozio\\\/\"},{\"@type\":\"ListItem\",\"position\":3,\"name\":\"Cosmesi\",\"item\":\"https:\\\/\\\/eticoshop.it\\\/categoria-prodotto\\\/cosmesi\\\/\"},{\"@type\":\"ListItem\",\"position\":4,\"name\":\"Fluido Corpo Nutriente &#8211; Olio Extravergine di Oliva e Argan\"}]},{\"@type\":\"WebSite\",\"@id\":\"https:\\\/\\\/eticoshop.it\\\/#website\",\"url\":\"https:\\\/\\\/eticoshop.it\\\/\",\"name\":\"\u00c8tico\",\"description\":\"\",\"publisher\":{\"@id\":\"https:\\\/\\\/eticoshop.it\\\/#organization\"},\"potentialAction\":[{\"@type\":\"SearchAction\",\"target\":{\"@type\":\"EntryPoint\",\"urlTemplate\":\"https:\\\/\\\/eticoshop.it\\\/?s={search_term_string}\"},\"query-input\":{\"@type\":\"PropertyValueSpecification\",\"valueRequired\":true,\"valueName\":\"search_term_string\"}}],\"inLanguage\":\"en-GB\"},{\"@type\":\"Organization\",\"@id\":\"https:\\\/\\\/eticoshop.it\\\/#organization\",\"name\":\"\u00c8tico\",\"url\":\"https:\\\/\\\/eticoshop.it\\\/\",\"logo\":{\"@type\":\"ImageObject\",\"inLanguage\":\"en-GB\",\"@id\":\"https:\\\/\\\/eticoshop.it\\\/#\\\/schema\\\/logo\\\/image\\\/\",\"url\":\"https:\\\/\\\/eticoshop.it\\\/wp-content\\\/uploads\\\/2023\\\/09\\\/logo-etico.svg\",\"contentUrl\":\"https:\\\/\\\/eticoshop.it\\\/wp-content\\\/uploads\\\/2023\\\/09\\\/logo-etico.svg\",\"width\":973,\"height\":360,\"caption\":\"\u00c8tico\"},\"image\":{\"@id\":\"https:\\\/\\\/eticoshop.it\\\/#\\\/schema\\\/logo\\\/image\\\/\"}}]}<\/script>\n<!-- \/ Yoast SEO plugin. -->","yoast_head_json":{"title":"Fluido Corpo Nutriente - Olio Extravergine di Oliva e Argan - \u00c8tico","robots":{"index":"index","follow":"follow","max-snippet":"max-snippet:-1","max-image-preview":"max-image-preview:large","max-video-preview":"max-video-preview:-1"},"canonical":"https:\/\/eticoshop.it\/en\/negozio\/cosmesi\/trattamenti-corpo\/fluido-corpo-nutriente-olio-extravergine-di-oliva-e-argan\/","og_locale":"en_GB","og_type":"article","og_title":"Fluido Corpo Nutriente - Olio Extravergine di Oliva e Argan - \u00c8tico","og_description":"Il Fluido Corpo Nutriente con Olio Extravergine di Oliva e Argan \u00e8 ideale per idratare e nutrire la pelle, donandole un aspetto setoso e radioso. Questo trattamento si assorbe rapidamente e lascia la pelle morbida e vellutata, senza ungere. Formulato con ingredienti biologici, \u00e8 arricchito con olio extravergine di oliva, noto per le sue propriet\u00e0 idratanti e nutrienti, e olio di argan, famoso per le sue propriet\u00e0 rigeneranti e antiossidanti. Gli estratti di avena e calendula aggiungono un effetto lenitivo e calmante, rendendolo perfetto anche per le pelli sensibili. La presenza di vitamine E e F aiuta a mantenere l\u2019elasticit\u00e0 della pelle, proteggendola dagli agenti esterni.  Applicare il fluido sul corpo con movimenti circolari fino a completo assorbimento, preferibilmente dopo la doccia o il bagno per una maggiore efficacia idratante. Utilizzare quotidianamente per mantenere la pelle nutrita e protetta.  Il fluido corpo \u00e8 confezionato in un flacone da 150 ml, realizzato con plastica riciclata per ridurre l'impatto ambientale. Il tappo e il flacone sono riciclabili, favorendo un ciclo produttivo ecologico e sostenibile.","og_url":"https:\/\/eticoshop.it\/en\/negozio\/cosmesi\/trattamenti-corpo\/fluido-corpo-nutriente-olio-extravergine-di-oliva-e-argan\/","og_site_name":"\u00c8tico","og_image":[{"width":2000,"height":2000,"url":"https:\/\/eticoshop.it\/wp-content\/uploads\/2024\/06\/olio-extra-e-argan-copia.png","type":"image\/png"}],"twitter_card":"summary_large_image","twitter_misc":{"Estimated reading time":"1 minute"},"schema":{"@context":"https:\/\/schema.org","@graph":[{"@type":"WebPage","@id":"https:\/\/eticoshop.it\/negozio\/cosmesi\/trattamenti-corpo\/fluido-corpo-nutriente-olio-extravergine-di-oliva-e-argan\/","url":"https:\/\/eticoshop.it\/negozio\/cosmesi\/trattamenti-corpo\/fluido-corpo-nutriente-olio-extravergine-di-oliva-e-argan\/","name":"Fluido Corpo Nutriente - Olio Extravergine di Oliva e Argan - \u00c8tico","isPartOf":{"@id":"https:\/\/eticoshop.it\/#website"},"primaryImageOfPage":{"@id":"https:\/\/eticoshop.it\/negozio\/cosmesi\/trattamenti-corpo\/fluido-corpo-nutriente-olio-extravergine-di-oliva-e-argan\/#primaryimage"},"image":{"@id":"https:\/\/eticoshop.it\/negozio\/cosmesi\/trattamenti-corpo\/fluido-corpo-nutriente-olio-extravergine-di-oliva-e-argan\/#primaryimage"},"thumbnailUrl":"https:\/\/eticoshop.it\/wp-content\/uploads\/2024\/06\/olio-extra-e-argan-copia.png","datePublished":"2024-06-21T15:39:02+00:00","breadcrumb":{"@id":"https:\/\/eticoshop.it\/negozio\/cosmesi\/trattamenti-corpo\/fluido-corpo-nutriente-olio-extravergine-di-oliva-e-argan\/#breadcrumb"},"inLanguage":"en-GB","potentialAction":[{"@type":"ReadAction","target":["https:\/\/eticoshop.it\/negozio\/cosmesi\/trattamenti-corpo\/fluido-corpo-nutriente-olio-extravergine-di-oliva-e-argan\/"]}]},{"@type":"ImageObject","inLanguage":"en-GB","@id":"https:\/\/eticoshop.it\/negozio\/cosmesi\/trattamenti-corpo\/fluido-corpo-nutriente-olio-extravergine-di-oliva-e-argan\/#primaryimage","url":"https:\/\/eticoshop.it\/wp-content\/uploads\/2024\/06\/olio-extra-e-argan-copia.png","contentUrl":"https:\/\/eticoshop.it\/wp-content\/uploads\/2024\/06\/olio-extra-e-argan-copia.png","width":2000,"height":2000,"caption":"fluido corpo nutriente"},{"@type":"BreadcrumbList","@id":"https:\/\/eticoshop.it\/negozio\/cosmesi\/trattamenti-corpo\/fluido-corpo-nutriente-olio-extravergine-di-oliva-e-argan\/#breadcrumb","itemListElement":[{"@type":"ListItem","position":1,"name":"Home","item":"https:\/\/eticoshop.it\/"},{"@type":"ListItem","position":2,"name":"Shop","item":"https:\/\/eticoshop.it\/negozio\/"},{"@type":"ListItem","position":3,"name":"Cosmesi","item":"https:\/\/eticoshop.it\/categoria-prodotto\/cosmesi\/"},{"@type":"ListItem","position":4,"name":"Fluido Corpo Nutriente &#8211; Olio Extravergine di Oliva e Argan"}]},{"@type":"WebSite","@id":"https:\/\/eticoshop.it\/#website","url":"https:\/\/eticoshop.it\/","name":"\u00c8tico","description":"","publisher":{"@id":"https:\/\/eticoshop.it\/#organization"},"potentialAction":[{"@type":"SearchAction","target":{"@type":"EntryPoint","urlTemplate":"https:\/\/eticoshop.it\/?s={search_term_string}"},"query-input":{"@type":"PropertyValueSpecification","valueRequired":true,"valueName":"search_term_string"}}],"inLanguage":"en-GB"},{"@type":"Organization","@id":"https:\/\/eticoshop.it\/#organization","name":"\u00c8tico","url":"https:\/\/eticoshop.it\/","logo":{"@type":"ImageObject","inLanguage":"en-GB","@id":"https:\/\/eticoshop.it\/#\/schema\/logo\/image\/","url":"https:\/\/eticoshop.it\/wp-content\/uploads\/2023\/09\/logo-etico.svg","contentUrl":"https:\/\/eticoshop.it\/wp-content\/uploads\/2023\/09\/logo-etico.svg","width":973,"height":360,"caption":"\u00c8tico"},"image":{"@id":"https:\/\/eticoshop.it\/#\/schema\/logo\/image\/"}}]}},"_links":{"self":[{"href":"https:\/\/eticoshop.it\/en\/wp-json\/wp\/v2\/product\/8324","targetHints":{"allow":["GET"]}}],"collection":[{"href":"https:\/\/eticoshop.it\/en\/wp-json\/wp\/v2\/product"}],"about":[{"href":"https:\/\/eticoshop.it\/en\/wp-json\/wp\/v2\/types\/product"}],"wp:featuredmedia":[{"embeddable":true,"href":"https:\/\/eticoshop.it\/en\/wp-json\/wp\/v2\/media\/8327"}],"wp:attachment":[{"href":"https:\/\/eticoshop.it\/en\/wp-json\/wp\/v2\/media?parent=8324"}],"wp:term":[{"taxonomy":"product_brand","embeddable":true,"href":"https:\/\/eticoshop.it\/en\/wp-json\/wp\/v2\/product_brand?post=8324"},{"taxonomy":"product_cat","embeddable":true,"href":"https:\/\/eticoshop.it\/en\/wp-json\/wp\/v2\/product_cat?post=8324"},{"taxonomy":"product_tag","embeddable":true,"href":"https:\/\/eticoshop.it\/en\/wp-json\/wp\/v2\/product_tag?post=8324"}],"curies":[{"name":"wp","href":"https:\/\/api.w.org\/{rel}","templated":true}]}}