





















{"id":8328,"date":"2024-06-21T17:36:55","date_gmt":"2024-06-21T15:36:55","guid":{"rendered":"https:\/\/eticoshop.it\/?post_type=product&#038;p=8328"},"modified":"2024-06-21T17:36:55","modified_gmt":"2024-06-21T15:36:55","slug":"olio-gel-struccante","status":"publish","type":"product","link":"https:\/\/eticoshop.it\/en\/negozio\/cosmesi\/trattamenti-skincare\/olio-gel-struccante\/","title":{"rendered":"Olio Gel Struccante"},"content":{"rendered":"<p>L&#8217;Olio Gel Struccante rimuove trucco e impurit\u00e0, trasformandosi in latte leggero con acqua, nutre la pelle con rosa mosqueta e olio di albicocca.<\/p>","protected":false},"excerpt":{"rendered":"<p>Questo olio gel struccante \u00e8 la soluzione perfetta per rimuovere efficacemente il trucco dal viso, dagli occhi e dalle labbra. La sua texture morbida e fondente si trasforma in un latte leggero a contatto con l&#8217;acqua, rimuovendo trucco e impurit\u00e0 senza lasciare residui oleosi. Ideale per la doppia detersione, questo prodotto non solo pulisce, ma nutre anche la pelle grazie alla presenza di rosa mosqueta e olio di albicocca, arricchiti con vitamine E e F. Perfetto per tutti i tipi di pelle, inclusa quella sensibile.<\/p>\n<p>Applicare una piccola quantit\u00e0 di gel sul viso asciutto, massaggiare delicatamente per sciogliere il trucco e le impurit\u00e0, quindi risciacquare con acqua tiepida. A contatto con l&#8217;acqua, il gel si trasforma in un leggero latte che lascia la pelle morbida e pulita. Utilizzare quotidianamente per una pelle sempre luminosa e ben detersa.<\/p>\n<p>Il prodotto \u00e8 confezionato in un barattolo da 50 ml con coperchio in alluminio riciclabile e corpo in plastica, con un design che riflette l&#8217;attenzione alla sostenibilit\u00e0 e alla praticit\u00e0 d&#8217;uso. Il packaging \u00e8 completamente riciclabile, sottolineando l&#8217;impegno del brand verso l&#8217;ambiente.<\/p>\n<p>&nbsp;<\/p>","protected":false},"featured_media":8331,"template":"","meta":{"_acf_changed":false,"inline_featured_image":false},"product_brand":[],"product_cat":[29,155],"product_tag":[106,144,218,151,232,194,213,163],"class_list":{"0":"post-8328","1":"product","2":"type-product","3":"status-publish","4":"has-post-thumbnail","6":"product_cat-cosmesi","7":"product_cat-trattamenti-skincare","8":"product_tag-biologico","9":"product_tag-cura-della-pelle-del-viso","10":"product_tag-delicato","11":"product_tag-idratazione","12":"product_tag-lenitivo","13":"product_tag-pelli-sensibili","14":"product_tag-senza-risciacquo","15":"product_tag-trattamento-naturale","17":"first","18":"instock","19":"taxable","20":"shipping-taxable","21":"purchasable","22":"product-type-simple"},"acf":[],"yoast_head":"<!-- This site is optimized with the Yoast SEO plugin v27.4 - https:\/\/yoast.com\/product\/yoast-seo-wordpress\/ -->\n<title>Olio Gel Struccante - \u00c8tico<\/title>\n<meta name=\"robots\" content=\"index, follow, max-snippet:-1, max-image-preview:large, max-video-preview:-1\" \/>\n<link rel=\"canonical\" href=\"https:\/\/eticoshop.it\/en\/negozio\/cosmesi\/trattamenti-skincare\/olio-gel-struccante\/\" \/>\n<meta property=\"og:locale\" content=\"en_GB\" \/>\n<meta property=\"og:type\" content=\"article\" \/>\n<meta property=\"og:title\" content=\"Olio Gel Struccante - \u00c8tico\" \/>\n<meta property=\"og:description\" content=\"Questo olio gel struccante \u00e8 la soluzione perfetta per rimuovere efficacemente il trucco dal viso, dagli occhi e dalle labbra. La sua texture morbida e fondente si trasforma in un latte leggero a contatto con l&#039;acqua, rimuovendo trucco e impurit\u00e0 senza lasciare residui oleosi. Ideale per la doppia detersione, questo prodotto non solo pulisce, ma nutre anche la pelle grazie alla presenza di rosa mosqueta e olio di albicocca, arricchiti con vitamine E e F. Perfetto per tutti i tipi di pelle, inclusa quella sensibile.  Applicare una piccola quantit\u00e0 di gel sul viso asciutto, massaggiare delicatamente per sciogliere il trucco e le impurit\u00e0, quindi risciacquare con acqua tiepida. A contatto con l&#039;acqua, il gel si trasforma in un leggero latte che lascia la pelle morbida e pulita. Utilizzare quotidianamente per una pelle sempre luminosa e ben detersa.  Il prodotto \u00e8 confezionato in un barattolo da 50 ml con coperchio in alluminio riciclabile e corpo in plastica, con un design che riflette l&#039;attenzione alla sostenibilit\u00e0 e alla praticit\u00e0 d&#039;uso. Il packaging \u00e8 completamente riciclabile, sottolineando l&#039;impegno del brand verso l&#039;ambiente.  &nbsp;\" \/>\n<meta property=\"og:url\" content=\"https:\/\/eticoshop.it\/en\/negozio\/cosmesi\/trattamenti-skincare\/olio-gel-struccante\/\" \/>\n<meta property=\"og:site_name\" content=\"\u00c8tico\" \/>\n<meta property=\"og:image\" content=\"https:\/\/eticoshop.it\/wp-content\/uploads\/2024\/06\/olio-gel-struccante-1000.png\" \/>\n\t<meta property=\"og:image:width\" content=\"1000\" \/>\n\t<meta property=\"og:image:height\" content=\"1000\" \/>\n\t<meta property=\"og:image:type\" content=\"image\/png\" \/>\n<meta name=\"twitter:card\" content=\"summary_large_image\" \/>\n<meta name=\"twitter:label1\" content=\"Estimated reading time\" \/>\n\t<meta name=\"twitter:data1\" content=\"1 minute\" \/>\n<script type=\"application\/ld+json\" class=\"yoast-schema-graph\">{\"@context\":\"https:\\\/\\\/schema.org\",\"@graph\":[{\"@type\":\"WebPage\",\"@id\":\"https:\\\/\\\/eticoshop.it\\\/negozio\\\/cosmesi\\\/trattamenti-skincare\\\/olio-gel-struccante\\\/\",\"url\":\"https:\\\/\\\/eticoshop.it\\\/negozio\\\/cosmesi\\\/trattamenti-skincare\\\/olio-gel-struccante\\\/\",\"name\":\"Olio Gel Struccante - \u00c8tico\",\"isPartOf\":{\"@id\":\"https:\\\/\\\/eticoshop.it\\\/#website\"},\"primaryImageOfPage\":{\"@id\":\"https:\\\/\\\/eticoshop.it\\\/negozio\\\/cosmesi\\\/trattamenti-skincare\\\/olio-gel-struccante\\\/#primaryimage\"},\"image\":{\"@id\":\"https:\\\/\\\/eticoshop.it\\\/negozio\\\/cosmesi\\\/trattamenti-skincare\\\/olio-gel-struccante\\\/#primaryimage\"},\"thumbnailUrl\":\"https:\\\/\\\/eticoshop.it\\\/wp-content\\\/uploads\\\/2024\\\/06\\\/olio-gel-struccante-1000.png\",\"datePublished\":\"2024-06-21T15:36:55+00:00\",\"breadcrumb\":{\"@id\":\"https:\\\/\\\/eticoshop.it\\\/negozio\\\/cosmesi\\\/trattamenti-skincare\\\/olio-gel-struccante\\\/#breadcrumb\"},\"inLanguage\":\"en-GB\",\"potentialAction\":[{\"@type\":\"ReadAction\",\"target\":[\"https:\\\/\\\/eticoshop.it\\\/negozio\\\/cosmesi\\\/trattamenti-skincare\\\/olio-gel-struccante\\\/\"]}]},{\"@type\":\"ImageObject\",\"inLanguage\":\"en-GB\",\"@id\":\"https:\\\/\\\/eticoshop.it\\\/negozio\\\/cosmesi\\\/trattamenti-skincare\\\/olio-gel-struccante\\\/#primaryimage\",\"url\":\"https:\\\/\\\/eticoshop.it\\\/wp-content\\\/uploads\\\/2024\\\/06\\\/olio-gel-struccante-1000.png\",\"contentUrl\":\"https:\\\/\\\/eticoshop.it\\\/wp-content\\\/uploads\\\/2024\\\/06\\\/olio-gel-struccante-1000.png\",\"width\":1000,\"height\":1000,\"caption\":\"olio gel struccante\"},{\"@type\":\"BreadcrumbList\",\"@id\":\"https:\\\/\\\/eticoshop.it\\\/negozio\\\/cosmesi\\\/trattamenti-skincare\\\/olio-gel-struccante\\\/#breadcrumb\",\"itemListElement\":[{\"@type\":\"ListItem\",\"position\":1,\"name\":\"Home\",\"item\":\"https:\\\/\\\/eticoshop.it\\\/\"},{\"@type\":\"ListItem\",\"position\":2,\"name\":\"Shop\",\"item\":\"https:\\\/\\\/eticoshop.it\\\/negozio\\\/\"},{\"@type\":\"ListItem\",\"position\":3,\"name\":\"Cosmesi\",\"item\":\"https:\\\/\\\/eticoshop.it\\\/categoria-prodotto\\\/cosmesi\\\/\"},{\"@type\":\"ListItem\",\"position\":4,\"name\":\"Olio Gel Struccante\"}]},{\"@type\":\"WebSite\",\"@id\":\"https:\\\/\\\/eticoshop.it\\\/#website\",\"url\":\"https:\\\/\\\/eticoshop.it\\\/\",\"name\":\"\u00c8tico\",\"description\":\"\",\"publisher\":{\"@id\":\"https:\\\/\\\/eticoshop.it\\\/#organization\"},\"potentialAction\":[{\"@type\":\"SearchAction\",\"target\":{\"@type\":\"EntryPoint\",\"urlTemplate\":\"https:\\\/\\\/eticoshop.it\\\/?s={search_term_string}\"},\"query-input\":{\"@type\":\"PropertyValueSpecification\",\"valueRequired\":true,\"valueName\":\"search_term_string\"}}],\"inLanguage\":\"en-GB\"},{\"@type\":\"Organization\",\"@id\":\"https:\\\/\\\/eticoshop.it\\\/#organization\",\"name\":\"\u00c8tico\",\"url\":\"https:\\\/\\\/eticoshop.it\\\/\",\"logo\":{\"@type\":\"ImageObject\",\"inLanguage\":\"en-GB\",\"@id\":\"https:\\\/\\\/eticoshop.it\\\/#\\\/schema\\\/logo\\\/image\\\/\",\"url\":\"https:\\\/\\\/eticoshop.it\\\/wp-content\\\/uploads\\\/2023\\\/09\\\/logo-etico.svg\",\"contentUrl\":\"https:\\\/\\\/eticoshop.it\\\/wp-content\\\/uploads\\\/2023\\\/09\\\/logo-etico.svg\",\"width\":973,\"height\":360,\"caption\":\"\u00c8tico\"},\"image\":{\"@id\":\"https:\\\/\\\/eticoshop.it\\\/#\\\/schema\\\/logo\\\/image\\\/\"}}]}<\/script>\n<!-- \/ Yoast SEO plugin. -->","yoast_head_json":{"title":"Olio Gel Struccante - \u00c8tico","robots":{"index":"index","follow":"follow","max-snippet":"max-snippet:-1","max-image-preview":"max-image-preview:large","max-video-preview":"max-video-preview:-1"},"canonical":"https:\/\/eticoshop.it\/en\/negozio\/cosmesi\/trattamenti-skincare\/olio-gel-struccante\/","og_locale":"en_GB","og_type":"article","og_title":"Olio Gel Struccante - \u00c8tico","og_description":"Questo olio gel struccante \u00e8 la soluzione perfetta per rimuovere efficacemente il trucco dal viso, dagli occhi e dalle labbra. La sua texture morbida e fondente si trasforma in un latte leggero a contatto con l'acqua, rimuovendo trucco e impurit\u00e0 senza lasciare residui oleosi. Ideale per la doppia detersione, questo prodotto non solo pulisce, ma nutre anche la pelle grazie alla presenza di rosa mosqueta e olio di albicocca, arricchiti con vitamine E e F. Perfetto per tutti i tipi di pelle, inclusa quella sensibile.  Applicare una piccola quantit\u00e0 di gel sul viso asciutto, massaggiare delicatamente per sciogliere il trucco e le impurit\u00e0, quindi risciacquare con acqua tiepida. A contatto con l'acqua, il gel si trasforma in un leggero latte che lascia la pelle morbida e pulita. Utilizzare quotidianamente per una pelle sempre luminosa e ben detersa.  Il prodotto \u00e8 confezionato in un barattolo da 50 ml con coperchio in alluminio riciclabile e corpo in plastica, con un design che riflette l'attenzione alla sostenibilit\u00e0 e alla praticit\u00e0 d'uso. Il packaging \u00e8 completamente riciclabile, sottolineando l'impegno del brand verso l'ambiente.  &nbsp;","og_url":"https:\/\/eticoshop.it\/en\/negozio\/cosmesi\/trattamenti-skincare\/olio-gel-struccante\/","og_site_name":"\u00c8tico","og_image":[{"width":1000,"height":1000,"url":"https:\/\/eticoshop.it\/wp-content\/uploads\/2024\/06\/olio-gel-struccante-1000.png","type":"image\/png"}],"twitter_card":"summary_large_image","twitter_misc":{"Estimated reading time":"1 minute"},"schema":{"@context":"https:\/\/schema.org","@graph":[{"@type":"WebPage","@id":"https:\/\/eticoshop.it\/negozio\/cosmesi\/trattamenti-skincare\/olio-gel-struccante\/","url":"https:\/\/eticoshop.it\/negozio\/cosmesi\/trattamenti-skincare\/olio-gel-struccante\/","name":"Olio Gel Struccante - \u00c8tico","isPartOf":{"@id":"https:\/\/eticoshop.it\/#website"},"primaryImageOfPage":{"@id":"https:\/\/eticoshop.it\/negozio\/cosmesi\/trattamenti-skincare\/olio-gel-struccante\/#primaryimage"},"image":{"@id":"https:\/\/eticoshop.it\/negozio\/cosmesi\/trattamenti-skincare\/olio-gel-struccante\/#primaryimage"},"thumbnailUrl":"https:\/\/eticoshop.it\/wp-content\/uploads\/2024\/06\/olio-gel-struccante-1000.png","datePublished":"2024-06-21T15:36:55+00:00","breadcrumb":{"@id":"https:\/\/eticoshop.it\/negozio\/cosmesi\/trattamenti-skincare\/olio-gel-struccante\/#breadcrumb"},"inLanguage":"en-GB","potentialAction":[{"@type":"ReadAction","target":["https:\/\/eticoshop.it\/negozio\/cosmesi\/trattamenti-skincare\/olio-gel-struccante\/"]}]},{"@type":"ImageObject","inLanguage":"en-GB","@id":"https:\/\/eticoshop.it\/negozio\/cosmesi\/trattamenti-skincare\/olio-gel-struccante\/#primaryimage","url":"https:\/\/eticoshop.it\/wp-content\/uploads\/2024\/06\/olio-gel-struccante-1000.png","contentUrl":"https:\/\/eticoshop.it\/wp-content\/uploads\/2024\/06\/olio-gel-struccante-1000.png","width":1000,"height":1000,"caption":"olio gel struccante"},{"@type":"BreadcrumbList","@id":"https:\/\/eticoshop.it\/negozio\/cosmesi\/trattamenti-skincare\/olio-gel-struccante\/#breadcrumb","itemListElement":[{"@type":"ListItem","position":1,"name":"Home","item":"https:\/\/eticoshop.it\/"},{"@type":"ListItem","position":2,"name":"Shop","item":"https:\/\/eticoshop.it\/negozio\/"},{"@type":"ListItem","position":3,"name":"Cosmesi","item":"https:\/\/eticoshop.it\/categoria-prodotto\/cosmesi\/"},{"@type":"ListItem","position":4,"name":"Olio Gel Struccante"}]},{"@type":"WebSite","@id":"https:\/\/eticoshop.it\/#website","url":"https:\/\/eticoshop.it\/","name":"\u00c8tico","description":"","publisher":{"@id":"https:\/\/eticoshop.it\/#organization"},"potentialAction":[{"@type":"SearchAction","target":{"@type":"EntryPoint","urlTemplate":"https:\/\/eticoshop.it\/?s={search_term_string}"},"query-input":{"@type":"PropertyValueSpecification","valueRequired":true,"valueName":"search_term_string"}}],"inLanguage":"en-GB"},{"@type":"Organization","@id":"https:\/\/eticoshop.it\/#organization","name":"\u00c8tico","url":"https:\/\/eticoshop.it\/","logo":{"@type":"ImageObject","inLanguage":"en-GB","@id":"https:\/\/eticoshop.it\/#\/schema\/logo\/image\/","url":"https:\/\/eticoshop.it\/wp-content\/uploads\/2023\/09\/logo-etico.svg","contentUrl":"https:\/\/eticoshop.it\/wp-content\/uploads\/2023\/09\/logo-etico.svg","width":973,"height":360,"caption":"\u00c8tico"},"image":{"@id":"https:\/\/eticoshop.it\/#\/schema\/logo\/image\/"}}]}},"_links":{"self":[{"href":"https:\/\/eticoshop.it\/en\/wp-json\/wp\/v2\/product\/8328","targetHints":{"allow":["GET"]}}],"collection":[{"href":"https:\/\/eticoshop.it\/en\/wp-json\/wp\/v2\/product"}],"about":[{"href":"https:\/\/eticoshop.it\/en\/wp-json\/wp\/v2\/types\/product"}],"wp:featuredmedia":[{"embeddable":true,"href":"https:\/\/eticoshop.it\/en\/wp-json\/wp\/v2\/media\/8331"}],"wp:attachment":[{"href":"https:\/\/eticoshop.it\/en\/wp-json\/wp\/v2\/media?parent=8328"}],"wp:term":[{"taxonomy":"product_brand","embeddable":true,"href":"https:\/\/eticoshop.it\/en\/wp-json\/wp\/v2\/product_brand?post=8328"},{"taxonomy":"product_cat","embeddable":true,"href":"https:\/\/eticoshop.it\/en\/wp-json\/wp\/v2\/product_cat?post=8328"},{"taxonomy":"product_tag","embeddable":true,"href":"https:\/\/eticoshop.it\/en\/wp-json\/wp\/v2\/product_tag?post=8328"}],"curies":[{"name":"wp","href":"https:\/\/api.w.org\/{rel}","templated":true}]}}