





















{"id":8347,"date":"2024-06-21T17:39:03","date_gmt":"2024-06-21T15:39:03","guid":{"rendered":"https:\/\/eticoshop.it\/?post_type=product&#038;p=8347"},"modified":"2024-06-21T17:39:03","modified_gmt":"2024-06-21T15:39:03","slug":"crema-viso-idratante-aloe-vera-e-argan","status":"publish","type":"product","link":"https:\/\/eticoshop.it\/en\/negozio\/cosmesi\/trattamenti-skincare\/crema-viso-idratante-aloe-vera-e-argan\/","title":{"rendered":"Crema Viso Idratante &#8211; Aloe Vera e Argan"},"content":{"rendered":"<p>La Crema Viso Idratante Aloe Vera e Argan idrata e purifica pelli miste e grasse con aloe, argan, e fiori d&#8217;arancio, senza appesantire.<\/p>","protected":false},"excerpt":{"rendered":"<p>La Crema Viso Idratante Aloe Vera e Argan \u00e8 ideale per pelli miste e grasse. La sua formulazione combina le propriet\u00e0 idratanti e lenitive dell&#8217;Aloe Vera con quelle nutrienti e rigeneranti dell&#8217;olio di Argan, offrendo un&#8217;idratazione equilibrata e una texture leggera. Contiene anche estratto di fiori d&#8217;arancio, noto per le sue propriet\u00e0 purificanti. Questa crema \u00e8 perfetta per chi cerca un trattamento idratante quotidiano che non appesantisca la pelle e la prepari al meglio per il trucco.<\/p>\n<p>Applicare una piccola quantit\u00e0 di crema sul viso pulito e massaggiare delicatamente fino a completo assorbimento. Utilizzare mattina e sera per mantenere la pelle idratata e bilanciata.<\/p>\n<p>Il prodotto \u00e8 confezionato in un pratico flacone airless da 50 ml, che garantisce una conservazione ottimale e una facile erogazione senza sprechi. Il flacone \u00e8 riciclabile, realizzato in plastica di alta qualit\u00e0 per garantire la massima protezione e durata del prodotto. La scelta del packaging riflette l&#8217;impegno dell&#8217;azienda verso la sostenibilit\u00e0 e la riduzione degli sprechi.<\/p>","protected":false},"featured_media":8349,"template":"","meta":{"_acf_changed":false,"inline_featured_image":false},"product_brand":[],"product_cat":[29,155],"product_tag":[197,171,106,151,224,216,268,163],"class_list":{"0":"post-8347","1":"product","2":"type-product","3":"status-publish","4":"has-post-thumbnail","6":"product_cat-cosmesi","7":"product_cat-trattamenti-skincare","8":"product_tag-antiage","9":"product_tag-assorbimento-rapido","10":"product_tag-biologico","11":"product_tag-idratazione","12":"product_tag-lenitiva","13":"product_tag-nutriente","14":"product_tag-pelli-secche","15":"product_tag-trattamento-naturale","17":"first","18":"instock","19":"taxable","20":"shipping-taxable","21":"purchasable","22":"product-type-simple"},"acf":[],"yoast_head":"<!-- This site is optimized with the Yoast SEO plugin v27.3 - https:\/\/yoast.com\/product\/yoast-seo-wordpress\/ -->\n<title>Crema Viso Idratante - Aloe Vera e Argan - \u00c8tico<\/title>\n<meta name=\"robots\" content=\"index, follow, max-snippet:-1, max-image-preview:large, max-video-preview:-1\" \/>\n<link rel=\"canonical\" href=\"https:\/\/eticoshop.it\/en\/negozio\/cosmesi\/trattamenti-skincare\/crema-viso-idratante-aloe-vera-e-argan\/\" \/>\n<meta property=\"og:locale\" content=\"en_GB\" \/>\n<meta property=\"og:type\" content=\"article\" \/>\n<meta property=\"og:title\" content=\"Crema Viso Idratante - Aloe Vera e Argan - \u00c8tico\" \/>\n<meta property=\"og:description\" content=\"La Crema Viso Idratante Aloe Vera e Argan \u00e8 ideale per pelli miste e grasse. La sua formulazione combina le propriet\u00e0 idratanti e lenitive dell&#039;Aloe Vera con quelle nutrienti e rigeneranti dell&#039;olio di Argan, offrendo un&#039;idratazione equilibrata e una texture leggera. Contiene anche estratto di fiori d&#039;arancio, noto per le sue propriet\u00e0 purificanti. Questa crema \u00e8 perfetta per chi cerca un trattamento idratante quotidiano che non appesantisca la pelle e la prepari al meglio per il trucco.  Applicare una piccola quantit\u00e0 di crema sul viso pulito e massaggiare delicatamente fino a completo assorbimento. Utilizzare mattina e sera per mantenere la pelle idratata e bilanciata.  Il prodotto \u00e8 confezionato in un pratico flacone airless da 50 ml, che garantisce una conservazione ottimale e una facile erogazione senza sprechi. Il flacone \u00e8 riciclabile, realizzato in plastica di alta qualit\u00e0 per garantire la massima protezione e durata del prodotto. La scelta del packaging riflette l&#039;impegno dell&#039;azienda verso la sostenibilit\u00e0 e la riduzione degli sprechi.\" \/>\n<meta property=\"og:url\" content=\"https:\/\/eticoshop.it\/en\/negozio\/cosmesi\/trattamenti-skincare\/crema-viso-idratante-aloe-vera-e-argan\/\" \/>\n<meta property=\"og:site_name\" content=\"\u00c8tico\" \/>\n<meta property=\"og:image\" content=\"https:\/\/eticoshop.it\/wp-content\/uploads\/2024\/06\/aloe-vera-argan-copia.png\" \/>\n\t<meta property=\"og:image:width\" content=\"2000\" \/>\n\t<meta property=\"og:image:height\" content=\"2000\" \/>\n\t<meta property=\"og:image:type\" content=\"image\/png\" \/>\n<meta name=\"twitter:card\" content=\"summary_large_image\" \/>\n<meta name=\"twitter:label1\" content=\"Estimated reading time\" \/>\n\t<meta name=\"twitter:data1\" content=\"1 minute\" \/>\n<script type=\"application\/ld+json\" class=\"yoast-schema-graph\">{\"@context\":\"https:\\\/\\\/schema.org\",\"@graph\":[{\"@type\":\"WebPage\",\"@id\":\"https:\\\/\\\/eticoshop.it\\\/negozio\\\/cosmesi\\\/trattamenti-skincare\\\/crema-viso-idratante-aloe-vera-e-argan\\\/\",\"url\":\"https:\\\/\\\/eticoshop.it\\\/negozio\\\/cosmesi\\\/trattamenti-skincare\\\/crema-viso-idratante-aloe-vera-e-argan\\\/\",\"name\":\"Crema Viso Idratante - Aloe Vera e Argan - \u00c8tico\",\"isPartOf\":{\"@id\":\"https:\\\/\\\/eticoshop.it\\\/#website\"},\"primaryImageOfPage\":{\"@id\":\"https:\\\/\\\/eticoshop.it\\\/negozio\\\/cosmesi\\\/trattamenti-skincare\\\/crema-viso-idratante-aloe-vera-e-argan\\\/#primaryimage\"},\"image\":{\"@id\":\"https:\\\/\\\/eticoshop.it\\\/negozio\\\/cosmesi\\\/trattamenti-skincare\\\/crema-viso-idratante-aloe-vera-e-argan\\\/#primaryimage\"},\"thumbnailUrl\":\"https:\\\/\\\/eticoshop.it\\\/wp-content\\\/uploads\\\/2024\\\/06\\\/aloe-vera-argan-copia.png\",\"datePublished\":\"2024-06-21T15:39:03+00:00\",\"breadcrumb\":{\"@id\":\"https:\\\/\\\/eticoshop.it\\\/negozio\\\/cosmesi\\\/trattamenti-skincare\\\/crema-viso-idratante-aloe-vera-e-argan\\\/#breadcrumb\"},\"inLanguage\":\"en-GB\",\"potentialAction\":[{\"@type\":\"ReadAction\",\"target\":[\"https:\\\/\\\/eticoshop.it\\\/negozio\\\/cosmesi\\\/trattamenti-skincare\\\/crema-viso-idratante-aloe-vera-e-argan\\\/\"]}]},{\"@type\":\"ImageObject\",\"inLanguage\":\"en-GB\",\"@id\":\"https:\\\/\\\/eticoshop.it\\\/negozio\\\/cosmesi\\\/trattamenti-skincare\\\/crema-viso-idratante-aloe-vera-e-argan\\\/#primaryimage\",\"url\":\"https:\\\/\\\/eticoshop.it\\\/wp-content\\\/uploads\\\/2024\\\/06\\\/aloe-vera-argan-copia.png\",\"contentUrl\":\"https:\\\/\\\/eticoshop.it\\\/wp-content\\\/uploads\\\/2024\\\/06\\\/aloe-vera-argan-copia.png\",\"width\":2000,\"height\":2000,\"caption\":\"crema viso aloe argan\"},{\"@type\":\"BreadcrumbList\",\"@id\":\"https:\\\/\\\/eticoshop.it\\\/negozio\\\/cosmesi\\\/trattamenti-skincare\\\/crema-viso-idratante-aloe-vera-e-argan\\\/#breadcrumb\",\"itemListElement\":[{\"@type\":\"ListItem\",\"position\":1,\"name\":\"Home\",\"item\":\"https:\\\/\\\/eticoshop.it\\\/\"},{\"@type\":\"ListItem\",\"position\":2,\"name\":\"Shop\",\"item\":\"https:\\\/\\\/eticoshop.it\\\/negozio\\\/\"},{\"@type\":\"ListItem\",\"position\":3,\"name\":\"Cosmesi\",\"item\":\"https:\\\/\\\/eticoshop.it\\\/categoria-prodotto\\\/cosmesi\\\/\"},{\"@type\":\"ListItem\",\"position\":4,\"name\":\"Crema Viso Idratante &#8211; Aloe Vera e Argan\"}]},{\"@type\":\"WebSite\",\"@id\":\"https:\\\/\\\/eticoshop.it\\\/#website\",\"url\":\"https:\\\/\\\/eticoshop.it\\\/\",\"name\":\"\u00c8tico\",\"description\":\"\",\"publisher\":{\"@id\":\"https:\\\/\\\/eticoshop.it\\\/#organization\"},\"potentialAction\":[{\"@type\":\"SearchAction\",\"target\":{\"@type\":\"EntryPoint\",\"urlTemplate\":\"https:\\\/\\\/eticoshop.it\\\/?s={search_term_string}\"},\"query-input\":{\"@type\":\"PropertyValueSpecification\",\"valueRequired\":true,\"valueName\":\"search_term_string\"}}],\"inLanguage\":\"en-GB\"},{\"@type\":\"Organization\",\"@id\":\"https:\\\/\\\/eticoshop.it\\\/#organization\",\"name\":\"\u00c8tico\",\"url\":\"https:\\\/\\\/eticoshop.it\\\/\",\"logo\":{\"@type\":\"ImageObject\",\"inLanguage\":\"en-GB\",\"@id\":\"https:\\\/\\\/eticoshop.it\\\/#\\\/schema\\\/logo\\\/image\\\/\",\"url\":\"https:\\\/\\\/eticoshop.it\\\/wp-content\\\/uploads\\\/2023\\\/09\\\/logo-etico.svg\",\"contentUrl\":\"https:\\\/\\\/eticoshop.it\\\/wp-content\\\/uploads\\\/2023\\\/09\\\/logo-etico.svg\",\"width\":973,\"height\":360,\"caption\":\"\u00c8tico\"},\"image\":{\"@id\":\"https:\\\/\\\/eticoshop.it\\\/#\\\/schema\\\/logo\\\/image\\\/\"}}]}<\/script>\n<!-- \/ Yoast SEO plugin. -->","yoast_head_json":{"title":"Crema Viso Idratante - Aloe Vera e Argan - \u00c8tico","robots":{"index":"index","follow":"follow","max-snippet":"max-snippet:-1","max-image-preview":"max-image-preview:large","max-video-preview":"max-video-preview:-1"},"canonical":"https:\/\/eticoshop.it\/en\/negozio\/cosmesi\/trattamenti-skincare\/crema-viso-idratante-aloe-vera-e-argan\/","og_locale":"en_GB","og_type":"article","og_title":"Crema Viso Idratante - Aloe Vera e Argan - \u00c8tico","og_description":"La Crema Viso Idratante Aloe Vera e Argan \u00e8 ideale per pelli miste e grasse. La sua formulazione combina le propriet\u00e0 idratanti e lenitive dell'Aloe Vera con quelle nutrienti e rigeneranti dell'olio di Argan, offrendo un'idratazione equilibrata e una texture leggera. Contiene anche estratto di fiori d'arancio, noto per le sue propriet\u00e0 purificanti. Questa crema \u00e8 perfetta per chi cerca un trattamento idratante quotidiano che non appesantisca la pelle e la prepari al meglio per il trucco.  Applicare una piccola quantit\u00e0 di crema sul viso pulito e massaggiare delicatamente fino a completo assorbimento. Utilizzare mattina e sera per mantenere la pelle idratata e bilanciata.  Il prodotto \u00e8 confezionato in un pratico flacone airless da 50 ml, che garantisce una conservazione ottimale e una facile erogazione senza sprechi. Il flacone \u00e8 riciclabile, realizzato in plastica di alta qualit\u00e0 per garantire la massima protezione e durata del prodotto. La scelta del packaging riflette l'impegno dell'azienda verso la sostenibilit\u00e0 e la riduzione degli sprechi.","og_url":"https:\/\/eticoshop.it\/en\/negozio\/cosmesi\/trattamenti-skincare\/crema-viso-idratante-aloe-vera-e-argan\/","og_site_name":"\u00c8tico","og_image":[{"width":2000,"height":2000,"url":"https:\/\/eticoshop.it\/wp-content\/uploads\/2024\/06\/aloe-vera-argan-copia.png","type":"image\/png"}],"twitter_card":"summary_large_image","twitter_misc":{"Estimated reading time":"1 minute"},"schema":{"@context":"https:\/\/schema.org","@graph":[{"@type":"WebPage","@id":"https:\/\/eticoshop.it\/negozio\/cosmesi\/trattamenti-skincare\/crema-viso-idratante-aloe-vera-e-argan\/","url":"https:\/\/eticoshop.it\/negozio\/cosmesi\/trattamenti-skincare\/crema-viso-idratante-aloe-vera-e-argan\/","name":"Crema Viso Idratante - Aloe Vera e Argan - \u00c8tico","isPartOf":{"@id":"https:\/\/eticoshop.it\/#website"},"primaryImageOfPage":{"@id":"https:\/\/eticoshop.it\/negozio\/cosmesi\/trattamenti-skincare\/crema-viso-idratante-aloe-vera-e-argan\/#primaryimage"},"image":{"@id":"https:\/\/eticoshop.it\/negozio\/cosmesi\/trattamenti-skincare\/crema-viso-idratante-aloe-vera-e-argan\/#primaryimage"},"thumbnailUrl":"https:\/\/eticoshop.it\/wp-content\/uploads\/2024\/06\/aloe-vera-argan-copia.png","datePublished":"2024-06-21T15:39:03+00:00","breadcrumb":{"@id":"https:\/\/eticoshop.it\/negozio\/cosmesi\/trattamenti-skincare\/crema-viso-idratante-aloe-vera-e-argan\/#breadcrumb"},"inLanguage":"en-GB","potentialAction":[{"@type":"ReadAction","target":["https:\/\/eticoshop.it\/negozio\/cosmesi\/trattamenti-skincare\/crema-viso-idratante-aloe-vera-e-argan\/"]}]},{"@type":"ImageObject","inLanguage":"en-GB","@id":"https:\/\/eticoshop.it\/negozio\/cosmesi\/trattamenti-skincare\/crema-viso-idratante-aloe-vera-e-argan\/#primaryimage","url":"https:\/\/eticoshop.it\/wp-content\/uploads\/2024\/06\/aloe-vera-argan-copia.png","contentUrl":"https:\/\/eticoshop.it\/wp-content\/uploads\/2024\/06\/aloe-vera-argan-copia.png","width":2000,"height":2000,"caption":"crema viso aloe argan"},{"@type":"BreadcrumbList","@id":"https:\/\/eticoshop.it\/negozio\/cosmesi\/trattamenti-skincare\/crema-viso-idratante-aloe-vera-e-argan\/#breadcrumb","itemListElement":[{"@type":"ListItem","position":1,"name":"Home","item":"https:\/\/eticoshop.it\/"},{"@type":"ListItem","position":2,"name":"Shop","item":"https:\/\/eticoshop.it\/negozio\/"},{"@type":"ListItem","position":3,"name":"Cosmesi","item":"https:\/\/eticoshop.it\/categoria-prodotto\/cosmesi\/"},{"@type":"ListItem","position":4,"name":"Crema Viso Idratante &#8211; Aloe Vera e Argan"}]},{"@type":"WebSite","@id":"https:\/\/eticoshop.it\/#website","url":"https:\/\/eticoshop.it\/","name":"\u00c8tico","description":"","publisher":{"@id":"https:\/\/eticoshop.it\/#organization"},"potentialAction":[{"@type":"SearchAction","target":{"@type":"EntryPoint","urlTemplate":"https:\/\/eticoshop.it\/?s={search_term_string}"},"query-input":{"@type":"PropertyValueSpecification","valueRequired":true,"valueName":"search_term_string"}}],"inLanguage":"en-GB"},{"@type":"Organization","@id":"https:\/\/eticoshop.it\/#organization","name":"\u00c8tico","url":"https:\/\/eticoshop.it\/","logo":{"@type":"ImageObject","inLanguage":"en-GB","@id":"https:\/\/eticoshop.it\/#\/schema\/logo\/image\/","url":"https:\/\/eticoshop.it\/wp-content\/uploads\/2023\/09\/logo-etico.svg","contentUrl":"https:\/\/eticoshop.it\/wp-content\/uploads\/2023\/09\/logo-etico.svg","width":973,"height":360,"caption":"\u00c8tico"},"image":{"@id":"https:\/\/eticoshop.it\/#\/schema\/logo\/image\/"}}]}},"_links":{"self":[{"href":"https:\/\/eticoshop.it\/en\/wp-json\/wp\/v2\/product\/8347","targetHints":{"allow":["GET"]}}],"collection":[{"href":"https:\/\/eticoshop.it\/en\/wp-json\/wp\/v2\/product"}],"about":[{"href":"https:\/\/eticoshop.it\/en\/wp-json\/wp\/v2\/types\/product"}],"wp:featuredmedia":[{"embeddable":true,"href":"https:\/\/eticoshop.it\/en\/wp-json\/wp\/v2\/media\/8349"}],"wp:attachment":[{"href":"https:\/\/eticoshop.it\/en\/wp-json\/wp\/v2\/media?parent=8347"}],"wp:term":[{"taxonomy":"product_brand","embeddable":true,"href":"https:\/\/eticoshop.it\/en\/wp-json\/wp\/v2\/product_brand?post=8347"},{"taxonomy":"product_cat","embeddable":true,"href":"https:\/\/eticoshop.it\/en\/wp-json\/wp\/v2\/product_cat?post=8347"},{"taxonomy":"product_tag","embeddable":true,"href":"https:\/\/eticoshop.it\/en\/wp-json\/wp\/v2\/product_tag?post=8347"}],"curies":[{"name":"wp","href":"https:\/\/api.w.org\/{rel}","templated":true}]}}