





















{"id":8351,"date":"2024-06-21T17:39:03","date_gmt":"2024-06-21T15:39:03","guid":{"rendered":"https:\/\/eticoshop.it\/?post_type=product&#038;p=8351"},"modified":"2024-06-21T17:39:03","modified_gmt":"2024-06-21T15:39:03","slug":"crema-viso-stay-pure","status":"publish","type":"product","link":"https:\/\/eticoshop.it\/en\/negozio\/cosmesi\/trattamenti-skincare\/crema-viso-stay-pure\/","title":{"rendered":"Crema Viso &#8211; Stay Pure"},"content":{"rendered":"<p>La Crema Viso Stay Pure purifica e riduce le imperfezioni con acido azelaico e acido shikimico, ideale per pelli miste e impure.<\/p>","protected":false},"excerpt":{"rendered":"<p>La Crema Viso Stay Pure \u00e8 ideale per chi desidera una pelle purificata e priva di imperfezioni. La sua formula innovativa, arricchita con acido azelaico e acido shikimico, assicura un effetto duraturo e una pelle dall&#8217;aspetto sano e luminoso. Questa crema \u00e8 perfetta per chi cerca un prodotto che unisca performance elevate a una composizione rispettosa della pelle e dell&#8217;ambiente. Ideale per chi ha pelle mista e impura e per chi preferisce prodotti naturali, senza rinunciare a un trattamento efficace contro le imperfezioni.<\/p>\n<p>Applicare la crema sul viso deterso, massaggiando delicatamente fino a completo assorbimento. Utilizzare mattina e sera per ottenere i migliori risultati. Per un effetto ancora pi\u00f9 visibile, integrare con altri prodotti della linea Stay Pure.<\/p>\n<p>Il packaging della crema \u00e8 realizzato con materiali riciclabili, sottolineando l&#8217;impegno del marchio verso la sostenibilit\u00e0 e l&#8217;attenzione all&#8217;ambiente. Il contenitore, di colore bianco con dettagli verdi e blu, \u00e8 caratterizzato da un design pratico e riciclabile.<\/p>","protected":false},"featured_media":8353,"template":"","meta":{"_acf_changed":false,"inline_featured_image":false},"product_brand":[],"product_cat":[29,155],"product_tag":[274,106,144,151,275,201,163],"class_list":{"0":"post-8351","1":"product","2":"type-product","3":"status-publish","4":"has-post-thumbnail","6":"product_cat-cosmesi","7":"product_cat-trattamenti-skincare","8":"product_tag-anti-imperfezioni","9":"product_tag-biologico","10":"product_tag-cura-della-pelle-del-viso","11":"product_tag-idratazione","12":"product_tag-pelli-grasse","13":"product_tag-purificante","14":"product_tag-trattamento-naturale","16":"first","17":"instock","18":"taxable","19":"shipping-taxable","20":"purchasable","21":"product-type-simple"},"acf":[],"yoast_head":"<!-- This site is optimized with the Yoast SEO plugin v27.5 - https:\/\/yoast.com\/product\/yoast-seo-wordpress\/ -->\n<title>Crema Viso - Stay Pure - \u00c8tico<\/title>\n<meta name=\"robots\" content=\"index, follow, max-snippet:-1, max-image-preview:large, max-video-preview:-1\" \/>\n<link rel=\"canonical\" href=\"https:\/\/eticoshop.it\/en\/negozio\/cosmesi\/trattamenti-skincare\/crema-viso-stay-pure\/\" \/>\n<meta property=\"og:locale\" content=\"en_GB\" \/>\n<meta property=\"og:type\" content=\"article\" \/>\n<meta property=\"og:title\" content=\"Crema Viso - Stay Pure - \u00c8tico\" \/>\n<meta property=\"og:description\" content=\"La Crema Viso Stay Pure \u00e8 ideale per chi desidera una pelle purificata e priva di imperfezioni. La sua formula innovativa, arricchita con acido azelaico e acido shikimico, assicura un effetto duraturo e una pelle dall&#039;aspetto sano e luminoso. Questa crema \u00e8 perfetta per chi cerca un prodotto che unisca performance elevate a una composizione rispettosa della pelle e dell&#039;ambiente. Ideale per chi ha pelle mista e impura e per chi preferisce prodotti naturali, senza rinunciare a un trattamento efficace contro le imperfezioni.  Applicare la crema sul viso deterso, massaggiando delicatamente fino a completo assorbimento. Utilizzare mattina e sera per ottenere i migliori risultati. Per un effetto ancora pi\u00f9 visibile, integrare con altri prodotti della linea Stay Pure.  Il packaging della crema \u00e8 realizzato con materiali riciclabili, sottolineando l&#039;impegno del marchio verso la sostenibilit\u00e0 e l&#039;attenzione all&#039;ambiente. Il contenitore, di colore bianco con dettagli verdi e blu, \u00e8 caratterizzato da un design pratico e riciclabile.\" \/>\n<meta property=\"og:url\" content=\"https:\/\/eticoshop.it\/en\/negozio\/cosmesi\/trattamenti-skincare\/crema-viso-stay-pure\/\" \/>\n<meta property=\"og:site_name\" content=\"\u00c8tico\" \/>\n<meta property=\"og:image\" content=\"https:\/\/eticoshop.it\/wp-content\/uploads\/2024\/06\/crema-viso-stay-pure-copia.png\" \/>\n\t<meta property=\"og:image:width\" content=\"2000\" \/>\n\t<meta property=\"og:image:height\" content=\"2000\" \/>\n\t<meta property=\"og:image:type\" content=\"image\/png\" \/>\n<meta name=\"twitter:card\" content=\"summary_large_image\" \/>\n<meta name=\"twitter:label1\" content=\"Estimated reading time\" \/>\n\t<meta name=\"twitter:data1\" content=\"1 minute\" \/>\n<script type=\"application\/ld+json\" class=\"yoast-schema-graph\">{\"@context\":\"https:\\\/\\\/schema.org\",\"@graph\":[{\"@type\":\"WebPage\",\"@id\":\"https:\\\/\\\/eticoshop.it\\\/negozio\\\/cosmesi\\\/trattamenti-skincare\\\/crema-viso-stay-pure\\\/\",\"url\":\"https:\\\/\\\/eticoshop.it\\\/negozio\\\/cosmesi\\\/trattamenti-skincare\\\/crema-viso-stay-pure\\\/\",\"name\":\"Crema Viso - Stay Pure - \u00c8tico\",\"isPartOf\":{\"@id\":\"https:\\\/\\\/eticoshop.it\\\/#website\"},\"primaryImageOfPage\":{\"@id\":\"https:\\\/\\\/eticoshop.it\\\/negozio\\\/cosmesi\\\/trattamenti-skincare\\\/crema-viso-stay-pure\\\/#primaryimage\"},\"image\":{\"@id\":\"https:\\\/\\\/eticoshop.it\\\/negozio\\\/cosmesi\\\/trattamenti-skincare\\\/crema-viso-stay-pure\\\/#primaryimage\"},\"thumbnailUrl\":\"https:\\\/\\\/eticoshop.it\\\/wp-content\\\/uploads\\\/2024\\\/06\\\/crema-viso-stay-pure-copia.png\",\"datePublished\":\"2024-06-21T15:39:03+00:00\",\"breadcrumb\":{\"@id\":\"https:\\\/\\\/eticoshop.it\\\/negozio\\\/cosmesi\\\/trattamenti-skincare\\\/crema-viso-stay-pure\\\/#breadcrumb\"},\"inLanguage\":\"en-GB\",\"potentialAction\":[{\"@type\":\"ReadAction\",\"target\":[\"https:\\\/\\\/eticoshop.it\\\/negozio\\\/cosmesi\\\/trattamenti-skincare\\\/crema-viso-stay-pure\\\/\"]}]},{\"@type\":\"ImageObject\",\"inLanguage\":\"en-GB\",\"@id\":\"https:\\\/\\\/eticoshop.it\\\/negozio\\\/cosmesi\\\/trattamenti-skincare\\\/crema-viso-stay-pure\\\/#primaryimage\",\"url\":\"https:\\\/\\\/eticoshop.it\\\/wp-content\\\/uploads\\\/2024\\\/06\\\/crema-viso-stay-pure-copia.png\",\"contentUrl\":\"https:\\\/\\\/eticoshop.it\\\/wp-content\\\/uploads\\\/2024\\\/06\\\/crema-viso-stay-pure-copia.png\",\"width\":2000,\"height\":2000,\"caption\":\"crema viso stay pure\"},{\"@type\":\"BreadcrumbList\",\"@id\":\"https:\\\/\\\/eticoshop.it\\\/negozio\\\/cosmesi\\\/trattamenti-skincare\\\/crema-viso-stay-pure\\\/#breadcrumb\",\"itemListElement\":[{\"@type\":\"ListItem\",\"position\":1,\"name\":\"Home\",\"item\":\"https:\\\/\\\/eticoshop.it\\\/\"},{\"@type\":\"ListItem\",\"position\":2,\"name\":\"Shop\",\"item\":\"https:\\\/\\\/eticoshop.it\\\/negozio\\\/\"},{\"@type\":\"ListItem\",\"position\":3,\"name\":\"Cosmesi\",\"item\":\"https:\\\/\\\/eticoshop.it\\\/categoria-prodotto\\\/cosmesi\\\/\"},{\"@type\":\"ListItem\",\"position\":4,\"name\":\"Crema Viso &#8211; Stay Pure\"}]},{\"@type\":\"WebSite\",\"@id\":\"https:\\\/\\\/eticoshop.it\\\/#website\",\"url\":\"https:\\\/\\\/eticoshop.it\\\/\",\"name\":\"\u00c8tico\",\"description\":\"\",\"publisher\":{\"@id\":\"https:\\\/\\\/eticoshop.it\\\/#organization\"},\"potentialAction\":[{\"@type\":\"SearchAction\",\"target\":{\"@type\":\"EntryPoint\",\"urlTemplate\":\"https:\\\/\\\/eticoshop.it\\\/?s={search_term_string}\"},\"query-input\":{\"@type\":\"PropertyValueSpecification\",\"valueRequired\":true,\"valueName\":\"search_term_string\"}}],\"inLanguage\":\"en-GB\"},{\"@type\":\"Organization\",\"@id\":\"https:\\\/\\\/eticoshop.it\\\/#organization\",\"name\":\"\u00c8tico\",\"url\":\"https:\\\/\\\/eticoshop.it\\\/\",\"logo\":{\"@type\":\"ImageObject\",\"inLanguage\":\"en-GB\",\"@id\":\"https:\\\/\\\/eticoshop.it\\\/#\\\/schema\\\/logo\\\/image\\\/\",\"url\":\"https:\\\/\\\/eticoshop.it\\\/wp-content\\\/uploads\\\/2023\\\/09\\\/logo-etico.svg\",\"contentUrl\":\"https:\\\/\\\/eticoshop.it\\\/wp-content\\\/uploads\\\/2023\\\/09\\\/logo-etico.svg\",\"width\":973,\"height\":360,\"caption\":\"\u00c8tico\"},\"image\":{\"@id\":\"https:\\\/\\\/eticoshop.it\\\/#\\\/schema\\\/logo\\\/image\\\/\"}}]}<\/script>\n<!-- \/ Yoast SEO plugin. -->","yoast_head_json":{"title":"Crema Viso - Stay Pure - \u00c8tico","robots":{"index":"index","follow":"follow","max-snippet":"max-snippet:-1","max-image-preview":"max-image-preview:large","max-video-preview":"max-video-preview:-1"},"canonical":"https:\/\/eticoshop.it\/en\/negozio\/cosmesi\/trattamenti-skincare\/crema-viso-stay-pure\/","og_locale":"en_GB","og_type":"article","og_title":"Crema Viso - Stay Pure - \u00c8tico","og_description":"La Crema Viso Stay Pure \u00e8 ideale per chi desidera una pelle purificata e priva di imperfezioni. La sua formula innovativa, arricchita con acido azelaico e acido shikimico, assicura un effetto duraturo e una pelle dall'aspetto sano e luminoso. Questa crema \u00e8 perfetta per chi cerca un prodotto che unisca performance elevate a una composizione rispettosa della pelle e dell'ambiente. Ideale per chi ha pelle mista e impura e per chi preferisce prodotti naturali, senza rinunciare a un trattamento efficace contro le imperfezioni.  Applicare la crema sul viso deterso, massaggiando delicatamente fino a completo assorbimento. Utilizzare mattina e sera per ottenere i migliori risultati. Per un effetto ancora pi\u00f9 visibile, integrare con altri prodotti della linea Stay Pure.  Il packaging della crema \u00e8 realizzato con materiali riciclabili, sottolineando l'impegno del marchio verso la sostenibilit\u00e0 e l'attenzione all'ambiente. Il contenitore, di colore bianco con dettagli verdi e blu, \u00e8 caratterizzato da un design pratico e riciclabile.","og_url":"https:\/\/eticoshop.it\/en\/negozio\/cosmesi\/trattamenti-skincare\/crema-viso-stay-pure\/","og_site_name":"\u00c8tico","og_image":[{"width":2000,"height":2000,"url":"https:\/\/eticoshop.it\/wp-content\/uploads\/2024\/06\/crema-viso-stay-pure-copia.png","type":"image\/png"}],"twitter_card":"summary_large_image","twitter_misc":{"Estimated reading time":"1 minute"},"schema":{"@context":"https:\/\/schema.org","@graph":[{"@type":"WebPage","@id":"https:\/\/eticoshop.it\/negozio\/cosmesi\/trattamenti-skincare\/crema-viso-stay-pure\/","url":"https:\/\/eticoshop.it\/negozio\/cosmesi\/trattamenti-skincare\/crema-viso-stay-pure\/","name":"Crema Viso - Stay Pure - \u00c8tico","isPartOf":{"@id":"https:\/\/eticoshop.it\/#website"},"primaryImageOfPage":{"@id":"https:\/\/eticoshop.it\/negozio\/cosmesi\/trattamenti-skincare\/crema-viso-stay-pure\/#primaryimage"},"image":{"@id":"https:\/\/eticoshop.it\/negozio\/cosmesi\/trattamenti-skincare\/crema-viso-stay-pure\/#primaryimage"},"thumbnailUrl":"https:\/\/eticoshop.it\/wp-content\/uploads\/2024\/06\/crema-viso-stay-pure-copia.png","datePublished":"2024-06-21T15:39:03+00:00","breadcrumb":{"@id":"https:\/\/eticoshop.it\/negozio\/cosmesi\/trattamenti-skincare\/crema-viso-stay-pure\/#breadcrumb"},"inLanguage":"en-GB","potentialAction":[{"@type":"ReadAction","target":["https:\/\/eticoshop.it\/negozio\/cosmesi\/trattamenti-skincare\/crema-viso-stay-pure\/"]}]},{"@type":"ImageObject","inLanguage":"en-GB","@id":"https:\/\/eticoshop.it\/negozio\/cosmesi\/trattamenti-skincare\/crema-viso-stay-pure\/#primaryimage","url":"https:\/\/eticoshop.it\/wp-content\/uploads\/2024\/06\/crema-viso-stay-pure-copia.png","contentUrl":"https:\/\/eticoshop.it\/wp-content\/uploads\/2024\/06\/crema-viso-stay-pure-copia.png","width":2000,"height":2000,"caption":"crema viso stay pure"},{"@type":"BreadcrumbList","@id":"https:\/\/eticoshop.it\/negozio\/cosmesi\/trattamenti-skincare\/crema-viso-stay-pure\/#breadcrumb","itemListElement":[{"@type":"ListItem","position":1,"name":"Home","item":"https:\/\/eticoshop.it\/"},{"@type":"ListItem","position":2,"name":"Shop","item":"https:\/\/eticoshop.it\/negozio\/"},{"@type":"ListItem","position":3,"name":"Cosmesi","item":"https:\/\/eticoshop.it\/categoria-prodotto\/cosmesi\/"},{"@type":"ListItem","position":4,"name":"Crema Viso &#8211; Stay Pure"}]},{"@type":"WebSite","@id":"https:\/\/eticoshop.it\/#website","url":"https:\/\/eticoshop.it\/","name":"\u00c8tico","description":"","publisher":{"@id":"https:\/\/eticoshop.it\/#organization"},"potentialAction":[{"@type":"SearchAction","target":{"@type":"EntryPoint","urlTemplate":"https:\/\/eticoshop.it\/?s={search_term_string}"},"query-input":{"@type":"PropertyValueSpecification","valueRequired":true,"valueName":"search_term_string"}}],"inLanguage":"en-GB"},{"@type":"Organization","@id":"https:\/\/eticoshop.it\/#organization","name":"\u00c8tico","url":"https:\/\/eticoshop.it\/","logo":{"@type":"ImageObject","inLanguage":"en-GB","@id":"https:\/\/eticoshop.it\/#\/schema\/logo\/image\/","url":"https:\/\/eticoshop.it\/wp-content\/uploads\/2023\/09\/logo-etico.svg","contentUrl":"https:\/\/eticoshop.it\/wp-content\/uploads\/2023\/09\/logo-etico.svg","width":973,"height":360,"caption":"\u00c8tico"},"image":{"@id":"https:\/\/eticoshop.it\/#\/schema\/logo\/image\/"}}]}},"_links":{"self":[{"href":"https:\/\/eticoshop.it\/en\/wp-json\/wp\/v2\/product\/8351","targetHints":{"allow":["GET"]}}],"collection":[{"href":"https:\/\/eticoshop.it\/en\/wp-json\/wp\/v2\/product"}],"about":[{"href":"https:\/\/eticoshop.it\/en\/wp-json\/wp\/v2\/types\/product"}],"wp:featuredmedia":[{"embeddable":true,"href":"https:\/\/eticoshop.it\/en\/wp-json\/wp\/v2\/media\/8353"}],"wp:attachment":[{"href":"https:\/\/eticoshop.it\/en\/wp-json\/wp\/v2\/media?parent=8351"}],"wp:term":[{"taxonomy":"product_brand","embeddable":true,"href":"https:\/\/eticoshop.it\/en\/wp-json\/wp\/v2\/product_brand?post=8351"},{"taxonomy":"product_cat","embeddable":true,"href":"https:\/\/eticoshop.it\/en\/wp-json\/wp\/v2\/product_cat?post=8351"},{"taxonomy":"product_tag","embeddable":true,"href":"https:\/\/eticoshop.it\/en\/wp-json\/wp\/v2\/product_tag?post=8351"}],"curies":[{"name":"wp","href":"https:\/\/api.w.org\/{rel}","templated":true}]}}