





















{"id":8369,"date":"2024-06-21T17:39:03","date_gmt":"2024-06-21T15:39:03","guid":{"rendered":"https:\/\/eticoshop.it\/?post_type=product&#038;p=8369"},"modified":"2024-06-21T17:39:03","modified_gmt":"2024-06-21T15:39:03","slug":"crema-viso-melissa","status":"publish","type":"product","link":"https:\/\/eticoshop.it\/en\/negozio\/cosmesi\/trattamenti-skincare\/crema-viso-melissa\/","title":{"rendered":"Crema Viso &#8211; Melissa"},"content":{"rendered":"<p>La Crema Viso Melissa idrata e riequilibra la pelle impura e mista con tamarindo e melissa, offrendo un effetto rinfrescante e nutriente.<\/p>\n<h3><\/h3>","protected":false},"excerpt":{"rendered":"<p>La Crema Viso Melissa Idratante &amp; Riequilibrante \u00e8 ideale per chi desidera una pelle idratata e riequilibrata. La sua formula innovativa, arricchita con un complesso fitocomplesso di tamarindo e melissa, assicura un effetto rinfrescante e nutriente. Questa crema \u00e8 perfetta per chi cerca un prodotto che unisca performance elevate a una composizione naturale e biologica. Ideale per chi ha la pelle impura e mista, e per chi preferisce prodotti naturali senza rinunciare a un trattamento efficace.<\/p>\n<p>Applicare la crema sul viso deterso, massaggiando delicatamente fino a completo assorbimento. Utilizzare mattina e sera per ottenere i migliori risultati. Per un effetto ancora pi\u00f9 visibile, integrare con altri prodotti della linea Melissa.<\/p>\n<p>\u00c8 un cosmetico green dentro e fuori! Il corpo del flacone \u00e8 realizzato in vetro, un materiale sostenibile che riduce l&#8217;uso della plastica. Il flacone (GL70) e il tappo (PP5) sono entrambi riciclabili nella plastica, rispettando l&#8217;ambiente e contribuendo alla riduzione dei rifiuti\u200b.<\/p>","protected":false},"featured_media":8371,"template":"","meta":{"_acf_changed":false,"inline_featured_image":false},"product_brand":[],"product_cat":[29,155],"product_tag":[269,106,144,272,151,194,223],"class_list":{"0":"post-8369","1":"product","2":"type-product","3":"status-publish","4":"has-post-thumbnail","6":"product_cat-cosmesi","7":"product_cat-trattamenti-skincare","8":"product_tag-anti-infiammazione","9":"product_tag-biologico","10":"product_tag-cura-della-pelle-del-viso","11":"product_tag-equilibrante","12":"product_tag-idratazione","13":"product_tag-pelli-sensibili","14":"product_tag-rinfrescante","16":"first","17":"instock","18":"taxable","19":"shipping-taxable","20":"purchasable","21":"product-type-simple"},"acf":[],"yoast_head":"<!-- This site is optimized with the Yoast SEO plugin v27.4 - https:\/\/yoast.com\/product\/yoast-seo-wordpress\/ -->\n<title>Crema Viso - Melissa - \u00c8tico<\/title>\n<meta name=\"robots\" content=\"index, follow, max-snippet:-1, max-image-preview:large, max-video-preview:-1\" \/>\n<link rel=\"canonical\" href=\"https:\/\/eticoshop.it\/en\/negozio\/cosmesi\/trattamenti-skincare\/crema-viso-melissa\/\" \/>\n<meta property=\"og:locale\" content=\"en_GB\" \/>\n<meta property=\"og:type\" content=\"article\" \/>\n<meta property=\"og:title\" content=\"Crema Viso - Melissa - \u00c8tico\" \/>\n<meta property=\"og:description\" content=\"La Crema Viso Melissa Idratante &amp; Riequilibrante \u00e8 ideale per chi desidera una pelle idratata e riequilibrata. La sua formula innovativa, arricchita con un complesso fitocomplesso di tamarindo e melissa, assicura un effetto rinfrescante e nutriente. Questa crema \u00e8 perfetta per chi cerca un prodotto che unisca performance elevate a una composizione naturale e biologica. Ideale per chi ha la pelle impura e mista, e per chi preferisce prodotti naturali senza rinunciare a un trattamento efficace.  Applicare la crema sul viso deterso, massaggiando delicatamente fino a completo assorbimento. Utilizzare mattina e sera per ottenere i migliori risultati. Per un effetto ancora pi\u00f9 visibile, integrare con altri prodotti della linea Melissa.  \u00c8 un cosmetico green dentro e fuori! Il corpo del flacone \u00e8 realizzato in vetro, un materiale sostenibile che riduce l&#039;uso della plastica. Il flacone (GL70) e il tappo (PP5) sono entrambi riciclabili nella plastica, rispettando l&#039;ambiente e contribuendo alla riduzione dei rifiuti\u200b.\" \/>\n<meta property=\"og:url\" content=\"https:\/\/eticoshop.it\/en\/negozio\/cosmesi\/trattamenti-skincare\/crema-viso-melissa\/\" \/>\n<meta property=\"og:site_name\" content=\"\u00c8tico\" \/>\n<meta property=\"og:image\" content=\"https:\/\/eticoshop.it\/wp-content\/uploads\/2024\/06\/crema-viso-melissa-copia.png\" \/>\n\t<meta property=\"og:image:width\" content=\"2000\" \/>\n\t<meta property=\"og:image:height\" content=\"2000\" \/>\n\t<meta property=\"og:image:type\" content=\"image\/png\" \/>\n<meta name=\"twitter:card\" content=\"summary_large_image\" \/>\n<meta name=\"twitter:label1\" content=\"Estimated reading time\" \/>\n\t<meta name=\"twitter:data1\" content=\"1 minute\" \/>\n<script type=\"application\/ld+json\" class=\"yoast-schema-graph\">{\"@context\":\"https:\\\/\\\/schema.org\",\"@graph\":[{\"@type\":\"WebPage\",\"@id\":\"https:\\\/\\\/eticoshop.it\\\/negozio\\\/cosmesi\\\/trattamenti-skincare\\\/crema-viso-melissa\\\/\",\"url\":\"https:\\\/\\\/eticoshop.it\\\/negozio\\\/cosmesi\\\/trattamenti-skincare\\\/crema-viso-melissa\\\/\",\"name\":\"Crema Viso - Melissa - \u00c8tico\",\"isPartOf\":{\"@id\":\"https:\\\/\\\/eticoshop.it\\\/#website\"},\"primaryImageOfPage\":{\"@id\":\"https:\\\/\\\/eticoshop.it\\\/negozio\\\/cosmesi\\\/trattamenti-skincare\\\/crema-viso-melissa\\\/#primaryimage\"},\"image\":{\"@id\":\"https:\\\/\\\/eticoshop.it\\\/negozio\\\/cosmesi\\\/trattamenti-skincare\\\/crema-viso-melissa\\\/#primaryimage\"},\"thumbnailUrl\":\"https:\\\/\\\/eticoshop.it\\\/wp-content\\\/uploads\\\/2024\\\/06\\\/crema-viso-melissa-copia.png\",\"datePublished\":\"2024-06-21T15:39:03+00:00\",\"breadcrumb\":{\"@id\":\"https:\\\/\\\/eticoshop.it\\\/negozio\\\/cosmesi\\\/trattamenti-skincare\\\/crema-viso-melissa\\\/#breadcrumb\"},\"inLanguage\":\"en-GB\",\"potentialAction\":[{\"@type\":\"ReadAction\",\"target\":[\"https:\\\/\\\/eticoshop.it\\\/negozio\\\/cosmesi\\\/trattamenti-skincare\\\/crema-viso-melissa\\\/\"]}]},{\"@type\":\"ImageObject\",\"inLanguage\":\"en-GB\",\"@id\":\"https:\\\/\\\/eticoshop.it\\\/negozio\\\/cosmesi\\\/trattamenti-skincare\\\/crema-viso-melissa\\\/#primaryimage\",\"url\":\"https:\\\/\\\/eticoshop.it\\\/wp-content\\\/uploads\\\/2024\\\/06\\\/crema-viso-melissa-copia.png\",\"contentUrl\":\"https:\\\/\\\/eticoshop.it\\\/wp-content\\\/uploads\\\/2024\\\/06\\\/crema-viso-melissa-copia.png\",\"width\":2000,\"height\":2000,\"caption\":\"crema viso melissa\"},{\"@type\":\"BreadcrumbList\",\"@id\":\"https:\\\/\\\/eticoshop.it\\\/negozio\\\/cosmesi\\\/trattamenti-skincare\\\/crema-viso-melissa\\\/#breadcrumb\",\"itemListElement\":[{\"@type\":\"ListItem\",\"position\":1,\"name\":\"Home\",\"item\":\"https:\\\/\\\/eticoshop.it\\\/\"},{\"@type\":\"ListItem\",\"position\":2,\"name\":\"Shop\",\"item\":\"https:\\\/\\\/eticoshop.it\\\/negozio\\\/\"},{\"@type\":\"ListItem\",\"position\":3,\"name\":\"Cosmesi\",\"item\":\"https:\\\/\\\/eticoshop.it\\\/categoria-prodotto\\\/cosmesi\\\/\"},{\"@type\":\"ListItem\",\"position\":4,\"name\":\"Crema Viso &#8211; Melissa\"}]},{\"@type\":\"WebSite\",\"@id\":\"https:\\\/\\\/eticoshop.it\\\/#website\",\"url\":\"https:\\\/\\\/eticoshop.it\\\/\",\"name\":\"\u00c8tico\",\"description\":\"\",\"publisher\":{\"@id\":\"https:\\\/\\\/eticoshop.it\\\/#organization\"},\"potentialAction\":[{\"@type\":\"SearchAction\",\"target\":{\"@type\":\"EntryPoint\",\"urlTemplate\":\"https:\\\/\\\/eticoshop.it\\\/?s={search_term_string}\"},\"query-input\":{\"@type\":\"PropertyValueSpecification\",\"valueRequired\":true,\"valueName\":\"search_term_string\"}}],\"inLanguage\":\"en-GB\"},{\"@type\":\"Organization\",\"@id\":\"https:\\\/\\\/eticoshop.it\\\/#organization\",\"name\":\"\u00c8tico\",\"url\":\"https:\\\/\\\/eticoshop.it\\\/\",\"logo\":{\"@type\":\"ImageObject\",\"inLanguage\":\"en-GB\",\"@id\":\"https:\\\/\\\/eticoshop.it\\\/#\\\/schema\\\/logo\\\/image\\\/\",\"url\":\"https:\\\/\\\/eticoshop.it\\\/wp-content\\\/uploads\\\/2023\\\/09\\\/logo-etico.svg\",\"contentUrl\":\"https:\\\/\\\/eticoshop.it\\\/wp-content\\\/uploads\\\/2023\\\/09\\\/logo-etico.svg\",\"width\":973,\"height\":360,\"caption\":\"\u00c8tico\"},\"image\":{\"@id\":\"https:\\\/\\\/eticoshop.it\\\/#\\\/schema\\\/logo\\\/image\\\/\"}}]}<\/script>\n<!-- \/ Yoast SEO plugin. -->","yoast_head_json":{"title":"Crema Viso - Melissa - \u00c8tico","robots":{"index":"index","follow":"follow","max-snippet":"max-snippet:-1","max-image-preview":"max-image-preview:large","max-video-preview":"max-video-preview:-1"},"canonical":"https:\/\/eticoshop.it\/en\/negozio\/cosmesi\/trattamenti-skincare\/crema-viso-melissa\/","og_locale":"en_GB","og_type":"article","og_title":"Crema Viso - Melissa - \u00c8tico","og_description":"La Crema Viso Melissa Idratante &amp; Riequilibrante \u00e8 ideale per chi desidera una pelle idratata e riequilibrata. La sua formula innovativa, arricchita con un complesso fitocomplesso di tamarindo e melissa, assicura un effetto rinfrescante e nutriente. Questa crema \u00e8 perfetta per chi cerca un prodotto che unisca performance elevate a una composizione naturale e biologica. Ideale per chi ha la pelle impura e mista, e per chi preferisce prodotti naturali senza rinunciare a un trattamento efficace.  Applicare la crema sul viso deterso, massaggiando delicatamente fino a completo assorbimento. Utilizzare mattina e sera per ottenere i migliori risultati. Per un effetto ancora pi\u00f9 visibile, integrare con altri prodotti della linea Melissa.  \u00c8 un cosmetico green dentro e fuori! Il corpo del flacone \u00e8 realizzato in vetro, un materiale sostenibile che riduce l'uso della plastica. Il flacone (GL70) e il tappo (PP5) sono entrambi riciclabili nella plastica, rispettando l'ambiente e contribuendo alla riduzione dei rifiuti\u200b.","og_url":"https:\/\/eticoshop.it\/en\/negozio\/cosmesi\/trattamenti-skincare\/crema-viso-melissa\/","og_site_name":"\u00c8tico","og_image":[{"width":2000,"height":2000,"url":"https:\/\/eticoshop.it\/wp-content\/uploads\/2024\/06\/crema-viso-melissa-copia.png","type":"image\/png"}],"twitter_card":"summary_large_image","twitter_misc":{"Estimated reading time":"1 minute"},"schema":{"@context":"https:\/\/schema.org","@graph":[{"@type":"WebPage","@id":"https:\/\/eticoshop.it\/negozio\/cosmesi\/trattamenti-skincare\/crema-viso-melissa\/","url":"https:\/\/eticoshop.it\/negozio\/cosmesi\/trattamenti-skincare\/crema-viso-melissa\/","name":"Crema Viso - Melissa - \u00c8tico","isPartOf":{"@id":"https:\/\/eticoshop.it\/#website"},"primaryImageOfPage":{"@id":"https:\/\/eticoshop.it\/negozio\/cosmesi\/trattamenti-skincare\/crema-viso-melissa\/#primaryimage"},"image":{"@id":"https:\/\/eticoshop.it\/negozio\/cosmesi\/trattamenti-skincare\/crema-viso-melissa\/#primaryimage"},"thumbnailUrl":"https:\/\/eticoshop.it\/wp-content\/uploads\/2024\/06\/crema-viso-melissa-copia.png","datePublished":"2024-06-21T15:39:03+00:00","breadcrumb":{"@id":"https:\/\/eticoshop.it\/negozio\/cosmesi\/trattamenti-skincare\/crema-viso-melissa\/#breadcrumb"},"inLanguage":"en-GB","potentialAction":[{"@type":"ReadAction","target":["https:\/\/eticoshop.it\/negozio\/cosmesi\/trattamenti-skincare\/crema-viso-melissa\/"]}]},{"@type":"ImageObject","inLanguage":"en-GB","@id":"https:\/\/eticoshop.it\/negozio\/cosmesi\/trattamenti-skincare\/crema-viso-melissa\/#primaryimage","url":"https:\/\/eticoshop.it\/wp-content\/uploads\/2024\/06\/crema-viso-melissa-copia.png","contentUrl":"https:\/\/eticoshop.it\/wp-content\/uploads\/2024\/06\/crema-viso-melissa-copia.png","width":2000,"height":2000,"caption":"crema viso melissa"},{"@type":"BreadcrumbList","@id":"https:\/\/eticoshop.it\/negozio\/cosmesi\/trattamenti-skincare\/crema-viso-melissa\/#breadcrumb","itemListElement":[{"@type":"ListItem","position":1,"name":"Home","item":"https:\/\/eticoshop.it\/"},{"@type":"ListItem","position":2,"name":"Shop","item":"https:\/\/eticoshop.it\/negozio\/"},{"@type":"ListItem","position":3,"name":"Cosmesi","item":"https:\/\/eticoshop.it\/categoria-prodotto\/cosmesi\/"},{"@type":"ListItem","position":4,"name":"Crema Viso &#8211; Melissa"}]},{"@type":"WebSite","@id":"https:\/\/eticoshop.it\/#website","url":"https:\/\/eticoshop.it\/","name":"\u00c8tico","description":"","publisher":{"@id":"https:\/\/eticoshop.it\/#organization"},"potentialAction":[{"@type":"SearchAction","target":{"@type":"EntryPoint","urlTemplate":"https:\/\/eticoshop.it\/?s={search_term_string}"},"query-input":{"@type":"PropertyValueSpecification","valueRequired":true,"valueName":"search_term_string"}}],"inLanguage":"en-GB"},{"@type":"Organization","@id":"https:\/\/eticoshop.it\/#organization","name":"\u00c8tico","url":"https:\/\/eticoshop.it\/","logo":{"@type":"ImageObject","inLanguage":"en-GB","@id":"https:\/\/eticoshop.it\/#\/schema\/logo\/image\/","url":"https:\/\/eticoshop.it\/wp-content\/uploads\/2023\/09\/logo-etico.svg","contentUrl":"https:\/\/eticoshop.it\/wp-content\/uploads\/2023\/09\/logo-etico.svg","width":973,"height":360,"caption":"\u00c8tico"},"image":{"@id":"https:\/\/eticoshop.it\/#\/schema\/logo\/image\/"}}]}},"_links":{"self":[{"href":"https:\/\/eticoshop.it\/en\/wp-json\/wp\/v2\/product\/8369","targetHints":{"allow":["GET"]}}],"collection":[{"href":"https:\/\/eticoshop.it\/en\/wp-json\/wp\/v2\/product"}],"about":[{"href":"https:\/\/eticoshop.it\/en\/wp-json\/wp\/v2\/types\/product"}],"wp:featuredmedia":[{"embeddable":true,"href":"https:\/\/eticoshop.it\/en\/wp-json\/wp\/v2\/media\/8371"}],"wp:attachment":[{"href":"https:\/\/eticoshop.it\/en\/wp-json\/wp\/v2\/media?parent=8369"}],"wp:term":[{"taxonomy":"product_brand","embeddable":true,"href":"https:\/\/eticoshop.it\/en\/wp-json\/wp\/v2\/product_brand?post=8369"},{"taxonomy":"product_cat","embeddable":true,"href":"https:\/\/eticoshop.it\/en\/wp-json\/wp\/v2\/product_cat?post=8369"},{"taxonomy":"product_tag","embeddable":true,"href":"https:\/\/eticoshop.it\/en\/wp-json\/wp\/v2\/product_tag?post=8369"}],"curies":[{"name":"wp","href":"https:\/\/api.w.org\/{rel}","templated":true}]}}