





















{"id":8382,"date":"2024-06-21T17:36:54","date_gmt":"2024-06-21T15:36:54","guid":{"rendered":"https:\/\/eticoshop.it\/?post_type=product&#038;p=8382"},"modified":"2024-06-21T17:36:55","modified_gmt":"2024-06-21T15:36:55","slug":"shampoo-solido-energia","status":"publish","type":"product","link":"https:\/\/eticoshop.it\/en\/negozio\/cosmesi\/shampoo\/shampoo-solido-energia\/","title":{"rendered":"Shampoo Solido &#8211; Energia"},"content":{"rendered":"<p>Lo Shampoo Solido Energia idrata e rinforza capelli normali o secchi con amminoacidi di barbabietola, semi di lino, prebiotici di cicoria e estratti di altea.<\/p>\n<h3><\/h3>","protected":false},"excerpt":{"rendered":"<p>Lo Shampoo Solido Energia \u00e8 ideale per chi desidera un prodotto eco-sostenibile che si prende cura di cute e capelli. Perfetto per capelli normali o secchi, la sua formula contiene amminoacidi di barbabietola e semi di lino, che idratano e rinforzano la chioma. I prebiotici di cicoria aiutano a mantenere l&#8217;equilibrio del microbiota cutaneo, lenendo la cute e migliorandone la salute. Gli estratti di altea, calendula e hamamelis aggiungono dolcezza alla ricetta, donando serenit\u00e0 alla cute e lucentezza ai capelli\u200b.<\/p>\n<p>Passare lo shampoo solido sui capelli bagnati, oppure massaggiarlo prima tra le mani per farlo schiumare e applicarlo su cute e capelli. Risciacquare abbondantemente. Dopo lo shampoo, si consiglia di nutrire la chioma con il balsamo solido Forza per un&#8217;azione ristrutturante e nutriente.<\/p>\n<p>Il packaging del nostro shampoo solido \u00e8 completamente zero waste! La scatolina \u00e8 realizzata in cartoncino riciclato, mentre l&#8217;involucro interno \u00e8 compostabile e pu\u00f2 essere conferito nella raccolta dell&#8217;umido. Questo contribuisce a ridurre significativamente il consumo di plastica e l&#8217;impatto ambientale.<\/p>","protected":false},"featured_media":8385,"template":"","meta":{"_acf_changed":false,"inline_featured_image":false},"product_brand":[],"product_cat":[29,119],"product_tag":[106,151,201,173,163,337,143],"class_list":{"0":"post-8382","1":"product","2":"type-product","3":"status-publish","4":"has-post-thumbnail","6":"product_cat-cosmesi","7":"product_cat-shampoo","8":"product_tag-biologico","9":"product_tag-idratazione","10":"product_tag-purificante","11":"product_tag-rinforzante","12":"product_tag-trattamento-naturale","13":"product_tag-volumizzante","14":"product_tag-waste-zero","16":"first","17":"instock","18":"taxable","19":"shipping-taxable","20":"purchasable","21":"product-type-simple"},"acf":[],"yoast_head":"<!-- This site is optimized with the Yoast SEO plugin v27.3 - https:\/\/yoast.com\/product\/yoast-seo-wordpress\/ -->\n<title>Shampoo Solido - Energia - \u00c8tico<\/title>\n<meta name=\"robots\" content=\"index, follow, max-snippet:-1, max-image-preview:large, max-video-preview:-1\" \/>\n<link rel=\"canonical\" href=\"https:\/\/eticoshop.it\/en\/negozio\/cosmesi\/shampoo\/shampoo-solido-energia\/\" \/>\n<meta property=\"og:locale\" content=\"en_GB\" \/>\n<meta property=\"og:type\" content=\"article\" \/>\n<meta property=\"og:title\" content=\"Shampoo Solido - Energia - \u00c8tico\" \/>\n<meta property=\"og:description\" content=\"Lo Shampoo Solido Energia \u00e8 ideale per chi desidera un prodotto eco-sostenibile che si prende cura di cute e capelli. Perfetto per capelli normali o secchi, la sua formula contiene amminoacidi di barbabietola e semi di lino, che idratano e rinforzano la chioma. I prebiotici di cicoria aiutano a mantenere l&#039;equilibrio del microbiota cutaneo, lenendo la cute e migliorandone la salute. Gli estratti di altea, calendula e hamamelis aggiungono dolcezza alla ricetta, donando serenit\u00e0 alla cute e lucentezza ai capelli\u200b.  Passare lo shampoo solido sui capelli bagnati, oppure massaggiarlo prima tra le mani per farlo schiumare e applicarlo su cute e capelli. Risciacquare abbondantemente. Dopo lo shampoo, si consiglia di nutrire la chioma con il balsamo solido Forza per un&#039;azione ristrutturante e nutriente.  Il packaging del nostro shampoo solido \u00e8 completamente zero waste! La scatolina \u00e8 realizzata in cartoncino riciclato, mentre l&#039;involucro interno \u00e8 compostabile e pu\u00f2 essere conferito nella raccolta dell&#039;umido. Questo contribuisce a ridurre significativamente il consumo di plastica e l&#039;impatto ambientale.\" \/>\n<meta property=\"og:url\" content=\"https:\/\/eticoshop.it\/en\/negozio\/cosmesi\/shampoo\/shampoo-solido-energia\/\" \/>\n<meta property=\"og:site_name\" content=\"\u00c8tico\" \/>\n<meta property=\"article:modified_time\" content=\"2024-06-21T15:36:55+00:00\" \/>\n<meta property=\"og:image\" content=\"https:\/\/eticoshop.it\/wp-content\/uploads\/2024\/06\/shampoo-solido-energia-copia-1024x1024.png\" \/>\n\t<meta property=\"og:image:width\" content=\"1024\" \/>\n\t<meta property=\"og:image:height\" content=\"1024\" \/>\n\t<meta property=\"og:image:type\" content=\"image\/png\" \/>\n<meta name=\"twitter:card\" content=\"summary_large_image\" \/>\n<meta name=\"twitter:label1\" content=\"Estimated reading time\" \/>\n\t<meta name=\"twitter:data1\" content=\"1 minute\" \/>\n<script type=\"application\/ld+json\" class=\"yoast-schema-graph\">{\"@context\":\"https:\\\/\\\/schema.org\",\"@graph\":[{\"@type\":\"WebPage\",\"@id\":\"https:\\\/\\\/eticoshop.it\\\/negozio\\\/cosmesi\\\/shampoo\\\/shampoo-solido-energia\\\/\",\"url\":\"https:\\\/\\\/eticoshop.it\\\/negozio\\\/cosmesi\\\/shampoo\\\/shampoo-solido-energia\\\/\",\"name\":\"Shampoo Solido - Energia - \u00c8tico\",\"isPartOf\":{\"@id\":\"https:\\\/\\\/eticoshop.it\\\/#website\"},\"primaryImageOfPage\":{\"@id\":\"https:\\\/\\\/eticoshop.it\\\/negozio\\\/cosmesi\\\/shampoo\\\/shampoo-solido-energia\\\/#primaryimage\"},\"image\":{\"@id\":\"https:\\\/\\\/eticoshop.it\\\/negozio\\\/cosmesi\\\/shampoo\\\/shampoo-solido-energia\\\/#primaryimage\"},\"thumbnailUrl\":\"https:\\\/\\\/eticoshop.it\\\/wp-content\\\/uploads\\\/2024\\\/06\\\/shampoo-solido-energia-copia.png\",\"datePublished\":\"2024-06-21T15:36:54+00:00\",\"dateModified\":\"2024-06-21T15:36:55+00:00\",\"breadcrumb\":{\"@id\":\"https:\\\/\\\/eticoshop.it\\\/negozio\\\/cosmesi\\\/shampoo\\\/shampoo-solido-energia\\\/#breadcrumb\"},\"inLanguage\":\"en-GB\",\"potentialAction\":[{\"@type\":\"ReadAction\",\"target\":[\"https:\\\/\\\/eticoshop.it\\\/negozio\\\/cosmesi\\\/shampoo\\\/shampoo-solido-energia\\\/\"]}]},{\"@type\":\"ImageObject\",\"inLanguage\":\"en-GB\",\"@id\":\"https:\\\/\\\/eticoshop.it\\\/negozio\\\/cosmesi\\\/shampoo\\\/shampoo-solido-energia\\\/#primaryimage\",\"url\":\"https:\\\/\\\/eticoshop.it\\\/wp-content\\\/uploads\\\/2024\\\/06\\\/shampoo-solido-energia-copia.png\",\"contentUrl\":\"https:\\\/\\\/eticoshop.it\\\/wp-content\\\/uploads\\\/2024\\\/06\\\/shampoo-solido-energia-copia.png\",\"width\":2000,\"height\":2000,\"caption\":\"shampoo energia\"},{\"@type\":\"BreadcrumbList\",\"@id\":\"https:\\\/\\\/eticoshop.it\\\/negozio\\\/cosmesi\\\/shampoo\\\/shampoo-solido-energia\\\/#breadcrumb\",\"itemListElement\":[{\"@type\":\"ListItem\",\"position\":1,\"name\":\"Home\",\"item\":\"https:\\\/\\\/eticoshop.it\\\/\"},{\"@type\":\"ListItem\",\"position\":2,\"name\":\"Shop\",\"item\":\"https:\\\/\\\/eticoshop.it\\\/negozio\\\/\"},{\"@type\":\"ListItem\",\"position\":3,\"name\":\"Cosmesi\",\"item\":\"https:\\\/\\\/eticoshop.it\\\/categoria-prodotto\\\/cosmesi\\\/\"},{\"@type\":\"ListItem\",\"position\":4,\"name\":\"Shampoo Solido &#8211; Energia\"}]},{\"@type\":\"WebSite\",\"@id\":\"https:\\\/\\\/eticoshop.it\\\/#website\",\"url\":\"https:\\\/\\\/eticoshop.it\\\/\",\"name\":\"\u00c8tico\",\"description\":\"\",\"publisher\":{\"@id\":\"https:\\\/\\\/eticoshop.it\\\/#organization\"},\"potentialAction\":[{\"@type\":\"SearchAction\",\"target\":{\"@type\":\"EntryPoint\",\"urlTemplate\":\"https:\\\/\\\/eticoshop.it\\\/?s={search_term_string}\"},\"query-input\":{\"@type\":\"PropertyValueSpecification\",\"valueRequired\":true,\"valueName\":\"search_term_string\"}}],\"inLanguage\":\"en-GB\"},{\"@type\":\"Organization\",\"@id\":\"https:\\\/\\\/eticoshop.it\\\/#organization\",\"name\":\"\u00c8tico\",\"url\":\"https:\\\/\\\/eticoshop.it\\\/\",\"logo\":{\"@type\":\"ImageObject\",\"inLanguage\":\"en-GB\",\"@id\":\"https:\\\/\\\/eticoshop.it\\\/#\\\/schema\\\/logo\\\/image\\\/\",\"url\":\"https:\\\/\\\/eticoshop.it\\\/wp-content\\\/uploads\\\/2023\\\/09\\\/logo-etico.svg\",\"contentUrl\":\"https:\\\/\\\/eticoshop.it\\\/wp-content\\\/uploads\\\/2023\\\/09\\\/logo-etico.svg\",\"width\":973,\"height\":360,\"caption\":\"\u00c8tico\"},\"image\":{\"@id\":\"https:\\\/\\\/eticoshop.it\\\/#\\\/schema\\\/logo\\\/image\\\/\"}}]}<\/script>\n<!-- \/ Yoast SEO plugin. -->","yoast_head_json":{"title":"Shampoo Solido - Energia - \u00c8tico","robots":{"index":"index","follow":"follow","max-snippet":"max-snippet:-1","max-image-preview":"max-image-preview:large","max-video-preview":"max-video-preview:-1"},"canonical":"https:\/\/eticoshop.it\/en\/negozio\/cosmesi\/shampoo\/shampoo-solido-energia\/","og_locale":"en_GB","og_type":"article","og_title":"Shampoo Solido - Energia - \u00c8tico","og_description":"Lo Shampoo Solido Energia \u00e8 ideale per chi desidera un prodotto eco-sostenibile che si prende cura di cute e capelli. Perfetto per capelli normali o secchi, la sua formula contiene amminoacidi di barbabietola e semi di lino, che idratano e rinforzano la chioma. I prebiotici di cicoria aiutano a mantenere l'equilibrio del microbiota cutaneo, lenendo la cute e migliorandone la salute. Gli estratti di altea, calendula e hamamelis aggiungono dolcezza alla ricetta, donando serenit\u00e0 alla cute e lucentezza ai capelli\u200b.  Passare lo shampoo solido sui capelli bagnati, oppure massaggiarlo prima tra le mani per farlo schiumare e applicarlo su cute e capelli. Risciacquare abbondantemente. Dopo lo shampoo, si consiglia di nutrire la chioma con il balsamo solido Forza per un'azione ristrutturante e nutriente.  Il packaging del nostro shampoo solido \u00e8 completamente zero waste! La scatolina \u00e8 realizzata in cartoncino riciclato, mentre l'involucro interno \u00e8 compostabile e pu\u00f2 essere conferito nella raccolta dell'umido. Questo contribuisce a ridurre significativamente il consumo di plastica e l'impatto ambientale.","og_url":"https:\/\/eticoshop.it\/en\/negozio\/cosmesi\/shampoo\/shampoo-solido-energia\/","og_site_name":"\u00c8tico","article_modified_time":"2024-06-21T15:36:55+00:00","og_image":[{"width":1024,"height":1024,"url":"https:\/\/eticoshop.it\/wp-content\/uploads\/2024\/06\/shampoo-solido-energia-copia-1024x1024.png","type":"image\/png"}],"twitter_card":"summary_large_image","twitter_misc":{"Estimated reading time":"1 minute"},"schema":{"@context":"https:\/\/schema.org","@graph":[{"@type":"WebPage","@id":"https:\/\/eticoshop.it\/negozio\/cosmesi\/shampoo\/shampoo-solido-energia\/","url":"https:\/\/eticoshop.it\/negozio\/cosmesi\/shampoo\/shampoo-solido-energia\/","name":"Shampoo Solido - Energia - \u00c8tico","isPartOf":{"@id":"https:\/\/eticoshop.it\/#website"},"primaryImageOfPage":{"@id":"https:\/\/eticoshop.it\/negozio\/cosmesi\/shampoo\/shampoo-solido-energia\/#primaryimage"},"image":{"@id":"https:\/\/eticoshop.it\/negozio\/cosmesi\/shampoo\/shampoo-solido-energia\/#primaryimage"},"thumbnailUrl":"https:\/\/eticoshop.it\/wp-content\/uploads\/2024\/06\/shampoo-solido-energia-copia.png","datePublished":"2024-06-21T15:36:54+00:00","dateModified":"2024-06-21T15:36:55+00:00","breadcrumb":{"@id":"https:\/\/eticoshop.it\/negozio\/cosmesi\/shampoo\/shampoo-solido-energia\/#breadcrumb"},"inLanguage":"en-GB","potentialAction":[{"@type":"ReadAction","target":["https:\/\/eticoshop.it\/negozio\/cosmesi\/shampoo\/shampoo-solido-energia\/"]}]},{"@type":"ImageObject","inLanguage":"en-GB","@id":"https:\/\/eticoshop.it\/negozio\/cosmesi\/shampoo\/shampoo-solido-energia\/#primaryimage","url":"https:\/\/eticoshop.it\/wp-content\/uploads\/2024\/06\/shampoo-solido-energia-copia.png","contentUrl":"https:\/\/eticoshop.it\/wp-content\/uploads\/2024\/06\/shampoo-solido-energia-copia.png","width":2000,"height":2000,"caption":"shampoo energia"},{"@type":"BreadcrumbList","@id":"https:\/\/eticoshop.it\/negozio\/cosmesi\/shampoo\/shampoo-solido-energia\/#breadcrumb","itemListElement":[{"@type":"ListItem","position":1,"name":"Home","item":"https:\/\/eticoshop.it\/"},{"@type":"ListItem","position":2,"name":"Shop","item":"https:\/\/eticoshop.it\/negozio\/"},{"@type":"ListItem","position":3,"name":"Cosmesi","item":"https:\/\/eticoshop.it\/categoria-prodotto\/cosmesi\/"},{"@type":"ListItem","position":4,"name":"Shampoo Solido &#8211; Energia"}]},{"@type":"WebSite","@id":"https:\/\/eticoshop.it\/#website","url":"https:\/\/eticoshop.it\/","name":"\u00c8tico","description":"","publisher":{"@id":"https:\/\/eticoshop.it\/#organization"},"potentialAction":[{"@type":"SearchAction","target":{"@type":"EntryPoint","urlTemplate":"https:\/\/eticoshop.it\/?s={search_term_string}"},"query-input":{"@type":"PropertyValueSpecification","valueRequired":true,"valueName":"search_term_string"}}],"inLanguage":"en-GB"},{"@type":"Organization","@id":"https:\/\/eticoshop.it\/#organization","name":"\u00c8tico","url":"https:\/\/eticoshop.it\/","logo":{"@type":"ImageObject","inLanguage":"en-GB","@id":"https:\/\/eticoshop.it\/#\/schema\/logo\/image\/","url":"https:\/\/eticoshop.it\/wp-content\/uploads\/2023\/09\/logo-etico.svg","contentUrl":"https:\/\/eticoshop.it\/wp-content\/uploads\/2023\/09\/logo-etico.svg","width":973,"height":360,"caption":"\u00c8tico"},"image":{"@id":"https:\/\/eticoshop.it\/#\/schema\/logo\/image\/"}}]}},"_links":{"self":[{"href":"https:\/\/eticoshop.it\/en\/wp-json\/wp\/v2\/product\/8382","targetHints":{"allow":["GET"]}}],"collection":[{"href":"https:\/\/eticoshop.it\/en\/wp-json\/wp\/v2\/product"}],"about":[{"href":"https:\/\/eticoshop.it\/en\/wp-json\/wp\/v2\/types\/product"}],"wp:featuredmedia":[{"embeddable":true,"href":"https:\/\/eticoshop.it\/en\/wp-json\/wp\/v2\/media\/8385"}],"wp:attachment":[{"href":"https:\/\/eticoshop.it\/en\/wp-json\/wp\/v2\/media?parent=8382"}],"wp:term":[{"taxonomy":"product_brand","embeddable":true,"href":"https:\/\/eticoshop.it\/en\/wp-json\/wp\/v2\/product_brand?post=8382"},{"taxonomy":"product_cat","embeddable":true,"href":"https:\/\/eticoshop.it\/en\/wp-json\/wp\/v2\/product_cat?post=8382"},{"taxonomy":"product_tag","embeddable":true,"href":"https:\/\/eticoshop.it\/en\/wp-json\/wp\/v2\/product_tag?post=8382"}],"curies":[{"name":"wp","href":"https:\/\/api.w.org\/{rel}","templated":true}]}}