





















{"id":8414,"date":"2024-06-21T17:39:36","date_gmt":"2024-06-21T15:39:36","guid":{"rendered":"https:\/\/eticoshop.it\/?post_type=product&#038;p=8414"},"modified":"2024-06-21T17:39:36","modified_gmt":"2024-06-21T15:39:36","slug":"biodeo-cotton-cloud","status":"publish","type":"product","link":"https:\/\/eticoshop.it\/en\/negozio\/cosmesi\/deodorante\/biodeo-cotton-cloud\/","title":{"rendered":"BioDeo &#8211; Cotton Cloud"},"content":{"rendered":"<p>Il Bio Deo Cotton Cloud protegge efficacemente pelli sensibili senza profumo, con ingredienti biologici come olio di girasole, mandorle dolci e calendula.<\/p>","protected":false},"excerpt":{"rendered":"<p>Il Bio Deo Cotton Cloud \u00e8 il deodorante perfetto per chi ha pelli sensibili e delicate. Formulato senza profumo, \u00e8 ideale per coloro che preferiscono un prodotto neutro e privo di fragranze. Realizzato con ingredienti biologici come l&#8217;olio di semi di girasole, l&#8217;olio di mandorle dolci e l&#8217;estratto di fiori di calendula, questo deodorante solido offre una protezione efficace e delicata contro i cattivi odori, lasciando la pelle fresca e asciutta. Inoltre, \u00e8 testato al nichel (&lt;1 ppm) e certificato vegan, garantendo la massima sicurezza e compatibilit\u00e0 cutanea.<\/p>\n<p>Per utilizzare il Bio Deo Cotton Cloud, basta passare il panetto sulle ascelle deterse e asciutte. . Questo permette di godere di un&#8217;esperienza Zero Waste, ricaricando il deodorante tutte le volte che si desidera. Grazie alla sua formulazione solida, \u00e8 anche comodo da portare in viaggio senza il rischio di fuoriuscite.<\/p>\n<p>Il Bio Deo Cotton Cloud viene confezionato in una scatolina di carta riciclata, riducendo cos\u00ec l&#8217;impatto ambientale. La confezione \u00e8 totalmente riciclabile, contribuendo alla sostenibilit\u00e0 del prodotto. Per lo smaltimento, si consiglia di consultare le indicazioni specifiche riportate sulla confezione.<\/p>","protected":false},"featured_media":8417,"template":"","meta":{"_acf_changed":false,"inline_featured_image":false},"product_brand":[],"product_cat":[29,148],"product_tag":[106,236,235,194,163,143],"class_list":{"0":"post-8414","1":"product","2":"type-product","3":"status-publish","4":"has-post-thumbnail","6":"product_cat-cosmesi","7":"product_cat-deodorante","8":"product_tag-biologico","9":"product_tag-fresco","10":"product_tag-lunga-durata","11":"product_tag-pelli-sensibili","12":"product_tag-trattamento-naturale","13":"product_tag-waste-zero","15":"first","16":"instock","17":"taxable","18":"shipping-taxable","19":"purchasable","20":"product-type-simple"},"acf":[],"yoast_head":"<!-- This site is optimized with the Yoast SEO plugin v27.3 - https:\/\/yoast.com\/product\/yoast-seo-wordpress\/ -->\n<title>BioDeo - Cotton Cloud - \u00c8tico<\/title>\n<meta name=\"robots\" content=\"index, follow, max-snippet:-1, max-image-preview:large, max-video-preview:-1\" \/>\n<link rel=\"canonical\" href=\"https:\/\/eticoshop.it\/en\/negozio\/cosmesi\/deodorante\/biodeo-cotton-cloud\/\" \/>\n<meta property=\"og:locale\" content=\"en_GB\" \/>\n<meta property=\"og:type\" content=\"article\" \/>\n<meta property=\"og:title\" content=\"BioDeo - Cotton Cloud - \u00c8tico\" \/>\n<meta property=\"og:description\" content=\"Il Bio Deo Cotton Cloud \u00e8 il deodorante perfetto per chi ha pelli sensibili e delicate. Formulato senza profumo, \u00e8 ideale per coloro che preferiscono un prodotto neutro e privo di fragranze. Realizzato con ingredienti biologici come l&#039;olio di semi di girasole, l&#039;olio di mandorle dolci e l&#039;estratto di fiori di calendula, questo deodorante solido offre una protezione efficace e delicata contro i cattivi odori, lasciando la pelle fresca e asciutta. Inoltre, \u00e8 testato al nichel (&lt;1 ppm) e certificato vegan, garantendo la massima sicurezza e compatibilit\u00e0 cutanea.  Per utilizzare il Bio Deo Cotton Cloud, basta passare il panetto sulle ascelle deterse e asciutte. . Questo permette di godere di un&#039;esperienza Zero Waste, ricaricando il deodorante tutte le volte che si desidera. Grazie alla sua formulazione solida, \u00e8 anche comodo da portare in viaggio senza il rischio di fuoriuscite.  Il Bio Deo Cotton Cloud viene confezionato in una scatolina di carta riciclata, riducendo cos\u00ec l&#039;impatto ambientale. La confezione \u00e8 totalmente riciclabile, contribuendo alla sostenibilit\u00e0 del prodotto. Per lo smaltimento, si consiglia di consultare le indicazioni specifiche riportate sulla confezione.\" \/>\n<meta property=\"og:url\" content=\"https:\/\/eticoshop.it\/en\/negozio\/cosmesi\/deodorante\/biodeo-cotton-cloud\/\" \/>\n<meta property=\"og:site_name\" content=\"\u00c8tico\" \/>\n<meta property=\"og:image\" content=\"https:\/\/eticoshop.it\/wp-content\/uploads\/2024\/06\/bio-deo-cotton-cloud-copia-1024x1024.png\" \/>\n\t<meta property=\"og:image:width\" content=\"1024\" \/>\n\t<meta property=\"og:image:height\" content=\"1024\" \/>\n\t<meta property=\"og:image:type\" content=\"image\/png\" \/>\n<meta name=\"twitter:card\" content=\"summary_large_image\" \/>\n<meta name=\"twitter:label1\" content=\"Estimated reading time\" \/>\n\t<meta name=\"twitter:data1\" content=\"1 minute\" \/>\n<script type=\"application\/ld+json\" class=\"yoast-schema-graph\">{\"@context\":\"https:\\\/\\\/schema.org\",\"@graph\":[{\"@type\":\"WebPage\",\"@id\":\"https:\\\/\\\/eticoshop.it\\\/negozio\\\/cosmesi\\\/deodorante\\\/biodeo-cotton-cloud\\\/\",\"url\":\"https:\\\/\\\/eticoshop.it\\\/negozio\\\/cosmesi\\\/deodorante\\\/biodeo-cotton-cloud\\\/\",\"name\":\"BioDeo - Cotton Cloud - \u00c8tico\",\"isPartOf\":{\"@id\":\"https:\\\/\\\/eticoshop.it\\\/#website\"},\"primaryImageOfPage\":{\"@id\":\"https:\\\/\\\/eticoshop.it\\\/negozio\\\/cosmesi\\\/deodorante\\\/biodeo-cotton-cloud\\\/#primaryimage\"},\"image\":{\"@id\":\"https:\\\/\\\/eticoshop.it\\\/negozio\\\/cosmesi\\\/deodorante\\\/biodeo-cotton-cloud\\\/#primaryimage\"},\"thumbnailUrl\":\"https:\\\/\\\/eticoshop.it\\\/wp-content\\\/uploads\\\/2024\\\/06\\\/bio-deo-cotton-cloud-copia.png\",\"datePublished\":\"2024-06-21T15:39:36+00:00\",\"breadcrumb\":{\"@id\":\"https:\\\/\\\/eticoshop.it\\\/negozio\\\/cosmesi\\\/deodorante\\\/biodeo-cotton-cloud\\\/#breadcrumb\"},\"inLanguage\":\"en-GB\",\"potentialAction\":[{\"@type\":\"ReadAction\",\"target\":[\"https:\\\/\\\/eticoshop.it\\\/negozio\\\/cosmesi\\\/deodorante\\\/biodeo-cotton-cloud\\\/\"]}]},{\"@type\":\"ImageObject\",\"inLanguage\":\"en-GB\",\"@id\":\"https:\\\/\\\/eticoshop.it\\\/negozio\\\/cosmesi\\\/deodorante\\\/biodeo-cotton-cloud\\\/#primaryimage\",\"url\":\"https:\\\/\\\/eticoshop.it\\\/wp-content\\\/uploads\\\/2024\\\/06\\\/bio-deo-cotton-cloud-copia.png\",\"contentUrl\":\"https:\\\/\\\/eticoshop.it\\\/wp-content\\\/uploads\\\/2024\\\/06\\\/bio-deo-cotton-cloud-copia.png\",\"width\":2000,\"height\":2000,\"caption\":\"biodeo cotton cloud\"},{\"@type\":\"BreadcrumbList\",\"@id\":\"https:\\\/\\\/eticoshop.it\\\/negozio\\\/cosmesi\\\/deodorante\\\/biodeo-cotton-cloud\\\/#breadcrumb\",\"itemListElement\":[{\"@type\":\"ListItem\",\"position\":1,\"name\":\"Home\",\"item\":\"https:\\\/\\\/eticoshop.it\\\/\"},{\"@type\":\"ListItem\",\"position\":2,\"name\":\"Shop\",\"item\":\"https:\\\/\\\/eticoshop.it\\\/negozio\\\/\"},{\"@type\":\"ListItem\",\"position\":3,\"name\":\"Cosmesi\",\"item\":\"https:\\\/\\\/eticoshop.it\\\/categoria-prodotto\\\/cosmesi\\\/\"},{\"@type\":\"ListItem\",\"position\":4,\"name\":\"BioDeo &#8211; Cotton Cloud\"}]},{\"@type\":\"WebSite\",\"@id\":\"https:\\\/\\\/eticoshop.it\\\/#website\",\"url\":\"https:\\\/\\\/eticoshop.it\\\/\",\"name\":\"\u00c8tico\",\"description\":\"\",\"publisher\":{\"@id\":\"https:\\\/\\\/eticoshop.it\\\/#organization\"},\"potentialAction\":[{\"@type\":\"SearchAction\",\"target\":{\"@type\":\"EntryPoint\",\"urlTemplate\":\"https:\\\/\\\/eticoshop.it\\\/?s={search_term_string}\"},\"query-input\":{\"@type\":\"PropertyValueSpecification\",\"valueRequired\":true,\"valueName\":\"search_term_string\"}}],\"inLanguage\":\"en-GB\"},{\"@type\":\"Organization\",\"@id\":\"https:\\\/\\\/eticoshop.it\\\/#organization\",\"name\":\"\u00c8tico\",\"url\":\"https:\\\/\\\/eticoshop.it\\\/\",\"logo\":{\"@type\":\"ImageObject\",\"inLanguage\":\"en-GB\",\"@id\":\"https:\\\/\\\/eticoshop.it\\\/#\\\/schema\\\/logo\\\/image\\\/\",\"url\":\"https:\\\/\\\/eticoshop.it\\\/wp-content\\\/uploads\\\/2023\\\/09\\\/logo-etico.svg\",\"contentUrl\":\"https:\\\/\\\/eticoshop.it\\\/wp-content\\\/uploads\\\/2023\\\/09\\\/logo-etico.svg\",\"width\":973,\"height\":360,\"caption\":\"\u00c8tico\"},\"image\":{\"@id\":\"https:\\\/\\\/eticoshop.it\\\/#\\\/schema\\\/logo\\\/image\\\/\"}}]}<\/script>\n<!-- \/ Yoast SEO plugin. -->","yoast_head_json":{"title":"BioDeo - Cotton Cloud - \u00c8tico","robots":{"index":"index","follow":"follow","max-snippet":"max-snippet:-1","max-image-preview":"max-image-preview:large","max-video-preview":"max-video-preview:-1"},"canonical":"https:\/\/eticoshop.it\/en\/negozio\/cosmesi\/deodorante\/biodeo-cotton-cloud\/","og_locale":"en_GB","og_type":"article","og_title":"BioDeo - Cotton Cloud - \u00c8tico","og_description":"Il Bio Deo Cotton Cloud \u00e8 il deodorante perfetto per chi ha pelli sensibili e delicate. Formulato senza profumo, \u00e8 ideale per coloro che preferiscono un prodotto neutro e privo di fragranze. Realizzato con ingredienti biologici come l'olio di semi di girasole, l'olio di mandorle dolci e l'estratto di fiori di calendula, questo deodorante solido offre una protezione efficace e delicata contro i cattivi odori, lasciando la pelle fresca e asciutta. Inoltre, \u00e8 testato al nichel (&lt;1 ppm) e certificato vegan, garantendo la massima sicurezza e compatibilit\u00e0 cutanea.  Per utilizzare il Bio Deo Cotton Cloud, basta passare il panetto sulle ascelle deterse e asciutte. . Questo permette di godere di un'esperienza Zero Waste, ricaricando il deodorante tutte le volte che si desidera. Grazie alla sua formulazione solida, \u00e8 anche comodo da portare in viaggio senza il rischio di fuoriuscite.  Il Bio Deo Cotton Cloud viene confezionato in una scatolina di carta riciclata, riducendo cos\u00ec l'impatto ambientale. La confezione \u00e8 totalmente riciclabile, contribuendo alla sostenibilit\u00e0 del prodotto. Per lo smaltimento, si consiglia di consultare le indicazioni specifiche riportate sulla confezione.","og_url":"https:\/\/eticoshop.it\/en\/negozio\/cosmesi\/deodorante\/biodeo-cotton-cloud\/","og_site_name":"\u00c8tico","og_image":[{"width":1024,"height":1024,"url":"https:\/\/eticoshop.it\/wp-content\/uploads\/2024\/06\/bio-deo-cotton-cloud-copia-1024x1024.png","type":"image\/png"}],"twitter_card":"summary_large_image","twitter_misc":{"Estimated reading time":"1 minute"},"schema":{"@context":"https:\/\/schema.org","@graph":[{"@type":"WebPage","@id":"https:\/\/eticoshop.it\/negozio\/cosmesi\/deodorante\/biodeo-cotton-cloud\/","url":"https:\/\/eticoshop.it\/negozio\/cosmesi\/deodorante\/biodeo-cotton-cloud\/","name":"BioDeo - Cotton Cloud - \u00c8tico","isPartOf":{"@id":"https:\/\/eticoshop.it\/#website"},"primaryImageOfPage":{"@id":"https:\/\/eticoshop.it\/negozio\/cosmesi\/deodorante\/biodeo-cotton-cloud\/#primaryimage"},"image":{"@id":"https:\/\/eticoshop.it\/negozio\/cosmesi\/deodorante\/biodeo-cotton-cloud\/#primaryimage"},"thumbnailUrl":"https:\/\/eticoshop.it\/wp-content\/uploads\/2024\/06\/bio-deo-cotton-cloud-copia.png","datePublished":"2024-06-21T15:39:36+00:00","breadcrumb":{"@id":"https:\/\/eticoshop.it\/negozio\/cosmesi\/deodorante\/biodeo-cotton-cloud\/#breadcrumb"},"inLanguage":"en-GB","potentialAction":[{"@type":"ReadAction","target":["https:\/\/eticoshop.it\/negozio\/cosmesi\/deodorante\/biodeo-cotton-cloud\/"]}]},{"@type":"ImageObject","inLanguage":"en-GB","@id":"https:\/\/eticoshop.it\/negozio\/cosmesi\/deodorante\/biodeo-cotton-cloud\/#primaryimage","url":"https:\/\/eticoshop.it\/wp-content\/uploads\/2024\/06\/bio-deo-cotton-cloud-copia.png","contentUrl":"https:\/\/eticoshop.it\/wp-content\/uploads\/2024\/06\/bio-deo-cotton-cloud-copia.png","width":2000,"height":2000,"caption":"biodeo cotton cloud"},{"@type":"BreadcrumbList","@id":"https:\/\/eticoshop.it\/negozio\/cosmesi\/deodorante\/biodeo-cotton-cloud\/#breadcrumb","itemListElement":[{"@type":"ListItem","position":1,"name":"Home","item":"https:\/\/eticoshop.it\/"},{"@type":"ListItem","position":2,"name":"Shop","item":"https:\/\/eticoshop.it\/negozio\/"},{"@type":"ListItem","position":3,"name":"Cosmesi","item":"https:\/\/eticoshop.it\/categoria-prodotto\/cosmesi\/"},{"@type":"ListItem","position":4,"name":"BioDeo &#8211; Cotton Cloud"}]},{"@type":"WebSite","@id":"https:\/\/eticoshop.it\/#website","url":"https:\/\/eticoshop.it\/","name":"\u00c8tico","description":"","publisher":{"@id":"https:\/\/eticoshop.it\/#organization"},"potentialAction":[{"@type":"SearchAction","target":{"@type":"EntryPoint","urlTemplate":"https:\/\/eticoshop.it\/?s={search_term_string}"},"query-input":{"@type":"PropertyValueSpecification","valueRequired":true,"valueName":"search_term_string"}}],"inLanguage":"en-GB"},{"@type":"Organization","@id":"https:\/\/eticoshop.it\/#organization","name":"\u00c8tico","url":"https:\/\/eticoshop.it\/","logo":{"@type":"ImageObject","inLanguage":"en-GB","@id":"https:\/\/eticoshop.it\/#\/schema\/logo\/image\/","url":"https:\/\/eticoshop.it\/wp-content\/uploads\/2023\/09\/logo-etico.svg","contentUrl":"https:\/\/eticoshop.it\/wp-content\/uploads\/2023\/09\/logo-etico.svg","width":973,"height":360,"caption":"\u00c8tico"},"image":{"@id":"https:\/\/eticoshop.it\/#\/schema\/logo\/image\/"}}]}},"_links":{"self":[{"href":"https:\/\/eticoshop.it\/en\/wp-json\/wp\/v2\/product\/8414","targetHints":{"allow":["GET"]}}],"collection":[{"href":"https:\/\/eticoshop.it\/en\/wp-json\/wp\/v2\/product"}],"about":[{"href":"https:\/\/eticoshop.it\/en\/wp-json\/wp\/v2\/types\/product"}],"wp:featuredmedia":[{"embeddable":true,"href":"https:\/\/eticoshop.it\/en\/wp-json\/wp\/v2\/media\/8417"}],"wp:attachment":[{"href":"https:\/\/eticoshop.it\/en\/wp-json\/wp\/v2\/media?parent=8414"}],"wp:term":[{"taxonomy":"product_brand","embeddable":true,"href":"https:\/\/eticoshop.it\/en\/wp-json\/wp\/v2\/product_brand?post=8414"},{"taxonomy":"product_cat","embeddable":true,"href":"https:\/\/eticoshop.it\/en\/wp-json\/wp\/v2\/product_cat?post=8414"},{"taxonomy":"product_tag","embeddable":true,"href":"https:\/\/eticoshop.it\/en\/wp-json\/wp\/v2\/product_tag?post=8414"}],"curies":[{"name":"wp","href":"https:\/\/api.w.org\/{rel}","templated":true}]}}