





















{"id":8418,"date":"2024-06-21T17:39:37","date_gmt":"2024-06-21T15:39:37","guid":{"rendered":"https:\/\/eticoshop.it\/?post_type=product&#038;p=8418"},"modified":"2024-06-21T17:39:37","modified_gmt":"2024-06-21T15:39:37","slug":"bio-pasta-protettiva","status":"publish","type":"product","link":"https:\/\/eticoshop.it\/en\/negozio\/cosmesi\/trattamenti-corpo\/bio-pasta-protettiva\/","title":{"rendered":"Bio Pasta Protettiva"},"content":{"rendered":"<p>La Bio Pasta Protettiva Cambio Pannolino previene irritazioni e arrossamenti, con ossido di zinco, burro di karit\u00e9, olio di albicocca e camomilla.<\/p>","protected":false},"excerpt":{"rendered":"<p>La Bio Pasta Protettiva Cambio Pannolino \u00e8 formulata per offrire protezione e sollievo alla pelle delicata dei bambini durante il cambio del pannolino. Arricchita con ossido di zinco, burro di karit\u00e9, olio di albicocca e olio d\u2019oliva, questa pasta crea una barriera protettiva sulla pelle del bambino, prevenendo irritazioni e arrossamenti. La camomilla e la vitamina E apportano ulteriori propriet\u00e0 lenitive ed emollienti, rendendo questa crema ideale per le pelli pi\u00f9 sensibili e delicate.<\/p>\n<p>Ad ogni cambio di pannolino, stendere un sottile velo di crema sulla pelle pulita e asciutta del bambino. Massaggiare delicatamente e completare il cambio pannolino. La crema \u00e8 dermatologicamente testata su pelli sensibili ed \u00e8 sicura per l&#8217;uso quotidiano.<\/p>\n<p>Il prodotto \u00e8 confezionato in un flacone da 50 ml realizzato con materiali riciclabili. Dopo l\u2019uso, il flacone pu\u00f2 essere smaltito nella raccolta differenziata della plastica.<\/p>","protected":false},"featured_media":8421,"template":"","meta":{"_acf_changed":false,"inline_featured_image":false},"product_brand":[],"product_cat":[29,170],"product_tag":[153,106,229,151,224,228,163],"class_list":{"0":"post-8418","1":"product","2":"type-product","3":"status-publish","4":"has-post-thumbnail","6":"product_cat-cosmesi","7":"product_cat-trattamenti-corpo","8":"product_tag-bambini","9":"product_tag-biologico","10":"product_tag-delicata","11":"product_tag-idratazione","12":"product_tag-lenitiva","13":"product_tag-protettiva","14":"product_tag-trattamento-naturale","16":"first","17":"instock","18":"taxable","19":"shipping-taxable","20":"purchasable","21":"product-type-simple"},"acf":[],"yoast_head":"<!-- This site is optimized with the Yoast SEO plugin v27.3 - https:\/\/yoast.com\/product\/yoast-seo-wordpress\/ -->\n<title>Bio Pasta Protettiva - \u00c8tico<\/title>\n<meta name=\"robots\" content=\"index, follow, max-snippet:-1, max-image-preview:large, max-video-preview:-1\" \/>\n<link rel=\"canonical\" href=\"https:\/\/eticoshop.it\/en\/negozio\/cosmesi\/trattamenti-corpo\/bio-pasta-protettiva\/\" \/>\n<meta property=\"og:locale\" content=\"en_GB\" \/>\n<meta property=\"og:type\" content=\"article\" \/>\n<meta property=\"og:title\" content=\"Bio Pasta Protettiva - \u00c8tico\" \/>\n<meta property=\"og:description\" content=\"La Bio Pasta Protettiva Cambio Pannolino \u00e8 formulata per offrire protezione e sollievo alla pelle delicata dei bambini durante il cambio del pannolino. Arricchita con ossido di zinco, burro di karit\u00e9, olio di albicocca e olio d\u2019oliva, questa pasta crea una barriera protettiva sulla pelle del bambino, prevenendo irritazioni e arrossamenti. La camomilla e la vitamina E apportano ulteriori propriet\u00e0 lenitive ed emollienti, rendendo questa crema ideale per le pelli pi\u00f9 sensibili e delicate.  Ad ogni cambio di pannolino, stendere un sottile velo di crema sulla pelle pulita e asciutta del bambino. Massaggiare delicatamente e completare il cambio pannolino. La crema \u00e8 dermatologicamente testata su pelli sensibili ed \u00e8 sicura per l&#039;uso quotidiano.  Il prodotto \u00e8 confezionato in un flacone da 50 ml realizzato con materiali riciclabili. Dopo l\u2019uso, il flacone pu\u00f2 essere smaltito nella raccolta differenziata della plastica.\" \/>\n<meta property=\"og:url\" content=\"https:\/\/eticoshop.it\/en\/negozio\/cosmesi\/trattamenti-corpo\/bio-pasta-protettiva\/\" \/>\n<meta property=\"og:site_name\" content=\"\u00c8tico\" \/>\n<meta property=\"og:image\" content=\"https:\/\/eticoshop.it\/wp-content\/uploads\/2024\/06\/bio-pasta-protettiva-copia.png\" \/>\n\t<meta property=\"og:image:width\" content=\"2000\" \/>\n\t<meta property=\"og:image:height\" content=\"2000\" \/>\n\t<meta property=\"og:image:type\" content=\"image\/png\" \/>\n<meta name=\"twitter:card\" content=\"summary_large_image\" \/>\n<meta name=\"twitter:label1\" content=\"Estimated reading time\" \/>\n\t<meta name=\"twitter:data1\" content=\"1 minute\" \/>\n<script type=\"application\/ld+json\" class=\"yoast-schema-graph\">{\"@context\":\"https:\\\/\\\/schema.org\",\"@graph\":[{\"@type\":\"WebPage\",\"@id\":\"https:\\\/\\\/eticoshop.it\\\/negozio\\\/cosmesi\\\/trattamenti-corpo\\\/bio-pasta-protettiva\\\/\",\"url\":\"https:\\\/\\\/eticoshop.it\\\/negozio\\\/cosmesi\\\/trattamenti-corpo\\\/bio-pasta-protettiva\\\/\",\"name\":\"Bio Pasta Protettiva - \u00c8tico\",\"isPartOf\":{\"@id\":\"https:\\\/\\\/eticoshop.it\\\/#website\"},\"primaryImageOfPage\":{\"@id\":\"https:\\\/\\\/eticoshop.it\\\/negozio\\\/cosmesi\\\/trattamenti-corpo\\\/bio-pasta-protettiva\\\/#primaryimage\"},\"image\":{\"@id\":\"https:\\\/\\\/eticoshop.it\\\/negozio\\\/cosmesi\\\/trattamenti-corpo\\\/bio-pasta-protettiva\\\/#primaryimage\"},\"thumbnailUrl\":\"https:\\\/\\\/eticoshop.it\\\/wp-content\\\/uploads\\\/2024\\\/06\\\/bio-pasta-protettiva-copia.png\",\"datePublished\":\"2024-06-21T15:39:37+00:00\",\"breadcrumb\":{\"@id\":\"https:\\\/\\\/eticoshop.it\\\/negozio\\\/cosmesi\\\/trattamenti-corpo\\\/bio-pasta-protettiva\\\/#breadcrumb\"},\"inLanguage\":\"en-GB\",\"potentialAction\":[{\"@type\":\"ReadAction\",\"target\":[\"https:\\\/\\\/eticoshop.it\\\/negozio\\\/cosmesi\\\/trattamenti-corpo\\\/bio-pasta-protettiva\\\/\"]}]},{\"@type\":\"ImageObject\",\"inLanguage\":\"en-GB\",\"@id\":\"https:\\\/\\\/eticoshop.it\\\/negozio\\\/cosmesi\\\/trattamenti-corpo\\\/bio-pasta-protettiva\\\/#primaryimage\",\"url\":\"https:\\\/\\\/eticoshop.it\\\/wp-content\\\/uploads\\\/2024\\\/06\\\/bio-pasta-protettiva-copia.png\",\"contentUrl\":\"https:\\\/\\\/eticoshop.it\\\/wp-content\\\/uploads\\\/2024\\\/06\\\/bio-pasta-protettiva-copia.png\",\"width\":2000,\"height\":2000,\"caption\":\"bio pasta protettiva\"},{\"@type\":\"BreadcrumbList\",\"@id\":\"https:\\\/\\\/eticoshop.it\\\/negozio\\\/cosmesi\\\/trattamenti-corpo\\\/bio-pasta-protettiva\\\/#breadcrumb\",\"itemListElement\":[{\"@type\":\"ListItem\",\"position\":1,\"name\":\"Home\",\"item\":\"https:\\\/\\\/eticoshop.it\\\/\"},{\"@type\":\"ListItem\",\"position\":2,\"name\":\"Shop\",\"item\":\"https:\\\/\\\/eticoshop.it\\\/negozio\\\/\"},{\"@type\":\"ListItem\",\"position\":3,\"name\":\"Cosmesi\",\"item\":\"https:\\\/\\\/eticoshop.it\\\/categoria-prodotto\\\/cosmesi\\\/\"},{\"@type\":\"ListItem\",\"position\":4,\"name\":\"Bio Pasta Protettiva\"}]},{\"@type\":\"WebSite\",\"@id\":\"https:\\\/\\\/eticoshop.it\\\/#website\",\"url\":\"https:\\\/\\\/eticoshop.it\\\/\",\"name\":\"\u00c8tico\",\"description\":\"\",\"publisher\":{\"@id\":\"https:\\\/\\\/eticoshop.it\\\/#organization\"},\"potentialAction\":[{\"@type\":\"SearchAction\",\"target\":{\"@type\":\"EntryPoint\",\"urlTemplate\":\"https:\\\/\\\/eticoshop.it\\\/?s={search_term_string}\"},\"query-input\":{\"@type\":\"PropertyValueSpecification\",\"valueRequired\":true,\"valueName\":\"search_term_string\"}}],\"inLanguage\":\"en-GB\"},{\"@type\":\"Organization\",\"@id\":\"https:\\\/\\\/eticoshop.it\\\/#organization\",\"name\":\"\u00c8tico\",\"url\":\"https:\\\/\\\/eticoshop.it\\\/\",\"logo\":{\"@type\":\"ImageObject\",\"inLanguage\":\"en-GB\",\"@id\":\"https:\\\/\\\/eticoshop.it\\\/#\\\/schema\\\/logo\\\/image\\\/\",\"url\":\"https:\\\/\\\/eticoshop.it\\\/wp-content\\\/uploads\\\/2023\\\/09\\\/logo-etico.svg\",\"contentUrl\":\"https:\\\/\\\/eticoshop.it\\\/wp-content\\\/uploads\\\/2023\\\/09\\\/logo-etico.svg\",\"width\":973,\"height\":360,\"caption\":\"\u00c8tico\"},\"image\":{\"@id\":\"https:\\\/\\\/eticoshop.it\\\/#\\\/schema\\\/logo\\\/image\\\/\"}}]}<\/script>\n<!-- \/ Yoast SEO plugin. -->","yoast_head_json":{"title":"Bio Pasta Protettiva - \u00c8tico","robots":{"index":"index","follow":"follow","max-snippet":"max-snippet:-1","max-image-preview":"max-image-preview:large","max-video-preview":"max-video-preview:-1"},"canonical":"https:\/\/eticoshop.it\/en\/negozio\/cosmesi\/trattamenti-corpo\/bio-pasta-protettiva\/","og_locale":"en_GB","og_type":"article","og_title":"Bio Pasta Protettiva - \u00c8tico","og_description":"La Bio Pasta Protettiva Cambio Pannolino \u00e8 formulata per offrire protezione e sollievo alla pelle delicata dei bambini durante il cambio del pannolino. Arricchita con ossido di zinco, burro di karit\u00e9, olio di albicocca e olio d\u2019oliva, questa pasta crea una barriera protettiva sulla pelle del bambino, prevenendo irritazioni e arrossamenti. La camomilla e la vitamina E apportano ulteriori propriet\u00e0 lenitive ed emollienti, rendendo questa crema ideale per le pelli pi\u00f9 sensibili e delicate.  Ad ogni cambio di pannolino, stendere un sottile velo di crema sulla pelle pulita e asciutta del bambino. Massaggiare delicatamente e completare il cambio pannolino. La crema \u00e8 dermatologicamente testata su pelli sensibili ed \u00e8 sicura per l'uso quotidiano.  Il prodotto \u00e8 confezionato in un flacone da 50 ml realizzato con materiali riciclabili. Dopo l\u2019uso, il flacone pu\u00f2 essere smaltito nella raccolta differenziata della plastica.","og_url":"https:\/\/eticoshop.it\/en\/negozio\/cosmesi\/trattamenti-corpo\/bio-pasta-protettiva\/","og_site_name":"\u00c8tico","og_image":[{"width":2000,"height":2000,"url":"https:\/\/eticoshop.it\/wp-content\/uploads\/2024\/06\/bio-pasta-protettiva-copia.png","type":"image\/png"}],"twitter_card":"summary_large_image","twitter_misc":{"Estimated reading time":"1 minute"},"schema":{"@context":"https:\/\/schema.org","@graph":[{"@type":"WebPage","@id":"https:\/\/eticoshop.it\/negozio\/cosmesi\/trattamenti-corpo\/bio-pasta-protettiva\/","url":"https:\/\/eticoshop.it\/negozio\/cosmesi\/trattamenti-corpo\/bio-pasta-protettiva\/","name":"Bio Pasta Protettiva - \u00c8tico","isPartOf":{"@id":"https:\/\/eticoshop.it\/#website"},"primaryImageOfPage":{"@id":"https:\/\/eticoshop.it\/negozio\/cosmesi\/trattamenti-corpo\/bio-pasta-protettiva\/#primaryimage"},"image":{"@id":"https:\/\/eticoshop.it\/negozio\/cosmesi\/trattamenti-corpo\/bio-pasta-protettiva\/#primaryimage"},"thumbnailUrl":"https:\/\/eticoshop.it\/wp-content\/uploads\/2024\/06\/bio-pasta-protettiva-copia.png","datePublished":"2024-06-21T15:39:37+00:00","breadcrumb":{"@id":"https:\/\/eticoshop.it\/negozio\/cosmesi\/trattamenti-corpo\/bio-pasta-protettiva\/#breadcrumb"},"inLanguage":"en-GB","potentialAction":[{"@type":"ReadAction","target":["https:\/\/eticoshop.it\/negozio\/cosmesi\/trattamenti-corpo\/bio-pasta-protettiva\/"]}]},{"@type":"ImageObject","inLanguage":"en-GB","@id":"https:\/\/eticoshop.it\/negozio\/cosmesi\/trattamenti-corpo\/bio-pasta-protettiva\/#primaryimage","url":"https:\/\/eticoshop.it\/wp-content\/uploads\/2024\/06\/bio-pasta-protettiva-copia.png","contentUrl":"https:\/\/eticoshop.it\/wp-content\/uploads\/2024\/06\/bio-pasta-protettiva-copia.png","width":2000,"height":2000,"caption":"bio pasta protettiva"},{"@type":"BreadcrumbList","@id":"https:\/\/eticoshop.it\/negozio\/cosmesi\/trattamenti-corpo\/bio-pasta-protettiva\/#breadcrumb","itemListElement":[{"@type":"ListItem","position":1,"name":"Home","item":"https:\/\/eticoshop.it\/"},{"@type":"ListItem","position":2,"name":"Shop","item":"https:\/\/eticoshop.it\/negozio\/"},{"@type":"ListItem","position":3,"name":"Cosmesi","item":"https:\/\/eticoshop.it\/categoria-prodotto\/cosmesi\/"},{"@type":"ListItem","position":4,"name":"Bio Pasta Protettiva"}]},{"@type":"WebSite","@id":"https:\/\/eticoshop.it\/#website","url":"https:\/\/eticoshop.it\/","name":"\u00c8tico","description":"","publisher":{"@id":"https:\/\/eticoshop.it\/#organization"},"potentialAction":[{"@type":"SearchAction","target":{"@type":"EntryPoint","urlTemplate":"https:\/\/eticoshop.it\/?s={search_term_string}"},"query-input":{"@type":"PropertyValueSpecification","valueRequired":true,"valueName":"search_term_string"}}],"inLanguage":"en-GB"},{"@type":"Organization","@id":"https:\/\/eticoshop.it\/#organization","name":"\u00c8tico","url":"https:\/\/eticoshop.it\/","logo":{"@type":"ImageObject","inLanguage":"en-GB","@id":"https:\/\/eticoshop.it\/#\/schema\/logo\/image\/","url":"https:\/\/eticoshop.it\/wp-content\/uploads\/2023\/09\/logo-etico.svg","contentUrl":"https:\/\/eticoshop.it\/wp-content\/uploads\/2023\/09\/logo-etico.svg","width":973,"height":360,"caption":"\u00c8tico"},"image":{"@id":"https:\/\/eticoshop.it\/#\/schema\/logo\/image\/"}}]}},"_links":{"self":[{"href":"https:\/\/eticoshop.it\/en\/wp-json\/wp\/v2\/product\/8418","targetHints":{"allow":["GET"]}}],"collection":[{"href":"https:\/\/eticoshop.it\/en\/wp-json\/wp\/v2\/product"}],"about":[{"href":"https:\/\/eticoshop.it\/en\/wp-json\/wp\/v2\/types\/product"}],"wp:featuredmedia":[{"embeddable":true,"href":"https:\/\/eticoshop.it\/en\/wp-json\/wp\/v2\/media\/8421"}],"wp:attachment":[{"href":"https:\/\/eticoshop.it\/en\/wp-json\/wp\/v2\/media?parent=8418"}],"wp:term":[{"taxonomy":"product_brand","embeddable":true,"href":"https:\/\/eticoshop.it\/en\/wp-json\/wp\/v2\/product_brand?post=8418"},{"taxonomy":"product_cat","embeddable":true,"href":"https:\/\/eticoshop.it\/en\/wp-json\/wp\/v2\/product_cat?post=8418"},{"taxonomy":"product_tag","embeddable":true,"href":"https:\/\/eticoshop.it\/en\/wp-json\/wp\/v2\/product_tag?post=8418"}],"curies":[{"name":"wp","href":"https:\/\/api.w.org\/{rel}","templated":true}]}}