





















{"id":8429,"date":"2024-06-21T17:38:29","date_gmt":"2024-06-21T15:38:29","guid":{"rendered":"https:\/\/eticoshop.it\/?post_type=product&#038;p=8429"},"modified":"2024-06-21T17:38:29","modified_gmt":"2024-06-21T15:38:29","slug":"incenso-te-verde-e-fiore-di-champa","status":"publish","type":"product","link":"https:\/\/eticoshop.it\/en\/negozio\/cosmesi\/oli-essenziali-e-incensi\/incenso-te-verde-e-fiore-di-champa\/","title":{"rendered":"Incenso &#8211; T\u00e8 Verde e Fiore di Champa"},"content":{"rendered":"<p>L&#8217;incenso &#8220;T\u00e8 Verde e Fiore di Champa&#8221; combina aromi rilassanti ed esotici, con 6 bastoncini, ideale per meditazione, purificazione energetica e creare un&#8217;atmosfera serena.<\/p>\n<h3><\/h3>","protected":false},"excerpt":{"rendered":"<p>L&#8217;incenso &#8220;T\u00e8 Verde e Fiore di Champa&#8221; combina l&#8217;aroma rilassante del t\u00e8 verde con il profumo esotico del fiore di Champa. Questa miscela unica \u00e8 ideale per creare un&#8217;atmosfera di tranquillit\u00e0 e felicit\u00e0 spirituale, perfetta per la meditazione e la purificazione energetica.<\/p>\n<p>Per godertelo al meglio, inizia accendendo un&#8217;estremit\u00e0 del bastoncino. Lascialo bruciare per qualche secondo, poi soffia delicatamente per spegnere la fiamma. Metti il bastoncino in un portaincenso e lascia che il suo delicato fumo si diffonda nella stanza. Sia che tu stia meditando, eseguendo un rituale di purificazione o semplicemente desideri un&#8217;atmosfera pi\u00f9 serena e rilassante, questo incenso \u00e8 il compagno perfetto per trasformare il tuo spazio in un&#8217;oasi di tranquillit\u00e0.<\/p>\n<p>Il prodotto \u00e8 confezionato in una scatola di cartone riciclabile decorata con motivi floreali. Per lo smaltimento, seguire le disposizioni del proprio comune per il riciclo del cartone.<\/p>","protected":false},"featured_media":8431,"template":"","meta":{"_acf_changed":false,"inline_featured_image":false},"product_brand":[],"product_cat":[29,164],"product_tag":[200,106,312,201,179,313],"class_list":{"0":"post-8429","1":"product","2":"type-product","3":"status-publish","4":"has-post-thumbnail","6":"product_cat-cosmesi","7":"product_cat-oli-essenziali-e-incensi","8":"product_tag-anti-stress","9":"product_tag-biologico","10":"product_tag-fiore-di-champa","11":"product_tag-purificante","12":"product_tag-relax","13":"product_tag-te-verde","15":"first","16":"instock","17":"taxable","18":"shipping-taxable","19":"purchasable","20":"product-type-simple"},"acf":[],"yoast_head":"<!-- This site is optimized with the Yoast SEO plugin v27.4 - https:\/\/yoast.com\/product\/yoast-seo-wordpress\/ -->\n<title>Incenso - T\u00e8 Verde e Fiore di Champa - \u00c8tico<\/title>\n<meta name=\"robots\" content=\"index, follow, max-snippet:-1, max-image-preview:large, max-video-preview:-1\" \/>\n<link rel=\"canonical\" href=\"https:\/\/eticoshop.it\/en\/negozio\/cosmesi\/oli-essenziali-e-incensi\/incenso-te-verde-e-fiore-di-champa\/\" \/>\n<meta property=\"og:locale\" content=\"en_GB\" \/>\n<meta property=\"og:type\" content=\"article\" \/>\n<meta property=\"og:title\" content=\"Incenso - T\u00e8 Verde e Fiore di Champa - \u00c8tico\" \/>\n<meta property=\"og:description\" content=\"L&#039;incenso &quot;T\u00e8 Verde e Fiore di Champa&quot; combina l&#039;aroma rilassante del t\u00e8 verde con il profumo esotico del fiore di Champa. Questa miscela unica \u00e8 ideale per creare un&#039;atmosfera di tranquillit\u00e0 e felicit\u00e0 spirituale, perfetta per la meditazione e la purificazione energetica.  Per godertelo al meglio, inizia accendendo un&#039;estremit\u00e0 del bastoncino. Lascialo bruciare per qualche secondo, poi soffia delicatamente per spegnere la fiamma. Metti il bastoncino in un portaincenso e lascia che il suo delicato fumo si diffonda nella stanza. Sia che tu stia meditando, eseguendo un rituale di purificazione o semplicemente desideri un&#039;atmosfera pi\u00f9 serena e rilassante, questo incenso \u00e8 il compagno perfetto per trasformare il tuo spazio in un&#039;oasi di tranquillit\u00e0.  Il prodotto \u00e8 confezionato in una scatola di cartone riciclabile decorata con motivi floreali. Per lo smaltimento, seguire le disposizioni del proprio comune per il riciclo del cartone.\" \/>\n<meta property=\"og:url\" content=\"https:\/\/eticoshop.it\/en\/negozio\/cosmesi\/oli-essenziali-e-incensi\/incenso-te-verde-e-fiore-di-champa\/\" \/>\n<meta property=\"og:site_name\" content=\"\u00c8tico\" \/>\n<meta property=\"og:image\" content=\"https:\/\/eticoshop.it\/wp-content\/uploads\/2024\/06\/te-verde-copia.png\" \/>\n\t<meta property=\"og:image:width\" content=\"2000\" \/>\n\t<meta property=\"og:image:height\" content=\"2000\" \/>\n\t<meta property=\"og:image:type\" content=\"image\/png\" \/>\n<meta name=\"twitter:card\" content=\"summary_large_image\" \/>\n<meta name=\"twitter:label1\" content=\"Estimated reading time\" \/>\n\t<meta name=\"twitter:data1\" content=\"1 minute\" \/>\n<script type=\"application\/ld+json\" class=\"yoast-schema-graph\">{\"@context\":\"https:\\\/\\\/schema.org\",\"@graph\":[{\"@type\":\"WebPage\",\"@id\":\"https:\\\/\\\/eticoshop.it\\\/negozio\\\/cosmesi\\\/oli-essenziali-e-incensi\\\/incenso-te-verde-e-fiore-di-champa\\\/\",\"url\":\"https:\\\/\\\/eticoshop.it\\\/negozio\\\/cosmesi\\\/oli-essenziali-e-incensi\\\/incenso-te-verde-e-fiore-di-champa\\\/\",\"name\":\"Incenso - T\u00e8 Verde e Fiore di Champa - \u00c8tico\",\"isPartOf\":{\"@id\":\"https:\\\/\\\/eticoshop.it\\\/#website\"},\"primaryImageOfPage\":{\"@id\":\"https:\\\/\\\/eticoshop.it\\\/negozio\\\/cosmesi\\\/oli-essenziali-e-incensi\\\/incenso-te-verde-e-fiore-di-champa\\\/#primaryimage\"},\"image\":{\"@id\":\"https:\\\/\\\/eticoshop.it\\\/negozio\\\/cosmesi\\\/oli-essenziali-e-incensi\\\/incenso-te-verde-e-fiore-di-champa\\\/#primaryimage\"},\"thumbnailUrl\":\"https:\\\/\\\/eticoshop.it\\\/wp-content\\\/uploads\\\/2024\\\/06\\\/te-verde-copia.png\",\"datePublished\":\"2024-06-21T15:38:29+00:00\",\"breadcrumb\":{\"@id\":\"https:\\\/\\\/eticoshop.it\\\/negozio\\\/cosmesi\\\/oli-essenziali-e-incensi\\\/incenso-te-verde-e-fiore-di-champa\\\/#breadcrumb\"},\"inLanguage\":\"en-GB\",\"potentialAction\":[{\"@type\":\"ReadAction\",\"target\":[\"https:\\\/\\\/eticoshop.it\\\/negozio\\\/cosmesi\\\/oli-essenziali-e-incensi\\\/incenso-te-verde-e-fiore-di-champa\\\/\"]}]},{\"@type\":\"ImageObject\",\"inLanguage\":\"en-GB\",\"@id\":\"https:\\\/\\\/eticoshop.it\\\/negozio\\\/cosmesi\\\/oli-essenziali-e-incensi\\\/incenso-te-verde-e-fiore-di-champa\\\/#primaryimage\",\"url\":\"https:\\\/\\\/eticoshop.it\\\/wp-content\\\/uploads\\\/2024\\\/06\\\/te-verde-copia.png\",\"contentUrl\":\"https:\\\/\\\/eticoshop.it\\\/wp-content\\\/uploads\\\/2024\\\/06\\\/te-verde-copia.png\",\"width\":2000,\"height\":2000,\"caption\":\"incenso te verde\"},{\"@type\":\"BreadcrumbList\",\"@id\":\"https:\\\/\\\/eticoshop.it\\\/negozio\\\/cosmesi\\\/oli-essenziali-e-incensi\\\/incenso-te-verde-e-fiore-di-champa\\\/#breadcrumb\",\"itemListElement\":[{\"@type\":\"ListItem\",\"position\":1,\"name\":\"Home\",\"item\":\"https:\\\/\\\/eticoshop.it\\\/\"},{\"@type\":\"ListItem\",\"position\":2,\"name\":\"Shop\",\"item\":\"https:\\\/\\\/eticoshop.it\\\/negozio\\\/\"},{\"@type\":\"ListItem\",\"position\":3,\"name\":\"Cosmesi\",\"item\":\"https:\\\/\\\/eticoshop.it\\\/categoria-prodotto\\\/cosmesi\\\/\"},{\"@type\":\"ListItem\",\"position\":4,\"name\":\"Incenso &#8211; T\u00e8 Verde e Fiore di Champa\"}]},{\"@type\":\"WebSite\",\"@id\":\"https:\\\/\\\/eticoshop.it\\\/#website\",\"url\":\"https:\\\/\\\/eticoshop.it\\\/\",\"name\":\"\u00c8tico\",\"description\":\"\",\"publisher\":{\"@id\":\"https:\\\/\\\/eticoshop.it\\\/#organization\"},\"potentialAction\":[{\"@type\":\"SearchAction\",\"target\":{\"@type\":\"EntryPoint\",\"urlTemplate\":\"https:\\\/\\\/eticoshop.it\\\/?s={search_term_string}\"},\"query-input\":{\"@type\":\"PropertyValueSpecification\",\"valueRequired\":true,\"valueName\":\"search_term_string\"}}],\"inLanguage\":\"en-GB\"},{\"@type\":\"Organization\",\"@id\":\"https:\\\/\\\/eticoshop.it\\\/#organization\",\"name\":\"\u00c8tico\",\"url\":\"https:\\\/\\\/eticoshop.it\\\/\",\"logo\":{\"@type\":\"ImageObject\",\"inLanguage\":\"en-GB\",\"@id\":\"https:\\\/\\\/eticoshop.it\\\/#\\\/schema\\\/logo\\\/image\\\/\",\"url\":\"https:\\\/\\\/eticoshop.it\\\/wp-content\\\/uploads\\\/2023\\\/09\\\/logo-etico.svg\",\"contentUrl\":\"https:\\\/\\\/eticoshop.it\\\/wp-content\\\/uploads\\\/2023\\\/09\\\/logo-etico.svg\",\"width\":973,\"height\":360,\"caption\":\"\u00c8tico\"},\"image\":{\"@id\":\"https:\\\/\\\/eticoshop.it\\\/#\\\/schema\\\/logo\\\/image\\\/\"}}]}<\/script>\n<!-- \/ Yoast SEO plugin. -->","yoast_head_json":{"title":"Incenso - T\u00e8 Verde e Fiore di Champa - \u00c8tico","robots":{"index":"index","follow":"follow","max-snippet":"max-snippet:-1","max-image-preview":"max-image-preview:large","max-video-preview":"max-video-preview:-1"},"canonical":"https:\/\/eticoshop.it\/en\/negozio\/cosmesi\/oli-essenziali-e-incensi\/incenso-te-verde-e-fiore-di-champa\/","og_locale":"en_GB","og_type":"article","og_title":"Incenso - T\u00e8 Verde e Fiore di Champa - \u00c8tico","og_description":"L'incenso \"T\u00e8 Verde e Fiore di Champa\" combina l'aroma rilassante del t\u00e8 verde con il profumo esotico del fiore di Champa. Questa miscela unica \u00e8 ideale per creare un'atmosfera di tranquillit\u00e0 e felicit\u00e0 spirituale, perfetta per la meditazione e la purificazione energetica.  Per godertelo al meglio, inizia accendendo un'estremit\u00e0 del bastoncino. Lascialo bruciare per qualche secondo, poi soffia delicatamente per spegnere la fiamma. Metti il bastoncino in un portaincenso e lascia che il suo delicato fumo si diffonda nella stanza. Sia che tu stia meditando, eseguendo un rituale di purificazione o semplicemente desideri un'atmosfera pi\u00f9 serena e rilassante, questo incenso \u00e8 il compagno perfetto per trasformare il tuo spazio in un'oasi di tranquillit\u00e0.  Il prodotto \u00e8 confezionato in una scatola di cartone riciclabile decorata con motivi floreali. Per lo smaltimento, seguire le disposizioni del proprio comune per il riciclo del cartone.","og_url":"https:\/\/eticoshop.it\/en\/negozio\/cosmesi\/oli-essenziali-e-incensi\/incenso-te-verde-e-fiore-di-champa\/","og_site_name":"\u00c8tico","og_image":[{"width":2000,"height":2000,"url":"https:\/\/eticoshop.it\/wp-content\/uploads\/2024\/06\/te-verde-copia.png","type":"image\/png"}],"twitter_card":"summary_large_image","twitter_misc":{"Estimated reading time":"1 minute"},"schema":{"@context":"https:\/\/schema.org","@graph":[{"@type":"WebPage","@id":"https:\/\/eticoshop.it\/negozio\/cosmesi\/oli-essenziali-e-incensi\/incenso-te-verde-e-fiore-di-champa\/","url":"https:\/\/eticoshop.it\/negozio\/cosmesi\/oli-essenziali-e-incensi\/incenso-te-verde-e-fiore-di-champa\/","name":"Incenso - T\u00e8 Verde e Fiore di Champa - \u00c8tico","isPartOf":{"@id":"https:\/\/eticoshop.it\/#website"},"primaryImageOfPage":{"@id":"https:\/\/eticoshop.it\/negozio\/cosmesi\/oli-essenziali-e-incensi\/incenso-te-verde-e-fiore-di-champa\/#primaryimage"},"image":{"@id":"https:\/\/eticoshop.it\/negozio\/cosmesi\/oli-essenziali-e-incensi\/incenso-te-verde-e-fiore-di-champa\/#primaryimage"},"thumbnailUrl":"https:\/\/eticoshop.it\/wp-content\/uploads\/2024\/06\/te-verde-copia.png","datePublished":"2024-06-21T15:38:29+00:00","breadcrumb":{"@id":"https:\/\/eticoshop.it\/negozio\/cosmesi\/oli-essenziali-e-incensi\/incenso-te-verde-e-fiore-di-champa\/#breadcrumb"},"inLanguage":"en-GB","potentialAction":[{"@type":"ReadAction","target":["https:\/\/eticoshop.it\/negozio\/cosmesi\/oli-essenziali-e-incensi\/incenso-te-verde-e-fiore-di-champa\/"]}]},{"@type":"ImageObject","inLanguage":"en-GB","@id":"https:\/\/eticoshop.it\/negozio\/cosmesi\/oli-essenziali-e-incensi\/incenso-te-verde-e-fiore-di-champa\/#primaryimage","url":"https:\/\/eticoshop.it\/wp-content\/uploads\/2024\/06\/te-verde-copia.png","contentUrl":"https:\/\/eticoshop.it\/wp-content\/uploads\/2024\/06\/te-verde-copia.png","width":2000,"height":2000,"caption":"incenso te verde"},{"@type":"BreadcrumbList","@id":"https:\/\/eticoshop.it\/negozio\/cosmesi\/oli-essenziali-e-incensi\/incenso-te-verde-e-fiore-di-champa\/#breadcrumb","itemListElement":[{"@type":"ListItem","position":1,"name":"Home","item":"https:\/\/eticoshop.it\/"},{"@type":"ListItem","position":2,"name":"Shop","item":"https:\/\/eticoshop.it\/negozio\/"},{"@type":"ListItem","position":3,"name":"Cosmesi","item":"https:\/\/eticoshop.it\/categoria-prodotto\/cosmesi\/"},{"@type":"ListItem","position":4,"name":"Incenso &#8211; T\u00e8 Verde e Fiore di Champa"}]},{"@type":"WebSite","@id":"https:\/\/eticoshop.it\/#website","url":"https:\/\/eticoshop.it\/","name":"\u00c8tico","description":"","publisher":{"@id":"https:\/\/eticoshop.it\/#organization"},"potentialAction":[{"@type":"SearchAction","target":{"@type":"EntryPoint","urlTemplate":"https:\/\/eticoshop.it\/?s={search_term_string}"},"query-input":{"@type":"PropertyValueSpecification","valueRequired":true,"valueName":"search_term_string"}}],"inLanguage":"en-GB"},{"@type":"Organization","@id":"https:\/\/eticoshop.it\/#organization","name":"\u00c8tico","url":"https:\/\/eticoshop.it\/","logo":{"@type":"ImageObject","inLanguage":"en-GB","@id":"https:\/\/eticoshop.it\/#\/schema\/logo\/image\/","url":"https:\/\/eticoshop.it\/wp-content\/uploads\/2023\/09\/logo-etico.svg","contentUrl":"https:\/\/eticoshop.it\/wp-content\/uploads\/2023\/09\/logo-etico.svg","width":973,"height":360,"caption":"\u00c8tico"},"image":{"@id":"https:\/\/eticoshop.it\/#\/schema\/logo\/image\/"}}]}},"_links":{"self":[{"href":"https:\/\/eticoshop.it\/en\/wp-json\/wp\/v2\/product\/8429","targetHints":{"allow":["GET"]}}],"collection":[{"href":"https:\/\/eticoshop.it\/en\/wp-json\/wp\/v2\/product"}],"about":[{"href":"https:\/\/eticoshop.it\/en\/wp-json\/wp\/v2\/types\/product"}],"wp:featuredmedia":[{"embeddable":true,"href":"https:\/\/eticoshop.it\/en\/wp-json\/wp\/v2\/media\/8431"}],"wp:attachment":[{"href":"https:\/\/eticoshop.it\/en\/wp-json\/wp\/v2\/media?parent=8429"}],"wp:term":[{"taxonomy":"product_brand","embeddable":true,"href":"https:\/\/eticoshop.it\/en\/wp-json\/wp\/v2\/product_brand?post=8429"},{"taxonomy":"product_cat","embeddable":true,"href":"https:\/\/eticoshop.it\/en\/wp-json\/wp\/v2\/product_cat?post=8429"},{"taxonomy":"product_tag","embeddable":true,"href":"https:\/\/eticoshop.it\/en\/wp-json\/wp\/v2\/product_tag?post=8429"}],"curies":[{"name":"wp","href":"https:\/\/api.w.org\/{rel}","templated":true}]}}