





















{"id":8450,"date":"2024-06-21T17:38:29","date_gmt":"2024-06-21T15:38:29","guid":{"rendered":"https:\/\/eticoshop.it\/?post_type=product&#038;p=8450"},"modified":"2024-06-21T17:38:29","modified_gmt":"2024-06-21T15:38:29","slug":"incenso-palo-santo-con-lavanda","status":"publish","type":"product","link":"https:\/\/eticoshop.it\/en\/negozio\/cosmesi\/oli-essenziali-e-incensi\/incenso-palo-santo-con-lavanda\/","title":{"rendered":"Incenso &#8211; Palo Santo con Lavanda"},"content":{"rendered":"<p>L&#8217;incenso &#8220;Palo Santo con Lavanda&#8221; purifica e calma con Palo Santo e Lavanda, ideale per meditazione e relax, contiene 8 bastoncini.<\/p>","protected":false},"excerpt":{"rendered":"<p>L&#8217;incenso &#8220;Palo Santo con Lavanda&#8221; combina le propriet\u00e0 purificanti del Palo Santo con la delicata freschezza della Lavanda. Questa miscela unica \u00e8 ideale per la pulizia energetica, la meditazione e la creazione di un&#8217;atmosfera di calma e serenit\u00e0.<\/p>\n<p>Per godertelo al meglio, inizia accendendo un&#8217;estremit\u00e0 del bastoncino. Lascialo bruciare per qualche secondo, poi soffia delicatamente per spegnere la fiamma. Metti il bastoncino in un portaincenso e lascia che il suo delicato fumo si diffonda nella stanza. Sia che tu stia meditando, eseguendo un rituale di purificazione o semplicemente desideri un&#8217;atmosfera pi\u00f9 serena e rilassante, questo incenso \u00e8 il compagno perfetto per trasformare il tuo spazio in un&#8217;oasi di tranquillit\u00e0.<\/p>\n<p>Il prodotto \u00e8 confezionato in una scatola di cartone riciclabile, con etichette informative. Per lo smaltimento, seguire le disposizioni del proprio comune per il riciclo del cartone.<\/p>","protected":false},"featured_media":8452,"template":"","meta":{"_acf_changed":false,"inline_featured_image":false},"product_brand":[],"product_cat":[29,164],"product_tag":[106,178,306,302,201,179],"class_list":{"0":"post-8450","1":"product","2":"type-product","3":"status-publish","4":"has-post-thumbnail","6":"product_cat-cosmesi","7":"product_cat-oli-essenziali-e-incensi","8":"product_tag-biologico","9":"product_tag-lavanda","10":"product_tag-meditazione","11":"product_tag-palo-santo","12":"product_tag-purificante","13":"product_tag-relax","15":"first","16":"instock","17":"taxable","18":"shipping-taxable","19":"purchasable","20":"product-type-simple"},"acf":[],"yoast_head":"<!-- This site is optimized with the Yoast SEO plugin v27.4 - https:\/\/yoast.com\/product\/yoast-seo-wordpress\/ -->\n<title>Incenso - Palo Santo con Lavanda - \u00c8tico<\/title>\n<meta name=\"robots\" content=\"index, follow, max-snippet:-1, max-image-preview:large, max-video-preview:-1\" \/>\n<link rel=\"canonical\" href=\"https:\/\/eticoshop.it\/en\/negozio\/cosmesi\/oli-essenziali-e-incensi\/incenso-palo-santo-con-lavanda\/\" \/>\n<meta property=\"og:locale\" content=\"en_GB\" \/>\n<meta property=\"og:type\" content=\"article\" \/>\n<meta property=\"og:title\" content=\"Incenso - Palo Santo con Lavanda - \u00c8tico\" \/>\n<meta property=\"og:description\" content=\"L&#039;incenso &quot;Palo Santo con Lavanda&quot; combina le propriet\u00e0 purificanti del Palo Santo con la delicata freschezza della Lavanda. Questa miscela unica \u00e8 ideale per la pulizia energetica, la meditazione e la creazione di un&#039;atmosfera di calma e serenit\u00e0.  Per godertelo al meglio, inizia accendendo un&#039;estremit\u00e0 del bastoncino. Lascialo bruciare per qualche secondo, poi soffia delicatamente per spegnere la fiamma. Metti il bastoncino in un portaincenso e lascia che il suo delicato fumo si diffonda nella stanza. Sia che tu stia meditando, eseguendo un rituale di purificazione o semplicemente desideri un&#039;atmosfera pi\u00f9 serena e rilassante, questo incenso \u00e8 il compagno perfetto per trasformare il tuo spazio in un&#039;oasi di tranquillit\u00e0.  Il prodotto \u00e8 confezionato in una scatola di cartone riciclabile, con etichette informative. Per lo smaltimento, seguire le disposizioni del proprio comune per il riciclo del cartone.\" \/>\n<meta property=\"og:url\" content=\"https:\/\/eticoshop.it\/en\/negozio\/cosmesi\/oli-essenziali-e-incensi\/incenso-palo-santo-con-lavanda\/\" \/>\n<meta property=\"og:site_name\" content=\"\u00c8tico\" \/>\n<meta property=\"og:image\" content=\"https:\/\/eticoshop.it\/wp-content\/uploads\/2024\/06\/palo-santo-lavanda-copia.png\" \/>\n\t<meta property=\"og:image:width\" content=\"2000\" \/>\n\t<meta property=\"og:image:height\" content=\"2000\" \/>\n\t<meta property=\"og:image:type\" content=\"image\/png\" \/>\n<meta name=\"twitter:card\" content=\"summary_large_image\" \/>\n<meta name=\"twitter:label1\" content=\"Estimated reading time\" \/>\n\t<meta name=\"twitter:data1\" content=\"1 minute\" \/>\n<script type=\"application\/ld+json\" class=\"yoast-schema-graph\">{\"@context\":\"https:\\\/\\\/schema.org\",\"@graph\":[{\"@type\":\"WebPage\",\"@id\":\"https:\\\/\\\/eticoshop.it\\\/negozio\\\/cosmesi\\\/oli-essenziali-e-incensi\\\/incenso-palo-santo-con-lavanda\\\/\",\"url\":\"https:\\\/\\\/eticoshop.it\\\/negozio\\\/cosmesi\\\/oli-essenziali-e-incensi\\\/incenso-palo-santo-con-lavanda\\\/\",\"name\":\"Incenso - Palo Santo con Lavanda - \u00c8tico\",\"isPartOf\":{\"@id\":\"https:\\\/\\\/eticoshop.it\\\/#website\"},\"primaryImageOfPage\":{\"@id\":\"https:\\\/\\\/eticoshop.it\\\/negozio\\\/cosmesi\\\/oli-essenziali-e-incensi\\\/incenso-palo-santo-con-lavanda\\\/#primaryimage\"},\"image\":{\"@id\":\"https:\\\/\\\/eticoshop.it\\\/negozio\\\/cosmesi\\\/oli-essenziali-e-incensi\\\/incenso-palo-santo-con-lavanda\\\/#primaryimage\"},\"thumbnailUrl\":\"https:\\\/\\\/eticoshop.it\\\/wp-content\\\/uploads\\\/2024\\\/06\\\/palo-santo-lavanda-copia.png\",\"datePublished\":\"2024-06-21T15:38:29+00:00\",\"breadcrumb\":{\"@id\":\"https:\\\/\\\/eticoshop.it\\\/negozio\\\/cosmesi\\\/oli-essenziali-e-incensi\\\/incenso-palo-santo-con-lavanda\\\/#breadcrumb\"},\"inLanguage\":\"en-GB\",\"potentialAction\":[{\"@type\":\"ReadAction\",\"target\":[\"https:\\\/\\\/eticoshop.it\\\/negozio\\\/cosmesi\\\/oli-essenziali-e-incensi\\\/incenso-palo-santo-con-lavanda\\\/\"]}]},{\"@type\":\"ImageObject\",\"inLanguage\":\"en-GB\",\"@id\":\"https:\\\/\\\/eticoshop.it\\\/negozio\\\/cosmesi\\\/oli-essenziali-e-incensi\\\/incenso-palo-santo-con-lavanda\\\/#primaryimage\",\"url\":\"https:\\\/\\\/eticoshop.it\\\/wp-content\\\/uploads\\\/2024\\\/06\\\/palo-santo-lavanda-copia.png\",\"contentUrl\":\"https:\\\/\\\/eticoshop.it\\\/wp-content\\\/uploads\\\/2024\\\/06\\\/palo-santo-lavanda-copia.png\",\"width\":2000,\"height\":2000,\"caption\":\"palo santo lavanda\"},{\"@type\":\"BreadcrumbList\",\"@id\":\"https:\\\/\\\/eticoshop.it\\\/negozio\\\/cosmesi\\\/oli-essenziali-e-incensi\\\/incenso-palo-santo-con-lavanda\\\/#breadcrumb\",\"itemListElement\":[{\"@type\":\"ListItem\",\"position\":1,\"name\":\"Home\",\"item\":\"https:\\\/\\\/eticoshop.it\\\/\"},{\"@type\":\"ListItem\",\"position\":2,\"name\":\"Shop\",\"item\":\"https:\\\/\\\/eticoshop.it\\\/negozio\\\/\"},{\"@type\":\"ListItem\",\"position\":3,\"name\":\"Cosmesi\",\"item\":\"https:\\\/\\\/eticoshop.it\\\/categoria-prodotto\\\/cosmesi\\\/\"},{\"@type\":\"ListItem\",\"position\":4,\"name\":\"Incenso &#8211; Palo Santo con Lavanda\"}]},{\"@type\":\"WebSite\",\"@id\":\"https:\\\/\\\/eticoshop.it\\\/#website\",\"url\":\"https:\\\/\\\/eticoshop.it\\\/\",\"name\":\"\u00c8tico\",\"description\":\"\",\"publisher\":{\"@id\":\"https:\\\/\\\/eticoshop.it\\\/#organization\"},\"potentialAction\":[{\"@type\":\"SearchAction\",\"target\":{\"@type\":\"EntryPoint\",\"urlTemplate\":\"https:\\\/\\\/eticoshop.it\\\/?s={search_term_string}\"},\"query-input\":{\"@type\":\"PropertyValueSpecification\",\"valueRequired\":true,\"valueName\":\"search_term_string\"}}],\"inLanguage\":\"en-GB\"},{\"@type\":\"Organization\",\"@id\":\"https:\\\/\\\/eticoshop.it\\\/#organization\",\"name\":\"\u00c8tico\",\"url\":\"https:\\\/\\\/eticoshop.it\\\/\",\"logo\":{\"@type\":\"ImageObject\",\"inLanguage\":\"en-GB\",\"@id\":\"https:\\\/\\\/eticoshop.it\\\/#\\\/schema\\\/logo\\\/image\\\/\",\"url\":\"https:\\\/\\\/eticoshop.it\\\/wp-content\\\/uploads\\\/2023\\\/09\\\/logo-etico.svg\",\"contentUrl\":\"https:\\\/\\\/eticoshop.it\\\/wp-content\\\/uploads\\\/2023\\\/09\\\/logo-etico.svg\",\"width\":973,\"height\":360,\"caption\":\"\u00c8tico\"},\"image\":{\"@id\":\"https:\\\/\\\/eticoshop.it\\\/#\\\/schema\\\/logo\\\/image\\\/\"}}]}<\/script>\n<!-- \/ Yoast SEO plugin. -->","yoast_head_json":{"title":"Incenso - Palo Santo con Lavanda - \u00c8tico","robots":{"index":"index","follow":"follow","max-snippet":"max-snippet:-1","max-image-preview":"max-image-preview:large","max-video-preview":"max-video-preview:-1"},"canonical":"https:\/\/eticoshop.it\/en\/negozio\/cosmesi\/oli-essenziali-e-incensi\/incenso-palo-santo-con-lavanda\/","og_locale":"en_GB","og_type":"article","og_title":"Incenso - Palo Santo con Lavanda - \u00c8tico","og_description":"L'incenso \"Palo Santo con Lavanda\" combina le propriet\u00e0 purificanti del Palo Santo con la delicata freschezza della Lavanda. Questa miscela unica \u00e8 ideale per la pulizia energetica, la meditazione e la creazione di un'atmosfera di calma e serenit\u00e0.  Per godertelo al meglio, inizia accendendo un'estremit\u00e0 del bastoncino. Lascialo bruciare per qualche secondo, poi soffia delicatamente per spegnere la fiamma. Metti il bastoncino in un portaincenso e lascia che il suo delicato fumo si diffonda nella stanza. Sia che tu stia meditando, eseguendo un rituale di purificazione o semplicemente desideri un'atmosfera pi\u00f9 serena e rilassante, questo incenso \u00e8 il compagno perfetto per trasformare il tuo spazio in un'oasi di tranquillit\u00e0.  Il prodotto \u00e8 confezionato in una scatola di cartone riciclabile, con etichette informative. Per lo smaltimento, seguire le disposizioni del proprio comune per il riciclo del cartone.","og_url":"https:\/\/eticoshop.it\/en\/negozio\/cosmesi\/oli-essenziali-e-incensi\/incenso-palo-santo-con-lavanda\/","og_site_name":"\u00c8tico","og_image":[{"width":2000,"height":2000,"url":"https:\/\/eticoshop.it\/wp-content\/uploads\/2024\/06\/palo-santo-lavanda-copia.png","type":"image\/png"}],"twitter_card":"summary_large_image","twitter_misc":{"Estimated reading time":"1 minute"},"schema":{"@context":"https:\/\/schema.org","@graph":[{"@type":"WebPage","@id":"https:\/\/eticoshop.it\/negozio\/cosmesi\/oli-essenziali-e-incensi\/incenso-palo-santo-con-lavanda\/","url":"https:\/\/eticoshop.it\/negozio\/cosmesi\/oli-essenziali-e-incensi\/incenso-palo-santo-con-lavanda\/","name":"Incenso - Palo Santo con Lavanda - \u00c8tico","isPartOf":{"@id":"https:\/\/eticoshop.it\/#website"},"primaryImageOfPage":{"@id":"https:\/\/eticoshop.it\/negozio\/cosmesi\/oli-essenziali-e-incensi\/incenso-palo-santo-con-lavanda\/#primaryimage"},"image":{"@id":"https:\/\/eticoshop.it\/negozio\/cosmesi\/oli-essenziali-e-incensi\/incenso-palo-santo-con-lavanda\/#primaryimage"},"thumbnailUrl":"https:\/\/eticoshop.it\/wp-content\/uploads\/2024\/06\/palo-santo-lavanda-copia.png","datePublished":"2024-06-21T15:38:29+00:00","breadcrumb":{"@id":"https:\/\/eticoshop.it\/negozio\/cosmesi\/oli-essenziali-e-incensi\/incenso-palo-santo-con-lavanda\/#breadcrumb"},"inLanguage":"en-GB","potentialAction":[{"@type":"ReadAction","target":["https:\/\/eticoshop.it\/negozio\/cosmesi\/oli-essenziali-e-incensi\/incenso-palo-santo-con-lavanda\/"]}]},{"@type":"ImageObject","inLanguage":"en-GB","@id":"https:\/\/eticoshop.it\/negozio\/cosmesi\/oli-essenziali-e-incensi\/incenso-palo-santo-con-lavanda\/#primaryimage","url":"https:\/\/eticoshop.it\/wp-content\/uploads\/2024\/06\/palo-santo-lavanda-copia.png","contentUrl":"https:\/\/eticoshop.it\/wp-content\/uploads\/2024\/06\/palo-santo-lavanda-copia.png","width":2000,"height":2000,"caption":"palo santo lavanda"},{"@type":"BreadcrumbList","@id":"https:\/\/eticoshop.it\/negozio\/cosmesi\/oli-essenziali-e-incensi\/incenso-palo-santo-con-lavanda\/#breadcrumb","itemListElement":[{"@type":"ListItem","position":1,"name":"Home","item":"https:\/\/eticoshop.it\/"},{"@type":"ListItem","position":2,"name":"Shop","item":"https:\/\/eticoshop.it\/negozio\/"},{"@type":"ListItem","position":3,"name":"Cosmesi","item":"https:\/\/eticoshop.it\/categoria-prodotto\/cosmesi\/"},{"@type":"ListItem","position":4,"name":"Incenso &#8211; Palo Santo con Lavanda"}]},{"@type":"WebSite","@id":"https:\/\/eticoshop.it\/#website","url":"https:\/\/eticoshop.it\/","name":"\u00c8tico","description":"","publisher":{"@id":"https:\/\/eticoshop.it\/#organization"},"potentialAction":[{"@type":"SearchAction","target":{"@type":"EntryPoint","urlTemplate":"https:\/\/eticoshop.it\/?s={search_term_string}"},"query-input":{"@type":"PropertyValueSpecification","valueRequired":true,"valueName":"search_term_string"}}],"inLanguage":"en-GB"},{"@type":"Organization","@id":"https:\/\/eticoshop.it\/#organization","name":"\u00c8tico","url":"https:\/\/eticoshop.it\/","logo":{"@type":"ImageObject","inLanguage":"en-GB","@id":"https:\/\/eticoshop.it\/#\/schema\/logo\/image\/","url":"https:\/\/eticoshop.it\/wp-content\/uploads\/2023\/09\/logo-etico.svg","contentUrl":"https:\/\/eticoshop.it\/wp-content\/uploads\/2023\/09\/logo-etico.svg","width":973,"height":360,"caption":"\u00c8tico"},"image":{"@id":"https:\/\/eticoshop.it\/#\/schema\/logo\/image\/"}}]}},"_links":{"self":[{"href":"https:\/\/eticoshop.it\/en\/wp-json\/wp\/v2\/product\/8450","targetHints":{"allow":["GET"]}}],"collection":[{"href":"https:\/\/eticoshop.it\/en\/wp-json\/wp\/v2\/product"}],"about":[{"href":"https:\/\/eticoshop.it\/en\/wp-json\/wp\/v2\/types\/product"}],"wp:featuredmedia":[{"embeddable":true,"href":"https:\/\/eticoshop.it\/en\/wp-json\/wp\/v2\/media\/8452"}],"wp:attachment":[{"href":"https:\/\/eticoshop.it\/en\/wp-json\/wp\/v2\/media?parent=8450"}],"wp:term":[{"taxonomy":"product_brand","embeddable":true,"href":"https:\/\/eticoshop.it\/en\/wp-json\/wp\/v2\/product_brand?post=8450"},{"taxonomy":"product_cat","embeddable":true,"href":"https:\/\/eticoshop.it\/en\/wp-json\/wp\/v2\/product_cat?post=8450"},{"taxonomy":"product_tag","embeddable":true,"href":"https:\/\/eticoshop.it\/en\/wp-json\/wp\/v2\/product_tag?post=8450"}],"curies":[{"name":"wp","href":"https:\/\/api.w.org\/{rel}","templated":true}]}}