





















{"id":8488,"date":"2024-06-21T17:40:11","date_gmt":"2024-06-21T15:40:11","guid":{"rendered":"https:\/\/eticoshop.it\/?post_type=product&#038;p=8488"},"modified":"2024-06-21T17:40:11","modified_gmt":"2024-06-21T15:40:11","slug":"olio-essenziale-lavanda-bio","status":"publish","type":"product","link":"https:\/\/eticoshop.it\/en\/negozio\/cosmesi\/oli-essenziali-e-incensi\/olio-essenziale-lavanda-bio\/","title":{"rendered":"Olio Essenziale &#8211; Lavanda BIO"},"content":{"rendered":"<p>L&#8217;Olio Essenziale di Lavanda Bio calma e rilassa, ideale per pelle e mente, perfetto per aromaterapia e lenitivo, puro al 100%.<\/p>\n<p>&nbsp;<\/p>","protected":false},"excerpt":{"rendered":"<p>L&#8217;Olio Essenziale di Lavanda Bio \u00e8 ideale per chi cerca un alleato naturale per il benessere del corpo e della mente. Questo olio essenziale puro al 100%, ottenuto tramite distillazione in corrente di vapore, \u00e8 noto per le sue propriet\u00e0 calmanti ed equilibranti. Perfetto per lenire la pelle e rilassare i sensi, pu\u00f2 essere utilizzato in molteplici applicazioni, dalla cura della pelle all&#8217;aromaterapia.<\/p>\n<p>Pu\u00f2 essere utilizzato in aromaterapia, aggiungendone qualche goccia a un diffusore per creare un&#8217;atmosfera rilassante. Per la cura della pelle, si consiglia di diluirlo in un olio vettore prima di applicarlo direttamente sulla pelle, per trattare piccole irritazioni o favorire il rilassamento muscolare. Evitare il contatto con gli occhi e le mucose, e non ingerire.<\/p>\n<p>\u00c8 un cosmetico green dentro e fuori! Il flacone \u00e8 realizzato in vetro, un materiale sostenibile e completamente riciclabile. Il tappo (PP5) \u00e8 anch&#8217;esso riciclabile nella plastica. Dopo l&#8217;uso, assicurarsi di smaltire correttamente il flacone e il tappo seguendo le disposizioni locali per il riciclo.<\/p>","protected":false},"featured_media":8491,"template":"","meta":{"_acf_changed":false,"inline_featured_image":false},"product_brand":[],"product_cat":[29,164],"product_tag":[178,165,179,163],"class_list":{"0":"post-8488","1":"product","2":"type-product","3":"status-publish","4":"has-post-thumbnail","6":"product_cat-cosmesi","7":"product_cat-oli-essenziali-e-incensi","8":"product_tag-lavanda","9":"product_tag-multiuso","10":"product_tag-relax","11":"product_tag-trattamento-naturale","13":"first","14":"instock","15":"taxable","16":"shipping-taxable","17":"purchasable","18":"product-type-simple"},"acf":[],"yoast_head":"<!-- This site is optimized with the Yoast SEO plugin v27.3 - https:\/\/yoast.com\/product\/yoast-seo-wordpress\/ -->\n<title>Olio Essenziale - Lavanda BIO - \u00c8tico<\/title>\n<meta name=\"robots\" content=\"index, follow, max-snippet:-1, max-image-preview:large, max-video-preview:-1\" \/>\n<link rel=\"canonical\" href=\"https:\/\/eticoshop.it\/en\/negozio\/cosmesi\/oli-essenziali-e-incensi\/olio-essenziale-lavanda-bio\/\" \/>\n<meta property=\"og:locale\" content=\"en_GB\" \/>\n<meta property=\"og:type\" content=\"article\" \/>\n<meta property=\"og:title\" content=\"Olio Essenziale - Lavanda BIO - \u00c8tico\" \/>\n<meta property=\"og:description\" content=\"L&#039;Olio Essenziale di Lavanda Bio \u00e8 ideale per chi cerca un alleato naturale per il benessere del corpo e della mente. Questo olio essenziale puro al 100%, ottenuto tramite distillazione in corrente di vapore, \u00e8 noto per le sue propriet\u00e0 calmanti ed equilibranti. Perfetto per lenire la pelle e rilassare i sensi, pu\u00f2 essere utilizzato in molteplici applicazioni, dalla cura della pelle all&#039;aromaterapia.  Pu\u00f2 essere utilizzato in aromaterapia, aggiungendone qualche goccia a un diffusore per creare un&#039;atmosfera rilassante. Per la cura della pelle, si consiglia di diluirlo in un olio vettore prima di applicarlo direttamente sulla pelle, per trattare piccole irritazioni o favorire il rilassamento muscolare. Evitare il contatto con gli occhi e le mucose, e non ingerire.  \u00c8 un cosmetico green dentro e fuori! Il flacone \u00e8 realizzato in vetro, un materiale sostenibile e completamente riciclabile. Il tappo (PP5) \u00e8 anch&#039;esso riciclabile nella plastica. Dopo l&#039;uso, assicurarsi di smaltire correttamente il flacone e il tappo seguendo le disposizioni locali per il riciclo.\" \/>\n<meta property=\"og:url\" content=\"https:\/\/eticoshop.it\/en\/negozio\/cosmesi\/oli-essenziali-e-incensi\/olio-essenziale-lavanda-bio\/\" \/>\n<meta property=\"og:site_name\" content=\"\u00c8tico\" \/>\n<meta property=\"og:image\" content=\"https:\/\/eticoshop.it\/wp-content\/uploads\/2024\/06\/olio-lavanda-copia.png\" \/>\n\t<meta property=\"og:image:width\" content=\"2000\" \/>\n\t<meta property=\"og:image:height\" content=\"2000\" \/>\n\t<meta property=\"og:image:type\" content=\"image\/png\" \/>\n<meta name=\"twitter:card\" content=\"summary_large_image\" \/>\n<meta name=\"twitter:label1\" content=\"Estimated reading time\" \/>\n\t<meta name=\"twitter:data1\" content=\"1 minute\" \/>\n<script type=\"application\/ld+json\" class=\"yoast-schema-graph\">{\"@context\":\"https:\\\/\\\/schema.org\",\"@graph\":[{\"@type\":\"WebPage\",\"@id\":\"https:\\\/\\\/eticoshop.it\\\/negozio\\\/cosmesi\\\/oli-essenziali-e-incensi\\\/olio-essenziale-lavanda-bio\\\/\",\"url\":\"https:\\\/\\\/eticoshop.it\\\/negozio\\\/cosmesi\\\/oli-essenziali-e-incensi\\\/olio-essenziale-lavanda-bio\\\/\",\"name\":\"Olio Essenziale - Lavanda BIO - \u00c8tico\",\"isPartOf\":{\"@id\":\"https:\\\/\\\/eticoshop.it\\\/#website\"},\"primaryImageOfPage\":{\"@id\":\"https:\\\/\\\/eticoshop.it\\\/negozio\\\/cosmesi\\\/oli-essenziali-e-incensi\\\/olio-essenziale-lavanda-bio\\\/#primaryimage\"},\"image\":{\"@id\":\"https:\\\/\\\/eticoshop.it\\\/negozio\\\/cosmesi\\\/oli-essenziali-e-incensi\\\/olio-essenziale-lavanda-bio\\\/#primaryimage\"},\"thumbnailUrl\":\"https:\\\/\\\/eticoshop.it\\\/wp-content\\\/uploads\\\/2024\\\/06\\\/olio-lavanda-copia.png\",\"datePublished\":\"2024-06-21T15:40:11+00:00\",\"breadcrumb\":{\"@id\":\"https:\\\/\\\/eticoshop.it\\\/negozio\\\/cosmesi\\\/oli-essenziali-e-incensi\\\/olio-essenziale-lavanda-bio\\\/#breadcrumb\"},\"inLanguage\":\"en-GB\",\"potentialAction\":[{\"@type\":\"ReadAction\",\"target\":[\"https:\\\/\\\/eticoshop.it\\\/negozio\\\/cosmesi\\\/oli-essenziali-e-incensi\\\/olio-essenziale-lavanda-bio\\\/\"]}]},{\"@type\":\"ImageObject\",\"inLanguage\":\"en-GB\",\"@id\":\"https:\\\/\\\/eticoshop.it\\\/negozio\\\/cosmesi\\\/oli-essenziali-e-incensi\\\/olio-essenziale-lavanda-bio\\\/#primaryimage\",\"url\":\"https:\\\/\\\/eticoshop.it\\\/wp-content\\\/uploads\\\/2024\\\/06\\\/olio-lavanda-copia.png\",\"contentUrl\":\"https:\\\/\\\/eticoshop.it\\\/wp-content\\\/uploads\\\/2024\\\/06\\\/olio-lavanda-copia.png\",\"width\":2000,\"height\":2000,\"caption\":\"olio ess lavanda\"},{\"@type\":\"BreadcrumbList\",\"@id\":\"https:\\\/\\\/eticoshop.it\\\/negozio\\\/cosmesi\\\/oli-essenziali-e-incensi\\\/olio-essenziale-lavanda-bio\\\/#breadcrumb\",\"itemListElement\":[{\"@type\":\"ListItem\",\"position\":1,\"name\":\"Home\",\"item\":\"https:\\\/\\\/eticoshop.it\\\/\"},{\"@type\":\"ListItem\",\"position\":2,\"name\":\"Shop\",\"item\":\"https:\\\/\\\/eticoshop.it\\\/negozio\\\/\"},{\"@type\":\"ListItem\",\"position\":3,\"name\":\"Cosmesi\",\"item\":\"https:\\\/\\\/eticoshop.it\\\/categoria-prodotto\\\/cosmesi\\\/\"},{\"@type\":\"ListItem\",\"position\":4,\"name\":\"Olio Essenziale &#8211; Lavanda BIO\"}]},{\"@type\":\"WebSite\",\"@id\":\"https:\\\/\\\/eticoshop.it\\\/#website\",\"url\":\"https:\\\/\\\/eticoshop.it\\\/\",\"name\":\"\u00c8tico\",\"description\":\"\",\"publisher\":{\"@id\":\"https:\\\/\\\/eticoshop.it\\\/#organization\"},\"potentialAction\":[{\"@type\":\"SearchAction\",\"target\":{\"@type\":\"EntryPoint\",\"urlTemplate\":\"https:\\\/\\\/eticoshop.it\\\/?s={search_term_string}\"},\"query-input\":{\"@type\":\"PropertyValueSpecification\",\"valueRequired\":true,\"valueName\":\"search_term_string\"}}],\"inLanguage\":\"en-GB\"},{\"@type\":\"Organization\",\"@id\":\"https:\\\/\\\/eticoshop.it\\\/#organization\",\"name\":\"\u00c8tico\",\"url\":\"https:\\\/\\\/eticoshop.it\\\/\",\"logo\":{\"@type\":\"ImageObject\",\"inLanguage\":\"en-GB\",\"@id\":\"https:\\\/\\\/eticoshop.it\\\/#\\\/schema\\\/logo\\\/image\\\/\",\"url\":\"https:\\\/\\\/eticoshop.it\\\/wp-content\\\/uploads\\\/2023\\\/09\\\/logo-etico.svg\",\"contentUrl\":\"https:\\\/\\\/eticoshop.it\\\/wp-content\\\/uploads\\\/2023\\\/09\\\/logo-etico.svg\",\"width\":973,\"height\":360,\"caption\":\"\u00c8tico\"},\"image\":{\"@id\":\"https:\\\/\\\/eticoshop.it\\\/#\\\/schema\\\/logo\\\/image\\\/\"}}]}<\/script>\n<!-- \/ Yoast SEO plugin. -->","yoast_head_json":{"title":"Olio Essenziale - Lavanda BIO - \u00c8tico","robots":{"index":"index","follow":"follow","max-snippet":"max-snippet:-1","max-image-preview":"max-image-preview:large","max-video-preview":"max-video-preview:-1"},"canonical":"https:\/\/eticoshop.it\/en\/negozio\/cosmesi\/oli-essenziali-e-incensi\/olio-essenziale-lavanda-bio\/","og_locale":"en_GB","og_type":"article","og_title":"Olio Essenziale - Lavanda BIO - \u00c8tico","og_description":"L'Olio Essenziale di Lavanda Bio \u00e8 ideale per chi cerca un alleato naturale per il benessere del corpo e della mente. Questo olio essenziale puro al 100%, ottenuto tramite distillazione in corrente di vapore, \u00e8 noto per le sue propriet\u00e0 calmanti ed equilibranti. Perfetto per lenire la pelle e rilassare i sensi, pu\u00f2 essere utilizzato in molteplici applicazioni, dalla cura della pelle all'aromaterapia.  Pu\u00f2 essere utilizzato in aromaterapia, aggiungendone qualche goccia a un diffusore per creare un'atmosfera rilassante. Per la cura della pelle, si consiglia di diluirlo in un olio vettore prima di applicarlo direttamente sulla pelle, per trattare piccole irritazioni o favorire il rilassamento muscolare. Evitare il contatto con gli occhi e le mucose, e non ingerire.  \u00c8 un cosmetico green dentro e fuori! Il flacone \u00e8 realizzato in vetro, un materiale sostenibile e completamente riciclabile. Il tappo (PP5) \u00e8 anch'esso riciclabile nella plastica. Dopo l'uso, assicurarsi di smaltire correttamente il flacone e il tappo seguendo le disposizioni locali per il riciclo.","og_url":"https:\/\/eticoshop.it\/en\/negozio\/cosmesi\/oli-essenziali-e-incensi\/olio-essenziale-lavanda-bio\/","og_site_name":"\u00c8tico","og_image":[{"width":2000,"height":2000,"url":"https:\/\/eticoshop.it\/wp-content\/uploads\/2024\/06\/olio-lavanda-copia.png","type":"image\/png"}],"twitter_card":"summary_large_image","twitter_misc":{"Estimated reading time":"1 minute"},"schema":{"@context":"https:\/\/schema.org","@graph":[{"@type":"WebPage","@id":"https:\/\/eticoshop.it\/negozio\/cosmesi\/oli-essenziali-e-incensi\/olio-essenziale-lavanda-bio\/","url":"https:\/\/eticoshop.it\/negozio\/cosmesi\/oli-essenziali-e-incensi\/olio-essenziale-lavanda-bio\/","name":"Olio Essenziale - Lavanda BIO - \u00c8tico","isPartOf":{"@id":"https:\/\/eticoshop.it\/#website"},"primaryImageOfPage":{"@id":"https:\/\/eticoshop.it\/negozio\/cosmesi\/oli-essenziali-e-incensi\/olio-essenziale-lavanda-bio\/#primaryimage"},"image":{"@id":"https:\/\/eticoshop.it\/negozio\/cosmesi\/oli-essenziali-e-incensi\/olio-essenziale-lavanda-bio\/#primaryimage"},"thumbnailUrl":"https:\/\/eticoshop.it\/wp-content\/uploads\/2024\/06\/olio-lavanda-copia.png","datePublished":"2024-06-21T15:40:11+00:00","breadcrumb":{"@id":"https:\/\/eticoshop.it\/negozio\/cosmesi\/oli-essenziali-e-incensi\/olio-essenziale-lavanda-bio\/#breadcrumb"},"inLanguage":"en-GB","potentialAction":[{"@type":"ReadAction","target":["https:\/\/eticoshop.it\/negozio\/cosmesi\/oli-essenziali-e-incensi\/olio-essenziale-lavanda-bio\/"]}]},{"@type":"ImageObject","inLanguage":"en-GB","@id":"https:\/\/eticoshop.it\/negozio\/cosmesi\/oli-essenziali-e-incensi\/olio-essenziale-lavanda-bio\/#primaryimage","url":"https:\/\/eticoshop.it\/wp-content\/uploads\/2024\/06\/olio-lavanda-copia.png","contentUrl":"https:\/\/eticoshop.it\/wp-content\/uploads\/2024\/06\/olio-lavanda-copia.png","width":2000,"height":2000,"caption":"olio ess lavanda"},{"@type":"BreadcrumbList","@id":"https:\/\/eticoshop.it\/negozio\/cosmesi\/oli-essenziali-e-incensi\/olio-essenziale-lavanda-bio\/#breadcrumb","itemListElement":[{"@type":"ListItem","position":1,"name":"Home","item":"https:\/\/eticoshop.it\/"},{"@type":"ListItem","position":2,"name":"Shop","item":"https:\/\/eticoshop.it\/negozio\/"},{"@type":"ListItem","position":3,"name":"Cosmesi","item":"https:\/\/eticoshop.it\/categoria-prodotto\/cosmesi\/"},{"@type":"ListItem","position":4,"name":"Olio Essenziale &#8211; Lavanda BIO"}]},{"@type":"WebSite","@id":"https:\/\/eticoshop.it\/#website","url":"https:\/\/eticoshop.it\/","name":"\u00c8tico","description":"","publisher":{"@id":"https:\/\/eticoshop.it\/#organization"},"potentialAction":[{"@type":"SearchAction","target":{"@type":"EntryPoint","urlTemplate":"https:\/\/eticoshop.it\/?s={search_term_string}"},"query-input":{"@type":"PropertyValueSpecification","valueRequired":true,"valueName":"search_term_string"}}],"inLanguage":"en-GB"},{"@type":"Organization","@id":"https:\/\/eticoshop.it\/#organization","name":"\u00c8tico","url":"https:\/\/eticoshop.it\/","logo":{"@type":"ImageObject","inLanguage":"en-GB","@id":"https:\/\/eticoshop.it\/#\/schema\/logo\/image\/","url":"https:\/\/eticoshop.it\/wp-content\/uploads\/2023\/09\/logo-etico.svg","contentUrl":"https:\/\/eticoshop.it\/wp-content\/uploads\/2023\/09\/logo-etico.svg","width":973,"height":360,"caption":"\u00c8tico"},"image":{"@id":"https:\/\/eticoshop.it\/#\/schema\/logo\/image\/"}}]}},"_links":{"self":[{"href":"https:\/\/eticoshop.it\/en\/wp-json\/wp\/v2\/product\/8488","targetHints":{"allow":["GET"]}}],"collection":[{"href":"https:\/\/eticoshop.it\/en\/wp-json\/wp\/v2\/product"}],"about":[{"href":"https:\/\/eticoshop.it\/en\/wp-json\/wp\/v2\/types\/product"}],"wp:featuredmedia":[{"embeddable":true,"href":"https:\/\/eticoshop.it\/en\/wp-json\/wp\/v2\/media\/8491"}],"wp:attachment":[{"href":"https:\/\/eticoshop.it\/en\/wp-json\/wp\/v2\/media?parent=8488"}],"wp:term":[{"taxonomy":"product_brand","embeddable":true,"href":"https:\/\/eticoshop.it\/en\/wp-json\/wp\/v2\/product_brand?post=8488"},{"taxonomy":"product_cat","embeddable":true,"href":"https:\/\/eticoshop.it\/en\/wp-json\/wp\/v2\/product_cat?post=8488"},{"taxonomy":"product_tag","embeddable":true,"href":"https:\/\/eticoshop.it\/en\/wp-json\/wp\/v2\/product_tag?post=8488"}],"curies":[{"name":"wp","href":"https:\/\/api.w.org\/{rel}","templated":true}]}}