





















{"id":8492,"date":"2024-06-21T17:40:11","date_gmt":"2024-06-21T15:40:11","guid":{"rendered":"https:\/\/eticoshop.it\/?post_type=product&#038;p=8492"},"modified":"2024-06-21T17:40:11","modified_gmt":"2024-06-21T15:40:11","slug":"olio-essenziale-limone-bio","status":"publish","type":"product","link":"https:\/\/eticoshop.it\/en\/negozio\/cosmesi\/oli-essenziali-e-incensi\/olio-essenziale-limone-bio\/","title":{"rendered":"Olio Essenziale &#8211; Limone BIO"},"content":{"rendered":"<p>L&#8217;Olio Essenziale di Limone Bio purifica e rinfresca, ideale per pelle e ambiente, perfetto per aromaterapia e massaggi, puro al 100%.<\/p>\n<p>&nbsp;<\/p>","protected":false},"excerpt":{"rendered":"<p>L&#8217;Olio Essenziale di Limone Bio \u00e8 un prezioso alleato per chi desidera un prodotto naturale, dalle propriet\u00e0 calmanti e purificanti. Ideale per tutte le et\u00e0, \u00e8 perfetto per chi cerca un&#8217;essenza rinfrescante e tonificante per la pelle e l&#8217;ambiente. Ricavato tramite spremitura a freddo delle bucce di limoni biologici, questo olio essenziale \u00e8 puro al 100% e vanta una qualit\u00e0 superiore, arricchita da tutte le propriet\u00e0 benefiche del limone.<\/p>\n<p>L&#8217;Olio Essenziale di Limone Bio pu\u00f2 essere utilizzato in molteplici modi: diffuso nell&#8217;aria con un diffusore per purificare e rinfrescare l&#8217;ambiente, aggiunto a creme o oli vegetali per un massaggio energizzante, oppure diluito in acqua per creare una soluzione detergente naturale. Per un bagno rilassante, basta aggiungere alcune gocce nell&#8217;acqua calda. Non utilizzare puro sulla pelle e evitare il contatto con occhi e mucose.<\/p>\n<p>L&#8217;Olio Essenziale di Limone Bio viene confezionato in un flacone di vetro scuro da 10 ml, per proteggere il prodotto dalla luce e conservarne intatte le propriet\u00e0. La confezione \u00e8 realizzata in materiali riciclabili. Dopo l&#8217;uso, il flacone pu\u00f2 essere smaltito nella raccolta del vetro, mentre il tappo in plastica deve essere gettato nella raccolta differenziata della plastica.<\/p>","protected":false},"featured_media":8495,"template":"","meta":{"_acf_changed":false,"inline_featured_image":false},"product_brand":[],"product_cat":[29,164],"product_tag":[106,165,201,163],"class_list":{"0":"post-8492","1":"product","2":"type-product","3":"status-publish","4":"has-post-thumbnail","6":"product_cat-cosmesi","7":"product_cat-oli-essenziali-e-incensi","8":"product_tag-biologico","9":"product_tag-multiuso","10":"product_tag-purificante","11":"product_tag-trattamento-naturale","13":"first","14":"instock","15":"taxable","16":"shipping-taxable","17":"purchasable","18":"product-type-simple"},"acf":[],"yoast_head":"<!-- This site is optimized with the Yoast SEO plugin v27.3 - https:\/\/yoast.com\/product\/yoast-seo-wordpress\/ -->\n<title>Olio Essenziale - Limone BIO - \u00c8tico<\/title>\n<meta name=\"robots\" content=\"index, follow, max-snippet:-1, max-image-preview:large, max-video-preview:-1\" \/>\n<link rel=\"canonical\" href=\"https:\/\/eticoshop.it\/en\/negozio\/cosmesi\/oli-essenziali-e-incensi\/olio-essenziale-limone-bio\/\" \/>\n<meta property=\"og:locale\" content=\"en_GB\" \/>\n<meta property=\"og:type\" content=\"article\" \/>\n<meta property=\"og:title\" content=\"Olio Essenziale - Limone BIO - \u00c8tico\" \/>\n<meta property=\"og:description\" content=\"L&#039;Olio Essenziale di Limone Bio \u00e8 un prezioso alleato per chi desidera un prodotto naturale, dalle propriet\u00e0 calmanti e purificanti. Ideale per tutte le et\u00e0, \u00e8 perfetto per chi cerca un&#039;essenza rinfrescante e tonificante per la pelle e l&#039;ambiente. Ricavato tramite spremitura a freddo delle bucce di limoni biologici, questo olio essenziale \u00e8 puro al 100% e vanta una qualit\u00e0 superiore, arricchita da tutte le propriet\u00e0 benefiche del limone.  L&#039;Olio Essenziale di Limone Bio pu\u00f2 essere utilizzato in molteplici modi: diffuso nell&#039;aria con un diffusore per purificare e rinfrescare l&#039;ambiente, aggiunto a creme o oli vegetali per un massaggio energizzante, oppure diluito in acqua per creare una soluzione detergente naturale. Per un bagno rilassante, basta aggiungere alcune gocce nell&#039;acqua calda. Non utilizzare puro sulla pelle e evitare il contatto con occhi e mucose.  L&#039;Olio Essenziale di Limone Bio viene confezionato in un flacone di vetro scuro da 10 ml, per proteggere il prodotto dalla luce e conservarne intatte le propriet\u00e0. La confezione \u00e8 realizzata in materiali riciclabili. Dopo l&#039;uso, il flacone pu\u00f2 essere smaltito nella raccolta del vetro, mentre il tappo in plastica deve essere gettato nella raccolta differenziata della plastica.\" \/>\n<meta property=\"og:url\" content=\"https:\/\/eticoshop.it\/en\/negozio\/cosmesi\/oli-essenziali-e-incensi\/olio-essenziale-limone-bio\/\" \/>\n<meta property=\"og:site_name\" content=\"\u00c8tico\" \/>\n<meta property=\"og:image\" content=\"https:\/\/eticoshop.it\/wp-content\/uploads\/2024\/06\/olio-limone-copia.png\" \/>\n\t<meta property=\"og:image:width\" content=\"2000\" \/>\n\t<meta property=\"og:image:height\" content=\"2000\" \/>\n\t<meta property=\"og:image:type\" content=\"image\/png\" \/>\n<meta name=\"twitter:card\" content=\"summary_large_image\" \/>\n<meta name=\"twitter:label1\" content=\"Estimated reading time\" \/>\n\t<meta name=\"twitter:data1\" content=\"1 minute\" \/>\n<script type=\"application\/ld+json\" class=\"yoast-schema-graph\">{\"@context\":\"https:\\\/\\\/schema.org\",\"@graph\":[{\"@type\":\"WebPage\",\"@id\":\"https:\\\/\\\/eticoshop.it\\\/negozio\\\/cosmesi\\\/oli-essenziali-e-incensi\\\/olio-essenziale-limone-bio\\\/\",\"url\":\"https:\\\/\\\/eticoshop.it\\\/negozio\\\/cosmesi\\\/oli-essenziali-e-incensi\\\/olio-essenziale-limone-bio\\\/\",\"name\":\"Olio Essenziale - Limone BIO - \u00c8tico\",\"isPartOf\":{\"@id\":\"https:\\\/\\\/eticoshop.it\\\/#website\"},\"primaryImageOfPage\":{\"@id\":\"https:\\\/\\\/eticoshop.it\\\/negozio\\\/cosmesi\\\/oli-essenziali-e-incensi\\\/olio-essenziale-limone-bio\\\/#primaryimage\"},\"image\":{\"@id\":\"https:\\\/\\\/eticoshop.it\\\/negozio\\\/cosmesi\\\/oli-essenziali-e-incensi\\\/olio-essenziale-limone-bio\\\/#primaryimage\"},\"thumbnailUrl\":\"https:\\\/\\\/eticoshop.it\\\/wp-content\\\/uploads\\\/2024\\\/06\\\/olio-limone-copia.png\",\"datePublished\":\"2024-06-21T15:40:11+00:00\",\"breadcrumb\":{\"@id\":\"https:\\\/\\\/eticoshop.it\\\/negozio\\\/cosmesi\\\/oli-essenziali-e-incensi\\\/olio-essenziale-limone-bio\\\/#breadcrumb\"},\"inLanguage\":\"en-GB\",\"potentialAction\":[{\"@type\":\"ReadAction\",\"target\":[\"https:\\\/\\\/eticoshop.it\\\/negozio\\\/cosmesi\\\/oli-essenziali-e-incensi\\\/olio-essenziale-limone-bio\\\/\"]}]},{\"@type\":\"ImageObject\",\"inLanguage\":\"en-GB\",\"@id\":\"https:\\\/\\\/eticoshop.it\\\/negozio\\\/cosmesi\\\/oli-essenziali-e-incensi\\\/olio-essenziale-limone-bio\\\/#primaryimage\",\"url\":\"https:\\\/\\\/eticoshop.it\\\/wp-content\\\/uploads\\\/2024\\\/06\\\/olio-limone-copia.png\",\"contentUrl\":\"https:\\\/\\\/eticoshop.it\\\/wp-content\\\/uploads\\\/2024\\\/06\\\/olio-limone-copia.png\",\"width\":2000,\"height\":2000,\"caption\":\"olio ess limone\"},{\"@type\":\"BreadcrumbList\",\"@id\":\"https:\\\/\\\/eticoshop.it\\\/negozio\\\/cosmesi\\\/oli-essenziali-e-incensi\\\/olio-essenziale-limone-bio\\\/#breadcrumb\",\"itemListElement\":[{\"@type\":\"ListItem\",\"position\":1,\"name\":\"Home\",\"item\":\"https:\\\/\\\/eticoshop.it\\\/\"},{\"@type\":\"ListItem\",\"position\":2,\"name\":\"Shop\",\"item\":\"https:\\\/\\\/eticoshop.it\\\/negozio\\\/\"},{\"@type\":\"ListItem\",\"position\":3,\"name\":\"Cosmesi\",\"item\":\"https:\\\/\\\/eticoshop.it\\\/categoria-prodotto\\\/cosmesi\\\/\"},{\"@type\":\"ListItem\",\"position\":4,\"name\":\"Olio Essenziale &#8211; Limone BIO\"}]},{\"@type\":\"WebSite\",\"@id\":\"https:\\\/\\\/eticoshop.it\\\/#website\",\"url\":\"https:\\\/\\\/eticoshop.it\\\/\",\"name\":\"\u00c8tico\",\"description\":\"\",\"publisher\":{\"@id\":\"https:\\\/\\\/eticoshop.it\\\/#organization\"},\"potentialAction\":[{\"@type\":\"SearchAction\",\"target\":{\"@type\":\"EntryPoint\",\"urlTemplate\":\"https:\\\/\\\/eticoshop.it\\\/?s={search_term_string}\"},\"query-input\":{\"@type\":\"PropertyValueSpecification\",\"valueRequired\":true,\"valueName\":\"search_term_string\"}}],\"inLanguage\":\"en-GB\"},{\"@type\":\"Organization\",\"@id\":\"https:\\\/\\\/eticoshop.it\\\/#organization\",\"name\":\"\u00c8tico\",\"url\":\"https:\\\/\\\/eticoshop.it\\\/\",\"logo\":{\"@type\":\"ImageObject\",\"inLanguage\":\"en-GB\",\"@id\":\"https:\\\/\\\/eticoshop.it\\\/#\\\/schema\\\/logo\\\/image\\\/\",\"url\":\"https:\\\/\\\/eticoshop.it\\\/wp-content\\\/uploads\\\/2023\\\/09\\\/logo-etico.svg\",\"contentUrl\":\"https:\\\/\\\/eticoshop.it\\\/wp-content\\\/uploads\\\/2023\\\/09\\\/logo-etico.svg\",\"width\":973,\"height\":360,\"caption\":\"\u00c8tico\"},\"image\":{\"@id\":\"https:\\\/\\\/eticoshop.it\\\/#\\\/schema\\\/logo\\\/image\\\/\"}}]}<\/script>\n<!-- \/ Yoast SEO plugin. -->","yoast_head_json":{"title":"Olio Essenziale - Limone BIO - \u00c8tico","robots":{"index":"index","follow":"follow","max-snippet":"max-snippet:-1","max-image-preview":"max-image-preview:large","max-video-preview":"max-video-preview:-1"},"canonical":"https:\/\/eticoshop.it\/en\/negozio\/cosmesi\/oli-essenziali-e-incensi\/olio-essenziale-limone-bio\/","og_locale":"en_GB","og_type":"article","og_title":"Olio Essenziale - Limone BIO - \u00c8tico","og_description":"L'Olio Essenziale di Limone Bio \u00e8 un prezioso alleato per chi desidera un prodotto naturale, dalle propriet\u00e0 calmanti e purificanti. Ideale per tutte le et\u00e0, \u00e8 perfetto per chi cerca un'essenza rinfrescante e tonificante per la pelle e l'ambiente. Ricavato tramite spremitura a freddo delle bucce di limoni biologici, questo olio essenziale \u00e8 puro al 100% e vanta una qualit\u00e0 superiore, arricchita da tutte le propriet\u00e0 benefiche del limone.  L'Olio Essenziale di Limone Bio pu\u00f2 essere utilizzato in molteplici modi: diffuso nell'aria con un diffusore per purificare e rinfrescare l'ambiente, aggiunto a creme o oli vegetali per un massaggio energizzante, oppure diluito in acqua per creare una soluzione detergente naturale. Per un bagno rilassante, basta aggiungere alcune gocce nell'acqua calda. Non utilizzare puro sulla pelle e evitare il contatto con occhi e mucose.  L'Olio Essenziale di Limone Bio viene confezionato in un flacone di vetro scuro da 10 ml, per proteggere il prodotto dalla luce e conservarne intatte le propriet\u00e0. La confezione \u00e8 realizzata in materiali riciclabili. Dopo l'uso, il flacone pu\u00f2 essere smaltito nella raccolta del vetro, mentre il tappo in plastica deve essere gettato nella raccolta differenziata della plastica.","og_url":"https:\/\/eticoshop.it\/en\/negozio\/cosmesi\/oli-essenziali-e-incensi\/olio-essenziale-limone-bio\/","og_site_name":"\u00c8tico","og_image":[{"width":2000,"height":2000,"url":"https:\/\/eticoshop.it\/wp-content\/uploads\/2024\/06\/olio-limone-copia.png","type":"image\/png"}],"twitter_card":"summary_large_image","twitter_misc":{"Estimated reading time":"1 minute"},"schema":{"@context":"https:\/\/schema.org","@graph":[{"@type":"WebPage","@id":"https:\/\/eticoshop.it\/negozio\/cosmesi\/oli-essenziali-e-incensi\/olio-essenziale-limone-bio\/","url":"https:\/\/eticoshop.it\/negozio\/cosmesi\/oli-essenziali-e-incensi\/olio-essenziale-limone-bio\/","name":"Olio Essenziale - Limone BIO - \u00c8tico","isPartOf":{"@id":"https:\/\/eticoshop.it\/#website"},"primaryImageOfPage":{"@id":"https:\/\/eticoshop.it\/negozio\/cosmesi\/oli-essenziali-e-incensi\/olio-essenziale-limone-bio\/#primaryimage"},"image":{"@id":"https:\/\/eticoshop.it\/negozio\/cosmesi\/oli-essenziali-e-incensi\/olio-essenziale-limone-bio\/#primaryimage"},"thumbnailUrl":"https:\/\/eticoshop.it\/wp-content\/uploads\/2024\/06\/olio-limone-copia.png","datePublished":"2024-06-21T15:40:11+00:00","breadcrumb":{"@id":"https:\/\/eticoshop.it\/negozio\/cosmesi\/oli-essenziali-e-incensi\/olio-essenziale-limone-bio\/#breadcrumb"},"inLanguage":"en-GB","potentialAction":[{"@type":"ReadAction","target":["https:\/\/eticoshop.it\/negozio\/cosmesi\/oli-essenziali-e-incensi\/olio-essenziale-limone-bio\/"]}]},{"@type":"ImageObject","inLanguage":"en-GB","@id":"https:\/\/eticoshop.it\/negozio\/cosmesi\/oli-essenziali-e-incensi\/olio-essenziale-limone-bio\/#primaryimage","url":"https:\/\/eticoshop.it\/wp-content\/uploads\/2024\/06\/olio-limone-copia.png","contentUrl":"https:\/\/eticoshop.it\/wp-content\/uploads\/2024\/06\/olio-limone-copia.png","width":2000,"height":2000,"caption":"olio ess limone"},{"@type":"BreadcrumbList","@id":"https:\/\/eticoshop.it\/negozio\/cosmesi\/oli-essenziali-e-incensi\/olio-essenziale-limone-bio\/#breadcrumb","itemListElement":[{"@type":"ListItem","position":1,"name":"Home","item":"https:\/\/eticoshop.it\/"},{"@type":"ListItem","position":2,"name":"Shop","item":"https:\/\/eticoshop.it\/negozio\/"},{"@type":"ListItem","position":3,"name":"Cosmesi","item":"https:\/\/eticoshop.it\/categoria-prodotto\/cosmesi\/"},{"@type":"ListItem","position":4,"name":"Olio Essenziale &#8211; Limone BIO"}]},{"@type":"WebSite","@id":"https:\/\/eticoshop.it\/#website","url":"https:\/\/eticoshop.it\/","name":"\u00c8tico","description":"","publisher":{"@id":"https:\/\/eticoshop.it\/#organization"},"potentialAction":[{"@type":"SearchAction","target":{"@type":"EntryPoint","urlTemplate":"https:\/\/eticoshop.it\/?s={search_term_string}"},"query-input":{"@type":"PropertyValueSpecification","valueRequired":true,"valueName":"search_term_string"}}],"inLanguage":"en-GB"},{"@type":"Organization","@id":"https:\/\/eticoshop.it\/#organization","name":"\u00c8tico","url":"https:\/\/eticoshop.it\/","logo":{"@type":"ImageObject","inLanguage":"en-GB","@id":"https:\/\/eticoshop.it\/#\/schema\/logo\/image\/","url":"https:\/\/eticoshop.it\/wp-content\/uploads\/2023\/09\/logo-etico.svg","contentUrl":"https:\/\/eticoshop.it\/wp-content\/uploads\/2023\/09\/logo-etico.svg","width":973,"height":360,"caption":"\u00c8tico"},"image":{"@id":"https:\/\/eticoshop.it\/#\/schema\/logo\/image\/"}}]}},"_links":{"self":[{"href":"https:\/\/eticoshop.it\/en\/wp-json\/wp\/v2\/product\/8492","targetHints":{"allow":["GET"]}}],"collection":[{"href":"https:\/\/eticoshop.it\/en\/wp-json\/wp\/v2\/product"}],"about":[{"href":"https:\/\/eticoshop.it\/en\/wp-json\/wp\/v2\/types\/product"}],"wp:featuredmedia":[{"embeddable":true,"href":"https:\/\/eticoshop.it\/en\/wp-json\/wp\/v2\/media\/8495"}],"wp:attachment":[{"href":"https:\/\/eticoshop.it\/en\/wp-json\/wp\/v2\/media?parent=8492"}],"wp:term":[{"taxonomy":"product_brand","embeddable":true,"href":"https:\/\/eticoshop.it\/en\/wp-json\/wp\/v2\/product_brand?post=8492"},{"taxonomy":"product_cat","embeddable":true,"href":"https:\/\/eticoshop.it\/en\/wp-json\/wp\/v2\/product_cat?post=8492"},{"taxonomy":"product_tag","embeddable":true,"href":"https:\/\/eticoshop.it\/en\/wp-json\/wp\/v2\/product_tag?post=8492"}],"curies":[{"name":"wp","href":"https:\/\/api.w.org\/{rel}","templated":true}]}}