





















{"id":8534,"date":"2024-06-24T09:21:06","date_gmt":"2024-06-24T07:21:06","guid":{"rendered":"https:\/\/eticoshop.it\/?post_type=product&#038;p=8534"},"modified":"2024-06-24T09:21:06","modified_gmt":"2024-06-24T07:21:06","slug":"bio-balsamo-moringa-limone","status":"publish","type":"product","link":"https:\/\/eticoshop.it\/en\/negozio\/cosmesi\/balsamo\/bio-balsamo-moringa-limone\/","title":{"rendered":"Bio Balsamo Moringa &#038; Limone"},"content":{"rendered":"<div class=\"flex flex-grow flex-col max-w-full\">\n<div class=\"min-h-[20px] text-message flex flex-col items-start whitespace-pre-wrap break-words [.text-message+&amp;]:mt-5 juice:w-full juice:items-end overflow-x-auto gap-2\" dir=\"auto\" data-message-author-role=\"assistant\" data-message-id=\"ae58678d-4c5b-4245-bb82-75e89966df4a\">\n<div class=\"flex w-full flex-col gap-1 juice:empty:hidden juice:first:pt-[3px]\">\n<div class=\"markdown prose w-full break-words dark:prose-invert dark\">\n<p>Il Bio Balsamo Moringa &amp; Limone nutre e districa capelli fini e fragili, conferendo volume e lucentezza, con ingredienti naturali e biologici.<\/p>\n<\/div>\n<\/div>\n<\/div>\n<\/div>\n","protected":false},"excerpt":{"rendered":"<p><span data-sheets-root=\"1\" data-sheets-value=\"{&quot;1&quot;:2,&quot;2&quot;:&quot;Il Bio Balsamo Moringa &amp; Limone \u00e8 un trattamento leggero per nutrire e districare i capelli, conferendo volume e lucentezza. Formulato con ingredienti naturali e biologici, questo balsamo contiene estratti di Moringa, semi di Lino e Limone per un'azione efficace su tutti i tipi di capelli, anche quelli pi\u00f9 delicati e sottili. L'Aloe Vera e l'acqua di Camomilla leniscono e idratano il cuoio capelluto, mentre gli oli essenziali di Arancia e Menta donano una fresca fragranza. Grazie alla Moringa e all'Aloe Vera, il balsamo nutre in profondit\u00e0 e idrata i capelli, rendendoli morbidi e facili da pettinare. Ideale per ottenere capelli voluminosi e splendenti, la sua formulazione delicata \u00e8 adatta anche per capelli fini e fragili. Realizzato con ingredienti da agricoltura biologica, \u00e8 privo di siliconi e sali quaternari.&quot;}\" data-sheets-userformat=\"{&quot;2&quot;:961,&quot;3&quot;:{&quot;1&quot;:0},&quot;9&quot;:1,&quot;10&quot;:1,&quot;11&quot;:4,&quot;12&quot;:0}\">Il Bio Balsamo Moringa &amp; Limone \u00e8 un trattamento leggero per nutrire e districare i capelli, conferendo volume e lucentezza. Formulato con ingredienti naturali e biologici, questo balsamo contiene estratti di Moringa, semi di Lino e Limone per un&#8217;azione efficace su tutti i tipi di capelli, anche quelli pi\u00f9 delicati e sottili. L&#8217;Aloe Vera e l&#8217;acqua di Camomilla leniscono e idratano il cuoio capelluto, mentre gli oli essenziali di Arancia e Menta donano una fresca fragranza. Grazie alla Moringa e all&#8217;Aloe Vera, il balsamo nutre in profondit\u00e0 e idrata i capelli, rendendoli morbidi e facili da pettinare. Ideale per ottenere capelli voluminosi e splendenti, la sua formulazione delicata \u00e8 adatta anche per capelli fini e fragili. Realizzato con ingredienti da agricoltura biologica, \u00e8 privo di siliconi e sali quaternari.<\/span><\/p>\n<p><span data-sheets-root=\"1\" data-sheets-value=\"{&quot;1&quot;:2,&quot;2&quot;:&quot;Applicare una piccola quantit\u00e0 di balsamo sui capelli bagnati, distribuendo uniformemente dalle radici alle punte. Lasciare agire per alcuni minuti, quindi risciacquare abbondantemente. Utilizzare dopo lo shampoo per ottenere capelli morbidi, leggeri e facili da pettinare.&quot;}\" data-sheets-userformat=\"{&quot;2&quot;:961,&quot;3&quot;:{&quot;1&quot;:0},&quot;9&quot;:1,&quot;10&quot;:1,&quot;11&quot;:4,&quot;12&quot;:0}\">Applicare una piccola quantit\u00e0 di balsamo sui capelli bagnati, distribuendo uniformemente dalle radici alle punte. Lasciare agire per alcuni minuti, quindi risciacquare abbondantemente. Utilizzare dopo lo shampoo per ottenere capelli morbidi, leggeri e facili da pettinare.<\/span><\/p>\n<p><span data-sheets-root=\"1\" data-sheets-value=\"{&quot;1&quot;:2,&quot;2&quot;:&quot;Il prodotto \u00e8 confezionato in un flacone da 150 ml realizzato con materiali riciclabili. Dopo l\u2019uso, smaltire il flacone e il tappo nella raccolta differenziata della plastica. Per ulteriori dettagli sul corretto smaltimento, verificare le disposizioni locali o visitare il sito del produttore.&quot;}\" data-sheets-userformat=\"{&quot;2&quot;:961,&quot;3&quot;:{&quot;1&quot;:0},&quot;9&quot;:1,&quot;10&quot;:1,&quot;11&quot;:4,&quot;12&quot;:0}\">Il prodotto \u00e8 confezionato in un flacone da 150 ml realizzato con materiali riciclabili. Dopo l\u2019uso, smaltire il flacone e il tappo nella raccolta differenziata della plastica. Per ulteriori dettagli sul corretto smaltimento, verificare le disposizioni locali o visitare il sito del produttore.<\/span><\/p>","protected":false},"featured_media":8540,"template":"","meta":{"_acf_changed":false,"inline_featured_image":false},"product_brand":[],"product_cat":[158,29],"product_tag":[106,366,365,364,363,160,337],"class_list":{"0":"post-8534","1":"product","2":"type-product","3":"status-publish","4":"has-post-thumbnail","6":"product_cat-balsamo","7":"product_cat-cosmesi","8":"product_tag-biologico","9":"product_tag-capelli-splendenti","10":"product_tag-districante","11":"product_tag-limone","12":"product_tag-moringa","13":"product_tag-senza-siliconi","14":"product_tag-volumizzante","16":"first","17":"instock","18":"taxable","19":"shipping-taxable","20":"purchasable","21":"product-type-simple"},"acf":[],"yoast_head":"<!-- This site is optimized with the Yoast SEO plugin v27.4 - https:\/\/yoast.com\/product\/yoast-seo-wordpress\/ -->\n<title>Bio Balsamo Moringa &amp; Limone - \u00c8tico<\/title>\n<meta name=\"robots\" content=\"index, follow, max-snippet:-1, max-image-preview:large, max-video-preview:-1\" \/>\n<link rel=\"canonical\" href=\"https:\/\/eticoshop.it\/en\/negozio\/cosmesi\/balsamo\/bio-balsamo-moringa-limone\/\" \/>\n<meta property=\"og:locale\" content=\"en_GB\" \/>\n<meta property=\"og:type\" content=\"article\" \/>\n<meta property=\"og:title\" content=\"Bio Balsamo Moringa &amp; Limone - \u00c8tico\" \/>\n<meta property=\"og:description\" content=\"Il Bio Balsamo Moringa &amp; Limone \u00e8 un trattamento leggero per nutrire e districare i capelli, conferendo volume e lucentezza. Formulato con ingredienti naturali e biologici, questo balsamo contiene estratti di Moringa, semi di Lino e Limone per un&#039;azione efficace su tutti i tipi di capelli, anche quelli pi\u00f9 delicati e sottili. L&#039;Aloe Vera e l&#039;acqua di Camomilla leniscono e idratano il cuoio capelluto, mentre gli oli essenziali di Arancia e Menta donano una fresca fragranza. Grazie alla Moringa e all&#039;Aloe Vera, il balsamo nutre in profondit\u00e0 e idrata i capelli, rendendoli morbidi e facili da pettinare. Ideale per ottenere capelli voluminosi e splendenti, la sua formulazione delicata \u00e8 adatta anche per capelli fini e fragili. Realizzato con ingredienti da agricoltura biologica, \u00e8 privo di siliconi e sali quaternari.  Applicare una piccola quantit\u00e0 di balsamo sui capelli bagnati, distribuendo uniformemente dalle radici alle punte. Lasciare agire per alcuni minuti, quindi risciacquare abbondantemente. Utilizzare dopo lo shampoo per ottenere capelli morbidi, leggeri e facili da pettinare.  Il prodotto \u00e8 confezionato in un flacone da 150 ml realizzato con materiali riciclabili. Dopo l\u2019uso, smaltire il flacone e il tappo nella raccolta differenziata della plastica. Per ulteriori dettagli sul corretto smaltimento, verificare le disposizioni locali o visitare il sito del produttore.\" \/>\n<meta property=\"og:url\" content=\"https:\/\/eticoshop.it\/en\/negozio\/cosmesi\/balsamo\/bio-balsamo-moringa-limone\/\" \/>\n<meta property=\"og:site_name\" content=\"\u00c8tico\" \/>\n<meta property=\"og:image\" content=\"https:\/\/eticoshop.it\/wp-content\/uploads\/2024\/06\/bio-balsamo-moringa-limone.png\" \/>\n\t<meta property=\"og:image:width\" content=\"1000\" \/>\n\t<meta property=\"og:image:height\" content=\"1000\" \/>\n\t<meta property=\"og:image:type\" content=\"image\/png\" \/>\n<meta name=\"twitter:card\" content=\"summary_large_image\" \/>\n<meta name=\"twitter:label1\" content=\"Estimated reading time\" \/>\n\t<meta name=\"twitter:data1\" content=\"1 minute\" \/>\n<script type=\"application\/ld+json\" class=\"yoast-schema-graph\">{\"@context\":\"https:\\\/\\\/schema.org\",\"@graph\":[{\"@type\":\"WebPage\",\"@id\":\"https:\\\/\\\/eticoshop.it\\\/negozio\\\/cosmesi\\\/balsamo\\\/bio-balsamo-moringa-limone\\\/\",\"url\":\"https:\\\/\\\/eticoshop.it\\\/negozio\\\/cosmesi\\\/balsamo\\\/bio-balsamo-moringa-limone\\\/\",\"name\":\"Bio Balsamo Moringa & Limone - \u00c8tico\",\"isPartOf\":{\"@id\":\"https:\\\/\\\/eticoshop.it\\\/#website\"},\"primaryImageOfPage\":{\"@id\":\"https:\\\/\\\/eticoshop.it\\\/negozio\\\/cosmesi\\\/balsamo\\\/bio-balsamo-moringa-limone\\\/#primaryimage\"},\"image\":{\"@id\":\"https:\\\/\\\/eticoshop.it\\\/negozio\\\/cosmesi\\\/balsamo\\\/bio-balsamo-moringa-limone\\\/#primaryimage\"},\"thumbnailUrl\":\"https:\\\/\\\/eticoshop.it\\\/wp-content\\\/uploads\\\/2024\\\/06\\\/bio-balsamo-moringa-limone.png\",\"datePublished\":\"2024-06-24T07:21:06+00:00\",\"breadcrumb\":{\"@id\":\"https:\\\/\\\/eticoshop.it\\\/negozio\\\/cosmesi\\\/balsamo\\\/bio-balsamo-moringa-limone\\\/#breadcrumb\"},\"inLanguage\":\"en-GB\",\"potentialAction\":[{\"@type\":\"ReadAction\",\"target\":[\"https:\\\/\\\/eticoshop.it\\\/negozio\\\/cosmesi\\\/balsamo\\\/bio-balsamo-moringa-limone\\\/\"]}]},{\"@type\":\"ImageObject\",\"inLanguage\":\"en-GB\",\"@id\":\"https:\\\/\\\/eticoshop.it\\\/negozio\\\/cosmesi\\\/balsamo\\\/bio-balsamo-moringa-limone\\\/#primaryimage\",\"url\":\"https:\\\/\\\/eticoshop.it\\\/wp-content\\\/uploads\\\/2024\\\/06\\\/bio-balsamo-moringa-limone.png\",\"contentUrl\":\"https:\\\/\\\/eticoshop.it\\\/wp-content\\\/uploads\\\/2024\\\/06\\\/bio-balsamo-moringa-limone.png\",\"width\":1000,\"height\":1000,\"caption\":\"biobalsamo moringa limone\"},{\"@type\":\"BreadcrumbList\",\"@id\":\"https:\\\/\\\/eticoshop.it\\\/negozio\\\/cosmesi\\\/balsamo\\\/bio-balsamo-moringa-limone\\\/#breadcrumb\",\"itemListElement\":[{\"@type\":\"ListItem\",\"position\":1,\"name\":\"Home\",\"item\":\"https:\\\/\\\/eticoshop.it\\\/\"},{\"@type\":\"ListItem\",\"position\":2,\"name\":\"Shop\",\"item\":\"https:\\\/\\\/eticoshop.it\\\/negozio\\\/\"},{\"@type\":\"ListItem\",\"position\":3,\"name\":\"Cosmesi\",\"item\":\"https:\\\/\\\/eticoshop.it\\\/categoria-prodotto\\\/cosmesi\\\/\"},{\"@type\":\"ListItem\",\"position\":4,\"name\":\"Bio Balsamo Moringa &#038; Limone\"}]},{\"@type\":\"WebSite\",\"@id\":\"https:\\\/\\\/eticoshop.it\\\/#website\",\"url\":\"https:\\\/\\\/eticoshop.it\\\/\",\"name\":\"\u00c8tico\",\"description\":\"\",\"publisher\":{\"@id\":\"https:\\\/\\\/eticoshop.it\\\/#organization\"},\"potentialAction\":[{\"@type\":\"SearchAction\",\"target\":{\"@type\":\"EntryPoint\",\"urlTemplate\":\"https:\\\/\\\/eticoshop.it\\\/?s={search_term_string}\"},\"query-input\":{\"@type\":\"PropertyValueSpecification\",\"valueRequired\":true,\"valueName\":\"search_term_string\"}}],\"inLanguage\":\"en-GB\"},{\"@type\":\"Organization\",\"@id\":\"https:\\\/\\\/eticoshop.it\\\/#organization\",\"name\":\"\u00c8tico\",\"url\":\"https:\\\/\\\/eticoshop.it\\\/\",\"logo\":{\"@type\":\"ImageObject\",\"inLanguage\":\"en-GB\",\"@id\":\"https:\\\/\\\/eticoshop.it\\\/#\\\/schema\\\/logo\\\/image\\\/\",\"url\":\"https:\\\/\\\/eticoshop.it\\\/wp-content\\\/uploads\\\/2023\\\/09\\\/logo-etico.svg\",\"contentUrl\":\"https:\\\/\\\/eticoshop.it\\\/wp-content\\\/uploads\\\/2023\\\/09\\\/logo-etico.svg\",\"width\":973,\"height\":360,\"caption\":\"\u00c8tico\"},\"image\":{\"@id\":\"https:\\\/\\\/eticoshop.it\\\/#\\\/schema\\\/logo\\\/image\\\/\"}}]}<\/script>\n<!-- \/ Yoast SEO plugin. -->","yoast_head_json":{"title":"Bio Balsamo Moringa & Limone - \u00c8tico","robots":{"index":"index","follow":"follow","max-snippet":"max-snippet:-1","max-image-preview":"max-image-preview:large","max-video-preview":"max-video-preview:-1"},"canonical":"https:\/\/eticoshop.it\/en\/negozio\/cosmesi\/balsamo\/bio-balsamo-moringa-limone\/","og_locale":"en_GB","og_type":"article","og_title":"Bio Balsamo Moringa & Limone - \u00c8tico","og_description":"Il Bio Balsamo Moringa &amp; Limone \u00e8 un trattamento leggero per nutrire e districare i capelli, conferendo volume e lucentezza. Formulato con ingredienti naturali e biologici, questo balsamo contiene estratti di Moringa, semi di Lino e Limone per un'azione efficace su tutti i tipi di capelli, anche quelli pi\u00f9 delicati e sottili. L'Aloe Vera e l'acqua di Camomilla leniscono e idratano il cuoio capelluto, mentre gli oli essenziali di Arancia e Menta donano una fresca fragranza. Grazie alla Moringa e all'Aloe Vera, il balsamo nutre in profondit\u00e0 e idrata i capelli, rendendoli morbidi e facili da pettinare. Ideale per ottenere capelli voluminosi e splendenti, la sua formulazione delicata \u00e8 adatta anche per capelli fini e fragili. Realizzato con ingredienti da agricoltura biologica, \u00e8 privo di siliconi e sali quaternari.  Applicare una piccola quantit\u00e0 di balsamo sui capelli bagnati, distribuendo uniformemente dalle radici alle punte. Lasciare agire per alcuni minuti, quindi risciacquare abbondantemente. Utilizzare dopo lo shampoo per ottenere capelli morbidi, leggeri e facili da pettinare.  Il prodotto \u00e8 confezionato in un flacone da 150 ml realizzato con materiali riciclabili. Dopo l\u2019uso, smaltire il flacone e il tappo nella raccolta differenziata della plastica. Per ulteriori dettagli sul corretto smaltimento, verificare le disposizioni locali o visitare il sito del produttore.","og_url":"https:\/\/eticoshop.it\/en\/negozio\/cosmesi\/balsamo\/bio-balsamo-moringa-limone\/","og_site_name":"\u00c8tico","og_image":[{"width":1000,"height":1000,"url":"https:\/\/eticoshop.it\/wp-content\/uploads\/2024\/06\/bio-balsamo-moringa-limone.png","type":"image\/png"}],"twitter_card":"summary_large_image","twitter_misc":{"Estimated reading time":"1 minute"},"schema":{"@context":"https:\/\/schema.org","@graph":[{"@type":"WebPage","@id":"https:\/\/eticoshop.it\/negozio\/cosmesi\/balsamo\/bio-balsamo-moringa-limone\/","url":"https:\/\/eticoshop.it\/negozio\/cosmesi\/balsamo\/bio-balsamo-moringa-limone\/","name":"Bio Balsamo Moringa & Limone - \u00c8tico","isPartOf":{"@id":"https:\/\/eticoshop.it\/#website"},"primaryImageOfPage":{"@id":"https:\/\/eticoshop.it\/negozio\/cosmesi\/balsamo\/bio-balsamo-moringa-limone\/#primaryimage"},"image":{"@id":"https:\/\/eticoshop.it\/negozio\/cosmesi\/balsamo\/bio-balsamo-moringa-limone\/#primaryimage"},"thumbnailUrl":"https:\/\/eticoshop.it\/wp-content\/uploads\/2024\/06\/bio-balsamo-moringa-limone.png","datePublished":"2024-06-24T07:21:06+00:00","breadcrumb":{"@id":"https:\/\/eticoshop.it\/negozio\/cosmesi\/balsamo\/bio-balsamo-moringa-limone\/#breadcrumb"},"inLanguage":"en-GB","potentialAction":[{"@type":"ReadAction","target":["https:\/\/eticoshop.it\/negozio\/cosmesi\/balsamo\/bio-balsamo-moringa-limone\/"]}]},{"@type":"ImageObject","inLanguage":"en-GB","@id":"https:\/\/eticoshop.it\/negozio\/cosmesi\/balsamo\/bio-balsamo-moringa-limone\/#primaryimage","url":"https:\/\/eticoshop.it\/wp-content\/uploads\/2024\/06\/bio-balsamo-moringa-limone.png","contentUrl":"https:\/\/eticoshop.it\/wp-content\/uploads\/2024\/06\/bio-balsamo-moringa-limone.png","width":1000,"height":1000,"caption":"biobalsamo moringa limone"},{"@type":"BreadcrumbList","@id":"https:\/\/eticoshop.it\/negozio\/cosmesi\/balsamo\/bio-balsamo-moringa-limone\/#breadcrumb","itemListElement":[{"@type":"ListItem","position":1,"name":"Home","item":"https:\/\/eticoshop.it\/"},{"@type":"ListItem","position":2,"name":"Shop","item":"https:\/\/eticoshop.it\/negozio\/"},{"@type":"ListItem","position":3,"name":"Cosmesi","item":"https:\/\/eticoshop.it\/categoria-prodotto\/cosmesi\/"},{"@type":"ListItem","position":4,"name":"Bio Balsamo Moringa &#038; Limone"}]},{"@type":"WebSite","@id":"https:\/\/eticoshop.it\/#website","url":"https:\/\/eticoshop.it\/","name":"\u00c8tico","description":"","publisher":{"@id":"https:\/\/eticoshop.it\/#organization"},"potentialAction":[{"@type":"SearchAction","target":{"@type":"EntryPoint","urlTemplate":"https:\/\/eticoshop.it\/?s={search_term_string}"},"query-input":{"@type":"PropertyValueSpecification","valueRequired":true,"valueName":"search_term_string"}}],"inLanguage":"en-GB"},{"@type":"Organization","@id":"https:\/\/eticoshop.it\/#organization","name":"\u00c8tico","url":"https:\/\/eticoshop.it\/","logo":{"@type":"ImageObject","inLanguage":"en-GB","@id":"https:\/\/eticoshop.it\/#\/schema\/logo\/image\/","url":"https:\/\/eticoshop.it\/wp-content\/uploads\/2023\/09\/logo-etico.svg","contentUrl":"https:\/\/eticoshop.it\/wp-content\/uploads\/2023\/09\/logo-etico.svg","width":973,"height":360,"caption":"\u00c8tico"},"image":{"@id":"https:\/\/eticoshop.it\/#\/schema\/logo\/image\/"}}]}},"_links":{"self":[{"href":"https:\/\/eticoshop.it\/en\/wp-json\/wp\/v2\/product\/8534","targetHints":{"allow":["GET"]}}],"collection":[{"href":"https:\/\/eticoshop.it\/en\/wp-json\/wp\/v2\/product"}],"about":[{"href":"https:\/\/eticoshop.it\/en\/wp-json\/wp\/v2\/types\/product"}],"wp:featuredmedia":[{"embeddable":true,"href":"https:\/\/eticoshop.it\/en\/wp-json\/wp\/v2\/media\/8540"}],"wp:attachment":[{"href":"https:\/\/eticoshop.it\/en\/wp-json\/wp\/v2\/media?parent=8534"}],"wp:term":[{"taxonomy":"product_brand","embeddable":true,"href":"https:\/\/eticoshop.it\/en\/wp-json\/wp\/v2\/product_brand?post=8534"},{"taxonomy":"product_cat","embeddable":true,"href":"https:\/\/eticoshop.it\/en\/wp-json\/wp\/v2\/product_cat?post=8534"},{"taxonomy":"product_tag","embeddable":true,"href":"https:\/\/eticoshop.it\/en\/wp-json\/wp\/v2\/product_tag?post=8534"}],"curies":[{"name":"wp","href":"https:\/\/api.w.org\/{rel}","templated":true}]}}