





















{"id":8541,"date":"2024-06-24T09:21:21","date_gmt":"2024-06-24T07:21:21","guid":{"rendered":"https:\/\/eticoshop.it\/?post_type=product&#038;p=8541"},"modified":"2024-06-24T09:21:21","modified_gmt":"2024-06-24T07:21:21","slug":"bio-balsamo-leave-in-moringa-lino","status":"publish","type":"product","link":"https:\/\/eticoshop.it\/en\/negozio\/cosmesi\/balsamo\/bio-balsamo-leave-in-moringa-lino\/","title":{"rendered":"Bio Balsamo Leave-In Moringa &#038; Lino"},"content":{"rendered":"<p><span data-sheets-root=\"1\" data-sheets-value=\"{&quot;1&quot;:2,&quot;2&quot;:&quot;Il Bio Balsamo Moringa &amp; Lino tratta e protegge i capelli senza risciacquo, con effetto anti-crespo e ingredienti naturali e biologici.&quot;}\" data-sheets-userformat=\"{&quot;2&quot;:961,&quot;3&quot;:{&quot;1&quot;:0},&quot;9&quot;:1,&quot;10&quot;:1,&quot;11&quot;:4,&quot;12&quot;:0}\">Il Bio Balsamo Moringa &amp; Lino tratta e protegge i capelli senza risciacquo, con effetto anti-crespo e ingredienti naturali e biologici.<\/span><\/p>","protected":false},"excerpt":{"rendered":"<p><span data-sheets-root=\"1\" data-sheets-value=\"{&quot;1&quot;:2,&quot;2&quot;:&quot;Il Bio Balsamo Leave-In Moringa &amp; Lino \u00e8 un trattamento ristrutturante senza risciacquo, ideale per proteggere e donare splendore anche alle chiome pi\u00f9 ribelli. Formulato con estratti di Moringa e semi di Lino, questo balsamo nutre in profondit\u00e0, contribuendo a riparare le fibre capillari e a prevenire le doppie punte. Il Burro di Karit\u00e9 e l'Olio di Argan apportano un effetto nutriente e idratante, mentre gli estratti di Camomilla e Lavanda leniscono il cuoio capelluto. Adatto a tutti i tipi di capelli, anche i pi\u00f9 fragili, questo balsamo \u00e8 perfetto per domare il crespo e mantenere i capelli morbidi e lucenti. La sua formulazione naturale e biologica \u00e8 priva di siliconi e sali quaternari, garantendo un trattamento delicato e rispettoso della fibra capillare.&quot;}\" data-sheets-userformat=\"{&quot;2&quot;:961,&quot;3&quot;:{&quot;1&quot;:0},&quot;9&quot;:1,&quot;10&quot;:1,&quot;11&quot;:4,&quot;12&quot;:0}\">Il Bio Balsamo Leave-In Moringa &amp; Lino \u00e8 un trattamento ristrutturante senza risciacquo, ideale per proteggere e donare splendore anche alle chiome pi\u00f9 ribelli. Formulato con estratti di Moringa e semi di Lino, questo balsamo nutre in profondit\u00e0, contribuendo a riparare le fibre capillari e a prevenire le doppie punte. Il Burro di Karit\u00e9 e l&#8217;Olio di Argan apportano un effetto nutriente e idratante, mentre gli estratti di Camomilla e Lavanda leniscono il cuoio capelluto. Adatto a tutti i tipi di capelli, anche i pi\u00f9 fragili, questo balsamo \u00e8 perfetto per domare il crespo e mantenere i capelli morbidi e lucenti. La sua formulazione naturale e biologica \u00e8 priva di siliconi e sali quaternari, garantendo un trattamento delicato e rispettoso della fibra capillare.<\/span><\/p>\n<p><span data-sheets-root=\"1\" data-sheets-value=\"{&quot;1&quot;:2,&quot;2&quot;:&quot;Applicare una piccola quantit\u00e0 di balsamo sui capelli tamponati e distribuire uniformemente su lunghezze e punte, senza risciacquare. Pu\u00f2 essere utilizzato anche sui capelli asciutti per un effetto nutriente e anti-crespo. Utilizzare quotidianamente per capelli morbidi, disciplinati e brillanti.&quot;}\" data-sheets-userformat=\"{&quot;2&quot;:961,&quot;3&quot;:{&quot;1&quot;:0},&quot;9&quot;:1,&quot;10&quot;:1,&quot;11&quot;:4,&quot;12&quot;:0}\">Applicare una piccola quantit\u00e0 di balsamo sui capelli tamponati e distribuire uniformemente su lunghezze e punte, senza risciacquare. Pu\u00f2 essere utilizzato anche sui capelli asciutti per un effetto nutriente e anti-crespo. Utilizzare quotidianamente per capelli morbidi, disciplinati e brillanti.<\/span><\/p>\n<p><span data-sheets-root=\"1\" data-sheets-value=\"{&quot;1&quot;:2,&quot;2&quot;:&quot;Il prodotto \u00e8 confezionato in un flacone da 150 ml realizzato con materiali riciclabili. Dopo l\u2019uso, smaltire il flacone e il tappo nella raccolta differenziata della plastica. Per ulteriori dettagli sul corretto smaltimento, verificare le disposizioni locali o visitare il sito del produttore.&quot;}\" data-sheets-userformat=\"{&quot;2&quot;:961,&quot;3&quot;:{&quot;1&quot;:0},&quot;9&quot;:1,&quot;10&quot;:1,&quot;11&quot;:4,&quot;12&quot;:0}\">Il prodotto \u00e8 confezionato in un flacone da 150 ml realizzato con materiali riciclabili. Dopo l\u2019uso, smaltire il flacone e il tappo nella raccolta differenziata della plastica. Per ulteriori dettagli sul corretto smaltimento, verificare le disposizioni locali o visitare il sito del produttore.<\/span><\/p>","protected":false},"featured_media":8544,"template":"","meta":{"_acf_changed":false,"inline_featured_image":false},"product_brand":[],"product_cat":[158,29],"product_tag":[219,106,369,151,368,367,363,216,160],"class_list":{"0":"post-8541","1":"product","2":"type-product","3":"status-publish","4":"has-post-thumbnail","6":"product_cat-balsamo","7":"product_cat-cosmesi","8":"product_tag-anti-crespo","9":"product_tag-biologico","10":"product_tag-capelli-ribelli","11":"product_tag-idratazione","12":"product_tag-leave-in","13":"product_tag-lino","14":"product_tag-moringa","15":"product_tag-nutriente","16":"product_tag-senza-siliconi","18":"first","19":"instock","20":"taxable","21":"shipping-taxable","22":"purchasable","23":"product-type-simple"},"acf":[],"yoast_head":"<!-- This site is optimized with the Yoast SEO plugin v27.4 - https:\/\/yoast.com\/product\/yoast-seo-wordpress\/ -->\n<title>Bio Balsamo Leave-In Moringa &amp; Lino - \u00c8tico<\/title>\n<meta name=\"robots\" content=\"index, follow, max-snippet:-1, max-image-preview:large, max-video-preview:-1\" \/>\n<link rel=\"canonical\" href=\"https:\/\/eticoshop.it\/en\/negozio\/cosmesi\/balsamo\/bio-balsamo-leave-in-moringa-lino\/\" \/>\n<meta property=\"og:locale\" content=\"en_GB\" \/>\n<meta property=\"og:type\" content=\"article\" \/>\n<meta property=\"og:title\" content=\"Bio Balsamo Leave-In Moringa &amp; Lino - \u00c8tico\" \/>\n<meta property=\"og:description\" content=\"Il Bio Balsamo Leave-In Moringa &amp; Lino \u00e8 un trattamento ristrutturante senza risciacquo, ideale per proteggere e donare splendore anche alle chiome pi\u00f9 ribelli. Formulato con estratti di Moringa e semi di Lino, questo balsamo nutre in profondit\u00e0, contribuendo a riparare le fibre capillari e a prevenire le doppie punte. Il Burro di Karit\u00e9 e l&#039;Olio di Argan apportano un effetto nutriente e idratante, mentre gli estratti di Camomilla e Lavanda leniscono il cuoio capelluto. Adatto a tutti i tipi di capelli, anche i pi\u00f9 fragili, questo balsamo \u00e8 perfetto per domare il crespo e mantenere i capelli morbidi e lucenti. La sua formulazione naturale e biologica \u00e8 priva di siliconi e sali quaternari, garantendo un trattamento delicato e rispettoso della fibra capillare.  Applicare una piccola quantit\u00e0 di balsamo sui capelli tamponati e distribuire uniformemente su lunghezze e punte, senza risciacquare. Pu\u00f2 essere utilizzato anche sui capelli asciutti per un effetto nutriente e anti-crespo. Utilizzare quotidianamente per capelli morbidi, disciplinati e brillanti.  Il prodotto \u00e8 confezionato in un flacone da 150 ml realizzato con materiali riciclabili. Dopo l\u2019uso, smaltire il flacone e il tappo nella raccolta differenziata della plastica. Per ulteriori dettagli sul corretto smaltimento, verificare le disposizioni locali o visitare il sito del produttore.\" \/>\n<meta property=\"og:url\" content=\"https:\/\/eticoshop.it\/en\/negozio\/cosmesi\/balsamo\/bio-balsamo-leave-in-moringa-lino\/\" \/>\n<meta property=\"og:site_name\" content=\"\u00c8tico\" \/>\n<meta property=\"og:image\" content=\"https:\/\/eticoshop.it\/wp-content\/uploads\/2024\/06\/bio-balsamo-moringa-lino-copia.png\" \/>\n\t<meta property=\"og:image:width\" content=\"1000\" \/>\n\t<meta property=\"og:image:height\" content=\"1000\" \/>\n\t<meta property=\"og:image:type\" content=\"image\/png\" \/>\n<meta name=\"twitter:card\" content=\"summary_large_image\" \/>\n<meta name=\"twitter:label1\" content=\"Estimated reading time\" \/>\n\t<meta name=\"twitter:data1\" content=\"1 minute\" \/>\n<script type=\"application\/ld+json\" class=\"yoast-schema-graph\">{\"@context\":\"https:\\\/\\\/schema.org\",\"@graph\":[{\"@type\":\"WebPage\",\"@id\":\"https:\\\/\\\/eticoshop.it\\\/negozio\\\/cosmesi\\\/balsamo\\\/bio-balsamo-leave-in-moringa-lino\\\/\",\"url\":\"https:\\\/\\\/eticoshop.it\\\/negozio\\\/cosmesi\\\/balsamo\\\/bio-balsamo-leave-in-moringa-lino\\\/\",\"name\":\"Bio Balsamo Leave-In Moringa & Lino - \u00c8tico\",\"isPartOf\":{\"@id\":\"https:\\\/\\\/eticoshop.it\\\/#website\"},\"primaryImageOfPage\":{\"@id\":\"https:\\\/\\\/eticoshop.it\\\/negozio\\\/cosmesi\\\/balsamo\\\/bio-balsamo-leave-in-moringa-lino\\\/#primaryimage\"},\"image\":{\"@id\":\"https:\\\/\\\/eticoshop.it\\\/negozio\\\/cosmesi\\\/balsamo\\\/bio-balsamo-leave-in-moringa-lino\\\/#primaryimage\"},\"thumbnailUrl\":\"https:\\\/\\\/eticoshop.it\\\/wp-content\\\/uploads\\\/2024\\\/06\\\/bio-balsamo-moringa-lino-copia.png\",\"datePublished\":\"2024-06-24T07:21:21+00:00\",\"breadcrumb\":{\"@id\":\"https:\\\/\\\/eticoshop.it\\\/negozio\\\/cosmesi\\\/balsamo\\\/bio-balsamo-leave-in-moringa-lino\\\/#breadcrumb\"},\"inLanguage\":\"en-GB\",\"potentialAction\":[{\"@type\":\"ReadAction\",\"target\":[\"https:\\\/\\\/eticoshop.it\\\/negozio\\\/cosmesi\\\/balsamo\\\/bio-balsamo-leave-in-moringa-lino\\\/\"]}]},{\"@type\":\"ImageObject\",\"inLanguage\":\"en-GB\",\"@id\":\"https:\\\/\\\/eticoshop.it\\\/negozio\\\/cosmesi\\\/balsamo\\\/bio-balsamo-leave-in-moringa-lino\\\/#primaryimage\",\"url\":\"https:\\\/\\\/eticoshop.it\\\/wp-content\\\/uploads\\\/2024\\\/06\\\/bio-balsamo-moringa-lino-copia.png\",\"contentUrl\":\"https:\\\/\\\/eticoshop.it\\\/wp-content\\\/uploads\\\/2024\\\/06\\\/bio-balsamo-moringa-lino-copia.png\",\"width\":1000,\"height\":1000,\"caption\":\"biobalsamo moringa lino\"},{\"@type\":\"BreadcrumbList\",\"@id\":\"https:\\\/\\\/eticoshop.it\\\/negozio\\\/cosmesi\\\/balsamo\\\/bio-balsamo-leave-in-moringa-lino\\\/#breadcrumb\",\"itemListElement\":[{\"@type\":\"ListItem\",\"position\":1,\"name\":\"Home\",\"item\":\"https:\\\/\\\/eticoshop.it\\\/\"},{\"@type\":\"ListItem\",\"position\":2,\"name\":\"Shop\",\"item\":\"https:\\\/\\\/eticoshop.it\\\/negozio\\\/\"},{\"@type\":\"ListItem\",\"position\":3,\"name\":\"Cosmesi\",\"item\":\"https:\\\/\\\/eticoshop.it\\\/categoria-prodotto\\\/cosmesi\\\/\"},{\"@type\":\"ListItem\",\"position\":4,\"name\":\"Bio Balsamo Leave-In Moringa &#038; Lino\"}]},{\"@type\":\"WebSite\",\"@id\":\"https:\\\/\\\/eticoshop.it\\\/#website\",\"url\":\"https:\\\/\\\/eticoshop.it\\\/\",\"name\":\"\u00c8tico\",\"description\":\"\",\"publisher\":{\"@id\":\"https:\\\/\\\/eticoshop.it\\\/#organization\"},\"potentialAction\":[{\"@type\":\"SearchAction\",\"target\":{\"@type\":\"EntryPoint\",\"urlTemplate\":\"https:\\\/\\\/eticoshop.it\\\/?s={search_term_string}\"},\"query-input\":{\"@type\":\"PropertyValueSpecification\",\"valueRequired\":true,\"valueName\":\"search_term_string\"}}],\"inLanguage\":\"en-GB\"},{\"@type\":\"Organization\",\"@id\":\"https:\\\/\\\/eticoshop.it\\\/#organization\",\"name\":\"\u00c8tico\",\"url\":\"https:\\\/\\\/eticoshop.it\\\/\",\"logo\":{\"@type\":\"ImageObject\",\"inLanguage\":\"en-GB\",\"@id\":\"https:\\\/\\\/eticoshop.it\\\/#\\\/schema\\\/logo\\\/image\\\/\",\"url\":\"https:\\\/\\\/eticoshop.it\\\/wp-content\\\/uploads\\\/2023\\\/09\\\/logo-etico.svg\",\"contentUrl\":\"https:\\\/\\\/eticoshop.it\\\/wp-content\\\/uploads\\\/2023\\\/09\\\/logo-etico.svg\",\"width\":973,\"height\":360,\"caption\":\"\u00c8tico\"},\"image\":{\"@id\":\"https:\\\/\\\/eticoshop.it\\\/#\\\/schema\\\/logo\\\/image\\\/\"}}]}<\/script>\n<!-- \/ Yoast SEO plugin. -->","yoast_head_json":{"title":"Bio Balsamo Leave-In Moringa & Lino - \u00c8tico","robots":{"index":"index","follow":"follow","max-snippet":"max-snippet:-1","max-image-preview":"max-image-preview:large","max-video-preview":"max-video-preview:-1"},"canonical":"https:\/\/eticoshop.it\/en\/negozio\/cosmesi\/balsamo\/bio-balsamo-leave-in-moringa-lino\/","og_locale":"en_GB","og_type":"article","og_title":"Bio Balsamo Leave-In Moringa & Lino - \u00c8tico","og_description":"Il Bio Balsamo Leave-In Moringa &amp; Lino \u00e8 un trattamento ristrutturante senza risciacquo, ideale per proteggere e donare splendore anche alle chiome pi\u00f9 ribelli. Formulato con estratti di Moringa e semi di Lino, questo balsamo nutre in profondit\u00e0, contribuendo a riparare le fibre capillari e a prevenire le doppie punte. Il Burro di Karit\u00e9 e l'Olio di Argan apportano un effetto nutriente e idratante, mentre gli estratti di Camomilla e Lavanda leniscono il cuoio capelluto. Adatto a tutti i tipi di capelli, anche i pi\u00f9 fragili, questo balsamo \u00e8 perfetto per domare il crespo e mantenere i capelli morbidi e lucenti. La sua formulazione naturale e biologica \u00e8 priva di siliconi e sali quaternari, garantendo un trattamento delicato e rispettoso della fibra capillare.  Applicare una piccola quantit\u00e0 di balsamo sui capelli tamponati e distribuire uniformemente su lunghezze e punte, senza risciacquare. Pu\u00f2 essere utilizzato anche sui capelli asciutti per un effetto nutriente e anti-crespo. Utilizzare quotidianamente per capelli morbidi, disciplinati e brillanti.  Il prodotto \u00e8 confezionato in un flacone da 150 ml realizzato con materiali riciclabili. Dopo l\u2019uso, smaltire il flacone e il tappo nella raccolta differenziata della plastica. Per ulteriori dettagli sul corretto smaltimento, verificare le disposizioni locali o visitare il sito del produttore.","og_url":"https:\/\/eticoshop.it\/en\/negozio\/cosmesi\/balsamo\/bio-balsamo-leave-in-moringa-lino\/","og_site_name":"\u00c8tico","og_image":[{"width":1000,"height":1000,"url":"https:\/\/eticoshop.it\/wp-content\/uploads\/2024\/06\/bio-balsamo-moringa-lino-copia.png","type":"image\/png"}],"twitter_card":"summary_large_image","twitter_misc":{"Estimated reading time":"1 minute"},"schema":{"@context":"https:\/\/schema.org","@graph":[{"@type":"WebPage","@id":"https:\/\/eticoshop.it\/negozio\/cosmesi\/balsamo\/bio-balsamo-leave-in-moringa-lino\/","url":"https:\/\/eticoshop.it\/negozio\/cosmesi\/balsamo\/bio-balsamo-leave-in-moringa-lino\/","name":"Bio Balsamo Leave-In Moringa & Lino - \u00c8tico","isPartOf":{"@id":"https:\/\/eticoshop.it\/#website"},"primaryImageOfPage":{"@id":"https:\/\/eticoshop.it\/negozio\/cosmesi\/balsamo\/bio-balsamo-leave-in-moringa-lino\/#primaryimage"},"image":{"@id":"https:\/\/eticoshop.it\/negozio\/cosmesi\/balsamo\/bio-balsamo-leave-in-moringa-lino\/#primaryimage"},"thumbnailUrl":"https:\/\/eticoshop.it\/wp-content\/uploads\/2024\/06\/bio-balsamo-moringa-lino-copia.png","datePublished":"2024-06-24T07:21:21+00:00","breadcrumb":{"@id":"https:\/\/eticoshop.it\/negozio\/cosmesi\/balsamo\/bio-balsamo-leave-in-moringa-lino\/#breadcrumb"},"inLanguage":"en-GB","potentialAction":[{"@type":"ReadAction","target":["https:\/\/eticoshop.it\/negozio\/cosmesi\/balsamo\/bio-balsamo-leave-in-moringa-lino\/"]}]},{"@type":"ImageObject","inLanguage":"en-GB","@id":"https:\/\/eticoshop.it\/negozio\/cosmesi\/balsamo\/bio-balsamo-leave-in-moringa-lino\/#primaryimage","url":"https:\/\/eticoshop.it\/wp-content\/uploads\/2024\/06\/bio-balsamo-moringa-lino-copia.png","contentUrl":"https:\/\/eticoshop.it\/wp-content\/uploads\/2024\/06\/bio-balsamo-moringa-lino-copia.png","width":1000,"height":1000,"caption":"biobalsamo moringa lino"},{"@type":"BreadcrumbList","@id":"https:\/\/eticoshop.it\/negozio\/cosmesi\/balsamo\/bio-balsamo-leave-in-moringa-lino\/#breadcrumb","itemListElement":[{"@type":"ListItem","position":1,"name":"Home","item":"https:\/\/eticoshop.it\/"},{"@type":"ListItem","position":2,"name":"Shop","item":"https:\/\/eticoshop.it\/negozio\/"},{"@type":"ListItem","position":3,"name":"Cosmesi","item":"https:\/\/eticoshop.it\/categoria-prodotto\/cosmesi\/"},{"@type":"ListItem","position":4,"name":"Bio Balsamo Leave-In Moringa &#038; Lino"}]},{"@type":"WebSite","@id":"https:\/\/eticoshop.it\/#website","url":"https:\/\/eticoshop.it\/","name":"\u00c8tico","description":"","publisher":{"@id":"https:\/\/eticoshop.it\/#organization"},"potentialAction":[{"@type":"SearchAction","target":{"@type":"EntryPoint","urlTemplate":"https:\/\/eticoshop.it\/?s={search_term_string}"},"query-input":{"@type":"PropertyValueSpecification","valueRequired":true,"valueName":"search_term_string"}}],"inLanguage":"en-GB"},{"@type":"Organization","@id":"https:\/\/eticoshop.it\/#organization","name":"\u00c8tico","url":"https:\/\/eticoshop.it\/","logo":{"@type":"ImageObject","inLanguage":"en-GB","@id":"https:\/\/eticoshop.it\/#\/schema\/logo\/image\/","url":"https:\/\/eticoshop.it\/wp-content\/uploads\/2023\/09\/logo-etico.svg","contentUrl":"https:\/\/eticoshop.it\/wp-content\/uploads\/2023\/09\/logo-etico.svg","width":973,"height":360,"caption":"\u00c8tico"},"image":{"@id":"https:\/\/eticoshop.it\/#\/schema\/logo\/image\/"}}]}},"_links":{"self":[{"href":"https:\/\/eticoshop.it\/en\/wp-json\/wp\/v2\/product\/8541","targetHints":{"allow":["GET"]}}],"collection":[{"href":"https:\/\/eticoshop.it\/en\/wp-json\/wp\/v2\/product"}],"about":[{"href":"https:\/\/eticoshop.it\/en\/wp-json\/wp\/v2\/types\/product"}],"wp:featuredmedia":[{"embeddable":true,"href":"https:\/\/eticoshop.it\/en\/wp-json\/wp\/v2\/media\/8544"}],"wp:attachment":[{"href":"https:\/\/eticoshop.it\/en\/wp-json\/wp\/v2\/media?parent=8541"}],"wp:term":[{"taxonomy":"product_brand","embeddable":true,"href":"https:\/\/eticoshop.it\/en\/wp-json\/wp\/v2\/product_brand?post=8541"},{"taxonomy":"product_cat","embeddable":true,"href":"https:\/\/eticoshop.it\/en\/wp-json\/wp\/v2\/product_cat?post=8541"},{"taxonomy":"product_tag","embeddable":true,"href":"https:\/\/eticoshop.it\/en\/wp-json\/wp\/v2\/product_tag?post=8541"}],"curies":[{"name":"wp","href":"https:\/\/api.w.org\/{rel}","templated":true}]}}