





















{"id":8553,"date":"2024-06-24T09:22:12","date_gmt":"2024-06-24T07:22:12","guid":{"rendered":"https:\/\/eticoshop.it\/?post_type=product&#038;p=8553"},"modified":"2024-06-24T09:22:12","modified_gmt":"2024-06-24T07:22:12","slug":"birra-al-farro-doppio-malto","status":"publish","type":"product","link":"https:\/\/eticoshop.it\/en\/negozio\/dispensa\/birra\/birra-al-farro-doppio-malto\/","title":{"rendered":"Birra al Farro Doppio Malto"},"content":{"rendered":"<p><span data-sheets-root=\"1\" data-sheets-value=\"{&quot;1&quot;:2,&quot;2&quot;:&quot;La Birra al Farro Doppio Malto \u00e8 una birra artigianale biologica, caratterizzata da un gusto intenso e corposo, perfetta per chi ama sapori autentici.&quot;}\" data-sheets-userformat=\"{&quot;2&quot;:961,&quot;3&quot;:{&quot;1&quot;:0},&quot;9&quot;:1,&quot;10&quot;:1,&quot;11&quot;:4,&quot;12&quot;:0}\">La Birra al Farro Doppio Malto \u00e8 una birra artigianale biologica, caratterizzata da un gusto intenso e corposo, perfetta per chi ama sapori autentici.<\/span><\/p>","protected":false},"excerpt":{"rendered":"<p><span data-sheets-root=\"1\" data-sheets-value=\"{&quot;1&quot;:2,&quot;2&quot;:&quot;La Birra al Farro Doppio Malto \u00e8 prodotta con farro coltivato biologicamente, conferendo un sapore unico e ricco. Questa birra artigianale si distingue per il suo gusto intenso e la sua complessit\u00e0 aromatica, risultando in una bevanda corposa e ben equilibrata. Il farro, un antico cereale, aggiunge note di nocciola e un leggero sentore di caramello, rendendo ogni sorso un'esperienza gustativa memorabile. La fermentazione naturale e l'utilizzo di ingredienti selezionati garantiscono la qualit\u00e0 e la genuinit\u00e0 del prodotto. Questa birra \u00e8 ideale da abbinare a piatti saporiti come carni rosse, formaggi stagionati e piatti tipici della tradizione italiana.&quot;}\" data-sheets-userformat=\"{&quot;2&quot;:961,&quot;3&quot;:{&quot;1&quot;:0},&quot;9&quot;:1,&quot;10&quot;:1,&quot;11&quot;:4,&quot;12&quot;:0}\">La Birra al Farro Doppio Malto \u00e8 prodotta con farro coltivato biologicamente, conferendo un sapore unico e ricco. Questa birra artigianale si distingue per il suo gusto intenso e la sua complessit\u00e0 aromatica, risultando in una bevanda corposa e ben equilibrata. Il farro, un antico cereale, aggiunge note di nocciola e un leggero sentore di caramello, rendendo ogni sorso un&#8217;esperienza gustativa memorabile. La fermentazione naturale e l&#8217;utilizzo di ingredienti selezionati garantiscono la qualit\u00e0 e la genuinit\u00e0 del prodotto. Questa birra \u00e8 ideale da abbinare a piatti saporiti come carni rosse, formaggi stagionati e piatti tipici della tradizione italiana.<\/span><\/p>\n<p><span data-sheets-root=\"1\" data-sheets-value=\"{&quot;1&quot;:2,&quot;2&quot;:&quot;Servire la Birra al Farro Doppio Malto a una temperatura di 8-10\u00b0C per esaltarne al meglio gli aromi e il gusto. Versare lentamente in un bicchiere, preferibilmente di tipo tulipano, per apprezzare al meglio la schiuma densa e persistente. Ideale per accompagnare pasti o per essere gustata da sola in momenti di relax.&quot;}\" data-sheets-userformat=\"{&quot;2&quot;:961,&quot;3&quot;:{&quot;1&quot;:0},&quot;9&quot;:1,&quot;10&quot;:1,&quot;11&quot;:4,&quot;12&quot;:0}\">Servire la Birra al Farro Doppio Malto a una temperatura di 8-10\u00b0C per esaltarne al meglio gli aromi e il gusto. Versare lentamente in un bicchiere, preferibilmente di tipo tulipano, per apprezzare al meglio la schiuma densa e persistente. Ideale per accompagnare pasti o per essere gustata da sola in momenti di relax.<\/span><\/p>\n<p><span data-sheets-root=\"1\" data-sheets-value=\"{&quot;1&quot;:2,&quot;2&quot;:&quot;La birra \u00e8 confezionata in una bottiglia di vetro da 0,75 L. Dopo l\u2019uso, smaltire la bottiglia nella raccolta differenziata del vetro. Per ulteriori dettagli sul corretto smaltimento, verificare le disposizioni locali o visitare il sito del produttore.&quot;}\" data-sheets-userformat=\"{&quot;2&quot;:961,&quot;3&quot;:{&quot;1&quot;:0},&quot;9&quot;:1,&quot;10&quot;:1,&quot;11&quot;:4,&quot;12&quot;:0}\">La birra \u00e8 confezionata in una bottiglia di vetro da 0,75 L. Dopo l\u2019uso, smaltire la bottiglia nella raccolta differenziata del vetro. Per ulteriori dettagli sul corretto smaltimento, verificare le disposizioni locali o visitare il sito del produttore.<\/span><\/p>","protected":false},"featured_media":8555,"template":"","meta":{"_acf_changed":false,"inline_featured_image":false},"product_brand":[],"product_cat":[376,28],"product_tag":[349,106,377,380,378,353,379],"class_list":{"0":"post-8553","1":"product","2":"type-product","3":"status-publish","4":"has-post-thumbnail","6":"product_cat-birra","7":"product_cat-dispensa","8":"product_tag-artigianale","9":"product_tag-biologico","10":"product_tag-birra-al-farro","11":"product_tag-corposa","12":"product_tag-doppio-malto","13":"product_tag-gusto-autentico","14":"product_tag-intensa","16":"first","17":"instock","18":"taxable","19":"shipping-taxable","20":"purchasable","21":"product-type-simple"},"acf":[],"yoast_head":"<!-- This site is optimized with the Yoast SEO plugin v27.4 - https:\/\/yoast.com\/product\/yoast-seo-wordpress\/ -->\n<title>Birra al Farro Doppio Malto - \u00c8tico<\/title>\n<meta name=\"robots\" content=\"index, follow, max-snippet:-1, max-image-preview:large, max-video-preview:-1\" \/>\n<link rel=\"canonical\" href=\"https:\/\/eticoshop.it\/en\/negozio\/dispensa\/birra\/birra-al-farro-doppio-malto\/\" \/>\n<meta property=\"og:locale\" content=\"en_GB\" \/>\n<meta property=\"og:type\" content=\"article\" \/>\n<meta property=\"og:title\" content=\"Birra al Farro Doppio Malto - \u00c8tico\" \/>\n<meta property=\"og:description\" content=\"La Birra al Farro Doppio Malto \u00e8 prodotta con farro coltivato biologicamente, conferendo un sapore unico e ricco. Questa birra artigianale si distingue per il suo gusto intenso e la sua complessit\u00e0 aromatica, risultando in una bevanda corposa e ben equilibrata. Il farro, un antico cereale, aggiunge note di nocciola e un leggero sentore di caramello, rendendo ogni sorso un&#039;esperienza gustativa memorabile. La fermentazione naturale e l&#039;utilizzo di ingredienti selezionati garantiscono la qualit\u00e0 e la genuinit\u00e0 del prodotto. Questa birra \u00e8 ideale da abbinare a piatti saporiti come carni rosse, formaggi stagionati e piatti tipici della tradizione italiana.  Servire la Birra al Farro Doppio Malto a una temperatura di 8-10\u00b0C per esaltarne al meglio gli aromi e il gusto. Versare lentamente in un bicchiere, preferibilmente di tipo tulipano, per apprezzare al meglio la schiuma densa e persistente. Ideale per accompagnare pasti o per essere gustata da sola in momenti di relax.  La birra \u00e8 confezionata in una bottiglia di vetro da 0,75 L. Dopo l\u2019uso, smaltire la bottiglia nella raccolta differenziata del vetro. Per ulteriori dettagli sul corretto smaltimento, verificare le disposizioni locali o visitare il sito del produttore.\" \/>\n<meta property=\"og:url\" content=\"https:\/\/eticoshop.it\/en\/negozio\/dispensa\/birra\/birra-al-farro-doppio-malto\/\" \/>\n<meta property=\"og:site_name\" content=\"\u00c8tico\" \/>\n<meta property=\"og:image\" content=\"https:\/\/eticoshop.it\/wp-content\/uploads\/2024\/06\/birra-al-farro-copia-2.png\" \/>\n\t<meta property=\"og:image:width\" content=\"1000\" \/>\n\t<meta property=\"og:image:height\" content=\"1000\" \/>\n\t<meta property=\"og:image:type\" content=\"image\/png\" \/>\n<meta name=\"twitter:card\" content=\"summary_large_image\" \/>\n<meta name=\"twitter:label1\" content=\"Estimated reading time\" \/>\n\t<meta name=\"twitter:data1\" content=\"1 minute\" \/>\n<script type=\"application\/ld+json\" class=\"yoast-schema-graph\">{\"@context\":\"https:\\\/\\\/schema.org\",\"@graph\":[{\"@type\":\"WebPage\",\"@id\":\"https:\\\/\\\/eticoshop.it\\\/negozio\\\/dispensa\\\/birra\\\/birra-al-farro-doppio-malto\\\/\",\"url\":\"https:\\\/\\\/eticoshop.it\\\/negozio\\\/dispensa\\\/birra\\\/birra-al-farro-doppio-malto\\\/\",\"name\":\"Birra al Farro Doppio Malto - \u00c8tico\",\"isPartOf\":{\"@id\":\"https:\\\/\\\/eticoshop.it\\\/#website\"},\"primaryImageOfPage\":{\"@id\":\"https:\\\/\\\/eticoshop.it\\\/negozio\\\/dispensa\\\/birra\\\/birra-al-farro-doppio-malto\\\/#primaryimage\"},\"image\":{\"@id\":\"https:\\\/\\\/eticoshop.it\\\/negozio\\\/dispensa\\\/birra\\\/birra-al-farro-doppio-malto\\\/#primaryimage\"},\"thumbnailUrl\":\"https:\\\/\\\/eticoshop.it\\\/wp-content\\\/uploads\\\/2024\\\/06\\\/birra-al-farro-copia-2.png\",\"datePublished\":\"2024-06-24T07:22:12+00:00\",\"breadcrumb\":{\"@id\":\"https:\\\/\\\/eticoshop.it\\\/negozio\\\/dispensa\\\/birra\\\/birra-al-farro-doppio-malto\\\/#breadcrumb\"},\"inLanguage\":\"en-GB\",\"potentialAction\":[{\"@type\":\"ReadAction\",\"target\":[\"https:\\\/\\\/eticoshop.it\\\/negozio\\\/dispensa\\\/birra\\\/birra-al-farro-doppio-malto\\\/\"]}]},{\"@type\":\"ImageObject\",\"inLanguage\":\"en-GB\",\"@id\":\"https:\\\/\\\/eticoshop.it\\\/negozio\\\/dispensa\\\/birra\\\/birra-al-farro-doppio-malto\\\/#primaryimage\",\"url\":\"https:\\\/\\\/eticoshop.it\\\/wp-content\\\/uploads\\\/2024\\\/06\\\/birra-al-farro-copia-2.png\",\"contentUrl\":\"https:\\\/\\\/eticoshop.it\\\/wp-content\\\/uploads\\\/2024\\\/06\\\/birra-al-farro-copia-2.png\",\"width\":1000,\"height\":1000,\"caption\":\"birra al farro\"},{\"@type\":\"BreadcrumbList\",\"@id\":\"https:\\\/\\\/eticoshop.it\\\/negozio\\\/dispensa\\\/birra\\\/birra-al-farro-doppio-malto\\\/#breadcrumb\",\"itemListElement\":[{\"@type\":\"ListItem\",\"position\":1,\"name\":\"Home\",\"item\":\"https:\\\/\\\/eticoshop.it\\\/\"},{\"@type\":\"ListItem\",\"position\":2,\"name\":\"Shop\",\"item\":\"https:\\\/\\\/eticoshop.it\\\/negozio\\\/\"},{\"@type\":\"ListItem\",\"position\":3,\"name\":\"Dispensa\",\"item\":\"https:\\\/\\\/eticoshop.it\\\/categoria-prodotto\\\/dispensa\\\/\"},{\"@type\":\"ListItem\",\"position\":4,\"name\":\"Birra al Farro Doppio Malto\"}]},{\"@type\":\"WebSite\",\"@id\":\"https:\\\/\\\/eticoshop.it\\\/#website\",\"url\":\"https:\\\/\\\/eticoshop.it\\\/\",\"name\":\"\u00c8tico\",\"description\":\"\",\"publisher\":{\"@id\":\"https:\\\/\\\/eticoshop.it\\\/#organization\"},\"potentialAction\":[{\"@type\":\"SearchAction\",\"target\":{\"@type\":\"EntryPoint\",\"urlTemplate\":\"https:\\\/\\\/eticoshop.it\\\/?s={search_term_string}\"},\"query-input\":{\"@type\":\"PropertyValueSpecification\",\"valueRequired\":true,\"valueName\":\"search_term_string\"}}],\"inLanguage\":\"en-GB\"},{\"@type\":\"Organization\",\"@id\":\"https:\\\/\\\/eticoshop.it\\\/#organization\",\"name\":\"\u00c8tico\",\"url\":\"https:\\\/\\\/eticoshop.it\\\/\",\"logo\":{\"@type\":\"ImageObject\",\"inLanguage\":\"en-GB\",\"@id\":\"https:\\\/\\\/eticoshop.it\\\/#\\\/schema\\\/logo\\\/image\\\/\",\"url\":\"https:\\\/\\\/eticoshop.it\\\/wp-content\\\/uploads\\\/2023\\\/09\\\/logo-etico.svg\",\"contentUrl\":\"https:\\\/\\\/eticoshop.it\\\/wp-content\\\/uploads\\\/2023\\\/09\\\/logo-etico.svg\",\"width\":973,\"height\":360,\"caption\":\"\u00c8tico\"},\"image\":{\"@id\":\"https:\\\/\\\/eticoshop.it\\\/#\\\/schema\\\/logo\\\/image\\\/\"}}]}<\/script>\n<!-- \/ Yoast SEO plugin. -->","yoast_head_json":{"title":"Birra al Farro Doppio Malto - \u00c8tico","robots":{"index":"index","follow":"follow","max-snippet":"max-snippet:-1","max-image-preview":"max-image-preview:large","max-video-preview":"max-video-preview:-1"},"canonical":"https:\/\/eticoshop.it\/en\/negozio\/dispensa\/birra\/birra-al-farro-doppio-malto\/","og_locale":"en_GB","og_type":"article","og_title":"Birra al Farro Doppio Malto - \u00c8tico","og_description":"La Birra al Farro Doppio Malto \u00e8 prodotta con farro coltivato biologicamente, conferendo un sapore unico e ricco. Questa birra artigianale si distingue per il suo gusto intenso e la sua complessit\u00e0 aromatica, risultando in una bevanda corposa e ben equilibrata. Il farro, un antico cereale, aggiunge note di nocciola e un leggero sentore di caramello, rendendo ogni sorso un'esperienza gustativa memorabile. La fermentazione naturale e l'utilizzo di ingredienti selezionati garantiscono la qualit\u00e0 e la genuinit\u00e0 del prodotto. Questa birra \u00e8 ideale da abbinare a piatti saporiti come carni rosse, formaggi stagionati e piatti tipici della tradizione italiana.  Servire la Birra al Farro Doppio Malto a una temperatura di 8-10\u00b0C per esaltarne al meglio gli aromi e il gusto. Versare lentamente in un bicchiere, preferibilmente di tipo tulipano, per apprezzare al meglio la schiuma densa e persistente. Ideale per accompagnare pasti o per essere gustata da sola in momenti di relax.  La birra \u00e8 confezionata in una bottiglia di vetro da 0,75 L. Dopo l\u2019uso, smaltire la bottiglia nella raccolta differenziata del vetro. Per ulteriori dettagli sul corretto smaltimento, verificare le disposizioni locali o visitare il sito del produttore.","og_url":"https:\/\/eticoshop.it\/en\/negozio\/dispensa\/birra\/birra-al-farro-doppio-malto\/","og_site_name":"\u00c8tico","og_image":[{"width":1000,"height":1000,"url":"https:\/\/eticoshop.it\/wp-content\/uploads\/2024\/06\/birra-al-farro-copia-2.png","type":"image\/png"}],"twitter_card":"summary_large_image","twitter_misc":{"Estimated reading time":"1 minute"},"schema":{"@context":"https:\/\/schema.org","@graph":[{"@type":"WebPage","@id":"https:\/\/eticoshop.it\/negozio\/dispensa\/birra\/birra-al-farro-doppio-malto\/","url":"https:\/\/eticoshop.it\/negozio\/dispensa\/birra\/birra-al-farro-doppio-malto\/","name":"Birra al Farro Doppio Malto - \u00c8tico","isPartOf":{"@id":"https:\/\/eticoshop.it\/#website"},"primaryImageOfPage":{"@id":"https:\/\/eticoshop.it\/negozio\/dispensa\/birra\/birra-al-farro-doppio-malto\/#primaryimage"},"image":{"@id":"https:\/\/eticoshop.it\/negozio\/dispensa\/birra\/birra-al-farro-doppio-malto\/#primaryimage"},"thumbnailUrl":"https:\/\/eticoshop.it\/wp-content\/uploads\/2024\/06\/birra-al-farro-copia-2.png","datePublished":"2024-06-24T07:22:12+00:00","breadcrumb":{"@id":"https:\/\/eticoshop.it\/negozio\/dispensa\/birra\/birra-al-farro-doppio-malto\/#breadcrumb"},"inLanguage":"en-GB","potentialAction":[{"@type":"ReadAction","target":["https:\/\/eticoshop.it\/negozio\/dispensa\/birra\/birra-al-farro-doppio-malto\/"]}]},{"@type":"ImageObject","inLanguage":"en-GB","@id":"https:\/\/eticoshop.it\/negozio\/dispensa\/birra\/birra-al-farro-doppio-malto\/#primaryimage","url":"https:\/\/eticoshop.it\/wp-content\/uploads\/2024\/06\/birra-al-farro-copia-2.png","contentUrl":"https:\/\/eticoshop.it\/wp-content\/uploads\/2024\/06\/birra-al-farro-copia-2.png","width":1000,"height":1000,"caption":"birra al farro"},{"@type":"BreadcrumbList","@id":"https:\/\/eticoshop.it\/negozio\/dispensa\/birra\/birra-al-farro-doppio-malto\/#breadcrumb","itemListElement":[{"@type":"ListItem","position":1,"name":"Home","item":"https:\/\/eticoshop.it\/"},{"@type":"ListItem","position":2,"name":"Shop","item":"https:\/\/eticoshop.it\/negozio\/"},{"@type":"ListItem","position":3,"name":"Dispensa","item":"https:\/\/eticoshop.it\/categoria-prodotto\/dispensa\/"},{"@type":"ListItem","position":4,"name":"Birra al Farro Doppio Malto"}]},{"@type":"WebSite","@id":"https:\/\/eticoshop.it\/#website","url":"https:\/\/eticoshop.it\/","name":"\u00c8tico","description":"","publisher":{"@id":"https:\/\/eticoshop.it\/#organization"},"potentialAction":[{"@type":"SearchAction","target":{"@type":"EntryPoint","urlTemplate":"https:\/\/eticoshop.it\/?s={search_term_string}"},"query-input":{"@type":"PropertyValueSpecification","valueRequired":true,"valueName":"search_term_string"}}],"inLanguage":"en-GB"},{"@type":"Organization","@id":"https:\/\/eticoshop.it\/#organization","name":"\u00c8tico","url":"https:\/\/eticoshop.it\/","logo":{"@type":"ImageObject","inLanguage":"en-GB","@id":"https:\/\/eticoshop.it\/#\/schema\/logo\/image\/","url":"https:\/\/eticoshop.it\/wp-content\/uploads\/2023\/09\/logo-etico.svg","contentUrl":"https:\/\/eticoshop.it\/wp-content\/uploads\/2023\/09\/logo-etico.svg","width":973,"height":360,"caption":"\u00c8tico"},"image":{"@id":"https:\/\/eticoshop.it\/#\/schema\/logo\/image\/"}}]}},"_links":{"self":[{"href":"https:\/\/eticoshop.it\/en\/wp-json\/wp\/v2\/product\/8553","targetHints":{"allow":["GET"]}}],"collection":[{"href":"https:\/\/eticoshop.it\/en\/wp-json\/wp\/v2\/product"}],"about":[{"href":"https:\/\/eticoshop.it\/en\/wp-json\/wp\/v2\/types\/product"}],"wp:featuredmedia":[{"embeddable":true,"href":"https:\/\/eticoshop.it\/en\/wp-json\/wp\/v2\/media\/8555"}],"wp:attachment":[{"href":"https:\/\/eticoshop.it\/en\/wp-json\/wp\/v2\/media?parent=8553"}],"wp:term":[{"taxonomy":"product_brand","embeddable":true,"href":"https:\/\/eticoshop.it\/en\/wp-json\/wp\/v2\/product_brand?post=8553"},{"taxonomy":"product_cat","embeddable":true,"href":"https:\/\/eticoshop.it\/en\/wp-json\/wp\/v2\/product_cat?post=8553"},{"taxonomy":"product_tag","embeddable":true,"href":"https:\/\/eticoshop.it\/en\/wp-json\/wp\/v2\/product_tag?post=8553"}],"curies":[{"name":"wp","href":"https:\/\/api.w.org\/{rel}","templated":true}]}}