





















{"id":8556,"date":"2024-06-24T09:31:01","date_gmt":"2024-06-24T07:31:01","guid":{"rendered":"https:\/\/eticoshop.it\/?post_type=product&#038;p=8556"},"modified":"2024-06-24T09:31:01","modified_gmt":"2024-06-24T07:31:01","slug":"carciofi-sottolio","status":"publish","type":"product","link":"https:\/\/eticoshop.it\/en\/negozio\/dispensa\/sottoli\/carciofi-sottolio\/","title":{"rendered":"Carciofi Sott&#8217;Olio"},"content":{"rendered":"<p><span data-sheets-root=\"1\" data-sheets-value=\"{&quot;1&quot;:2,&quot;2&quot;:&quot;I Carciofi Sott'Olio LaSelva sono carciofi biologici in spicchi, conservati in olio di girasole e olio extravergine di oliva.&quot;}\" data-sheets-userformat=\"{&quot;2&quot;:961,&quot;3&quot;:{&quot;1&quot;:0},&quot;9&quot;:1,&quot;10&quot;:1,&quot;11&quot;:4,&quot;12&quot;:0}\">I Carciofi Sott&#8217;Olio LaSelva sono carciofi biologici in spicchi, conservati in olio di girasole e olio extravergine di oliva.<\/span><\/p>","protected":false},"excerpt":{"rendered":"<p><span data-sheets-root=\"1\" data-sheets-value=\"{&quot;1&quot;:2,&quot;2&quot;:&quot;I Carciofi Sott'Olio LaSelva sono preparati con carciofi biologici di alta qualit\u00e0, tagliati in spicchi e conservati in una miscela di olio di girasole e olio extravergine di oliva. Questo prodotto \u00e8 perfetto per arricchire antipasti, insalate o come contorno per piatti principali. I carciofi vengono raccolti e lavorati con cura per mantenere intatto il loro sapore delicato e le propriet\u00e0 nutrizionali. L'aceto di vino e il sale marino utilizzati nella preparazione contribuiscono a preservare la freschezza e la bont\u00e0 del prodotto. Una volta aperto, conservare il barattolo in frigorifero e consumare entro pochi giorni.&quot;}\" data-sheets-userformat=\"{&quot;2&quot;:961,&quot;3&quot;:{&quot;1&quot;:0},&quot;9&quot;:1,&quot;10&quot;:1,&quot;11&quot;:4,&quot;12&quot;:0}\">I Carciofi Sott&#8217;Olio LaSelva sono preparati con carciofi biologici di alta qualit\u00e0, tagliati in spicchi e conservati in una miscela di olio di girasole e olio extravergine di oliva. Questo prodotto \u00e8 perfetto per arricchire antipasti, insalate o come contorno per piatti principali. I carciofi vengono raccolti e lavorati con cura per mantenere intatto il loro sapore delicato e le propriet\u00e0 nutrizionali. L&#8217;aceto di vino e il sale marino utilizzati nella preparazione contribuiscono a preservare la freschezza e la bont\u00e0 del prodotto. Una volta aperto, conservare il barattolo in frigorifero e consumare entro pochi giorni.<\/span><\/p>\n<p><span data-sheets-root=\"1\" data-sheets-value=\"{&quot;1&quot;:2,&quot;2&quot;:&quot;I Carciofi Sott'Olio possono essere utilizzati direttamente dal barattolo per arricchire insalate, antipasti o come contorno. Possono anche essere aggiunti a piatti di pasta o risotti per un tocco di sapore in pi\u00f9. Dopo l'apertura, conservare in frigorifero e consumare entro pochi giorni per garantire la massima freschezza.&quot;}\" data-sheets-userformat=\"{&quot;2&quot;:961,&quot;3&quot;:{&quot;1&quot;:0},&quot;9&quot;:1,&quot;10&quot;:1,&quot;11&quot;:4,&quot;12&quot;:0}\">I Carciofi Sott&#8217;Olio possono essere utilizzati direttamente dal barattolo per arricchire insalate, antipasti o come contorno. Possono anche essere aggiunti a piatti di pasta o risotti per un tocco di sapore in pi\u00f9. Dopo l&#8217;apertura, conservare in frigorifero e consumare entro pochi giorni per garantire la massima freschezza.<\/span><\/p>\n<p><span data-sheets-root=\"1\" data-sheets-value=\"{&quot;1&quot;:2,&quot;2&quot;:&quot;Il prodotto \u00e8 confezionato in un barattolo di vetro da 180 g. Dopo l'uso, smaltire il barattolo nella raccolta differenziata del vetro e il tappo nella raccolta della plastica. Per ulteriori dettagli sul corretto smaltimento, verificare le disposizioni locali o visitare il sito del produttore.&quot;}\" data-sheets-userformat=\"{&quot;2&quot;:961,&quot;3&quot;:{&quot;1&quot;:0},&quot;9&quot;:1,&quot;10&quot;:1,&quot;11&quot;:4,&quot;12&quot;:0}\">Il prodotto \u00e8 confezionato in un barattolo di vetro da 180 g. Dopo l&#8217;uso, smaltire il barattolo nella raccolta differenziata del vetro e il tappo nella raccolta della plastica. Per ulteriori dettagli sul corretto smaltimento, verificare le disposizioni locali o visitare il sito del produttore.<\/span><\/p>","protected":false},"featured_media":8646,"template":"","meta":{"_acf_changed":false,"inline_featured_image":false},"product_brand":[],"product_cat":[28,381],"product_tag":[386,106,382,387,384,385,243,383],"class_list":{"0":"post-8556","1":"product","2":"type-product","3":"status-publish","4":"has-post-thumbnail","6":"product_cat-dispensa","7":"product_cat-sottoli","8":"product_tag-antipasti","9":"product_tag-biologico","10":"product_tag-carciofi","11":"product_tag-contorni","12":"product_tag-olio-di-girasole","13":"product_tag-olio-extravergine-di-oliva","14":"product_tag-senza-conservanti","15":"product_tag-sottolio","17":"first","18":"instock","19":"taxable","20":"shipping-taxable","21":"purchasable","22":"product-type-simple"},"acf":[],"yoast_head":"<!-- This site is optimized with the Yoast SEO plugin v27.4 - https:\/\/yoast.com\/product\/yoast-seo-wordpress\/ -->\n<title>Carciofi Sott&#039;Olio - \u00c8tico<\/title>\n<meta name=\"robots\" content=\"index, follow, max-snippet:-1, max-image-preview:large, max-video-preview:-1\" \/>\n<link rel=\"canonical\" href=\"https:\/\/eticoshop.it\/en\/negozio\/dispensa\/sottoli\/carciofi-sottolio\/\" \/>\n<meta property=\"og:locale\" content=\"en_GB\" \/>\n<meta property=\"og:type\" content=\"article\" \/>\n<meta property=\"og:title\" content=\"Carciofi Sott&#039;Olio - \u00c8tico\" \/>\n<meta property=\"og:description\" content=\"I Carciofi Sott&#039;Olio LaSelva sono preparati con carciofi biologici di alta qualit\u00e0, tagliati in spicchi e conservati in una miscela di olio di girasole e olio extravergine di oliva. Questo prodotto \u00e8 perfetto per arricchire antipasti, insalate o come contorno per piatti principali. I carciofi vengono raccolti e lavorati con cura per mantenere intatto il loro sapore delicato e le propriet\u00e0 nutrizionali. L&#039;aceto di vino e il sale marino utilizzati nella preparazione contribuiscono a preservare la freschezza e la bont\u00e0 del prodotto. Una volta aperto, conservare il barattolo in frigorifero e consumare entro pochi giorni.  I Carciofi Sott&#039;Olio possono essere utilizzati direttamente dal barattolo per arricchire insalate, antipasti o come contorno. Possono anche essere aggiunti a piatti di pasta o risotti per un tocco di sapore in pi\u00f9. Dopo l&#039;apertura, conservare in frigorifero e consumare entro pochi giorni per garantire la massima freschezza.  Il prodotto \u00e8 confezionato in un barattolo di vetro da 180 g. Dopo l&#039;uso, smaltire il barattolo nella raccolta differenziata del vetro e il tappo nella raccolta della plastica. Per ulteriori dettagli sul corretto smaltimento, verificare le disposizioni locali o visitare il sito del produttore.\" \/>\n<meta property=\"og:url\" content=\"https:\/\/eticoshop.it\/en\/negozio\/dispensa\/sottoli\/carciofi-sottolio\/\" \/>\n<meta property=\"og:site_name\" content=\"\u00c8tico\" \/>\n<meta property=\"og:image\" content=\"https:\/\/eticoshop.it\/wp-content\/uploads\/2024\/06\/carciofi_sott_olio_2_reduced-1.webp\" \/>\n\t<meta property=\"og:image:width\" content=\"800\" \/>\n\t<meta property=\"og:image:height\" content=\"800\" \/>\n\t<meta property=\"og:image:type\" content=\"image\/webp\" \/>\n<meta name=\"twitter:card\" content=\"summary_large_image\" \/>\n<meta name=\"twitter:label1\" content=\"Estimated reading time\" \/>\n\t<meta name=\"twitter:data1\" content=\"1 minute\" \/>\n<script type=\"application\/ld+json\" class=\"yoast-schema-graph\">{\"@context\":\"https:\\\/\\\/schema.org\",\"@graph\":[{\"@type\":\"WebPage\",\"@id\":\"https:\\\/\\\/eticoshop.it\\\/negozio\\\/dispensa\\\/sottoli\\\/carciofi-sottolio\\\/\",\"url\":\"https:\\\/\\\/eticoshop.it\\\/negozio\\\/dispensa\\\/sottoli\\\/carciofi-sottolio\\\/\",\"name\":\"Carciofi Sott'Olio - \u00c8tico\",\"isPartOf\":{\"@id\":\"https:\\\/\\\/eticoshop.it\\\/#website\"},\"primaryImageOfPage\":{\"@id\":\"https:\\\/\\\/eticoshop.it\\\/negozio\\\/dispensa\\\/sottoli\\\/carciofi-sottolio\\\/#primaryimage\"},\"image\":{\"@id\":\"https:\\\/\\\/eticoshop.it\\\/negozio\\\/dispensa\\\/sottoli\\\/carciofi-sottolio\\\/#primaryimage\"},\"thumbnailUrl\":\"https:\\\/\\\/eticoshop.it\\\/wp-content\\\/uploads\\\/2024\\\/06\\\/carciofi_sott_olio_2_reduced-1.webp\",\"datePublished\":\"2024-06-24T07:31:01+00:00\",\"breadcrumb\":{\"@id\":\"https:\\\/\\\/eticoshop.it\\\/negozio\\\/dispensa\\\/sottoli\\\/carciofi-sottolio\\\/#breadcrumb\"},\"inLanguage\":\"en-GB\",\"potentialAction\":[{\"@type\":\"ReadAction\",\"target\":[\"https:\\\/\\\/eticoshop.it\\\/negozio\\\/dispensa\\\/sottoli\\\/carciofi-sottolio\\\/\"]}]},{\"@type\":\"ImageObject\",\"inLanguage\":\"en-GB\",\"@id\":\"https:\\\/\\\/eticoshop.it\\\/negozio\\\/dispensa\\\/sottoli\\\/carciofi-sottolio\\\/#primaryimage\",\"url\":\"https:\\\/\\\/eticoshop.it\\\/wp-content\\\/uploads\\\/2024\\\/06\\\/carciofi_sott_olio_2_reduced-1.webp\",\"contentUrl\":\"https:\\\/\\\/eticoshop.it\\\/wp-content\\\/uploads\\\/2024\\\/06\\\/carciofi_sott_olio_2_reduced-1.webp\",\"width\":800,\"height\":800,\"caption\":\"carciofi sott'olio\"},{\"@type\":\"BreadcrumbList\",\"@id\":\"https:\\\/\\\/eticoshop.it\\\/negozio\\\/dispensa\\\/sottoli\\\/carciofi-sottolio\\\/#breadcrumb\",\"itemListElement\":[{\"@type\":\"ListItem\",\"position\":1,\"name\":\"Home\",\"item\":\"https:\\\/\\\/eticoshop.it\\\/\"},{\"@type\":\"ListItem\",\"position\":2,\"name\":\"Shop\",\"item\":\"https:\\\/\\\/eticoshop.it\\\/negozio\\\/\"},{\"@type\":\"ListItem\",\"position\":3,\"name\":\"Dispensa\",\"item\":\"https:\\\/\\\/eticoshop.it\\\/categoria-prodotto\\\/dispensa\\\/\"},{\"@type\":\"ListItem\",\"position\":4,\"name\":\"Carciofi Sott&#8217;Olio\"}]},{\"@type\":\"WebSite\",\"@id\":\"https:\\\/\\\/eticoshop.it\\\/#website\",\"url\":\"https:\\\/\\\/eticoshop.it\\\/\",\"name\":\"\u00c8tico\",\"description\":\"\",\"publisher\":{\"@id\":\"https:\\\/\\\/eticoshop.it\\\/#organization\"},\"potentialAction\":[{\"@type\":\"SearchAction\",\"target\":{\"@type\":\"EntryPoint\",\"urlTemplate\":\"https:\\\/\\\/eticoshop.it\\\/?s={search_term_string}\"},\"query-input\":{\"@type\":\"PropertyValueSpecification\",\"valueRequired\":true,\"valueName\":\"search_term_string\"}}],\"inLanguage\":\"en-GB\"},{\"@type\":\"Organization\",\"@id\":\"https:\\\/\\\/eticoshop.it\\\/#organization\",\"name\":\"\u00c8tico\",\"url\":\"https:\\\/\\\/eticoshop.it\\\/\",\"logo\":{\"@type\":\"ImageObject\",\"inLanguage\":\"en-GB\",\"@id\":\"https:\\\/\\\/eticoshop.it\\\/#\\\/schema\\\/logo\\\/image\\\/\",\"url\":\"https:\\\/\\\/eticoshop.it\\\/wp-content\\\/uploads\\\/2023\\\/09\\\/logo-etico.svg\",\"contentUrl\":\"https:\\\/\\\/eticoshop.it\\\/wp-content\\\/uploads\\\/2023\\\/09\\\/logo-etico.svg\",\"width\":973,\"height\":360,\"caption\":\"\u00c8tico\"},\"image\":{\"@id\":\"https:\\\/\\\/eticoshop.it\\\/#\\\/schema\\\/logo\\\/image\\\/\"}}]}<\/script>\n<!-- \/ Yoast SEO plugin. -->","yoast_head_json":{"title":"Carciofi Sott'Olio - \u00c8tico","robots":{"index":"index","follow":"follow","max-snippet":"max-snippet:-1","max-image-preview":"max-image-preview:large","max-video-preview":"max-video-preview:-1"},"canonical":"https:\/\/eticoshop.it\/en\/negozio\/dispensa\/sottoli\/carciofi-sottolio\/","og_locale":"en_GB","og_type":"article","og_title":"Carciofi Sott'Olio - \u00c8tico","og_description":"I Carciofi Sott'Olio LaSelva sono preparati con carciofi biologici di alta qualit\u00e0, tagliati in spicchi e conservati in una miscela di olio di girasole e olio extravergine di oliva. Questo prodotto \u00e8 perfetto per arricchire antipasti, insalate o come contorno per piatti principali. I carciofi vengono raccolti e lavorati con cura per mantenere intatto il loro sapore delicato e le propriet\u00e0 nutrizionali. L'aceto di vino e il sale marino utilizzati nella preparazione contribuiscono a preservare la freschezza e la bont\u00e0 del prodotto. Una volta aperto, conservare il barattolo in frigorifero e consumare entro pochi giorni.  I Carciofi Sott'Olio possono essere utilizzati direttamente dal barattolo per arricchire insalate, antipasti o come contorno. Possono anche essere aggiunti a piatti di pasta o risotti per un tocco di sapore in pi\u00f9. Dopo l'apertura, conservare in frigorifero e consumare entro pochi giorni per garantire la massima freschezza.  Il prodotto \u00e8 confezionato in un barattolo di vetro da 180 g. Dopo l'uso, smaltire il barattolo nella raccolta differenziata del vetro e il tappo nella raccolta della plastica. Per ulteriori dettagli sul corretto smaltimento, verificare le disposizioni locali o visitare il sito del produttore.","og_url":"https:\/\/eticoshop.it\/en\/negozio\/dispensa\/sottoli\/carciofi-sottolio\/","og_site_name":"\u00c8tico","og_image":[{"width":800,"height":800,"url":"https:\/\/eticoshop.it\/wp-content\/uploads\/2024\/06\/carciofi_sott_olio_2_reduced-1.webp","type":"image\/webp"}],"twitter_card":"summary_large_image","twitter_misc":{"Estimated reading time":"1 minute"},"schema":{"@context":"https:\/\/schema.org","@graph":[{"@type":"WebPage","@id":"https:\/\/eticoshop.it\/negozio\/dispensa\/sottoli\/carciofi-sottolio\/","url":"https:\/\/eticoshop.it\/negozio\/dispensa\/sottoli\/carciofi-sottolio\/","name":"Carciofi Sott'Olio - \u00c8tico","isPartOf":{"@id":"https:\/\/eticoshop.it\/#website"},"primaryImageOfPage":{"@id":"https:\/\/eticoshop.it\/negozio\/dispensa\/sottoli\/carciofi-sottolio\/#primaryimage"},"image":{"@id":"https:\/\/eticoshop.it\/negozio\/dispensa\/sottoli\/carciofi-sottolio\/#primaryimage"},"thumbnailUrl":"https:\/\/eticoshop.it\/wp-content\/uploads\/2024\/06\/carciofi_sott_olio_2_reduced-1.webp","datePublished":"2024-06-24T07:31:01+00:00","breadcrumb":{"@id":"https:\/\/eticoshop.it\/negozio\/dispensa\/sottoli\/carciofi-sottolio\/#breadcrumb"},"inLanguage":"en-GB","potentialAction":[{"@type":"ReadAction","target":["https:\/\/eticoshop.it\/negozio\/dispensa\/sottoli\/carciofi-sottolio\/"]}]},{"@type":"ImageObject","inLanguage":"en-GB","@id":"https:\/\/eticoshop.it\/negozio\/dispensa\/sottoli\/carciofi-sottolio\/#primaryimage","url":"https:\/\/eticoshop.it\/wp-content\/uploads\/2024\/06\/carciofi_sott_olio_2_reduced-1.webp","contentUrl":"https:\/\/eticoshop.it\/wp-content\/uploads\/2024\/06\/carciofi_sott_olio_2_reduced-1.webp","width":800,"height":800,"caption":"carciofi sott'olio"},{"@type":"BreadcrumbList","@id":"https:\/\/eticoshop.it\/negozio\/dispensa\/sottoli\/carciofi-sottolio\/#breadcrumb","itemListElement":[{"@type":"ListItem","position":1,"name":"Home","item":"https:\/\/eticoshop.it\/"},{"@type":"ListItem","position":2,"name":"Shop","item":"https:\/\/eticoshop.it\/negozio\/"},{"@type":"ListItem","position":3,"name":"Dispensa","item":"https:\/\/eticoshop.it\/categoria-prodotto\/dispensa\/"},{"@type":"ListItem","position":4,"name":"Carciofi Sott&#8217;Olio"}]},{"@type":"WebSite","@id":"https:\/\/eticoshop.it\/#website","url":"https:\/\/eticoshop.it\/","name":"\u00c8tico","description":"","publisher":{"@id":"https:\/\/eticoshop.it\/#organization"},"potentialAction":[{"@type":"SearchAction","target":{"@type":"EntryPoint","urlTemplate":"https:\/\/eticoshop.it\/?s={search_term_string}"},"query-input":{"@type":"PropertyValueSpecification","valueRequired":true,"valueName":"search_term_string"}}],"inLanguage":"en-GB"},{"@type":"Organization","@id":"https:\/\/eticoshop.it\/#organization","name":"\u00c8tico","url":"https:\/\/eticoshop.it\/","logo":{"@type":"ImageObject","inLanguage":"en-GB","@id":"https:\/\/eticoshop.it\/#\/schema\/logo\/image\/","url":"https:\/\/eticoshop.it\/wp-content\/uploads\/2023\/09\/logo-etico.svg","contentUrl":"https:\/\/eticoshop.it\/wp-content\/uploads\/2023\/09\/logo-etico.svg","width":973,"height":360,"caption":"\u00c8tico"},"image":{"@id":"https:\/\/eticoshop.it\/#\/schema\/logo\/image\/"}}]}},"_links":{"self":[{"href":"https:\/\/eticoshop.it\/en\/wp-json\/wp\/v2\/product\/8556","targetHints":{"allow":["GET"]}}],"collection":[{"href":"https:\/\/eticoshop.it\/en\/wp-json\/wp\/v2\/product"}],"about":[{"href":"https:\/\/eticoshop.it\/en\/wp-json\/wp\/v2\/types\/product"}],"wp:featuredmedia":[{"embeddable":true,"href":"https:\/\/eticoshop.it\/en\/wp-json\/wp\/v2\/media\/8646"}],"wp:attachment":[{"href":"https:\/\/eticoshop.it\/en\/wp-json\/wp\/v2\/media?parent=8556"}],"wp:term":[{"taxonomy":"product_brand","embeddable":true,"href":"https:\/\/eticoshop.it\/en\/wp-json\/wp\/v2\/product_brand?post=8556"},{"taxonomy":"product_cat","embeddable":true,"href":"https:\/\/eticoshop.it\/en\/wp-json\/wp\/v2\/product_cat?post=8556"},{"taxonomy":"product_tag","embeddable":true,"href":"https:\/\/eticoshop.it\/en\/wp-json\/wp\/v2\/product_tag?post=8556"}],"curies":[{"name":"wp","href":"https:\/\/api.w.org\/{rel}","templated":true}]}}