





















{"id":8560,"date":"2024-06-24T09:22:35","date_gmt":"2024-06-24T07:22:35","guid":{"rendered":"https:\/\/eticoshop.it\/?post_type=product&#038;p=8560"},"modified":"2024-06-24T09:22:36","modified_gmt":"2024-06-24T07:22:36","slug":"confettura-extra-di-ciliegie","status":"publish","type":"product","link":"https:\/\/eticoshop.it\/en\/negozio\/dispensa\/marmellata\/confettura-extra-di-ciliegie\/","title":{"rendered":"Confettura Extra di Ciliegie"},"content":{"rendered":"<p><span data-sheets-root=\"1\" data-sheets-value=\"{&quot;1&quot;:2,&quot;2&quot;:&quot;La Confettura Extra di Ciliegie LaSelva \u00e8 una deliziosa marmellata biologica, preparata con ciliegie fresche e zucchero di canna.&quot;}\" data-sheets-userformat=\"{&quot;2&quot;:961,&quot;3&quot;:{&quot;1&quot;:0},&quot;9&quot;:1,&quot;10&quot;:1,&quot;11&quot;:4,&quot;12&quot;:0}\">La Confettura Extra di Ciliegie LaSelva \u00e8 una deliziosa marmellata biologica, preparata con ciliegie fresche e zucchero di canna.<\/span><\/p>","protected":false},"excerpt":{"rendered":"<p><span data-sheets-root=\"1\" data-sheets-value=\"{&quot;1&quot;:2,&quot;2&quot;:&quot;La Confettura Extra di Ciliegie LaSelva \u00e8 realizzata con ciliegie biologiche di alta qualit\u00e0, raccolte a piena maturazione per garantire un sapore dolce e autentico. Ogni barattolo contiene una generosa quantit\u00e0 di frutta, pari a 102 g per 100 g di prodotto finito, per un gusto ricco e naturale. La confettura \u00e8 preparata utilizzando solo zucchero di canna biologico, senza l'aggiunta di conservanti o additivi artificiali. Perfetta per essere spalmata sul pane, per farcire dolci o per aggiungere un tocco di dolcezza a yogurt e formaggi freschi. Una volta aperta, la confettura deve essere conservata in frigorifero e consumata entro pochi giorni per mantenere la freschezza e il sapore ottimale.&quot;}\" data-sheets-userformat=\"{&quot;2&quot;:961,&quot;3&quot;:{&quot;1&quot;:0},&quot;9&quot;:1,&quot;10&quot;:1,&quot;11&quot;:4,&quot;12&quot;:0}\">La Confettura Extra di Ciliegie LaSelva \u00e8 realizzata con ciliegie biologiche di alta qualit\u00e0, raccolte a piena maturazione per garantire un sapore dolce e autentico. Ogni barattolo contiene una generosa quantit\u00e0 di frutta, pari a 102 g per 100 g di prodotto finito, per un gusto ricco e naturale. La confettura \u00e8 preparata utilizzando solo zucchero di canna biologico, senza l&#8217;aggiunta di conservanti o additivi artificiali. Perfetta per essere spalmata sul pane, per farcire dolci o per aggiungere un tocco di dolcezza a yogurt e formaggi freschi. Una volta aperta, la confettura deve essere conservata in frigorifero e consumata entro pochi giorni per mantenere la freschezza e il sapore ottimale.<\/span><\/p>\n<p><span data-sheets-root=\"1\" data-sheets-value=\"{&quot;1&quot;:2,&quot;2&quot;:&quot;La Confettura Extra di Ciliegie pu\u00f2 essere utilizzata direttamente dal barattolo per colazioni e merende sane e gustose. Ottima per farcire torte e crostate, o come accompagnamento a formaggi freschi e stagionati. Dopo l'apertura, conservare in frigorifero e consumare entro pochi giorni per garantire la massima freschezza.&quot;}\" data-sheets-userformat=\"{&quot;2&quot;:961,&quot;3&quot;:{&quot;1&quot;:0},&quot;9&quot;:1,&quot;10&quot;:1,&quot;11&quot;:4,&quot;12&quot;:0}\">La Confettura Extra di Ciliegie pu\u00f2 essere utilizzata direttamente dal barattolo per colazioni e merende sane e gustose. Ottima per farcire torte e crostate, o come accompagnamento a formaggi freschi e stagionati. Dopo l&#8217;apertura, conservare in frigorifero e consumare entro pochi giorni per garantire la massima freschezza.<\/span><\/p>\n<p><span data-sheets-root=\"1\" data-sheets-value=\"{&quot;1&quot;:2,&quot;2&quot;:&quot;Il prodotto \u00e8 confezionato in un barattolo di vetro da 220 g. Dopo l\u2019uso, smaltire il barattolo nella raccolta differenziata del vetro e il tappo nella raccolta della plastica. Per ulteriori dettagli sul corretto smaltimento, verificare le disposizioni locali o visitare il sito del produttore.&quot;}\" data-sheets-userformat=\"{&quot;2&quot;:961,&quot;3&quot;:{&quot;1&quot;:0},&quot;9&quot;:1,&quot;10&quot;:1,&quot;11&quot;:4,&quot;12&quot;:0}\">Il prodotto \u00e8 confezionato in un barattolo di vetro da 220 g. Dopo l\u2019uso, smaltire il barattolo nella raccolta differenziata del vetro e il tappo nella raccolta della plastica. Per ulteriori dettagli sul corretto smaltimento, verificare le disposizioni locali o visitare il sito del produttore.<\/span><\/p>","protected":false},"featured_media":8559,"template":"","meta":{"_acf_changed":false,"inline_featured_image":false},"product_brand":[],"product_cat":[28,123],"product_tag":[106,388,390,389,258,391,82,112,243],"class_list":{"0":"post-8560","1":"product","2":"type-product","3":"status-publish","4":"has-post-thumbnail","6":"product_cat-dispensa","7":"product_cat-marmellata","8":"product_tag-biologico","9":"product_tag-ciligie","10":"product_tag-colazione","11":"product_tag-confettura","12":"product_tag-dolce","13":"product_tag-farcitura","14":"product_tag-marmellata","15":"product_tag-merenda","16":"product_tag-senza-conservanti","18":"first","19":"instock","20":"taxable","21":"shipping-taxable","22":"purchasable","23":"product-type-simple"},"acf":[],"yoast_head":"<!-- This site is optimized with the Yoast SEO plugin v27.4 - https:\/\/yoast.com\/product\/yoast-seo-wordpress\/ -->\n<title>Confettura Extra di Ciliegie - \u00c8tico<\/title>\n<meta name=\"robots\" content=\"index, follow, max-snippet:-1, max-image-preview:large, max-video-preview:-1\" \/>\n<link rel=\"canonical\" href=\"https:\/\/eticoshop.it\/en\/negozio\/dispensa\/marmellata\/confettura-extra-di-ciliegie\/\" \/>\n<meta property=\"og:locale\" content=\"en_GB\" \/>\n<meta property=\"og:type\" content=\"article\" \/>\n<meta property=\"og:title\" content=\"Confettura Extra di Ciliegie - \u00c8tico\" \/>\n<meta property=\"og:description\" content=\"La Confettura Extra di Ciliegie LaSelva \u00e8 realizzata con ciliegie biologiche di alta qualit\u00e0, raccolte a piena maturazione per garantire un sapore dolce e autentico. Ogni barattolo contiene una generosa quantit\u00e0 di frutta, pari a 102 g per 100 g di prodotto finito, per un gusto ricco e naturale. La confettura \u00e8 preparata utilizzando solo zucchero di canna biologico, senza l&#039;aggiunta di conservanti o additivi artificiali. Perfetta per essere spalmata sul pane, per farcire dolci o per aggiungere un tocco di dolcezza a yogurt e formaggi freschi. Una volta aperta, la confettura deve essere conservata in frigorifero e consumata entro pochi giorni per mantenere la freschezza e il sapore ottimale.  La Confettura Extra di Ciliegie pu\u00f2 essere utilizzata direttamente dal barattolo per colazioni e merende sane e gustose. Ottima per farcire torte e crostate, o come accompagnamento a formaggi freschi e stagionati. Dopo l&#039;apertura, conservare in frigorifero e consumare entro pochi giorni per garantire la massima freschezza.  Il prodotto \u00e8 confezionato in un barattolo di vetro da 220 g. Dopo l\u2019uso, smaltire il barattolo nella raccolta differenziata del vetro e il tappo nella raccolta della plastica. Per ulteriori dettagli sul corretto smaltimento, verificare le disposizioni locali o visitare il sito del produttore.\" \/>\n<meta property=\"og:url\" content=\"https:\/\/eticoshop.it\/en\/negozio\/dispensa\/marmellata\/confettura-extra-di-ciliegie\/\" \/>\n<meta property=\"og:site_name\" content=\"\u00c8tico\" \/>\n<meta property=\"article:modified_time\" content=\"2024-06-24T07:22:36+00:00\" \/>\n<meta property=\"og:image\" content=\"https:\/\/eticoshop.it\/wp-content\/uploads\/2024\/06\/confettura-ciliegie.png\" \/>\n\t<meta property=\"og:image:width\" content=\"1000\" \/>\n\t<meta property=\"og:image:height\" content=\"1000\" \/>\n\t<meta property=\"og:image:type\" content=\"image\/png\" \/>\n<meta name=\"twitter:card\" content=\"summary_large_image\" \/>\n<meta name=\"twitter:label1\" content=\"Estimated reading time\" \/>\n\t<meta name=\"twitter:data1\" content=\"1 minute\" \/>\n<script type=\"application\/ld+json\" class=\"yoast-schema-graph\">{\"@context\":\"https:\\\/\\\/schema.org\",\"@graph\":[{\"@type\":\"WebPage\",\"@id\":\"https:\\\/\\\/eticoshop.it\\\/negozio\\\/dispensa\\\/marmellata\\\/confettura-extra-di-ciliegie\\\/\",\"url\":\"https:\\\/\\\/eticoshop.it\\\/negozio\\\/dispensa\\\/marmellata\\\/confettura-extra-di-ciliegie\\\/\",\"name\":\"Confettura Extra di Ciliegie - \u00c8tico\",\"isPartOf\":{\"@id\":\"https:\\\/\\\/eticoshop.it\\\/#website\"},\"primaryImageOfPage\":{\"@id\":\"https:\\\/\\\/eticoshop.it\\\/negozio\\\/dispensa\\\/marmellata\\\/confettura-extra-di-ciliegie\\\/#primaryimage\"},\"image\":{\"@id\":\"https:\\\/\\\/eticoshop.it\\\/negozio\\\/dispensa\\\/marmellata\\\/confettura-extra-di-ciliegie\\\/#primaryimage\"},\"thumbnailUrl\":\"https:\\\/\\\/eticoshop.it\\\/wp-content\\\/uploads\\\/2024\\\/06\\\/confettura-ciliegie.png\",\"datePublished\":\"2024-06-24T07:22:35+00:00\",\"dateModified\":\"2024-06-24T07:22:36+00:00\",\"breadcrumb\":{\"@id\":\"https:\\\/\\\/eticoshop.it\\\/negozio\\\/dispensa\\\/marmellata\\\/confettura-extra-di-ciliegie\\\/#breadcrumb\"},\"inLanguage\":\"en-GB\",\"potentialAction\":[{\"@type\":\"ReadAction\",\"target\":[\"https:\\\/\\\/eticoshop.it\\\/negozio\\\/dispensa\\\/marmellata\\\/confettura-extra-di-ciliegie\\\/\"]}]},{\"@type\":\"ImageObject\",\"inLanguage\":\"en-GB\",\"@id\":\"https:\\\/\\\/eticoshop.it\\\/negozio\\\/dispensa\\\/marmellata\\\/confettura-extra-di-ciliegie\\\/#primaryimage\",\"url\":\"https:\\\/\\\/eticoshop.it\\\/wp-content\\\/uploads\\\/2024\\\/06\\\/confettura-ciliegie.png\",\"contentUrl\":\"https:\\\/\\\/eticoshop.it\\\/wp-content\\\/uploads\\\/2024\\\/06\\\/confettura-ciliegie.png\",\"width\":1000,\"height\":1000,\"caption\":\"confettura ciliegie\"},{\"@type\":\"BreadcrumbList\",\"@id\":\"https:\\\/\\\/eticoshop.it\\\/negozio\\\/dispensa\\\/marmellata\\\/confettura-extra-di-ciliegie\\\/#breadcrumb\",\"itemListElement\":[{\"@type\":\"ListItem\",\"position\":1,\"name\":\"Home\",\"item\":\"https:\\\/\\\/eticoshop.it\\\/\"},{\"@type\":\"ListItem\",\"position\":2,\"name\":\"Shop\",\"item\":\"https:\\\/\\\/eticoshop.it\\\/negozio\\\/\"},{\"@type\":\"ListItem\",\"position\":3,\"name\":\"Dispensa\",\"item\":\"https:\\\/\\\/eticoshop.it\\\/categoria-prodotto\\\/dispensa\\\/\"},{\"@type\":\"ListItem\",\"position\":4,\"name\":\"Confettura Extra di Ciliegie\"}]},{\"@type\":\"WebSite\",\"@id\":\"https:\\\/\\\/eticoshop.it\\\/#website\",\"url\":\"https:\\\/\\\/eticoshop.it\\\/\",\"name\":\"\u00c8tico\",\"description\":\"\",\"publisher\":{\"@id\":\"https:\\\/\\\/eticoshop.it\\\/#organization\"},\"potentialAction\":[{\"@type\":\"SearchAction\",\"target\":{\"@type\":\"EntryPoint\",\"urlTemplate\":\"https:\\\/\\\/eticoshop.it\\\/?s={search_term_string}\"},\"query-input\":{\"@type\":\"PropertyValueSpecification\",\"valueRequired\":true,\"valueName\":\"search_term_string\"}}],\"inLanguage\":\"en-GB\"},{\"@type\":\"Organization\",\"@id\":\"https:\\\/\\\/eticoshop.it\\\/#organization\",\"name\":\"\u00c8tico\",\"url\":\"https:\\\/\\\/eticoshop.it\\\/\",\"logo\":{\"@type\":\"ImageObject\",\"inLanguage\":\"en-GB\",\"@id\":\"https:\\\/\\\/eticoshop.it\\\/#\\\/schema\\\/logo\\\/image\\\/\",\"url\":\"https:\\\/\\\/eticoshop.it\\\/wp-content\\\/uploads\\\/2023\\\/09\\\/logo-etico.svg\",\"contentUrl\":\"https:\\\/\\\/eticoshop.it\\\/wp-content\\\/uploads\\\/2023\\\/09\\\/logo-etico.svg\",\"width\":973,\"height\":360,\"caption\":\"\u00c8tico\"},\"image\":{\"@id\":\"https:\\\/\\\/eticoshop.it\\\/#\\\/schema\\\/logo\\\/image\\\/\"}}]}<\/script>\n<!-- \/ Yoast SEO plugin. -->","yoast_head_json":{"title":"Confettura Extra di Ciliegie - \u00c8tico","robots":{"index":"index","follow":"follow","max-snippet":"max-snippet:-1","max-image-preview":"max-image-preview:large","max-video-preview":"max-video-preview:-1"},"canonical":"https:\/\/eticoshop.it\/en\/negozio\/dispensa\/marmellata\/confettura-extra-di-ciliegie\/","og_locale":"en_GB","og_type":"article","og_title":"Confettura Extra di Ciliegie - \u00c8tico","og_description":"La Confettura Extra di Ciliegie LaSelva \u00e8 realizzata con ciliegie biologiche di alta qualit\u00e0, raccolte a piena maturazione per garantire un sapore dolce e autentico. Ogni barattolo contiene una generosa quantit\u00e0 di frutta, pari a 102 g per 100 g di prodotto finito, per un gusto ricco e naturale. La confettura \u00e8 preparata utilizzando solo zucchero di canna biologico, senza l'aggiunta di conservanti o additivi artificiali. Perfetta per essere spalmata sul pane, per farcire dolci o per aggiungere un tocco di dolcezza a yogurt e formaggi freschi. Una volta aperta, la confettura deve essere conservata in frigorifero e consumata entro pochi giorni per mantenere la freschezza e il sapore ottimale.  La Confettura Extra di Ciliegie pu\u00f2 essere utilizzata direttamente dal barattolo per colazioni e merende sane e gustose. Ottima per farcire torte e crostate, o come accompagnamento a formaggi freschi e stagionati. Dopo l'apertura, conservare in frigorifero e consumare entro pochi giorni per garantire la massima freschezza.  Il prodotto \u00e8 confezionato in un barattolo di vetro da 220 g. Dopo l\u2019uso, smaltire il barattolo nella raccolta differenziata del vetro e il tappo nella raccolta della plastica. Per ulteriori dettagli sul corretto smaltimento, verificare le disposizioni locali o visitare il sito del produttore.","og_url":"https:\/\/eticoshop.it\/en\/negozio\/dispensa\/marmellata\/confettura-extra-di-ciliegie\/","og_site_name":"\u00c8tico","article_modified_time":"2024-06-24T07:22:36+00:00","og_image":[{"width":1000,"height":1000,"url":"https:\/\/eticoshop.it\/wp-content\/uploads\/2024\/06\/confettura-ciliegie.png","type":"image\/png"}],"twitter_card":"summary_large_image","twitter_misc":{"Estimated reading time":"1 minute"},"schema":{"@context":"https:\/\/schema.org","@graph":[{"@type":"WebPage","@id":"https:\/\/eticoshop.it\/negozio\/dispensa\/marmellata\/confettura-extra-di-ciliegie\/","url":"https:\/\/eticoshop.it\/negozio\/dispensa\/marmellata\/confettura-extra-di-ciliegie\/","name":"Confettura Extra di Ciliegie - \u00c8tico","isPartOf":{"@id":"https:\/\/eticoshop.it\/#website"},"primaryImageOfPage":{"@id":"https:\/\/eticoshop.it\/negozio\/dispensa\/marmellata\/confettura-extra-di-ciliegie\/#primaryimage"},"image":{"@id":"https:\/\/eticoshop.it\/negozio\/dispensa\/marmellata\/confettura-extra-di-ciliegie\/#primaryimage"},"thumbnailUrl":"https:\/\/eticoshop.it\/wp-content\/uploads\/2024\/06\/confettura-ciliegie.png","datePublished":"2024-06-24T07:22:35+00:00","dateModified":"2024-06-24T07:22:36+00:00","breadcrumb":{"@id":"https:\/\/eticoshop.it\/negozio\/dispensa\/marmellata\/confettura-extra-di-ciliegie\/#breadcrumb"},"inLanguage":"en-GB","potentialAction":[{"@type":"ReadAction","target":["https:\/\/eticoshop.it\/negozio\/dispensa\/marmellata\/confettura-extra-di-ciliegie\/"]}]},{"@type":"ImageObject","inLanguage":"en-GB","@id":"https:\/\/eticoshop.it\/negozio\/dispensa\/marmellata\/confettura-extra-di-ciliegie\/#primaryimage","url":"https:\/\/eticoshop.it\/wp-content\/uploads\/2024\/06\/confettura-ciliegie.png","contentUrl":"https:\/\/eticoshop.it\/wp-content\/uploads\/2024\/06\/confettura-ciliegie.png","width":1000,"height":1000,"caption":"confettura ciliegie"},{"@type":"BreadcrumbList","@id":"https:\/\/eticoshop.it\/negozio\/dispensa\/marmellata\/confettura-extra-di-ciliegie\/#breadcrumb","itemListElement":[{"@type":"ListItem","position":1,"name":"Home","item":"https:\/\/eticoshop.it\/"},{"@type":"ListItem","position":2,"name":"Shop","item":"https:\/\/eticoshop.it\/negozio\/"},{"@type":"ListItem","position":3,"name":"Dispensa","item":"https:\/\/eticoshop.it\/categoria-prodotto\/dispensa\/"},{"@type":"ListItem","position":4,"name":"Confettura Extra di Ciliegie"}]},{"@type":"WebSite","@id":"https:\/\/eticoshop.it\/#website","url":"https:\/\/eticoshop.it\/","name":"\u00c8tico","description":"","publisher":{"@id":"https:\/\/eticoshop.it\/#organization"},"potentialAction":[{"@type":"SearchAction","target":{"@type":"EntryPoint","urlTemplate":"https:\/\/eticoshop.it\/?s={search_term_string}"},"query-input":{"@type":"PropertyValueSpecification","valueRequired":true,"valueName":"search_term_string"}}],"inLanguage":"en-GB"},{"@type":"Organization","@id":"https:\/\/eticoshop.it\/#organization","name":"\u00c8tico","url":"https:\/\/eticoshop.it\/","logo":{"@type":"ImageObject","inLanguage":"en-GB","@id":"https:\/\/eticoshop.it\/#\/schema\/logo\/image\/","url":"https:\/\/eticoshop.it\/wp-content\/uploads\/2023\/09\/logo-etico.svg","contentUrl":"https:\/\/eticoshop.it\/wp-content\/uploads\/2023\/09\/logo-etico.svg","width":973,"height":360,"caption":"\u00c8tico"},"image":{"@id":"https:\/\/eticoshop.it\/#\/schema\/logo\/image\/"}}]}},"_links":{"self":[{"href":"https:\/\/eticoshop.it\/en\/wp-json\/wp\/v2\/product\/8560","targetHints":{"allow":["GET"]}}],"collection":[{"href":"https:\/\/eticoshop.it\/en\/wp-json\/wp\/v2\/product"}],"about":[{"href":"https:\/\/eticoshop.it\/en\/wp-json\/wp\/v2\/types\/product"}],"wp:featuredmedia":[{"embeddable":true,"href":"https:\/\/eticoshop.it\/en\/wp-json\/wp\/v2\/media\/8559"}],"wp:attachment":[{"href":"https:\/\/eticoshop.it\/en\/wp-json\/wp\/v2\/media?parent=8560"}],"wp:term":[{"taxonomy":"product_brand","embeddable":true,"href":"https:\/\/eticoshop.it\/en\/wp-json\/wp\/v2\/product_brand?post=8560"},{"taxonomy":"product_cat","embeddable":true,"href":"https:\/\/eticoshop.it\/en\/wp-json\/wp\/v2\/product_cat?post=8560"},{"taxonomy":"product_tag","embeddable":true,"href":"https:\/\/eticoshop.it\/en\/wp-json\/wp\/v2\/product_tag?post=8560"}],"curies":[{"name":"wp","href":"https:\/\/api.w.org\/{rel}","templated":true}]}}