





















{"id":8606,"date":"2024-06-24T09:28:07","date_gmt":"2024-06-24T07:28:07","guid":{"rendered":"https:\/\/eticoshop.it\/?post_type=product&#038;p=8606"},"modified":"2024-06-24T09:28:07","modified_gmt":"2024-06-24T07:28:07","slug":"pesto-toscano","status":"publish","type":"product","link":"https:\/\/eticoshop.it\/en\/negozio\/dispensa\/pesto\/pesto-toscano\/","title":{"rendered":"Pesto Toscano"},"content":{"rendered":"<p><span data-sheets-root=\"1\" data-sheets-value=\"{&quot;1&quot;:2,&quot;2&quot;:&quot;Il Pesto Toscano LaSelva \u00e8 una salsa biologica preparata con basilico fresco e olio extravergine di oliva, ideale per condire pasta e piatti mediterranei.&quot;}\" data-sheets-userformat=\"{&quot;2&quot;:961,&quot;3&quot;:{&quot;1&quot;:0},&quot;9&quot;:1,&quot;10&quot;:1,&quot;11&quot;:4,&quot;12&quot;:0}\">Il Pesto Toscano LaSelva \u00e8 una salsa biologica preparata con basilico fresco e olio extravergine di oliva, ideale per condire pasta e piatti mediterranei.<\/span><\/p>","protected":false},"excerpt":{"rendered":"<p><span data-sheets-root=\"1\" data-sheets-value=\"{&quot;1&quot;:2,&quot;2&quot;:&quot;Il Pesto Toscano LaSelva \u00e8 una deliziosa salsa a base di basilico, preparata con ingredienti biologici di alta qualit\u00e0. Il basilico, raccolto fresco, viene pestato insieme all'olio extravergine di oliva, pinoli, sale marino, aglio e succo di limone, creando un pesto dal sapore intenso e aromatico. Questa salsa \u00e8 perfetta per condire pasta, insalate di riso, bruschette e altre specialit\u00e0 della cucina mediterranea. La lavorazione artigianale e l'attenzione alla qualit\u00e0 garantiscono un prodotto genuino, senza l'uso di conservanti o additivi artificiali. Il Pesto Toscano LaSelva rappresenta un'eccellenza della tradizione culinaria toscana, portando sulla tua tavola tutto il sapore autentico del basilico fresco.&quot;}\" data-sheets-userformat=\"{&quot;2&quot;:961,&quot;3&quot;:{&quot;1&quot;:0},&quot;9&quot;:1,&quot;10&quot;:1,&quot;11&quot;:4,&quot;12&quot;:0}\">Il Pesto Toscano LaSelva \u00e8 una deliziosa salsa a base di basilico, preparata con ingredienti biologici di alta qualit\u00e0. Il basilico, raccolto fresco, viene pestato insieme all&#8217;olio extravergine di oliva, pinoli, sale marino, aglio e succo di limone, creando un pesto dal sapore intenso e aromatico. Questa salsa \u00e8 perfetta per condire pasta, insalate di riso, bruschette e altre specialit\u00e0 della cucina mediterranea. La lavorazione artigianale e l&#8217;attenzione alla qualit\u00e0 garantiscono un prodotto genuino, senza l&#8217;uso di conservanti o additivi artificiali. Il Pesto Toscano LaSelva rappresenta un&#8217;eccellenza della tradizione culinaria toscana, portando sulla tua tavola tutto il sapore autentico del basilico fresco.<\/span><\/p>\n<p><span data-sheets-root=\"1\" data-sheets-value=\"{&quot;1&quot;:2,&quot;2&quot;:&quot;Il Pesto Toscano pu\u00f2 essere utilizzato direttamente sulla pasta appena scolata, come condimento per insalate di riso, spalmato su crostini di pane o per arricchire piatti a base di carne e pesce. Si consiglia di conservare il prodotto in frigorifero dopo l'apertura e di consumarlo entro pochi giorni per mantenere intatta la freschezza e il sapore.&quot;}\" data-sheets-userformat=\"{&quot;2&quot;:961,&quot;3&quot;:{&quot;1&quot;:0},&quot;9&quot;:1,&quot;10&quot;:1,&quot;11&quot;:4,&quot;12&quot;:0}\">Il Pesto Toscano pu\u00f2 essere utilizzato direttamente sulla pasta appena scolata, come condimento per insalate di riso, spalmato su crostini di pane o per arricchire piatti a base di carne e pesce. Si consiglia di conservare il prodotto in frigorifero dopo l&#8217;apertura e di consumarlo entro pochi giorni per mantenere intatta la freschezza e il sapore.<\/span><\/p>\n<p><span data-sheets-root=\"1\" data-sheets-value=\"{&quot;1&quot;:2,&quot;2&quot;:&quot;Il prodotto \u00e8 confezionato in un vasetto di vetro da 180 g. Dopo l\u2019uso, smaltire il vasetto nella raccolta differenziata del vetro e il tappo nella raccolta della plastica. Per ulteriori dettagli sul corretto smaltimento, verificare le disposizioni locali o visitare il sito del produttore.&quot;}\" data-sheets-userformat=\"{&quot;2&quot;:961,&quot;3&quot;:{&quot;1&quot;:0},&quot;9&quot;:1,&quot;10&quot;:1,&quot;11&quot;:4,&quot;12&quot;:0}\">Il prodotto \u00e8 confezionato in un vasetto di vetro da 180 g. Dopo l\u2019uso, smaltire il vasetto nella raccolta differenziata del vetro e il tappo nella raccolta della plastica. Per ulteriori dettagli sul corretto smaltimento, verificare le disposizioni locali o visitare il sito del produttore.<\/span><\/p>","protected":false},"featured_media":8608,"template":"","meta":{"_acf_changed":false,"inline_featured_image":false},"product_brand":[],"product_cat":[28,125],"product_tag":[437,106,394,433,385,39,41,410,424],"class_list":{"0":"post-8606","1":"product","2":"type-product","3":"status-publish","4":"has-post-thumbnail","6":"product_cat-dispensa","7":"product_cat-pesto","8":"product_tag-basilico","9":"product_tag-biologico","10":"product_tag-condimento","11":"product_tag-mediterraneo","12":"product_tag-olio-extravergine-di-oliva","13":"product_tag-pesto","14":"product_tag-salsa","15":"product_tag-toscana","16":"product_tag-tradizionale","18":"first","19":"instock","20":"taxable","21":"shipping-taxable","22":"purchasable","23":"product-type-simple"},"acf":[],"yoast_head":"<!-- This site is optimized with the Yoast SEO plugin v27.4 - https:\/\/yoast.com\/product\/yoast-seo-wordpress\/ -->\n<title>Pesto Toscano - \u00c8tico<\/title>\n<meta name=\"robots\" content=\"index, follow, max-snippet:-1, max-image-preview:large, max-video-preview:-1\" \/>\n<link rel=\"canonical\" href=\"https:\/\/eticoshop.it\/en\/negozio\/dispensa\/pesto\/pesto-toscano\/\" \/>\n<meta property=\"og:locale\" content=\"en_GB\" \/>\n<meta property=\"og:type\" content=\"article\" \/>\n<meta property=\"og:title\" content=\"Pesto Toscano - \u00c8tico\" \/>\n<meta property=\"og:description\" content=\"Il Pesto Toscano LaSelva \u00e8 una deliziosa salsa a base di basilico, preparata con ingredienti biologici di alta qualit\u00e0. Il basilico, raccolto fresco, viene pestato insieme all&#039;olio extravergine di oliva, pinoli, sale marino, aglio e succo di limone, creando un pesto dal sapore intenso e aromatico. Questa salsa \u00e8 perfetta per condire pasta, insalate di riso, bruschette e altre specialit\u00e0 della cucina mediterranea. La lavorazione artigianale e l&#039;attenzione alla qualit\u00e0 garantiscono un prodotto genuino, senza l&#039;uso di conservanti o additivi artificiali. Il Pesto Toscano LaSelva rappresenta un&#039;eccellenza della tradizione culinaria toscana, portando sulla tua tavola tutto il sapore autentico del basilico fresco.  Il Pesto Toscano pu\u00f2 essere utilizzato direttamente sulla pasta appena scolata, come condimento per insalate di riso, spalmato su crostini di pane o per arricchire piatti a base di carne e pesce. Si consiglia di conservare il prodotto in frigorifero dopo l&#039;apertura e di consumarlo entro pochi giorni per mantenere intatta la freschezza e il sapore.  Il prodotto \u00e8 confezionato in un vasetto di vetro da 180 g. Dopo l\u2019uso, smaltire il vasetto nella raccolta differenziata del vetro e il tappo nella raccolta della plastica. Per ulteriori dettagli sul corretto smaltimento, verificare le disposizioni locali o visitare il sito del produttore.\" \/>\n<meta property=\"og:url\" content=\"https:\/\/eticoshop.it\/en\/negozio\/dispensa\/pesto\/pesto-toscano\/\" \/>\n<meta property=\"og:site_name\" content=\"\u00c8tico\" \/>\n<meta property=\"og:image\" content=\"https:\/\/eticoshop.it\/wp-content\/uploads\/2024\/06\/pesto-toscano.png\" \/>\n\t<meta property=\"og:image:width\" content=\"1000\" \/>\n\t<meta property=\"og:image:height\" content=\"1000\" \/>\n\t<meta property=\"og:image:type\" content=\"image\/png\" \/>\n<meta name=\"twitter:card\" content=\"summary_large_image\" \/>\n<meta name=\"twitter:label1\" content=\"Estimated reading time\" \/>\n\t<meta name=\"twitter:data1\" content=\"1 minute\" \/>\n<script type=\"application\/ld+json\" class=\"yoast-schema-graph\">{\"@context\":\"https:\\\/\\\/schema.org\",\"@graph\":[{\"@type\":\"WebPage\",\"@id\":\"https:\\\/\\\/eticoshop.it\\\/negozio\\\/dispensa\\\/pesto\\\/pesto-toscano\\\/\",\"url\":\"https:\\\/\\\/eticoshop.it\\\/negozio\\\/dispensa\\\/pesto\\\/pesto-toscano\\\/\",\"name\":\"Pesto Toscano - \u00c8tico\",\"isPartOf\":{\"@id\":\"https:\\\/\\\/eticoshop.it\\\/#website\"},\"primaryImageOfPage\":{\"@id\":\"https:\\\/\\\/eticoshop.it\\\/negozio\\\/dispensa\\\/pesto\\\/pesto-toscano\\\/#primaryimage\"},\"image\":{\"@id\":\"https:\\\/\\\/eticoshop.it\\\/negozio\\\/dispensa\\\/pesto\\\/pesto-toscano\\\/#primaryimage\"},\"thumbnailUrl\":\"https:\\\/\\\/eticoshop.it\\\/wp-content\\\/uploads\\\/2024\\\/06\\\/pesto-toscano.png\",\"datePublished\":\"2024-06-24T07:28:07+00:00\",\"breadcrumb\":{\"@id\":\"https:\\\/\\\/eticoshop.it\\\/negozio\\\/dispensa\\\/pesto\\\/pesto-toscano\\\/#breadcrumb\"},\"inLanguage\":\"en-GB\",\"potentialAction\":[{\"@type\":\"ReadAction\",\"target\":[\"https:\\\/\\\/eticoshop.it\\\/negozio\\\/dispensa\\\/pesto\\\/pesto-toscano\\\/\"]}]},{\"@type\":\"ImageObject\",\"inLanguage\":\"en-GB\",\"@id\":\"https:\\\/\\\/eticoshop.it\\\/negozio\\\/dispensa\\\/pesto\\\/pesto-toscano\\\/#primaryimage\",\"url\":\"https:\\\/\\\/eticoshop.it\\\/wp-content\\\/uploads\\\/2024\\\/06\\\/pesto-toscano.png\",\"contentUrl\":\"https:\\\/\\\/eticoshop.it\\\/wp-content\\\/uploads\\\/2024\\\/06\\\/pesto-toscano.png\",\"width\":1000,\"height\":1000,\"caption\":\"pesto toscano\"},{\"@type\":\"BreadcrumbList\",\"@id\":\"https:\\\/\\\/eticoshop.it\\\/negozio\\\/dispensa\\\/pesto\\\/pesto-toscano\\\/#breadcrumb\",\"itemListElement\":[{\"@type\":\"ListItem\",\"position\":1,\"name\":\"Home\",\"item\":\"https:\\\/\\\/eticoshop.it\\\/\"},{\"@type\":\"ListItem\",\"position\":2,\"name\":\"Shop\",\"item\":\"https:\\\/\\\/eticoshop.it\\\/negozio\\\/\"},{\"@type\":\"ListItem\",\"position\":3,\"name\":\"Dispensa\",\"item\":\"https:\\\/\\\/eticoshop.it\\\/categoria-prodotto\\\/dispensa\\\/\"},{\"@type\":\"ListItem\",\"position\":4,\"name\":\"Pesto Toscano\"}]},{\"@type\":\"WebSite\",\"@id\":\"https:\\\/\\\/eticoshop.it\\\/#website\",\"url\":\"https:\\\/\\\/eticoshop.it\\\/\",\"name\":\"\u00c8tico\",\"description\":\"\",\"publisher\":{\"@id\":\"https:\\\/\\\/eticoshop.it\\\/#organization\"},\"potentialAction\":[{\"@type\":\"SearchAction\",\"target\":{\"@type\":\"EntryPoint\",\"urlTemplate\":\"https:\\\/\\\/eticoshop.it\\\/?s={search_term_string}\"},\"query-input\":{\"@type\":\"PropertyValueSpecification\",\"valueRequired\":true,\"valueName\":\"search_term_string\"}}],\"inLanguage\":\"en-GB\"},{\"@type\":\"Organization\",\"@id\":\"https:\\\/\\\/eticoshop.it\\\/#organization\",\"name\":\"\u00c8tico\",\"url\":\"https:\\\/\\\/eticoshop.it\\\/\",\"logo\":{\"@type\":\"ImageObject\",\"inLanguage\":\"en-GB\",\"@id\":\"https:\\\/\\\/eticoshop.it\\\/#\\\/schema\\\/logo\\\/image\\\/\",\"url\":\"https:\\\/\\\/eticoshop.it\\\/wp-content\\\/uploads\\\/2023\\\/09\\\/logo-etico.svg\",\"contentUrl\":\"https:\\\/\\\/eticoshop.it\\\/wp-content\\\/uploads\\\/2023\\\/09\\\/logo-etico.svg\",\"width\":973,\"height\":360,\"caption\":\"\u00c8tico\"},\"image\":{\"@id\":\"https:\\\/\\\/eticoshop.it\\\/#\\\/schema\\\/logo\\\/image\\\/\"}}]}<\/script>\n<!-- \/ Yoast SEO plugin. -->","yoast_head_json":{"title":"Pesto Toscano - \u00c8tico","robots":{"index":"index","follow":"follow","max-snippet":"max-snippet:-1","max-image-preview":"max-image-preview:large","max-video-preview":"max-video-preview:-1"},"canonical":"https:\/\/eticoshop.it\/en\/negozio\/dispensa\/pesto\/pesto-toscano\/","og_locale":"en_GB","og_type":"article","og_title":"Pesto Toscano - \u00c8tico","og_description":"Il Pesto Toscano LaSelva \u00e8 una deliziosa salsa a base di basilico, preparata con ingredienti biologici di alta qualit\u00e0. Il basilico, raccolto fresco, viene pestato insieme all'olio extravergine di oliva, pinoli, sale marino, aglio e succo di limone, creando un pesto dal sapore intenso e aromatico. Questa salsa \u00e8 perfetta per condire pasta, insalate di riso, bruschette e altre specialit\u00e0 della cucina mediterranea. La lavorazione artigianale e l'attenzione alla qualit\u00e0 garantiscono un prodotto genuino, senza l'uso di conservanti o additivi artificiali. Il Pesto Toscano LaSelva rappresenta un'eccellenza della tradizione culinaria toscana, portando sulla tua tavola tutto il sapore autentico del basilico fresco.  Il Pesto Toscano pu\u00f2 essere utilizzato direttamente sulla pasta appena scolata, come condimento per insalate di riso, spalmato su crostini di pane o per arricchire piatti a base di carne e pesce. Si consiglia di conservare il prodotto in frigorifero dopo l'apertura e di consumarlo entro pochi giorni per mantenere intatta la freschezza e il sapore.  Il prodotto \u00e8 confezionato in un vasetto di vetro da 180 g. Dopo l\u2019uso, smaltire il vasetto nella raccolta differenziata del vetro e il tappo nella raccolta della plastica. Per ulteriori dettagli sul corretto smaltimento, verificare le disposizioni locali o visitare il sito del produttore.","og_url":"https:\/\/eticoshop.it\/en\/negozio\/dispensa\/pesto\/pesto-toscano\/","og_site_name":"\u00c8tico","og_image":[{"width":1000,"height":1000,"url":"https:\/\/eticoshop.it\/wp-content\/uploads\/2024\/06\/pesto-toscano.png","type":"image\/png"}],"twitter_card":"summary_large_image","twitter_misc":{"Estimated reading time":"1 minute"},"schema":{"@context":"https:\/\/schema.org","@graph":[{"@type":"WebPage","@id":"https:\/\/eticoshop.it\/negozio\/dispensa\/pesto\/pesto-toscano\/","url":"https:\/\/eticoshop.it\/negozio\/dispensa\/pesto\/pesto-toscano\/","name":"Pesto Toscano - \u00c8tico","isPartOf":{"@id":"https:\/\/eticoshop.it\/#website"},"primaryImageOfPage":{"@id":"https:\/\/eticoshop.it\/negozio\/dispensa\/pesto\/pesto-toscano\/#primaryimage"},"image":{"@id":"https:\/\/eticoshop.it\/negozio\/dispensa\/pesto\/pesto-toscano\/#primaryimage"},"thumbnailUrl":"https:\/\/eticoshop.it\/wp-content\/uploads\/2024\/06\/pesto-toscano.png","datePublished":"2024-06-24T07:28:07+00:00","breadcrumb":{"@id":"https:\/\/eticoshop.it\/negozio\/dispensa\/pesto\/pesto-toscano\/#breadcrumb"},"inLanguage":"en-GB","potentialAction":[{"@type":"ReadAction","target":["https:\/\/eticoshop.it\/negozio\/dispensa\/pesto\/pesto-toscano\/"]}]},{"@type":"ImageObject","inLanguage":"en-GB","@id":"https:\/\/eticoshop.it\/negozio\/dispensa\/pesto\/pesto-toscano\/#primaryimage","url":"https:\/\/eticoshop.it\/wp-content\/uploads\/2024\/06\/pesto-toscano.png","contentUrl":"https:\/\/eticoshop.it\/wp-content\/uploads\/2024\/06\/pesto-toscano.png","width":1000,"height":1000,"caption":"pesto toscano"},{"@type":"BreadcrumbList","@id":"https:\/\/eticoshop.it\/negozio\/dispensa\/pesto\/pesto-toscano\/#breadcrumb","itemListElement":[{"@type":"ListItem","position":1,"name":"Home","item":"https:\/\/eticoshop.it\/"},{"@type":"ListItem","position":2,"name":"Shop","item":"https:\/\/eticoshop.it\/negozio\/"},{"@type":"ListItem","position":3,"name":"Dispensa","item":"https:\/\/eticoshop.it\/categoria-prodotto\/dispensa\/"},{"@type":"ListItem","position":4,"name":"Pesto Toscano"}]},{"@type":"WebSite","@id":"https:\/\/eticoshop.it\/#website","url":"https:\/\/eticoshop.it\/","name":"\u00c8tico","description":"","publisher":{"@id":"https:\/\/eticoshop.it\/#organization"},"potentialAction":[{"@type":"SearchAction","target":{"@type":"EntryPoint","urlTemplate":"https:\/\/eticoshop.it\/?s={search_term_string}"},"query-input":{"@type":"PropertyValueSpecification","valueRequired":true,"valueName":"search_term_string"}}],"inLanguage":"en-GB"},{"@type":"Organization","@id":"https:\/\/eticoshop.it\/#organization","name":"\u00c8tico","url":"https:\/\/eticoshop.it\/","logo":{"@type":"ImageObject","inLanguage":"en-GB","@id":"https:\/\/eticoshop.it\/#\/schema\/logo\/image\/","url":"https:\/\/eticoshop.it\/wp-content\/uploads\/2023\/09\/logo-etico.svg","contentUrl":"https:\/\/eticoshop.it\/wp-content\/uploads\/2023\/09\/logo-etico.svg","width":973,"height":360,"caption":"\u00c8tico"},"image":{"@id":"https:\/\/eticoshop.it\/#\/schema\/logo\/image\/"}}]}},"_links":{"self":[{"href":"https:\/\/eticoshop.it\/en\/wp-json\/wp\/v2\/product\/8606","targetHints":{"allow":["GET"]}}],"collection":[{"href":"https:\/\/eticoshop.it\/en\/wp-json\/wp\/v2\/product"}],"about":[{"href":"https:\/\/eticoshop.it\/en\/wp-json\/wp\/v2\/types\/product"}],"wp:featuredmedia":[{"embeddable":true,"href":"https:\/\/eticoshop.it\/en\/wp-json\/wp\/v2\/media\/8608"}],"wp:attachment":[{"href":"https:\/\/eticoshop.it\/en\/wp-json\/wp\/v2\/media?parent=8606"}],"wp:term":[{"taxonomy":"product_brand","embeddable":true,"href":"https:\/\/eticoshop.it\/en\/wp-json\/wp\/v2\/product_brand?post=8606"},{"taxonomy":"product_cat","embeddable":true,"href":"https:\/\/eticoshop.it\/en\/wp-json\/wp\/v2\/product_cat?post=8606"},{"taxonomy":"product_tag","embeddable":true,"href":"https:\/\/eticoshop.it\/en\/wp-json\/wp\/v2\/product_tag?post=8606"}],"curies":[{"name":"wp","href":"https:\/\/api.w.org\/{rel}","templated":true}]}}