





















{"id":8660,"date":"2024-06-24T09:32:02","date_gmt":"2024-06-24T07:32:02","guid":{"rendered":"https:\/\/eticoshop.it\/?post_type=product&#038;p=8660"},"modified":"2024-06-24T09:32:02","modified_gmt":"2024-06-24T07:32:02","slug":"salsa-pronta","status":"publish","type":"product","link":"https:\/\/eticoshop.it\/en\/negozio\/dispensa\/salsa\/salsa-pronta\/","title":{"rendered":"Salsa Pronta"},"content":{"rendered":"<p><span data-sheets-root=\"1\" data-sheets-value=\"{&quot;1&quot;:2,&quot;2&quot;:&quot;La Salsa Pronta LaSelva \u00e8 una salsa di pomodoro biologica con verdure fresche, ideale per preparazioni veloci e nutrienti, perfetta per tutta la famiglia.&quot;}\" data-sheets-userformat=\"{&quot;2&quot;:961,&quot;3&quot;:{&quot;1&quot;:0},&quot;9&quot;:1,&quot;10&quot;:1,&quot;11&quot;:4,&quot;12&quot;:0}\">La Salsa Pronta LaSelva \u00e8 una salsa di pomodoro biologica con verdure fresche, ideale per preparazioni veloci e nutrienti, perfetta per tutta la famiglia.<\/span><\/p>","protected":false},"excerpt":{"rendered":"<p><span data-sheets-root=\"1\" data-sheets-value=\"{&quot;1&quot;:2,&quot;2&quot;:&quot;La Salsa Pronta LaSelva \u00e8 realizzata con pomodori italiani e verdure fresche, provenienti da agricoltura biologica. Composta dal 96% di pomodori e da una combinazione equilibrata di carote, cipolle e sedano, questa salsa \u00e8 arricchita con basilico e sale marino, per un sapore autentico e genuino. La salsa \u00e8 pronta per essere utilizzata direttamente sulla pasta, come base per sughi pi\u00f9 elaborati o per insaporire altre preparazioni culinarie. LaSelva, con la sua lunga tradizione agricola dal 1980, garantisce un prodotto di alta qualit\u00e0, senza conservanti n\u00e9 additivi artificiali, adatto anche per una dieta vegetariana e vegana.&quot;}\" data-sheets-userformat=\"{&quot;2&quot;:961,&quot;3&quot;:{&quot;1&quot;:0},&quot;9&quot;:1,&quot;10&quot;:1,&quot;11&quot;:4,&quot;12&quot;:0}\">La Salsa Pronta LaSelva \u00e8 realizzata con pomodori italiani e verdure fresche, provenienti da agricoltura biologica. Composta dal 96% di pomodori e da una combinazione equilibrata di carote, cipolle e sedano, questa salsa \u00e8 arricchita con basilico e sale marino, per un sapore autentico e genuino. La salsa \u00e8 pronta per essere utilizzata direttamente sulla pasta, come base per sughi pi\u00f9 elaborati o per insaporire altre preparazioni culinarie. LaSelva, con la sua lunga tradizione agricola dal 1980, garantisce un prodotto di alta qualit\u00e0, senza conservanti n\u00e9 additivi artificiali, adatto anche per una dieta vegetariana e vegana.<\/span><\/p>\n<p><span data-sheets-root=\"1\" data-sheets-value=\"{&quot;1&quot;:2,&quot;2&quot;:&quot;La Salsa Pronta pu\u00f2 essere utilizzata direttamente sulla pasta, riscaldandola leggermente per esaltarne il sapore. Ideale anche come base per sughi, minestre e altre preparazioni. Dopo l'apertura, conservare in frigorifero e consumare entro pochi giorni per mantenere intatta la freschezza.&quot;}\" data-sheets-userformat=\"{&quot;2&quot;:961,&quot;3&quot;:{&quot;1&quot;:0},&quot;9&quot;:1,&quot;10&quot;:1,&quot;11&quot;:4,&quot;12&quot;:0}\">La Salsa Pronta pu\u00f2 essere utilizzata direttamente sulla pasta, riscaldandola leggermente per esaltarne il sapore. Ideale anche come base per sughi, minestre e altre preparazioni. Dopo l&#8217;apertura, conservare in frigorifero e consumare entro pochi giorni per mantenere intatta la freschezza.<\/span><\/p>\n<p><span data-sheets-root=\"1\" data-sheets-value=\"{&quot;1&quot;:2,&quot;2&quot;:&quot;Il prodotto \u00e8 confezionato in un vasetto di vetro da 340 g. Dopo l'uso, smaltire il vasetto nella raccolta differenziata del vetro e il tappo nella raccolta della plastica. Per ulteriori dettagli sul corretto smaltimento, verificare le disposizioni locali o visitare il sito del produttore.&quot;}\" data-sheets-userformat=\"{&quot;2&quot;:961,&quot;3&quot;:{&quot;1&quot;:0},&quot;9&quot;:1,&quot;10&quot;:1,&quot;11&quot;:4,&quot;12&quot;:0}\">Il prodotto \u00e8 confezionato in un vasetto di vetro da 340 g. Dopo l&#8217;uso, smaltire il vasetto nella raccolta differenziata del vetro e il tappo nella raccolta della plastica. Per ulteriori dettagli sul corretto smaltimento, verificare le disposizioni locali o visitare il sito del produttore.<\/span><\/p>","protected":false},"featured_media":8656,"template":"","meta":{"_acf_changed":false,"inline_featured_image":false},"product_brand":[],"product_cat":[28,392],"product_tag":[106,420,267,455,243,438,453,456],"class_list":{"0":"post-8660","1":"product","2":"type-product","3":"status-publish","4":"has-post-thumbnail","6":"product_cat-dispensa","7":"product_cat-salsa","8":"product_tag-biologico","9":"product_tag-naturale","10":"product_tag-pronta-alluso","11":"product_tag-salsa-di-pomodoro","12":"product_tag-senza-conservanti","13":"product_tag-vegano","14":"product_tag-vegetariano","15":"product_tag-verdure-fresche","17":"first","18":"instock","19":"taxable","20":"shipping-taxable","21":"purchasable","22":"product-type-simple"},"acf":[],"yoast_head":"<!-- This site is optimized with the Yoast SEO plugin v27.4 - https:\/\/yoast.com\/product\/yoast-seo-wordpress\/ -->\n<title>Salsa Pronta - \u00c8tico<\/title>\n<meta name=\"robots\" content=\"index, follow, max-snippet:-1, max-image-preview:large, max-video-preview:-1\" \/>\n<link rel=\"canonical\" href=\"https:\/\/eticoshop.it\/en\/negozio\/dispensa\/salsa\/salsa-pronta\/\" \/>\n<meta property=\"og:locale\" content=\"en_GB\" \/>\n<meta property=\"og:type\" content=\"article\" \/>\n<meta property=\"og:title\" content=\"Salsa Pronta - \u00c8tico\" \/>\n<meta property=\"og:description\" content=\"La Salsa Pronta LaSelva \u00e8 realizzata con pomodori italiani e verdure fresche, provenienti da agricoltura biologica. Composta dal 96% di pomodori e da una combinazione equilibrata di carote, cipolle e sedano, questa salsa \u00e8 arricchita con basilico e sale marino, per un sapore autentico e genuino. La salsa \u00e8 pronta per essere utilizzata direttamente sulla pasta, come base per sughi pi\u00f9 elaborati o per insaporire altre preparazioni culinarie. LaSelva, con la sua lunga tradizione agricola dal 1980, garantisce un prodotto di alta qualit\u00e0, senza conservanti n\u00e9 additivi artificiali, adatto anche per una dieta vegetariana e vegana.  La Salsa Pronta pu\u00f2 essere utilizzata direttamente sulla pasta, riscaldandola leggermente per esaltarne il sapore. Ideale anche come base per sughi, minestre e altre preparazioni. Dopo l&#039;apertura, conservare in frigorifero e consumare entro pochi giorni per mantenere intatta la freschezza.  Il prodotto \u00e8 confezionato in un vasetto di vetro da 340 g. Dopo l&#039;uso, smaltire il vasetto nella raccolta differenziata del vetro e il tappo nella raccolta della plastica. Per ulteriori dettagli sul corretto smaltimento, verificare le disposizioni locali o visitare il sito del produttore.\" \/>\n<meta property=\"og:url\" content=\"https:\/\/eticoshop.it\/en\/negozio\/dispensa\/salsa\/salsa-pronta\/\" \/>\n<meta property=\"og:site_name\" content=\"\u00c8tico\" \/>\n<meta property=\"og:image\" content=\"https:\/\/eticoshop.it\/wp-content\/uploads\/2024\/06\/salsa-pronta-copia.png\" \/>\n\t<meta property=\"og:image:width\" content=\"1000\" \/>\n\t<meta property=\"og:image:height\" content=\"1000\" \/>\n\t<meta property=\"og:image:type\" content=\"image\/png\" \/>\n<meta name=\"twitter:card\" content=\"summary_large_image\" \/>\n<meta name=\"twitter:label1\" content=\"Estimated reading time\" \/>\n\t<meta name=\"twitter:data1\" content=\"1 minute\" \/>\n<script type=\"application\/ld+json\" class=\"yoast-schema-graph\">{\"@context\":\"https:\\\/\\\/schema.org\",\"@graph\":[{\"@type\":\"WebPage\",\"@id\":\"https:\\\/\\\/eticoshop.it\\\/negozio\\\/dispensa\\\/salsa\\\/salsa-pronta\\\/\",\"url\":\"https:\\\/\\\/eticoshop.it\\\/negozio\\\/dispensa\\\/salsa\\\/salsa-pronta\\\/\",\"name\":\"Salsa Pronta - \u00c8tico\",\"isPartOf\":{\"@id\":\"https:\\\/\\\/eticoshop.it\\\/#website\"},\"primaryImageOfPage\":{\"@id\":\"https:\\\/\\\/eticoshop.it\\\/negozio\\\/dispensa\\\/salsa\\\/salsa-pronta\\\/#primaryimage\"},\"image\":{\"@id\":\"https:\\\/\\\/eticoshop.it\\\/negozio\\\/dispensa\\\/salsa\\\/salsa-pronta\\\/#primaryimage\"},\"thumbnailUrl\":\"https:\\\/\\\/eticoshop.it\\\/wp-content\\\/uploads\\\/2024\\\/06\\\/salsa-pronta-copia.png\",\"datePublished\":\"2024-06-24T07:32:02+00:00\",\"breadcrumb\":{\"@id\":\"https:\\\/\\\/eticoshop.it\\\/negozio\\\/dispensa\\\/salsa\\\/salsa-pronta\\\/#breadcrumb\"},\"inLanguage\":\"en-GB\",\"potentialAction\":[{\"@type\":\"ReadAction\",\"target\":[\"https:\\\/\\\/eticoshop.it\\\/negozio\\\/dispensa\\\/salsa\\\/salsa-pronta\\\/\"]}]},{\"@type\":\"ImageObject\",\"inLanguage\":\"en-GB\",\"@id\":\"https:\\\/\\\/eticoshop.it\\\/negozio\\\/dispensa\\\/salsa\\\/salsa-pronta\\\/#primaryimage\",\"url\":\"https:\\\/\\\/eticoshop.it\\\/wp-content\\\/uploads\\\/2024\\\/06\\\/salsa-pronta-copia.png\",\"contentUrl\":\"https:\\\/\\\/eticoshop.it\\\/wp-content\\\/uploads\\\/2024\\\/06\\\/salsa-pronta-copia.png\",\"width\":1000,\"height\":1000,\"caption\":\"salsa pronta\"},{\"@type\":\"BreadcrumbList\",\"@id\":\"https:\\\/\\\/eticoshop.it\\\/negozio\\\/dispensa\\\/salsa\\\/salsa-pronta\\\/#breadcrumb\",\"itemListElement\":[{\"@type\":\"ListItem\",\"position\":1,\"name\":\"Home\",\"item\":\"https:\\\/\\\/eticoshop.it\\\/\"},{\"@type\":\"ListItem\",\"position\":2,\"name\":\"Shop\",\"item\":\"https:\\\/\\\/eticoshop.it\\\/negozio\\\/\"},{\"@type\":\"ListItem\",\"position\":3,\"name\":\"Dispensa\",\"item\":\"https:\\\/\\\/eticoshop.it\\\/categoria-prodotto\\\/dispensa\\\/\"},{\"@type\":\"ListItem\",\"position\":4,\"name\":\"Salsa Pronta\"}]},{\"@type\":\"WebSite\",\"@id\":\"https:\\\/\\\/eticoshop.it\\\/#website\",\"url\":\"https:\\\/\\\/eticoshop.it\\\/\",\"name\":\"\u00c8tico\",\"description\":\"\",\"publisher\":{\"@id\":\"https:\\\/\\\/eticoshop.it\\\/#organization\"},\"potentialAction\":[{\"@type\":\"SearchAction\",\"target\":{\"@type\":\"EntryPoint\",\"urlTemplate\":\"https:\\\/\\\/eticoshop.it\\\/?s={search_term_string}\"},\"query-input\":{\"@type\":\"PropertyValueSpecification\",\"valueRequired\":true,\"valueName\":\"search_term_string\"}}],\"inLanguage\":\"en-GB\"},{\"@type\":\"Organization\",\"@id\":\"https:\\\/\\\/eticoshop.it\\\/#organization\",\"name\":\"\u00c8tico\",\"url\":\"https:\\\/\\\/eticoshop.it\\\/\",\"logo\":{\"@type\":\"ImageObject\",\"inLanguage\":\"en-GB\",\"@id\":\"https:\\\/\\\/eticoshop.it\\\/#\\\/schema\\\/logo\\\/image\\\/\",\"url\":\"https:\\\/\\\/eticoshop.it\\\/wp-content\\\/uploads\\\/2023\\\/09\\\/logo-etico.svg\",\"contentUrl\":\"https:\\\/\\\/eticoshop.it\\\/wp-content\\\/uploads\\\/2023\\\/09\\\/logo-etico.svg\",\"width\":973,\"height\":360,\"caption\":\"\u00c8tico\"},\"image\":{\"@id\":\"https:\\\/\\\/eticoshop.it\\\/#\\\/schema\\\/logo\\\/image\\\/\"}}]}<\/script>\n<!-- \/ Yoast SEO plugin. -->","yoast_head_json":{"title":"Salsa Pronta - \u00c8tico","robots":{"index":"index","follow":"follow","max-snippet":"max-snippet:-1","max-image-preview":"max-image-preview:large","max-video-preview":"max-video-preview:-1"},"canonical":"https:\/\/eticoshop.it\/en\/negozio\/dispensa\/salsa\/salsa-pronta\/","og_locale":"en_GB","og_type":"article","og_title":"Salsa Pronta - \u00c8tico","og_description":"La Salsa Pronta LaSelva \u00e8 realizzata con pomodori italiani e verdure fresche, provenienti da agricoltura biologica. Composta dal 96% di pomodori e da una combinazione equilibrata di carote, cipolle e sedano, questa salsa \u00e8 arricchita con basilico e sale marino, per un sapore autentico e genuino. La salsa \u00e8 pronta per essere utilizzata direttamente sulla pasta, come base per sughi pi\u00f9 elaborati o per insaporire altre preparazioni culinarie. LaSelva, con la sua lunga tradizione agricola dal 1980, garantisce un prodotto di alta qualit\u00e0, senza conservanti n\u00e9 additivi artificiali, adatto anche per una dieta vegetariana e vegana.  La Salsa Pronta pu\u00f2 essere utilizzata direttamente sulla pasta, riscaldandola leggermente per esaltarne il sapore. Ideale anche come base per sughi, minestre e altre preparazioni. Dopo l'apertura, conservare in frigorifero e consumare entro pochi giorni per mantenere intatta la freschezza.  Il prodotto \u00e8 confezionato in un vasetto di vetro da 340 g. Dopo l'uso, smaltire il vasetto nella raccolta differenziata del vetro e il tappo nella raccolta della plastica. Per ulteriori dettagli sul corretto smaltimento, verificare le disposizioni locali o visitare il sito del produttore.","og_url":"https:\/\/eticoshop.it\/en\/negozio\/dispensa\/salsa\/salsa-pronta\/","og_site_name":"\u00c8tico","og_image":[{"width":1000,"height":1000,"url":"https:\/\/eticoshop.it\/wp-content\/uploads\/2024\/06\/salsa-pronta-copia.png","type":"image\/png"}],"twitter_card":"summary_large_image","twitter_misc":{"Estimated reading time":"1 minute"},"schema":{"@context":"https:\/\/schema.org","@graph":[{"@type":"WebPage","@id":"https:\/\/eticoshop.it\/negozio\/dispensa\/salsa\/salsa-pronta\/","url":"https:\/\/eticoshop.it\/negozio\/dispensa\/salsa\/salsa-pronta\/","name":"Salsa Pronta - \u00c8tico","isPartOf":{"@id":"https:\/\/eticoshop.it\/#website"},"primaryImageOfPage":{"@id":"https:\/\/eticoshop.it\/negozio\/dispensa\/salsa\/salsa-pronta\/#primaryimage"},"image":{"@id":"https:\/\/eticoshop.it\/negozio\/dispensa\/salsa\/salsa-pronta\/#primaryimage"},"thumbnailUrl":"https:\/\/eticoshop.it\/wp-content\/uploads\/2024\/06\/salsa-pronta-copia.png","datePublished":"2024-06-24T07:32:02+00:00","breadcrumb":{"@id":"https:\/\/eticoshop.it\/negozio\/dispensa\/salsa\/salsa-pronta\/#breadcrumb"},"inLanguage":"en-GB","potentialAction":[{"@type":"ReadAction","target":["https:\/\/eticoshop.it\/negozio\/dispensa\/salsa\/salsa-pronta\/"]}]},{"@type":"ImageObject","inLanguage":"en-GB","@id":"https:\/\/eticoshop.it\/negozio\/dispensa\/salsa\/salsa-pronta\/#primaryimage","url":"https:\/\/eticoshop.it\/wp-content\/uploads\/2024\/06\/salsa-pronta-copia.png","contentUrl":"https:\/\/eticoshop.it\/wp-content\/uploads\/2024\/06\/salsa-pronta-copia.png","width":1000,"height":1000,"caption":"salsa pronta"},{"@type":"BreadcrumbList","@id":"https:\/\/eticoshop.it\/negozio\/dispensa\/salsa\/salsa-pronta\/#breadcrumb","itemListElement":[{"@type":"ListItem","position":1,"name":"Home","item":"https:\/\/eticoshop.it\/"},{"@type":"ListItem","position":2,"name":"Shop","item":"https:\/\/eticoshop.it\/negozio\/"},{"@type":"ListItem","position":3,"name":"Dispensa","item":"https:\/\/eticoshop.it\/categoria-prodotto\/dispensa\/"},{"@type":"ListItem","position":4,"name":"Salsa Pronta"}]},{"@type":"WebSite","@id":"https:\/\/eticoshop.it\/#website","url":"https:\/\/eticoshop.it\/","name":"\u00c8tico","description":"","publisher":{"@id":"https:\/\/eticoshop.it\/#organization"},"potentialAction":[{"@type":"SearchAction","target":{"@type":"EntryPoint","urlTemplate":"https:\/\/eticoshop.it\/?s={search_term_string}"},"query-input":{"@type":"PropertyValueSpecification","valueRequired":true,"valueName":"search_term_string"}}],"inLanguage":"en-GB"},{"@type":"Organization","@id":"https:\/\/eticoshop.it\/#organization","name":"\u00c8tico","url":"https:\/\/eticoshop.it\/","logo":{"@type":"ImageObject","inLanguage":"en-GB","@id":"https:\/\/eticoshop.it\/#\/schema\/logo\/image\/","url":"https:\/\/eticoshop.it\/wp-content\/uploads\/2023\/09\/logo-etico.svg","contentUrl":"https:\/\/eticoshop.it\/wp-content\/uploads\/2023\/09\/logo-etico.svg","width":973,"height":360,"caption":"\u00c8tico"},"image":{"@id":"https:\/\/eticoshop.it\/#\/schema\/logo\/image\/"}}]}},"_links":{"self":[{"href":"https:\/\/eticoshop.it\/en\/wp-json\/wp\/v2\/product\/8660","targetHints":{"allow":["GET"]}}],"collection":[{"href":"https:\/\/eticoshop.it\/en\/wp-json\/wp\/v2\/product"}],"about":[{"href":"https:\/\/eticoshop.it\/en\/wp-json\/wp\/v2\/types\/product"}],"wp:featuredmedia":[{"embeddable":true,"href":"https:\/\/eticoshop.it\/en\/wp-json\/wp\/v2\/media\/8656"}],"wp:attachment":[{"href":"https:\/\/eticoshop.it\/en\/wp-json\/wp\/v2\/media?parent=8660"}],"wp:term":[{"taxonomy":"product_brand","embeddable":true,"href":"https:\/\/eticoshop.it\/en\/wp-json\/wp\/v2\/product_brand?post=8660"},{"taxonomy":"product_cat","embeddable":true,"href":"https:\/\/eticoshop.it\/en\/wp-json\/wp\/v2\/product_cat?post=8660"},{"taxonomy":"product_tag","embeddable":true,"href":"https:\/\/eticoshop.it\/en\/wp-json\/wp\/v2\/product_tag?post=8660"}],"curies":[{"name":"wp","href":"https:\/\/api.w.org\/{rel}","templated":true}]}}