





















{"id":8661,"date":"2024-06-24T09:32:42","date_gmt":"2024-06-24T07:32:42","guid":{"rendered":"https:\/\/eticoshop.it\/?post_type=product&#038;p=8661"},"modified":"2024-06-24T09:32:43","modified_gmt":"2024-06-24T07:32:43","slug":"chianti-santellero","status":"publish","type":"product","link":"https:\/\/eticoshop.it\/en\/negozio\/dispensa\/vino\/chianti-santellero\/","title":{"rendered":"Chianti Sant&#8217;Ellero"},"content":{"rendered":"<p><span data-sheets-root=\"1\" data-sheets-value=\"{&quot;1&quot;:2,&quot;2&quot;:&quot;Il Chianti Sant'Ellero \u00e8 un vino rosso biologico DOCG toscano, caratterizzato da un gusto pieno e avvolgente, perfetto per accompagnare i tuoi piatti pi\u00f9 pregiati.&quot;}\" data-sheets-userformat=\"{&quot;2&quot;:961,&quot;3&quot;:{&quot;1&quot;:0},&quot;9&quot;:1,&quot;10&quot;:1,&quot;11&quot;:4,&quot;12&quot;:0}\">Il Chianti Sant&#8217;Ellero \u00e8 un vino rosso biologico DOCG toscano, caratterizzato da un gusto pieno e avvolgente, perfetto per accompagnare i tuoi piatti pi\u00f9 pregiati.<\/span><\/p>","protected":false},"excerpt":{"rendered":"<p><span data-sheets-root=\"1\" data-sheets-value=\"{&quot;1&quot;:2,&quot;2&quot;:&quot;Il Chianti Sant'Ellero \u00e8 prodotto in Toscana, nella regione collinare famosa per i suoi vigneti. Questo vino rosso DOCG \u00e8 ottenuto da uve selezionate e coltivate secondo i principi dell'agricoltura biologica, garantendo un prodotto di alta qualit\u00e0 e nel rispetto dell'ambiente. Con un colore rosso rubino intenso, al naso si presenta con un bouquet di aromi fruttati e floreali, arricchiti da note speziate. Al palato, il Chianti Sant'Ellero offre un gusto pieno e armonico, con tannini ben bilanciati e un retrogusto persistente. \u00c8 un vino versatile, ideale per accompagnare carni rosse, cacciagione, formaggi stagionati e piatti tipici della cucina toscana.&quot;}\" data-sheets-userformat=\"{&quot;2&quot;:961,&quot;3&quot;:{&quot;1&quot;:0},&quot;9&quot;:1,&quot;10&quot;:1,&quot;11&quot;:4,&quot;12&quot;:0}\">Il Chianti Sant&#8217;Ellero \u00e8 prodotto in Toscana, nella regione collinare famosa per i suoi vigneti. Questo vino rosso DOCG \u00e8 ottenuto da uve selezionate e coltivate secondo i principi dell&#8217;agricoltura biologica, garantendo un prodotto di alta qualit\u00e0 e nel rispetto dell&#8217;ambiente. Con un colore rosso rubino intenso, al naso si presenta con un bouquet di aromi fruttati e floreali, arricchiti da note speziate. Al palato, il Chianti Sant&#8217;Ellero offre un gusto pieno e armonico, con tannini ben bilanciati e un retrogusto persistente. \u00c8 un vino versatile, ideale per accompagnare carni rosse, cacciagione, formaggi stagionati e piatti tipici della cucina toscana.<\/span><\/p>\n<p><span data-sheets-root=\"1\" data-sheets-value=\"{&quot;1&quot;:2,&quot;2&quot;:&quot;Il Chianti Sant'Ellero va servito a una temperatura di 16-18\u00b0C per esaltarne al meglio gli aromi e il gusto. Si consiglia di lasciarlo ossigenare per qualche minuto prima di servirlo per permettere al vino di esprimere tutte le sue sfumature aromatiche.\\n&quot;}\" data-sheets-userformat=\"{&quot;2&quot;:961,&quot;3&quot;:{&quot;1&quot;:0},&quot;9&quot;:1,&quot;10&quot;:1,&quot;11&quot;:4,&quot;12&quot;:0}\">Il Chianti Sant&#8217;Ellero va servito a una temperatura di 16-18\u00b0C per esaltarne al meglio gli aromi e il gusto. Si consiglia di lasciarlo ossigenare per qualche minuto prima di servirlo per permettere al vino di esprimere tutte le sue sfumature aromatiche.<br \/>\n<\/span><\/p>\n<p><span data-sheets-root=\"1\" data-sheets-value=\"{&quot;1&quot;:2,&quot;2&quot;:&quot;Il prodotto \u00e8 confezionato in una bottiglia di vetro da 750 ml. Dopo l'uso, smaltire la bottiglia nella raccolta differenziata del vetro e il tappo nella raccolta della plastica o del sughero. Per ulteriori dettagli sul corretto smaltimento, verificare le disposizioni locali o visitare il sito del produttore.&quot;}\" data-sheets-userformat=\"{&quot;2&quot;:961,&quot;3&quot;:{&quot;1&quot;:0},&quot;9&quot;:1,&quot;10&quot;:1,&quot;11&quot;:4,&quot;12&quot;:0}\">Il prodotto \u00e8 confezionato in una bottiglia di vetro da 750 ml. Dopo l&#8217;uso, smaltire la bottiglia nella raccolta differenziata del vetro e il tappo nella raccolta della plastica o del sughero. Per ulteriori dettagli sul corretto smaltimento, verificare le disposizioni locali o visitare il sito del produttore.<\/span><\/p>","protected":false},"featured_media":8664,"template":"","meta":{"_acf_changed":false,"inline_featured_image":false},"product_brand":[],"product_cat":[28,457],"product_tag":[261,106,461,56,459,462,460,410,458],"class_list":{"0":"post-8661","1":"product","2":"type-product","3":"status-publish","4":"has-post-thumbnail","6":"product_cat-dispensa","7":"product_cat-vino","8":"product_tag-aromatico","9":"product_tag-biologico","10":"product_tag-carni-rosse","11":"product_tag-chianti","12":"product_tag-docg","13":"product_tag-formaggi-stagionati","14":"product_tag-gusto-pieno","15":"product_tag-toscana","16":"product_tag-vino-rosso","18":"first","19":"instock","20":"taxable","21":"shipping-taxable","22":"purchasable","23":"product-type-simple"},"acf":[],"yoast_head":"<!-- This site is optimized with the Yoast SEO plugin v27.4 - https:\/\/yoast.com\/product\/yoast-seo-wordpress\/ -->\n<title>Chianti Sant&#039;Ellero - \u00c8tico<\/title>\n<meta name=\"robots\" content=\"index, follow, max-snippet:-1, max-image-preview:large, max-video-preview:-1\" \/>\n<link rel=\"canonical\" href=\"https:\/\/eticoshop.it\/en\/negozio\/dispensa\/vino\/chianti-santellero\/\" \/>\n<meta property=\"og:locale\" content=\"en_GB\" \/>\n<meta property=\"og:type\" content=\"article\" \/>\n<meta property=\"og:title\" content=\"Chianti Sant&#039;Ellero - \u00c8tico\" \/>\n<meta property=\"og:description\" content=\"Il Chianti Sant&#039;Ellero \u00e8 prodotto in Toscana, nella regione collinare famosa per i suoi vigneti. Questo vino rosso DOCG \u00e8 ottenuto da uve selezionate e coltivate secondo i principi dell&#039;agricoltura biologica, garantendo un prodotto di alta qualit\u00e0 e nel rispetto dell&#039;ambiente. Con un colore rosso rubino intenso, al naso si presenta con un bouquet di aromi fruttati e floreali, arricchiti da note speziate. Al palato, il Chianti Sant&#039;Ellero offre un gusto pieno e armonico, con tannini ben bilanciati e un retrogusto persistente. \u00c8 un vino versatile, ideale per accompagnare carni rosse, cacciagione, formaggi stagionati e piatti tipici della cucina toscana.  Il Chianti Sant&#039;Ellero va servito a una temperatura di 16-18\u00b0C per esaltarne al meglio gli aromi e il gusto. Si consiglia di lasciarlo ossigenare per qualche minuto prima di servirlo per permettere al vino di esprimere tutte le sue sfumature aromatiche.   Il prodotto \u00e8 confezionato in una bottiglia di vetro da 750 ml. Dopo l&#039;uso, smaltire la bottiglia nella raccolta differenziata del vetro e il tappo nella raccolta della plastica o del sughero. Per ulteriori dettagli sul corretto smaltimento, verificare le disposizioni locali o visitare il sito del produttore.\" \/>\n<meta property=\"og:url\" content=\"https:\/\/eticoshop.it\/en\/negozio\/dispensa\/vino\/chianti-santellero\/\" \/>\n<meta property=\"og:site_name\" content=\"\u00c8tico\" \/>\n<meta property=\"article:modified_time\" content=\"2024-06-24T07:32:43+00:00\" \/>\n<meta property=\"og:image\" content=\"https:\/\/eticoshop.it\/wp-content\/uploads\/2024\/06\/sant_ellero_2_reduced.webp\" \/>\n\t<meta property=\"og:image:width\" content=\"800\" \/>\n\t<meta property=\"og:image:height\" content=\"800\" \/>\n\t<meta property=\"og:image:type\" content=\"image\/webp\" \/>\n<meta name=\"twitter:card\" content=\"summary_large_image\" \/>\n<meta name=\"twitter:label1\" content=\"Estimated reading time\" \/>\n\t<meta name=\"twitter:data1\" content=\"1 minute\" \/>\n<script type=\"application\/ld+json\" class=\"yoast-schema-graph\">{\"@context\":\"https:\\\/\\\/schema.org\",\"@graph\":[{\"@type\":\"WebPage\",\"@id\":\"https:\\\/\\\/eticoshop.it\\\/negozio\\\/dispensa\\\/vino\\\/chianti-santellero\\\/\",\"url\":\"https:\\\/\\\/eticoshop.it\\\/negozio\\\/dispensa\\\/vino\\\/chianti-santellero\\\/\",\"name\":\"Chianti Sant'Ellero - \u00c8tico\",\"isPartOf\":{\"@id\":\"https:\\\/\\\/eticoshop.it\\\/#website\"},\"primaryImageOfPage\":{\"@id\":\"https:\\\/\\\/eticoshop.it\\\/negozio\\\/dispensa\\\/vino\\\/chianti-santellero\\\/#primaryimage\"},\"image\":{\"@id\":\"https:\\\/\\\/eticoshop.it\\\/negozio\\\/dispensa\\\/vino\\\/chianti-santellero\\\/#primaryimage\"},\"thumbnailUrl\":\"https:\\\/\\\/eticoshop.it\\\/wp-content\\\/uploads\\\/2024\\\/06\\\/sant_ellero_2_reduced.webp\",\"datePublished\":\"2024-06-24T07:32:42+00:00\",\"dateModified\":\"2024-06-24T07:32:43+00:00\",\"breadcrumb\":{\"@id\":\"https:\\\/\\\/eticoshop.it\\\/negozio\\\/dispensa\\\/vino\\\/chianti-santellero\\\/#breadcrumb\"},\"inLanguage\":\"en-GB\",\"potentialAction\":[{\"@type\":\"ReadAction\",\"target\":[\"https:\\\/\\\/eticoshop.it\\\/negozio\\\/dispensa\\\/vino\\\/chianti-santellero\\\/\"]}]},{\"@type\":\"ImageObject\",\"inLanguage\":\"en-GB\",\"@id\":\"https:\\\/\\\/eticoshop.it\\\/negozio\\\/dispensa\\\/vino\\\/chianti-santellero\\\/#primaryimage\",\"url\":\"https:\\\/\\\/eticoshop.it\\\/wp-content\\\/uploads\\\/2024\\\/06\\\/sant_ellero_2_reduced.webp\",\"contentUrl\":\"https:\\\/\\\/eticoshop.it\\\/wp-content\\\/uploads\\\/2024\\\/06\\\/sant_ellero_2_reduced.webp\",\"width\":800,\"height\":800,\"caption\":\"chianti sant'ellero\"},{\"@type\":\"BreadcrumbList\",\"@id\":\"https:\\\/\\\/eticoshop.it\\\/negozio\\\/dispensa\\\/vino\\\/chianti-santellero\\\/#breadcrumb\",\"itemListElement\":[{\"@type\":\"ListItem\",\"position\":1,\"name\":\"Home\",\"item\":\"https:\\\/\\\/eticoshop.it\\\/\"},{\"@type\":\"ListItem\",\"position\":2,\"name\":\"Shop\",\"item\":\"https:\\\/\\\/eticoshop.it\\\/negozio\\\/\"},{\"@type\":\"ListItem\",\"position\":3,\"name\":\"Dispensa\",\"item\":\"https:\\\/\\\/eticoshop.it\\\/categoria-prodotto\\\/dispensa\\\/\"},{\"@type\":\"ListItem\",\"position\":4,\"name\":\"Chianti Sant&#8217;Ellero\"}]},{\"@type\":\"WebSite\",\"@id\":\"https:\\\/\\\/eticoshop.it\\\/#website\",\"url\":\"https:\\\/\\\/eticoshop.it\\\/\",\"name\":\"\u00c8tico\",\"description\":\"\",\"publisher\":{\"@id\":\"https:\\\/\\\/eticoshop.it\\\/#organization\"},\"potentialAction\":[{\"@type\":\"SearchAction\",\"target\":{\"@type\":\"EntryPoint\",\"urlTemplate\":\"https:\\\/\\\/eticoshop.it\\\/?s={search_term_string}\"},\"query-input\":{\"@type\":\"PropertyValueSpecification\",\"valueRequired\":true,\"valueName\":\"search_term_string\"}}],\"inLanguage\":\"en-GB\"},{\"@type\":\"Organization\",\"@id\":\"https:\\\/\\\/eticoshop.it\\\/#organization\",\"name\":\"\u00c8tico\",\"url\":\"https:\\\/\\\/eticoshop.it\\\/\",\"logo\":{\"@type\":\"ImageObject\",\"inLanguage\":\"en-GB\",\"@id\":\"https:\\\/\\\/eticoshop.it\\\/#\\\/schema\\\/logo\\\/image\\\/\",\"url\":\"https:\\\/\\\/eticoshop.it\\\/wp-content\\\/uploads\\\/2023\\\/09\\\/logo-etico.svg\",\"contentUrl\":\"https:\\\/\\\/eticoshop.it\\\/wp-content\\\/uploads\\\/2023\\\/09\\\/logo-etico.svg\",\"width\":973,\"height\":360,\"caption\":\"\u00c8tico\"},\"image\":{\"@id\":\"https:\\\/\\\/eticoshop.it\\\/#\\\/schema\\\/logo\\\/image\\\/\"}}]}<\/script>\n<!-- \/ Yoast SEO plugin. -->","yoast_head_json":{"title":"Chianti Sant'Ellero - \u00c8tico","robots":{"index":"index","follow":"follow","max-snippet":"max-snippet:-1","max-image-preview":"max-image-preview:large","max-video-preview":"max-video-preview:-1"},"canonical":"https:\/\/eticoshop.it\/en\/negozio\/dispensa\/vino\/chianti-santellero\/","og_locale":"en_GB","og_type":"article","og_title":"Chianti Sant'Ellero - \u00c8tico","og_description":"Il Chianti Sant'Ellero \u00e8 prodotto in Toscana, nella regione collinare famosa per i suoi vigneti. Questo vino rosso DOCG \u00e8 ottenuto da uve selezionate e coltivate secondo i principi dell'agricoltura biologica, garantendo un prodotto di alta qualit\u00e0 e nel rispetto dell'ambiente. Con un colore rosso rubino intenso, al naso si presenta con un bouquet di aromi fruttati e floreali, arricchiti da note speziate. Al palato, il Chianti Sant'Ellero offre un gusto pieno e armonico, con tannini ben bilanciati e un retrogusto persistente. \u00c8 un vino versatile, ideale per accompagnare carni rosse, cacciagione, formaggi stagionati e piatti tipici della cucina toscana.  Il Chianti Sant'Ellero va servito a una temperatura di 16-18\u00b0C per esaltarne al meglio gli aromi e il gusto. Si consiglia di lasciarlo ossigenare per qualche minuto prima di servirlo per permettere al vino di esprimere tutte le sue sfumature aromatiche.   Il prodotto \u00e8 confezionato in una bottiglia di vetro da 750 ml. Dopo l'uso, smaltire la bottiglia nella raccolta differenziata del vetro e il tappo nella raccolta della plastica o del sughero. Per ulteriori dettagli sul corretto smaltimento, verificare le disposizioni locali o visitare il sito del produttore.","og_url":"https:\/\/eticoshop.it\/en\/negozio\/dispensa\/vino\/chianti-santellero\/","og_site_name":"\u00c8tico","article_modified_time":"2024-06-24T07:32:43+00:00","og_image":[{"width":800,"height":800,"url":"https:\/\/eticoshop.it\/wp-content\/uploads\/2024\/06\/sant_ellero_2_reduced.webp","type":"image\/webp"}],"twitter_card":"summary_large_image","twitter_misc":{"Estimated reading time":"1 minute"},"schema":{"@context":"https:\/\/schema.org","@graph":[{"@type":"WebPage","@id":"https:\/\/eticoshop.it\/negozio\/dispensa\/vino\/chianti-santellero\/","url":"https:\/\/eticoshop.it\/negozio\/dispensa\/vino\/chianti-santellero\/","name":"Chianti Sant'Ellero - \u00c8tico","isPartOf":{"@id":"https:\/\/eticoshop.it\/#website"},"primaryImageOfPage":{"@id":"https:\/\/eticoshop.it\/negozio\/dispensa\/vino\/chianti-santellero\/#primaryimage"},"image":{"@id":"https:\/\/eticoshop.it\/negozio\/dispensa\/vino\/chianti-santellero\/#primaryimage"},"thumbnailUrl":"https:\/\/eticoshop.it\/wp-content\/uploads\/2024\/06\/sant_ellero_2_reduced.webp","datePublished":"2024-06-24T07:32:42+00:00","dateModified":"2024-06-24T07:32:43+00:00","breadcrumb":{"@id":"https:\/\/eticoshop.it\/negozio\/dispensa\/vino\/chianti-santellero\/#breadcrumb"},"inLanguage":"en-GB","potentialAction":[{"@type":"ReadAction","target":["https:\/\/eticoshop.it\/negozio\/dispensa\/vino\/chianti-santellero\/"]}]},{"@type":"ImageObject","inLanguage":"en-GB","@id":"https:\/\/eticoshop.it\/negozio\/dispensa\/vino\/chianti-santellero\/#primaryimage","url":"https:\/\/eticoshop.it\/wp-content\/uploads\/2024\/06\/sant_ellero_2_reduced.webp","contentUrl":"https:\/\/eticoshop.it\/wp-content\/uploads\/2024\/06\/sant_ellero_2_reduced.webp","width":800,"height":800,"caption":"chianti sant'ellero"},{"@type":"BreadcrumbList","@id":"https:\/\/eticoshop.it\/negozio\/dispensa\/vino\/chianti-santellero\/#breadcrumb","itemListElement":[{"@type":"ListItem","position":1,"name":"Home","item":"https:\/\/eticoshop.it\/"},{"@type":"ListItem","position":2,"name":"Shop","item":"https:\/\/eticoshop.it\/negozio\/"},{"@type":"ListItem","position":3,"name":"Dispensa","item":"https:\/\/eticoshop.it\/categoria-prodotto\/dispensa\/"},{"@type":"ListItem","position":4,"name":"Chianti Sant&#8217;Ellero"}]},{"@type":"WebSite","@id":"https:\/\/eticoshop.it\/#website","url":"https:\/\/eticoshop.it\/","name":"\u00c8tico","description":"","publisher":{"@id":"https:\/\/eticoshop.it\/#organization"},"potentialAction":[{"@type":"SearchAction","target":{"@type":"EntryPoint","urlTemplate":"https:\/\/eticoshop.it\/?s={search_term_string}"},"query-input":{"@type":"PropertyValueSpecification","valueRequired":true,"valueName":"search_term_string"}}],"inLanguage":"en-GB"},{"@type":"Organization","@id":"https:\/\/eticoshop.it\/#organization","name":"\u00c8tico","url":"https:\/\/eticoshop.it\/","logo":{"@type":"ImageObject","inLanguage":"en-GB","@id":"https:\/\/eticoshop.it\/#\/schema\/logo\/image\/","url":"https:\/\/eticoshop.it\/wp-content\/uploads\/2023\/09\/logo-etico.svg","contentUrl":"https:\/\/eticoshop.it\/wp-content\/uploads\/2023\/09\/logo-etico.svg","width":973,"height":360,"caption":"\u00c8tico"},"image":{"@id":"https:\/\/eticoshop.it\/#\/schema\/logo\/image\/"}}]}},"_links":{"self":[{"href":"https:\/\/eticoshop.it\/en\/wp-json\/wp\/v2\/product\/8661","targetHints":{"allow":["GET"]}}],"collection":[{"href":"https:\/\/eticoshop.it\/en\/wp-json\/wp\/v2\/product"}],"about":[{"href":"https:\/\/eticoshop.it\/en\/wp-json\/wp\/v2\/types\/product"}],"wp:featuredmedia":[{"embeddable":true,"href":"https:\/\/eticoshop.it\/en\/wp-json\/wp\/v2\/media\/8664"}],"wp:attachment":[{"href":"https:\/\/eticoshop.it\/en\/wp-json\/wp\/v2\/media?parent=8661"}],"wp:term":[{"taxonomy":"product_brand","embeddable":true,"href":"https:\/\/eticoshop.it\/en\/wp-json\/wp\/v2\/product_brand?post=8661"},{"taxonomy":"product_cat","embeddable":true,"href":"https:\/\/eticoshop.it\/en\/wp-json\/wp\/v2\/product_cat?post=8661"},{"taxonomy":"product_tag","embeddable":true,"href":"https:\/\/eticoshop.it\/en\/wp-json\/wp\/v2\/product_tag?post=8661"}],"curies":[{"name":"wp","href":"https:\/\/api.w.org\/{rel}","templated":true}]}}