





















{"id":8665,"date":"2024-06-24T09:32:59","date_gmt":"2024-06-24T07:32:59","guid":{"rendered":"https:\/\/eticoshop.it\/?post_type=product&#038;p=8665"},"modified":"2024-06-24T09:32:59","modified_gmt":"2024-06-24T07:32:59","slug":"bio-detergente-corpo-succo-di-fiori","status":"publish","type":"product","link":"https:\/\/eticoshop.it\/en\/negozio\/cosmesi\/trattamenti-corpo\/bio-detergente-corpo-succo-di-fiori\/","title":{"rendered":"Bio Detergente Corpo Succo di Fiori"},"content":{"rendered":"<p><span data-sheets-root=\"1\" data-sheets-value=\"{&quot;1&quot;:2,&quot;2&quot;:&quot;Il Bio Detergente Corpo Succo di Fiori Iris &amp; Zenzero de La Saponaria \u00e8 un concentrato di energia e vitalit\u00e0 per la pelle, realizzato con ingredienti naturali e biologici, ideale per una pelle luminosa e splendente.&quot;}\" data-sheets-userformat=\"{&quot;2&quot;:961,&quot;3&quot;:{&quot;1&quot;:0},&quot;9&quot;:1,&quot;10&quot;:1,&quot;11&quot;:4,&quot;12&quot;:0}\">Il Bio Detergente Corpo Succo di Fiori Iris &amp; Zenzero de La Saponaria \u00e8 un concentrato di energia e vitalit\u00e0 per la pelle, realizzato con ingredienti naturali e biologici, ideale per una pelle luminosa e splendente.<\/span><\/p>","protected":false},"excerpt":{"rendered":"<p><span data-sheets-root=\"1\" data-sheets-value=\"{&quot;1&quot;:2,&quot;2&quot;:&quot;Il Bio Detergente Corpo Succo di Fiori de La Saponaria \u00e8 formulato con tensioattivi delicati di origine naturale, arricchito con estratti di iris e zenzero che nutrono e rivitalizzano la pelle. L'estratto di iris aiuta a mantenere l'elasticit\u00e0 e l'idratazione, mentre lo zenzero \u00e8 noto per le sue propriet\u00e0 tonificanti e antiossidanti. Questo detergente \u00e8 ideale per tutti i tipi di pelle, anche le pi\u00f9 sensibili, grazie alla sua composizione priva di parabeni, siliconi e solfati. La Saponaria utilizza solo ingredienti provenienti da agricoltura biologica e sostenibile, assicurando un prodotto che rispetta la pelle e l'ambiente.&quot;}\" data-sheets-userformat=\"{&quot;2&quot;:961,&quot;3&quot;:{&quot;1&quot;:0},&quot;9&quot;:1,&quot;10&quot;:1,&quot;11&quot;:4,&quot;12&quot;:0}\">Il Bio Detergente Corpo Succo di Fiori de La Saponaria \u00e8 formulato con tensioattivi delicati di origine naturale, arricchito con estratti di iris e zenzero che nutrono e rivitalizzano la pelle. L&#8217;estratto di iris aiuta a mantenere l&#8217;elasticit\u00e0 e l&#8217;idratazione, mentre lo zenzero \u00e8 noto per le sue propriet\u00e0 tonificanti e antiossidanti. Questo detergente \u00e8 ideale per tutti i tipi di pelle, anche le pi\u00f9 sensibili, grazie alla sua composizione priva di parabeni, siliconi e solfati. La Saponaria utilizza solo ingredienti provenienti da agricoltura biologica e sostenibile, assicurando un prodotto che rispetta la pelle e l&#8217;ambiente.<\/span><\/p>\n<p><span data-sheets-root=\"1\" data-sheets-value=\"{&quot;1&quot;:2,&quot;2&quot;:&quot;Applicare una piccola quantit\u00e0 di detergente sulla pelle umida, massaggiare delicatamente e risciacquare abbondantemente con acqua. Per un risultato ottimale, utilizzare quotidianamente. Evitare il contatto con gli occhi; in caso di contatto, risciacquare immediatamente.&quot;}\" data-sheets-userformat=\"{&quot;2&quot;:961,&quot;3&quot;:{&quot;1&quot;:0},&quot;9&quot;:1,&quot;10&quot;:1,&quot;11&quot;:4,&quot;12&quot;:0}\">Applicare una piccola quantit\u00e0 di detergente sulla pelle umida, massaggiare delicatamente e risciacquare abbondantemente con acqua. Per un risultato ottimale, utilizzare quotidianamente. Evitare il contatto con gli occhi; in caso di contatto, risciacquare immediatamente.<\/span><\/p>\n<p><span data-sheets-root=\"1\" data-sheets-value=\"{&quot;1&quot;:2,&quot;2&quot;:&quot;Il prodotto \u00e8 confezionato in un flacone da 200 ml realizzato in plastica riciclabile. Dopo l'uso, smaltire il flacone nella raccolta differenziata della plastica. Per ulteriori dettagli sul corretto smaltimento, verificare le disposizioni locali o visitare il sito del produttore.&quot;}\" data-sheets-userformat=\"{&quot;2&quot;:961,&quot;3&quot;:{&quot;1&quot;:0},&quot;9&quot;:1,&quot;10&quot;:1,&quot;11&quot;:4,&quot;12&quot;:0}\">Il prodotto \u00e8 confezionato in un flacone da 200 ml realizzato in plastica riciclabile. Dopo l&#8217;uso, smaltire il flacone nella raccolta differenziata della plastica. Per ulteriori dettagli sul corretto smaltimento, verificare le disposizioni locali o visitare il sito del produttore.<\/span><\/p>","protected":false},"featured_media":8663,"template":"","meta":{"_acf_changed":false,"inline_featured_image":false},"product_brand":[],"product_cat":[29,170],"product_tag":[106,463,464,420,208,465,466,160,467,303],"class_list":{"0":"post-8665","1":"product","2":"type-product","3":"status-publish","4":"has-post-thumbnail","6":"product_cat-cosmesi","7":"product_cat-trattamenti-corpo","8":"product_tag-biologico","9":"product_tag-detergente-corpo","10":"product_tag-iris","11":"product_tag-naturale","12":"product_tag-pelle-luminosa","13":"product_tag-rivitalizzante","14":"product_tag-senza-parabeni","15":"product_tag-senza-siliconi","16":"product_tag-senza-solfati","17":"product_tag-zenzero","19":"first","20":"instock","21":"taxable","22":"shipping-taxable","23":"purchasable","24":"product-type-simple"},"acf":[],"yoast_head":"<!-- This site is optimized with the Yoast SEO plugin v27.3 - https:\/\/yoast.com\/product\/yoast-seo-wordpress\/ -->\n<title>Bio Detergente Corpo Succo di Fiori - \u00c8tico<\/title>\n<meta name=\"robots\" content=\"index, follow, max-snippet:-1, max-image-preview:large, max-video-preview:-1\" \/>\n<link rel=\"canonical\" href=\"https:\/\/eticoshop.it\/en\/negozio\/cosmesi\/trattamenti-corpo\/bio-detergente-corpo-succo-di-fiori\/\" \/>\n<meta property=\"og:locale\" content=\"en_GB\" \/>\n<meta property=\"og:type\" content=\"article\" \/>\n<meta property=\"og:title\" content=\"Bio Detergente Corpo Succo di Fiori - \u00c8tico\" \/>\n<meta property=\"og:description\" content=\"Il Bio Detergente Corpo Succo di Fiori de La Saponaria \u00e8 formulato con tensioattivi delicati di origine naturale, arricchito con estratti di iris e zenzero che nutrono e rivitalizzano la pelle. L&#039;estratto di iris aiuta a mantenere l&#039;elasticit\u00e0 e l&#039;idratazione, mentre lo zenzero \u00e8 noto per le sue propriet\u00e0 tonificanti e antiossidanti. Questo detergente \u00e8 ideale per tutti i tipi di pelle, anche le pi\u00f9 sensibili, grazie alla sua composizione priva di parabeni, siliconi e solfati. La Saponaria utilizza solo ingredienti provenienti da agricoltura biologica e sostenibile, assicurando un prodotto che rispetta la pelle e l&#039;ambiente.  Applicare una piccola quantit\u00e0 di detergente sulla pelle umida, massaggiare delicatamente e risciacquare abbondantemente con acqua. Per un risultato ottimale, utilizzare quotidianamente. Evitare il contatto con gli occhi; in caso di contatto, risciacquare immediatamente.  Il prodotto \u00e8 confezionato in un flacone da 200 ml realizzato in plastica riciclabile. Dopo l&#039;uso, smaltire il flacone nella raccolta differenziata della plastica. Per ulteriori dettagli sul corretto smaltimento, verificare le disposizioni locali o visitare il sito del produttore.\" \/>\n<meta property=\"og:url\" content=\"https:\/\/eticoshop.it\/en\/negozio\/cosmesi\/trattamenti-corpo\/bio-detergente-corpo-succo-di-fiori\/\" \/>\n<meta property=\"og:site_name\" content=\"\u00c8tico\" \/>\n<meta property=\"og:image\" content=\"https:\/\/eticoshop.it\/wp-content\/uploads\/2024\/06\/succo_di_fiori_reduced.webp\" \/>\n\t<meta property=\"og:image:width\" content=\"800\" \/>\n\t<meta property=\"og:image:height\" content=\"800\" \/>\n\t<meta property=\"og:image:type\" content=\"image\/webp\" \/>\n<meta name=\"twitter:card\" content=\"summary_large_image\" \/>\n<meta name=\"twitter:label1\" content=\"Estimated reading time\" \/>\n\t<meta name=\"twitter:data1\" content=\"1 minute\" \/>\n<script type=\"application\/ld+json\" class=\"yoast-schema-graph\">{\"@context\":\"https:\\\/\\\/schema.org\",\"@graph\":[{\"@type\":\"WebPage\",\"@id\":\"https:\\\/\\\/eticoshop.it\\\/negozio\\\/cosmesi\\\/trattamenti-corpo\\\/bio-detergente-corpo-succo-di-fiori\\\/\",\"url\":\"https:\\\/\\\/eticoshop.it\\\/negozio\\\/cosmesi\\\/trattamenti-corpo\\\/bio-detergente-corpo-succo-di-fiori\\\/\",\"name\":\"Bio Detergente Corpo Succo di Fiori - \u00c8tico\",\"isPartOf\":{\"@id\":\"https:\\\/\\\/eticoshop.it\\\/#website\"},\"primaryImageOfPage\":{\"@id\":\"https:\\\/\\\/eticoshop.it\\\/negozio\\\/cosmesi\\\/trattamenti-corpo\\\/bio-detergente-corpo-succo-di-fiori\\\/#primaryimage\"},\"image\":{\"@id\":\"https:\\\/\\\/eticoshop.it\\\/negozio\\\/cosmesi\\\/trattamenti-corpo\\\/bio-detergente-corpo-succo-di-fiori\\\/#primaryimage\"},\"thumbnailUrl\":\"https:\\\/\\\/eticoshop.it\\\/wp-content\\\/uploads\\\/2024\\\/06\\\/succo_di_fiori_reduced.webp\",\"datePublished\":\"2024-06-24T07:32:59+00:00\",\"breadcrumb\":{\"@id\":\"https:\\\/\\\/eticoshop.it\\\/negozio\\\/cosmesi\\\/trattamenti-corpo\\\/bio-detergente-corpo-succo-di-fiori\\\/#breadcrumb\"},\"inLanguage\":\"en-GB\",\"potentialAction\":[{\"@type\":\"ReadAction\",\"target\":[\"https:\\\/\\\/eticoshop.it\\\/negozio\\\/cosmesi\\\/trattamenti-corpo\\\/bio-detergente-corpo-succo-di-fiori\\\/\"]}]},{\"@type\":\"ImageObject\",\"inLanguage\":\"en-GB\",\"@id\":\"https:\\\/\\\/eticoshop.it\\\/negozio\\\/cosmesi\\\/trattamenti-corpo\\\/bio-detergente-corpo-succo-di-fiori\\\/#primaryimage\",\"url\":\"https:\\\/\\\/eticoshop.it\\\/wp-content\\\/uploads\\\/2024\\\/06\\\/succo_di_fiori_reduced.webp\",\"contentUrl\":\"https:\\\/\\\/eticoshop.it\\\/wp-content\\\/uploads\\\/2024\\\/06\\\/succo_di_fiori_reduced.webp\",\"width\":800,\"height\":800,\"caption\":\"succo di fiori\"},{\"@type\":\"BreadcrumbList\",\"@id\":\"https:\\\/\\\/eticoshop.it\\\/negozio\\\/cosmesi\\\/trattamenti-corpo\\\/bio-detergente-corpo-succo-di-fiori\\\/#breadcrumb\",\"itemListElement\":[{\"@type\":\"ListItem\",\"position\":1,\"name\":\"Home\",\"item\":\"https:\\\/\\\/eticoshop.it\\\/\"},{\"@type\":\"ListItem\",\"position\":2,\"name\":\"Shop\",\"item\":\"https:\\\/\\\/eticoshop.it\\\/negozio\\\/\"},{\"@type\":\"ListItem\",\"position\":3,\"name\":\"Cosmesi\",\"item\":\"https:\\\/\\\/eticoshop.it\\\/categoria-prodotto\\\/cosmesi\\\/\"},{\"@type\":\"ListItem\",\"position\":4,\"name\":\"Bio Detergente Corpo Succo di Fiori\"}]},{\"@type\":\"WebSite\",\"@id\":\"https:\\\/\\\/eticoshop.it\\\/#website\",\"url\":\"https:\\\/\\\/eticoshop.it\\\/\",\"name\":\"\u00c8tico\",\"description\":\"\",\"publisher\":{\"@id\":\"https:\\\/\\\/eticoshop.it\\\/#organization\"},\"potentialAction\":[{\"@type\":\"SearchAction\",\"target\":{\"@type\":\"EntryPoint\",\"urlTemplate\":\"https:\\\/\\\/eticoshop.it\\\/?s={search_term_string}\"},\"query-input\":{\"@type\":\"PropertyValueSpecification\",\"valueRequired\":true,\"valueName\":\"search_term_string\"}}],\"inLanguage\":\"en-GB\"},{\"@type\":\"Organization\",\"@id\":\"https:\\\/\\\/eticoshop.it\\\/#organization\",\"name\":\"\u00c8tico\",\"url\":\"https:\\\/\\\/eticoshop.it\\\/\",\"logo\":{\"@type\":\"ImageObject\",\"inLanguage\":\"en-GB\",\"@id\":\"https:\\\/\\\/eticoshop.it\\\/#\\\/schema\\\/logo\\\/image\\\/\",\"url\":\"https:\\\/\\\/eticoshop.it\\\/wp-content\\\/uploads\\\/2023\\\/09\\\/logo-etico.svg\",\"contentUrl\":\"https:\\\/\\\/eticoshop.it\\\/wp-content\\\/uploads\\\/2023\\\/09\\\/logo-etico.svg\",\"width\":973,\"height\":360,\"caption\":\"\u00c8tico\"},\"image\":{\"@id\":\"https:\\\/\\\/eticoshop.it\\\/#\\\/schema\\\/logo\\\/image\\\/\"}}]}<\/script>\n<!-- \/ Yoast SEO plugin. -->","yoast_head_json":{"title":"Bio Detergente Corpo Succo di Fiori - \u00c8tico","robots":{"index":"index","follow":"follow","max-snippet":"max-snippet:-1","max-image-preview":"max-image-preview:large","max-video-preview":"max-video-preview:-1"},"canonical":"https:\/\/eticoshop.it\/en\/negozio\/cosmesi\/trattamenti-corpo\/bio-detergente-corpo-succo-di-fiori\/","og_locale":"en_GB","og_type":"article","og_title":"Bio Detergente Corpo Succo di Fiori - \u00c8tico","og_description":"Il Bio Detergente Corpo Succo di Fiori de La Saponaria \u00e8 formulato con tensioattivi delicati di origine naturale, arricchito con estratti di iris e zenzero che nutrono e rivitalizzano la pelle. L'estratto di iris aiuta a mantenere l'elasticit\u00e0 e l'idratazione, mentre lo zenzero \u00e8 noto per le sue propriet\u00e0 tonificanti e antiossidanti. Questo detergente \u00e8 ideale per tutti i tipi di pelle, anche le pi\u00f9 sensibili, grazie alla sua composizione priva di parabeni, siliconi e solfati. La Saponaria utilizza solo ingredienti provenienti da agricoltura biologica e sostenibile, assicurando un prodotto che rispetta la pelle e l'ambiente.  Applicare una piccola quantit\u00e0 di detergente sulla pelle umida, massaggiare delicatamente e risciacquare abbondantemente con acqua. Per un risultato ottimale, utilizzare quotidianamente. Evitare il contatto con gli occhi; in caso di contatto, risciacquare immediatamente.  Il prodotto \u00e8 confezionato in un flacone da 200 ml realizzato in plastica riciclabile. Dopo l'uso, smaltire il flacone nella raccolta differenziata della plastica. Per ulteriori dettagli sul corretto smaltimento, verificare le disposizioni locali o visitare il sito del produttore.","og_url":"https:\/\/eticoshop.it\/en\/negozio\/cosmesi\/trattamenti-corpo\/bio-detergente-corpo-succo-di-fiori\/","og_site_name":"\u00c8tico","og_image":[{"width":800,"height":800,"url":"https:\/\/eticoshop.it\/wp-content\/uploads\/2024\/06\/succo_di_fiori_reduced.webp","type":"image\/webp"}],"twitter_card":"summary_large_image","twitter_misc":{"Estimated reading time":"1 minute"},"schema":{"@context":"https:\/\/schema.org","@graph":[{"@type":"WebPage","@id":"https:\/\/eticoshop.it\/negozio\/cosmesi\/trattamenti-corpo\/bio-detergente-corpo-succo-di-fiori\/","url":"https:\/\/eticoshop.it\/negozio\/cosmesi\/trattamenti-corpo\/bio-detergente-corpo-succo-di-fiori\/","name":"Bio Detergente Corpo Succo di Fiori - \u00c8tico","isPartOf":{"@id":"https:\/\/eticoshop.it\/#website"},"primaryImageOfPage":{"@id":"https:\/\/eticoshop.it\/negozio\/cosmesi\/trattamenti-corpo\/bio-detergente-corpo-succo-di-fiori\/#primaryimage"},"image":{"@id":"https:\/\/eticoshop.it\/negozio\/cosmesi\/trattamenti-corpo\/bio-detergente-corpo-succo-di-fiori\/#primaryimage"},"thumbnailUrl":"https:\/\/eticoshop.it\/wp-content\/uploads\/2024\/06\/succo_di_fiori_reduced.webp","datePublished":"2024-06-24T07:32:59+00:00","breadcrumb":{"@id":"https:\/\/eticoshop.it\/negozio\/cosmesi\/trattamenti-corpo\/bio-detergente-corpo-succo-di-fiori\/#breadcrumb"},"inLanguage":"en-GB","potentialAction":[{"@type":"ReadAction","target":["https:\/\/eticoshop.it\/negozio\/cosmesi\/trattamenti-corpo\/bio-detergente-corpo-succo-di-fiori\/"]}]},{"@type":"ImageObject","inLanguage":"en-GB","@id":"https:\/\/eticoshop.it\/negozio\/cosmesi\/trattamenti-corpo\/bio-detergente-corpo-succo-di-fiori\/#primaryimage","url":"https:\/\/eticoshop.it\/wp-content\/uploads\/2024\/06\/succo_di_fiori_reduced.webp","contentUrl":"https:\/\/eticoshop.it\/wp-content\/uploads\/2024\/06\/succo_di_fiori_reduced.webp","width":800,"height":800,"caption":"succo di fiori"},{"@type":"BreadcrumbList","@id":"https:\/\/eticoshop.it\/negozio\/cosmesi\/trattamenti-corpo\/bio-detergente-corpo-succo-di-fiori\/#breadcrumb","itemListElement":[{"@type":"ListItem","position":1,"name":"Home","item":"https:\/\/eticoshop.it\/"},{"@type":"ListItem","position":2,"name":"Shop","item":"https:\/\/eticoshop.it\/negozio\/"},{"@type":"ListItem","position":3,"name":"Cosmesi","item":"https:\/\/eticoshop.it\/categoria-prodotto\/cosmesi\/"},{"@type":"ListItem","position":4,"name":"Bio Detergente Corpo Succo di Fiori"}]},{"@type":"WebSite","@id":"https:\/\/eticoshop.it\/#website","url":"https:\/\/eticoshop.it\/","name":"\u00c8tico","description":"","publisher":{"@id":"https:\/\/eticoshop.it\/#organization"},"potentialAction":[{"@type":"SearchAction","target":{"@type":"EntryPoint","urlTemplate":"https:\/\/eticoshop.it\/?s={search_term_string}"},"query-input":{"@type":"PropertyValueSpecification","valueRequired":true,"valueName":"search_term_string"}}],"inLanguage":"en-GB"},{"@type":"Organization","@id":"https:\/\/eticoshop.it\/#organization","name":"\u00c8tico","url":"https:\/\/eticoshop.it\/","logo":{"@type":"ImageObject","inLanguage":"en-GB","@id":"https:\/\/eticoshop.it\/#\/schema\/logo\/image\/","url":"https:\/\/eticoshop.it\/wp-content\/uploads\/2023\/09\/logo-etico.svg","contentUrl":"https:\/\/eticoshop.it\/wp-content\/uploads\/2023\/09\/logo-etico.svg","width":973,"height":360,"caption":"\u00c8tico"},"image":{"@id":"https:\/\/eticoshop.it\/#\/schema\/logo\/image\/"}}]}},"_links":{"self":[{"href":"https:\/\/eticoshop.it\/en\/wp-json\/wp\/v2\/product\/8665","targetHints":{"allow":["GET"]}}],"collection":[{"href":"https:\/\/eticoshop.it\/en\/wp-json\/wp\/v2\/product"}],"about":[{"href":"https:\/\/eticoshop.it\/en\/wp-json\/wp\/v2\/types\/product"}],"wp:featuredmedia":[{"embeddable":true,"href":"https:\/\/eticoshop.it\/en\/wp-json\/wp\/v2\/media\/8663"}],"wp:attachment":[{"href":"https:\/\/eticoshop.it\/en\/wp-json\/wp\/v2\/media?parent=8665"}],"wp:term":[{"taxonomy":"product_brand","embeddable":true,"href":"https:\/\/eticoshop.it\/en\/wp-json\/wp\/v2\/product_brand?post=8665"},{"taxonomy":"product_cat","embeddable":true,"href":"https:\/\/eticoshop.it\/en\/wp-json\/wp\/v2\/product_cat?post=8665"},{"taxonomy":"product_tag","embeddable":true,"href":"https:\/\/eticoshop.it\/en\/wp-json\/wp\/v2\/product_tag?post=8665"}],"curies":[{"name":"wp","href":"https:\/\/api.w.org\/{rel}","templated":true}]}}